{"id":9342,"date":"2022-09-23T16:56:42","date_gmt":"2022-09-23T16:56:42","guid":{"rendered":"https:\/\/gesport.unizar.es\/?page_id=9342"},"modified":"2022-10-26T12:14:54","modified_gmt":"2022-10-26T12:14:54","slug":"acknowledgements","status":"publish","type":"page","link":"https:\/\/gesport.unizar.es\/tr\/acknowledgements\/","title":{"rendered":"TE\u015eEKK\u00dcR B\u00d6L\u00dcM\u00dc\u00a0"},"content":{"rendered":"\n<p>Bu kitab\u0131n yazarlar\u0131, bu projenin ger\u00e7ekle\u015ftirilebilmesine katk\u0131da bulunan herkese \u00f6zel olarak te\u015fekk\u00fcr etmek istemektedir. Leicester \u00dcniversitesi&#8217;nden Profes\u00f6r Dr William Green&#8217;e ve ara\u015ft\u0131rmac\u0131 Dr Rachael Jones&#8217;a projenin son a\u015famalar\u0131n\u0131 tamamlamadaki yard\u0131mlar\u0131ndan dolay\u0131 \u00f6zellikle te\u015fekk\u00fcr etmek isteriz. Ayr\u0131ca projede i\u015fbirli\u011fi yapmay\u0131 kabul eden ve spor organizasyonlar\u0131n\u0131n kurumsal y\u00f6netiminde e\u015fitli\u011fe eri\u015fmek i\u00e7in g\u00f6r\u00fc\u015flerini g\u00f6r\u00fcn\u00fcr k\u0131lman\u0131n yan\u0131 s\u0131ra, deneyimlerini web sitesinde payla\u015fmak \u00fczere videoya kaydetmemize ve be\u015f dile \u00e7evrilmi\u015f bir kitap \u00fcretmemize izin veren t\u00fcm kad\u0131nlara te\u015fekk\u00fcr etmek istiyoruz.<\/p>\n\n\n\n<p>Bununla birlikte y\u00f6netim kurullar\u0131nda yer alan ve anketleri yan\u0131tlayarak g\u00f6r\u00fc\u015flerini bildiren t\u00fcm kat\u0131l\u0131mc\u0131lara da te\u015fekk\u00fcr etmek istiyoruz, \u00e7\u00fcnk\u00fc onlar\u0131n tan\u0131kl\u0131klar\u0131n\u0131 bilerek e\u015fitli\u011fe do\u011fru ilerleyece\u011fimizden eminiz. Ayn\u0131 \u015fekilde, yaz kursu ve uluslararas\u0131 konferans gibi \u00e7oklu etkinliklerin ger\u00e7ekle\u015ftirilmesini m\u00fcmk\u00fcn k\u0131lan t\u00fcm ki\u015filere minnettar\u0131z. Siz olmasan\u0131z bu kongrenin bir anlam\u0131 olmazd\u0131, bu y\u00fczden t\u00fcm kat\u0131l\u0131mc\u0131lara ayr\u0131 ayr\u0131 te\u015fekk\u00fcr ederiz. \u00d6zel olarak bilimsel komitenin bir par\u00e7as\u0131 olan t\u00fcm bilim insanlar\u0131na ve uluslararas\u0131 konferans\u0131n d\u00fczenleme komitesine \u015f\u00fckranlar\u0131m\u0131z\u0131 sunuyoruz.<\/p>\n\n\n\n<p>Kat\u0131l\u0131mlar\u0131 ile e\u011fitim-\u00f6\u011fretim, gen\u00e7lik ve sporun farkl\u0131 alanlar\u0131 aras\u0131nda sinerji yaratmaya hizmet eden \u00f6\u011frencilerin varl\u0131\u011f\u0131ndan da bahsetmek gerekir.<\/p>\n\n\n\n<p>Ve elbette, projenin finansman\u0131 i\u00e7in Avrupa Komisyonu proje program\u0131ndan Erasmus+: Spor &#8211; \u0130\u015fbirli\u011fi Ortakl\u0131klar\u0131na sonsuz te\u015fekk\u00fcr ediyoruz. \u00c7\u00fcnk\u00fc onlar\u0131n deste\u011fi olmadan bu projeyi tamamlamak imk\u00e2ns\u0131z olurdu.<\/p>\n","protected":false},"excerpt":{"rendered":"<p>Bu kitab\u0131n yazarlar\u0131, bu projenin ger\u00e7ekle\u015ftirilebilmesine katk\u0131da bulunan herkese \u00f6zel olarak te\u015fekk\u00fcr etmek istemektedir. Leicester \u00dcniversitesi&#8217;nden Profes\u00f6r Dr William Green&#8217;e ve ara\u015ft\u0131rmac\u0131 Dr Rachael Jones&#8217;a projenin son a\u015famalar\u0131n\u0131 tamamlamadaki yard\u0131mlar\u0131ndan dolay\u0131 \u00f6zellikle te\u015fekk\u00fcr etmek isteriz. Ayr\u0131ca projede i\u015fbirli\u011fi yapmay\u0131 kabul eden ve spor organizasyonlar\u0131n\u0131n kurumsal y\u00f6netiminde e\u015fitli\u011fe eri\u015fmek i\u00e7in g\u00f6r\u00fc\u015flerini g\u00f6r\u00fcn\u00fcr k\u0131lman\u0131n yan\u0131 s\u0131ra, deneyimlerini &hellip;<\/p>\n<p class=\"read-more\"> <a class=\"\" href=\"https:\/\/gesport.unizar.es\/tr\/acknowledgements\/\"> <span class=\"screen-reader-text\">TE\u015eEKK\u00dcR B\u00d6L\u00dcM\u00dc\u00a0<\/span> Read More &raquo;<\/a><\/p>\n","protected":false},"author":3,"featured_media":0,"parent":0,"menu_order":0,"comment_status":"closed","ping_status":"closed","template":"","meta":{"site-sidebar-layout":"default","site-content-layout":"default","ast-global-header-display":"","ast-main-header-display":"","ast-hfb-above-header-display":"","ast-hfb-below-header-display":"","ast-hfb-mobile-header-display":"","site-post-title":"","ast-breadcrumbs-content":"","ast-featured-img":"","footer-sml-layout":"","theme-transparent-header-meta":"","adv-header-id-meta":"","stick-header-meta":"","header-above-stick-meta":"","header-main-stick-meta":"","header-below-stick-meta":""},"translation":{"provider":"WPGlobus","version":"2.10.4","language":"tr","enabled_languages":["gb","es","tr","it","pt"],"languages":{"gb":{"title":true,"content":true,"excerpt":false},"es":{"title":true,"content":true,"excerpt":false},"tr":{"title":true,"content":true,"excerpt":false},"it":{"title":true,"content":true,"excerpt":false},"pt":{"title":true,"content":true,"excerpt":false}}},"yoast_head":"<!-- This site is optimized with the Yoast SEO plugin v19.7.1 - https:\/\/yoast.com\/wordpress\/plugins\/seo\/ -->\n<title>TE\u015eEKK\u00dcR B\u00d6L\u00dcM\u00dc\u00a0 - GESPORT+<\/title>\n<meta name=\"robots\" content=\"index, follow, max-snippet:-1, max-image-preview:large, max-video-preview:-1\" \/>\n<link rel=\"canonical\" href=\"https:\/\/gesport.unizar.es\/acknowledgements\/\" \/>\n<meta property=\"og:locale\" content=\"tr_TR\" \/>\n<meta property=\"og:type\" content=\"article\" \/>\n<meta property=\"og:title\" content=\"TE\u015eEKK\u00dcR B\u00d6L\u00dcM\u00dc\u00a0 - GESPORT+\" \/>\n<meta property=\"og:url\" content=\"https:\/\/gesport.unizar.es\/acknowledgements\/\" \/>\n<meta property=\"og:site_name\" content=\"GESPORT+\" \/>\n<meta property=\"article:modified_time\" content=\"2022-10-26T12:14:54+00:00\" \/>\n<meta name=\"twitter:card\" content=\"summary_large_image\" \/>\n<meta name=\"twitter:label1\" content=\"Est. reading time\" \/>\n\t<meta name=\"twitter:data1\" content=\"2 minutes\" \/>\n<script type=\"application\/ld+json\" class=\"yoast-schema-graph\">{\"@context\":\"https:\/\/schema.org\",\"@graph\":[{\"@type\":\"WebPage\",\"@id\":\"https:\/\/gesport.unizar.es\/acknowledgements\/\",\"url\":\"https:\/\/gesport.unizar.es\/acknowledgements\/\",\"name\":\"TE\u015eEKK\u00dcR B\u00d6L\u00dcM\u00dc\u00a0 - GESPORT+\",\"isPartOf\":{\"@id\":\"https:\/\/gesport.unizar.es\/#website\"},\"datePublished\":\"2022-09-23T16:56:42+00:00\",\"dateModified\":\"2022-10-26T12:14:54+00:00\",\"breadcrumb\":{\"@id\":\"https:\/\/gesport.unizar.es\/acknowledgements\/#breadcrumb\"},\"inLanguage\":\"tr-TR\",\"potentialAction\":[{\"@type\":\"ReadAction\",\"target\":[\"https:\/\/gesport.unizar.es\/acknowledgements\/\"]}]},{\"@type\":\"BreadcrumbList\",\"@id\":\"https:\/\/gesport.unizar.es\/acknowledgements\/#breadcrumb\",\"itemListElement\":[{\"@type\":\"ListItem\",\"position\":1,\"name\":\"Portada\",\"item\":\"https:\/\/gesport.unizar.es\/\"},{\"@type\":\"ListItem\",\"position\":2,\"name\":\"Agradecimientos\"}]},{\"@type\":\"WebSite\",\"@id\":\"https:\/\/gesport.unizar.es\/#website\",\"url\":\"https:\/\/gesport.unizar.es\/\",\"name\":\"GESPORT+\",\"description\":\"Corporate governance in sport organizations:  a gendered approach\",\"publisher\":{\"@id\":\"https:\/\/gesport.unizar.es\/#organization\"},\"potentialAction\":[{\"@type\":\"SearchAction\",\"target\":{\"@type\":\"EntryPoint\",\"urlTemplate\":\"https:\/\/gesport.unizar.es\/?s={search_term_string}\"},\"query-input\":\"required name=search_term_string\"}],\"inLanguage\":\"tr-TR\"},{\"@type\":\"Organization\",\"@id\":\"https:\/\/gesport.unizar.es\/#organization\",\"name\":\"GESPORT Erasmus+\",\"url\":\"https:\/\/gesport.unizar.es\/\",\"sameAs\":[],\"logo\":{\"@type\":\"ImageObject\",\"inLanguage\":\"tr-TR\",\"@id\":\"https:\/\/gesport.unizar.es\/#\/schema\/logo\/image\/\",\"url\":\"http:\/\/gesport.unizar.es\/wp-content\/uploads\/2018\/12\/4.jpg\",\"contentUrl\":\"http:\/\/gesport.unizar.es\/wp-content\/uploads\/2018\/12\/4.jpg\",\"width\":400,\"height\":400,\"caption\":\"GESPORT Erasmus+\"},\"image\":{\"@id\":\"https:\/\/gesport.unizar.es\/#\/schema\/logo\/image\/\"}}]}<\/script>\n<!-- \/ Yoast SEO plugin. -->","yoast_head_json":{"title":"TE\u015eEKK\u00dcR B\u00d6L\u00dcM\u00dc\u00a0 - GESPORT+","robots":{"index":"index","follow":"follow","max-snippet":"max-snippet:-1","max-image-preview":"max-image-preview:large","max-video-preview":"max-video-preview:-1"},"canonical":"https:\/\/gesport.unizar.es\/acknowledgements\/","og_locale":"tr_TR","og_type":"article","og_title":"TE\u015eEKK\u00dcR B\u00d6L\u00dcM\u00dc\u00a0 - GESPORT+","og_url":"https:\/\/gesport.unizar.es\/acknowledgements\/","og_site_name":"GESPORT+","article_modified_time":"2022-10-26T12:14:54+00:00","twitter_card":"summary_large_image","twitter_misc":{"Est. reading time":"2 minutes"},"schema":{"@context":"https:\/\/schema.org","@graph":[{"@type":"WebPage","@id":"https:\/\/gesport.unizar.es\/acknowledgements\/","url":"https:\/\/gesport.unizar.es\/acknowledgements\/","name":"TE\u015eEKK\u00dcR B\u00d6L\u00dcM\u00dc\u00a0 - GESPORT+","isPartOf":{"@id":"https:\/\/gesport.unizar.es\/#website"},"datePublished":"2022-09-23T16:56:42+00:00","dateModified":"2022-10-26T12:14:54+00:00","breadcrumb":{"@id":"https:\/\/gesport.unizar.es\/acknowledgements\/#breadcrumb"},"inLanguage":"tr-TR","potentialAction":[{"@type":"ReadAction","target":["https:\/\/gesport.unizar.es\/acknowledgements\/"]}]},{"@type":"BreadcrumbList","@id":"https:\/\/gesport.unizar.es\/acknowledgements\/#breadcrumb","itemListElement":[{"@type":"ListItem","position":1,"name":"Portada","item":"https:\/\/gesport.unizar.es\/"},{"@type":"ListItem","position":2,"name":"Agradecimientos"}]},{"@type":"WebSite","@id":"https:\/\/gesport.unizar.es\/#website","url":"https:\/\/gesport.unizar.es\/","name":"GESPORT+","description":"Corporate governance in sport organizations:  a gendered approach","publisher":{"@id":"https:\/\/gesport.unizar.es\/#organization"},"potentialAction":[{"@type":"SearchAction","target":{"@type":"EntryPoint","urlTemplate":"https:\/\/gesport.unizar.es\/?s={search_term_string}"},"query-input":"required name=search_term_string"}],"inLanguage":"tr-TR"},{"@type":"Organization","@id":"https:\/\/gesport.unizar.es\/#organization","name":"GESPORT Erasmus+","url":"https:\/\/gesport.unizar.es\/","sameAs":[],"logo":{"@type":"ImageObject","inLanguage":"tr-TR","@id":"https:\/\/gesport.unizar.es\/#\/schema\/logo\/image\/","url":"http:\/\/gesport.unizar.es\/wp-content\/uploads\/2018\/12\/4.jpg","contentUrl":"http:\/\/gesport.unizar.es\/wp-content\/uploads\/2018\/12\/4.jpg","width":400,"height":400,"caption":"GESPORT Erasmus+"},"image":{"@id":"https:\/\/gesport.unizar.es\/#\/schema\/logo\/image\/"}}]}},"_links":{"self":[{"href":"https:\/\/gesport.unizar.es\/tr\/wp-json\/wp\/v2\/pages\/9342"}],"collection":[{"href":"https:\/\/gesport.unizar.es\/tr\/wp-json\/wp\/v2\/pages"}],"about":[{"href":"https:\/\/gesport.unizar.es\/tr\/wp-json\/wp\/v2\/types\/page"}],"author":[{"embeddable":true,"href":"https:\/\/gesport.unizar.es\/tr\/wp-json\/wp\/v2\/users\/3"}],"replies":[{"embeddable":true,"href":"https:\/\/gesport.unizar.es\/tr\/wp-json\/wp\/v2\/comments?post=9342"}],"version-history":[{"count":28,"href":"https:\/\/gesport.unizar.es\/tr\/wp-json\/wp\/v2\/pages\/9342\/revisions"}],"predecessor-version":[{"id":10449,"href":"https:\/\/gesport.unizar.es\/tr\/wp-json\/wp\/v2\/pages\/9342\/revisions\/10449"}],"wp:attachment":[{"href":"https:\/\/gesport.unizar.es\/tr\/wp-json\/wp\/v2\/media?parent=9342"}],"curies":[{"name":"wp","href":"https:\/\/api.w.org\/{rel}","templated":true}]}}