{"id":8789,"date":"2022-08-02T12:25:15","date_gmt":"2022-08-02T12:25:15","guid":{"rendered":"https:\/\/gesport.unizar.es\/?page_id=8789"},"modified":"2023-06-26T00:42:37","modified_gmt":"2023-06-26T00:42:37","slug":"article-a-cross-country-analysis-of-the-impacts-of-gender-targets-on-the-boards-diversity-of-the-nsfs","status":"publish","type":"page","link":"https:\/\/gesport.unizar.es\/tr\/article-a-cross-country-analysis-of-the-impacts-of-gender-targets-on-the-boards-diversity-of-the-nsfs\/","title":{"rendered":"Ortak makale: Cinsiyet Hedeflerinin Ulusal Spor Federasyonlar\u0131n\u0131n Kurul \u00c7e\u015fitlili\u011fi \u00dczerindeki Etkilerinin \u00dclkeler Aras\u0131 Analizi\ufffc"},"content":{"rendered":"\n<p>Fikri \u00c7\u0131kt\u0131 12&#8217;yi olu\u015fturan ortak makalenin ba\u015fl\u0131\u011f\u0131 \u201cCinsiyet Hedeflerinin Ulusal Spor Federasyonlar\u0131n\u0131n Kurul \u00c7e\u015fitlili\u011fi \u00dczerindeki Etkilerinin \u00dclkeler Aras\u0131 Analizi&#8221;dir. Makalenin amac\u0131, \u00f6rg\u00fctlerin y\u00f6netim kurullar\u0131nda toplumsal cinsiyet e\u015fitli\u011fini te\u015fvik etmek i\u00e7in mevcut ara\u00e7lar\u0131n etkinli\u011fine ili\u015fkin bilimsel tart\u0131\u015fmaya katk\u0131da bulunmak ve ayn\u0131 zamanda bu tart\u0131\u015fmay\u0131 spor federasyonlar\u0131 d\u00fcnyas\u0131nda ba\u011flamsalla\u015ft\u0131rmakt\u0131r. Literat\u00fcrde kad\u0131n varl\u0131\u011f\u0131n\u0131 destekleyen iki politika bir s\u00fcredir yer almaktad\u0131r. Bunlar; bir yandan zorunlu cinsiyet kotalar\u0131n\u0131n getirilmesi, di\u011fer yandan da g\u00f6n\u00fcll\u00fc olarak ula\u015f\u0131lacak kad\u0131n varl\u0131\u011f\u0131 hedeflerinin uygulanmas\u0131d\u0131r.<\/p>\n\n\n\n<p>Literat\u00fcr her iki \u00f6nlemi savunmakla birlikte kar\u015f\u0131 da \u00e7\u0131kmaktad\u0131r. Ancak bu tart\u0131\u015fma her ikisi de zaten uygulanm\u0131\u015f olmas\u0131na ra\u011fmen, spor d\u00fcnyas\u0131nda hi\u00e7bir zaman ele al\u0131nmam\u0131\u015ft\u0131r. Baz\u0131 \u00fclkeler asl\u0131nda USF\u2019ler i\u00e7in zorunlu cinsiyet kotalar\u0131n\u0131 denemektedirler. \u00d6te yandan Uluslararas\u0131 Olimpiyat Komitesi, 2000 y\u0131l\u0131ndan bu yana USF\u2019ler i\u00e7in cinsiyet hedeflerini d\u00fcnya \u00e7ap\u0131nda olduk\u00e7a hayal k\u0131r\u0131kl\u0131\u011f\u0131 yaratan sonu\u00e7larla ortaya koymu\u015ftur.<\/p>\n\n\n\n<p>Makale, GESPORT projesine kat\u0131lan be\u015f \u00fclkedeki \u2013BK, \u0130talya, \u0130spanya, Portekiz ve T\u00fcrkiye- USF\u2019lerin, Uluslararas\u0131 Olimpiyat Komitesi taraf\u0131ndan 2000 y\u0131l\u0131nda \u00f6nerilen en az %20 kad\u0131n y\u00f6neticiye sahip olma hedefine ne \u00f6l\u00e7\u00fcde uydu\u011funu tespit etmeye de y\u00f6neliktir. USF&#8217;lerin y\u00f6netim kurullar\u0131ndaki kad\u0131n y\u00fczdesi ile kurulun b\u00fcy\u00fckl\u00fc\u011f\u00fc, federasyonun ya\u015f\u0131 ve men\u015fei \u00fclkenin ba\u015far\u0131s\u0131nda bir rol oynam\u0131\u015f olabilece\u011fi de ara\u015ft\u0131r\u0131lm\u0131\u015ft\u0131r. Ara\u015ft\u0131rmada ilk iki de\u011fi\u015fken se\u00e7ilmi\u015ftir \u00e7\u00fcnk\u00fc kurumsal y\u00f6netim organlar\u0131ndaki cinsiyet \u00e7e\u015fitlili\u011fi ile ilgili literat\u00fcr genellikle onlarla ba\u011flant\u0131lar\u0131 tan\u0131mlamaktad\u0131r. \u00dc\u00e7\u00fcnc\u00fc de\u011fi\u015fken, federasyonlar\u0131n \u00fclkeye \u00f6zg\u00fc farkl\u0131l\u0131klar\u0131n\u0131 bir araya getirme i\u015flevine sahiptir. Bu ama\u00e7la, 297 USF \u2013bu rakan be\u015f \u00fclkenin federasyonlar\u0131n\u0131n neredeyse tamam\u0131na e\u015fittir- \u00f6rneklemine ikili lojistik regresyon uygulanm\u0131\u015ft\u0131r. Bu \u00e7al\u0131\u015fma i\u00e7in kullan\u0131lan veriler 2018 y\u0131l\u0131nda federasyonlar\u0131n internet sitelerinden toplanm\u0131\u015ft\u0131r ve veri taban\u0131 1&#8217;in bir par\u00e7as\u0131d\u0131r.<\/p>\n\n\n\n<p>Daha \u00f6nceki \u00e7al\u0131\u015fmalarda da yer ald\u0131\u011f\u0131 \u00fczere bu ara\u015ft\u0131rma, Uluslararas\u0131 Olimpiyat Komitesi taraf\u0131ndan belirlenen hedefe \u00f6rneklemin sadece %45,1&#8217;inin eri\u015fmesinden dolay\u0131 genel olarak ula\u015f\u0131lmad\u0131\u011f\u0131n\u0131 do\u011frulamaktad\u0131r. Ayr\u0131ca federasyonun ya\u015f\u0131 \u00f6nemsiz olmakla birlikte, federasyonun b\u00fcy\u00fckl\u00fc\u011f\u00fc ve bunun \u0130talya, Portekiz veya T\u00fcrkiye\u2019deki bir federasyonu olmas\u0131, hedefin ger\u00e7ekle\u015fme olas\u0131l\u0131\u011f\u0131n\u0131 olumsuz olarak g\u00f6stermektedir. \u00c7\u00fcnk\u00fc s\u00f6z konusu \u00fc\u00e7 \u00fclkenin \u0130spanya ve BK\u2019den farkl\u0131 olarak, incelenen d\u00f6nemde herhangi bir cinsiyet kotas\u0131 yoktur. Bu sonu\u00e7, cinsiyet e\u015fitli\u011fini te\u015fvik etmek i\u00e7in iki \u00f6nlemin ortak kullan\u0131m\u0131n\u0131 yans\u0131maktad\u0131r.<\/p>\n\n\n\n<p>Bu \u00e7al\u0131\u015fman\u0131n temel anlam\u0131, e\u011fer ama\u00e7 sporun y\u00f6netim organlar\u0131nda cinsiyet \u00e7e\u015fitlili\u011fini te\u015fvik etmek ise Uluslararas\u0131 Olimpiyat Komitesi gibi yetkili bir organ taraf\u0131ndan \u00f6nerilse dahi basit hedef belirlemenin etkili olmad\u0131\u011f\u0131d\u0131r. \u00c7al\u0131\u015fma, en az\u0131ndan uluslararas\u0131 spor y\u00f6netim sistemi ba\u011flam\u0131nda kurullardaki kad\u0131nlar\u0131n y\u00fczdesini art\u0131rmak i\u00e7in iki d\u00fczenleyici m\u00fcdahale bi\u00e7iminin tamamlay\u0131c\u0131 bir \u015fekilde kullan\u0131lmas\u0131 ihtimalini te\u015fvik eden, kotaya kar\u015f\u0131 hedef tart\u0131\u015fmas\u0131na meydan okumaktad\u0131r. Spor y\u00f6netimindeki cinsiyet sorunu, farkl\u0131 ulusal ve uluslararas\u0131 kurumsal seviyeleri kapsayan ve her ikisini birle\u015ftiren, \u00f6z d\u00fczenleme ve zorlama \u00fczerindeki bask\u0131y\u0131 bir araya getiren \u00e7e\u015fitli d\u00fczenleyici m\u00fcdahalelerin bir mimarisini gerektirmektedir.<\/p>\n\n\n\n<p>Bu makalenin \u00f6n bask\u0131 s\u00fcr\u00fcm\u00fc Zenodo, ResearchGate ve proje web sitesinden indirilebilir.<\/p>\n\n\n\n<pre class=\"wp-block-preformatted\">Cinsiyet hedeflerinin ulusal spor federasyonlar\u0131n\u0131n y\u00f6netim kurullar\u0131n\u0131n \u00e7e\u015fitlili\u011fi \u00fczerindeki etkilerinin \u00fclkeler aras\u0131 analizi. DOI: \n10.5281\/zenodo.6851273 \n\n<\/pre>\n\n\n\n<div class=\"wp-block-file\"><object class=\"wp-block-file__embed\" data=\"https:\/\/gesport.unizar.es\/wp-content\/uploads\/2023\/06\/Esteban-et-al_2022_1-2.pdf\" type=\"application\/pdf\" style=\"width:100%;height:600px\" aria-label=\"Incrustado de Esteban et al_2022_1.\"><\/object><a id=\"wp-block-file--media-0512848c-b738-4b74-b8e8-0fcc34c5dc70\" href=\"https:\/\/gesport.unizar.es\/wp-content\/uploads\/2023\/06\/Esteban-et-al_2022_1-2.pdf\">Esteban et al_2022_1<\/a><a href=\"https:\/\/gesport.unizar.es\/wp-content\/uploads\/2023\/06\/Esteban-et-al_2022_1-2.pdf\" class=\"wp-block-file__button\" download aria-describedby=\"wp-block-file--media-0512848c-b738-4b74-b8e8-0fcc34c5dc70\">Descarga<\/a><\/div>\n","protected":false},"excerpt":{"rendered":"<p>Fikri \u00c7\u0131kt\u0131 12&#8217;yi olu\u015fturan ortak makalenin ba\u015fl\u0131\u011f\u0131 \u201cCinsiyet Hedeflerinin Ulusal Spor Federasyonlar\u0131n\u0131n Kurul \u00c7e\u015fitlili\u011fi \u00dczerindeki Etkilerinin \u00dclkeler Aras\u0131 Analizi&#8221;dir. Makalenin amac\u0131, \u00f6rg\u00fctlerin y\u00f6netim kurullar\u0131nda toplumsal cinsiyet e\u015fitli\u011fini te\u015fvik etmek i\u00e7in mevcut ara\u00e7lar\u0131n etkinli\u011fine ili\u015fkin bilimsel tart\u0131\u015fmaya katk\u0131da bulunmak ve ayn\u0131 zamanda bu tart\u0131\u015fmay\u0131 spor federasyonlar\u0131 d\u00fcnyas\u0131nda ba\u011flamsalla\u015ft\u0131rmakt\u0131r. Literat\u00fcrde kad\u0131n varl\u0131\u011f\u0131n\u0131 destekleyen iki politika bir s\u00fcredir &hellip;<\/p>\n<p class=\"read-more\"> <a class=\"\" href=\"https:\/\/gesport.unizar.es\/tr\/article-a-cross-country-analysis-of-the-impacts-of-gender-targets-on-the-boards-diversity-of-the-nsfs\/\"> <span class=\"screen-reader-text\">Ortak makale: Cinsiyet Hedeflerinin Ulusal Spor Federasyonlar\u0131n\u0131n Kurul \u00c7e\u015fitlili\u011fi \u00dczerindeki Etkilerinin \u00dclkeler Aras\u0131 Analizi\ufffc<\/span> Read More &raquo;<\/a><\/p>\n","protected":false},"author":3,"featured_media":0,"parent":0,"menu_order":0,"comment_status":"closed","ping_status":"closed","template":"","meta":{"site-sidebar-layout":"default","site-content-layout":"default","ast-global-header-display":"","ast-main-header-display":"","ast-hfb-above-header-display":"","ast-hfb-below-header-display":"","ast-hfb-mobile-header-display":"","site-post-title":"","ast-breadcrumbs-content":"","ast-featured-img":"","footer-sml-layout":"","theme-transparent-header-meta":"","adv-header-id-meta":"","stick-header-meta":"","header-above-stick-meta":"","header-main-stick-meta":"","header-below-stick-meta":""},"translation":{"provider":"WPGlobus","version":"2.10.4","language":"tr","enabled_languages":["gb","es","tr","it","pt"],"languages":{"gb":{"title":true,"content":true,"excerpt":false},"es":{"title":true,"content":true,"excerpt":false},"tr":{"title":true,"content":true,"excerpt":false},"it":{"title":false,"content":true,"excerpt":false},"pt":{"title":true,"content":true,"excerpt":false}}},"yoast_head":"<!-- This site is optimized with the Yoast SEO plugin v19.7.1 - https:\/\/yoast.com\/wordpress\/plugins\/seo\/ -->\n<title>Ortak makale: Cinsiyet Hedeflerinin Ulusal Spor Federasyonlar\u0131n\u0131n Kurul \u00c7e\u015fitlili\u011fi \u00dczerindeki Etkilerinin \u00dclkeler Aras\u0131 Analizi\ufffc - GESPORT+<\/title>\n<meta name=\"robots\" content=\"index, follow, max-snippet:-1, max-image-preview:large, max-video-preview:-1\" \/>\n<link rel=\"canonical\" href=\"https:\/\/gesport.unizar.es\/article-a-cross-country-analysis-of-the-impacts-of-gender-targets-on-the-boards-diversity-of-the-nsfs\/\" \/>\n<meta property=\"og:locale\" content=\"tr_TR\" \/>\n<meta property=\"og:type\" content=\"article\" \/>\n<meta property=\"og:title\" content=\"Ortak makale: Cinsiyet Hedeflerinin Ulusal Spor Federasyonlar\u0131n\u0131n Kurul \u00c7e\u015fitlili\u011fi \u00dczerindeki Etkilerinin \u00dclkeler Aras\u0131 Analizi\ufffc - GESPORT+\" \/>\n<meta property=\"og:url\" content=\"https:\/\/gesport.unizar.es\/article-a-cross-country-analysis-of-the-impacts-of-gender-targets-on-the-boards-diversity-of-the-nsfs\/\" \/>\n<meta property=\"og:site_name\" content=\"GESPORT+\" \/>\n<meta property=\"article:modified_time\" content=\"2023-06-26T00:42:37+00:00\" \/>\n<meta name=\"twitter:card\" content=\"summary_large_image\" \/>\n<meta name=\"twitter:label1\" content=\"Est. reading time\" \/>\n\t<meta name=\"twitter:data1\" content=\"3 minutes\" \/>\n<script type=\"application\/ld+json\" class=\"yoast-schema-graph\">{\"@context\":\"https:\/\/schema.org\",\"@graph\":[{\"@type\":\"WebPage\",\"@id\":\"https:\/\/gesport.unizar.es\/article-a-cross-country-analysis-of-the-impacts-of-gender-targets-on-the-boards-diversity-of-the-nsfs\/\",\"url\":\"https:\/\/gesport.unizar.es\/article-a-cross-country-analysis-of-the-impacts-of-gender-targets-on-the-boards-diversity-of-the-nsfs\/\",\"name\":\"Ortak makale: Cinsiyet Hedeflerinin Ulusal Spor Federasyonlar\u0131n\u0131n Kurul \u00c7e\u015fitlili\u011fi \u00dczerindeki Etkilerinin \u00dclkeler Aras\u0131 Analizi\ufffc - GESPORT+\",\"isPartOf\":{\"@id\":\"https:\/\/gesport.unizar.es\/#website\"},\"datePublished\":\"2022-08-02T12:25:15+00:00\",\"dateModified\":\"2023-06-26T00:42:37+00:00\",\"breadcrumb\":{\"@id\":\"https:\/\/gesport.unizar.es\/article-a-cross-country-analysis-of-the-impacts-of-gender-targets-on-the-boards-diversity-of-the-nsfs\/#breadcrumb\"},\"inLanguage\":\"tr-TR\",\"potentialAction\":[{\"@type\":\"ReadAction\",\"target\":[\"https:\/\/gesport.unizar.es\/article-a-cross-country-analysis-of-the-impacts-of-gender-targets-on-the-boards-diversity-of-the-nsfs\/\"]}]},{\"@type\":\"BreadcrumbList\",\"@id\":\"https:\/\/gesport.unizar.es\/article-a-cross-country-analysis-of-the-impacts-of-gender-targets-on-the-boards-diversity-of-the-nsfs\/#breadcrumb\",\"itemListElement\":[{\"@type\":\"ListItem\",\"position\":1,\"name\":\"Portada\",\"item\":\"https:\/\/gesport.unizar.es\/\"},{\"@type\":\"ListItem\",\"position\":2,\"name\":\"Art\u00edculo: Un an\u00e1lisis transnacional de los efectos de los objetivos de g\u00e9nero en la diversidad de las juntas directivas de las federaciones nacionales deportivas\ufffc\"}]},{\"@type\":\"WebSite\",\"@id\":\"https:\/\/gesport.unizar.es\/#website\",\"url\":\"https:\/\/gesport.unizar.es\/\",\"name\":\"GESPORT+\",\"description\":\"Corporate governance in sport organizations:  a gendered approach\",\"publisher\":{\"@id\":\"https:\/\/gesport.unizar.es\/#organization\"},\"potentialAction\":[{\"@type\":\"SearchAction\",\"target\":{\"@type\":\"EntryPoint\",\"urlTemplate\":\"https:\/\/gesport.unizar.es\/?s={search_term_string}\"},\"query-input\":\"required name=search_term_string\"}],\"inLanguage\":\"tr-TR\"},{\"@type\":\"Organization\",\"@id\":\"https:\/\/gesport.unizar.es\/#organization\",\"name\":\"GESPORT Erasmus+\",\"url\":\"https:\/\/gesport.unizar.es\/\",\"sameAs\":[],\"logo\":{\"@type\":\"ImageObject\",\"inLanguage\":\"tr-TR\",\"@id\":\"https:\/\/gesport.unizar.es\/#\/schema\/logo\/image\/\",\"url\":\"http:\/\/gesport.unizar.es\/wp-content\/uploads\/2018\/12\/4.jpg\",\"contentUrl\":\"http:\/\/gesport.unizar.es\/wp-content\/uploads\/2018\/12\/4.jpg\",\"width\":400,\"height\":400,\"caption\":\"GESPORT Erasmus+\"},\"image\":{\"@id\":\"https:\/\/gesport.unizar.es\/#\/schema\/logo\/image\/\"}}]}<\/script>\n<!-- \/ Yoast SEO plugin. -->","yoast_head_json":{"title":"Ortak makale: Cinsiyet Hedeflerinin Ulusal Spor Federasyonlar\u0131n\u0131n Kurul \u00c7e\u015fitlili\u011fi \u00dczerindeki Etkilerinin \u00dclkeler Aras\u0131 Analizi\ufffc - GESPORT+","robots":{"index":"index","follow":"follow","max-snippet":"max-snippet:-1","max-image-preview":"max-image-preview:large","max-video-preview":"max-video-preview:-1"},"canonical":"https:\/\/gesport.unizar.es\/article-a-cross-country-analysis-of-the-impacts-of-gender-targets-on-the-boards-diversity-of-the-nsfs\/","og_locale":"tr_TR","og_type":"article","og_title":"Ortak makale: Cinsiyet Hedeflerinin Ulusal Spor Federasyonlar\u0131n\u0131n Kurul \u00c7e\u015fitlili\u011fi \u00dczerindeki Etkilerinin \u00dclkeler Aras\u0131 Analizi\ufffc - GESPORT+","og_url":"https:\/\/gesport.unizar.es\/article-a-cross-country-analysis-of-the-impacts-of-gender-targets-on-the-boards-diversity-of-the-nsfs\/","og_site_name":"GESPORT+","article_modified_time":"2023-06-26T00:42:37+00:00","twitter_card":"summary_large_image","twitter_misc":{"Est. reading time":"3 minutes"},"schema":{"@context":"https:\/\/schema.org","@graph":[{"@type":"WebPage","@id":"https:\/\/gesport.unizar.es\/article-a-cross-country-analysis-of-the-impacts-of-gender-targets-on-the-boards-diversity-of-the-nsfs\/","url":"https:\/\/gesport.unizar.es\/article-a-cross-country-analysis-of-the-impacts-of-gender-targets-on-the-boards-diversity-of-the-nsfs\/","name":"Ortak makale: Cinsiyet Hedeflerinin Ulusal Spor Federasyonlar\u0131n\u0131n Kurul \u00c7e\u015fitlili\u011fi \u00dczerindeki Etkilerinin \u00dclkeler Aras\u0131 Analizi\ufffc - GESPORT+","isPartOf":{"@id":"https:\/\/gesport.unizar.es\/#website"},"datePublished":"2022-08-02T12:25:15+00:00","dateModified":"2023-06-26T00:42:37+00:00","breadcrumb":{"@id":"https:\/\/gesport.unizar.es\/article-a-cross-country-analysis-of-the-impacts-of-gender-targets-on-the-boards-diversity-of-the-nsfs\/#breadcrumb"},"inLanguage":"tr-TR","potentialAction":[{"@type":"ReadAction","target":["https:\/\/gesport.unizar.es\/article-a-cross-country-analysis-of-the-impacts-of-gender-targets-on-the-boards-diversity-of-the-nsfs\/"]}]},{"@type":"BreadcrumbList","@id":"https:\/\/gesport.unizar.es\/article-a-cross-country-analysis-of-the-impacts-of-gender-targets-on-the-boards-diversity-of-the-nsfs\/#breadcrumb","itemListElement":[{"@type":"ListItem","position":1,"name":"Portada","item":"https:\/\/gesport.unizar.es\/"},{"@type":"ListItem","position":2,"name":"Art\u00edculo: Un an\u00e1lisis transnacional de los efectos de los objetivos de g\u00e9nero en la diversidad de las juntas directivas de las federaciones nacionales deportivas\ufffc"}]},{"@type":"WebSite","@id":"https:\/\/gesport.unizar.es\/#website","url":"https:\/\/gesport.unizar.es\/","name":"GESPORT+","description":"Corporate governance in sport organizations:  a gendered approach","publisher":{"@id":"https:\/\/gesport.unizar.es\/#organization"},"potentialAction":[{"@type":"SearchAction","target":{"@type":"EntryPoint","urlTemplate":"https:\/\/gesport.unizar.es\/?s={search_term_string}"},"query-input":"required name=search_term_string"}],"inLanguage":"tr-TR"},{"@type":"Organization","@id":"https:\/\/gesport.unizar.es\/#organization","name":"GESPORT Erasmus+","url":"https:\/\/gesport.unizar.es\/","sameAs":[],"logo":{"@type":"ImageObject","inLanguage":"tr-TR","@id":"https:\/\/gesport.unizar.es\/#\/schema\/logo\/image\/","url":"http:\/\/gesport.unizar.es\/wp-content\/uploads\/2018\/12\/4.jpg","contentUrl":"http:\/\/gesport.unizar.es\/wp-content\/uploads\/2018\/12\/4.jpg","width":400,"height":400,"caption":"GESPORT Erasmus+"},"image":{"@id":"https:\/\/gesport.unizar.es\/#\/schema\/logo\/image\/"}}]}},"_links":{"self":[{"href":"https:\/\/gesport.unizar.es\/tr\/wp-json\/wp\/v2\/pages\/8789"}],"collection":[{"href":"https:\/\/gesport.unizar.es\/tr\/wp-json\/wp\/v2\/pages"}],"about":[{"href":"https:\/\/gesport.unizar.es\/tr\/wp-json\/wp\/v2\/types\/page"}],"author":[{"embeddable":true,"href":"https:\/\/gesport.unizar.es\/tr\/wp-json\/wp\/v2\/users\/3"}],"replies":[{"embeddable":true,"href":"https:\/\/gesport.unizar.es\/tr\/wp-json\/wp\/v2\/comments?post=8789"}],"version-history":[{"count":31,"href":"https:\/\/gesport.unizar.es\/tr\/wp-json\/wp\/v2\/pages\/8789\/revisions"}],"predecessor-version":[{"id":10936,"href":"https:\/\/gesport.unizar.es\/tr\/wp-json\/wp\/v2\/pages\/8789\/revisions\/10936"}],"wp:attachment":[{"href":"https:\/\/gesport.unizar.es\/tr\/wp-json\/wp\/v2\/media?parent=8789"}],"curies":[{"name":"wp","href":"https:\/\/api.w.org\/{rel}","templated":true}]}}