{"id":8785,"date":"2022-08-02T12:18:45","date_gmt":"2022-08-02T12:18:45","guid":{"rendered":"https:\/\/gesport.unizar.es\/?page_id=8785"},"modified":"2023-06-12T16:57:07","modified_gmt":"2023-06-12T16:57:07","slug":"book-analysis-of-gender-equality-policies-in-the-boards-of-directors-of-nsfs","status":"publish","type":"page","link":"https:\/\/gesport.unizar.es\/tr\/book-analysis-of-gender-equality-policies-in-the-boards-of-directors-of-nsfs\/","title":{"rendered":"Surveys report: Analysis of gender equality policies on the boards of directors of national sports federations: an exploratory analysis\ufffc"},"content":{"rendered":"\n<p>Anket ile olu\u015fturulan veri taban\u0131 arac\u0131l\u0131\u011f\u0131yla \u201cUlusal spor federasyonlar\u0131n\u0131n y\u00f6netim kurullar\u0131nda toplumsal cinsiyet e\u015fitli\u011fi politikalar\u0131n\u0131n analizi: Ke\u015fifsel bir analizi&#8221; (ISBN: 978-84-18321-57-3, DOI:&nbsp; https:\/\/doi.org\/10.26754\/uz.978-84-18321-57-3) isimli anket raporunu haz\u0131rlad\u0131k. Bu \u00e7al\u0131\u015fma, projede yer alan be\u015f Avrupa \u00fclkesindeki (BK, \u0130talya, \u0130spanya, Portekiz ve T\u00fcrkiye) USF\u2019lerin kurullar\u0131ndaki cinsiyet e\u015fitli\u011fi politikalar\u0131n\u0131 analiz etmektedir. Kitap, USF i\u00e7indeki toplumsal cinsiyet ili\u015fkilerinin do\u011fas\u0131n\u0131 ve spor kurullar\u0131n\u0131n cinsiyet \u00e7e\u015fitlili\u011fine ili\u015fkin benimsedi\u011fi toplumsal cinsiyet politikalar\u0131n\u0131 belirlemeyi ama\u00e7lamaktad\u0131r. Bu nedenle, May\u0131s 2021 &#8211; Mart 2022 tarihleri aras\u0131nda t\u00fcm spor kurullar\u0131n\u0131n \u00fcyelerine Connell modeline (2002) g\u00f6re d\u00f6rt cinsiyet boyutundan -\u00fcretim ili\u015fkileri, g\u00fc\u00e7 ili\u015fkileri, duygusal ili\u015fkiler ve sembolik boyutlar- esinlenerek belirlenen 41 sorudan olu\u015fan \u00e7evrimi\u00e7i bir anket uygulanm\u0131\u015ft\u0131r.<\/p>\n\n\n\n<p>Bu \u00e7al\u0131\u015fma ile be\u015f Avrupa \u00fclkesinin spor federasyonlar\u0131nda y\u00fcr\u00fct\u00fclmekte olan toplumsal cinsiyet politikalar\u0131 hakk\u0131ndaki bilgileri derinle\u015ftirmeye \u00e7al\u0131\u015ft\u0131k. Verilere y\u00f6nelik bu ilk ve tan\u0131mlay\u0131c\u0131 yakla\u015f\u0131m, USF y\u00f6neticileri aras\u0131nda cinsiyet politikalar\u0131 ve spor kurullar\u0131n\u0131n karar alma s\u00fcre\u00e7lerine kad\u0131nlar\u0131n kat\u0131l\u0131m\u0131n\u0131 te\u015fvik etme konusundaki endi\u015felerine y\u00f6nelik artan bir fark\u0131ndal\u0131k oldu\u011funu ortaya koymaktad\u0131r. Genel olarak anketi yan\u0131tlayanlar, federasyon y\u00f6netim kurulunun karar alma s\u00fcre\u00e7lerine kad\u0131nlar\u0131n kat\u0131l\u0131m\u0131n\u0131 destekledi\u011fine inanmaktad\u0131r. Ayr\u0131ca &nbsp;kat\u0131l\u0131mc\u0131lar, son 15 y\u0131lda y\u00f6netim kurullar\u0131nda kad\u0131n ve erkek ili\u015fkilerinin y\u00f6netim kurullar\u0131nda daha e\u015fit hale geldi\u011fini, en b\u00fcy\u00fck geli\u015fmeyi \u0130spanyollar\u0131n ve ard\u0131ndan BK\u2019nin izledi\u011fini d\u00fc\u015f\u00fcn\u00fcyorlar. Bu ara\u015ft\u0131rma Uluslararas\u0131 Olimpiyat Komitesi&#8217;nin USF\u2019lerde kad\u0131nlar\u0131n varl\u0131\u011f\u0131n\u0131 art\u0131rmaya y\u00f6nelik tavsiyelerinin uygulan\u0131p uygulanmad\u0131\u011f\u0131n\u0131 tespit etmeyi ama\u00e7lam\u0131\u015ft\u0131r. Bu sonu\u00e7lar kat\u0131l\u0131mc\u0131lar\u0131n alg\u0131lar\u0131na g\u00f6re, ara\u015ft\u0131rmaya kat\u0131lan \u00fclkelerdeki USF&#8217;lerde ve bu kurulu\u015flar\u0131n spor kurullar\u0131nda cinsiyet e\u015fitli\u011fini ilgilendiren konularda farkl\u0131 h\u0131zlarda ko\u015ftu\u011funu g\u00f6stermektedir.<\/p>\n\n\n\n<p>Bu \u00e7al\u0131\u015fma ile be\u015f Avrupa \u00fclkesinin spor federasyonlar\u0131nda y\u00fcr\u00fct\u00fclmekte olan toplumsal cinsiyet politikalar\u0131 hakk\u0131ndaki bilgileri derinle\u015ftirmeye \u00e7al\u0131\u015ft\u0131k. Verilere y\u00f6nelik bu ilk ve tan\u0131mlay\u0131c\u0131 yakla\u015f\u0131m, USF y\u00f6neticileri aras\u0131nda cinsiyet politikalar\u0131 ve spor kurullar\u0131n\u0131n karar alma s\u00fcre\u00e7lerine kad\u0131nlar\u0131n kat\u0131l\u0131m\u0131n\u0131 te\u015fvik etme konusundaki endi\u015felerine y\u00f6nelik artan bir fark\u0131ndal\u0131k oldu\u011funu ortaya koymaktad\u0131r. Genel olarak anketi yan\u0131tlayanlar, federasyon y\u00f6netim kurulunun karar alma s\u00fcre\u00e7lerine kad\u0131nlar\u0131n kat\u0131l\u0131m\u0131n\u0131 destekledi\u011fine inanmaktad\u0131r. Ayr\u0131ca &nbsp;kat\u0131l\u0131mc\u0131lar, son 15 y\u0131lda y\u00f6netim kurullar\u0131nda kad\u0131n ve erkek ili\u015fkilerinin y\u00f6netim kurullar\u0131nda daha e\u015fit hale geldi\u011fini, en b\u00fcy\u00fck geli\u015fmeyi \u0130spanyollar\u0131n ve ard\u0131ndan BK\u2019nin izledi\u011fini d\u00fc\u015f\u00fcn\u00fcyorlar. Bu ara\u015ft\u0131rma Uluslararas\u0131 Olimpiyat Komitesi&#8217;nin USF\u2019lerde kad\u0131nlar\u0131n varl\u0131\u011f\u0131n\u0131 art\u0131rmaya y\u00f6nelik tavsiyelerinin uygulan\u0131p uygulanmad\u0131\u011f\u0131n\u0131 tespit etmeyi ama\u00e7lam\u0131\u015ft\u0131r. Bu sonu\u00e7lar kat\u0131l\u0131mc\u0131lar\u0131n alg\u0131lar\u0131na g\u00f6re, ara\u015ft\u0131rmaya kat\u0131lan \u00fclkelerdeki USF&#8217;lerde ve bu kurulu\u015flar\u0131n spor kurullar\u0131nda cinsiyet e\u015fitli\u011fini ilgilendiren konularda farkl\u0131 h\u0131zlarda ko\u015ftu\u011funu g\u00f6stermektedir.<\/p>\n\n\n\n<p>Y\u00f6neticilerin \u00e7o\u011fu, toplumsal cinsiyet ve \u00e7e\u015fitlilik politikalar\u0131n\u0131n ve bunlar\u0131n \u00f6rg\u00fctlerinde uygulanmas\u0131n\u0131n,&nbsp; di\u011fer bir deyi\u015fle kad\u0131nlar\u0131 spor kurullar\u0131na getirmekle ilgili oldu\u011funu kabul etmi\u015ftir. Bununla birlikte kat\u0131l\u0131mc\u0131lar\u0131n \u00e7o\u011fu, kad\u0131n y\u00f6neticilerin cinsiyet\u00e7i olarak alg\u0131lanmaya devam eden y\u00f6netim kurullar\u0131nda, erkek meslekta\u015flar\u0131ndan daha az etkili olmaya devam etti\u011fini de d\u00fc\u015f\u00fcnm\u00fc\u015ft\u00fcr.<\/p>\n\n\n\n<p>Kitap, Zaragoza \u00dcniversitesi&#8217;nin <a href=\"https:\/\/zaguan.unizar.es\/record\/118693\">ZAGU\u00c1N<\/a> deposundan.<\/p>\n\n\n\n<div class=\"wp-container-1 wp-block-buttons\">\n<div class=\"wp-block-button\"><a class=\"wp-block-button__link\" href=\"https:\/\/zaguan.unizar.es\/record\/118693\">INDIRMEK<\/a><\/div>\n<\/div>\n\n\n\n<hr class=\"wp-block-separator has-alpha-channel-opacity\"\/>\n\n\n\n<figure class=\"wp-block-image aligncenter size-full\"><a href=\"https:\/\/zaguan.unizar.es\/record\/118693\"><img loading=\"lazy\" width=\"3750\" height=\"2500\" src=\"https:\/\/gesport.unizar.es\/wp-content\/uploads\/2022\/09\/Survey-Report-2.jpg\" alt=\"\" class=\"wp-image-9583\"\/><\/a><\/figure>\n","protected":false},"excerpt":{"rendered":"<p>Anket ile olu\u015fturulan veri taban\u0131 arac\u0131l\u0131\u011f\u0131yla \u201cUlusal spor federasyonlar\u0131n\u0131n y\u00f6netim kurullar\u0131nda toplumsal cinsiyet e\u015fitli\u011fi politikalar\u0131n\u0131n analizi: Ke\u015fifsel bir analizi&#8221; (ISBN: 978-84-18321-57-3, DOI:&nbsp; https:\/\/doi.org\/10.26754\/uz.978-84-18321-57-3) isimli anket raporunu haz\u0131rlad\u0131k. Bu \u00e7al\u0131\u015fma, projede yer alan be\u015f Avrupa \u00fclkesindeki (BK, \u0130talya, \u0130spanya, Portekiz ve T\u00fcrkiye) USF\u2019lerin kurullar\u0131ndaki cinsiyet e\u015fitli\u011fi politikalar\u0131n\u0131 analiz etmektedir. Kitap, USF i\u00e7indeki toplumsal cinsiyet ili\u015fkilerinin do\u011fas\u0131n\u0131 &hellip;<\/p>\n<p class=\"read-more\"> <a class=\"\" href=\"https:\/\/gesport.unizar.es\/tr\/book-analysis-of-gender-equality-policies-in-the-boards-of-directors-of-nsfs\/\"> <span class=\"screen-reader-text\">Surveys report: Analysis of gender equality policies on the boards of directors of national sports federations: an exploratory analysis\ufffc<\/span> Read More &raquo;<\/a><\/p>\n","protected":false},"author":3,"featured_media":0,"parent":0,"menu_order":0,"comment_status":"closed","ping_status":"closed","template":"","meta":{"site-sidebar-layout":"default","site-content-layout":"default","ast-global-header-display":"","ast-main-header-display":"","ast-hfb-above-header-display":"","ast-hfb-below-header-display":"","ast-hfb-mobile-header-display":"","site-post-title":"","ast-breadcrumbs-content":"","ast-featured-img":"","footer-sml-layout":"","theme-transparent-header-meta":"","adv-header-id-meta":"","stick-header-meta":"","header-above-stick-meta":"","header-main-stick-meta":"","header-below-stick-meta":""},"translation":{"provider":"WPGlobus","version":"2.10.4","language":"tr","enabled_languages":["gb","es","tr","it","pt"],"languages":{"gb":{"title":true,"content":true,"excerpt":false},"es":{"title":true,"content":true,"excerpt":false},"tr":{"title":false,"content":true,"excerpt":false},"it":{"title":true,"content":true,"excerpt":false},"pt":{"title":true,"content":true,"excerpt":false}}},"yoast_head":"<!-- This site is optimized with the Yoast SEO plugin v19.7.1 - https:\/\/yoast.com\/wordpress\/plugins\/seo\/ -->\n<title>- GESPORT+<\/title>\n<meta name=\"robots\" content=\"index, follow, max-snippet:-1, max-image-preview:large, max-video-preview:-1\" \/>\n<link rel=\"canonical\" href=\"https:\/\/gesport.unizar.es\/book-analysis-of-gender-equality-policies-in-the-boards-of-directors-of-nsfs\/\" \/>\n<meta property=\"og:locale\" content=\"tr_TR\" \/>\n<meta property=\"og:type\" content=\"article\" \/>\n<meta property=\"og:title\" content=\"- GESPORT+\" \/>\n<meta property=\"og:url\" content=\"https:\/\/gesport.unizar.es\/book-analysis-of-gender-equality-policies-in-the-boards-of-directors-of-nsfs\/\" \/>\n<meta property=\"og:site_name\" content=\"GESPORT+\" \/>\n<meta property=\"article:modified_time\" content=\"2023-06-12T16:57:07+00:00\" \/>\n<meta property=\"og:image\" content=\"https:\/\/gesport.unizar.es\/wp-content\/uploads\/2022\/09\/Survey-Report-2.jpg\" \/>\n<meta name=\"twitter:card\" content=\"summary_large_image\" \/>\n<meta name=\"twitter:label1\" content=\"Est. reading time\" \/>\n\t<meta name=\"twitter:data1\" content=\"2 minutes\" \/>\n<script type=\"application\/ld+json\" class=\"yoast-schema-graph\">{\"@context\":\"https:\/\/schema.org\",\"@graph\":[{\"@type\":\"WebPage\",\"@id\":\"https:\/\/gesport.unizar.es\/book-analysis-of-gender-equality-policies-in-the-boards-of-directors-of-nsfs\/\",\"url\":\"https:\/\/gesport.unizar.es\/book-analysis-of-gender-equality-policies-in-the-boards-of-directors-of-nsfs\/\",\"name\":\"- GESPORT+\",\"isPartOf\":{\"@id\":\"https:\/\/gesport.unizar.es\/#website\"},\"datePublished\":\"2022-08-02T12:18:45+00:00\",\"dateModified\":\"2023-06-12T16:57:07+00:00\",\"breadcrumb\":{\"@id\":\"https:\/\/gesport.unizar.es\/book-analysis-of-gender-equality-policies-in-the-boards-of-directors-of-nsfs\/#breadcrumb\"},\"inLanguage\":\"tr-TR\",\"potentialAction\":[{\"@type\":\"ReadAction\",\"target\":[\"https:\/\/gesport.unizar.es\/book-analysis-of-gender-equality-policies-in-the-boards-of-directors-of-nsfs\/\"]}]},{\"@type\":\"BreadcrumbList\",\"@id\":\"https:\/\/gesport.unizar.es\/book-analysis-of-gender-equality-policies-in-the-boards-of-directors-of-nsfs\/#breadcrumb\",\"itemListElement\":[{\"@type\":\"ListItem\",\"position\":1,\"name\":\"Portada\",\"item\":\"https:\/\/gesport.unizar.es\/\"},{\"@type\":\"ListItem\",\"position\":2,\"name\":\"Informe de encuestas: An\u00e1lisis de las pol\u00edticas de igualdad de g\u00e9nero en las juntas directivas de las federaciones deportivas nacionales: un an\u00e1lisis exploratorio\"}]},{\"@type\":\"WebSite\",\"@id\":\"https:\/\/gesport.unizar.es\/#website\",\"url\":\"https:\/\/gesport.unizar.es\/\",\"name\":\"GESPORT+\",\"description\":\"Corporate governance in sport organizations:  a gendered approach\",\"publisher\":{\"@id\":\"https:\/\/gesport.unizar.es\/#organization\"},\"potentialAction\":[{\"@type\":\"SearchAction\",\"target\":{\"@type\":\"EntryPoint\",\"urlTemplate\":\"https:\/\/gesport.unizar.es\/?s={search_term_string}\"},\"query-input\":\"required name=search_term_string\"}],\"inLanguage\":\"tr-TR\"},{\"@type\":\"Organization\",\"@id\":\"https:\/\/gesport.unizar.es\/#organization\",\"name\":\"GESPORT Erasmus+\",\"url\":\"https:\/\/gesport.unizar.es\/\",\"sameAs\":[],\"logo\":{\"@type\":\"ImageObject\",\"inLanguage\":\"tr-TR\",\"@id\":\"https:\/\/gesport.unizar.es\/#\/schema\/logo\/image\/\",\"url\":\"http:\/\/gesport.unizar.es\/wp-content\/uploads\/2018\/12\/4.jpg\",\"contentUrl\":\"http:\/\/gesport.unizar.es\/wp-content\/uploads\/2018\/12\/4.jpg\",\"width\":400,\"height\":400,\"caption\":\"GESPORT Erasmus+\"},\"image\":{\"@id\":\"https:\/\/gesport.unizar.es\/#\/schema\/logo\/image\/\"}}]}<\/script>\n<!-- \/ Yoast SEO plugin. -->","yoast_head_json":{"title":"- GESPORT+","robots":{"index":"index","follow":"follow","max-snippet":"max-snippet:-1","max-image-preview":"max-image-preview:large","max-video-preview":"max-video-preview:-1"},"canonical":"https:\/\/gesport.unizar.es\/book-analysis-of-gender-equality-policies-in-the-boards-of-directors-of-nsfs\/","og_locale":"tr_TR","og_type":"article","og_title":"- GESPORT+","og_url":"https:\/\/gesport.unizar.es\/book-analysis-of-gender-equality-policies-in-the-boards-of-directors-of-nsfs\/","og_site_name":"GESPORT+","article_modified_time":"2023-06-12T16:57:07+00:00","og_image":[{"url":"https:\/\/gesport.unizar.es\/wp-content\/uploads\/2022\/09\/Survey-Report-2.jpg"}],"twitter_card":"summary_large_image","twitter_misc":{"Est. reading time":"2 minutes"},"schema":{"@context":"https:\/\/schema.org","@graph":[{"@type":"WebPage","@id":"https:\/\/gesport.unizar.es\/book-analysis-of-gender-equality-policies-in-the-boards-of-directors-of-nsfs\/","url":"https:\/\/gesport.unizar.es\/book-analysis-of-gender-equality-policies-in-the-boards-of-directors-of-nsfs\/","name":"- GESPORT+","isPartOf":{"@id":"https:\/\/gesport.unizar.es\/#website"},"datePublished":"2022-08-02T12:18:45+00:00","dateModified":"2023-06-12T16:57:07+00:00","breadcrumb":{"@id":"https:\/\/gesport.unizar.es\/book-analysis-of-gender-equality-policies-in-the-boards-of-directors-of-nsfs\/#breadcrumb"},"inLanguage":"tr-TR","potentialAction":[{"@type":"ReadAction","target":["https:\/\/gesport.unizar.es\/book-analysis-of-gender-equality-policies-in-the-boards-of-directors-of-nsfs\/"]}]},{"@type":"BreadcrumbList","@id":"https:\/\/gesport.unizar.es\/book-analysis-of-gender-equality-policies-in-the-boards-of-directors-of-nsfs\/#breadcrumb","itemListElement":[{"@type":"ListItem","position":1,"name":"Portada","item":"https:\/\/gesport.unizar.es\/"},{"@type":"ListItem","position":2,"name":"Informe de encuestas: An\u00e1lisis de las pol\u00edticas de igualdad de g\u00e9nero en las juntas directivas de las federaciones deportivas nacionales: un an\u00e1lisis exploratorio"}]},{"@type":"WebSite","@id":"https:\/\/gesport.unizar.es\/#website","url":"https:\/\/gesport.unizar.es\/","name":"GESPORT+","description":"Corporate governance in sport organizations:  a gendered approach","publisher":{"@id":"https:\/\/gesport.unizar.es\/#organization"},"potentialAction":[{"@type":"SearchAction","target":{"@type":"EntryPoint","urlTemplate":"https:\/\/gesport.unizar.es\/?s={search_term_string}"},"query-input":"required name=search_term_string"}],"inLanguage":"tr-TR"},{"@type":"Organization","@id":"https:\/\/gesport.unizar.es\/#organization","name":"GESPORT Erasmus+","url":"https:\/\/gesport.unizar.es\/","sameAs":[],"logo":{"@type":"ImageObject","inLanguage":"tr-TR","@id":"https:\/\/gesport.unizar.es\/#\/schema\/logo\/image\/","url":"http:\/\/gesport.unizar.es\/wp-content\/uploads\/2018\/12\/4.jpg","contentUrl":"http:\/\/gesport.unizar.es\/wp-content\/uploads\/2018\/12\/4.jpg","width":400,"height":400,"caption":"GESPORT Erasmus+"},"image":{"@id":"https:\/\/gesport.unizar.es\/#\/schema\/logo\/image\/"}}]}},"_links":{"self":[{"href":"https:\/\/gesport.unizar.es\/tr\/wp-json\/wp\/v2\/pages\/8785"}],"collection":[{"href":"https:\/\/gesport.unizar.es\/tr\/wp-json\/wp\/v2\/pages"}],"about":[{"href":"https:\/\/gesport.unizar.es\/tr\/wp-json\/wp\/v2\/types\/page"}],"author":[{"embeddable":true,"href":"https:\/\/gesport.unizar.es\/tr\/wp-json\/wp\/v2\/users\/3"}],"replies":[{"embeddable":true,"href":"https:\/\/gesport.unizar.es\/tr\/wp-json\/wp\/v2\/comments?post=8785"}],"version-history":[{"count":37,"href":"https:\/\/gesport.unizar.es\/tr\/wp-json\/wp\/v2\/pages\/8785\/revisions"}],"predecessor-version":[{"id":10829,"href":"https:\/\/gesport.unizar.es\/tr\/wp-json\/wp\/v2\/pages\/8785\/revisions\/10829"}],"wp:attachment":[{"href":"https:\/\/gesport.unizar.es\/tr\/wp-json\/wp\/v2\/media?parent=8785"}],"curies":[{"name":"wp","href":"https:\/\/api.w.org\/{rel}","templated":true}]}}