{"id":8764,"date":"2022-08-02T11:33:50","date_gmt":"2022-08-02T11:33:50","guid":{"rendered":"https:\/\/gesport.unizar.es\/?page_id=8764"},"modified":"2023-06-12T13:54:15","modified_gmt":"2023-06-12T13:54:15","slug":"interview-books-women-and-national-sport-governance-a-european-approach","status":"publish","type":"page","link":"https:\/\/gesport.unizar.es\/tr\/interview-books-women-and-national-sport-governance-a-european-approach\/","title":{"rendered":"M\u00fclakatlar rehberi. Kad\u0131nlar ve Ulusal Spor Y\u00f6netimi: Avrupa\u2019ya \u00d6zgu\u0308 Bir Yakla\u015f\u0131m"},"content":{"rendered":"\n<p>Bu kitap, be\u015f Avrupa \u00fclkesindeki (\u0130talya, Portekiz, \u0130spanya, T\u00fcrkiye ve Birle\u015fik Krall\u0131k) ulusal spor federasyonlar\u0131n\u0131n (USF\u2019lerin) y\u00f6netim kurullar\u0131ndaki kad\u0131n y\u00f6neticiler aras\u0131nda ger\u00e7ekle\u015ftirilen 52 m\u00fclakattan olu\u015fan bir dizi sunmaktad\u0131r. Bu m\u00fclakatlar video kayd\u0131na al\u0131nm\u0131\u015f ve Mart 2019 ile Haziran 2022 tarihleri aras\u0131nda ger\u00e7ekle\u015ftirilmi\u015ftir. Kitap, Avrupa Komisyonu taraf\u0131ndan finanse edilen \u201cSpor organizasyonlar\u0131nda kurumsal y\u00f6neti\u015fim: Cinsiyet\u00e7i bir yakla\u015f\u0131m (GESPORT Projesi)\u201d ba\u015fl\u0131kl\u0131 ERASMUS+ projesinin bir \u00e7\u0131kt\u0131s\u0131d\u0131r. Bu proje \u00e7\u0131kt\u0131s\u0131n\u0131n amac\u0131; USF\u2019lerin kad\u0131n ba\u015fkanlar\u0131n\u0131n, ba\u015fkan yard\u0131mc\u0131lar\u0131n\u0131n ve di\u011fer kad\u0131n y\u00f6netim kurulu \u00fcyelerinin g\u00f6r\u00fcn\u00fcrl\u00fc\u011f\u00fcn\u00fc ve seslerini art\u0131rmak, spor organizasyonlar\u0131nda karar vermede cinsiyet e\u015fitli\u011finin gereklili\u011fi konusunda en kapsaml\u0131 duyarl\u0131l\u0131\u011f\u0131 kazanmak ve bu alandaki kurumsal y\u00f6netim uygulamalar\u0131n\u0131 geli\u015ftirmektir. Bu nedenle bu kitapla GESPORT projesi, bu kad\u0131nlar\u0131n spor kurullar\u0131ndaki rolleri, cinsiyet ayr\u0131mc\u0131l\u0131\u011f\u0131, e\u015fitli\u011fi ve kat\u0131l\u0131m\u0131n\u0131 te\u015fvik etmeye y\u00f6nelik politika ve \u00f6nlemleri hakk\u0131ndaki farkl\u0131 deneyimlerini, duygular\u0131n\u0131 ve d\u00fc\u015f\u00fcncelerini payla\u015fmay\u0131 ama\u00e7lamaktad\u0131r.<\/p>\n\n\n\n<figure class=\"wp-block-image size-full\"><img loading=\"lazy\" width=\"4000\" height=\"2667\" src=\"https:\/\/gesport.unizar.es\/wp-content\/uploads\/2022\/09\/5Libros.jpg\" alt=\"\" class=\"wp-image-9519\"\/><figcaption>Kitap ve kapak tasar\u0131m\u0131: Marta Burriel Le\u00f3n (2022)<\/figcaption><\/figure>\n\n\n\n<p>Kitaplar, her dildeki ba\u015fl\u0131\u011f\u0131n \u00fczerine t\u0131klanarak \u00fccretsiz olarak indirilebilir.<\/p>\n\n\n\n<div class=\"wp-container-3 wp-block-columns\">\n<div class=\"wp-container-1 wp-block-column\">\n<figure class=\"wp-block-image aligncenter size-full\"><a href=\"https:\/\/zaguan.unizar.es\/record\/118692\"><img loading=\"lazy\" width=\"3750\" height=\"2500\" src=\"https:\/\/gesport.unizar.es\/wp-content\/uploads\/2022\/09\/Esp.jpg\" alt=\"\" class=\"wp-image-9523\"\/><\/a><figcaption><a href=\"https:\/\/zaguan.unizar.es\/record\/118692\">Espa\u00f1ol<\/a><\/figcaption><\/figure>\n<\/div>\n\n\n\n<div class=\"wp-container-2 wp-block-column\">\n<figure class=\"wp-block-image aligncenter size-full\"><a href=\"https:\/\/zaguan.unizar.es\/record\/118691\"><img loading=\"lazy\" width=\"3750\" height=\"2500\" src=\"https:\/\/gesport.unizar.es\/wp-content\/uploads\/2022\/09\/Ing.jpg\" alt=\"\" class=\"wp-image-9524\"\/><\/a><figcaption><a href=\"https:\/\/zaguan.unizar.es\/record\/118691\">Englis<\/a>h<\/figcaption><\/figure>\n<\/div>\n<\/div>\n\n\n\n<div class=\"wp-container-9 wp-block-columns\">\n<div class=\"wp-container-6 wp-block-column\">\n<div class=\"wp-container-5 wp-block-columns\">\n<div class=\"wp-container-4 wp-block-column\">\n<figure class=\"wp-block-image aligncenter size-full\"><a href=\"https:\/\/zaguan.unizar.es\/record\/118694\"><img loading=\"lazy\" width=\"3750\" height=\"2500\" src=\"https:\/\/gesport.unizar.es\/wp-content\/uploads\/2022\/09\/Ita.jpg\" alt=\"\" class=\"wp-image-9522\"\/><\/a><figcaption><a href=\"https:\/\/zaguan.unizar.es\/record\/118694\">Italiano<\/a><\/figcaption><\/figure>\n<\/div>\n<\/div>\n<\/div>\n\n\n\n<div class=\"wp-container-7 wp-block-column\">\n<figure class=\"wp-block-image aligncenter size-full\"><a href=\"https:\/\/zaguan.unizar.es\/record\/118690\"><img loading=\"lazy\" width=\"3750\" height=\"2500\" src=\"https:\/\/gesport.unizar.es\/wp-content\/uploads\/2022\/09\/turk.jpg\" alt=\"\" class=\"wp-image-9520\"\/><\/a><figcaption><a href=\"https:\/\/zaguan.unizar.es\/record\/118690\">T\u00fcrk\u00e7e<\/a><\/figcaption><\/figure>\n<\/div>\n\n\n\n<div class=\"wp-container-8 wp-block-column\">\n<figure class=\"wp-block-image aligncenter size-full\"><a href=\"https:\/\/zaguan.unizar.es\/record\/118758\"><img loading=\"lazy\" width=\"3750\" height=\"2500\" src=\"https:\/\/gesport.unizar.es\/wp-content\/uploads\/2022\/09\/Port.jpg\" alt=\"\" class=\"wp-image-9521\"\/><\/a><figcaption><a href=\"https:\/\/zaguan.unizar.es\/record\/118758\">Portug\u00eas<\/a><\/figcaption><\/figure>\n<\/div>\n<\/div>\n\n\n\n<p><a href=\"https:\/\/zaguan.unizar.es\/record\/118691\">Women and National Sport Governance: a European Approach (ISBN: 978-84-18321-46;<\/a> DOI: <a href=\"https:\/\/doi.org\/10.26754\/uz.978-84-18321-46-7\">https:\/\/doi.org\/10.26754\/uz.978-84-18321-46-7<\/a>)<\/p>\n\n\n\n<p><a href=\"https:\/\/zaguan.unizar.es\/record\/118758\">Mulheres e Dire\u00e7\u00f5es Desportivas Nacionais: Uma Perspectiva Europeia (ISBN: 978-84-18321-45-0; DOI:<\/a> <a href=\"https:\/\/doi.org\/10.26754\/uz.978-84-18321-45-0\">https:\/\/doi.org\/10.26754\/uz.978-84-18321-45-0<\/a>)<\/p>\n\n\n\n<p><a href=\"https:\/\/zaguan.unizar.es\/record\/118694\">Donne e Governance Nazionale dello Sport: un Approccio Europeo (ISBN: 978-84-18321-47-4; DOI: https:\/\/doi.org\/10.26754\/uz.978-84-18321-47-4<\/a><\/p>\n\n\n\n<p><a href=\"https:\/\/zaguan.unizar.es\/record\/118690\">Kad\u0131n ve Ulusal Spor Y\u00f6netimi: Avrupa\u2019ya \u00d6zg\u00fc Bir Yakla\u015f\u0131m (ISBN: 978-84-18321-48-1; DOI<\/a>: <a href=\"https:\/\/doi.org\/10.26754\/uz.978-84-18321-48-1\">https:\/\/doi.org\/10.26754\/uz.978-84-18321-48-1<\/a>)<\/p>\n\n\n\n<p><a href=\"https:\/\/zaguan.unizar.es\/record\/118692\">Mujeres y Gobernanza del Deporte Nacional: un Enfoque Europeo (ISBN: 978-84-18321-56-6; DOI<\/a>: <a href=\"https:\/\/doi.org\/10.26754\/uz.978-84-18321-56-6\">https:\/\/doi.org\/10.26754\/uz.978-84-18321-56-6<\/a>)<\/p>\n","protected":false},"excerpt":{"rendered":"<p>Bu kitap, be\u015f Avrupa \u00fclkesindeki (\u0130talya, Portekiz, \u0130spanya, T\u00fcrkiye ve Birle\u015fik Krall\u0131k) ulusal spor federasyonlar\u0131n\u0131n (USF\u2019lerin) y\u00f6netim kurullar\u0131ndaki kad\u0131n y\u00f6neticiler aras\u0131nda ger\u00e7ekle\u015ftirilen 52 m\u00fclakattan olu\u015fan bir dizi sunmaktad\u0131r. Bu m\u00fclakatlar video kayd\u0131na al\u0131nm\u0131\u015f ve Mart 2019 ile Haziran 2022 tarihleri aras\u0131nda ger\u00e7ekle\u015ftirilmi\u015ftir. Kitap, Avrupa Komisyonu taraf\u0131ndan finanse edilen \u201cSpor organizasyonlar\u0131nda kurumsal y\u00f6neti\u015fim: Cinsiyet\u00e7i bir yakla\u015f\u0131m &hellip;<\/p>\n<p class=\"read-more\"> <a class=\"\" href=\"https:\/\/gesport.unizar.es\/tr\/interview-books-women-and-national-sport-governance-a-european-approach\/\"> <span class=\"screen-reader-text\">M\u00fclakatlar rehberi. Kad\u0131nlar ve Ulusal Spor Y\u00f6netimi: Avrupa\u2019ya \u00d6zgu\u0308 Bir Yakla\u015f\u0131m<\/span> Read More &raquo;<\/a><\/p>\n","protected":false},"author":3,"featured_media":0,"parent":0,"menu_order":0,"comment_status":"closed","ping_status":"closed","template":"","meta":{"site-sidebar-layout":"default","site-content-layout":"default","ast-global-header-display":"","ast-main-header-display":"","ast-hfb-above-header-display":"","ast-hfb-below-header-display":"","ast-hfb-mobile-header-display":"","site-post-title":"","ast-breadcrumbs-content":"","ast-featured-img":"","footer-sml-layout":"","theme-transparent-header-meta":"","adv-header-id-meta":"","stick-header-meta":"","header-above-stick-meta":"","header-main-stick-meta":"","header-below-stick-meta":""},"translation":{"provider":"WPGlobus","version":"2.10.4","language":"tr","enabled_languages":["gb","es","tr","it","pt"],"languages":{"gb":{"title":true,"content":true,"excerpt":false},"es":{"title":true,"content":true,"excerpt":false},"tr":{"title":true,"content":true,"excerpt":false},"it":{"title":true,"content":true,"excerpt":false},"pt":{"title":true,"content":true,"excerpt":false}}},"yoast_head":"<!-- This site is optimized with the Yoast SEO plugin v19.7.1 - https:\/\/yoast.com\/wordpress\/plugins\/seo\/ -->\n<title>M\u00fclakatlar rehberi. Kad\u0131nlar ve Ulusal Spor Y\u00f6netimi: Avrupa\u2019ya \u00d6zgu\u0308 Bir Yakla\u015f\u0131m - GESPORT+<\/title>\n<meta name=\"robots\" content=\"index, follow, max-snippet:-1, max-image-preview:large, max-video-preview:-1\" \/>\n<link rel=\"canonical\" href=\"https:\/\/gesport.unizar.es\/interview-books-women-and-national-sport-governance-a-european-approach\/\" \/>\n<meta property=\"og:locale\" content=\"tr_TR\" \/>\n<meta property=\"og:type\" content=\"article\" \/>\n<meta property=\"og:title\" content=\"M\u00fclakatlar rehberi. Kad\u0131nlar ve Ulusal Spor Y\u00f6netimi: Avrupa\u2019ya \u00d6zgu\u0308 Bir Yakla\u015f\u0131m - GESPORT+\" \/>\n<meta property=\"og:url\" content=\"https:\/\/gesport.unizar.es\/interview-books-women-and-national-sport-governance-a-european-approach\/\" \/>\n<meta property=\"og:site_name\" content=\"GESPORT+\" \/>\n<meta property=\"article:modified_time\" content=\"2023-06-12T13:54:15+00:00\" \/>\n<meta property=\"og:image\" content=\"https:\/\/gesport.unizar.es\/wp-content\/uploads\/2022\/09\/5Libros.jpg\" \/>\n<meta name=\"twitter:card\" content=\"summary_large_image\" \/>\n<meta name=\"twitter:label1\" content=\"Est. reading time\" \/>\n\t<meta name=\"twitter:data1\" content=\"3 minutes\" \/>\n<script type=\"application\/ld+json\" class=\"yoast-schema-graph\">{\"@context\":\"https:\/\/schema.org\",\"@graph\":[{\"@type\":\"WebPage\",\"@id\":\"https:\/\/gesport.unizar.es\/interview-books-women-and-national-sport-governance-a-european-approach\/\",\"url\":\"https:\/\/gesport.unizar.es\/interview-books-women-and-national-sport-governance-a-european-approach\/\",\"name\":\"M\u00fclakatlar rehberi. Kad\u0131nlar ve Ulusal Spor Y\u00f6netimi: Avrupa\u2019ya \u00d6zgu\u0308 Bir Yakla\u015f\u0131m - GESPORT+\",\"isPartOf\":{\"@id\":\"https:\/\/gesport.unizar.es\/#website\"},\"datePublished\":\"2022-08-02T11:33:50+00:00\",\"dateModified\":\"2023-06-12T13:54:15+00:00\",\"breadcrumb\":{\"@id\":\"https:\/\/gesport.unizar.es\/interview-books-women-and-national-sport-governance-a-european-approach\/#breadcrumb\"},\"inLanguage\":\"tr-TR\",\"potentialAction\":[{\"@type\":\"ReadAction\",\"target\":[\"https:\/\/gesport.unizar.es\/interview-books-women-and-national-sport-governance-a-european-approach\/\"]}]},{\"@type\":\"BreadcrumbList\",\"@id\":\"https:\/\/gesport.unizar.es\/interview-books-women-and-national-sport-governance-a-european-approach\/#breadcrumb\",\"itemListElement\":[{\"@type\":\"ListItem\",\"position\":1,\"name\":\"Portada\",\"item\":\"https:\/\/gesport.unizar.es\/\"},{\"@type\":\"ListItem\",\"position\":2,\"name\":\"Gu\u00eda de entrevistas. Mujeres y Gobernanza del Deporte Nacional: un Enfoque Europeo\"}]},{\"@type\":\"WebSite\",\"@id\":\"https:\/\/gesport.unizar.es\/#website\",\"url\":\"https:\/\/gesport.unizar.es\/\",\"name\":\"GESPORT+\",\"description\":\"Corporate governance in sport organizations:  a gendered approach\",\"publisher\":{\"@id\":\"https:\/\/gesport.unizar.es\/#organization\"},\"potentialAction\":[{\"@type\":\"SearchAction\",\"target\":{\"@type\":\"EntryPoint\",\"urlTemplate\":\"https:\/\/gesport.unizar.es\/?s={search_term_string}\"},\"query-input\":\"required name=search_term_string\"}],\"inLanguage\":\"tr-TR\"},{\"@type\":\"Organization\",\"@id\":\"https:\/\/gesport.unizar.es\/#organization\",\"name\":\"GESPORT Erasmus+\",\"url\":\"https:\/\/gesport.unizar.es\/\",\"sameAs\":[],\"logo\":{\"@type\":\"ImageObject\",\"inLanguage\":\"tr-TR\",\"@id\":\"https:\/\/gesport.unizar.es\/#\/schema\/logo\/image\/\",\"url\":\"http:\/\/gesport.unizar.es\/wp-content\/uploads\/2018\/12\/4.jpg\",\"contentUrl\":\"http:\/\/gesport.unizar.es\/wp-content\/uploads\/2018\/12\/4.jpg\",\"width\":400,\"height\":400,\"caption\":\"GESPORT Erasmus+\"},\"image\":{\"@id\":\"https:\/\/gesport.unizar.es\/#\/schema\/logo\/image\/\"}}]}<\/script>\n<!-- \/ Yoast SEO plugin. -->","yoast_head_json":{"title":"M\u00fclakatlar rehberi. Kad\u0131nlar ve Ulusal Spor Y\u00f6netimi: Avrupa\u2019ya \u00d6zgu\u0308 Bir Yakla\u015f\u0131m - GESPORT+","robots":{"index":"index","follow":"follow","max-snippet":"max-snippet:-1","max-image-preview":"max-image-preview:large","max-video-preview":"max-video-preview:-1"},"canonical":"https:\/\/gesport.unizar.es\/interview-books-women-and-national-sport-governance-a-european-approach\/","og_locale":"tr_TR","og_type":"article","og_title":"M\u00fclakatlar rehberi. Kad\u0131nlar ve Ulusal Spor Y\u00f6netimi: Avrupa\u2019ya \u00d6zgu\u0308 Bir Yakla\u015f\u0131m - GESPORT+","og_url":"https:\/\/gesport.unizar.es\/interview-books-women-and-national-sport-governance-a-european-approach\/","og_site_name":"GESPORT+","article_modified_time":"2023-06-12T13:54:15+00:00","og_image":[{"url":"https:\/\/gesport.unizar.es\/wp-content\/uploads\/2022\/09\/5Libros.jpg"}],"twitter_card":"summary_large_image","twitter_misc":{"Est. reading time":"3 minutes"},"schema":{"@context":"https:\/\/schema.org","@graph":[{"@type":"WebPage","@id":"https:\/\/gesport.unizar.es\/interview-books-women-and-national-sport-governance-a-european-approach\/","url":"https:\/\/gesport.unizar.es\/interview-books-women-and-national-sport-governance-a-european-approach\/","name":"M\u00fclakatlar rehberi. Kad\u0131nlar ve Ulusal Spor Y\u00f6netimi: Avrupa\u2019ya \u00d6zgu\u0308 Bir Yakla\u015f\u0131m - GESPORT+","isPartOf":{"@id":"https:\/\/gesport.unizar.es\/#website"},"datePublished":"2022-08-02T11:33:50+00:00","dateModified":"2023-06-12T13:54:15+00:00","breadcrumb":{"@id":"https:\/\/gesport.unizar.es\/interview-books-women-and-national-sport-governance-a-european-approach\/#breadcrumb"},"inLanguage":"tr-TR","potentialAction":[{"@type":"ReadAction","target":["https:\/\/gesport.unizar.es\/interview-books-women-and-national-sport-governance-a-european-approach\/"]}]},{"@type":"BreadcrumbList","@id":"https:\/\/gesport.unizar.es\/interview-books-women-and-national-sport-governance-a-european-approach\/#breadcrumb","itemListElement":[{"@type":"ListItem","position":1,"name":"Portada","item":"https:\/\/gesport.unizar.es\/"},{"@type":"ListItem","position":2,"name":"Gu\u00eda de entrevistas. Mujeres y Gobernanza del Deporte Nacional: un Enfoque Europeo"}]},{"@type":"WebSite","@id":"https:\/\/gesport.unizar.es\/#website","url":"https:\/\/gesport.unizar.es\/","name":"GESPORT+","description":"Corporate governance in sport organizations:  a gendered approach","publisher":{"@id":"https:\/\/gesport.unizar.es\/#organization"},"potentialAction":[{"@type":"SearchAction","target":{"@type":"EntryPoint","urlTemplate":"https:\/\/gesport.unizar.es\/?s={search_term_string}"},"query-input":"required name=search_term_string"}],"inLanguage":"tr-TR"},{"@type":"Organization","@id":"https:\/\/gesport.unizar.es\/#organization","name":"GESPORT Erasmus+","url":"https:\/\/gesport.unizar.es\/","sameAs":[],"logo":{"@type":"ImageObject","inLanguage":"tr-TR","@id":"https:\/\/gesport.unizar.es\/#\/schema\/logo\/image\/","url":"http:\/\/gesport.unizar.es\/wp-content\/uploads\/2018\/12\/4.jpg","contentUrl":"http:\/\/gesport.unizar.es\/wp-content\/uploads\/2018\/12\/4.jpg","width":400,"height":400,"caption":"GESPORT Erasmus+"},"image":{"@id":"https:\/\/gesport.unizar.es\/#\/schema\/logo\/image\/"}}]}},"_links":{"self":[{"href":"https:\/\/gesport.unizar.es\/tr\/wp-json\/wp\/v2\/pages\/8764"}],"collection":[{"href":"https:\/\/gesport.unizar.es\/tr\/wp-json\/wp\/v2\/pages"}],"about":[{"href":"https:\/\/gesport.unizar.es\/tr\/wp-json\/wp\/v2\/types\/page"}],"author":[{"embeddable":true,"href":"https:\/\/gesport.unizar.es\/tr\/wp-json\/wp\/v2\/users\/3"}],"replies":[{"embeddable":true,"href":"https:\/\/gesport.unizar.es\/tr\/wp-json\/wp\/v2\/comments?post=8764"}],"version-history":[{"count":92,"href":"https:\/\/gesport.unizar.es\/tr\/wp-json\/wp\/v2\/pages\/8764\/revisions"}],"predecessor-version":[{"id":10805,"href":"https:\/\/gesport.unizar.es\/tr\/wp-json\/wp\/v2\/pages\/8764\/revisions\/10805"}],"wp:attachment":[{"href":"https:\/\/gesport.unizar.es\/tr\/wp-json\/wp\/v2\/media?parent=8764"}],"curies":[{"name":"wp","href":"https:\/\/api.w.org\/{rel}","templated":true}]}}