{"id":6538,"date":"2021-11-17T10:09:49","date_gmt":"2021-11-17T10:09:49","guid":{"rendered":"https:\/\/gesport.unizar.es\/?page_id=6538"},"modified":"2022-10-28T09:48:03","modified_gmt":"2022-10-28T09:48:03","slug":"transnational-meetings","status":"publish","type":"page","link":"https:\/\/gesport.unizar.es\/tr\/transnational-meetings\/","title":{"rendered":"ULUSLARARASI TOPLANTILAR"},"content":{"rendered":"\n<p>Proje uygulama d\u00f6neminde proje ekibi hem y\u00fcz y\u00fcze hem de sanal olarak bir\u00e7ok uluslararas\u0131 toplant\u0131 (UT) d\u00fczenlenmi\u015ftir. Y\u00fcz y\u00fcze uluslararas\u0131 toplant\u0131lar\u0131n tarihleri ve \u00fcniversitelerin ev sahipli\u011fi, esas olarak proje ba\u015fvuru formuna g\u00f6re yap\u0131lm\u0131\u015ft\u0131r. Ancak sanal toplant\u0131lar kat\u0131l\u0131mc\u0131lar\u0131n \u00e7al\u0131\u015fma saatleri, ders g\u00fcnleri, her \u00fclkedeki resmi tatiller vb. gibi \u00e7e\u015fitli ko\u015fullar g\u00f6z \u00f6n\u00fcnde bulundurularak d\u00fczenlenmi\u015ftir. Sonu\u00e7 olarak, proje \u00fclkelerinde Ocak 2018&#8217;den Haziran 2022&#8217;ye kadar dokuz y\u00fcz y\u00fcze uluslararas\u0131 toplant\u0131 organize edilmi\u015ftir. Ancak ortak \u00fcniversitelerden t\u00fcm kat\u0131l\u0131mc\u0131lar baz\u0131 y\u00fcz y\u00fcze toplant\u0131lara kat\u0131lmam\u0131\u015flard\u0131r. \u00c7\u00fcnk\u00fc bu toplant\u0131lar\u0131n baz\u0131lar\u0131 ilgili \u00fclkedeki spor kurulu \u00fcyeleriyle g\u00f6r\u00fc\u015fmeler yapmak amac\u0131yla d\u00fczenlenmi\u015ftir. Bu durumlarda sonu\u00e7lar\u0131n elde edilmesinde homojenli\u011fi sa\u011flamak amac\u0131yla koordinat\u00f6r kurumdan ki\u015filer ve m\u00fclakatlar\u0131n ve video kay\u0131tlar\u0131n\u0131n yap\u0131ld\u0131\u011f\u0131 \u00fclkeyi temsil eden ortaklar ilgili toplant\u0131lara kat\u0131lm\u0131\u015flard\u0131r. Ayr\u0131ca sekizinci uluslararas\u0131 toplant\u0131, Covid-19 pandemisi nedeniyle sanal olarak ger\u00e7ekle\u015ftirilmi\u015ftir. Ancak pandeminin izin vermesiyle birlikte m\u00fclakatlarla ilgili toplant\u0131lara y\u00fcz y\u00fcze devam edilmi\u015ftir. Y\u00fcz y\u00fcze m\u00fclakatlar hakk\u0131nda daha fazla bilgi a\u015fa\u011f\u0131da sunulmu\u015ftur.<\/p>\n\n\n\n<p><strong>UT1<\/strong> <strong>(Ba\u015flang\u0131\u00e7 Uluslararas\u0131 Toplant\u0131s\u0131):<\/strong> UT&#8217;yi organize eden ortak, \u0130spanya&#8217;n\u0131n Teruel kentindeki Zaragoza \u00dcniversitesidir. 15-19 Ocak 2018 toplant\u0131 yap\u0131lm\u0131\u015ft\u0131r. Kat\u0131l\u0131mc\u0131lar \u0130spanya&#8217;daki Zaragoza \u00dcniversitesinin proje koordinat\u00f6r\u00fc, Portekiz&#8217;deki Minho \u00dcniversitesi ortak temsilcisi, T\u00fcrkiye&#8217;deki Sakarya \u00dcniversitesi ortak temsilcisi, \u0130talya&#8217;daki Teramo \u00dcniversitesi ortak temsilcisi ve BK\u2019deki Leicester \u00dcniversitesi ortak temsilcisiydi.<\/p>\n\n\n\n<p><strong>UT2<\/strong> <strong>(\u0130kinci Uluslararas\u0131 Toplant\u0131):<\/strong> Ev sahibi kurum Teramo&#8217;daki (\u0130talya) Teramo \u00dcniversitesiydi. 10-13 Temmuz 2018 tarihleri aras\u0131nda toplant\u0131 d\u00fczenlenmi\u015ftir. Kat\u0131l\u0131mc\u0131lar \u0130spanya&#8217;daki Zaragoza \u00dcniversitesinin proje koordinat\u00f6r\u00fc, Portekiz&#8217;deki Minho \u00dcniversitesi ortak temsilcisi, T\u00fcrkiye&#8217;deki Sakarya \u00dcniversitesi ortak temsilcisi, \u0130talya&#8217;daki Teramo \u00dcniversitesi ortak temsilcisi ve BK\u2019deki Leicester \u00dcniversitesi ortak temsilcisiydi.<\/p>\n\n\n\n<p><strong>UT3 (\u00dc\u00e7\u00fcnc\u00fc Uluslararas\u0131 Toplant\u0131):<\/strong> Ev sahibi kurum Leicester \u00dcniversitesi (Birle\u015fik Krall\u0131k) idi. 22-25 Ocak 2019 tarihleri aras\u0131nda toplant\u0131 ger\u00e7ekle\u015ftirilmi\u015ftir. Kat\u0131l\u0131mc\u0131lar \u0130spanya&#8217;daki Zaragoza \u00dcniversitesinin proje koordinat\u00f6r\u00fc, Portekiz&#8217;deki Minho \u00dcniversitesi ortak temsilcisi, T\u00fcrkiye&#8217;deki Sakarya \u00dcniversitesi ortak temsilcisi, \u0130talya&#8217;daki Teramo \u00dcniversitesi ortak temsilcisi ve BK\u2019deki Leicester \u00dcniversitesi ortak temsilcisiydi.<\/p>\n\n\n\n<p><strong>UT4 (D\u00f6rd\u00fcnc\u00fc Uluslararas\u0131 Toplant\u0131):<\/strong> Ev sahibi kurum Minho \u00dcniversitesiydi. 9-12 Temmuz 2019 tarihleri aras\u0131nda Braga&#8217;da (Portekiz) toplant\u0131 yap\u0131lm\u0131\u015ft\u0131r. Kat\u0131l\u0131mc\u0131lar \u0130spanya&#8217;daki Zaragoza \u00dcniversitesinin proje koordinat\u00f6r\u00fc, Portekiz&#8217;deki Minho \u00dcniversitesi ortak temsilcisi, T\u00fcrkiye&#8217;deki Sakarya \u00dcniversitesi ortak temsilcisi, \u0130talya&#8217;daki Teramo \u00dcniversitesi ortak temsilcisi ve BK\u2019deki Leicester \u00dcniversitesi ortak temsilcisiydi.<\/p>\n\n\n\n<p><strong>UT5<\/strong> <strong>(D\u00f6rd\u00fcnc\u00fc Uluslararas\u0131 Toplant\u0131): <\/strong>Ev sahibi kurum, g\u00f6r\u00fc\u015fmeleri Portekizce yapmak i\u00e7in Minho \u00dcniversitesiydi. 15-19 Temmuz 2019 tarihleri \u200b\u200baras\u0131nda toplant\u0131 ger\u00e7ekle\u015ftirildi. Kat\u0131l\u0131mc\u0131lar \u0130spanya&#8217;daki Zaragoza \u00dcniversitesinden proje koordinat\u00f6r\u00fc ile bir kat\u0131l\u0131mc\u0131 ve Portekiz Minho \u00dcniversitesinin ortak temsilcisidir.<\/p>\n\n\n\n<p><strong>UT6<\/strong> <strong>(Alt\u0131nc\u0131 Uluslararas\u0131 Toplant\u0131): <\/strong>Ev sahibi kurum Teramo \u00dcniversitesi idi. M\u00fclakatlar\u0131 \u0130talya&#8217;da yapmak i\u00e7in 30 Ocak-7 \u015eubat 2020 tarihleri \u200b\u200baras\u0131nda toplant\u0131 ger\u00e7ekle\u015ftirilmi\u015ftir. Kat\u0131l\u0131mc\u0131lar \u0130spanya&#8217;daki Zaragoza \u00dcniversitesinden proje koordinat\u00f6r\u00fc ile bir kat\u0131l\u0131mc\u0131 ve \u0130talya&#8217;daki Teramo \u00dcniversitesi&#8217;nin ortak temsilcisidir. M\u00fclakatlar\u0131 kaydetmeye y\u00f6nelik alt\u0131nc\u0131 uluslararas\u0131 toplant\u0131n\u0131n devam\u0131 \u0130talya&#8217;da 17-18 Mart 2022 aras\u0131nda yap\u0131lm\u0131\u015ft\u0131r. Kat\u0131l\u0131mc\u0131lar \u0130spanya&#8217;daki Zaragoza \u00dcniversitesi proje koordinat\u00f6r\u00fc ve \u0130talya&#8217;daki Teramo \u00dcniversitesinin ortak temsilcisiydi.<\/p>\n\n\n\n<p><strong>UT7 (Yedinci Uluslararas\u0131 Toplant\u0131): <\/strong>Ev sahibi kurum T\u00fcrkiye\u2019deki Sakarya \u00dcniversitesidir. 2-10 Mart 2020 tarihleri \u200b\u200baras\u0131nda T\u00fcrkiye&#8217;de m\u00fclakatlar\u0131 y\u00fcr\u00fctmek \u00fczere toplant\u0131 ger\u00e7ekle\u015ftirilmi\u015ftir. Kat\u0131l\u0131mc\u0131lar \u0130spanya&#8217;daki Zaragoza \u00dcniversitesinin proje koordinat\u00f6r\u00fc ve Sakarya \u00dcniversitesinin ortak temsilcisiydi. Yedinci uluslararas\u0131 toplant\u0131n\u0131n devam\u0131 9-16 A\u011fustos 2021 tarihleri \u200b\u200baras\u0131nda T\u00fcrkiye&#8217;de m\u00fclakatlar\u0131 y\u00fcr\u00fctmek \u00fczere ger\u00e7ekle\u015ftirilmi\u015ftir. Kat\u0131l\u0131mc\u0131lar \u0130spanya&#8217;daki Zaragoza \u00dcniversitesinin proje koordinat\u00f6r\u00fc ve Sakarya \u00dcniversitesinin T\u00fcrkiye&#8217;deki ortak temsilcisiydi.<\/p>\n\n\n\n<p><strong>UT8 (Sekizinci Uluslararas\u0131 Toplant\u0131):<\/strong> 24 May\u0131s &#8211; 9 Nisan 2020 tarihleri \u200b\u200baras\u0131nda sanal olarak ger\u00e7ekle\u015ftirildi. \u0130lk \u00f6nce toplant\u0131 Leicester \u00dcniversitesinde (BK) planland\u0131, ancak pandemi nedeniyle bu y\u00fcz y\u00fcze toplant\u0131n\u0131n yerini Skype&#8217;deki sanal bir toplant\u0131 alm\u0131\u015ft\u0131r. Toplant\u0131ya projenin d\u00f6rt \u00fclkesinden kat\u0131l\u0131mc\u0131lar yer alm\u0131\u015ft\u0131r. Bunlar: &nbsp;Minho \u00dcniversitesi (Portekiz), Sakarya \u00dcniversitesi (T\u00fcrkiye), Teramo \u00dcniversitesi (Portekiz) ve Zaragoza \u00dcniversitesidir (\u0130spanya). Projenin sekizinci uluslararas\u0131 toplant\u0131s\u0131 iki b\u00f6l\u00fcmden olu\u015fmu\u015ftur. \u0130lk b\u00f6l\u00fcm t\u00fcm ortaklarla bir toplant\u0131 iken, ikinci b\u00f6l\u00fcm Leicester \u00dcniversitesi ile Zaragoza \u00dcniversitesi aras\u0131nda BK\u2019deki g\u00f6r\u00fc\u015fmeleri planlamak ve y\u00fcr\u00fctmek i\u00e7in di\u011fer bir toplant\u0131d\u0131r. \u00c7evrimi\u00e7i uluslararas\u0131 toplant\u0131n\u0131n tarihleri: 26 Mart &#8211; 9 Nisan 2020 (26 Mart: 16:04-19:30; 31 Mart 17:15-19:30; 1 Nisan 11:05-13:30; 2 Nisan 15:02-19:00; 9 Nisan 16:02-19:00) idi. Toplant\u0131n\u0131n ikinci b\u00f6l\u00fcmde ise ev sahibi \u00fcniversite Leicester \u00dcniversitesi olmu\u015ftur. M\u00fclakatlar\u0131 BK\u2019de y\u00fcr\u00fctmek i\u00e7in 11-13 Nisan 2022 tarihleri \u200b\u200baras\u0131nda toplant\u0131 ger\u00e7ekle\u015fmi\u015ftir. Kat\u0131l\u0131mc\u0131lar proje koordinat\u00f6r\u00fc (\u0130spanya&#8217;daki Zaragoza \u00dcniversitesi), Leicester \u00dcniversitesi&#8217;nin ortak temsilcisi ve bu \u00fcniversiteden bir ara\u015ft\u0131rmac\u0131yd\u0131. 10, 11, 19 ve 20 May\u0131s 2022 ve 20-22 Haziran 2022 tarihlerinde toplant\u0131lar devam etmi\u015f ve kat\u0131l\u0131mc\u0131lar Leicester \u00dcniversitesi&#8217;nin koordinat\u00f6r\u00fc ve ara\u015ft\u0131rmac\u0131s\u0131yd\u0131.<\/p>\n\n\n\n<p><strong>UT 9 (Dokuzuncu Uluslararas\u0131 Toplant\u0131):<\/strong> Ev sahibi kurum, Teruel&#8217;deki (\u0130spanya) Zaragoza \u00dcniversitesi idi. 24-26 May\u0131s 2022 tarihleri \u200b\u200baras\u0131nda toplant\u0131 ger\u00e7ekle\u015ftirildi. Kat\u0131l\u0131mc\u0131lar \u0130spanya&#8217;daki Zaragoza \u00dcniversitesinin proje koordinat\u00f6r\u00fc, Portekiz&#8217;deki Minho \u00dcniversitesi ortak temsilcisi, T\u00fcrkiye&#8217;deki Sakarya \u00dcniversitesi ortak temsilcisi, \u0130talya&#8217;daki Teramo \u00dcniversitesi ortak temsilcisi, BK\u2019deki Leicester \u00dcniversitesi ortak temsilcisi ve bu \u00fcniversiteden bir ara\u015ft\u0131rmac\u0131d\u0131r.<\/p>\n","protected":false},"excerpt":{"rendered":"<p>Proje uygulama d\u00f6neminde proje ekibi hem y\u00fcz y\u00fcze hem de sanal olarak bir\u00e7ok uluslararas\u0131 toplant\u0131 (UT) d\u00fczenlenmi\u015ftir. Y\u00fcz y\u00fcze uluslararas\u0131 toplant\u0131lar\u0131n tarihleri ve \u00fcniversitelerin ev sahipli\u011fi, esas olarak proje ba\u015fvuru formuna g\u00f6re yap\u0131lm\u0131\u015ft\u0131r. Ancak sanal toplant\u0131lar kat\u0131l\u0131mc\u0131lar\u0131n \u00e7al\u0131\u015fma saatleri, ders g\u00fcnleri, her \u00fclkedeki resmi tatiller vb. gibi \u00e7e\u015fitli ko\u015fullar g\u00f6z \u00f6n\u00fcnde bulundurularak d\u00fczenlenmi\u015ftir. Sonu\u00e7 olarak, &hellip;<\/p>\n<p class=\"read-more\"> <a class=\"\" href=\"https:\/\/gesport.unizar.es\/tr\/transnational-meetings\/\"> <span class=\"screen-reader-text\">ULUSLARARASI TOPLANTILAR<\/span> Read More &raquo;<\/a><\/p>\n","protected":false},"author":3,"featured_media":0,"parent":0,"menu_order":0,"comment_status":"closed","ping_status":"closed","template":"","meta":{"site-sidebar-layout":"default","site-content-layout":"default","ast-global-header-display":"","ast-main-header-display":"","ast-hfb-above-header-display":"","ast-hfb-below-header-display":"","ast-hfb-mobile-header-display":"","site-post-title":"","ast-breadcrumbs-content":"","ast-featured-img":"","footer-sml-layout":"","theme-transparent-header-meta":"","adv-header-id-meta":"","stick-header-meta":"","header-above-stick-meta":"","header-main-stick-meta":"","header-below-stick-meta":""},"translation":{"provider":"WPGlobus","version":"2.10.4","language":"tr","enabled_languages":["gb","es","tr","it","pt"],"languages":{"gb":{"title":true,"content":true,"excerpt":false},"es":{"title":true,"content":true,"excerpt":false},"tr":{"title":true,"content":true,"excerpt":false},"it":{"title":true,"content":true,"excerpt":false},"pt":{"title":true,"content":true,"excerpt":false}}},"yoast_head":"<!-- This site is optimized with the Yoast SEO plugin v19.7.1 - https:\/\/yoast.com\/wordpress\/plugins\/seo\/ -->\n<title>ULUSLARARASI TOPLANTILAR - GESPORT+<\/title>\n<meta name=\"robots\" content=\"index, follow, max-snippet:-1, max-image-preview:large, max-video-preview:-1\" \/>\n<link rel=\"canonical\" href=\"https:\/\/gesport.unizar.es\/transnational-meetings\/\" \/>\n<meta property=\"og:locale\" content=\"tr_TR\" \/>\n<meta property=\"og:type\" content=\"article\" \/>\n<meta property=\"og:title\" content=\"ULUSLARARASI TOPLANTILAR - GESPORT+\" \/>\n<meta property=\"og:url\" content=\"https:\/\/gesport.unizar.es\/transnational-meetings\/\" \/>\n<meta property=\"og:site_name\" content=\"GESPORT+\" \/>\n<meta property=\"article:modified_time\" content=\"2022-10-28T09:48:03+00:00\" \/>\n<meta name=\"twitter:card\" content=\"summary_large_image\" \/>\n<meta name=\"twitter:label1\" content=\"Est. reading time\" \/>\n\t<meta name=\"twitter:data1\" content=\"5 minutes\" \/>\n<script type=\"application\/ld+json\" class=\"yoast-schema-graph\">{\"@context\":\"https:\/\/schema.org\",\"@graph\":[{\"@type\":\"WebPage\",\"@id\":\"https:\/\/gesport.unizar.es\/transnational-meetings\/\",\"url\":\"https:\/\/gesport.unizar.es\/transnational-meetings\/\",\"name\":\"ULUSLARARASI TOPLANTILAR - GESPORT+\",\"isPartOf\":{\"@id\":\"https:\/\/gesport.unizar.es\/#website\"},\"datePublished\":\"2021-11-17T10:09:49+00:00\",\"dateModified\":\"2022-10-28T09:48:03+00:00\",\"breadcrumb\":{\"@id\":\"https:\/\/gesport.unizar.es\/transnational-meetings\/#breadcrumb\"},\"inLanguage\":\"tr-TR\",\"potentialAction\":[{\"@type\":\"ReadAction\",\"target\":[\"https:\/\/gesport.unizar.es\/transnational-meetings\/\"]}]},{\"@type\":\"BreadcrumbList\",\"@id\":\"https:\/\/gesport.unizar.es\/transnational-meetings\/#breadcrumb\",\"itemListElement\":[{\"@type\":\"ListItem\",\"position\":1,\"name\":\"Portada\",\"item\":\"https:\/\/gesport.unizar.es\/\"},{\"@type\":\"ListItem\",\"position\":2,\"name\":\"REUNIONES TRANSACCIONALES\"}]},{\"@type\":\"WebSite\",\"@id\":\"https:\/\/gesport.unizar.es\/#website\",\"url\":\"https:\/\/gesport.unizar.es\/\",\"name\":\"GESPORT+\",\"description\":\"Corporate governance in sport organizations:  a gendered approach\",\"publisher\":{\"@id\":\"https:\/\/gesport.unizar.es\/#organization\"},\"potentialAction\":[{\"@type\":\"SearchAction\",\"target\":{\"@type\":\"EntryPoint\",\"urlTemplate\":\"https:\/\/gesport.unizar.es\/?s={search_term_string}\"},\"query-input\":\"required name=search_term_string\"}],\"inLanguage\":\"tr-TR\"},{\"@type\":\"Organization\",\"@id\":\"https:\/\/gesport.unizar.es\/#organization\",\"name\":\"GESPORT Erasmus+\",\"url\":\"https:\/\/gesport.unizar.es\/\",\"sameAs\":[],\"logo\":{\"@type\":\"ImageObject\",\"inLanguage\":\"tr-TR\",\"@id\":\"https:\/\/gesport.unizar.es\/#\/schema\/logo\/image\/\",\"url\":\"http:\/\/gesport.unizar.es\/wp-content\/uploads\/2018\/12\/4.jpg\",\"contentUrl\":\"http:\/\/gesport.unizar.es\/wp-content\/uploads\/2018\/12\/4.jpg\",\"width\":400,\"height\":400,\"caption\":\"GESPORT Erasmus+\"},\"image\":{\"@id\":\"https:\/\/gesport.unizar.es\/#\/schema\/logo\/image\/\"}}]}<\/script>\n<!-- \/ Yoast SEO plugin. -->","yoast_head_json":{"title":"ULUSLARARASI TOPLANTILAR - GESPORT+","robots":{"index":"index","follow":"follow","max-snippet":"max-snippet:-1","max-image-preview":"max-image-preview:large","max-video-preview":"max-video-preview:-1"},"canonical":"https:\/\/gesport.unizar.es\/transnational-meetings\/","og_locale":"tr_TR","og_type":"article","og_title":"ULUSLARARASI TOPLANTILAR - GESPORT+","og_url":"https:\/\/gesport.unizar.es\/transnational-meetings\/","og_site_name":"GESPORT+","article_modified_time":"2022-10-28T09:48:03+00:00","twitter_card":"summary_large_image","twitter_misc":{"Est. reading time":"5 minutes"},"schema":{"@context":"https:\/\/schema.org","@graph":[{"@type":"WebPage","@id":"https:\/\/gesport.unizar.es\/transnational-meetings\/","url":"https:\/\/gesport.unizar.es\/transnational-meetings\/","name":"ULUSLARARASI TOPLANTILAR - GESPORT+","isPartOf":{"@id":"https:\/\/gesport.unizar.es\/#website"},"datePublished":"2021-11-17T10:09:49+00:00","dateModified":"2022-10-28T09:48:03+00:00","breadcrumb":{"@id":"https:\/\/gesport.unizar.es\/transnational-meetings\/#breadcrumb"},"inLanguage":"tr-TR","potentialAction":[{"@type":"ReadAction","target":["https:\/\/gesport.unizar.es\/transnational-meetings\/"]}]},{"@type":"BreadcrumbList","@id":"https:\/\/gesport.unizar.es\/transnational-meetings\/#breadcrumb","itemListElement":[{"@type":"ListItem","position":1,"name":"Portada","item":"https:\/\/gesport.unizar.es\/"},{"@type":"ListItem","position":2,"name":"REUNIONES TRANSACCIONALES"}]},{"@type":"WebSite","@id":"https:\/\/gesport.unizar.es\/#website","url":"https:\/\/gesport.unizar.es\/","name":"GESPORT+","description":"Corporate governance in sport organizations:  a gendered approach","publisher":{"@id":"https:\/\/gesport.unizar.es\/#organization"},"potentialAction":[{"@type":"SearchAction","target":{"@type":"EntryPoint","urlTemplate":"https:\/\/gesport.unizar.es\/?s={search_term_string}"},"query-input":"required name=search_term_string"}],"inLanguage":"tr-TR"},{"@type":"Organization","@id":"https:\/\/gesport.unizar.es\/#organization","name":"GESPORT Erasmus+","url":"https:\/\/gesport.unizar.es\/","sameAs":[],"logo":{"@type":"ImageObject","inLanguage":"tr-TR","@id":"https:\/\/gesport.unizar.es\/#\/schema\/logo\/image\/","url":"http:\/\/gesport.unizar.es\/wp-content\/uploads\/2018\/12\/4.jpg","contentUrl":"http:\/\/gesport.unizar.es\/wp-content\/uploads\/2018\/12\/4.jpg","width":400,"height":400,"caption":"GESPORT Erasmus+"},"image":{"@id":"https:\/\/gesport.unizar.es\/#\/schema\/logo\/image\/"}}]}},"_links":{"self":[{"href":"https:\/\/gesport.unizar.es\/tr\/wp-json\/wp\/v2\/pages\/6538"}],"collection":[{"href":"https:\/\/gesport.unizar.es\/tr\/wp-json\/wp\/v2\/pages"}],"about":[{"href":"https:\/\/gesport.unizar.es\/tr\/wp-json\/wp\/v2\/types\/page"}],"author":[{"embeddable":true,"href":"https:\/\/gesport.unizar.es\/tr\/wp-json\/wp\/v2\/users\/3"}],"replies":[{"embeddable":true,"href":"https:\/\/gesport.unizar.es\/tr\/wp-json\/wp\/v2\/comments?post=6538"}],"version-history":[{"count":16,"href":"https:\/\/gesport.unizar.es\/tr\/wp-json\/wp\/v2\/pages\/6538\/revisions"}],"predecessor-version":[{"id":10605,"href":"https:\/\/gesport.unizar.es\/tr\/wp-json\/wp\/v2\/pages\/6538\/revisions\/10605"}],"wp:attachment":[{"href":"https:\/\/gesport.unizar.es\/tr\/wp-json\/wp\/v2\/media?parent=6538"}],"curies":[{"name":"wp","href":"https:\/\/api.w.org\/{rel}","templated":true}]}}