{"id":6536,"date":"2021-11-17T10:09:15","date_gmt":"2021-11-17T10:09:15","guid":{"rendered":"https:\/\/gesport.unizar.es\/?page_id=6536"},"modified":"2025-04-09T15:28:51","modified_gmt":"2025-04-09T15:28:51","slug":"other-events","status":"publish","type":"page","link":"https:\/\/gesport.unizar.es\/tr\/other-events\/","title":{"rendered":"B\u0130R SONRAK\u0130 ETK\u0130NL\u0130K"},"content":{"rendered":"\n<p class=\"has-white-color has-vivid-purple-background-color has-text-color has-background has-large-font-size\" id=\"block-7f41ffad-f9fd-4a77-b89b-5c95e45a5a8d\" style=\"line-height:1.1\">GESPORT Projesi sonu\u00e7lar\u0131n\u0131n Avrupa Parlamentosu Kad\u0131n Haklar\u0131 ve Toplumsal Cinsiyet E\u015fitli\u011fi Komisyonu Yurtta\u015f Haklar\u0131 ve Anayasa \u0130\u015fleri Politika Departman\u0131 taraf\u0131ndan d\u00fczenlenen &#8220;Kad\u0131n ve Spor&#8221; \u00c7al\u0131\u015ftay\u0131nda sunumu. Br\u00fcksel, 29 Kas\u0131m 2022.<\/p>\n\n\n\n<p class=\"has-text-align-center has-white-color has-vivid-purple-background-color has-text-color has-background has-large-font-size\" id=\"block-7f41ffad-f9fd-4a77-b89b-5c95e45a5a8d\" style=\"line-height:1.1\"><strong>G\u00dcNDEM<\/strong><\/p>\n\n\n\n<p class=\"has-text-align-left has-white-color has-vivid-purple-background-color has-text-color has-background has-large-font-size\" id=\"block-7f41ffad-f9fd-4a77-b89b-5c95e45a5a8d\" style=\"line-height:1.1\">15.00 \u2013 15.03 (3 dk): Kad\u0131n Haklar\u0131 ve Toplumsal Cinsiyet E\u015fitli\u011fi Komitesi Ba\u015fkan\u0131 Robert BIEDRO\u0143&#8217; nun a\u00e7\u0131l\u0131\u015f konu\u015fmas\u0131<\/p>\n\n\n\n<p class=\"has-text-align-left has-white-color has-vivid-purple-background-color has-text-color has-background has-large-font-size\" id=\"block-7f41ffad-f9fd-4a77-b89b-5c95e45a5a8d\" style=\"line-height:1.1\">15.03 \u2013 15.15 (12 dk): Avrupa Komisyonu Sporda \u00dcst D\u00fczey Toplumsal Cinsiyet E\u015fitli\u011fi Grubu Ba\u015fkan\u0131 Emine Bozkurt&#8217;un \u201cSporda Daha Fazla Toplumsal Cinsiyet E\u015fitli\u011fine Do\u011fru &#8211; \u00dcst D\u00fczey Gruptan \u00d6neriler ve Eylem Plan\u0131- Sporda Toplumsal Cinsiyet E\u015fitli\u011fi (2022)\u201d ba\u015fl\u0131kl\u0131 son yay\u0131n\u0131 hakk\u0131ndaki sunumu<\/p>\n\n\n\n<p class=\"has-text-align-left has-white-color has-vivid-purple-background-color has-text-color has-background has-large-font-size\" id=\"block-7f41ffad-f9fd-4a77-b89b-5c95e45a5a8d\" style=\"line-height:1.1\">15.15 &#8211; 15.27 (12 dk): Zaragoza \u00dcniversitesi&#8217;nden Dr. Mar\u00eda Luisa ESTEBAN SALVADOR&#8217;un \u201cUlusal spor federasyonlar\u0131n\u0131n kurumsal y\u00f6netiminde kad\u0131nlar: Avrupa Yakla\u015f\u0131m\u0131\u201d ba\u015fl\u0131kl\u0131 sunumu<\/p>\n\n\n\n<p class=\"has-text-align-left wp-embed-aspect-16-9 wp-has-aspect-ratio has-white-color has-vivid-purple-background-color has-text-color has-background has-large-font-size\" id=\"block-7f41ffad-f9fd-4a77-b89b-5c95e45a5a8d\" style=\"line-height:1.1\">15.27 \u2013 15.57 (30 dk): Sorular ve Cevaplar<\/p>\n\n\n\n<p class=\"has-text-align-left wp-embed-aspect-16-9 wp-has-aspect-ratio has-white-color has-vivid-purple-background-color has-text-color has-background has-large-font-size\" id=\"block-7f41ffad-f9fd-4a77-b89b-5c95e45a5a8d\" style=\"line-height:1.1\">15.57 &#8211; 16.00 (3 dakika): Kad\u0131n haklar\u0131 ve Toplumsal Cinsiyet E\u015fitli\u011fi Komitesi Ba\u015fkan\u0131 Robert B\u0130EDRO\u0143 taraf\u0131ndan kapan\u0131\u015f\u0131n yap\u0131lmas\u0131<\/p>\n\n\n\n<p class=\"wp-embed-aspect-16-9 wp-has-aspect-ratio\">Di\u011fer etkinlikler<\/p>\n\n\n\n<p><a href=\"https:\/\/www.youtube.com\/watch?v=dRlBWcbhsbQ\">Sunum Videosu Teramo<\/a><\/p>\n\n\n\n<figure class=\"wp-block-embed is-type-video is-provider-youtube wp-block-embed-youtube wp-embed-aspect-16-9 wp-has-aspect-ratio\"><div class=\"wp-block-embed__wrapper\">\n<div class=\"ast-oembed-container\" style=\"height: 100%;\"><iframe loading=\"lazy\" title=\"VIDEO PRESENTACI\u00d3N TERAMO\" width=\"500\" height=\"281\" src=\"https:\/\/www.youtube.com\/embed\/dRlBWcbhsbQ?feature=oembed\" frameborder=\"0\" allow=\"accelerometer; autoplay; clipboard-write; encrypted-media; gyroscope; picture-in-picture; web-share\" referrerpolicy=\"strict-origin-when-cross-origin\" allowfullscreen><\/iframe><\/div>\n<\/div><\/figure>\n\n\n\n<p>Bu video, Temmuz 2018&#8217;de Teramo \u00dcniversitesi&#8217;nde ikinci uluslararas\u0131 toplant\u0131 s\u0131ras\u0131nda ger\u00e7ekle\u015ftirilmi\u015ftir. \u0130lgili video, Teramo \u00dcniversitesi Vakf\u0131 Bas\u0131n ve Radyo Televizyon Prod\u00fcksiyon Ofisi&#8217;nden Sergio Pipitone ve Sergio De Angelis taraf\u0131ndan \u00e7ekilmi\u015ftir. Video, projenin halka yay\u0131lmas\u0131 i\u00e7in ikinci uluslararas\u0131 proje toplant\u0131s\u0131n\u0131 \u00f6zetlemektedir. Teramo \u00dcniversitesi kamp\u00fcs\u00fcn\u00fcn yukar\u0131dan panoramik g\u00f6r\u00fcnt\u00fcs\u00fcnden sonra, GESPORT ekibinin Teramo \u00dcniversitesi Rekt\u00f6r\u00fc Prof. Luciano D&#8217;AM\u0130CO ile birlikte d\u00fczenledi\u011fi bas\u0131n toplant\u0131s\u0131n\u0131n baz\u0131 anlar\u0131n\u0131 i\u00e7ermektedir. Ayr\u0131ca GESPORT proje ekibinin Teramo \u00dcniversitesi Vakf\u0131 Bas\u0131n ve Radyo Televizyon Prod\u00fcksiyon Ofisi kay\u0131t st\u00fcdyosuna yapt\u0131\u011f\u0131 ziyaretin yan\u0131 s\u0131ra, ekip \u00fcyelerinin Radyofrekans&#8217;ta gazeteci ve radyo konu\u015fmac\u0131s\u0131 Sergio Pipitone&#8217;a verdi\u011fi radyo r\u00f6portaj\u0131n\u0131 da i\u00e7ermektedir. Videonun sonunda t\u00fcm kat\u0131l\u0131mc\u0131 kurumlar\u0131n ve Avrupa Birli\u011fi&#8217;nin logosu yer almaktad\u0131r.<\/p>\n\n\n\n<p>11-12 Nisan 2019 tarihlerinde Roma Tre \u00dcniversitesi Toplumsal Cinsiyet Sorunlar\u0131 Bilimsel G\u00f6zlemevi Ipazia&#8217;n\u0131n ev sahipli\u011finde d\u00fczenlenen Uluslararas\u0131 Toplumsal Cinsiyet Ara\u015ft\u0131rmalar\u0131 Konferans\u0131&#8217;na (ICGR19) \u201cAvrupa&#8217;daki spor federasyonlar\u0131nda kad\u0131n ba\u015fkanlar: Kar\u015f\u0131la\u015ft\u0131rmal\u0131 bir \u00e7al\u0131\u015fma\u201d \u00f6zetinin sunumu. Bildiri \u00f6zeti kongre kitab\u0131n\u0131n 105. sayfas\u0131nda yay\u0131mlanm\u0131\u015ft\u0131r. Emilia Fernandes sunumu y\u00f6netmi\u015ftir.\u00a0<\/p>\n\n\n\n<p><strong>\u201d<\/strong> GESPORT ekibi, 11. Uluslararas\u0131 Kritik Y\u00f6netim Konferans\u0131 \u201cG\u00dcVENCES\u0130Z HED\u0130YELER, A\u00c7IK GELECEKLER\u201dde, \u201cSpor ve spor y\u00f6netiminde cinsiyet uyumlar\u0131, zorluklar ve de\u011fi\u015fimlerin haritalanmas\u0131: Politikalar, ba\u011flamlar, uygulamalar, akt\u00f6rler ve etkile\u015fimler\u201d ak\u0131\u015f\u0131n\u0131 d\u00fczenlemi\u015ftir. A\u00e7\u0131k \u00dcniversite, Walton Hall, Milton Keynes, \u0130ngiltere 27-29 Haziran 2019. Charlotte Smith ba\u015fkanl\u0131k etmi\u015ftir.\u00a0<\/p>\n\n\n\n<p>07-08 Mart 2020 tarihlerinde Ankara\/T\u00fcrkiye&#8217;de \u0130KSAD 2020: D\u00fcnya Kad\u0131nlar Konferans\u0131&#8217;n\u0131n &#8220;Be\u015f Avrupa \u00fclkesinde spor federasyonlar\u0131n\u0131n ulusal y\u00f6netim organlar\u0131nda kad\u0131nlar\u0131n varl\u0131\u011f\u0131n\u0131n ara\u015ft\u0131r\u0131lmas\u0131&#8221; \u00f6zetinin sunumu. Luisa Esteban taraf\u0131ndan sunulmu\u015ftur. \u00d6zet,\u00a0kitab\u0131n\u00a05. sayfas\u0131ndad\u0131r.<\/p>\n\n\n\n<p>Presentaci\u00f3n del resumen &#8220;Explorando la presencia de las mujeres en los \u00f3rganos de gobierno nacionales de las federaciones deportivas en 5 pa\u00edses europeos&#8221;<strong> <\/strong>de la IKSAD 2020: CONFERENCIA DE MUJERES DEL MUNDO en Ankara, Turqu\u00eda durante el 7 y 8 de marzo de 2020. Presentado por Luisa Esteban. El resumen est\u00e1 publicado en la p\u00e1gina 5 del <a href=\"https:\/\/5350ee29-a3ce-4e91-865f-4343795377a4.filesusr.com\/ugd\/614b1f_5521a3c90e004bf1983221223e90a0e4.pdf\">libro de la conferencia<\/a>.<\/p>\n\n\n\n<p>Charlotte Smith participante del Reino Unido, dio una <a href=\"https:\/\/www.womeninfootball.co.uk\/news\/2019\/11\/06\/event\/\">charla magistral<\/a> sobre el proyecto en Bournemouth en un evento organizado sobre las mujeres en la gobernanza del deporte el 5 de diciembre de 2019.<\/p>\n\n\n\n<p>Presentaci\u00f3n del resumen &#8220;Explorando la presencia de las mujeres en los \u00f3rganos de gobierno nacionales de las federaciones deportivas en 5 pa\u00edses europeos&#8221; de la IKSAD 2020: World Women Conference en Ankara\/Turqu\u00eda el 07-08 de marzo de 2020. Fue presentado por Luisa Esteban. El resumen se encuentra en la p\u00e1gina 5 del <a href=\"https:\/\/5350ee29-a3ce-4e91-865f-4343795377a4.filesusr.com\/ugd\/614b1f_5521a3c90e004bf1983221223e90a0e4.pdf\">libro<\/a>.<\/p>\n\n\n\n<p> GESPORT projesi, \u0130spanya Y\u00fcksek Spor Konseyi (CDS) taraf\u0131ndan 2016-2019 d\u00f6neminde \u0130spanyol organizasyonlar\u0131n\u0131n y\u00f6netti\u011fi Erasmus+ spor projelerinin sunumu ve de\u011fi\u015fimi\u201c konulu ilk dijital seminere kat\u0131lmak \u00fczere se\u00e7ilmi\u015ftir. Avrupa Birli\u011fi taraf\u0131ndan 2016&#8217;dan 2019&#8217;a kadar t\u00fcm Avrupa \u00fclkelerinden ba\u015fvurusu yap\u0131lan 702 spor projesi i\u00e7erisinde \u0130spanya, se\u00e7ilen t\u00fcm projeler aras\u0131ndan %7,25&#8217;i (73 proje) i\u00e7in fon alm\u0131\u015ft\u0131r. \u0130spanya&#8217;daki Erasmus+ projelerinde iyi uygulamalar\u0131n de\u011fi\u015f-toku\u015f edilmesini, proje sunarken ve se\u00e7erken ya\u015fanan sorunlar ile zorluklar\u0131n tespit edilmesini ve \u0130spanyol projelerinin oran\u0131n\u0131n art\u0131r\u0131lmas\u0131na y\u00f6nelik \u00e7\u00f6z\u00fcmlere odaklan\u0131lmas\u0131n\u0131 ama\u00e7layan bu etkinli\u011fe kat\u0131lmak \u00fczere 73 projeden 12&#8217;si belirlenmi\u015ftir. Organizasyonlar\u0131ndan sorumlu her ki\u015fi, ba\u015far\u0131s\u0131n\u0131n temel y\u00f6nlerini vurgulayarak projelerini sunmu\u015ftur. Daha sonra hem projelerin y\u00fcr\u00fct\u00fclmesi ve geli\u015ftirilmesindeki engellerin hem de bu sorunlara olas\u0131 \u00e7\u00f6z\u00fcmlerin tart\u0131\u015f\u0131ld\u0131\u011f\u0131 bir yuvarlak masa toplant\u0131s\u0131 d\u00fczenlenmi\u015ftir. Konferans, Erasmus + Infodays 2020 kampanyas\u0131n\u0131n bir par\u00e7as\u0131d\u0131r. Gen\u00e7 Spor Vakf\u0131 ve CSD taraf\u0131ndan koordine edilmi\u015ftir. Kat\u0131l\u0131mc\u0131lar aras\u0131nda Y\u00fcksek Spor Konseyi (CSD)\u2019nin Projelerden Sorumlu Ba\u015fkan\u0131, \u0130spanya Sporda Sa\u011fl\u0131\u011f\u0131n Korunmas\u0131 Ajans\u0131 (AEPSAD) Genel M\u00fcd\u00fcr\u00fc, Gen\u00e7 Spor Vakf\u0131 Genel M\u00fcd\u00fcr\u00fc, \u00dcst D\u00fczey Sporcu Servisi \u2013 CSD Ba\u015fkan\u0131 ve de\u011ferlendirici, dan\u0131\u015fman ve Erasmus + projeleri koordinat\u00f6r\u00fc bulunmaktad\u0131r. Luisa Esteban taraf\u0131ndan sunum yap\u0131lm\u0131\u015ft\u0131r.<\/p>\n\n\n\n<p>Bask Spor Okulu (Escuela Vasca del Deporte), GESPORT projesi koordinat\u00f6r\u00fcn\u00fc 17 Aral\u0131k 2020\u2019de Jon Iriberri Berrostegieta taraf\u0131ndan d\u00fczenlenen \u201cToplumsal cinsiyet perspektifinden federasyonlarda kurumsal y\u00f6netim\u201d ba\u015fl\u0131kl\u0131 \u201cFiziksel aktivite, spor ve toplumsal cinsiyet perspektifi\u201d web semineri kapsam\u0131nda projenin baz\u0131 sonu\u00e7lar\u0131n\u0131n sunumunu yapmaya davet etmi\u015ftir. Luisa Esteban burada bir sunum yap\u0131lm\u0131\u015ft\u0131r ve video\u00a0YouTube&#8217;da g\u00f6r\u00fclebilir  <a href=\"https:\/\/www.youtube.com\/watch?v=HTIQd-n8gjo\">Youtube<\/a>.<\/p>\n\n\n\n<figure class=\"wp-block-embed is-type-video is-provider-youtube wp-block-embed-youtube wp-embed-aspect-16-9 wp-has-aspect-ratio\"><div class=\"wp-block-embed__wrapper\">\n<div class=\"ast-oembed-container\" style=\"height: 100%;\"><iframe loading=\"lazy\" title=\"Kirol Eskola | El gobierno corporativo en las federaciones desde una perspectiva de ge\u0301nero\" width=\"500\" height=\"281\" src=\"https:\/\/www.youtube.com\/embed\/HTIQd-n8gjo?feature=oembed\" frameborder=\"0\" allow=\"accelerometer; autoplay; clipboard-write; encrypted-media; gyroscope; picture-in-picture; web-share\" referrerpolicy=\"strict-origin-when-cross-origin\" allowfullscreen><\/iframe><\/div>\n<\/div><\/figure>\n\n\n\n<p>Teramo&#8217;da d\u00fczenlenen\u00a0Kad\u0131nlar G\u00fcn\u00fc&#8217;ne Kat\u0131l\u0131m (8 Mart 2021). Tiziana Di Cimbrini taraf\u0131ndan sunulmu\u015ftur.\u00a0 en Teramo (8 de marzo de 2021). Fue presentada por Tiziana Di Cimbrini.<\/p>\n\n\n\n<p>GESPORT ekibi, 25-29 Eyl\u00fcl 2019 tarihleri aras\u0131nda \u0130spanya&#8217;n\u0131n Zaragoza \u00dcniversitesi Teruel Kamp\u00fcs\u00fc&#8217;nde d\u00fczenlenen\u00a0Dil \u00c7e\u015fitlili\u011fi Y\u0131ll\u0131k Konferans\u0131&#8217;n\u0131n (Language Diversity 6, LD6) alt\u0131nc\u0131s\u0131n\u0131n organizasyon ve bilimsel komitelerinde yer alm\u0131\u015ft\u0131r.\u00a0<\/p>\n\n\n\n<p>Poster Sunumu &#8220;Be\u015f Avrupa \u00fclkesinin spor kurullar\u0131nda kad\u0131nlar: bir ke\u015fif sporu&#8221;.\u00a05. Uluslararas\u0131 Toplumsal Cinsiyet Ara\u015ft\u0131rmalar\u0131 Konferans\u0131, ICGR 2022. Aveiro, Portekiz, 28 ve 29 Nisan 2022. Emilia Fernandes taraf\u0131ndan sunum yap\u0131lm\u0131\u015ft\u0131r.\u00a0<\/p>\n","protected":false},"excerpt":{"rendered":"<p>GESPORT Projesi sonu\u00e7lar\u0131n\u0131n Avrupa Parlamentosu Kad\u0131n Haklar\u0131 ve Toplumsal Cinsiyet E\u015fitli\u011fi Komisyonu Yurtta\u015f Haklar\u0131 ve Anayasa \u0130\u015fleri Politika Departman\u0131 taraf\u0131ndan d\u00fczenlenen &#8220;Kad\u0131n ve Spor&#8221; \u00c7al\u0131\u015ftay\u0131nda sunumu. Br\u00fcksel, 29 Kas\u0131m 2022. G\u00dcNDEM 15.00 \u2013 15.03 (3 dk): Kad\u0131n Haklar\u0131 ve Toplumsal Cinsiyet E\u015fitli\u011fi Komitesi Ba\u015fkan\u0131 Robert BIEDRO\u0143&#8217; nun a\u00e7\u0131l\u0131\u015f konu\u015fmas\u0131 15.03 \u2013 15.15 (12 dk): Avrupa &hellip;<\/p>\n<p class=\"read-more\"> <a class=\"\" href=\"https:\/\/gesport.unizar.es\/tr\/other-events\/\"> <span class=\"screen-reader-text\">B\u0130R SONRAK\u0130 ETK\u0130NL\u0130K<\/span> Read More &raquo;<\/a><\/p>\n","protected":false},"author":3,"featured_media":0,"parent":0,"menu_order":0,"comment_status":"closed","ping_status":"closed","template":"","meta":{"site-sidebar-layout":"default","site-content-layout":"default","ast-global-header-display":"","ast-main-header-display":"","ast-hfb-above-header-display":"","ast-hfb-below-header-display":"","ast-hfb-mobile-header-display":"","site-post-title":"","ast-breadcrumbs-content":"","ast-featured-img":"","footer-sml-layout":"","theme-transparent-header-meta":"","adv-header-id-meta":"","stick-header-meta":"","header-above-stick-meta":"","header-main-stick-meta":"","header-below-stick-meta":""},"translation":{"provider":"WPGlobus","version":"2.10.4","language":"tr","enabled_languages":["gb","es","tr","it","pt"],"languages":{"gb":{"title":true,"content":true,"excerpt":false},"es":{"title":true,"content":true,"excerpt":false},"tr":{"title":true,"content":true,"excerpt":false},"it":{"title":true,"content":true,"excerpt":false},"pt":{"title":true,"content":true,"excerpt":false}}},"yoast_head":"<!-- This site is optimized with the Yoast SEO plugin v19.7.1 - https:\/\/yoast.com\/wordpress\/plugins\/seo\/ -->\n<title>B\u0130R SONRAK\u0130 ETK\u0130NL\u0130K - GESPORT+<\/title>\n<meta name=\"robots\" content=\"index, follow, max-snippet:-1, max-image-preview:large, max-video-preview:-1\" \/>\n<link rel=\"canonical\" href=\"https:\/\/gesport.unizar.es\/other-events\/\" \/>\n<meta property=\"og:locale\" content=\"tr_TR\" \/>\n<meta property=\"og:type\" content=\"article\" \/>\n<meta property=\"og:title\" content=\"B\u0130R SONRAK\u0130 ETK\u0130NL\u0130K - GESPORT+\" \/>\n<meta property=\"og:url\" content=\"https:\/\/gesport.unizar.es\/other-events\/\" \/>\n<meta property=\"og:site_name\" content=\"GESPORT+\" \/>\n<meta property=\"article:modified_time\" content=\"2025-04-09T15:28:51+00:00\" \/>\n<meta property=\"og:image\" content=\"https:\/\/gesport.unizar.es\/wp-content\/uploads\/2025\/04\/Cartel-10A-ES-1.jpg\" \/>\n<meta name=\"twitter:card\" content=\"summary_large_image\" \/>\n<meta name=\"twitter:label1\" content=\"Est. reading time\" \/>\n\t<meta name=\"twitter:data1\" content=\"5 minutes\" \/>\n<script type=\"application\/ld+json\" class=\"yoast-schema-graph\">{\"@context\":\"https:\/\/schema.org\",\"@graph\":[{\"@type\":\"WebPage\",\"@id\":\"https:\/\/gesport.unizar.es\/other-events\/\",\"url\":\"https:\/\/gesport.unizar.es\/other-events\/\",\"name\":\"B\u0130R SONRAK\u0130 ETK\u0130NL\u0130K - GESPORT+\",\"isPartOf\":{\"@id\":\"https:\/\/gesport.unizar.es\/#website\"},\"datePublished\":\"2021-11-17T10:09:15+00:00\",\"dateModified\":\"2025-04-09T15:28:51+00:00\",\"breadcrumb\":{\"@id\":\"https:\/\/gesport.unizar.es\/other-events\/#breadcrumb\"},\"inLanguage\":\"tr-TR\",\"potentialAction\":[{\"@type\":\"ReadAction\",\"target\":[\"https:\/\/gesport.unizar.es\/other-events\/\"]}]},{\"@type\":\"BreadcrumbList\",\"@id\":\"https:\/\/gesport.unizar.es\/other-events\/#breadcrumb\",\"itemListElement\":[{\"@type\":\"ListItem\",\"position\":1,\"name\":\"Portada\",\"item\":\"https:\/\/gesport.unizar.es\/\"},{\"@type\":\"ListItem\",\"position\":2,\"name\":\"EVENTOS:\"}]},{\"@type\":\"WebSite\",\"@id\":\"https:\/\/gesport.unizar.es\/#website\",\"url\":\"https:\/\/gesport.unizar.es\/\",\"name\":\"GESPORT+\",\"description\":\"Corporate governance in sport organizations:  a gendered approach\",\"publisher\":{\"@id\":\"https:\/\/gesport.unizar.es\/#organization\"},\"potentialAction\":[{\"@type\":\"SearchAction\",\"target\":{\"@type\":\"EntryPoint\",\"urlTemplate\":\"https:\/\/gesport.unizar.es\/?s={search_term_string}\"},\"query-input\":\"required name=search_term_string\"}],\"inLanguage\":\"tr-TR\"},{\"@type\":\"Organization\",\"@id\":\"https:\/\/gesport.unizar.es\/#organization\",\"name\":\"GESPORT Erasmus+\",\"url\":\"https:\/\/gesport.unizar.es\/\",\"sameAs\":[],\"logo\":{\"@type\":\"ImageObject\",\"inLanguage\":\"tr-TR\",\"@id\":\"https:\/\/gesport.unizar.es\/#\/schema\/logo\/image\/\",\"url\":\"http:\/\/gesport.unizar.es\/wp-content\/uploads\/2018\/12\/4.jpg\",\"contentUrl\":\"http:\/\/gesport.unizar.es\/wp-content\/uploads\/2018\/12\/4.jpg\",\"width\":400,\"height\":400,\"caption\":\"GESPORT Erasmus+\"},\"image\":{\"@id\":\"https:\/\/gesport.unizar.es\/#\/schema\/logo\/image\/\"}}]}<\/script>\n<!-- \/ Yoast SEO plugin. -->","yoast_head_json":{"title":"B\u0130R SONRAK\u0130 ETK\u0130NL\u0130K - GESPORT+","robots":{"index":"index","follow":"follow","max-snippet":"max-snippet:-1","max-image-preview":"max-image-preview:large","max-video-preview":"max-video-preview:-1"},"canonical":"https:\/\/gesport.unizar.es\/other-events\/","og_locale":"tr_TR","og_type":"article","og_title":"B\u0130R SONRAK\u0130 ETK\u0130NL\u0130K - GESPORT+","og_url":"https:\/\/gesport.unizar.es\/other-events\/","og_site_name":"GESPORT+","article_modified_time":"2025-04-09T15:28:51+00:00","og_image":[{"url":"https:\/\/gesport.unizar.es\/wp-content\/uploads\/2025\/04\/Cartel-10A-ES-1.jpg"}],"twitter_card":"summary_large_image","twitter_misc":{"Est. reading time":"5 minutes"},"schema":{"@context":"https:\/\/schema.org","@graph":[{"@type":"WebPage","@id":"https:\/\/gesport.unizar.es\/other-events\/","url":"https:\/\/gesport.unizar.es\/other-events\/","name":"B\u0130R SONRAK\u0130 ETK\u0130NL\u0130K - GESPORT+","isPartOf":{"@id":"https:\/\/gesport.unizar.es\/#website"},"datePublished":"2021-11-17T10:09:15+00:00","dateModified":"2025-04-09T15:28:51+00:00","breadcrumb":{"@id":"https:\/\/gesport.unizar.es\/other-events\/#breadcrumb"},"inLanguage":"tr-TR","potentialAction":[{"@type":"ReadAction","target":["https:\/\/gesport.unizar.es\/other-events\/"]}]},{"@type":"BreadcrumbList","@id":"https:\/\/gesport.unizar.es\/other-events\/#breadcrumb","itemListElement":[{"@type":"ListItem","position":1,"name":"Portada","item":"https:\/\/gesport.unizar.es\/"},{"@type":"ListItem","position":2,"name":"EVENTOS:"}]},{"@type":"WebSite","@id":"https:\/\/gesport.unizar.es\/#website","url":"https:\/\/gesport.unizar.es\/","name":"GESPORT+","description":"Corporate governance in sport organizations:  a gendered approach","publisher":{"@id":"https:\/\/gesport.unizar.es\/#organization"},"potentialAction":[{"@type":"SearchAction","target":{"@type":"EntryPoint","urlTemplate":"https:\/\/gesport.unizar.es\/?s={search_term_string}"},"query-input":"required name=search_term_string"}],"inLanguage":"tr-TR"},{"@type":"Organization","@id":"https:\/\/gesport.unizar.es\/#organization","name":"GESPORT Erasmus+","url":"https:\/\/gesport.unizar.es\/","sameAs":[],"logo":{"@type":"ImageObject","inLanguage":"tr-TR","@id":"https:\/\/gesport.unizar.es\/#\/schema\/logo\/image\/","url":"http:\/\/gesport.unizar.es\/wp-content\/uploads\/2018\/12\/4.jpg","contentUrl":"http:\/\/gesport.unizar.es\/wp-content\/uploads\/2018\/12\/4.jpg","width":400,"height":400,"caption":"GESPORT Erasmus+"},"image":{"@id":"https:\/\/gesport.unizar.es\/#\/schema\/logo\/image\/"}}]}},"_links":{"self":[{"href":"https:\/\/gesport.unizar.es\/tr\/wp-json\/wp\/v2\/pages\/6536"}],"collection":[{"href":"https:\/\/gesport.unizar.es\/tr\/wp-json\/wp\/v2\/pages"}],"about":[{"href":"https:\/\/gesport.unizar.es\/tr\/wp-json\/wp\/v2\/types\/page"}],"author":[{"embeddable":true,"href":"https:\/\/gesport.unizar.es\/tr\/wp-json\/wp\/v2\/users\/3"}],"replies":[{"embeddable":true,"href":"https:\/\/gesport.unizar.es\/tr\/wp-json\/wp\/v2\/comments?post=6536"}],"version-history":[{"count":204,"href":"https:\/\/gesport.unizar.es\/tr\/wp-json\/wp\/v2\/pages\/6536\/revisions"}],"predecessor-version":[{"id":10983,"href":"https:\/\/gesport.unizar.es\/tr\/wp-json\/wp\/v2\/pages\/6536\/revisions\/10983"}],"wp:attachment":[{"href":"https:\/\/gesport.unizar.es\/tr\/wp-json\/wp\/v2\/media?parent=6536"}],"curies":[{"name":"wp","href":"https:\/\/api.w.org\/{rel}","templated":true}]}}