{"id":6505,"date":"2021-11-17T09:36:56","date_gmt":"2021-11-17T09:36:56","guid":{"rendered":"https:\/\/gesport.unizar.es\/?page_id=6505"},"modified":"2023-06-25T16:00:50","modified_gmt":"2023-06-25T16:00:50","slug":"logo-catalog","status":"publish","type":"page","link":"https:\/\/gesport.unizar.es\/tr\/logo-catalog\/","title":{"rendered":"Se\u00e7ilen logolar\u0131n raporu: Sanatsal logo katalo\u011fu\ufffc"},"content":{"rendered":"\n<div class=\"wp-block-file\"><object class=\"wp-block-file__embed\" data=\"https:\/\/gesport.unizar.es\/wp-content\/uploads\/2023\/06\/GESPORT_logos_catalogue_report-2.pdf\" type=\"application\/pdf\" style=\"width:100%;height:590px\" aria-label=\"Incrustado de GESPORT_logos_catalogue_report.\"><\/object><a id=\"wp-block-file--media-c0b30b47-93b5-4a33-ad12-ddfe386ffa20\" href=\"https:\/\/gesport.unizar.es\/wp-content\/uploads\/2023\/06\/GESPORT_logos_catalogue_report-2.pdf\">GESPORT_logos_catalogue_report<\/a><a href=\"https:\/\/gesport.unizar.es\/wp-content\/uploads\/2023\/06\/GESPORT_logos_catalogue_report-2.pdf\" class=\"wp-block-file__button\" download aria-describedby=\"wp-block-file--media-c0b30b47-93b5-4a33-ad12-ddfe386ffa20\">Descarga<\/a><\/div>\n\n\n\n<p>Foi elaborado um <a href=\"https:\/\/gesport.unizar.es\/logo-catalog\/\">cat\u00e1logo de log\u00f3tipos<\/a> art\u00edsticos como relat\u00f3rio dos treze log\u00f3tipos, composto por oito finalistas e mais cinco log\u00f3tipos selecionados pelo juri. O cat\u00e1logo de log\u00f3tipos foi publicado no website do Projeto GESPORT.<\/p>\n\n\n\n<p>O cat\u00e1logo de log\u00f3tipos tem a seguinte estrutura: \u00edndice de tabelas, introdu\u00e7\u00e3o, informa\u00e7\u00e3o detalhada sobre o conte\u00fado dos log\u00f3tipos vencedores, a identifica\u00e7\u00e3o da marca do log\u00f3tipo vencedor, log\u00f3tipos de outros finalistas e cinco log\u00f3tipos adicionais que foram selecionados<\/p>\n\n\n\n<p>No \u00e2mbito do Curso de ver\u00e3o, na Universidade de Teruel, foi realizada uma exposi\u00e7\u00e3o, para as\/os participantes do curso e tamb\u00e9m para pessoas interessadas na exposi\u00e7\u00e3o.<\/p>\n\n\n\n<p>Este artigo de imprensa \u00e9 sobre a exposi\u00e7\u00e3o do cat\u00e1logo de log\u00f3tipos \u201c<a href=\"https:\/\/gesport.unizar.es\/wp-content\/uploads\/2020\/10\/Curso-UVT-Diario-Teruel-11_09_2020.pdf\">Exhibition of the logos that entered the contest<\/a>\u201d (Miguel \u00c1ngel Artigas Gracia, <em>Diario de Teruel<\/em>, 11 de setembro de 2020).<\/p>\n","protected":false},"excerpt":{"rendered":"<p>Foi elaborado um cat\u00e1logo de log\u00f3tipos art\u00edsticos como relat\u00f3rio dos treze log\u00f3tipos, composto por oito finalistas e mais cinco log\u00f3tipos selecionados pelo juri. O cat\u00e1logo de log\u00f3tipos foi publicado no website do Projeto GESPORT. O cat\u00e1logo de log\u00f3tipos tem a seguinte estrutura: \u00edndice de tabelas, introdu\u00e7\u00e3o, informa\u00e7\u00e3o detalhada sobre o conte\u00fado dos log\u00f3tipos vencedores, a &hellip;<\/p>\n<p class=\"read-more\"> <a class=\"\" href=\"https:\/\/gesport.unizar.es\/tr\/logo-catalog\/\"> <span class=\"screen-reader-text\">Se\u00e7ilen logolar\u0131n raporu: Sanatsal logo katalo\u011fu\ufffc<\/span> Read More &raquo;<\/a><\/p>\n","protected":false},"author":3,"featured_media":0,"parent":0,"menu_order":0,"comment_status":"closed","ping_status":"closed","template":"","meta":{"site-sidebar-layout":"default","site-content-layout":"default","ast-global-header-display":"","ast-main-header-display":"","ast-hfb-above-header-display":"","ast-hfb-below-header-display":"","ast-hfb-mobile-header-display":"","site-post-title":"","ast-breadcrumbs-content":"","ast-featured-img":"","footer-sml-layout":"","theme-transparent-header-meta":"","adv-header-id-meta":"","stick-header-meta":"","header-above-stick-meta":"","header-main-stick-meta":"","header-below-stick-meta":""},"translation":{"provider":"WPGlobus","version":"2.10.4","language":"tr","enabled_languages":["gb","es","tr","it","pt"],"languages":{"gb":{"title":true,"content":true,"excerpt":false},"es":{"title":true,"content":true,"excerpt":false},"tr":{"title":true,"content":true,"excerpt":false},"it":{"title":true,"content":true,"excerpt":false},"pt":{"title":true,"content":true,"excerpt":false}}},"yoast_head":"<!-- This site is optimized with the Yoast SEO plugin v19.7.1 - https:\/\/yoast.com\/wordpress\/plugins\/seo\/ -->\n<title>Se\u00e7ilen logolar\u0131n raporu: Sanatsal logo katalo\u011fu\ufffc - GESPORT+<\/title>\n<meta name=\"robots\" content=\"index, follow, max-snippet:-1, max-image-preview:large, max-video-preview:-1\" \/>\n<link rel=\"canonical\" href=\"https:\/\/gesport.unizar.es\/logo-catalog\/\" \/>\n<meta property=\"og:locale\" content=\"tr_TR\" \/>\n<meta property=\"og:type\" content=\"article\" \/>\n<meta property=\"og:title\" content=\"Se\u00e7ilen logolar\u0131n raporu: Sanatsal logo katalo\u011fu\ufffc - GESPORT+\" \/>\n<meta property=\"og:url\" content=\"https:\/\/gesport.unizar.es\/logo-catalog\/\" \/>\n<meta property=\"og:site_name\" content=\"GESPORT+\" \/>\n<meta property=\"article:modified_time\" content=\"2023-06-25T16:00:50+00:00\" \/>\n<meta name=\"twitter:card\" content=\"summary_large_image\" \/>\n<meta name=\"twitter:label1\" content=\"Est. reading time\" \/>\n\t<meta name=\"twitter:data1\" content=\"1 minute\" \/>\n<script type=\"application\/ld+json\" class=\"yoast-schema-graph\">{\"@context\":\"https:\/\/schema.org\",\"@graph\":[{\"@type\":\"WebPage\",\"@id\":\"https:\/\/gesport.unizar.es\/logo-catalog\/\",\"url\":\"https:\/\/gesport.unizar.es\/logo-catalog\/\",\"name\":\"Se\u00e7ilen logolar\u0131n raporu: Sanatsal logo katalo\u011fu\ufffc - GESPORT+\",\"isPartOf\":{\"@id\":\"https:\/\/gesport.unizar.es\/#website\"},\"datePublished\":\"2021-11-17T09:36:56+00:00\",\"dateModified\":\"2023-06-25T16:00:50+00:00\",\"breadcrumb\":{\"@id\":\"https:\/\/gesport.unizar.es\/logo-catalog\/#breadcrumb\"},\"inLanguage\":\"tr-TR\",\"potentialAction\":[{\"@type\":\"ReadAction\",\"target\":[\"https:\/\/gesport.unizar.es\/logo-catalog\/\"]}]},{\"@type\":\"BreadcrumbList\",\"@id\":\"https:\/\/gesport.unizar.es\/logo-catalog\/#breadcrumb\",\"itemListElement\":[{\"@type\":\"ListItem\",\"position\":1,\"name\":\"Portada\",\"item\":\"https:\/\/gesport.unizar.es\/\"},{\"@type\":\"ListItem\",\"position\":2,\"name\":\"Informe de los logos seleccionados: Cat\u00e1logo de Logos\"}]},{\"@type\":\"WebSite\",\"@id\":\"https:\/\/gesport.unizar.es\/#website\",\"url\":\"https:\/\/gesport.unizar.es\/\",\"name\":\"GESPORT+\",\"description\":\"Corporate governance in sport organizations:  a gendered approach\",\"publisher\":{\"@id\":\"https:\/\/gesport.unizar.es\/#organization\"},\"potentialAction\":[{\"@type\":\"SearchAction\",\"target\":{\"@type\":\"EntryPoint\",\"urlTemplate\":\"https:\/\/gesport.unizar.es\/?s={search_term_string}\"},\"query-input\":\"required name=search_term_string\"}],\"inLanguage\":\"tr-TR\"},{\"@type\":\"Organization\",\"@id\":\"https:\/\/gesport.unizar.es\/#organization\",\"name\":\"GESPORT Erasmus+\",\"url\":\"https:\/\/gesport.unizar.es\/\",\"sameAs\":[],\"logo\":{\"@type\":\"ImageObject\",\"inLanguage\":\"tr-TR\",\"@id\":\"https:\/\/gesport.unizar.es\/#\/schema\/logo\/image\/\",\"url\":\"http:\/\/gesport.unizar.es\/wp-content\/uploads\/2018\/12\/4.jpg\",\"contentUrl\":\"http:\/\/gesport.unizar.es\/wp-content\/uploads\/2018\/12\/4.jpg\",\"width\":400,\"height\":400,\"caption\":\"GESPORT Erasmus+\"},\"image\":{\"@id\":\"https:\/\/gesport.unizar.es\/#\/schema\/logo\/image\/\"}}]}<\/script>\n<!-- \/ Yoast SEO plugin. -->","yoast_head_json":{"title":"Se\u00e7ilen logolar\u0131n raporu: Sanatsal logo katalo\u011fu\ufffc - GESPORT+","robots":{"index":"index","follow":"follow","max-snippet":"max-snippet:-1","max-image-preview":"max-image-preview:large","max-video-preview":"max-video-preview:-1"},"canonical":"https:\/\/gesport.unizar.es\/logo-catalog\/","og_locale":"tr_TR","og_type":"article","og_title":"Se\u00e7ilen logolar\u0131n raporu: Sanatsal logo katalo\u011fu\ufffc - GESPORT+","og_url":"https:\/\/gesport.unizar.es\/logo-catalog\/","og_site_name":"GESPORT+","article_modified_time":"2023-06-25T16:00:50+00:00","twitter_card":"summary_large_image","twitter_misc":{"Est. reading time":"1 minute"},"schema":{"@context":"https:\/\/schema.org","@graph":[{"@type":"WebPage","@id":"https:\/\/gesport.unizar.es\/logo-catalog\/","url":"https:\/\/gesport.unizar.es\/logo-catalog\/","name":"Se\u00e7ilen logolar\u0131n raporu: Sanatsal logo katalo\u011fu\ufffc - GESPORT+","isPartOf":{"@id":"https:\/\/gesport.unizar.es\/#website"},"datePublished":"2021-11-17T09:36:56+00:00","dateModified":"2023-06-25T16:00:50+00:00","breadcrumb":{"@id":"https:\/\/gesport.unizar.es\/logo-catalog\/#breadcrumb"},"inLanguage":"tr-TR","potentialAction":[{"@type":"ReadAction","target":["https:\/\/gesport.unizar.es\/logo-catalog\/"]}]},{"@type":"BreadcrumbList","@id":"https:\/\/gesport.unizar.es\/logo-catalog\/#breadcrumb","itemListElement":[{"@type":"ListItem","position":1,"name":"Portada","item":"https:\/\/gesport.unizar.es\/"},{"@type":"ListItem","position":2,"name":"Informe de los logos seleccionados: Cat\u00e1logo de Logos"}]},{"@type":"WebSite","@id":"https:\/\/gesport.unizar.es\/#website","url":"https:\/\/gesport.unizar.es\/","name":"GESPORT+","description":"Corporate governance in sport organizations:  a gendered approach","publisher":{"@id":"https:\/\/gesport.unizar.es\/#organization"},"potentialAction":[{"@type":"SearchAction","target":{"@type":"EntryPoint","urlTemplate":"https:\/\/gesport.unizar.es\/?s={search_term_string}"},"query-input":"required name=search_term_string"}],"inLanguage":"tr-TR"},{"@type":"Organization","@id":"https:\/\/gesport.unizar.es\/#organization","name":"GESPORT Erasmus+","url":"https:\/\/gesport.unizar.es\/","sameAs":[],"logo":{"@type":"ImageObject","inLanguage":"tr-TR","@id":"https:\/\/gesport.unizar.es\/#\/schema\/logo\/image\/","url":"http:\/\/gesport.unizar.es\/wp-content\/uploads\/2018\/12\/4.jpg","contentUrl":"http:\/\/gesport.unizar.es\/wp-content\/uploads\/2018\/12\/4.jpg","width":400,"height":400,"caption":"GESPORT Erasmus+"},"image":{"@id":"https:\/\/gesport.unizar.es\/#\/schema\/logo\/image\/"}}]}},"_links":{"self":[{"href":"https:\/\/gesport.unizar.es\/tr\/wp-json\/wp\/v2\/pages\/6505"}],"collection":[{"href":"https:\/\/gesport.unizar.es\/tr\/wp-json\/wp\/v2\/pages"}],"about":[{"href":"https:\/\/gesport.unizar.es\/tr\/wp-json\/wp\/v2\/types\/page"}],"author":[{"embeddable":true,"href":"https:\/\/gesport.unizar.es\/tr\/wp-json\/wp\/v2\/users\/3"}],"replies":[{"embeddable":true,"href":"https:\/\/gesport.unizar.es\/tr\/wp-json\/wp\/v2\/comments?post=6505"}],"version-history":[{"count":86,"href":"https:\/\/gesport.unizar.es\/tr\/wp-json\/wp\/v2\/pages\/6505\/revisions"}],"predecessor-version":[{"id":10921,"href":"https:\/\/gesport.unizar.es\/tr\/wp-json\/wp\/v2\/pages\/6505\/revisions\/10921"}],"wp:attachment":[{"href":"https:\/\/gesport.unizar.es\/tr\/wp-json\/wp\/v2\/media?parent=6505"}],"curies":[{"name":"wp","href":"https:\/\/api.w.org\/{rel}","templated":true}]}}