{"id":6452,"date":"2021-10-25T11:11:34","date_gmt":"2021-10-25T11:11:34","guid":{"rendered":"https:\/\/gesport.unizar.es\/?page_id=6452"},"modified":"2023-06-12T17:07:26","modified_gmt":"2023-06-12T17:07:26","slug":"book-of-abstracts","status":"publish","type":"page","link":"https:\/\/gesport.unizar.es\/tr\/book-of-abstracts\/","title":{"rendered":"Kitaplar: Uluslararas\u0131 Konferans ICMPEDS"},"content":{"rendered":"\n<figure class=\"wp-block-image size-full\"><img loading=\"lazy\" width=\"3800\" height=\"2850\" src=\"https:\/\/gesport.unizar.es\/wp-content\/uploads\/2022\/09\/2Libros-4.jpg\" alt=\"\" class=\"wp-image-9572\"\/><figcaption>Konferans bildiri \u00f6zetleri kitab\u0131: Marta Burriel Le\u00f3n (2022)<\/figcaption><\/figure>\n\n\n\n<p><em><strong>Konferans bildiri \u00f6zetleri raporu: \u00c7ok Disiplinli Bak\u0131\u015f A\u00e7\u0131s\u0131yla Sporda E\u015fitlik ve \u00c7e\u015fitlilik \u00dczerine Uluslararas\u0131 Konferans (ICMPEDS)<\/strong><\/em><\/p>\n\n\n\n<figure class=\"wp-block-image size-large\"><img loading=\"lazy\" width=\"1024\" height=\"683\" src=\"https:\/\/gesport.unizar.es\/wp-content\/uploads\/2022\/02\/LIBROIMAGEN_book_of_abstracts-1024x683.jpg\" alt=\"\" class=\"wp-image-7366\" srcset=\"https:\/\/gesport.unizar.es\/wp-content\/uploads\/2022\/02\/LIBROIMAGEN_book_of_abstracts-1024x683.jpg 1024w, https:\/\/gesport.unizar.es\/wp-content\/uploads\/2022\/02\/LIBROIMAGEN_book_of_abstracts-300x200.jpg 300w, https:\/\/gesport.unizar.es\/wp-content\/uploads\/2022\/02\/LIBROIMAGEN_book_of_abstracts-768x512.jpg 768w, https:\/\/gesport.unizar.es\/wp-content\/uploads\/2022\/02\/LIBROIMAGEN_book_of_abstracts-1536x1024.jpg 1536w, https:\/\/gesport.unizar.es\/wp-content\/uploads\/2022\/02\/LIBROIMAGEN_book_of_abstracts-2048x1365.jpg 2048w, https:\/\/gesport.unizar.es\/wp-content\/uploads\/2022\/02\/LIBROIMAGEN_book_of_abstracts-24x16.jpg 24w, https:\/\/gesport.unizar.es\/wp-content\/uploads\/2022\/02\/LIBROIMAGEN_book_of_abstracts-36x24.jpg 36w, https:\/\/gesport.unizar.es\/wp-content\/uploads\/2022\/02\/LIBROIMAGEN_book_of_abstracts-48x32.jpg 48w\" sizes=\"(max-width: 1024px) 100vw, 1024px\" \/><figcaption>Konferans bildiri \u00f6zetleri kitab\u0131: Marta Burriel Le\u00f3n (2021)<\/figcaption><\/figure>\n\n\n\n<p>Bildiri \u00f6zetleri kitab\u0131 (ISBN: 978-84-18321-32-0; DOI: 10.26754\/uz.978-84-18321-32-0), Avrupa Birli\u011fi Erasmus+ Program\u0131n\u0131n deste\u011fiyle GESPORT ekibi taraf\u0131ndan 14-16 Temmuz 2021 tarihleri aras\u0131nda d\u00fczenlenen \u201c<a href=\"https:\/\/zaguan.unizar.es\/record\/110748\">\u00c7ok Disiplinli Bak\u0131\u015f A\u00e7\u0131s\u0131yla Sporda E\u015fitlik ve \u00c7e\u015fitlilik \u00dczerine Uluslararas\u0131 Konferans (ICMPEDS)<\/a>\u201dtan izler b\u0131rakmay\u0131 ama\u00e7lam\u0131\u015ft\u0131r.<\/p>\n\n\n\n<p>\u00d6zetlerin yay\u0131nlanmas\u0131 ayr\u0131ca konferans\u0131 takip etmeyenlerin, sporda toplumsal cinsiyet ile ilgili \u00e7ok \u00e7e\u015fitli konularda ba\u015flat\u0131lan tart\u0131\u015fmalardan faydalanmalar\u0131n\u0131 sa\u011flamaktad\u0131r. Bu nedenle kitap, konferans\u0131n sonu\u00e7lar\u0131n\u0131 yaymak ve genel olarak GESPORT projesinde ele al\u0131nan konular hakk\u0131nda kamuoyunu bilgilendirmek i\u00e7in uzun vadeli bir \u00e7\u0131kt\u0131 olmay\u0131 ama\u00e7lamaktad\u0131r. \u00d6zet kitab\u0131, m\u00fcmk\u00fcn olan en geni\u015f \u015fekilde kamuya yay\u0131lmas\u0131 hedeflenen ve bu nedenle bilimsel toplulukla s\u0131n\u0131rl\u0131 olmayan fikri bir \u00fcr\u00fcnd\u00fcr.<\/p>\n\n\n\n<p>Bildiri \u00f6zetleri kitab\u0131, konferansta kabul edilip sunulan t\u00fcm \u00f6zetleri i\u00e7ermektedir. \u00d6zetlerin kabul\u00fc konferans\u0131n bilimsel komite \u00fcyeleri taraf\u0131ndan GESPORT projesinin ama\u00e7lar\u0131 ve konferans konular\u0131yla alakal\u0131 olmayan katk\u0131lar\u0131n hari\u00e7 tutulmas\u0131 nedeniyle hakem s\u00fcrecine tabi tutulmu\u015ftur. GESPORT ekibi ayr\u0131ca herhangi bir f\u0131rsat\u00e7\u0131 davran\u0131\u015ftan ka\u00e7\u0131nmak ve konferans s\u00fcresince sunulan her katk\u0131n\u0131n bir tart\u0131\u015fma ve g\u00f6r\u00fc\u015f al\u0131\u015fveri\u015fine imkan sa\u011flad\u0131\u011f\u0131ndan emin olmak i\u00e7in \u00f6zetlerin yay\u0131nlanmas\u0131n\u0131, konferans s\u0131ras\u0131nda sunum yap\u0131lmas\u0131na tabi k\u0131lm\u0131\u015ft\u0131r. <\/p>\n\n\n\n<p>\u00d6n s\u00f6z ve genel oturumlara ili\u015fkin bilgiler t\u00fcm proje dillerinde (\u0130ngilizce, \u0130talyanca, \u0130spanyolca, Portekizce ve T\u00fcrk\u00e7e) rapor edilmi\u015ftir. (i) Akademik \u00f6zetler ve (iii) Ki\u015fisel, mesleki ve kurumsal \u00f6zetler olarak ikiye ayr\u0131lan \u00f6zetler, kitab\u0131n i\u00e7eri\u011fini m\u00fcmk\u00fcn olan en y\u00fcksek d\u00fczeyde yay\u0131l\u0131m\u0131n\u0131 sa\u011flamak i\u00e7in hem orijinal dillerde hem de \u0130ngilizce olarak eklenmi\u015ftir.<\/p>\n\n\n\n<p>\u00d6zet kitab\u0131n bas\u0131m\u0131, 2021&#8217;de Zaragoza \u00dcniversitesi, Servicio de Publicaciones taraf\u0131ndan bir e-kitap \u015feklinde yap\u0131lm\u0131\u015ft\u0131r. Kitap, GESPORT projesi web sitesinden \u00fccretsiz olarak indirilebilir. https:\/\/gesport.unizar.es\/it\/book-of-abstracts\/<\/p>\n\n\n\n<p>Bildiri \u00f6zetleri kitab\u0131 ayr\u0131ca Zaragoza \u00dcniversitesi ZAGUAN deposunda ve ResearchGate platformunda yer almaktad\u0131r.<\/p>\n\n\n\n<div class=\"wp-container-1 wp-block-buttons\">\n<div class=\"wp-block-button\"><a class=\"wp-block-button__link\" href=\"https:\/\/zaguan.unizar.es\/record\/110748\">\u0130ND\u0130RME<\/a><\/div>\n<\/div>\n\n\n\n<h4>Kitapla ilgili bas\u0131n haberleri:<\/h4>\n\n\n\n<p>\u201c<a href=\"https:\/\/gesport.unizar.es\/es\/more-than-300-people-participate-in-the-forum-on-equality-in-sport-the-international-congress-receives-150-papers-from-various-countries\/\">Sporda e\u015fitlik forumuna 300&#8217;den fazla ki\u015fi kat\u0131l\u0131yor. Uluslararas\u0131 kongreye \u00e7e\u015fitli \u00fclkelerden 150 bildiri kabul edildi<\/a>\u201d (Diario de Teruel, 15 Temmuz 2021).<\/p>\n\n\n\n<p>\u201c<a href=\"https:\/\/gesport.unizar.es\/es\/the-congress-on-equality-in-the-sport-is-postponed\/\">Sporda e\u015fitlik konferans\u0131 ertelendi<\/a>\u201d (Diario de Teruel, 16 Aral\u0131k 2020).<\/p>\n\n\n\n<p><em><strong>Konferans tam metin kitab\u0131: Sporda E\u015fitlik ve \u00c7e\u015fitlilik \u00dczerine \u00c7ok Disiplinli Bak\u0131\u015f A\u00e7\u0131lar\u0131<\/strong><\/em><\/p>\n\n\n\n<figure class=\"wp-block-image size-full\"><img loading=\"lazy\" width=\"3750\" height=\"2500\" src=\"https:\/\/gesport.unizar.es\/wp-content\/uploads\/2022\/09\/Abstracs_2-1.jpg\" alt=\"\" class=\"wp-image-9578\"\/><\/figure>\n\n\n\n<p>&#8220;Sporda E\u015fitlik ve \u00c7e\u015fitlilik \u00dczerine \u00c7ok Disiplinli Bak\u0131\u015f A\u00e7\u0131lar\u0131&#8221; (ISBN: 978-84-18321-44-3, DOI:10.26754\/uz.978-84-18321-44-3) isimli konferans tam metin kitab\u0131, Avrupa Birli\u011fi Erasmus + Program\u0131 kapsam\u0131nda GESPORT ekibi taraf\u0131ndan 14-16 Temmuz 2021 tarihleri aras\u0131nda d\u00fczenlenen &#8220;\u00c7ok Disiplinli Bak\u0131\u015f A\u00e7\u0131s\u0131yla Sporda E\u015fitlik ve \u00c7e\u015fitlilik \u00dczerine Uluslararas\u0131 Konferans (ICMPEDS)&#8221; ) kapsam\u0131nda sunulan en iyi \u00e7al\u0131\u015fmalardan olu\u015fan bir koleksiyondur. Kitap, konferanstan \u00e7\u0131kan bilimsel katk\u0131lar\u0131 yayman\u0131n uzun vadeli bir arac\u0131 olmay\u0131 hedeflemi\u015ftir. Bu nedenle, kamuoyunu bilin\u00e7lendirmeyi ama\u00e7layan ve m\u00fcmk\u00fcn olan en geni\u015f kitleye y\u00f6nelik bildiri \u00f6zetleri kitab\u0131n\u0131n aksine, bu kitap \u00f6zellikle belli bir bilimsel toplulu\u011fa y\u00f6neliktir ve konferans konular\u0131yla ilgili sonu\u00e7lar\u0131 yaymay\u0131 ama\u00e7lam\u0131\u015ft\u0131r.<\/p>\n\n\n\n<p>GESPORT proje ekibi, konferans s\u0131ras\u0131nda sunulan t\u00fcm akademik \u00f6zetler aras\u0131ndan b\u00fcy\u00fck bilimsel titizlikle projenin ana temas\u0131yla en alakal\u0131 olanlar\u0131 se\u00e7mi\u015ftir. Kitap, kabul edilen \u00f6zetlerin %10&#8217;undan daha az\u0131n\u0131 kapsamaktad\u0131r. <\/p>\n\n\n\n<div class=\"wp-container-2 wp-block-buttons\">\n<div class=\"wp-block-button\"><a class=\"wp-block-button__link\" href=\"https:\/\/zaguan.unizar.es\/record\/118606?ln=es\">\u0130ND\u0130RME<\/a><\/div>\n<\/div>\n","protected":false},"excerpt":{"rendered":"<p>Konferans bildiri \u00f6zetleri raporu: \u00c7ok Disiplinli Bak\u0131\u015f A\u00e7\u0131s\u0131yla Sporda E\u015fitlik ve \u00c7e\u015fitlilik \u00dczerine Uluslararas\u0131 Konferans (ICMPEDS) Bildiri \u00f6zetleri kitab\u0131 (ISBN: 978-84-18321-32-0; DOI: 10.26754\/uz.978-84-18321-32-0), Avrupa Birli\u011fi Erasmus+ Program\u0131n\u0131n deste\u011fiyle GESPORT ekibi taraf\u0131ndan 14-16 Temmuz 2021 tarihleri aras\u0131nda d\u00fczenlenen \u201c\u00c7ok Disiplinli Bak\u0131\u015f A\u00e7\u0131s\u0131yla Sporda E\u015fitlik ve \u00c7e\u015fitlilik \u00dczerine Uluslararas\u0131 Konferans (ICMPEDS)\u201dtan izler b\u0131rakmay\u0131 ama\u00e7lam\u0131\u015ft\u0131r. \u00d6zetlerin yay\u0131nlanmas\u0131 ayr\u0131ca &hellip;<\/p>\n<p class=\"read-more\"> <a class=\"\" href=\"https:\/\/gesport.unizar.es\/tr\/book-of-abstracts\/\"> <span class=\"screen-reader-text\">Kitaplar: Uluslararas\u0131 Konferans ICMPEDS<\/span> Read More &raquo;<\/a><\/p>\n","protected":false},"author":3,"featured_media":0,"parent":0,"menu_order":0,"comment_status":"closed","ping_status":"closed","template":"","meta":{"site-sidebar-layout":"default","site-content-layout":"default","ast-global-header-display":"","ast-main-header-display":"","ast-hfb-above-header-display":"","ast-hfb-below-header-display":"","ast-hfb-mobile-header-display":"","site-post-title":"","ast-breadcrumbs-content":"","ast-featured-img":"","footer-sml-layout":"","theme-transparent-header-meta":"default","adv-header-id-meta":"","stick-header-meta":"","header-above-stick-meta":"","header-main-stick-meta":"","header-below-stick-meta":""},"translation":{"provider":"WPGlobus","version":"2.10.4","language":"tr","enabled_languages":["gb","es","tr","it","pt"],"languages":{"gb":{"title":true,"content":true,"excerpt":false},"es":{"title":true,"content":true,"excerpt":false},"tr":{"title":true,"content":true,"excerpt":false},"it":{"title":true,"content":true,"excerpt":false},"pt":{"title":true,"content":true,"excerpt":false}}},"yoast_head":"<!-- This site is optimized with the Yoast SEO plugin v19.7.1 - https:\/\/yoast.com\/wordpress\/plugins\/seo\/ -->\n<title>Kitaplar: Uluslararas\u0131 Konferans ICMPEDS - GESPORT+<\/title>\n<meta name=\"robots\" content=\"index, follow, max-snippet:-1, max-image-preview:large, max-video-preview:-1\" \/>\n<link rel=\"canonical\" href=\"https:\/\/gesport.unizar.es\/book-of-abstracts\/\" \/>\n<meta property=\"og:locale\" content=\"tr_TR\" \/>\n<meta property=\"og:type\" content=\"article\" \/>\n<meta property=\"og:title\" content=\"Kitaplar: Uluslararas\u0131 Konferans ICMPEDS - GESPORT+\" \/>\n<meta property=\"og:url\" content=\"https:\/\/gesport.unizar.es\/book-of-abstracts\/\" \/>\n<meta property=\"og:site_name\" content=\"GESPORT+\" \/>\n<meta property=\"article:modified_time\" content=\"2023-06-12T17:07:26+00:00\" \/>\n<meta property=\"og:image\" content=\"https:\/\/gesport.unizar.es\/wp-content\/uploads\/2022\/09\/2Libros-4.jpg\" \/>\n<meta name=\"twitter:card\" content=\"summary_large_image\" \/>\n<meta name=\"twitter:label1\" content=\"Est. reading time\" \/>\n\t<meta name=\"twitter:data1\" content=\"4 minutes\" \/>\n<script type=\"application\/ld+json\" class=\"yoast-schema-graph\">{\"@context\":\"https:\/\/schema.org\",\"@graph\":[{\"@type\":\"WebPage\",\"@id\":\"https:\/\/gesport.unizar.es\/book-of-abstracts\/\",\"url\":\"https:\/\/gesport.unizar.es\/book-of-abstracts\/\",\"name\":\"Kitaplar: Uluslararas\u0131 Konferans ICMPEDS - GESPORT+\",\"isPartOf\":{\"@id\":\"https:\/\/gesport.unizar.es\/#website\"},\"datePublished\":\"2021-10-25T11:11:34+00:00\",\"dateModified\":\"2023-06-12T17:07:26+00:00\",\"breadcrumb\":{\"@id\":\"https:\/\/gesport.unizar.es\/book-of-abstracts\/#breadcrumb\"},\"inLanguage\":\"tr-TR\",\"potentialAction\":[{\"@type\":\"ReadAction\",\"target\":[\"https:\/\/gesport.unizar.es\/book-of-abstracts\/\"]}]},{\"@type\":\"BreadcrumbList\",\"@id\":\"https:\/\/gesport.unizar.es\/book-of-abstracts\/#breadcrumb\",\"itemListElement\":[{\"@type\":\"ListItem\",\"position\":1,\"name\":\"Portada\",\"item\":\"https:\/\/gesport.unizar.es\/\"},{\"@type\":\"ListItem\",\"position\":2,\"name\":\"Libros: Conferencia Internacional ICMPEDS\ufffc\"}]},{\"@type\":\"WebSite\",\"@id\":\"https:\/\/gesport.unizar.es\/#website\",\"url\":\"https:\/\/gesport.unizar.es\/\",\"name\":\"GESPORT+\",\"description\":\"Corporate governance in sport organizations:  a gendered approach\",\"publisher\":{\"@id\":\"https:\/\/gesport.unizar.es\/#organization\"},\"potentialAction\":[{\"@type\":\"SearchAction\",\"target\":{\"@type\":\"EntryPoint\",\"urlTemplate\":\"https:\/\/gesport.unizar.es\/?s={search_term_string}\"},\"query-input\":\"required name=search_term_string\"}],\"inLanguage\":\"tr-TR\"},{\"@type\":\"Organization\",\"@id\":\"https:\/\/gesport.unizar.es\/#organization\",\"name\":\"GESPORT Erasmus+\",\"url\":\"https:\/\/gesport.unizar.es\/\",\"sameAs\":[],\"logo\":{\"@type\":\"ImageObject\",\"inLanguage\":\"tr-TR\",\"@id\":\"https:\/\/gesport.unizar.es\/#\/schema\/logo\/image\/\",\"url\":\"http:\/\/gesport.unizar.es\/wp-content\/uploads\/2018\/12\/4.jpg\",\"contentUrl\":\"http:\/\/gesport.unizar.es\/wp-content\/uploads\/2018\/12\/4.jpg\",\"width\":400,\"height\":400,\"caption\":\"GESPORT Erasmus+\"},\"image\":{\"@id\":\"https:\/\/gesport.unizar.es\/#\/schema\/logo\/image\/\"}}]}<\/script>\n<!-- \/ Yoast SEO plugin. -->","yoast_head_json":{"title":"Kitaplar: Uluslararas\u0131 Konferans ICMPEDS - GESPORT+","robots":{"index":"index","follow":"follow","max-snippet":"max-snippet:-1","max-image-preview":"max-image-preview:large","max-video-preview":"max-video-preview:-1"},"canonical":"https:\/\/gesport.unizar.es\/book-of-abstracts\/","og_locale":"tr_TR","og_type":"article","og_title":"Kitaplar: Uluslararas\u0131 Konferans ICMPEDS - GESPORT+","og_url":"https:\/\/gesport.unizar.es\/book-of-abstracts\/","og_site_name":"GESPORT+","article_modified_time":"2023-06-12T17:07:26+00:00","og_image":[{"url":"https:\/\/gesport.unizar.es\/wp-content\/uploads\/2022\/09\/2Libros-4.jpg"}],"twitter_card":"summary_large_image","twitter_misc":{"Est. reading time":"4 minutes"},"schema":{"@context":"https:\/\/schema.org","@graph":[{"@type":"WebPage","@id":"https:\/\/gesport.unizar.es\/book-of-abstracts\/","url":"https:\/\/gesport.unizar.es\/book-of-abstracts\/","name":"Kitaplar: Uluslararas\u0131 Konferans ICMPEDS - GESPORT+","isPartOf":{"@id":"https:\/\/gesport.unizar.es\/#website"},"datePublished":"2021-10-25T11:11:34+00:00","dateModified":"2023-06-12T17:07:26+00:00","breadcrumb":{"@id":"https:\/\/gesport.unizar.es\/book-of-abstracts\/#breadcrumb"},"inLanguage":"tr-TR","potentialAction":[{"@type":"ReadAction","target":["https:\/\/gesport.unizar.es\/book-of-abstracts\/"]}]},{"@type":"BreadcrumbList","@id":"https:\/\/gesport.unizar.es\/book-of-abstracts\/#breadcrumb","itemListElement":[{"@type":"ListItem","position":1,"name":"Portada","item":"https:\/\/gesport.unizar.es\/"},{"@type":"ListItem","position":2,"name":"Libros: Conferencia Internacional ICMPEDS\ufffc"}]},{"@type":"WebSite","@id":"https:\/\/gesport.unizar.es\/#website","url":"https:\/\/gesport.unizar.es\/","name":"GESPORT+","description":"Corporate governance in sport organizations:  a gendered approach","publisher":{"@id":"https:\/\/gesport.unizar.es\/#organization"},"potentialAction":[{"@type":"SearchAction","target":{"@type":"EntryPoint","urlTemplate":"https:\/\/gesport.unizar.es\/?s={search_term_string}"},"query-input":"required name=search_term_string"}],"inLanguage":"tr-TR"},{"@type":"Organization","@id":"https:\/\/gesport.unizar.es\/#organization","name":"GESPORT Erasmus+","url":"https:\/\/gesport.unizar.es\/","sameAs":[],"logo":{"@type":"ImageObject","inLanguage":"tr-TR","@id":"https:\/\/gesport.unizar.es\/#\/schema\/logo\/image\/","url":"http:\/\/gesport.unizar.es\/wp-content\/uploads\/2018\/12\/4.jpg","contentUrl":"http:\/\/gesport.unizar.es\/wp-content\/uploads\/2018\/12\/4.jpg","width":400,"height":400,"caption":"GESPORT Erasmus+"},"image":{"@id":"https:\/\/gesport.unizar.es\/#\/schema\/logo\/image\/"}}]}},"_links":{"self":[{"href":"https:\/\/gesport.unizar.es\/tr\/wp-json\/wp\/v2\/pages\/6452"}],"collection":[{"href":"https:\/\/gesport.unizar.es\/tr\/wp-json\/wp\/v2\/pages"}],"about":[{"href":"https:\/\/gesport.unizar.es\/tr\/wp-json\/wp\/v2\/types\/page"}],"author":[{"embeddable":true,"href":"https:\/\/gesport.unizar.es\/tr\/wp-json\/wp\/v2\/users\/3"}],"replies":[{"embeddable":true,"href":"https:\/\/gesport.unizar.es\/tr\/wp-json\/wp\/v2\/comments?post=6452"}],"version-history":[{"count":91,"href":"https:\/\/gesport.unizar.es\/tr\/wp-json\/wp\/v2\/pages\/6452\/revisions"}],"predecessor-version":[{"id":10831,"href":"https:\/\/gesport.unizar.es\/tr\/wp-json\/wp\/v2\/pages\/6452\/revisions\/10831"}],"wp:attachment":[{"href":"https:\/\/gesport.unizar.es\/tr\/wp-json\/wp\/v2\/media?parent=6452"}],"curies":[{"name":"wp","href":"https:\/\/api.w.org\/{rel}","templated":true}]}}