{"id":6440,"date":"2021-10-25T11:06:19","date_gmt":"2021-10-25T11:06:19","guid":{"rendered":"https:\/\/gesport.unizar.es\/?page_id=6440"},"modified":"2022-10-05T16:07:40","modified_gmt":"2022-10-05T16:07:40","slug":"final-report","status":"publish","type":"page","link":"https:\/\/gesport.unizar.es\/tr\/final-report\/","title":{"rendered":"Sonu\u00e7 Raporu\ufffc"},"content":{"rendered":"\n<figure class=\"wp-block-image size-full\"><img loading=\"lazy\" width=\"4000\" height=\"2667\" src=\"https:\/\/gesport.unizar.es\/wp-content\/uploads\/2022\/10\/image-5.png\" alt=\"\" class=\"wp-image-9710\"\/><\/figure>\n\n\n\n<p>Sonu\u00e7 raporu, projenin farkl\u0131 b\u00f6l\u00fcmlerinin daha iyi anla\u015f\u0131lmas\u0131n\u0131 sa\u011flamay\u0131 ama\u00e7layan bu kitapt\u0131r. Projenin ana sonu\u00e7lar\u0131n\u0131n yan\u0131 s\u0131ra y\u00f6netimi ve yayg\u0131nla\u015ft\u0131r\u0131lmas\u0131n\u0131n bir \u00f6zetini i\u00e7ermektedir. Ayr\u0131ca, proje hakk\u0131nda bilgi aramay\u0131 kolayla\u015ft\u0131rmak i\u00e7in web sitesinin yap\u0131s\u0131n\u0131 da a\u00e7\u0131klamaktad\u0131r. Sonu\u00e7 raporu, projenin haber \u00f6\u011felerine, \u00e7oklu etkinliklere, di\u011fer etkinliklere ve videolar\u0131n her birine ili\u015fkin ba\u011flant\u0131lar\u0131 i\u00e7ermektedir. &nbsp;Kitapta ayr\u0131ca projenin ba\u015flang\u0131c\u0131ndan tamamlanmas\u0131na kadar ilgili be\u015f \u00fclkedeki yerel ve ulusal gazeteler, radyo ve TV haberlerine ait ba\u011flant\u0131lar da bulunmaktad\u0131r.<\/p>\n\n\n\n<p>T\u00fcm sonu\u00e7lara ba\u011flant\u0131lar \u00fczerinden eri\u015filebilir ve serbest\u00e7e kullan\u0131labilir. Bu rapor ayr\u0131ca projenin sosyal a\u011f ba\u011flant\u0131lar\u0131n\u0131 (Facebook, Twitter, Instagram, YouTube) da kapsamaktad\u0131r. Bu nedenle sonu\u00e7 raporu, fikri \u00e7\u0131kt\u0131lar\u0131n her birini ayr\u0131 ayr\u0131 a\u00e7\u0131klayan bir k\u0131lavuzdur. T\u00fcm fikri \u00fcr\u00fcnleri, kitaplar\u0131, makaleleri, veritabanlar\u0131n\u0131 ve logo katalo\u011funu indirmek i\u00e7in \u00e7e\u015fitli ba\u011flant\u0131lar bu raporda yer almaktad\u0131r.<\/p>\n\n\n\n<p>Bu kitap projenin be\u015f diline \u00e7evrilmi\u015ftir ve referanslar\u0131 a\u015fa\u011f\u0131daki gibidir:<\/p>\n\n\n\n<p><a href=\"https:\/\/zaguan.unizar.es\/record\/118698\">Corporate governance in sports organizations: A gendered approach. Final report<\/a>. (ISBN: 978-84-18321-53-5; DOI: 10.26754\/uz.978-84-18321-53-5)<\/p>\n\n\n\n<p><a href=\"https:\/\/zaguan.unizar.es\/record\/118697\">Governa\u00e7\u00e3o em organiza\u00e7\u00f5es desportivas: uma perspectiva de g\u00e9nero. Relat\u00f3rio Final<\/a> (ISBN: 978-84-18321-51-1; DOI:10.26754\/uz.978-84-18321-51-1)<\/p>\n\n\n\n<p><a href=\"https:\/\/zaguan.unizar.es\/record\/118695\">La corporate governance nelle organizzazioni sportive: un approccio di genere. Report finale<\/a>. (ISBN: 978-84-18321-52-8; DOI: 10.26754\/uz.978-84-18321-52-8)<\/p>\n\n\n\n<p><a href=\"https:\/\/zaguan.unizar.es\/record\/118696\">El gobierno corporativo en las organizaciones deportivas: un enfoque de g\u00e9nero. Informe final<\/a>. (ISBN: 978-84-18321-54-2, DOI: 10.26754\/uz.978-84-18321-54-2)<\/p>\n\n\n\n<p><a href=\"https:\/\/zaguan.unizar.es\/record\/118757\">Spor organizasyonlar\u0131nda kurumsal y\u00f6netim: Cinsiyete dayal\u0131 bir yakla\u015f\u0131m\u0131. SONU\u00c7<\/a> RAPORU. (ISBN: 978-84-18321-55-9; DOI: 10.26754\/uz.978-84-18321-55-9)<\/p>\n","protected":false},"excerpt":{"rendered":"<p>Sonu\u00e7 raporu, projenin farkl\u0131 b\u00f6l\u00fcmlerinin daha iyi anla\u015f\u0131lmas\u0131n\u0131 sa\u011flamay\u0131 ama\u00e7layan bu kitapt\u0131r. Projenin ana sonu\u00e7lar\u0131n\u0131n yan\u0131 s\u0131ra y\u00f6netimi ve yayg\u0131nla\u015ft\u0131r\u0131lmas\u0131n\u0131n bir \u00f6zetini i\u00e7ermektedir. Ayr\u0131ca, proje hakk\u0131nda bilgi aramay\u0131 kolayla\u015ft\u0131rmak i\u00e7in web sitesinin yap\u0131s\u0131n\u0131 da a\u00e7\u0131klamaktad\u0131r. Sonu\u00e7 raporu, projenin haber \u00f6\u011felerine, \u00e7oklu etkinliklere, di\u011fer etkinliklere ve videolar\u0131n her birine ili\u015fkin ba\u011flant\u0131lar\u0131 i\u00e7ermektedir. &nbsp;Kitapta ayr\u0131ca projenin ba\u015flang\u0131c\u0131ndan &hellip;<\/p>\n<p class=\"read-more\"> <a class=\"\" href=\"https:\/\/gesport.unizar.es\/tr\/final-report\/\"> <span class=\"screen-reader-text\">Sonu\u00e7 Raporu\ufffc<\/span> Read More &raquo;<\/a><\/p>\n","protected":false},"author":3,"featured_media":0,"parent":0,"menu_order":0,"comment_status":"closed","ping_status":"closed","template":"","meta":{"site-sidebar-layout":"default","site-content-layout":"default","ast-global-header-display":"","ast-main-header-display":"","ast-hfb-above-header-display":"","ast-hfb-below-header-display":"","ast-hfb-mobile-header-display":"","site-post-title":"","ast-breadcrumbs-content":"","ast-featured-img":"","footer-sml-layout":"","theme-transparent-header-meta":"default","adv-header-id-meta":"","stick-header-meta":"","header-above-stick-meta":"","header-main-stick-meta":"","header-below-stick-meta":""},"translation":{"provider":"WPGlobus","version":"2.10.4","language":"tr","enabled_languages":["gb","es","tr","it","pt"],"languages":{"gb":{"title":true,"content":true,"excerpt":false},"es":{"title":true,"content":true,"excerpt":false},"tr":{"title":true,"content":true,"excerpt":false},"it":{"title":true,"content":true,"excerpt":false},"pt":{"title":true,"content":true,"excerpt":false}}},"yoast_head":"<!-- This site is optimized with the Yoast SEO plugin v19.7.1 - https:\/\/yoast.com\/wordpress\/plugins\/seo\/ -->\n<title>Sonu\u00e7 Raporu\ufffc - GESPORT+<\/title>\n<meta name=\"robots\" content=\"index, follow, max-snippet:-1, max-image-preview:large, max-video-preview:-1\" \/>\n<link rel=\"canonical\" href=\"https:\/\/gesport.unizar.es\/final-report\/\" \/>\n<meta property=\"og:locale\" content=\"tr_TR\" \/>\n<meta property=\"og:type\" content=\"article\" \/>\n<meta property=\"og:title\" content=\"Sonu\u00e7 Raporu\ufffc - GESPORT+\" \/>\n<meta property=\"og:url\" content=\"https:\/\/gesport.unizar.es\/final-report\/\" \/>\n<meta property=\"og:site_name\" content=\"GESPORT+\" \/>\n<meta property=\"article:modified_time\" content=\"2022-10-05T16:07:40+00:00\" \/>\n<meta property=\"og:image\" content=\"https:\/\/gesport.unizar.es\/wp-content\/uploads\/2022\/10\/image-5.png\" \/>\n<meta name=\"twitter:card\" content=\"summary_large_image\" \/>\n<meta name=\"twitter:label1\" content=\"Est. reading time\" \/>\n\t<meta name=\"twitter:data1\" content=\"2 minutes\" \/>\n<script type=\"application\/ld+json\" class=\"yoast-schema-graph\">{\"@context\":\"https:\/\/schema.org\",\"@graph\":[{\"@type\":\"WebPage\",\"@id\":\"https:\/\/gesport.unizar.es\/final-report\/\",\"url\":\"https:\/\/gesport.unizar.es\/final-report\/\",\"name\":\"Sonu\u00e7 Raporu\ufffc - GESPORT+\",\"isPartOf\":{\"@id\":\"https:\/\/gesport.unizar.es\/#website\"},\"datePublished\":\"2021-10-25T11:06:19+00:00\",\"dateModified\":\"2022-10-05T16:07:40+00:00\",\"breadcrumb\":{\"@id\":\"https:\/\/gesport.unizar.es\/final-report\/#breadcrumb\"},\"inLanguage\":\"tr-TR\",\"potentialAction\":[{\"@type\":\"ReadAction\",\"target\":[\"https:\/\/gesport.unizar.es\/final-report\/\"]}]},{\"@type\":\"BreadcrumbList\",\"@id\":\"https:\/\/gesport.unizar.es\/final-report\/#breadcrumb\",\"itemListElement\":[{\"@type\":\"ListItem\",\"position\":1,\"name\":\"Portada\",\"item\":\"https:\/\/gesport.unizar.es\/\"},{\"@type\":\"ListItem\",\"position\":2,\"name\":\"Libro: Informe Final\"}]},{\"@type\":\"WebSite\",\"@id\":\"https:\/\/gesport.unizar.es\/#website\",\"url\":\"https:\/\/gesport.unizar.es\/\",\"name\":\"GESPORT+\",\"description\":\"Corporate governance in sport organizations:  a gendered approach\",\"publisher\":{\"@id\":\"https:\/\/gesport.unizar.es\/#organization\"},\"potentialAction\":[{\"@type\":\"SearchAction\",\"target\":{\"@type\":\"EntryPoint\",\"urlTemplate\":\"https:\/\/gesport.unizar.es\/?s={search_term_string}\"},\"query-input\":\"required name=search_term_string\"}],\"inLanguage\":\"tr-TR\"},{\"@type\":\"Organization\",\"@id\":\"https:\/\/gesport.unizar.es\/#organization\",\"name\":\"GESPORT Erasmus+\",\"url\":\"https:\/\/gesport.unizar.es\/\",\"sameAs\":[],\"logo\":{\"@type\":\"ImageObject\",\"inLanguage\":\"tr-TR\",\"@id\":\"https:\/\/gesport.unizar.es\/#\/schema\/logo\/image\/\",\"url\":\"http:\/\/gesport.unizar.es\/wp-content\/uploads\/2018\/12\/4.jpg\",\"contentUrl\":\"http:\/\/gesport.unizar.es\/wp-content\/uploads\/2018\/12\/4.jpg\",\"width\":400,\"height\":400,\"caption\":\"GESPORT Erasmus+\"},\"image\":{\"@id\":\"https:\/\/gesport.unizar.es\/#\/schema\/logo\/image\/\"}}]}<\/script>\n<!-- \/ Yoast SEO plugin. -->","yoast_head_json":{"title":"Sonu\u00e7 Raporu\ufffc - GESPORT+","robots":{"index":"index","follow":"follow","max-snippet":"max-snippet:-1","max-image-preview":"max-image-preview:large","max-video-preview":"max-video-preview:-1"},"canonical":"https:\/\/gesport.unizar.es\/final-report\/","og_locale":"tr_TR","og_type":"article","og_title":"Sonu\u00e7 Raporu\ufffc - GESPORT+","og_url":"https:\/\/gesport.unizar.es\/final-report\/","og_site_name":"GESPORT+","article_modified_time":"2022-10-05T16:07:40+00:00","og_image":[{"url":"https:\/\/gesport.unizar.es\/wp-content\/uploads\/2022\/10\/image-5.png"}],"twitter_card":"summary_large_image","twitter_misc":{"Est. reading time":"2 minutes"},"schema":{"@context":"https:\/\/schema.org","@graph":[{"@type":"WebPage","@id":"https:\/\/gesport.unizar.es\/final-report\/","url":"https:\/\/gesport.unizar.es\/final-report\/","name":"Sonu\u00e7 Raporu\ufffc - GESPORT+","isPartOf":{"@id":"https:\/\/gesport.unizar.es\/#website"},"datePublished":"2021-10-25T11:06:19+00:00","dateModified":"2022-10-05T16:07:40+00:00","breadcrumb":{"@id":"https:\/\/gesport.unizar.es\/final-report\/#breadcrumb"},"inLanguage":"tr-TR","potentialAction":[{"@type":"ReadAction","target":["https:\/\/gesport.unizar.es\/final-report\/"]}]},{"@type":"BreadcrumbList","@id":"https:\/\/gesport.unizar.es\/final-report\/#breadcrumb","itemListElement":[{"@type":"ListItem","position":1,"name":"Portada","item":"https:\/\/gesport.unizar.es\/"},{"@type":"ListItem","position":2,"name":"Libro: Informe Final"}]},{"@type":"WebSite","@id":"https:\/\/gesport.unizar.es\/#website","url":"https:\/\/gesport.unizar.es\/","name":"GESPORT+","description":"Corporate governance in sport organizations:  a gendered approach","publisher":{"@id":"https:\/\/gesport.unizar.es\/#organization"},"potentialAction":[{"@type":"SearchAction","target":{"@type":"EntryPoint","urlTemplate":"https:\/\/gesport.unizar.es\/?s={search_term_string}"},"query-input":"required name=search_term_string"}],"inLanguage":"tr-TR"},{"@type":"Organization","@id":"https:\/\/gesport.unizar.es\/#organization","name":"GESPORT Erasmus+","url":"https:\/\/gesport.unizar.es\/","sameAs":[],"logo":{"@type":"ImageObject","inLanguage":"tr-TR","@id":"https:\/\/gesport.unizar.es\/#\/schema\/logo\/image\/","url":"http:\/\/gesport.unizar.es\/wp-content\/uploads\/2018\/12\/4.jpg","contentUrl":"http:\/\/gesport.unizar.es\/wp-content\/uploads\/2018\/12\/4.jpg","width":400,"height":400,"caption":"GESPORT Erasmus+"},"image":{"@id":"https:\/\/gesport.unizar.es\/#\/schema\/logo\/image\/"}}]}},"_links":{"self":[{"href":"https:\/\/gesport.unizar.es\/tr\/wp-json\/wp\/v2\/pages\/6440"}],"collection":[{"href":"https:\/\/gesport.unizar.es\/tr\/wp-json\/wp\/v2\/pages"}],"about":[{"href":"https:\/\/gesport.unizar.es\/tr\/wp-json\/wp\/v2\/types\/page"}],"author":[{"embeddable":true,"href":"https:\/\/gesport.unizar.es\/tr\/wp-json\/wp\/v2\/users\/3"}],"replies":[{"embeddable":true,"href":"https:\/\/gesport.unizar.es\/tr\/wp-json\/wp\/v2\/comments?post=6440"}],"version-history":[{"count":31,"href":"https:\/\/gesport.unizar.es\/tr\/wp-json\/wp\/v2\/pages\/6440\/revisions"}],"predecessor-version":[{"id":9919,"href":"https:\/\/gesport.unizar.es\/tr\/wp-json\/wp\/v2\/pages\/6440\/revisions\/9919"}],"wp:attachment":[{"href":"https:\/\/gesport.unizar.es\/tr\/wp-json\/wp\/v2\/media?parent=6440"}],"curies":[{"name":"wp","href":"https:\/\/api.w.org\/{rel}","templated":true}]}}