{"id":6429,"date":"2021-10-25T11:00:50","date_gmt":"2021-10-25T11:00:50","guid":{"rendered":"https:\/\/gesport.unizar.es\/?page_id=6429"},"modified":"2022-10-07T12:44:31","modified_gmt":"2022-10-07T12:44:31","slug":"questionnaire","status":"publish","type":"page","link":"https:\/\/gesport.unizar.es\/tr\/questionnaire\/","title":{"rendered":"Anket Formu: Avrupa ulusal spor federasyonlar\u0131 y\u00f6netim kurullar\u0131nda cinsiyet e\u015fitli\u011fi\ufffc"},"content":{"rendered":"\n<p>Anket, spor y\u00f6netim kurullar\u0131 taraf\u0131ndan benimsenen cinsiyet politikalar\u0131n\u0131 ve USF\u2019ler i\u00e7indeki cinsiyet ili\u015fkilerinin niteli\u011fini belirlemek amac\u0131yla olu\u015fturulmu\u015ftur. Anket, Connell&#8217;in modeline g\u00f6re d\u00f6rt cinsiyet boyutundan -\u00fcretim ili\u015fkileri, g\u00fc\u00e7 ili\u015fkileri, duygusal ili\u015fkiler ve sembolik boyutlar- esinlenen toplam 41 soru i\u00e7ermektedir (Connell, 1990). Connell&#8217;in bu boyutlar\u0131 toplumsal cinsiyet ve spor y\u00f6netimi odakl\u0131 di\u011fer \u00e7al\u0131\u015fmalarda da ele al\u0131nm\u0131\u015ft\u0131r (Adriaanse &amp; Scholfield, 2013). Anket ayr\u0131ca USF\u2019ler taraf\u0131ndan benimsenen cinsiyet politikalar\u0131 hakk\u0131nda bir dizi soruyu ve Covid-19 pandemisinin cinsiyet ayr\u0131mc\u0131l\u0131\u011f\u0131 \u00fczerindeki etkileri hakk\u0131nda son bir soru daha i\u00e7ermektedir. Kat\u0131l\u0131mc\u0131lar\u0131n e\u015fitlik ve spor y\u00f6netimine dahil olma hakk\u0131ndaki tutum ve g\u00f6r\u00fc\u015flerine ula\u015fmak i\u00e7in ankette likert \u00f6l\u00e7e\u011fi kulland\u0131k.<\/p>\n\n\n\n<p>Anket, projenin t\u00fcm \u00fcyelerinin kat\u0131l\u0131m\u0131yla olu\u015fturulmu\u015ftur. Cinsiyet teorisine dayanarak, sorular federasyonlardaki cinsiyet ili\u015fkilerinin \u00e7e\u015fitli boyutlar\u0131n\u0131 incelemek ve \u00f6zellikle y\u00f6netim kurulunun cinsiyet kompozisyonu ve y\u00f6netim kurullar\u0131nda kad\u0131nlarla erkekler aras\u0131ndaki ili\u015fkiler hakk\u0131nda bilgi toplamak amac\u0131yla tasarlanm\u0131\u015ft\u0131r. \u0130lk taslaktan sonra anket, projenin be\u015f ara\u015ft\u0131rmac\u0131s\u0131 taraf\u0131ndan birka\u00e7 kez tart\u0131\u015f\u0131larak, revize edilmi\u015ftir. Ayr\u0131ca anket be\u015f dile \u00e7evrilmi\u015ftir. Son olarak, ara\u015ft\u0131rmac\u0131lar taraf\u0131ndan her \u00fclkede, sorular\u0131n anla\u015f\u0131labilirli\u011fini ve g\u00fcvenilirli\u011fini test etmek i\u00e7in bir \u00f6n test yap\u0131lm\u0131\u015ft\u0131r. Anket, web sayfalar\u0131ndaki ileti\u015fim bilgileri kullan\u0131larak federasyonlara e-posta yoluyla iletilmi\u015f ve tamamlanmas\u0131n\u0131 isteyen hat\u0131rlatma mailleri g\u00f6nderilmi\u015ftir. Bu anketi uygulaman\u0131n en \u00f6nemli avantaj\u0131, ekibin nispeten \u00e7ok say\u0131da ki\u015fiden yan\u0131t toplayabilmesi ve bunu COVID-19 k\u0131s\u0131tlamalar\u0131 esnas\u0131nda yapabilmesiydi. B\u00f6ylece GESPORT ekibi, di\u011fer ara\u015ft\u0131rmac\u0131lar taraf\u0131ndan y\u00fcr\u00fct\u00fclecek \u00e7al\u0131\u015fmalarda kullan\u0131labilmek \u00fczere bir \u00f6l\u00e7ek geli\u015ftirmeyi ba\u015farm\u0131\u015ft\u0131r.<\/p>\n\n\n\n<p>Ankete eri\u015fim linki buradad\u0131r <\/p>\n\n\n\n<div class=\"wp-container-1 wp-block-buttons\">\n<div class=\"wp-block-button\"><a class=\"wp-block-button__link\" href=\"https:\/\/zenodo.org\/record\/6835162#.YtBic-xByi5\">Zenodo<\/a><\/div>\n<\/div>\n\n\n\n<pre class=\"wp-block-preformatted\">Anket formu: Avrupa ulusal spor federasyonlar\u0131n\u0131n kurullar\u0131nda cinsiyet e\u015fitli\u011fi. \nDOI: 10.5281\/zenodo.6835162<\/pre>\n\n\n\n<p><a href=\"https:\/\/docs.google.com\/forms\/d\/e\/1FAIpQLScX5Nk936sG3e4aK860d_sns2IU-nZksOrXLu9IxT-oS1n4rg\/viewform\">\u0130NG\u0130L\u0130ZCE<\/a><\/p>\n\n\n\n<p><a href=\"https:\/\/docs.google.com\/forms\/d\/e\/1FAIpQLSeIVJllvksbPH0aE2PW1KPT6kHCt5c-WwIIXVt_t2PKy4yB4g\/viewform\">\u0130TALYAN<\/a><\/p>\n\n\n\n<p><a href=\"https:\/\/docs.google.com\/forms\/d\/e\/1FAIpQLSfd0J-fqxIs00ByzeEdjmetI2tqvv25iL5jm1XKyDX7NbpZkA\/viewform\">PORTEK\u0130ZCE<\/a><\/p>\n\n\n\n<p><a href=\"https:\/\/docs.google.com\/forms\/d\/e\/1FAIpQLScuyMpdScjJNh-n7hL9weURKF14J05UU8GKFx2RKLTq_Ccszg\/viewform\">\u0130SPANYOLCA<\/a><\/p>\n\n\n\n<p><a href=\"https:\/\/docs.google.com\/forms\/d\/10OT0GeGCG8EtX5PrmLNkHZFGDWE2kDDw-XXR6XBfFXU\/edit\">T\u00dcRK\u00c7E<\/a><\/p>\n","protected":false},"excerpt":{"rendered":"<p>Anket, spor y\u00f6netim kurullar\u0131 taraf\u0131ndan benimsenen cinsiyet politikalar\u0131n\u0131 ve USF\u2019ler i\u00e7indeki cinsiyet ili\u015fkilerinin niteli\u011fini belirlemek amac\u0131yla olu\u015fturulmu\u015ftur. Anket, Connell&#8217;in modeline g\u00f6re d\u00f6rt cinsiyet boyutundan -\u00fcretim ili\u015fkileri, g\u00fc\u00e7 ili\u015fkileri, duygusal ili\u015fkiler ve sembolik boyutlar- esinlenen toplam 41 soru i\u00e7ermektedir (Connell, 1990). Connell&#8217;in bu boyutlar\u0131 toplumsal cinsiyet ve spor y\u00f6netimi odakl\u0131 di\u011fer \u00e7al\u0131\u015fmalarda da ele al\u0131nm\u0131\u015ft\u0131r (Adriaanse &hellip;<\/p>\n<p class=\"read-more\"> <a class=\"\" href=\"https:\/\/gesport.unizar.es\/tr\/questionnaire\/\"> <span class=\"screen-reader-text\">Anket Formu: Avrupa ulusal spor federasyonlar\u0131 y\u00f6netim kurullar\u0131nda cinsiyet e\u015fitli\u011fi\ufffc<\/span> Read More &raquo;<\/a><\/p>\n","protected":false},"author":3,"featured_media":0,"parent":0,"menu_order":0,"comment_status":"closed","ping_status":"closed","template":"","meta":{"site-sidebar-layout":"default","site-content-layout":"default","ast-global-header-display":"","ast-main-header-display":"","ast-hfb-above-header-display":"","ast-hfb-below-header-display":"","ast-hfb-mobile-header-display":"","site-post-title":"","ast-breadcrumbs-content":"","ast-featured-img":"","footer-sml-layout":"","theme-transparent-header-meta":"default","adv-header-id-meta":"","stick-header-meta":"","header-above-stick-meta":"","header-main-stick-meta":"","header-below-stick-meta":""},"translation":{"provider":"WPGlobus","version":"2.10.4","language":"tr","enabled_languages":["gb","es","tr","it","pt"],"languages":{"gb":{"title":true,"content":true,"excerpt":false},"es":{"title":true,"content":true,"excerpt":false},"tr":{"title":true,"content":true,"excerpt":false},"it":{"title":true,"content":true,"excerpt":false},"pt":{"title":true,"content":true,"excerpt":false}}},"yoast_head":"<!-- This site is optimized with the Yoast SEO plugin v19.7.1 - https:\/\/yoast.com\/wordpress\/plugins\/seo\/ -->\n<title>Anket Formu: Avrupa ulusal spor federasyonlar\u0131 y\u00f6netim kurullar\u0131nda cinsiyet e\u015fitli\u011fi\ufffc - GESPORT+<\/title>\n<meta name=\"robots\" content=\"index, follow, max-snippet:-1, max-image-preview:large, max-video-preview:-1\" \/>\n<link rel=\"canonical\" href=\"https:\/\/gesport.unizar.es\/questionnaire\/\" \/>\n<meta property=\"og:locale\" content=\"tr_TR\" \/>\n<meta property=\"og:type\" content=\"article\" \/>\n<meta property=\"og:title\" content=\"Anket Formu: Avrupa ulusal spor federasyonlar\u0131 y\u00f6netim kurullar\u0131nda cinsiyet e\u015fitli\u011fi\ufffc - GESPORT+\" \/>\n<meta property=\"og:url\" content=\"https:\/\/gesport.unizar.es\/questionnaire\/\" \/>\n<meta property=\"og:site_name\" content=\"GESPORT+\" \/>\n<meta property=\"article:modified_time\" content=\"2022-10-07T12:44:31+00:00\" \/>\n<meta name=\"twitter:card\" content=\"summary_large_image\" \/>\n<meta name=\"twitter:label1\" content=\"Est. reading time\" \/>\n\t<meta name=\"twitter:data1\" content=\"2 minutes\" \/>\n<script type=\"application\/ld+json\" class=\"yoast-schema-graph\">{\"@context\":\"https:\/\/schema.org\",\"@graph\":[{\"@type\":\"WebPage\",\"@id\":\"https:\/\/gesport.unizar.es\/questionnaire\/\",\"url\":\"https:\/\/gesport.unizar.es\/questionnaire\/\",\"name\":\"Anket Formu: Avrupa ulusal spor federasyonlar\u0131 y\u00f6netim kurullar\u0131nda cinsiyet e\u015fitli\u011fi\ufffc - GESPORT+\",\"isPartOf\":{\"@id\":\"https:\/\/gesport.unizar.es\/#website\"},\"datePublished\":\"2021-10-25T11:00:50+00:00\",\"dateModified\":\"2022-10-07T12:44:31+00:00\",\"breadcrumb\":{\"@id\":\"https:\/\/gesport.unizar.es\/questionnaire\/#breadcrumb\"},\"inLanguage\":\"tr-TR\",\"potentialAction\":[{\"@type\":\"ReadAction\",\"target\":[\"https:\/\/gesport.unizar.es\/questionnaire\/\"]}]},{\"@type\":\"BreadcrumbList\",\"@id\":\"https:\/\/gesport.unizar.es\/questionnaire\/#breadcrumb\",\"itemListElement\":[{\"@type\":\"ListItem\",\"position\":1,\"name\":\"Portada\",\"item\":\"https:\/\/gesport.unizar.es\/\"},{\"@type\":\"ListItem\",\"position\":2,\"name\":\"Cuestionario: Igualdad de g\u00e9nero en juntas directivas de las federaciones nacionales deportivas de Europa\"}]},{\"@type\":\"WebSite\",\"@id\":\"https:\/\/gesport.unizar.es\/#website\",\"url\":\"https:\/\/gesport.unizar.es\/\",\"name\":\"GESPORT+\",\"description\":\"Corporate governance in sport organizations:  a gendered approach\",\"publisher\":{\"@id\":\"https:\/\/gesport.unizar.es\/#organization\"},\"potentialAction\":[{\"@type\":\"SearchAction\",\"target\":{\"@type\":\"EntryPoint\",\"urlTemplate\":\"https:\/\/gesport.unizar.es\/?s={search_term_string}\"},\"query-input\":\"required name=search_term_string\"}],\"inLanguage\":\"tr-TR\"},{\"@type\":\"Organization\",\"@id\":\"https:\/\/gesport.unizar.es\/#organization\",\"name\":\"GESPORT Erasmus+\",\"url\":\"https:\/\/gesport.unizar.es\/\",\"sameAs\":[],\"logo\":{\"@type\":\"ImageObject\",\"inLanguage\":\"tr-TR\",\"@id\":\"https:\/\/gesport.unizar.es\/#\/schema\/logo\/image\/\",\"url\":\"http:\/\/gesport.unizar.es\/wp-content\/uploads\/2018\/12\/4.jpg\",\"contentUrl\":\"http:\/\/gesport.unizar.es\/wp-content\/uploads\/2018\/12\/4.jpg\",\"width\":400,\"height\":400,\"caption\":\"GESPORT Erasmus+\"},\"image\":{\"@id\":\"https:\/\/gesport.unizar.es\/#\/schema\/logo\/image\/\"}}]}<\/script>\n<!-- \/ Yoast SEO plugin. -->","yoast_head_json":{"title":"Anket Formu: Avrupa ulusal spor federasyonlar\u0131 y\u00f6netim kurullar\u0131nda cinsiyet e\u015fitli\u011fi\ufffc - GESPORT+","robots":{"index":"index","follow":"follow","max-snippet":"max-snippet:-1","max-image-preview":"max-image-preview:large","max-video-preview":"max-video-preview:-1"},"canonical":"https:\/\/gesport.unizar.es\/questionnaire\/","og_locale":"tr_TR","og_type":"article","og_title":"Anket Formu: Avrupa ulusal spor federasyonlar\u0131 y\u00f6netim kurullar\u0131nda cinsiyet e\u015fitli\u011fi\ufffc - GESPORT+","og_url":"https:\/\/gesport.unizar.es\/questionnaire\/","og_site_name":"GESPORT+","article_modified_time":"2022-10-07T12:44:31+00:00","twitter_card":"summary_large_image","twitter_misc":{"Est. reading time":"2 minutes"},"schema":{"@context":"https:\/\/schema.org","@graph":[{"@type":"WebPage","@id":"https:\/\/gesport.unizar.es\/questionnaire\/","url":"https:\/\/gesport.unizar.es\/questionnaire\/","name":"Anket Formu: Avrupa ulusal spor federasyonlar\u0131 y\u00f6netim kurullar\u0131nda cinsiyet e\u015fitli\u011fi\ufffc - GESPORT+","isPartOf":{"@id":"https:\/\/gesport.unizar.es\/#website"},"datePublished":"2021-10-25T11:00:50+00:00","dateModified":"2022-10-07T12:44:31+00:00","breadcrumb":{"@id":"https:\/\/gesport.unizar.es\/questionnaire\/#breadcrumb"},"inLanguage":"tr-TR","potentialAction":[{"@type":"ReadAction","target":["https:\/\/gesport.unizar.es\/questionnaire\/"]}]},{"@type":"BreadcrumbList","@id":"https:\/\/gesport.unizar.es\/questionnaire\/#breadcrumb","itemListElement":[{"@type":"ListItem","position":1,"name":"Portada","item":"https:\/\/gesport.unizar.es\/"},{"@type":"ListItem","position":2,"name":"Cuestionario: Igualdad de g\u00e9nero en juntas directivas de las federaciones nacionales deportivas de Europa"}]},{"@type":"WebSite","@id":"https:\/\/gesport.unizar.es\/#website","url":"https:\/\/gesport.unizar.es\/","name":"GESPORT+","description":"Corporate governance in sport organizations:  a gendered approach","publisher":{"@id":"https:\/\/gesport.unizar.es\/#organization"},"potentialAction":[{"@type":"SearchAction","target":{"@type":"EntryPoint","urlTemplate":"https:\/\/gesport.unizar.es\/?s={search_term_string}"},"query-input":"required name=search_term_string"}],"inLanguage":"tr-TR"},{"@type":"Organization","@id":"https:\/\/gesport.unizar.es\/#organization","name":"GESPORT Erasmus+","url":"https:\/\/gesport.unizar.es\/","sameAs":[],"logo":{"@type":"ImageObject","inLanguage":"tr-TR","@id":"https:\/\/gesport.unizar.es\/#\/schema\/logo\/image\/","url":"http:\/\/gesport.unizar.es\/wp-content\/uploads\/2018\/12\/4.jpg","contentUrl":"http:\/\/gesport.unizar.es\/wp-content\/uploads\/2018\/12\/4.jpg","width":400,"height":400,"caption":"GESPORT Erasmus+"},"image":{"@id":"https:\/\/gesport.unizar.es\/#\/schema\/logo\/image\/"}}]}},"_links":{"self":[{"href":"https:\/\/gesport.unizar.es\/tr\/wp-json\/wp\/v2\/pages\/6429"}],"collection":[{"href":"https:\/\/gesport.unizar.es\/tr\/wp-json\/wp\/v2\/pages"}],"about":[{"href":"https:\/\/gesport.unizar.es\/tr\/wp-json\/wp\/v2\/types\/page"}],"author":[{"embeddable":true,"href":"https:\/\/gesport.unizar.es\/tr\/wp-json\/wp\/v2\/users\/3"}],"replies":[{"embeddable":true,"href":"https:\/\/gesport.unizar.es\/tr\/wp-json\/wp\/v2\/comments?post=6429"}],"version-history":[{"count":31,"href":"https:\/\/gesport.unizar.es\/tr\/wp-json\/wp\/v2\/pages\/6429\/revisions"}],"predecessor-version":[{"id":10119,"href":"https:\/\/gesport.unizar.es\/tr\/wp-json\/wp\/v2\/pages\/6429\/revisions\/10119"}],"wp:attachment":[{"href":"https:\/\/gesport.unizar.es\/tr\/wp-json\/wp\/v2\/media?parent=6429"}],"curies":[{"name":"wp","href":"https:\/\/api.w.org\/{rel}","templated":true}]}}