{"id":6422,"date":"2021-10-25T10:55:08","date_gmt":"2021-10-25T10:55:08","guid":{"rendered":"https:\/\/gesport.unizar.es\/?page_id=6422"},"modified":"2023-06-12T13:20:56","modified_gmt":"2023-06-12T13:20:56","slug":"book-corporate-governance-in-sport-organizations-a-gender-perspective-1o-ed","status":"publish","type":"page","link":"https:\/\/gesport.unizar.es\/tr\/book-corporate-governance-in-sport-organizations-a-gender-perspective-1o-ed\/","title":{"rendered":"E-kitap: Spor Organizasyonlar\u0131nda Kurumsal Y\u00f6netim: Toplumsal Cinsiyet Perspektifi\ufffc\ufffc\ufffc"},"content":{"rendered":"\n<figure class=\"wp-block-image size-full\"><img loading=\"lazy\" width=\"800\" height=\"726\" src=\"https:\/\/gesport.unizar.es\/wp-content\/uploads\/2019\/11\/book.jpg\" alt=\"\" class=\"wp-image-3207\" srcset=\"https:\/\/gesport.unizar.es\/wp-content\/uploads\/2019\/11\/book.jpg 800w, https:\/\/gesport.unizar.es\/wp-content\/uploads\/2019\/11\/book-300x272.jpg 300w, https:\/\/gesport.unizar.es\/wp-content\/uploads\/2019\/11\/book-768x697.jpg 768w\" sizes=\"(max-width: 800px) 100vw, 800px\" \/><figcaption>Kitap tasar\u0131m: Elena Gil Juana (2019)<\/figcaption><\/figure>\n\n\n\n<p>\u201cSpor Organizasyonlar\u0131nda Kurumsal Y\u00f6netim: Toplumsal Cinsiyet Perspektifi\u201d (ISBN: 978-84-16723-80-52) ba\u015fl\u0131kl\u0131 kitap, projede yer alan \u00fclkelerdeki \u2013BK, \u0130talya, \u0130spanya, Portekiz ve T\u00fcrkiye- USF\u2019lerin y\u00f6netim organlar\u0131nda kad\u0131nlar\u0131n kat\u0131l\u0131m\u0131 hakk\u0131nda bilgi vermeyi ama\u00e7lamaktad\u0131r. Projenin ilk a\u015famas\u0131nda, kad\u0131nlar\u0131n sporda \u00e7e\u015fitli rollere (\u00f6rne\u011fin; sporcu, antren\u00f6r, hakem ve y\u00f6netmen olarak) kat\u0131l\u0131m\u0131n\u0131 ve her \u00fclkenin bu kat\u0131l\u0131ma sosyal ve yasal a\u00e7\u0131kl\u0131k d\u00fczeyini g\u00f6z \u00f6n\u00fcnde bulundurarak, farkl\u0131 \u00fclkelerin spor ba\u011flam\u0131n\u0131 \u00e7er\u00e7evelemek \u00f6nemliydi.<\/p>\n\n\n\n<p>Bu nedenle her b\u00f6l\u00fcm, projenin ortak \u00fclkelerindeki cinsiyet ve sporla ilgili politik, normatif ve k\u00fclt\u00fcrel ko\u015fullar\u0131 tan\u0131mlam\u0131\u015ft\u0131r. Ayr\u0131ca ulusal ba\u011flamlar\u0131n \u00f6zelliklerine g\u00f6re her b\u00f6l\u00fcm farkl\u0131 i\u00e7eri\u011fe sahiptir. Her b\u00f6l\u00fcm\u00fc yazmak i\u00e7in GESPORT proje ekibi, USF\u2019ler taraf\u0131ndan \u00fcretilen sporla ilgili veri tabanlar\u0131na eri\u015fmi\u015f ve her \u00fclkede sporun tarihi, cinsiyet ve sporla ilgili mevzuat ve kad\u0131nlar\u0131n kurumsal y\u00f6netime ve spor y\u00f6netim organlar\u0131na kat\u0131l\u0131m\u0131yla ilgili geli\u015ftirilen ara\u015ft\u0131rmalara ba\u015fvurmu\u015ftur.<\/p>\n\n\n\n<p>Bu \u00e7\u0131kt\u0131 kad\u0131nlar\u0131n spora kat\u0131l\u0131m\u0131n\u0131n ger\u00e7ekli\u011fini, di\u011fer bir ifadeyle projede incelenen be\u015f \u00fclkedeki kad\u0131nlar\u0131n USF\u2019lerdeki varl\u0131\u011f\u0131yla ilgili durumu kar\u015f\u0131la\u015ft\u0131rmay\u0131 m\u00fcmk\u00fcn k\u0131lm\u0131\u015ft\u0131r. Bu kar\u015f\u0131la\u015ft\u0131rma, sporda liderlik pozisyonlar\u0131 noktas\u0131nda toplumsal cinsiyet e\u015fitli\u011fini te\u015fvik etmek i\u00e7in kodlar ve yasalar benimseyerek, siyasi ve yasal giri\u015fimlerde bulunan \u00fclkeler ile bu konuda \u00f6nemli \u00f6l\u00e7\u00fcde ilerleme kaydetmeyen \u00fclkeler hakk\u0131nda fikir sahibi olmay\u0131 m\u00fcmk\u00fcn k\u0131lmaktad\u0131r.<\/p>\n\n\n\n<p>Katalog, Zaragoza \u00dcniversitesi&#8217;nin <a href=\"https:\/\/zaguan.unizar.es\/record\/84009?ln=en\">ZAGUAN <\/a>deposundan indirilebilir:<\/p>\n\n\n\n<div class=\"wp-container-1 wp-block-buttons\">\n<div class=\"wp-block-button\"><a class=\"wp-block-button__link\" href=\"https:\/\/zaguan.unizar.es\/record\/84009?ln=en#\">\u0130ND\u0130RMEK<\/a><\/div>\n<\/div>\n\n\n\n<p>Kitapla ilgili bas\u0131n haberleri:<\/p>\n\n\n\n<p>\u201cReino Unido y Espa\u00f1a en la direcci\u00f3n de federaciones deportivas\u201d (<a href=\"https:\/\/gesport.unizar.es\/united-kingdom-and-spain-have-more-women-in-the-direction-of-sports-federations\/\">Birle\u015fik Krall\u0131k ve \u0130spanya&#8217;da spor federasyonlar\u0131n\u0131n y\u00f6netiminde daha fazla kad\u0131n var<\/a>) (Diario de Teruel, 13 A\u011fustos 2018).<\/p>\n\n\n\n<p>\u201cEl proyecto Gesport publica en marzo un libro sobre mujer e instituciones deportivas\u201d (<a href=\"https:\/\/gesport.unizar.es\/the-gesport-project-publishes-in-march-a-book-about-women-and-sports-institutions\/\">Gesport projesi Mart ay\u0131nda kad\u0131n ve spor kurumlar\u0131 \u00fczerine bir kitap yay\u0131nl\u0131yor<\/a>) (Diario de Teruel, 21 \u015eubat 2019).<\/p>\n\n\n\n<p>\u201cLa participaci\u00f3n de las mujeres en \u00f3rganos rectores del \u00e1mbito deportivo es baja\u201d (<a href=\"https:\/\/gesport.unizar.es\/borrador-automatico\/\">Kad\u0131nlar\u0131n spor alan\u0131n\u0131n y\u00f6netim organlar\u0131na kat\u0131l\u0131m\u0131 d\u00fc\u015f\u00fckt\u00fcr<\/a>) (Diario de Teruel, 2 Kas\u0131m 2019).<\/p>\n\n\n\n<figure class=\"wp-block-image size-full\"><img loading=\"lazy\" width=\"3504\" height=\"5035\" src=\"https:\/\/gesport.unizar.es\/wp-content\/uploads\/2022\/09\/color-explain-cmyk-01.jpg\" alt=\"\" class=\"wp-image-8862\"\/><figcaption>Kitap tasar\u0131m: Elena Gil Juana (2019)<\/figcaption><\/figure>\n","protected":false},"excerpt":{"rendered":"<p>\u201cSpor Organizasyonlar\u0131nda Kurumsal Y\u00f6netim: Toplumsal Cinsiyet Perspektifi\u201d (ISBN: 978-84-16723-80-52) ba\u015fl\u0131kl\u0131 kitap, projede yer alan \u00fclkelerdeki \u2013BK, \u0130talya, \u0130spanya, Portekiz ve T\u00fcrkiye- USF\u2019lerin y\u00f6netim organlar\u0131nda kad\u0131nlar\u0131n kat\u0131l\u0131m\u0131 hakk\u0131nda bilgi vermeyi ama\u00e7lamaktad\u0131r. Projenin ilk a\u015famas\u0131nda, kad\u0131nlar\u0131n sporda \u00e7e\u015fitli rollere (\u00f6rne\u011fin; sporcu, antren\u00f6r, hakem ve y\u00f6netmen olarak) kat\u0131l\u0131m\u0131n\u0131 ve her \u00fclkenin bu kat\u0131l\u0131ma sosyal ve yasal a\u00e7\u0131kl\u0131k d\u00fczeyini &hellip;<\/p>\n<p class=\"read-more\"> <a class=\"\" href=\"https:\/\/gesport.unizar.es\/tr\/book-corporate-governance-in-sport-organizations-a-gender-perspective-1o-ed\/\"> <span class=\"screen-reader-text\">E-kitap: Spor Organizasyonlar\u0131nda Kurumsal Y\u00f6netim: Toplumsal Cinsiyet Perspektifi\ufffc\ufffc\ufffc<\/span> Read More &raquo;<\/a><\/p>\n","protected":false},"author":3,"featured_media":0,"parent":0,"menu_order":0,"comment_status":"closed","ping_status":"closed","template":"","meta":{"site-sidebar-layout":"default","site-content-layout":"default","ast-global-header-display":"","ast-main-header-display":"","ast-hfb-above-header-display":"","ast-hfb-below-header-display":"","ast-hfb-mobile-header-display":"","site-post-title":"","ast-breadcrumbs-content":"","ast-featured-img":"","footer-sml-layout":"","theme-transparent-header-meta":"default","adv-header-id-meta":"","stick-header-meta":"","header-above-stick-meta":"","header-main-stick-meta":"","header-below-stick-meta":""},"translation":{"provider":"WPGlobus","version":"2.10.4","language":"tr","enabled_languages":["gb","es","tr","it","pt"],"languages":{"gb":{"title":true,"content":true,"excerpt":false},"es":{"title":true,"content":true,"excerpt":false},"tr":{"title":true,"content":true,"excerpt":false},"it":{"title":true,"content":true,"excerpt":false},"pt":{"title":true,"content":true,"excerpt":false}}},"yoast_head":"<!-- This site is optimized with the Yoast SEO plugin v19.7.1 - https:\/\/yoast.com\/wordpress\/plugins\/seo\/ -->\n<title>E-kitap: Spor Organizasyonlar\u0131nda Kurumsal Y\u00f6netim: Toplumsal Cinsiyet Perspektifi\ufffc\ufffc\ufffc - GESPORT+<\/title>\n<meta name=\"robots\" content=\"index, follow, max-snippet:-1, max-image-preview:large, max-video-preview:-1\" \/>\n<link rel=\"canonical\" href=\"https:\/\/gesport.unizar.es\/book-corporate-governance-in-sport-organizations-a-gender-perspective-1o-ed\/\" \/>\n<meta property=\"og:locale\" content=\"tr_TR\" \/>\n<meta property=\"og:type\" content=\"article\" \/>\n<meta property=\"og:title\" content=\"E-kitap: Spor Organizasyonlar\u0131nda Kurumsal Y\u00f6netim: Toplumsal Cinsiyet Perspektifi\ufffc\ufffc\ufffc - GESPORT+\" \/>\n<meta property=\"og:url\" content=\"https:\/\/gesport.unizar.es\/book-corporate-governance-in-sport-organizations-a-gender-perspective-1o-ed\/\" \/>\n<meta property=\"og:site_name\" content=\"GESPORT+\" \/>\n<meta property=\"article:modified_time\" content=\"2023-06-12T13:20:56+00:00\" \/>\n<meta property=\"og:image\" content=\"https:\/\/gesport.unizar.es\/wp-content\/uploads\/2019\/11\/book.jpg\" \/>\n<meta name=\"twitter:card\" content=\"summary_large_image\" \/>\n<meta name=\"twitter:label1\" content=\"Est. reading time\" \/>\n\t<meta name=\"twitter:data1\" content=\"3 minutes\" \/>\n<script type=\"application\/ld+json\" class=\"yoast-schema-graph\">{\"@context\":\"https:\/\/schema.org\",\"@graph\":[{\"@type\":\"WebPage\",\"@id\":\"https:\/\/gesport.unizar.es\/book-corporate-governance-in-sport-organizations-a-gender-perspective-1o-ed\/\",\"url\":\"https:\/\/gesport.unizar.es\/book-corporate-governance-in-sport-organizations-a-gender-perspective-1o-ed\/\",\"name\":\"E-kitap: Spor Organizasyonlar\u0131nda Kurumsal Y\u00f6netim: Toplumsal Cinsiyet Perspektifi\ufffc\ufffc\ufffc - GESPORT+\",\"isPartOf\":{\"@id\":\"https:\/\/gesport.unizar.es\/#website\"},\"datePublished\":\"2021-10-25T10:55:08+00:00\",\"dateModified\":\"2023-06-12T13:20:56+00:00\",\"breadcrumb\":{\"@id\":\"https:\/\/gesport.unizar.es\/book-corporate-governance-in-sport-organizations-a-gender-perspective-1o-ed\/#breadcrumb\"},\"inLanguage\":\"tr-TR\",\"potentialAction\":[{\"@type\":\"ReadAction\",\"target\":[\"https:\/\/gesport.unizar.es\/book-corporate-governance-in-sport-organizations-a-gender-perspective-1o-ed\/\"]}]},{\"@type\":\"BreadcrumbList\",\"@id\":\"https:\/\/gesport.unizar.es\/book-corporate-governance-in-sport-organizations-a-gender-perspective-1o-ed\/#breadcrumb\",\"itemListElement\":[{\"@type\":\"ListItem\",\"position\":1,\"name\":\"Portada\",\"item\":\"https:\/\/gesport.unizar.es\/\"},{\"@type\":\"ListItem\",\"position\":2,\"name\":\"e-book: El gobierno corporativo en las organizaciones deportivas: una perspectiva de g\u00e9nero\"}]},{\"@type\":\"WebSite\",\"@id\":\"https:\/\/gesport.unizar.es\/#website\",\"url\":\"https:\/\/gesport.unizar.es\/\",\"name\":\"GESPORT+\",\"description\":\"Corporate governance in sport organizations:  a gendered approach\",\"publisher\":{\"@id\":\"https:\/\/gesport.unizar.es\/#organization\"},\"potentialAction\":[{\"@type\":\"SearchAction\",\"target\":{\"@type\":\"EntryPoint\",\"urlTemplate\":\"https:\/\/gesport.unizar.es\/?s={search_term_string}\"},\"query-input\":\"required name=search_term_string\"}],\"inLanguage\":\"tr-TR\"},{\"@type\":\"Organization\",\"@id\":\"https:\/\/gesport.unizar.es\/#organization\",\"name\":\"GESPORT Erasmus+\",\"url\":\"https:\/\/gesport.unizar.es\/\",\"sameAs\":[],\"logo\":{\"@type\":\"ImageObject\",\"inLanguage\":\"tr-TR\",\"@id\":\"https:\/\/gesport.unizar.es\/#\/schema\/logo\/image\/\",\"url\":\"http:\/\/gesport.unizar.es\/wp-content\/uploads\/2018\/12\/4.jpg\",\"contentUrl\":\"http:\/\/gesport.unizar.es\/wp-content\/uploads\/2018\/12\/4.jpg\",\"width\":400,\"height\":400,\"caption\":\"GESPORT Erasmus+\"},\"image\":{\"@id\":\"https:\/\/gesport.unizar.es\/#\/schema\/logo\/image\/\"}}]}<\/script>\n<!-- \/ Yoast SEO plugin. -->","yoast_head_json":{"title":"E-kitap: Spor Organizasyonlar\u0131nda Kurumsal Y\u00f6netim: Toplumsal Cinsiyet Perspektifi\ufffc\ufffc\ufffc - GESPORT+","robots":{"index":"index","follow":"follow","max-snippet":"max-snippet:-1","max-image-preview":"max-image-preview:large","max-video-preview":"max-video-preview:-1"},"canonical":"https:\/\/gesport.unizar.es\/book-corporate-governance-in-sport-organizations-a-gender-perspective-1o-ed\/","og_locale":"tr_TR","og_type":"article","og_title":"E-kitap: Spor Organizasyonlar\u0131nda Kurumsal Y\u00f6netim: Toplumsal Cinsiyet Perspektifi\ufffc\ufffc\ufffc - GESPORT+","og_url":"https:\/\/gesport.unizar.es\/book-corporate-governance-in-sport-organizations-a-gender-perspective-1o-ed\/","og_site_name":"GESPORT+","article_modified_time":"2023-06-12T13:20:56+00:00","og_image":[{"url":"https:\/\/gesport.unizar.es\/wp-content\/uploads\/2019\/11\/book.jpg"}],"twitter_card":"summary_large_image","twitter_misc":{"Est. reading time":"3 minutes"},"schema":{"@context":"https:\/\/schema.org","@graph":[{"@type":"WebPage","@id":"https:\/\/gesport.unizar.es\/book-corporate-governance-in-sport-organizations-a-gender-perspective-1o-ed\/","url":"https:\/\/gesport.unizar.es\/book-corporate-governance-in-sport-organizations-a-gender-perspective-1o-ed\/","name":"E-kitap: Spor Organizasyonlar\u0131nda Kurumsal Y\u00f6netim: Toplumsal Cinsiyet Perspektifi\ufffc\ufffc\ufffc - GESPORT+","isPartOf":{"@id":"https:\/\/gesport.unizar.es\/#website"},"datePublished":"2021-10-25T10:55:08+00:00","dateModified":"2023-06-12T13:20:56+00:00","breadcrumb":{"@id":"https:\/\/gesport.unizar.es\/book-corporate-governance-in-sport-organizations-a-gender-perspective-1o-ed\/#breadcrumb"},"inLanguage":"tr-TR","potentialAction":[{"@type":"ReadAction","target":["https:\/\/gesport.unizar.es\/book-corporate-governance-in-sport-organizations-a-gender-perspective-1o-ed\/"]}]},{"@type":"BreadcrumbList","@id":"https:\/\/gesport.unizar.es\/book-corporate-governance-in-sport-organizations-a-gender-perspective-1o-ed\/#breadcrumb","itemListElement":[{"@type":"ListItem","position":1,"name":"Portada","item":"https:\/\/gesport.unizar.es\/"},{"@type":"ListItem","position":2,"name":"e-book: El gobierno corporativo en las organizaciones deportivas: una perspectiva de g\u00e9nero"}]},{"@type":"WebSite","@id":"https:\/\/gesport.unizar.es\/#website","url":"https:\/\/gesport.unizar.es\/","name":"GESPORT+","description":"Corporate governance in sport organizations:  a gendered approach","publisher":{"@id":"https:\/\/gesport.unizar.es\/#organization"},"potentialAction":[{"@type":"SearchAction","target":{"@type":"EntryPoint","urlTemplate":"https:\/\/gesport.unizar.es\/?s={search_term_string}"},"query-input":"required name=search_term_string"}],"inLanguage":"tr-TR"},{"@type":"Organization","@id":"https:\/\/gesport.unizar.es\/#organization","name":"GESPORT Erasmus+","url":"https:\/\/gesport.unizar.es\/","sameAs":[],"logo":{"@type":"ImageObject","inLanguage":"tr-TR","@id":"https:\/\/gesport.unizar.es\/#\/schema\/logo\/image\/","url":"http:\/\/gesport.unizar.es\/wp-content\/uploads\/2018\/12\/4.jpg","contentUrl":"http:\/\/gesport.unizar.es\/wp-content\/uploads\/2018\/12\/4.jpg","width":400,"height":400,"caption":"GESPORT Erasmus+"},"image":{"@id":"https:\/\/gesport.unizar.es\/#\/schema\/logo\/image\/"}}]}},"_links":{"self":[{"href":"https:\/\/gesport.unizar.es\/tr\/wp-json\/wp\/v2\/pages\/6422"}],"collection":[{"href":"https:\/\/gesport.unizar.es\/tr\/wp-json\/wp\/v2\/pages"}],"about":[{"href":"https:\/\/gesport.unizar.es\/tr\/wp-json\/wp\/v2\/types\/page"}],"author":[{"embeddable":true,"href":"https:\/\/gesport.unizar.es\/tr\/wp-json\/wp\/v2\/users\/3"}],"replies":[{"embeddable":true,"href":"https:\/\/gesport.unizar.es\/tr\/wp-json\/wp\/v2\/comments?post=6422"}],"version-history":[{"count":54,"href":"https:\/\/gesport.unizar.es\/tr\/wp-json\/wp\/v2\/pages\/6422\/revisions"}],"predecessor-version":[{"id":10791,"href":"https:\/\/gesport.unizar.es\/tr\/wp-json\/wp\/v2\/pages\/6422\/revisions\/10791"}],"wp:attachment":[{"href":"https:\/\/gesport.unizar.es\/tr\/wp-json\/wp\/v2\/media?parent=6422"}],"curies":[{"name":"wp","href":"https:\/\/api.w.org\/{rel}","templated":true}]}}