{"id":6419,"date":"2021-10-25T10:53:02","date_gmt":"2021-10-25T10:53:02","guid":{"rendered":"https:\/\/gesport.unizar.es\/?page_id=6419"},"modified":"2023-05-30T09:46:43","modified_gmt":"2023-05-30T09:46:43","slug":"web-page","status":"publish","type":"page","link":"https:\/\/gesport.unizar.es\/tr\/web-page\/","title":{"rendered":"INTERNET SAYFASI"},"content":{"rendered":"\n<p>GESPORT projesinin ilk fikri \u00e7\u0131kt\u0131s\u0131 https:\/\/gesport.unizar.es\/ adresinde yer alan web sitesidir. Web sitesi, proje i\u00e7in birincil bilgi kayna\u011f\u0131d\u0131r ve projenin t\u00fcm dillerinde (\u0130ngilizce, \u0130talyanca, \u0130spanyolca, Portekizce ve T\u00fcrk\u00e7e) tasarlanm\u0131\u015ft\u0131r. B\u00f6ylece proje sonu\u00e7lar\u0131n\u0131n yaln\u0131zca tek bir dilde yay\u0131nlanmas\u0131ndan daha fazla ki\u015fiye ula\u015fabilir. Bu nedenle web sitesi, proje i\u00e7eri\u011fini duyurmay\u0131 ve proje bulgular\u0131n\u0131 yaymak i\u00e7in kritik olan g\u00f6r\u00fcn\u00fcrl\u00fc\u011f\u00fc art\u0131rmay\u0131 ama\u00e7lamaktad\u0131r. Ayr\u0131ca spor organizasyonlar\u0131nda cinsiyet e\u015fitli\u011fi konusunda gen\u00e7leri bilin\u00e7lendirmek i\u00e7in GESPORT projesinin web sitesinin tasarlanmas\u0131na yard\u0131mc\u0131 olmak \u00fczere g\u00fczel sanatlar y\u00fcksek lisans ve bilgisayar bilimleri lisans \u00f6\u011frencilere burs sa\u011flanm\u0131\u015ft\u0131r. <\/p>\n\n\n\n<p>Web sitesi projenin ama\u00e7lar\u0131, sonu\u00e7lar\u0131, haberleri, ana faaliyetleri, projeye kat\u0131lan ve buna izin veren kat\u0131l\u0131mc\u0131lar ve payda\u015flar gibi projenin t\u00fcm noktalar\u0131 hakk\u0131nda kapsaml\u0131 bilgi sunarken, be\u015f ana b\u00f6l\u00fcm ve 23 alt b\u00f6l\u00fcm\u00fcn yan\u0131 s\u0131ra bir de te\u015fekk\u00fcr b\u00f6l\u00fcm\u00fcnden olu\u015fmaktad\u0131r. Ana sayfada projenin resmi logolar\u0131, Avrupa Birli\u011fi bayra\u011f\u0131 ve proje ba\u015fl\u0131\u011f\u0131 g\u00f6sterilmektedir.Web sitesi projenin t\u00fcm dillerinde (\u0130ngilizce, \u0130talyanca, \u0130spanyolca, Portekizce ve T\u00fcrk\u00e7e) tasarlanm\u0131\u015ft\u0131r. Web sitesi be\u015f b\u00f6l\u00fcmden olu\u015fmaktad\u0131r. Ana b\u00f6l\u00fcmler: proje fikir \u00e7\u0131kt\u0131lar\u0131, etkinlikler, haberler ve r\u00f6portajlard\u0131r. Ayr\u0131ca web sitesinde projenin Instagram, Twitter, YouTube ve Facebook sosyal medya hesaplar\u0131na dair ba\u011flant\u0131lar da yer almaktad\u0131r. Bununla birlikte her b\u00f6l\u00fcm, alt b\u00f6l\u00fcmler i\u00e7ermektedir. Proje web sitesinin geli\u015ftirilmesi i\u00e7in WordPress web sitesi olu\u015fturucu kullan\u0131lm\u0131\u015ft\u0131r.<\/p>\n\n\n\n<p>Web sitesi ile ilgili bas\u0131n haberleri:<\/p>\n\n\n\n<p>\u201cUna p\u00e1gina web y un logo para dar la mayor difusi\u00f3n al trabajo\u201d (<a href=\"https:\/\/gesport.unizar.es\/a-web-page-and-a-logo-to-give-the-greatest-diffusion-to-work\/\">\u00c7al\u0131\u015fmay\u0131 olabildi\u011fince geni\u015f bir alana yaymak i\u00e7in bir Web sayfas\u0131 ve bir logo<\/a>) (Diario de Teruel13 A\u011fustos 2018)<\/p>\n\n\n\n<p>\u201cLa UVT revisa todos los \u00e1mbitos del deporte desde una perspectiva de g\u00e9nero\u201d (Teruel Yaz \u00dcniversitesi, sporun t\u00fcm alanlar\u0131n\u0131 cinsiyet perspektifinden inceliyor)<\/p>\n\n\n\n<p>\u201cExhibici\u00f3n de los logos que entraron a concurso\u201d (<a href=\"https:\/\/gesport.unizar.es\/the-uvt-reviews-all-areas-of-the-sport-from-a-gender-perspective\/\">Yar\u0131\u015fmaya kat\u0131lan logolar\u0131n sergilenmesi<\/a>) (Diario de Teruel, 11 Eyl\u00fcl 2020).<\/p>\n\n\n\n<p class=\"has-ast-global-color-0-color has-text-color\"><em>Disclaimer:\u00a0<\/em><\/p>\n\n\n\n<p class=\"has-ast-global-color-0-color has-ast-global-color-6-background-color has-text-color has-background\">The European Commission support for the production of this publication does not constitute an endorsement of the contents which reflects the views only of the authors, and the Commission cannot be held responsible for any use which may be made of the information contained therein.<\/p>\n","protected":false},"excerpt":{"rendered":"<p>GESPORT projesinin ilk fikri \u00e7\u0131kt\u0131s\u0131 https:\/\/gesport.unizar.es\/ adresinde yer alan web sitesidir. Web sitesi, proje i\u00e7in birincil bilgi kayna\u011f\u0131d\u0131r ve projenin t\u00fcm dillerinde (\u0130ngilizce, \u0130talyanca, \u0130spanyolca, Portekizce ve T\u00fcrk\u00e7e) tasarlanm\u0131\u015ft\u0131r. B\u00f6ylece proje sonu\u00e7lar\u0131n\u0131n yaln\u0131zca tek bir dilde yay\u0131nlanmas\u0131ndan daha fazla ki\u015fiye ula\u015fabilir. Bu nedenle web sitesi, proje i\u00e7eri\u011fini duyurmay\u0131 ve proje bulgular\u0131n\u0131 yaymak i\u00e7in kritik olan &hellip;<\/p>\n<p class=\"read-more\"> <a class=\"\" href=\"https:\/\/gesport.unizar.es\/tr\/web-page\/\"> <span class=\"screen-reader-text\">INTERNET SAYFASI<\/span> Read More &raquo;<\/a><\/p>\n","protected":false},"author":3,"featured_media":0,"parent":0,"menu_order":0,"comment_status":"closed","ping_status":"closed","template":"","meta":{"site-sidebar-layout":"default","site-content-layout":"default","ast-global-header-display":"","ast-main-header-display":"","ast-hfb-above-header-display":"","ast-hfb-below-header-display":"","ast-hfb-mobile-header-display":"","site-post-title":"","ast-breadcrumbs-content":"","ast-featured-img":"","footer-sml-layout":"","theme-transparent-header-meta":"default","adv-header-id-meta":"","stick-header-meta":"","header-above-stick-meta":"","header-main-stick-meta":"","header-below-stick-meta":""},"translation":{"provider":"WPGlobus","version":"2.10.4","language":"tr","enabled_languages":["gb","es","tr","it","pt"],"languages":{"gb":{"title":true,"content":true,"excerpt":false},"es":{"title":true,"content":true,"excerpt":false},"tr":{"title":true,"content":true,"excerpt":false},"it":{"title":true,"content":true,"excerpt":false},"pt":{"title":true,"content":true,"excerpt":false}}},"yoast_head":"<!-- This site is optimized with the Yoast SEO plugin v19.7.1 - https:\/\/yoast.com\/wordpress\/plugins\/seo\/ -->\n<title>INTERNET SAYFASI - GESPORT+<\/title>\n<meta name=\"robots\" content=\"index, follow, max-snippet:-1, max-image-preview:large, max-video-preview:-1\" \/>\n<link rel=\"canonical\" href=\"https:\/\/gesport.unizar.es\/web-page\/\" \/>\n<meta property=\"og:locale\" content=\"tr_TR\" \/>\n<meta property=\"og:type\" content=\"article\" \/>\n<meta property=\"og:title\" content=\"INTERNET SAYFASI - GESPORT+\" \/>\n<meta property=\"og:url\" content=\"https:\/\/gesport.unizar.es\/web-page\/\" \/>\n<meta property=\"og:site_name\" content=\"GESPORT+\" \/>\n<meta property=\"article:modified_time\" content=\"2023-05-30T09:46:43+00:00\" \/>\n<meta name=\"twitter:card\" content=\"summary_large_image\" \/>\n<meta name=\"twitter:label1\" content=\"Est. reading time\" \/>\n\t<meta name=\"twitter:data1\" content=\"3 minutes\" \/>\n<script type=\"application\/ld+json\" class=\"yoast-schema-graph\">{\"@context\":\"https:\/\/schema.org\",\"@graph\":[{\"@type\":\"WebPage\",\"@id\":\"https:\/\/gesport.unizar.es\/web-page\/\",\"url\":\"https:\/\/gesport.unizar.es\/web-page\/\",\"name\":\"INTERNET SAYFASI - GESPORT+\",\"isPartOf\":{\"@id\":\"https:\/\/gesport.unizar.es\/#website\"},\"datePublished\":\"2021-10-25T10:53:02+00:00\",\"dateModified\":\"2023-05-30T09:46:43+00:00\",\"breadcrumb\":{\"@id\":\"https:\/\/gesport.unizar.es\/web-page\/#breadcrumb\"},\"inLanguage\":\"tr-TR\",\"potentialAction\":[{\"@type\":\"ReadAction\",\"target\":[\"https:\/\/gesport.unizar.es\/web-page\/\"]}]},{\"@type\":\"BreadcrumbList\",\"@id\":\"https:\/\/gesport.unizar.es\/web-page\/#breadcrumb\",\"itemListElement\":[{\"@type\":\"ListItem\",\"position\":1,\"name\":\"Portada\",\"item\":\"https:\/\/gesport.unizar.es\/\"},{\"@type\":\"ListItem\",\"position\":2,\"name\":\"P\u00c1GINA WEB\"}]},{\"@type\":\"WebSite\",\"@id\":\"https:\/\/gesport.unizar.es\/#website\",\"url\":\"https:\/\/gesport.unizar.es\/\",\"name\":\"GESPORT+\",\"description\":\"Corporate governance in sport organizations:  a gendered approach\",\"publisher\":{\"@id\":\"https:\/\/gesport.unizar.es\/#organization\"},\"potentialAction\":[{\"@type\":\"SearchAction\",\"target\":{\"@type\":\"EntryPoint\",\"urlTemplate\":\"https:\/\/gesport.unizar.es\/?s={search_term_string}\"},\"query-input\":\"required name=search_term_string\"}],\"inLanguage\":\"tr-TR\"},{\"@type\":\"Organization\",\"@id\":\"https:\/\/gesport.unizar.es\/#organization\",\"name\":\"GESPORT Erasmus+\",\"url\":\"https:\/\/gesport.unizar.es\/\",\"sameAs\":[],\"logo\":{\"@type\":\"ImageObject\",\"inLanguage\":\"tr-TR\",\"@id\":\"https:\/\/gesport.unizar.es\/#\/schema\/logo\/image\/\",\"url\":\"http:\/\/gesport.unizar.es\/wp-content\/uploads\/2018\/12\/4.jpg\",\"contentUrl\":\"http:\/\/gesport.unizar.es\/wp-content\/uploads\/2018\/12\/4.jpg\",\"width\":400,\"height\":400,\"caption\":\"GESPORT Erasmus+\"},\"image\":{\"@id\":\"https:\/\/gesport.unizar.es\/#\/schema\/logo\/image\/\"}}]}<\/script>\n<!-- \/ Yoast SEO plugin. -->","yoast_head_json":{"title":"INTERNET SAYFASI - GESPORT+","robots":{"index":"index","follow":"follow","max-snippet":"max-snippet:-1","max-image-preview":"max-image-preview:large","max-video-preview":"max-video-preview:-1"},"canonical":"https:\/\/gesport.unizar.es\/web-page\/","og_locale":"tr_TR","og_type":"article","og_title":"INTERNET SAYFASI - GESPORT+","og_url":"https:\/\/gesport.unizar.es\/web-page\/","og_site_name":"GESPORT+","article_modified_time":"2023-05-30T09:46:43+00:00","twitter_card":"summary_large_image","twitter_misc":{"Est. reading time":"3 minutes"},"schema":{"@context":"https:\/\/schema.org","@graph":[{"@type":"WebPage","@id":"https:\/\/gesport.unizar.es\/web-page\/","url":"https:\/\/gesport.unizar.es\/web-page\/","name":"INTERNET SAYFASI - GESPORT+","isPartOf":{"@id":"https:\/\/gesport.unizar.es\/#website"},"datePublished":"2021-10-25T10:53:02+00:00","dateModified":"2023-05-30T09:46:43+00:00","breadcrumb":{"@id":"https:\/\/gesport.unizar.es\/web-page\/#breadcrumb"},"inLanguage":"tr-TR","potentialAction":[{"@type":"ReadAction","target":["https:\/\/gesport.unizar.es\/web-page\/"]}]},{"@type":"BreadcrumbList","@id":"https:\/\/gesport.unizar.es\/web-page\/#breadcrumb","itemListElement":[{"@type":"ListItem","position":1,"name":"Portada","item":"https:\/\/gesport.unizar.es\/"},{"@type":"ListItem","position":2,"name":"P\u00c1GINA WEB"}]},{"@type":"WebSite","@id":"https:\/\/gesport.unizar.es\/#website","url":"https:\/\/gesport.unizar.es\/","name":"GESPORT+","description":"Corporate governance in sport organizations:  a gendered approach","publisher":{"@id":"https:\/\/gesport.unizar.es\/#organization"},"potentialAction":[{"@type":"SearchAction","target":{"@type":"EntryPoint","urlTemplate":"https:\/\/gesport.unizar.es\/?s={search_term_string}"},"query-input":"required name=search_term_string"}],"inLanguage":"tr-TR"},{"@type":"Organization","@id":"https:\/\/gesport.unizar.es\/#organization","name":"GESPORT Erasmus+","url":"https:\/\/gesport.unizar.es\/","sameAs":[],"logo":{"@type":"ImageObject","inLanguage":"tr-TR","@id":"https:\/\/gesport.unizar.es\/#\/schema\/logo\/image\/","url":"http:\/\/gesport.unizar.es\/wp-content\/uploads\/2018\/12\/4.jpg","contentUrl":"http:\/\/gesport.unizar.es\/wp-content\/uploads\/2018\/12\/4.jpg","width":400,"height":400,"caption":"GESPORT Erasmus+"},"image":{"@id":"https:\/\/gesport.unizar.es\/#\/schema\/logo\/image\/"}}]}},"_links":{"self":[{"href":"https:\/\/gesport.unizar.es\/tr\/wp-json\/wp\/v2\/pages\/6419"}],"collection":[{"href":"https:\/\/gesport.unizar.es\/tr\/wp-json\/wp\/v2\/pages"}],"about":[{"href":"https:\/\/gesport.unizar.es\/tr\/wp-json\/wp\/v2\/types\/page"}],"author":[{"embeddable":true,"href":"https:\/\/gesport.unizar.es\/tr\/wp-json\/wp\/v2\/users\/3"}],"replies":[{"embeddable":true,"href":"https:\/\/gesport.unizar.es\/tr\/wp-json\/wp\/v2\/comments?post=6419"}],"version-history":[{"count":47,"href":"https:\/\/gesport.unizar.es\/tr\/wp-json\/wp\/v2\/pages\/6419\/revisions"}],"predecessor-version":[{"id":10748,"href":"https:\/\/gesport.unizar.es\/tr\/wp-json\/wp\/v2\/pages\/6419\/revisions\/10748"}],"wp:attachment":[{"href":"https:\/\/gesport.unizar.es\/tr\/wp-json\/wp\/v2\/media?parent=6419"}],"curies":[{"name":"wp","href":"https:\/\/api.w.org\/{rel}","templated":true}]}}