{"id":4660,"date":"2020-07-29T10:28:08","date_gmt":"2020-07-29T10:28:08","guid":{"rendered":"http:\/\/gesport.unizar.es\/?page_id=4660"},"modified":"2022-07-21T14:31:42","modified_gmt":"2022-07-21T14:31:42","slug":"teresa-cardoso","status":"publish","type":"page","link":"https:\/\/gesport.unizar.es\/tr\/interviews-portugal\/teresa-cardoso\/","title":{"rendered":"Teresa Cardoso"},"content":{"rendered":"\n<h2 class=\"has-text-align-center\">Portekiz Triatlon Federasyonu<\/h2>\n\n\n\n<div class=\"wp-container-3 wp-block-columns\">\n<div class=\"wp-container-1 wp-block-column is-vertically-aligned-center\" style=\"flex-basis:33.33%\">\n<p><strong>Sporun hayat\u0131n\u0131zdaki yeri nedir?<\/strong><br><strong>Temsil etti\u011finiz sporla ili\u015fkiniz ne zaman ve nas\u0131l ba\u015flad\u0131?<\/strong><\/p>\n<\/div>\n\n\n\n<div class=\"wp-container-2 wp-block-column\" style=\"flex-basis:66.66%\">\n<figure class=\"wp-block-embed is-type-video is-provider-youtube wp-block-embed-youtube wp-embed-aspect-16-9 wp-has-aspect-ratio\"><div class=\"wp-block-embed__wrapper\">\n<div class=\"ast-oembed-container\" style=\"height: 100%;\"><iframe loading=\"lazy\" title=\"Teresa Cardoso, Portuguese Federation of Triathlon - 1,2\" width=\"500\" height=\"281\" src=\"https:\/\/www.youtube.com\/embed\/nn3O26UlBbk?feature=oembed\" frameborder=\"0\" allow=\"accelerometer; autoplay; clipboard-write; encrypted-media; gyroscope; picture-in-picture\" allowfullscreen><\/iframe><\/div>\n<\/div><\/figure>\n<\/div>\n<\/div>\n\n\n\n<div class=\"wp-container-6 wp-block-columns\">\n<div class=\"wp-container-4 wp-block-column is-vertically-aligned-center\" style=\"flex-basis:33.33%\">\n<p><strong>G\u00fcn\u00fcm\u00fczde spor organizasyonlar\u0131nda kad\u0131n temsili hakk\u0131nda ne d\u00fc\u015f\u00fcn\u00fcyorsunuz?<\/strong><\/p>\n<\/div>\n\n\n\n<div class=\"wp-container-5 wp-block-column\" style=\"flex-basis:66.66%\">\n<figure class=\"wp-block-embed is-type-video is-provider-youtube wp-block-embed-youtube wp-embed-aspect-16-9 wp-has-aspect-ratio\"><div class=\"wp-block-embed__wrapper\">\n<div class=\"ast-oembed-container\" style=\"height: 100%;\"><iframe loading=\"lazy\" title=\"Teresa Cardoso, Portuguese Federation of Triathlon - 3\" width=\"500\" height=\"281\" src=\"https:\/\/www.youtube.com\/embed\/xl32jC1xNpI?feature=oembed\" frameborder=\"0\" allow=\"accelerometer; autoplay; clipboard-write; encrypted-media; gyroscope; picture-in-picture\" allowfullscreen><\/iframe><\/div>\n<\/div><\/figure>\n<\/div>\n<\/div>\n\n\n\n<div class=\"wp-container-9 wp-block-columns\">\n<div class=\"wp-container-7 wp-block-column is-vertically-aligned-center\" style=\"flex-basis:33.33%\">\n<p><strong>Ba\u015fkan Yard\u0131mc\u0131s\u0131 olarak toplumsal cinsiyet e\u015fitli\u011fi politikalar\u0131n\u0131n tan\u0131mlanmas\u0131na ve uygulanmas\u0131na kat\u0131ld\u0131n\u0131z m\u0131? Varsa bu politikalar nelerdi? Neden yararl\u0131 olduklar\u0131n\u0131 d\u00fc\u015f\u00fcn\u00fcyorsunuz? De\u011filse, neden yararl\u0131 de\u011filler?<\/strong><\/p>\n<\/div>\n\n\n\n<div class=\"wp-container-8 wp-block-column\" style=\"flex-basis:66.66%\">\n<figure class=\"wp-block-embed is-type-video is-provider-youtube wp-block-embed-youtube wp-embed-aspect-16-9 wp-has-aspect-ratio\"><div class=\"wp-block-embed__wrapper\">\n<div class=\"ast-oembed-container\" style=\"height: 100%;\"><iframe loading=\"lazy\" title=\"Teresa Cardoso, Portuguese Federation of Triathlon - 4\" width=\"500\" height=\"281\" src=\"https:\/\/www.youtube.com\/embed\/LpsEaPC0x0A?feature=oembed\" frameborder=\"0\" allow=\"accelerometer; autoplay; clipboard-write; encrypted-media; gyroscope; picture-in-picture\" allowfullscreen><\/iframe><\/div>\n<\/div><\/figure>\n<\/div>\n<\/div>\n\n\n\n<div class=\"wp-container-12 wp-block-columns\">\n<div class=\"wp-container-10 wp-block-column is-vertically-aligned-center\" style=\"flex-basis:33.33%\">\n<p><strong>Y\u00f6netim kurulunuzun sorumluluklar\u0131 nelerdir ve ne kadar s\u00fcredir g\u00f6revdesiniz?<\/strong><\/p>\n<\/div>\n\n\n\n<div class=\"wp-container-11 wp-block-column\" style=\"flex-basis:66.66%\">\n<figure class=\"wp-block-embed is-type-video is-provider-youtube wp-block-embed-youtube wp-embed-aspect-16-9 wp-has-aspect-ratio\"><div class=\"wp-block-embed__wrapper\">\n<div class=\"ast-oembed-container\" style=\"height: 100%;\"><iframe loading=\"lazy\" title=\"Teresa Cardoso, Portuguese Federation of Triathlon - 5\" width=\"500\" height=\"281\" src=\"https:\/\/www.youtube.com\/embed\/QM5uU_ow9nA?feature=oembed\" frameborder=\"0\" allow=\"accelerometer; autoplay; clipboard-write; encrypted-media; gyroscope; picture-in-picture\" allowfullscreen><\/iframe><\/div>\n<\/div><\/figure>\n<\/div>\n<\/div>\n\n\n\n<div class=\"wp-container-15 wp-block-columns\">\n<div class=\"wp-container-13 wp-block-column is-vertically-aligned-center\" style=\"flex-basis:33.33%\">\n<p><strong>Bu g\u00f6reve ba\u015flad\u0131ktan sonra kar\u015f\u0131la\u015ft\u0131\u011f\u0131n\u0131z temel zorluklar nelerdir?<\/strong><\/p>\n<\/div>\n\n\n\n<div class=\"wp-container-14 wp-block-column\" style=\"flex-basis:66.66%\">\n<figure class=\"wp-block-embed is-type-video is-provider-youtube wp-block-embed-youtube wp-embed-aspect-16-9 wp-has-aspect-ratio\"><div class=\"wp-block-embed__wrapper\">\n<div class=\"ast-oembed-container\" style=\"height: 100%;\"><iframe loading=\"lazy\" title=\"Teresa Cardoso, Portuguese Federation of Triathlon - 6\" width=\"500\" height=\"281\" src=\"https:\/\/www.youtube.com\/embed\/6XhRN9U7N-0?feature=oembed\" frameborder=\"0\" allow=\"accelerometer; autoplay; clipboard-write; encrypted-media; gyroscope; picture-in-picture\" allowfullscreen><\/iframe><\/div>\n<\/div><\/figure>\n<\/div>\n<\/div>\n\n\n\n<div class=\"wp-container-18 wp-block-columns\">\n<div class=\"wp-container-16 wp-block-column is-vertically-aligned-center\" style=\"flex-basis:33.33%\">\n<p><strong>Kad\u0131nlar\u0131n y\u00f6netim kurullar\u0131na kat\u0131l\u0131m\u0131 konusunda ne d\u00fc\u015f\u00fcn\u00fcyorsunuz? Sizce e\u015fitlik var m\u0131?<\/strong><\/p>\n<\/div>\n\n\n\n<div class=\"wp-container-17 wp-block-column\" style=\"flex-basis:66.66%\">\n<figure class=\"wp-block-embed is-type-video is-provider-youtube wp-block-embed-youtube wp-embed-aspect-16-9 wp-has-aspect-ratio\"><div class=\"wp-block-embed__wrapper\">\n<div class=\"ast-oembed-container\" style=\"height: 100%;\"><iframe loading=\"lazy\" title=\"Teresa Cardoso, Portuguese Federation of Triathlon - 7\" width=\"500\" height=\"281\" src=\"https:\/\/www.youtube.com\/embed\/GkTJMPOev8g?feature=oembed\" frameborder=\"0\" allow=\"accelerometer; autoplay; clipboard-write; encrypted-media; gyroscope; picture-in-picture\" allowfullscreen><\/iframe><\/div>\n<\/div><\/figure>\n<\/div>\n<\/div>\n\n\n\n<div class=\"wp-container-21 wp-block-columns\">\n<div class=\"wp-container-19 wp-block-column is-vertically-aligned-center\" style=\"flex-basis:33.33%\">\n<p><strong>Sizce e\u015fitli\u011fi te\u015fvik etmek i\u00e7in ba\u015fka hangi politikalar veya \u00f6nlemler benimsenmelidir?<\/strong><\/p>\n<\/div>\n\n\n\n<div class=\"wp-container-20 wp-block-column\" style=\"flex-basis:66.66%\">\n<figure class=\"wp-block-embed is-type-video is-provider-youtube wp-block-embed-youtube wp-embed-aspect-16-9 wp-has-aspect-ratio\"><div class=\"wp-block-embed__wrapper\">\n<div class=\"ast-oembed-container\" style=\"height: 100%;\"><iframe loading=\"lazy\" title=\"Teresa Cardoso, Portuguese Federation of Triathlon - 8\" width=\"500\" height=\"281\" src=\"https:\/\/www.youtube.com\/embed\/oAmQBtlRUD8?feature=oembed\" frameborder=\"0\" allow=\"accelerometer; autoplay; clipboard-write; encrypted-media; gyroscope; picture-in-picture\" allowfullscreen><\/iframe><\/div>\n<\/div><\/figure>\n<\/div>\n<\/div>\n\n\n\n<div class=\"wp-container-24 wp-block-columns\">\n<div class=\"wp-container-22 wp-block-column is-vertically-aligned-center\" style=\"flex-basis:33.33%\">\n<p><strong>Sporun kurumsal y\u00f6netiminde pozisyon arayan di\u011fer kad\u0131nlara ne gibi tavsiyelerde bulunursunuz?<\/strong><\/p>\n<\/div>\n\n\n\n<div class=\"wp-container-23 wp-block-column\" style=\"flex-basis:66.66%\">\n<figure class=\"wp-block-embed is-type-video is-provider-youtube wp-block-embed-youtube wp-embed-aspect-16-9 wp-has-aspect-ratio\"><div class=\"wp-block-embed__wrapper\">\n<div class=\"ast-oembed-container\" style=\"height: 100%;\"><iframe loading=\"lazy\" title=\"Teresa Cardoso, Portuguese Federation of Triathlon - 10\" width=\"500\" height=\"281\" src=\"https:\/\/www.youtube.com\/embed\/I5USHGhsnyc?feature=oembed\" frameborder=\"0\" allow=\"accelerometer; autoplay; clipboard-write; encrypted-media; gyroscope; picture-in-picture\" allowfullscreen><\/iframe><\/div>\n<\/div><\/figure>\n<\/div>\n<\/div>\n","protected":false},"excerpt":{"rendered":"<p>Portekiz Triatlon Federasyonu Sporun hayat\u0131n\u0131zdaki yeri nedir?Temsil etti\u011finiz sporla ili\u015fkiniz ne zaman ve nas\u0131l ba\u015flad\u0131? G\u00fcn\u00fcm\u00fczde spor organizasyonlar\u0131nda kad\u0131n temsili hakk\u0131nda ne d\u00fc\u015f\u00fcn\u00fcyorsunuz? Ba\u015fkan Yard\u0131mc\u0131s\u0131 olarak toplumsal cinsiyet e\u015fitli\u011fi politikalar\u0131n\u0131n tan\u0131mlanmas\u0131na ve uygulanmas\u0131na kat\u0131ld\u0131n\u0131z m\u0131? Varsa bu politikalar nelerdi? Neden yararl\u0131 olduklar\u0131n\u0131 d\u00fc\u015f\u00fcn\u00fcyorsunuz? De\u011filse, neden yararl\u0131 de\u011filler? Y\u00f6netim kurulunuzun sorumluluklar\u0131 nelerdir ve ne kadar s\u00fcredir &hellip;<\/p>\n<p class=\"read-more\"> <a class=\"\" href=\"https:\/\/gesport.unizar.es\/tr\/interviews-portugal\/teresa-cardoso\/\"> <span class=\"screen-reader-text\">Teresa Cardoso<\/span> Read More &raquo;<\/a><\/p>\n","protected":false},"author":3,"featured_media":0,"parent":4318,"menu_order":0,"comment_status":"closed","ping_status":"closed","template":"","meta":{"site-sidebar-layout":"default","site-content-layout":"default","ast-global-header-display":"","ast-main-header-display":"","ast-hfb-above-header-display":"","ast-hfb-below-header-display":"","ast-hfb-mobile-header-display":"","site-post-title":"","ast-breadcrumbs-content":"","ast-featured-img":"","footer-sml-layout":"","theme-transparent-header-meta":"","adv-header-id-meta":"","stick-header-meta":"","header-above-stick-meta":"","header-main-stick-meta":"","header-below-stick-meta":""},"translation":{"provider":"WPGlobus","version":"2.10.4","language":"tr","enabled_languages":["gb","es","tr","it","pt"],"languages":{"gb":{"title":true,"content":true,"excerpt":false},"es":{"title":true,"content":true,"excerpt":false},"tr":{"title":true,"content":true,"excerpt":false},"it":{"title":true,"content":true,"excerpt":false},"pt":{"title":true,"content":true,"excerpt":false}}},"yoast_head":"<!-- This site is optimized with the Yoast SEO plugin v19.7.1 - https:\/\/yoast.com\/wordpress\/plugins\/seo\/ -->\n<title>Teresa Cardoso - GESPORT+<\/title>\n<meta name=\"robots\" content=\"index, follow, max-snippet:-1, max-image-preview:large, max-video-preview:-1\" \/>\n<link rel=\"canonical\" href=\"https:\/\/gesport.unizar.es\/interviews-portugal\/teresa-cardoso\/\" \/>\n<meta property=\"og:locale\" content=\"tr_TR\" \/>\n<meta property=\"og:type\" content=\"article\" \/>\n<meta property=\"og:title\" content=\"Teresa Cardoso - GESPORT+\" \/>\n<meta property=\"og:url\" content=\"https:\/\/gesport.unizar.es\/interviews-portugal\/teresa-cardoso\/\" \/>\n<meta property=\"og:site_name\" content=\"GESPORT+\" \/>\n<meta property=\"article:modified_time\" content=\"2022-07-21T14:31:42+00:00\" \/>\n<meta name=\"twitter:card\" content=\"summary_large_image\" \/>\n<meta name=\"twitter:label1\" content=\"Est. reading time\" \/>\n\t<meta name=\"twitter:data1\" content=\"1 minute\" \/>\n<script type=\"application\/ld+json\" class=\"yoast-schema-graph\">{\"@context\":\"https:\/\/schema.org\",\"@graph\":[{\"@type\":\"WebPage\",\"@id\":\"https:\/\/gesport.unizar.es\/interviews-portugal\/teresa-cardoso\/\",\"url\":\"https:\/\/gesport.unizar.es\/interviews-portugal\/teresa-cardoso\/\",\"name\":\"Teresa Cardoso - GESPORT+\",\"isPartOf\":{\"@id\":\"https:\/\/gesport.unizar.es\/#website\"},\"datePublished\":\"2020-07-29T10:28:08+00:00\",\"dateModified\":\"2022-07-21T14:31:42+00:00\",\"breadcrumb\":{\"@id\":\"https:\/\/gesport.unizar.es\/interviews-portugal\/teresa-cardoso\/#breadcrumb\"},\"inLanguage\":\"tr-TR\",\"potentialAction\":[{\"@type\":\"ReadAction\",\"target\":[\"https:\/\/gesport.unizar.es\/interviews-portugal\/teresa-cardoso\/\"]}]},{\"@type\":\"BreadcrumbList\",\"@id\":\"https:\/\/gesport.unizar.es\/interviews-portugal\/teresa-cardoso\/#breadcrumb\",\"itemListElement\":[{\"@type\":\"ListItem\",\"position\":1,\"name\":\"Portada\",\"item\":\"https:\/\/gesport.unizar.es\/\"},{\"@type\":\"ListItem\",\"position\":2,\"name\":\"Entrevistas Portugal\",\"item\":\"https:\/\/gesport.unizar.es\/interviews-portugal\/\"},{\"@type\":\"ListItem\",\"position\":3,\"name\":\"Teresa Cardoso\"}]},{\"@type\":\"WebSite\",\"@id\":\"https:\/\/gesport.unizar.es\/#website\",\"url\":\"https:\/\/gesport.unizar.es\/\",\"name\":\"GESPORT+\",\"description\":\"Corporate governance in sport organizations:  a gendered approach\",\"publisher\":{\"@id\":\"https:\/\/gesport.unizar.es\/#organization\"},\"potentialAction\":[{\"@type\":\"SearchAction\",\"target\":{\"@type\":\"EntryPoint\",\"urlTemplate\":\"https:\/\/gesport.unizar.es\/?s={search_term_string}\"},\"query-input\":\"required name=search_term_string\"}],\"inLanguage\":\"tr-TR\"},{\"@type\":\"Organization\",\"@id\":\"https:\/\/gesport.unizar.es\/#organization\",\"name\":\"GESPORT Erasmus+\",\"url\":\"https:\/\/gesport.unizar.es\/\",\"sameAs\":[],\"logo\":{\"@type\":\"ImageObject\",\"inLanguage\":\"tr-TR\",\"@id\":\"https:\/\/gesport.unizar.es\/#\/schema\/logo\/image\/\",\"url\":\"http:\/\/gesport.unizar.es\/wp-content\/uploads\/2018\/12\/4.jpg\",\"contentUrl\":\"http:\/\/gesport.unizar.es\/wp-content\/uploads\/2018\/12\/4.jpg\",\"width\":400,\"height\":400,\"caption\":\"GESPORT Erasmus+\"},\"image\":{\"@id\":\"https:\/\/gesport.unizar.es\/#\/schema\/logo\/image\/\"}}]}<\/script>\n<!-- \/ Yoast SEO plugin. -->","yoast_head_json":{"title":"Teresa Cardoso - GESPORT+","robots":{"index":"index","follow":"follow","max-snippet":"max-snippet:-1","max-image-preview":"max-image-preview:large","max-video-preview":"max-video-preview:-1"},"canonical":"https:\/\/gesport.unizar.es\/interviews-portugal\/teresa-cardoso\/","og_locale":"tr_TR","og_type":"article","og_title":"Teresa Cardoso - GESPORT+","og_url":"https:\/\/gesport.unizar.es\/interviews-portugal\/teresa-cardoso\/","og_site_name":"GESPORT+","article_modified_time":"2022-07-21T14:31:42+00:00","twitter_card":"summary_large_image","twitter_misc":{"Est. reading time":"1 minute"},"schema":{"@context":"https:\/\/schema.org","@graph":[{"@type":"WebPage","@id":"https:\/\/gesport.unizar.es\/interviews-portugal\/teresa-cardoso\/","url":"https:\/\/gesport.unizar.es\/interviews-portugal\/teresa-cardoso\/","name":"Teresa Cardoso - GESPORT+","isPartOf":{"@id":"https:\/\/gesport.unizar.es\/#website"},"datePublished":"2020-07-29T10:28:08+00:00","dateModified":"2022-07-21T14:31:42+00:00","breadcrumb":{"@id":"https:\/\/gesport.unizar.es\/interviews-portugal\/teresa-cardoso\/#breadcrumb"},"inLanguage":"tr-TR","potentialAction":[{"@type":"ReadAction","target":["https:\/\/gesport.unizar.es\/interviews-portugal\/teresa-cardoso\/"]}]},{"@type":"BreadcrumbList","@id":"https:\/\/gesport.unizar.es\/interviews-portugal\/teresa-cardoso\/#breadcrumb","itemListElement":[{"@type":"ListItem","position":1,"name":"Portada","item":"https:\/\/gesport.unizar.es\/"},{"@type":"ListItem","position":2,"name":"Entrevistas Portugal","item":"https:\/\/gesport.unizar.es\/interviews-portugal\/"},{"@type":"ListItem","position":3,"name":"Teresa Cardoso"}]},{"@type":"WebSite","@id":"https:\/\/gesport.unizar.es\/#website","url":"https:\/\/gesport.unizar.es\/","name":"GESPORT+","description":"Corporate governance in sport organizations:  a gendered approach","publisher":{"@id":"https:\/\/gesport.unizar.es\/#organization"},"potentialAction":[{"@type":"SearchAction","target":{"@type":"EntryPoint","urlTemplate":"https:\/\/gesport.unizar.es\/?s={search_term_string}"},"query-input":"required name=search_term_string"}],"inLanguage":"tr-TR"},{"@type":"Organization","@id":"https:\/\/gesport.unizar.es\/#organization","name":"GESPORT Erasmus+","url":"https:\/\/gesport.unizar.es\/","sameAs":[],"logo":{"@type":"ImageObject","inLanguage":"tr-TR","@id":"https:\/\/gesport.unizar.es\/#\/schema\/logo\/image\/","url":"http:\/\/gesport.unizar.es\/wp-content\/uploads\/2018\/12\/4.jpg","contentUrl":"http:\/\/gesport.unizar.es\/wp-content\/uploads\/2018\/12\/4.jpg","width":400,"height":400,"caption":"GESPORT Erasmus+"},"image":{"@id":"https:\/\/gesport.unizar.es\/#\/schema\/logo\/image\/"}}]}},"_links":{"self":[{"href":"https:\/\/gesport.unizar.es\/tr\/wp-json\/wp\/v2\/pages\/4660"}],"collection":[{"href":"https:\/\/gesport.unizar.es\/tr\/wp-json\/wp\/v2\/pages"}],"about":[{"href":"https:\/\/gesport.unizar.es\/tr\/wp-json\/wp\/v2\/types\/page"}],"author":[{"embeddable":true,"href":"https:\/\/gesport.unizar.es\/tr\/wp-json\/wp\/v2\/users\/3"}],"replies":[{"embeddable":true,"href":"https:\/\/gesport.unizar.es\/tr\/wp-json\/wp\/v2\/comments?post=4660"}],"version-history":[{"count":18,"href":"https:\/\/gesport.unizar.es\/tr\/wp-json\/wp\/v2\/pages\/4660\/revisions"}],"predecessor-version":[{"id":8359,"href":"https:\/\/gesport.unizar.es\/tr\/wp-json\/wp\/v2\/pages\/4660\/revisions\/8359"}],"up":[{"embeddable":true,"href":"https:\/\/gesport.unizar.es\/tr\/wp-json\/wp\/v2\/pages\/4318"}],"wp:attachment":[{"href":"https:\/\/gesport.unizar.es\/tr\/wp-json\/wp\/v2\/media?parent=4660"}],"curies":[{"name":"wp","href":"https:\/\/api.w.org\/{rel}","templated":true}]}}