{"id":4318,"date":"2020-05-05T15:29:25","date_gmt":"2020-05-05T15:29:25","guid":{"rendered":"http:\/\/gesport.unizar.es\/?page_id=4318"},"modified":"2022-10-17T10:59:53","modified_gmt":"2022-10-17T10:59:53","slug":"interviews-portugal","status":"publish","type":"page","link":"https:\/\/gesport.unizar.es\/tr\/interviews-portugal\/","title":{"rendered":"Portekiz r\u00f6portajlar\u0131"},"content":{"rendered":"\n<div class=\"wp-block-media-text alignwide has-media-on-the-right is-stacked-on-mobile\" style=\"grid-template-columns:auto 42%\"><figure class=\"wp-block-media-text__media\"><img loading=\"lazy\" width=\"768\" height=\"1024\" src=\"https:\/\/gesport.unizar.es\/wp-content\/uploads\/2019\/10\/image2-r-768x1024.jpg\" alt=\"\" class=\"wp-image-3122 size-full\" srcset=\"https:\/\/gesport.unizar.es\/wp-content\/uploads\/2019\/10\/image2-r-768x1024.jpg 768w, https:\/\/gesport.unizar.es\/wp-content\/uploads\/2019\/10\/image2-r-225x300.jpg 225w, https:\/\/gesport.unizar.es\/wp-content\/uploads\/2019\/10\/image2-r.jpg 1182w\" sizes=\"(max-width: 768px) 100vw, 768px\" \/><\/figure><div class=\"wp-block-media-text__content\">\n<p class=\"has-large-font-size\" style=\"line-height:1.2\"><a href=\"http:\/\/gesport.unizar.es\/mariana-monteiro\/\"><strong>Mariana Monteiro,<\/strong> Portekiz Hokey FederasyonBa\u015fkan Yard\u0131mc\u0131s\u0131<\/a><\/p>\n<\/div><\/div>\n\n\n\n<div class=\"wp-block-media-text alignwide has-media-on-the-right is-stacked-on-mobile\" style=\"grid-template-columns:auto 42%\"><figure class=\"wp-block-media-text__media\"><img loading=\"lazy\" width=\"568\" height=\"789\" src=\"https:\/\/gesport.unizar.es\/wp-content\/uploads\/2022\/10\/Captura-de-Pantalla-2022-10-13-a-las-19.43.58.png\" alt=\"\" class=\"wp-image-10238 size-full\"\/><\/figure><div class=\"wp-block-media-text__content\">\n<p class=\"has-large-font-size\" style=\"line-height:1.2\"><a href=\"http:\/\/gesport.unizar.es\/susana-costa-vieira\/\"><strong>Susana Costa Vieira<\/strong>, Portekiz Buz Pateni Federasyonu Ba\u015fkan Yard\u0131mc\u0131s\u0131<\/a><\/p>\n<\/div><\/div>\n\n\n\n<div class=\"wp-block-media-text alignwide has-media-on-the-right is-stacked-on-mobile\" style=\"grid-template-columns:auto 42%\"><figure class=\"wp-block-media-text__media\"><img loading=\"lazy\" width=\"666\" height=\"1024\" src=\"https:\/\/gesport.unizar.es\/wp-content\/uploads\/2019\/10\/i3-1-666x1024.jpg\" alt=\"\" class=\"wp-image-3129 size-full\" srcset=\"https:\/\/gesport.unizar.es\/wp-content\/uploads\/2019\/10\/i3-1-666x1024.jpg 666w, https:\/\/gesport.unizar.es\/wp-content\/uploads\/2019\/10\/i3-1-195x300.jpg 195w, https:\/\/gesport.unizar.es\/wp-content\/uploads\/2019\/10\/i3-1-768x1182.jpg 768w, https:\/\/gesport.unizar.es\/wp-content\/uploads\/2019\/10\/i3-1.jpg 895w\" sizes=\"(max-width: 666px) 100vw, 666px\" \/><\/figure><div class=\"wp-block-media-text__content\">\n<p class=\"has-large-font-size\" style=\"line-height:1.2\"><a href=\"http:\/\/gesport.unizar.es\/catarina-carvalho\/\"><strong>Catarina Carvalho,<\/strong> Portekiz Pedal Federasyonu Ba\u015fkan Yard\u0131mc\u0131s\u0131<\/a><\/p>\n<\/div><\/div>\n\n\n\n<div class=\"wp-block-media-text alignwide is-stacked-on-mobile\" style=\"grid-template-columns:58% auto\"><figure class=\"wp-block-media-text__media\"><img loading=\"lazy\" width=\"1024\" height=\"768\" src=\"https:\/\/gesport.unizar.es\/wp-content\/uploads\/2019\/10\/i4-3-1024x768.jpg\" alt=\"\" class=\"wp-image-3134 size-full\" srcset=\"https:\/\/gesport.unizar.es\/wp-content\/uploads\/2019\/10\/i4-3-1024x768.jpg 1024w, https:\/\/gesport.unizar.es\/wp-content\/uploads\/2019\/10\/i4-3-300x225.jpg 300w, https:\/\/gesport.unizar.es\/wp-content\/uploads\/2019\/10\/i4-3-768x576.jpg 768w, https:\/\/gesport.unizar.es\/wp-content\/uploads\/2019\/10\/i4-3.jpg 2016w\" sizes=\"(max-width: 1024px) 100vw, 1024px\" \/><\/figure><div class=\"wp-block-media-text__content\">\n<p class=\"has-large-font-size\" style=\"line-height:1.2\"><a href=\"http:\/\/gesport.unizar.es\/interviews-portugal\/juliana-ferreira-sousa\/(abre en una nueva pesta\u00f1a)\"><strong>Juliana Ferreira Sousa, <\/strong>Portekiz Hentball Federasyonu Ba\u015fkan Yard\u0131mc\u0131s\u0131<\/a><\/p>\n<\/div><\/div>\n\n\n\n<div class=\"wp-block-media-text alignwide is-stacked-on-mobile\" style=\"grid-template-columns:58% auto\"><figure class=\"wp-block-media-text__media\"><img loading=\"lazy\" width=\"1024\" height=\"768\" src=\"https:\/\/gesport.unizar.es\/wp-content\/uploads\/2019\/10\/i5-1-1024x768.jpg\" alt=\"\" class=\"wp-image-3136 size-full\" srcset=\"https:\/\/gesport.unizar.es\/wp-content\/uploads\/2019\/10\/i5-1-1024x768.jpg 1024w, https:\/\/gesport.unizar.es\/wp-content\/uploads\/2019\/10\/i5-1-300x225.jpg 300w, https:\/\/gesport.unizar.es\/wp-content\/uploads\/2019\/10\/i5-1-768x576.jpg 768w, https:\/\/gesport.unizar.es\/wp-content\/uploads\/2019\/10\/i5-1.jpg 2016w\" sizes=\"(max-width: 1024px) 100vw, 1024px\" \/><\/figure><div class=\"wp-block-media-text__content\">\n<p class=\"has-large-font-size\" style=\"line-height:1.2\"><a href=\"https:\/\/gesport.unizar.es\/interviews-portugal\/helena-aires\/\"><strong>Helena Aires, <\/strong><\/a>Portekiz Basketbol Federasyonu Ba\u015fkan Yard\u0131mc\u0131s\u0131<\/p>\n<\/div><\/div>\n\n\n\n<div class=\"wp-block-media-text alignwide is-stacked-on-mobile\" style=\"grid-template-columns:58% auto\"><figure class=\"wp-block-media-text__media\"><img loading=\"lazy\" width=\"471\" height=\"475\" src=\"https:\/\/gesport.unizar.es\/wp-content\/uploads\/2022\/10\/Captura-de-Pantalla-2022-10-13-a-las-19.52.40.png\" alt=\"\" class=\"wp-image-10239 size-full\"\/><\/figure><div class=\"wp-block-media-text__content\">\n<p class=\"has-large-font-size\" style=\"line-height:1.2\"><a href=\"http:\/\/gesport.unizar.es\/interviews-portugal\/ana-paula-almeida(abre en una nueva pesta\u00f1a)\"><strong>Ana Paula Almeida, <\/strong>Portekiz Jimnastik Federasyonu Ba\u015fkan Yard\u0131mc\u0131s\u0131<\/a><\/p>\n<\/div><\/div>\n\n\n\n<div class=\"wp-block-media-text alignwide is-stacked-on-mobile\" style=\"grid-template-columns:58% auto\"><figure class=\"wp-block-media-text__media\"><img loading=\"lazy\" width=\"1024\" height=\"768\" src=\"https:\/\/gesport.unizar.es\/wp-content\/uploads\/2019\/10\/i7-2-1-1024x768.jpg\" alt=\"\" class=\"wp-image-3146 size-full\" srcset=\"https:\/\/gesport.unizar.es\/wp-content\/uploads\/2019\/10\/i7-2-1-1024x768.jpg 1024w, https:\/\/gesport.unizar.es\/wp-content\/uploads\/2019\/10\/i7-2-1-300x225.jpg 300w, https:\/\/gesport.unizar.es\/wp-content\/uploads\/2019\/10\/i7-2-1-768x576.jpg 768w, https:\/\/gesport.unizar.es\/wp-content\/uploads\/2019\/10\/i7-2-1.jpg 2016w\" sizes=\"(max-width: 1024px) 100vw, 1024px\" \/><\/figure><div class=\"wp-block-media-text__content\">\n<p class=\"has-large-font-size\" style=\"line-height:1.2\"><a href=\"http:\/\/gesport.unizar.es\/interviews-portugal\/maria-rosa-cristino(abre en una nueva pesta\u00f1a)\"><strong>Maria Rosa Cristino,<\/strong> Portekiz Sportif Bal\u0131k\u00e7\u0131l\u0131k Federasyonu Ba\u015fkan Yard\u0131mc\u0131s\u0131<\/a><\/p>\n<\/div><\/div>\n\n\n\n<div class=\"wp-block-media-text alignwide has-media-on-the-right is-stacked-on-mobile\" style=\"grid-template-columns:auto 42%\"><figure class=\"wp-block-media-text__media\"><img loading=\"lazy\" width=\"768\" height=\"1024\" src=\"https:\/\/gesport.unizar.es\/wp-content\/uploads\/2019\/10\/i8-2-2-768x1024.jpg\" alt=\"\" class=\"wp-image-3153 size-full\" srcset=\"https:\/\/gesport.unizar.es\/wp-content\/uploads\/2019\/10\/i8-2-2-768x1024.jpg 768w, https:\/\/gesport.unizar.es\/wp-content\/uploads\/2019\/10\/i8-2-2-225x300.jpg 225w, https:\/\/gesport.unizar.es\/wp-content\/uploads\/2019\/10\/i8-2-2.jpg 1512w\" sizes=\"(max-width: 768px) 100vw, 768px\" \/><\/figure><div class=\"wp-block-media-text__content\">\n<p class=\"has-large-font-size\" style=\"line-height:1.2\"><a href=\"http:\/\/gesport.unizar.es\/interviews-portugal\/ana-cristina-vital-melo(abre en una nueva pesta\u00f1a)\"><strong>Ana Cristina Vital Melo, <\/strong>Portekiz Kickboks ve Muaythai Federasyonu Ba\u015fkan\u0131<\/a><\/p>\n<\/div><\/div>\n\n\n\n<div class=\"wp-block-media-text alignwide has-media-on-the-right is-stacked-on-mobile\" style=\"grid-template-columns:auto 42%\"><figure class=\"wp-block-media-text__media\"><img loading=\"lazy\" width=\"768\" height=\"1024\" src=\"https:\/\/gesport.unizar.es\/wp-content\/uploads\/2019\/10\/i9-1-1-768x1024.jpg\" alt=\"\" class=\"wp-image-3160 size-full\" srcset=\"https:\/\/gesport.unizar.es\/wp-content\/uploads\/2019\/10\/i9-1-1-768x1024.jpg 768w, https:\/\/gesport.unizar.es\/wp-content\/uploads\/2019\/10\/i9-1-1-225x300.jpg 225w, https:\/\/gesport.unizar.es\/wp-content\/uploads\/2019\/10\/i9-1-1.jpg 1512w\" sizes=\"(max-width: 768px) 100vw, 768px\" \/><\/figure><div class=\"wp-block-media-text__content\">\n<p class=\"has-large-font-size\" style=\"line-height:1.2\"><a href=\"https:\/\/gesport.unizar.es\/interviews-portugal\/maria-da-graca-coelho\/\"><strong>Maria da Gra\u00e7a Coelho, <\/strong>Portekiz Ok\u00e7uluk Federasyonu Eski Ba\u015fkan\u0131<\/a><\/p>\n<\/div><\/div>\n\n\n\n<div class=\"wp-block-media-text alignwide is-stacked-on-mobile\" style=\"grid-template-columns:57% auto\"><figure class=\"wp-block-media-text__media\"><img loading=\"lazy\" width=\"1024\" height=\"1024\" src=\"https:\/\/gesport.unizar.es\/wp-content\/uploads\/2019\/10\/i10-1-1024x1024.jpg\" alt=\"\" class=\"wp-image-3162 size-full\" srcset=\"https:\/\/gesport.unizar.es\/wp-content\/uploads\/2019\/10\/i10-1-1024x1024.jpg 1024w, https:\/\/gesport.unizar.es\/wp-content\/uploads\/2019\/10\/i10-1-150x150.jpg 150w, https:\/\/gesport.unizar.es\/wp-content\/uploads\/2019\/10\/i10-1-300x300.jpg 300w, https:\/\/gesport.unizar.es\/wp-content\/uploads\/2019\/10\/i10-1-768x768.jpg 768w, https:\/\/gesport.unizar.es\/wp-content\/uploads\/2019\/10\/i10-1.jpg 1512w\" sizes=\"(max-width: 1024px) 100vw, 1024px\" \/><\/figure><div class=\"wp-block-media-text__content\">\n<p class=\"has-large-font-size\" style=\"line-height:1.2\"><a href=\"http:\/\/gesport.unizar.es\/interviews-portugal\/teresa-cardoso(abre en una nueva pesta\u00f1a)\"><strong>Teresa Cardoso, <\/strong> Portekiz Triatlon Federasyonu Ba\u015fkan Yard\u0131mc\u0131s\u0131<\/a><\/p>\n<\/div><\/div>\n","protected":false},"excerpt":{"rendered":"<p>Mariana Monteiro, Portekiz Hokey FederasyonBa\u015fkan Yard\u0131mc\u0131s\u0131 Susana Costa Vieira, Portekiz Buz Pateni Federasyonu Ba\u015fkan Yard\u0131mc\u0131s\u0131 Catarina Carvalho, Portekiz Pedal Federasyonu Ba\u015fkan Yard\u0131mc\u0131s\u0131 Juliana Ferreira Sousa, Portekiz Hentball Federasyonu Ba\u015fkan Yard\u0131mc\u0131s\u0131 Helena Aires, Portekiz Basketbol Federasyonu Ba\u015fkan Yard\u0131mc\u0131s\u0131 Ana Paula Almeida, Portekiz Jimnastik Federasyonu Ba\u015fkan Yard\u0131mc\u0131s\u0131 Maria Rosa Cristino, Portekiz Sportif Bal\u0131k\u00e7\u0131l\u0131k Federasyonu Ba\u015fkan Yard\u0131mc\u0131s\u0131 Ana &hellip;<\/p>\n<p class=\"read-more\"> <a class=\"\" href=\"https:\/\/gesport.unizar.es\/tr\/interviews-portugal\/\"> <span class=\"screen-reader-text\">Portekiz r\u00f6portajlar\u0131<\/span> Read More &raquo;<\/a><\/p>\n","protected":false},"author":3,"featured_media":0,"parent":0,"menu_order":0,"comment_status":"closed","ping_status":"closed","template":"","meta":{"site-sidebar-layout":"default","site-content-layout":"default","ast-global-header-display":"","ast-main-header-display":"","ast-hfb-above-header-display":"","ast-hfb-below-header-display":"","ast-hfb-mobile-header-display":"","site-post-title":"","ast-breadcrumbs-content":"","ast-featured-img":"","footer-sml-layout":"","theme-transparent-header-meta":"","adv-header-id-meta":"","stick-header-meta":"","header-above-stick-meta":"","header-main-stick-meta":"","header-below-stick-meta":""},"translation":{"provider":"WPGlobus","version":"2.10.4","language":"tr","enabled_languages":["gb","es","tr","it","pt"],"languages":{"gb":{"title":true,"content":true,"excerpt":false},"es":{"title":true,"content":true,"excerpt":false},"tr":{"title":true,"content":true,"excerpt":false},"it":{"title":true,"content":true,"excerpt":false},"pt":{"title":true,"content":true,"excerpt":false}}},"yoast_head":"<!-- This site is optimized with the Yoast SEO plugin v19.7.1 - https:\/\/yoast.com\/wordpress\/plugins\/seo\/ -->\n<title>Portekiz r\u00f6portajlar\u0131 - GESPORT+<\/title>\n<meta name=\"robots\" content=\"index, follow, max-snippet:-1, max-image-preview:large, max-video-preview:-1\" \/>\n<link rel=\"canonical\" href=\"https:\/\/gesport.unizar.es\/interviews-portugal\/\" \/>\n<meta property=\"og:locale\" content=\"tr_TR\" \/>\n<meta property=\"og:type\" content=\"article\" \/>\n<meta property=\"og:title\" content=\"Portekiz r\u00f6portajlar\u0131 - GESPORT+\" \/>\n<meta property=\"og:url\" content=\"https:\/\/gesport.unizar.es\/interviews-portugal\/\" \/>\n<meta property=\"og:site_name\" content=\"GESPORT+\" \/>\n<meta property=\"article:modified_time\" content=\"2022-10-17T10:59:53+00:00\" \/>\n<meta property=\"og:image\" content=\"https:\/\/gesport.unizar.es\/wp-content\/uploads\/2019\/10\/image2-r-768x1024.jpg\" \/>\n<meta name=\"twitter:card\" content=\"summary_large_image\" \/>\n<meta name=\"twitter:label1\" content=\"Est. reading time\" \/>\n\t<meta name=\"twitter:data1\" content=\"3 minutes\" \/>\n<script type=\"application\/ld+json\" class=\"yoast-schema-graph\">{\"@context\":\"https:\/\/schema.org\",\"@graph\":[{\"@type\":\"WebPage\",\"@id\":\"https:\/\/gesport.unizar.es\/interviews-portugal\/\",\"url\":\"https:\/\/gesport.unizar.es\/interviews-portugal\/\",\"name\":\"Portekiz r\u00f6portajlar\u0131 - GESPORT+\",\"isPartOf\":{\"@id\":\"https:\/\/gesport.unizar.es\/#website\"},\"datePublished\":\"2020-05-05T15:29:25+00:00\",\"dateModified\":\"2022-10-17T10:59:53+00:00\",\"breadcrumb\":{\"@id\":\"https:\/\/gesport.unizar.es\/interviews-portugal\/#breadcrumb\"},\"inLanguage\":\"tr-TR\",\"potentialAction\":[{\"@type\":\"ReadAction\",\"target\":[\"https:\/\/gesport.unizar.es\/interviews-portugal\/\"]}]},{\"@type\":\"BreadcrumbList\",\"@id\":\"https:\/\/gesport.unizar.es\/interviews-portugal\/#breadcrumb\",\"itemListElement\":[{\"@type\":\"ListItem\",\"position\":1,\"name\":\"Portada\",\"item\":\"https:\/\/gesport.unizar.es\/\"},{\"@type\":\"ListItem\",\"position\":2,\"name\":\"Entrevistas Portugal\"}]},{\"@type\":\"WebSite\",\"@id\":\"https:\/\/gesport.unizar.es\/#website\",\"url\":\"https:\/\/gesport.unizar.es\/\",\"name\":\"GESPORT+\",\"description\":\"Corporate governance in sport organizations:  a gendered approach\",\"publisher\":{\"@id\":\"https:\/\/gesport.unizar.es\/#organization\"},\"potentialAction\":[{\"@type\":\"SearchAction\",\"target\":{\"@type\":\"EntryPoint\",\"urlTemplate\":\"https:\/\/gesport.unizar.es\/?s={search_term_string}\"},\"query-input\":\"required name=search_term_string\"}],\"inLanguage\":\"tr-TR\"},{\"@type\":\"Organization\",\"@id\":\"https:\/\/gesport.unizar.es\/#organization\",\"name\":\"GESPORT Erasmus+\",\"url\":\"https:\/\/gesport.unizar.es\/\",\"sameAs\":[],\"logo\":{\"@type\":\"ImageObject\",\"inLanguage\":\"tr-TR\",\"@id\":\"https:\/\/gesport.unizar.es\/#\/schema\/logo\/image\/\",\"url\":\"http:\/\/gesport.unizar.es\/wp-content\/uploads\/2018\/12\/4.jpg\",\"contentUrl\":\"http:\/\/gesport.unizar.es\/wp-content\/uploads\/2018\/12\/4.jpg\",\"width\":400,\"height\":400,\"caption\":\"GESPORT Erasmus+\"},\"image\":{\"@id\":\"https:\/\/gesport.unizar.es\/#\/schema\/logo\/image\/\"}}]}<\/script>\n<!-- \/ Yoast SEO plugin. -->","yoast_head_json":{"title":"Portekiz r\u00f6portajlar\u0131 - GESPORT+","robots":{"index":"index","follow":"follow","max-snippet":"max-snippet:-1","max-image-preview":"max-image-preview:large","max-video-preview":"max-video-preview:-1"},"canonical":"https:\/\/gesport.unizar.es\/interviews-portugal\/","og_locale":"tr_TR","og_type":"article","og_title":"Portekiz r\u00f6portajlar\u0131 - GESPORT+","og_url":"https:\/\/gesport.unizar.es\/interviews-portugal\/","og_site_name":"GESPORT+","article_modified_time":"2022-10-17T10:59:53+00:00","og_image":[{"url":"https:\/\/gesport.unizar.es\/wp-content\/uploads\/2019\/10\/image2-r-768x1024.jpg"}],"twitter_card":"summary_large_image","twitter_misc":{"Est. reading time":"3 minutes"},"schema":{"@context":"https:\/\/schema.org","@graph":[{"@type":"WebPage","@id":"https:\/\/gesport.unizar.es\/interviews-portugal\/","url":"https:\/\/gesport.unizar.es\/interviews-portugal\/","name":"Portekiz r\u00f6portajlar\u0131 - GESPORT+","isPartOf":{"@id":"https:\/\/gesport.unizar.es\/#website"},"datePublished":"2020-05-05T15:29:25+00:00","dateModified":"2022-10-17T10:59:53+00:00","breadcrumb":{"@id":"https:\/\/gesport.unizar.es\/interviews-portugal\/#breadcrumb"},"inLanguage":"tr-TR","potentialAction":[{"@type":"ReadAction","target":["https:\/\/gesport.unizar.es\/interviews-portugal\/"]}]},{"@type":"BreadcrumbList","@id":"https:\/\/gesport.unizar.es\/interviews-portugal\/#breadcrumb","itemListElement":[{"@type":"ListItem","position":1,"name":"Portada","item":"https:\/\/gesport.unizar.es\/"},{"@type":"ListItem","position":2,"name":"Entrevistas Portugal"}]},{"@type":"WebSite","@id":"https:\/\/gesport.unizar.es\/#website","url":"https:\/\/gesport.unizar.es\/","name":"GESPORT+","description":"Corporate governance in sport organizations:  a gendered approach","publisher":{"@id":"https:\/\/gesport.unizar.es\/#organization"},"potentialAction":[{"@type":"SearchAction","target":{"@type":"EntryPoint","urlTemplate":"https:\/\/gesport.unizar.es\/?s={search_term_string}"},"query-input":"required name=search_term_string"}],"inLanguage":"tr-TR"},{"@type":"Organization","@id":"https:\/\/gesport.unizar.es\/#organization","name":"GESPORT Erasmus+","url":"https:\/\/gesport.unizar.es\/","sameAs":[],"logo":{"@type":"ImageObject","inLanguage":"tr-TR","@id":"https:\/\/gesport.unizar.es\/#\/schema\/logo\/image\/","url":"http:\/\/gesport.unizar.es\/wp-content\/uploads\/2018\/12\/4.jpg","contentUrl":"http:\/\/gesport.unizar.es\/wp-content\/uploads\/2018\/12\/4.jpg","width":400,"height":400,"caption":"GESPORT Erasmus+"},"image":{"@id":"https:\/\/gesport.unizar.es\/#\/schema\/logo\/image\/"}}]}},"_links":{"self":[{"href":"https:\/\/gesport.unizar.es\/tr\/wp-json\/wp\/v2\/pages\/4318"}],"collection":[{"href":"https:\/\/gesport.unizar.es\/tr\/wp-json\/wp\/v2\/pages"}],"about":[{"href":"https:\/\/gesport.unizar.es\/tr\/wp-json\/wp\/v2\/types\/page"}],"author":[{"embeddable":true,"href":"https:\/\/gesport.unizar.es\/tr\/wp-json\/wp\/v2\/users\/3"}],"replies":[{"embeddable":true,"href":"https:\/\/gesport.unizar.es\/tr\/wp-json\/wp\/v2\/comments?post=4318"}],"version-history":[{"count":87,"href":"https:\/\/gesport.unizar.es\/tr\/wp-json\/wp\/v2\/pages\/4318\/revisions"}],"predecessor-version":[{"id":10340,"href":"https:\/\/gesport.unizar.es\/tr\/wp-json\/wp\/v2\/pages\/4318\/revisions\/10340"}],"wp:attachment":[{"href":"https:\/\/gesport.unizar.es\/tr\/wp-json\/wp\/v2\/media?parent=4318"}],"curies":[{"name":"wp","href":"https:\/\/api.w.org\/{rel}","templated":true}]}}