{"id":352,"date":"2018-09-23T10:48:32","date_gmt":"2018-09-23T10:48:32","guid":{"rendered":"http:\/\/gesport.unizar.es\/?page_id=352"},"modified":"2022-10-03T14:49:44","modified_gmt":"2022-10-03T14:49:44","slug":"scholars","status":"publish","type":"page","link":"https:\/\/gesport.unizar.es\/tr\/scholars\/","title":{"rendered":"Bursiyerler"},"content":{"rendered":"\n<h5 class=\"trans-verified-button-small\" id=\"gt-res-dir-ctr\"><span lang=\"en\"><span class=\"tlid-translation translation\">Bunlar, Gesport + Educa&#8217;da i\u015fbirli\u011fi yapan \u00f6\u011frencilerdir. Onlar hakk\u0131nda biraz daha bilgi edinmek ister misiniz?<\/span><\/span><\/h5>\n\n\n\n\n\n<figure class=\"wp-block-image alignleft is-resized\"><img loading=\"lazy\" src=\"http:\/\/gesport.unizar.es\/wp-content\/uploads\/2019\/01\/carnet2-2-300x300.jpg\" alt=\"\" class=\"wp-image-2746\" width=\"171\" height=\"171\" srcset=\"https:\/\/gesport.unizar.es\/wp-content\/uploads\/2019\/01\/carnet2-2-300x300.jpg 300w, https:\/\/gesport.unizar.es\/wp-content\/uploads\/2019\/01\/carnet2-2-150x150.jpg 150w, https:\/\/gesport.unizar.es\/wp-content\/uploads\/2019\/01\/carnet2-2.jpg 354w\" sizes=\"(max-width: 171px) 100vw, 171px\" \/><\/figure>\n\n\n\n<p><strong>RUTH ESTEBAN ESTEBAN<\/strong> (May\u0131s 2018 \/ Temmuz 2018)<br>Ruth (1992), Blancas (\u0130spanya) adl\u0131 k\u00fc\u00e7\u00fck bir kasabada do\u011fdu. Valencia&#8217;da <strong>End\u00fcstriyel Tasar\u0131m Derecesi<\/strong> okudu. Bir dan\u0131\u015fmanl\u0131k firmas\u0131n\u0131n pazarlama b\u00f6l\u00fcm\u00fcnde \u00e7al\u0131\u015ft\u0131ktan sonra Teruel&#8217;de <strong>Sanat Fak\u00fcltesinde Y\u00fcksek Lisans<\/strong> yapmaya karar verdi. GESPORT + projesinin ba\u015flang\u0131c\u0131nda web sitesinin geli\u015ftirilmesine ve y\u00f6netimine kat\u0131lm\u0131\u015ft\u0131r.<\/p>\n\n\n\n<br><br>\n\n\n\n<figure class=\"wp-block-image alignleft is-resized\"><img loading=\"lazy\" src=\"http:\/\/gesport.unizar.es\/wp-content\/uploads\/2019\/01\/ele1.png\" alt=\"\" class=\"wp-image-2760\" width=\"176\" height=\"176\" srcset=\"https:\/\/gesport.unizar.es\/wp-content\/uploads\/2019\/01\/ele1.png 406w, https:\/\/gesport.unizar.es\/wp-content\/uploads\/2019\/01\/ele1-150x150.png 150w, https:\/\/gesport.unizar.es\/wp-content\/uploads\/2019\/01\/ele1-300x300.png 300w\" sizes=\"(max-width: 176px) 100vw, 176px\" \/><\/figure>\n\n\n\n<p><strong>ELENA GIL JUANA <\/strong>(Ekim 2018 \/ May\u0131s 2019)<br>Elena (1994), Molina de Arag\u00f3n&#8217;da (\u0130spanya) do\u011fdu. Cuenca&#8217;da <strong>G\u00fczel Sanatlar Lisans\u0131<\/strong> ve Real Casa de la Moneda&#8217;da (Madrid) <strong>Grav\u00fcr ve Grafik Tasar\u0131m Y\u00fcksek Lisans\u0131<\/strong> okudu. Teruel&#8217;de y\u00fcksek lisans e\u011fitimi ald\u0131 ve GESPORT + projesinin web sitesi, logo katalog tasar\u0131m\u0131, elektronik kitap ve \u00e7e\u015fitli grafik materyallerinin geli\u015ftirilmesinde yer alm\u0131\u015ft\u0131r.<\/p>\n\n\n\n<br><br>\n\n\n\n<figure class=\"wp-block-image alignleft is-resized\"><img loading=\"lazy\" src=\"http:\/\/gesport.unizar.es\/wp-content\/uploads\/2019\/11\/ana_t_r-150x150.png\" alt=\"\" class=\"wp-image-3169\" width=\"182\" height=\"182\" srcset=\"https:\/\/gesport.unizar.es\/wp-content\/uploads\/2019\/11\/ana_t_r-150x150.png 150w, https:\/\/gesport.unizar.es\/wp-content\/uploads\/2019\/11\/ana_t_r-300x300.png 300w, https:\/\/gesport.unizar.es\/wp-content\/uploads\/2019\/11\/ana_t_r.png 463w\" sizes=\"(max-width: 182px) 100vw, 182px\" \/><\/figure>\n\n\n\n<p><strong>ANA TORTAJADA REM\u00d3N<\/strong>  <span class=\"tlid-translation translation\" lang=\"tr\"><span class=\"\" title=\"\">(\u015eubat 2020 \/ Aral\u0131k 2021)<\/span><\/span><\/p>\n\n\n\n<p>Ana (1996, Teruel&#8217;de (\u0130spanya) do\u011fdu. Teruel&#8217;de <strong>A\u011f Bilgisayar Sistemleri Y\u00f6netimi<\/strong> <strong>y\u00fcksek derecesini<\/strong> tamamlad\u0131. \u015eu anda Teruel Teknik Okulu&#8217;nda bilgisayar m\u00fchendisli\u011fi okumaktad\u0131r. 2019 y\u0131l\u0131nda GESPORT+ projesi veri tabanlar\u0131n\u0131n y\u00f6netimine kat\u0131lm\u0131\u015ft\u0131r. \u015eu anda ise web sitesinin geli\u015ftirilmesine kat\u0131lmaktad\u0131r. Ayr\u0131ca web sitesinde yap\u0131lan r\u00f6portajlar\u0131n organizasyonuna da kat\u0131lmaktad\u0131r. \u00c7ok Disiplinli Bak\u0131\u015f A\u00e7\u0131s\u0131yla Sporda E\u015fitlik ve \u00c7e\u015fitlilik \u00dczerine Uluslararas\u0131 Konferans\u0131&#8217;n\u0131n organizasyonu i\u00e7in teknik konularda, \u00f6zellikle konferans bilgilerinin yer ald\u0131\u011f\u0131 bilgisayar platformunun tasar\u0131m\u0131nda aktif olarak i\u015fbirli\u011fi yapm\u0131\u015ft\u0131r. <\/p>\n\n\n\n<br>\n\n\n\n<p><img loading=\"lazy\" width=\"180\" height=\"180\" class=\"alignleft  wp-image-3872\" src=\"http:\/\/gesport.unizar.es\/wp-content\/uploads\/2020\/04\/DiegoRodriguez-300x300.png\" alt=\"Diego Rodriguez\" srcset=\"https:\/\/gesport.unizar.es\/wp-content\/uploads\/2020\/04\/DiegoRodriguez-300x300.png 300w, https:\/\/gesport.unizar.es\/wp-content\/uploads\/2020\/04\/DiegoRodriguez-1024x1024.png 1024w, https:\/\/gesport.unizar.es\/wp-content\/uploads\/2020\/04\/DiegoRodriguez-150x150.png 150w, https:\/\/gesport.unizar.es\/wp-content\/uploads\/2020\/04\/DiegoRodriguez-768x768.png 768w, https:\/\/gesport.unizar.es\/wp-content\/uploads\/2020\/04\/DiegoRodriguez.png 1509w\" sizes=\"(max-width: 180px) 100vw, 180px\" \/><strong>DIEGO RODRIGUEZ SORIA<\/strong>  (\u015eubat 2020 \/ Haziran 2020) <\/p>\n\n\n\n<p>Diego (1995), Zaragoza&#8217;da (\u0130spanya) do\u011fdu. Halen Teruel&#8217;de G\u00fczel Sanatlar Lisans\u0131n\u0131n d\u00f6rd\u00fcnc\u00fc y\u0131l\u0131n\u0131 okuyor ve GESPORT + projesinin web sitesi i\u00e7in g\u00f6rsel-i\u015fitsel b\u00f6l\u00fcm\u00fcn deste\u011fiyle i\u015fbirli\u011fi y\u00fcr\u00fctmektedir.<\/p>\n\n\n\n<br>\n\n\n\n<p><\/p>\n\n\n\n<h2><img loading=\"lazy\" class=\"alignleft  wp-image-3926\" src=\"http:\/\/gesport.unizar.es\/wp-content\/uploads\/2020\/04\/circle-cropped-300x300.png\" alt=\"\" width=\"180\" height=\"180\" srcset=\"https:\/\/gesport.unizar.es\/wp-content\/uploads\/2020\/04\/circle-cropped-300x300.png 300w, https:\/\/gesport.unizar.es\/wp-content\/uploads\/2020\/04\/circle-cropped-150x150.png 150w, https:\/\/gesport.unizar.es\/wp-content\/uploads\/2020\/04\/circle-cropped-768x768.png 768w, https:\/\/gesport.unizar.es\/wp-content\/uploads\/2020\/04\/circle-cropped.png 864w\" sizes=\"(max-width: 180px) 100vw, 180px\" \/><\/h2>\n\n\n\n<p><strong>GUILLERMO MAZA MAR\u00cdN <\/strong>(\u015eubat 2020 \/ Haziran 2020)<\/p>\n\n\n\n<p>Guillermo (1995), Zaragoza&#8217;da (\u0130spanya) do\u011fdu. \u015eu anda Teruel&#8217;de G\u00fczel Sanatlar d\u00f6rd\u00fcnc\u00fc s\u0131n\u0131f \u00f6\u011frencisidir. Zaragoza \u00dcniversitesi&#8217;nde \u00d6\u011fretmenlik b\u00f6l\u00fcm\u00fcn\u00fc okudu. GESPORT + proje web sitesi i\u00e7in g\u00f6rsel-i\u015fitsel b\u00f6l\u00fcm\u00fcn geli\u015ftirilmesine kat\u0131lm\u0131\u015ft\u0131r.<\/p>\n\n\n\n<br>\n\n\n\n<div class=\"wp-block-image is-style-rounded\"><figure class=\"alignleft size-large is-resized\"><img loading=\"lazy\" src=\"http:\/\/gesport.unizar.es\/wp-content\/uploads\/2021\/03\/Laura_Peiro-edited.jpg\" alt=\"\" class=\"wp-image-5461\" width=\"180\" height=\"180\" srcset=\"https:\/\/gesport.unizar.es\/wp-content\/uploads\/2021\/03\/Laura_Peiro-edited.jpg 792w, https:\/\/gesport.unizar.es\/wp-content\/uploads\/2021\/03\/Laura_Peiro-edited-300x300.jpg 300w, https:\/\/gesport.unizar.es\/wp-content\/uploads\/2021\/03\/Laura_Peiro-edited-150x150.jpg 150w, https:\/\/gesport.unizar.es\/wp-content\/uploads\/2021\/03\/Laura_Peiro-edited-768x769.jpg 768w, https:\/\/gesport.unizar.es\/wp-content\/uploads\/2021\/03\/Laura_Peiro-edited-24x24.jpg 24w, https:\/\/gesport.unizar.es\/wp-content\/uploads\/2021\/03\/Laura_Peiro-edited-36x36.jpg 36w, https:\/\/gesport.unizar.es\/wp-content\/uploads\/2021\/03\/Laura_Peiro-edited-48x48.jpg 48w\" sizes=\"(max-width: 180px) 100vw, 180px\" \/><\/figure><\/div>\n\n\n\n<p><strong>LAURA PEIR\u00d3 M\u00c1RQUEZ<\/strong> (\u015eubat 2021\/A\u011fustos2021)<br>Laura (1995), Zaragoza&#8217;da (\u0130spanya) do\u011fdu ve Zaragoza\u2019da <strong>B.A. Modern Dillerde<\/strong> ve <strong>B.A. \u0130spanyol Filolojisi<\/strong> okumu\u015ftur. Daha sonra, <strong>\u0130kinci Dil Edinimi Alan\u0131nda Y\u00fcksek Lisans E\u011fitimi <\/strong>almak i\u00e7in \u0130spanya&#8217;n\u0131n kuzeyindeki Vitoria&#8217;ya ta\u015f\u0131nd\u0131. GESPORT+ projesine kat\u0131l\u0131m\u0131n\u0131 Zaragoza&#8217;daki Master of Didaktik ile birle\u015ftirdi. Sosyal a\u011flar\u0131n tan\u0131t\u0131m\u0131nda ve \u00c7ok Disiplinli Bak\u0131\u015f A\u00e7\u0131s\u0131yla Sporda E\u015fitlik ve \u00c7e\u015fitlilik \u00dczerine Uluslararas\u0131 Konferans\u0131&#8217;n\u0131n d\u00fczenlenmesinde, \u00f6zellikle reklam ve \u00e7eviri i\u015flerinde, aktif olarak i\u015fbirli\u011fi yapm\u0131\u015ft\u0131r.<\/p>\n\n\n\n<br>\n\n\n\n<figure class=\"wp-block-image alignleft size-full is-resized is-style-rounded\"><img loading=\"lazy\" src=\"https:\/\/gesport.unizar.es\/wp-content\/uploads\/2022\/02\/Foto_CV_Marta.png\" alt=\"\" class=\"wp-image-7428\" width=\"171\" height=\"171\"\/><\/figure>\n\n\n\n<p><strong>MARTA BURRIEL LE\u00d3N <\/strong>(February 2021\/July 2022)<\/p>\n\n\n\n<p>Marta (2000), Zaragoza&#8217;da (\u0130spanya) do\u011fdu. G\u00fczel Sanatlar e\u011fitimi ald\u0131\u011f\u0131 Teruel&#8217;e ge\u00e7mek i\u00e7in sanatsal alanda \u00e7al\u0131\u015fmalar\u0131na ba\u015flad\u0131.&nbsp;GESPORT + projesine ek olarak sanat ve \u00e7evreyi birle\u015ftiren sanatsal projeler y\u00fcr\u00fctmektedir.&nbsp;Ayr\u0131ca \u00c7ok Disiplinli Bak\u0131\u015f A\u00e7\u0131s\u0131yla Sporda E\u015fitlik ve \u00c7e\u015fitlilik \u00dczerine Uluslararas\u0131 Konferans\u0131&#8217;n\u0131n y\u00fcr\u00fct\u00fclmesinin yan\u0131 s\u0131ra konferans \u00f6zet kitab\u0131 i\u00e7in grafik materyal tasarlad\u0131.&nbsp;\u015eu anda projenin m\u00fclakat videolar\u0131n\u0131n ve di\u011fer proje k\u0131lavuzlar\u0131n\u0131n d\u00fczeniyle ilgili fikri \u00e7\u0131kt\u0131lar\u0131n geli\u015ftirilmesine kat\u0131lmaktad\u0131r.<\/p>\n\n\n\n<br>\n\n\n\n<figure class=\"wp-block-image alignleft size-full is-resized is-style-rounded\"><img loading=\"lazy\" src=\"https:\/\/gesport.unizar.es\/wp-content\/uploads\/2022\/02\/foto_perfil.webp\" alt=\"\" class=\"wp-image-7191\" width=\"171\" height=\"171\"\/><\/figure>\n\n\n\n<p><strong>LETICIA S\u00c1NCHEZ ROMERO<\/strong>&nbsp;(\u015eubat 2022 \/ Temmuz 2022)<\/p>\n\n\n\n<p>Leticia (1999), &nbsp;Zaragoza&#8217;da (\u0130spanya) do\u011fdu ve Zaragoza\u2019da <strong>Bilgisayar M\u00fchendisli\u011fi<\/strong> b\u00f6l\u00fcm\u00fcnden mezun olmu\u015ftur. GESPORT+ proje web sitesindeki r\u00f6portajlar ve videolar ile ilgili veri tabanlar\u0131n\u0131n ve fikri \u00fcr\u00fcnlerin y\u00f6netimi ile ilgili g\u00f6revlerde i\u015fbirli\u011fi yapmaktad\u0131r.<\/p>\n\n\n\n<br>\n\n\n\n<figure class=\"wp-block-image alignleft size-full is-resized is-style-rounded\"><img src=\"https:\/\/gesport.unizar.es\/wp-content\/uploads\/2022\/03\/becaria_Irene.jpeg\" alt=\"\" class=\"wp-image-7502\" width=\"171\" srcset=\"https:\/\/gesport.unizar.es\/wp-content\/uploads\/2022\/03\/becaria_Irene.jpeg 471w, https:\/\/gesport.unizar.es\/wp-content\/uploads\/2022\/03\/becaria_Irene-300x231.jpeg 300w, https:\/\/gesport.unizar.es\/wp-content\/uploads\/2022\/03\/becaria_Irene-24x18.jpeg 24w, https:\/\/gesport.unizar.es\/wp-content\/uploads\/2022\/03\/becaria_Irene-36x28.jpeg 36w, https:\/\/gesport.unizar.es\/wp-content\/uploads\/2022\/03\/becaria_Irene-48x37.jpeg 48w\" sizes=\"(max-width: 471px) 100vw, 471px\" \/><\/figure>\n\n\n\n<p><strong>IRENE S\u00c1EZ RIVAS <\/strong>(\u015eubat 2022\/ Temmuz 2022)<\/p>\n\n\n\n<p>Irene (2000), Teruel&#8217;de (\u0130spanya) do\u011fdu. Halen Teruel&#8217;de Okul \u00d6ncesi E\u011fitim Lisans\u0131n\u0131n d\u00f6rd\u00fcnc\u00fc y\u0131l\u0131n\u0131 okuyor. GESPORT+ proje web sitesindeki m\u00fclakatlar ve videolarla ilgili fikri \u00e7\u0131kt\u0131lar\u0131n altyaz\u0131 ve \u00e7eviri i\u015flerinde i\u015fbirli\u011fi yapmaktad\u0131r.<\/p>\n\n\n\n<br><br>\n\n\n\n<h2 class=\"section-title section_title_1\">BURS 2020\/21<\/h2>\n\n\n\n<p><span id=\"result_box\" class=\"\" lang=\"es\"><span title=\"ERASMUS+ SPORT 590521\u2010EPP\u20101\u20102017\u20101\u2010ES\u2010SPO\u2010SCP of Education, Audiovisual and Culture Executive Agency (EACEA). \">ERASMUS + SPORT 590521 \u2010 EPP \u2010 1\u20102017\u20101 \u2010 ES \u2010 SPO \u2010 SCP of the Agencia Ejecutiva de Educaci\u00f3n, Audiovisual y Cultura (EACEA).<\/span><\/span><\/p>\n\n\n\n<p><span title=\"View final resolution: http:\/\/fcsh.unizar.es\/resolucion-definitiva-de-la-comision-de-seleccion-1-beca-de-apoyo-para-tareas-de-getion-y-servicios-en-\">Son \u00e7\u00f6z\u00fcn\u00fcrl\u00fc\u011f\u00fc g\u00f6r\u00fcnt\u00fcleyin: <\/span> <a href=\"https:\/\/fcsh.unizar.es\/noticias\/resolucion-provisional-3-becas-de-apoyo-proyecto-erasmus-sport\">https:\/\/fcsh.unizar.es\/noticias\/resolucion-provisional-3-becas-de-apoyo-proyecto-erasmus-sport<\/a><\/p>\n\n\n\n<h2>BURS 2021\/22<\/h2>\n\n\n\n<p><span title=\"View final resolution: http:\/\/fcsh.unizar.es\/resolucion-definitiva-de-la-comision-de-seleccion-1-beca-de-apoyo-para-tareas-de-getion-y-servicios-en-\"> Son \u00e7\u00f6z\u00fcn\u00fcrl\u00fc\u011f\u00fc g\u00f6r\u00fcnt\u00fcleyin: <\/span> <a href=\"https:\/\/fcsh.unizar.es\/noticias\/becas-de-apoyo-resolucion-definitiva\">https:\/\/fcsh.unizar.es\/noticias\/becas-de-apoyo-resolucion-definitiva<\/a><\/p>\n","protected":false},"excerpt":{"rendered":"<p>Bunlar, Gesport + Educa&#8217;da i\u015fbirli\u011fi yapan \u00f6\u011frencilerdir. Onlar hakk\u0131nda biraz daha bilgi edinmek ister misiniz? RUTH ESTEBAN ESTEBAN (May\u0131s 2018 \/ Temmuz 2018)Ruth (1992), Blancas (\u0130spanya) adl\u0131 k\u00fc\u00e7\u00fck bir kasabada do\u011fdu. Valencia&#8217;da End\u00fcstriyel Tasar\u0131m Derecesi okudu. Bir dan\u0131\u015fmanl\u0131k firmas\u0131n\u0131n pazarlama b\u00f6l\u00fcm\u00fcnde \u00e7al\u0131\u015ft\u0131ktan sonra Teruel&#8217;de Sanat Fak\u00fcltesinde Y\u00fcksek Lisans yapmaya karar verdi. GESPORT + projesinin ba\u015flang\u0131c\u0131nda &hellip;<\/p>\n<p class=\"read-more\"> <a class=\"\" href=\"https:\/\/gesport.unizar.es\/tr\/scholars\/\"> <span class=\"screen-reader-text\">Bursiyerler<\/span> Read More &raquo;<\/a><\/p>\n","protected":false},"author":3,"featured_media":0,"parent":0,"menu_order":0,"comment_status":"closed","ping_status":"closed","template":"","meta":{"site-sidebar-layout":"default","site-content-layout":"default","ast-global-header-display":"","ast-main-header-display":"","ast-hfb-above-header-display":"","ast-hfb-below-header-display":"","ast-hfb-mobile-header-display":"","site-post-title":"","ast-breadcrumbs-content":"","ast-featured-img":"","footer-sml-layout":"","theme-transparent-header-meta":"","adv-header-id-meta":"","stick-header-meta":"","header-above-stick-meta":"","header-main-stick-meta":"","header-below-stick-meta":""},"translation":{"provider":"WPGlobus","version":"2.10.4","language":"tr","enabled_languages":["gb","es","tr","it","pt"],"languages":{"gb":{"title":true,"content":true,"excerpt":false},"es":{"title":true,"content":true,"excerpt":false},"tr":{"title":true,"content":true,"excerpt":false},"it":{"title":true,"content":true,"excerpt":false},"pt":{"title":true,"content":true,"excerpt":false}}},"yoast_head":"<!-- This site is optimized with the Yoast SEO plugin v19.7.1 - https:\/\/yoast.com\/wordpress\/plugins\/seo\/ -->\n<title>Bursiyerler - GESPORT+<\/title>\n<meta name=\"robots\" content=\"index, follow, max-snippet:-1, max-image-preview:large, max-video-preview:-1\" \/>\n<link rel=\"canonical\" href=\"https:\/\/gesport.unizar.es\/scholars\/\" \/>\n<meta property=\"og:locale\" content=\"tr_TR\" \/>\n<meta property=\"og:type\" content=\"article\" \/>\n<meta property=\"og:title\" content=\"Bursiyerler - GESPORT+\" \/>\n<meta property=\"og:url\" content=\"https:\/\/gesport.unizar.es\/scholars\/\" \/>\n<meta property=\"og:site_name\" content=\"GESPORT+\" \/>\n<meta property=\"article:modified_time\" content=\"2022-10-03T14:49:44+00:00\" \/>\n<meta property=\"og:image\" content=\"http:\/\/gesport.unizar.es\/wp-content\/uploads\/2019\/01\/carnet2-2-300x300.jpg\" \/>\n<meta name=\"twitter:card\" content=\"summary_large_image\" \/>\n<meta name=\"twitter:label1\" content=\"Est. reading time\" \/>\n\t<meta name=\"twitter:data1\" content=\"5 minutes\" \/>\n<script type=\"application\/ld+json\" class=\"yoast-schema-graph\">{\"@context\":\"https:\/\/schema.org\",\"@graph\":[{\"@type\":\"WebPage\",\"@id\":\"https:\/\/gesport.unizar.es\/scholars\/\",\"url\":\"https:\/\/gesport.unizar.es\/scholars\/\",\"name\":\"Bursiyerler - GESPORT+\",\"isPartOf\":{\"@id\":\"https:\/\/gesport.unizar.es\/#website\"},\"datePublished\":\"2018-09-23T10:48:32+00:00\",\"dateModified\":\"2022-10-03T14:49:44+00:00\",\"breadcrumb\":{\"@id\":\"https:\/\/gesport.unizar.es\/scholars\/#breadcrumb\"},\"inLanguage\":\"tr-TR\",\"potentialAction\":[{\"@type\":\"ReadAction\",\"target\":[\"https:\/\/gesport.unizar.es\/scholars\/\"]}]},{\"@type\":\"BreadcrumbList\",\"@id\":\"https:\/\/gesport.unizar.es\/scholars\/#breadcrumb\",\"itemListElement\":[{\"@type\":\"ListItem\",\"position\":1,\"name\":\"Portada\",\"item\":\"https:\/\/gesport.unizar.es\/\"},{\"@type\":\"ListItem\",\"position\":2,\"name\":\"Becarios\/as\"}]},{\"@type\":\"WebSite\",\"@id\":\"https:\/\/gesport.unizar.es\/#website\",\"url\":\"https:\/\/gesport.unizar.es\/\",\"name\":\"GESPORT+\",\"description\":\"Corporate governance in sport organizations:  a gendered approach\",\"publisher\":{\"@id\":\"https:\/\/gesport.unizar.es\/#organization\"},\"potentialAction\":[{\"@type\":\"SearchAction\",\"target\":{\"@type\":\"EntryPoint\",\"urlTemplate\":\"https:\/\/gesport.unizar.es\/?s={search_term_string}\"},\"query-input\":\"required name=search_term_string\"}],\"inLanguage\":\"tr-TR\"},{\"@type\":\"Organization\",\"@id\":\"https:\/\/gesport.unizar.es\/#organization\",\"name\":\"GESPORT Erasmus+\",\"url\":\"https:\/\/gesport.unizar.es\/\",\"sameAs\":[],\"logo\":{\"@type\":\"ImageObject\",\"inLanguage\":\"tr-TR\",\"@id\":\"https:\/\/gesport.unizar.es\/#\/schema\/logo\/image\/\",\"url\":\"http:\/\/gesport.unizar.es\/wp-content\/uploads\/2018\/12\/4.jpg\",\"contentUrl\":\"http:\/\/gesport.unizar.es\/wp-content\/uploads\/2018\/12\/4.jpg\",\"width\":400,\"height\":400,\"caption\":\"GESPORT Erasmus+\"},\"image\":{\"@id\":\"https:\/\/gesport.unizar.es\/#\/schema\/logo\/image\/\"}}]}<\/script>\n<!-- \/ Yoast SEO plugin. -->","yoast_head_json":{"title":"Bursiyerler - GESPORT+","robots":{"index":"index","follow":"follow","max-snippet":"max-snippet:-1","max-image-preview":"max-image-preview:large","max-video-preview":"max-video-preview:-1"},"canonical":"https:\/\/gesport.unizar.es\/scholars\/","og_locale":"tr_TR","og_type":"article","og_title":"Bursiyerler - GESPORT+","og_url":"https:\/\/gesport.unizar.es\/scholars\/","og_site_name":"GESPORT+","article_modified_time":"2022-10-03T14:49:44+00:00","og_image":[{"url":"http:\/\/gesport.unizar.es\/wp-content\/uploads\/2019\/01\/carnet2-2-300x300.jpg"}],"twitter_card":"summary_large_image","twitter_misc":{"Est. reading time":"5 minutes"},"schema":{"@context":"https:\/\/schema.org","@graph":[{"@type":"WebPage","@id":"https:\/\/gesport.unizar.es\/scholars\/","url":"https:\/\/gesport.unizar.es\/scholars\/","name":"Bursiyerler - GESPORT+","isPartOf":{"@id":"https:\/\/gesport.unizar.es\/#website"},"datePublished":"2018-09-23T10:48:32+00:00","dateModified":"2022-10-03T14:49:44+00:00","breadcrumb":{"@id":"https:\/\/gesport.unizar.es\/scholars\/#breadcrumb"},"inLanguage":"tr-TR","potentialAction":[{"@type":"ReadAction","target":["https:\/\/gesport.unizar.es\/scholars\/"]}]},{"@type":"BreadcrumbList","@id":"https:\/\/gesport.unizar.es\/scholars\/#breadcrumb","itemListElement":[{"@type":"ListItem","position":1,"name":"Portada","item":"https:\/\/gesport.unizar.es\/"},{"@type":"ListItem","position":2,"name":"Becarios\/as"}]},{"@type":"WebSite","@id":"https:\/\/gesport.unizar.es\/#website","url":"https:\/\/gesport.unizar.es\/","name":"GESPORT+","description":"Corporate governance in sport organizations:  a gendered approach","publisher":{"@id":"https:\/\/gesport.unizar.es\/#organization"},"potentialAction":[{"@type":"SearchAction","target":{"@type":"EntryPoint","urlTemplate":"https:\/\/gesport.unizar.es\/?s={search_term_string}"},"query-input":"required name=search_term_string"}],"inLanguage":"tr-TR"},{"@type":"Organization","@id":"https:\/\/gesport.unizar.es\/#organization","name":"GESPORT Erasmus+","url":"https:\/\/gesport.unizar.es\/","sameAs":[],"logo":{"@type":"ImageObject","inLanguage":"tr-TR","@id":"https:\/\/gesport.unizar.es\/#\/schema\/logo\/image\/","url":"http:\/\/gesport.unizar.es\/wp-content\/uploads\/2018\/12\/4.jpg","contentUrl":"http:\/\/gesport.unizar.es\/wp-content\/uploads\/2018\/12\/4.jpg","width":400,"height":400,"caption":"GESPORT Erasmus+"},"image":{"@id":"https:\/\/gesport.unizar.es\/#\/schema\/logo\/image\/"}}]}},"_links":{"self":[{"href":"https:\/\/gesport.unizar.es\/tr\/wp-json\/wp\/v2\/pages\/352"}],"collection":[{"href":"https:\/\/gesport.unizar.es\/tr\/wp-json\/wp\/v2\/pages"}],"about":[{"href":"https:\/\/gesport.unizar.es\/tr\/wp-json\/wp\/v2\/types\/page"}],"author":[{"embeddable":true,"href":"https:\/\/gesport.unizar.es\/tr\/wp-json\/wp\/v2\/users\/3"}],"replies":[{"embeddable":true,"href":"https:\/\/gesport.unizar.es\/tr\/wp-json\/wp\/v2\/comments?post=352"}],"version-history":[{"count":225,"href":"https:\/\/gesport.unizar.es\/tr\/wp-json\/wp\/v2\/pages\/352\/revisions"}],"predecessor-version":[{"id":9732,"href":"https:\/\/gesport.unizar.es\/tr\/wp-json\/wp\/v2\/pages\/352\/revisions\/9732"}],"wp:attachment":[{"href":"https:\/\/gesport.unizar.es\/tr\/wp-json\/wp\/v2\/media?parent=352"}],"curies":[{"name":"wp","href":"https:\/\/api.w.org\/{rel}","templated":true}]}}