{"id":179,"date":"2018-07-08T20:07:48","date_gmt":"2018-07-08T20:07:48","guid":{"rendered":"http:\/\/gesport.unizar.es\/?page_id=179"},"modified":"2022-09-16T15:32:04","modified_gmt":"2022-09-16T15:32:04","slug":"gesport-project","status":"publish","type":"page","link":"https:\/\/gesport.unizar.es\/tr\/gesport-project\/","title":{"rendered":"Projesi"},"content":{"rendered":"<div id=\"gt-lang-src\">\n<div id=\"gt-res-p\">\n<div id=\"gt-res-data\">\n<div id=\"gt-res-wrap\">\n<div id=\"gt-res-content\">\n<h1 id=\"gt-res-dir-ctr\" class=\"trans-verified-button-small\" dir=\"ltr\"><span id=\"result_box\" class=\"\" lang=\"pt\"><span title=\"GESPORT+, CORPORATE GOVERNANCE IN SPORT ORGANIZATIONS: A GENDERED APPROACH \"><span id=\"result_box\" class=\"\" lang=\"es\"><span class=\"\"><span class=\"tlid-translation translation\">GESPORT +, Spor organizasyonlar\u0131nda kurumsal y\u00f6netim: cinsiyet yakla\u015f\u0131m\u0131<\/span><\/span><\/span><\/span><\/span><\/h1>\n<\/div>\n<\/div>\n<\/div>\n<\/div>\n<\/div>\n<p><img loading=\"lazy\" class=\"wp-image-187 alignleft\" src=\"http:\/\/gesport.unizar.es\/wp-content\/uploads\/2018\/07\/IMG_2.jpg\" alt=\"\" width=\"650\" height=\"\" srcset=\"https:\/\/gesport.unizar.es\/wp-content\/uploads\/2018\/07\/IMG_2.jpg 4496w, https:\/\/gesport.unizar.es\/wp-content\/uploads\/2018\/07\/IMG_2-300x187.jpg 300w, https:\/\/gesport.unizar.es\/wp-content\/uploads\/2018\/07\/IMG_2-768x478.jpg 768w, https:\/\/gesport.unizar.es\/wp-content\/uploads\/2018\/07\/IMG_2-1024x637.jpg 1024w\" sizes=\"(max-width: 4496px) 100vw, 4496px\" \/><span id=\"result_box\" class=\"\" lang=\"es\"><span title=\"where the decision-making process is generated.\"><span id=\"result_box\" class=\"\" lang=\"pt\"><span title=\"where the decision-making process is generated. \"><span class=\"tlid-translation translation\"><strong>GESPORT + projesi<\/strong>, y\u00f6netim kurulu gibi spor organizasyonlar\u0131nda karar alma alanlar\u0131nda kad\u0131n ve erkek e\u015fitli\u011fini g\u00fc\u00e7lendirmeyi ama\u00e7lamaktad\u0131r. Projenin temel amac\u0131 spor aktiviteleri Erasmus + \u00e7er\u00e7evesinde spor federasyonu veya t\u00fcm spor derneklerinin kuruluna kad\u0131nlar\u0131n eri\u015fimini iyile\u015ftirmektir. Sonu\u00e7lar\u0131n\u0131n, spor organizasyonlar\u0131nda kurumsal y\u00f6netimin karar vermesinde cinsiyet dengesini artt\u0131rmaya y\u00f6nelik olas\u0131 \u00f6nlemlerin tespit edilmesine katk\u0131da bulunmas\u0131 beklenmektedir. dikkate cam tavan, cam ya da u\u00e7urumdan \u00fcstesinden y\u00f6netim deneyimleri alarak, bu proje mesleki ilerleme di\u011fer kad\u0131nlar\u0131 yeti\u015ftirmeyi hedeflemektedir. Son on y\u0131l i\u00e7inde, bir\u00e7ok \u00fclke daha e\u015fitlik\u00e7i, adil ve demokratik bir topluma giden cinsiyet e\u015fitli\u011fini ve ilerlemeyi \u00e7\u0131karmak i\u00e7in \u00e7e\u015fitli giri\u015fimlerde benimsediler. Ayr\u0131ca, d\u00fcnya genelinde bir\u00e7ok \u00fclkede, \u00f6zellikle de listelenen \u015firketler i\u00e7in b\u00fcy\u00fck kurulu\u015flar i\u00e7in iyi kurumsal y\u00f6netim \u00f6nerileri ile birlikte bir\u00e7ok iyi y\u00f6neti\u015fim kodu yay\u0131nlanm\u0131\u015ft\u0131r. Ancak, iyi h\u00fck\u00fcmette Avrupa uzmanlar\u0131n grup diyor o h\u00fck\u00fcmetler ve payda\u015flar i\u00e7in bir \u00f6ncelik olmaya devam etse spor alan\u0131nda, \u00e7al\u0131\u015fmalar k\u0131t ve mevcut ara\u015ft\u0131rma t\u00fcm kad\u0131nlar\u0131n d\u00fc\u015f\u00fck kat\u0131l\u0131m\u0131n\u0131 g\u00f6sterir karar verme alanlar\u0131. cinsiyet politikalar\u0131 tan\u0131mlayabilir kurulu\u015flar \u00f6nerilebilir Avrupa spor kurullar\u0131nda kad\u0131nlar\u0131n temsilinin daha iyi anla\u015f\u0131lmas\u0131 ve kad\u0131nlar\u0131n kat\u0131l\u0131m\u0131n\u0131 art\u0131rmak i\u00e7in AB ve baz\u0131 \u00fcye \u00fclkeleri hem de mevcut olanlar\u0131 geli\u015ftirmek spor organizasyonlar\u0131n\u0131n liderlik pozisyonlar\u0131nda. . Kad\u0131nlar\u0131n deneyimleri g\u00f6r\u00fcn\u00fcr yap\u0131n, kurullar\u0131nda rolleri, di\u011fer kad\u0131nlar daha iyi ba\u011flamlarda kariyerlerini y\u00f6netmek i\u00e7in yard\u0131mc\u0131 olabilir onlar\u0131n g\u00fcnl\u00fck mesleki ya\u015famda kar\u015f\u0131la\u015ft\u0131klar\u0131 onlar\u0131n spor kurulu\u015flar\u0131nda kurumsal y\u00f6netim uygulamalar\u0131 ve problemleri, s\u0131k\u0131nt\u0131lar\u0131 . Karar verme s\u00fcrecinin \u00fcretildi\u011fi yer.<\/span><\/span><\/span><\/span><\/span><\/p>\n","protected":false},"excerpt":{"rendered":"<p>GESPORT +, Spor organizasyonlar\u0131nda kurumsal y\u00f6netim: cinsiyet yakla\u015f\u0131m\u0131 GESPORT + projesi, y\u00f6netim kurulu gibi spor organizasyonlar\u0131nda karar alma alanlar\u0131nda kad\u0131n ve erkek e\u015fitli\u011fini g\u00fc\u00e7lendirmeyi ama\u00e7lamaktad\u0131r. Projenin temel amac\u0131 spor aktiviteleri Erasmus + \u00e7er\u00e7evesinde spor federasyonu veya t\u00fcm spor derneklerinin kuruluna kad\u0131nlar\u0131n eri\u015fimini iyile\u015ftirmektir. Sonu\u00e7lar\u0131n\u0131n, spor organizasyonlar\u0131nda kurumsal y\u00f6netimin karar vermesinde cinsiyet dengesini artt\u0131rmaya y\u00f6nelik olas\u0131 &hellip;<\/p>\n<p class=\"read-more\"> <a class=\"\" href=\"https:\/\/gesport.unizar.es\/tr\/gesport-project\/\"> <span class=\"screen-reader-text\">Projesi<\/span> Read More &raquo;<\/a><\/p>\n","protected":false},"author":3,"featured_media":0,"parent":0,"menu_order":0,"comment_status":"closed","ping_status":"closed","template":"","meta":{"site-sidebar-layout":"default","site-content-layout":"default","ast-global-header-display":"","ast-main-header-display":"","ast-hfb-above-header-display":"","ast-hfb-below-header-display":"","ast-hfb-mobile-header-display":"","site-post-title":"","ast-breadcrumbs-content":"","ast-featured-img":"","footer-sml-layout":"","theme-transparent-header-meta":"default","adv-header-id-meta":"","stick-header-meta":"","header-above-stick-meta":"","header-main-stick-meta":"","header-below-stick-meta":""},"translation":{"provider":"WPGlobus","version":"2.10.4","language":"tr","enabled_languages":["gb","es","tr","it","pt"],"languages":{"gb":{"title":true,"content":true,"excerpt":false},"es":{"title":true,"content":true,"excerpt":false},"tr":{"title":true,"content":true,"excerpt":false},"it":{"title":true,"content":true,"excerpt":false},"pt":{"title":true,"content":true,"excerpt":false}}},"yoast_head":"<!-- This site is optimized with the Yoast SEO plugin v19.7.1 - https:\/\/yoast.com\/wordpress\/plugins\/seo\/ -->\n<title>Projesi - GESPORT+<\/title>\n<meta name=\"robots\" content=\"index, follow, max-snippet:-1, max-image-preview:large, max-video-preview:-1\" \/>\n<link rel=\"canonical\" href=\"https:\/\/gesport.unizar.es\/gesport-project\/\" \/>\n<meta property=\"og:locale\" content=\"tr_TR\" \/>\n<meta property=\"og:type\" content=\"article\" \/>\n<meta property=\"og:title\" content=\"Projesi - GESPORT+\" \/>\n<meta property=\"og:url\" content=\"https:\/\/gesport.unizar.es\/gesport-project\/\" \/>\n<meta property=\"og:site_name\" content=\"GESPORT+\" \/>\n<meta property=\"article:modified_time\" content=\"2022-09-16T15:32:04+00:00\" \/>\n<meta property=\"og:image\" content=\"http:\/\/gesport.unizar.es\/wp-content\/uploads\/2018\/07\/IMG_2.jpg\" \/>\n<meta name=\"twitter:card\" content=\"summary_large_image\" \/>\n<meta name=\"twitter:label1\" content=\"Est. reading time\" \/>\n\t<meta name=\"twitter:data1\" content=\"2 minutes\" \/>\n<script type=\"application\/ld+json\" class=\"yoast-schema-graph\">{\"@context\":\"https:\/\/schema.org\",\"@graph\":[{\"@type\":\"WebPage\",\"@id\":\"https:\/\/gesport.unizar.es\/gesport-project\/\",\"url\":\"https:\/\/gesport.unizar.es\/gesport-project\/\",\"name\":\"Projesi - GESPORT+\",\"isPartOf\":{\"@id\":\"https:\/\/gesport.unizar.es\/#website\"},\"datePublished\":\"2018-07-08T20:07:48+00:00\",\"dateModified\":\"2022-09-16T15:32:04+00:00\",\"breadcrumb\":{\"@id\":\"https:\/\/gesport.unizar.es\/gesport-project\/#breadcrumb\"},\"inLanguage\":\"tr-TR\",\"potentialAction\":[{\"@type\":\"ReadAction\",\"target\":[\"https:\/\/gesport.unizar.es\/gesport-project\/\"]}]},{\"@type\":\"BreadcrumbList\",\"@id\":\"https:\/\/gesport.unizar.es\/gesport-project\/#breadcrumb\",\"itemListElement\":[{\"@type\":\"ListItem\",\"position\":1,\"name\":\"Portada\",\"item\":\"https:\/\/gesport.unizar.es\/\"},{\"@type\":\"ListItem\",\"position\":2,\"name\":\"PROYECTO GESPORT\"}]},{\"@type\":\"WebSite\",\"@id\":\"https:\/\/gesport.unizar.es\/#website\",\"url\":\"https:\/\/gesport.unizar.es\/\",\"name\":\"GESPORT+\",\"description\":\"Corporate governance in sport organizations:  a gendered approach\",\"publisher\":{\"@id\":\"https:\/\/gesport.unizar.es\/#organization\"},\"potentialAction\":[{\"@type\":\"SearchAction\",\"target\":{\"@type\":\"EntryPoint\",\"urlTemplate\":\"https:\/\/gesport.unizar.es\/?s={search_term_string}\"},\"query-input\":\"required name=search_term_string\"}],\"inLanguage\":\"tr-TR\"},{\"@type\":\"Organization\",\"@id\":\"https:\/\/gesport.unizar.es\/#organization\",\"name\":\"GESPORT Erasmus+\",\"url\":\"https:\/\/gesport.unizar.es\/\",\"sameAs\":[],\"logo\":{\"@type\":\"ImageObject\",\"inLanguage\":\"tr-TR\",\"@id\":\"https:\/\/gesport.unizar.es\/#\/schema\/logo\/image\/\",\"url\":\"http:\/\/gesport.unizar.es\/wp-content\/uploads\/2018\/12\/4.jpg\",\"contentUrl\":\"http:\/\/gesport.unizar.es\/wp-content\/uploads\/2018\/12\/4.jpg\",\"width\":400,\"height\":400,\"caption\":\"GESPORT Erasmus+\"},\"image\":{\"@id\":\"https:\/\/gesport.unizar.es\/#\/schema\/logo\/image\/\"}}]}<\/script>\n<!-- \/ Yoast SEO plugin. -->","yoast_head_json":{"title":"Projesi - GESPORT+","robots":{"index":"index","follow":"follow","max-snippet":"max-snippet:-1","max-image-preview":"max-image-preview:large","max-video-preview":"max-video-preview:-1"},"canonical":"https:\/\/gesport.unizar.es\/gesport-project\/","og_locale":"tr_TR","og_type":"article","og_title":"Projesi - GESPORT+","og_url":"https:\/\/gesport.unizar.es\/gesport-project\/","og_site_name":"GESPORT+","article_modified_time":"2022-09-16T15:32:04+00:00","og_image":[{"url":"http:\/\/gesport.unizar.es\/wp-content\/uploads\/2018\/07\/IMG_2.jpg"}],"twitter_card":"summary_large_image","twitter_misc":{"Est. reading time":"2 minutes"},"schema":{"@context":"https:\/\/schema.org","@graph":[{"@type":"WebPage","@id":"https:\/\/gesport.unizar.es\/gesport-project\/","url":"https:\/\/gesport.unizar.es\/gesport-project\/","name":"Projesi - GESPORT+","isPartOf":{"@id":"https:\/\/gesport.unizar.es\/#website"},"datePublished":"2018-07-08T20:07:48+00:00","dateModified":"2022-09-16T15:32:04+00:00","breadcrumb":{"@id":"https:\/\/gesport.unizar.es\/gesport-project\/#breadcrumb"},"inLanguage":"tr-TR","potentialAction":[{"@type":"ReadAction","target":["https:\/\/gesport.unizar.es\/gesport-project\/"]}]},{"@type":"BreadcrumbList","@id":"https:\/\/gesport.unizar.es\/gesport-project\/#breadcrumb","itemListElement":[{"@type":"ListItem","position":1,"name":"Portada","item":"https:\/\/gesport.unizar.es\/"},{"@type":"ListItem","position":2,"name":"PROYECTO GESPORT"}]},{"@type":"WebSite","@id":"https:\/\/gesport.unizar.es\/#website","url":"https:\/\/gesport.unizar.es\/","name":"GESPORT+","description":"Corporate governance in sport organizations:  a gendered approach","publisher":{"@id":"https:\/\/gesport.unizar.es\/#organization"},"potentialAction":[{"@type":"SearchAction","target":{"@type":"EntryPoint","urlTemplate":"https:\/\/gesport.unizar.es\/?s={search_term_string}"},"query-input":"required name=search_term_string"}],"inLanguage":"tr-TR"},{"@type":"Organization","@id":"https:\/\/gesport.unizar.es\/#organization","name":"GESPORT Erasmus+","url":"https:\/\/gesport.unizar.es\/","sameAs":[],"logo":{"@type":"ImageObject","inLanguage":"tr-TR","@id":"https:\/\/gesport.unizar.es\/#\/schema\/logo\/image\/","url":"http:\/\/gesport.unizar.es\/wp-content\/uploads\/2018\/12\/4.jpg","contentUrl":"http:\/\/gesport.unizar.es\/wp-content\/uploads\/2018\/12\/4.jpg","width":400,"height":400,"caption":"GESPORT Erasmus+"},"image":{"@id":"https:\/\/gesport.unizar.es\/#\/schema\/logo\/image\/"}}]}},"_links":{"self":[{"href":"https:\/\/gesport.unizar.es\/tr\/wp-json\/wp\/v2\/pages\/179"}],"collection":[{"href":"https:\/\/gesport.unizar.es\/tr\/wp-json\/wp\/v2\/pages"}],"about":[{"href":"https:\/\/gesport.unizar.es\/tr\/wp-json\/wp\/v2\/types\/page"}],"author":[{"embeddable":true,"href":"https:\/\/gesport.unizar.es\/tr\/wp-json\/wp\/v2\/users\/3"}],"replies":[{"embeddable":true,"href":"https:\/\/gesport.unizar.es\/tr\/wp-json\/wp\/v2\/comments?post=179"}],"version-history":[{"count":35,"href":"https:\/\/gesport.unizar.es\/tr\/wp-json\/wp\/v2\/pages\/179\/revisions"}],"predecessor-version":[{"id":9073,"href":"https:\/\/gesport.unizar.es\/tr\/wp-json\/wp\/v2\/pages\/179\/revisions\/9073"}],"wp:attachment":[{"href":"https:\/\/gesport.unizar.es\/tr\/wp-json\/wp\/v2\/media?parent=179"}],"curies":[{"name":"wp","href":"https:\/\/api.w.org\/{rel}","templated":true}]}}