{"id":17,"date":"2018-05-08T15:56:17","date_gmt":"2018-05-08T15:56:17","guid":{"rendered":"http:\/\/gesport.unizar.es\/?page_id=17"},"modified":"2025-04-09T15:57:54","modified_gmt":"2025-04-09T15:57:54","slug":"onetone-front-page","status":"publish","type":"page","link":"https:\/\/gesport.unizar.es\/tr\/","title":{"rendered":"Erasmus+"},"content":{"rendered":"\n<p class=\"has-ast-global-color-0-color has-ast-global-color-6-background-color has-text-color has-background has-small-font-size\">Avrupa Komisyonu&#8217;nun bu yay\u0131n\u0131n haz\u0131rlanmas\u0131na verdi\u011fi destek, sadece yazarlar\u0131n g\u00f6r\u00fc\u015flerini yans\u0131tan i\u00e7eri\u011fin onayland\u0131\u011f\u0131 anlam\u0131na gelmez ve Komisyon burada yer alan bilgilerin herhangi bir \u015fekilde kullan\u0131lmas\u0131ndan sorumlu tutulamaz.<\/p>\n\n\n\n<figure class=\"wp-block-image size-full\"><img loading=\"lazy\" width=\"4000\" height=\"2667\" src=\"https:\/\/gesport.unizar.es\/wp-content\/uploads\/2022\/09\/5Libros.jpg\" alt=\"\" class=\"wp-image-9519\"\/><\/figure>\n\n\n\n<h1 class=\"has-text-align-center\"><strong>SPOR ORGAN\u0130ZASYONLARINDA KURUMSAL Y\u00d6NET\u0130M: C\u0130NS\u0130YETE DAYALI B\u0130R YAKLA\u015eIM<\/strong><\/h1>\n\n\n\n<div class=\"wp-container-1 is-horizontal is-content-justification-center wp-block-buttons\">\n<div class=\"wp-block-button\"><a class=\"wp-block-button__link\" href=\"https:\/\/gesport.unizar.es\/tr\/gesport-project\/\"> DEVAMINI OKU <\/a><\/div>\n<\/div>\n\n\n\n<hr class=\"wp-block-separator has-css-opacity\"\/>\n\n\n\n<div class=\"wp-container-5 wp-block-columns\">\n<div class=\"wp-container-2 wp-block-column\">\n<figure class=\"wp-block-image size-large\"><img loading=\"lazy\" width=\"1024\" height=\"222\" src=\"https:\/\/gesport.unizar.es\/wp-content\/uploads\/2021\/04\/Erasmus_plus_sofinanciranje_ENG-1024x222.png\" alt=\"\" class=\"wp-image-5581\" srcset=\"https:\/\/gesport.unizar.es\/wp-content\/uploads\/2021\/04\/Erasmus_plus_sofinanciranje_ENG-1024x222.png 1024w, https:\/\/gesport.unizar.es\/wp-content\/uploads\/2021\/04\/Erasmus_plus_sofinanciranje_ENG-300x65.png 300w, https:\/\/gesport.unizar.es\/wp-content\/uploads\/2021\/04\/Erasmus_plus_sofinanciranje_ENG-768x167.png 768w, https:\/\/gesport.unizar.es\/wp-content\/uploads\/2021\/04\/Erasmus_plus_sofinanciranje_ENG-1536x333.png 1536w, https:\/\/gesport.unizar.es\/wp-content\/uploads\/2021\/04\/Erasmus_plus_sofinanciranje_ENG-24x5.png 24w, https:\/\/gesport.unizar.es\/wp-content\/uploads\/2021\/04\/Erasmus_plus_sofinanciranje_ENG-36x8.png 36w, https:\/\/gesport.unizar.es\/wp-content\/uploads\/2021\/04\/Erasmus_plus_sofinanciranje_ENG-48x10.png 48w, https:\/\/gesport.unizar.es\/wp-content\/uploads\/2021\/04\/Erasmus_plus_sofinanciranje_ENG.png 1718w\" sizes=\"(max-width: 1024px) 100vw, 1024px\" \/><figcaption><a href=\"https:\/\/ec.europa.eu\/programmes\/erasmus-plus\/projects\/eplus-project-details\/#project\/d6bff2ea-5dbb-49b2-aebb-9f172154cdbe\"><strong>ERASMUS+ Programme<\/strong><br>With the support of the Erasmus+ programme of the European Union<\/a><\/figcaption><\/figure>\n<\/div>\n\n\n\n<div class=\"wp-container-3 wp-block-column\">\n<figure class=\"wp-block-image size-full\"><img loading=\"lazy\" width=\"243\" height=\"107\" src=\"https:\/\/gesport.unizar.es\/wp-content\/uploads\/2021\/04\/2.png\" alt=\"\" class=\"wp-image-5574\" srcset=\"https:\/\/gesport.unizar.es\/wp-content\/uploads\/2021\/04\/2.png 243w, https:\/\/gesport.unizar.es\/wp-content\/uploads\/2021\/04\/2-24x11.png 24w, https:\/\/gesport.unizar.es\/wp-content\/uploads\/2021\/04\/2-36x16.png 36w, https:\/\/gesport.unizar.es\/wp-content\/uploads\/2021\/04\/2-48x21.png 48w\" sizes=\"(max-width: 243px) 100vw, 243px\" \/><figcaption><a href=\"https:\/\/unizar.es\/\"><strong>Universidad de Zaragoza |<\/strong><br><strong>Spain<\/strong><\/a><br><a href=\"https:\/\/contabilidadyfinanzas.unizar.es\/personal\/maria-luisa-esteban-salvador\">COORDINATOR | Dr Mar\u00eda Luisa Esteba<\/a>n<\/figcaption><\/figure>\n<\/div>\n\n\n\n<div class=\"wp-container-4 wp-block-column\">\n<figure class=\"wp-block-image size-full\"><img loading=\"lazy\" width=\"165\" height=\"107\" src=\"https:\/\/gesport.unizar.es\/wp-content\/uploads\/2021\/04\/5.png\" alt=\"\" class=\"wp-image-5577\" srcset=\"https:\/\/gesport.unizar.es\/wp-content\/uploads\/2021\/04\/5.png 165w, https:\/\/gesport.unizar.es\/wp-content\/uploads\/2021\/04\/5-24x16.png 24w, https:\/\/gesport.unizar.es\/wp-content\/uploads\/2021\/04\/5-36x23.png 36w, https:\/\/gesport.unizar.es\/wp-content\/uploads\/2021\/04\/5-48x31.png 48w\" sizes=\"(max-width: 165px) 100vw, 165px\" \/><figcaption><a href=\"https:\/\/www.unite.it\/UniTE\/\" target=\"_blank\" rel=\"noreferrer noopener\"><strong>Universit\u00e1 degli studi diTeramo | Italy<\/strong><\/a><br><a href=\"https:\/\/www.unite.it\/UniTE\/Engine\/RAServePG.php\/P\/58651UTE0641?VRIC_provenienza=5858&amp;rifm=1UTE0441&amp;VRIC_ID=2549&amp;VRIC_AA=2017&amp;VRIC_IDOC=431&amp;VRIC_Facolta=&amp;VRIC_anno=&amp;VRIC_cds=-&amp;VRIC_tipo=&amp;VRIC_curr=&amp;VRIC_doc=Di%20Cimbrini&amp;VRIC_ins=&amp;SELAA=2017&amp;SELANNO=1&amp;SELTCDS=U&amp;SELCDS=86&amp;SELCOMP=2&amp;SELCORSO=2549&amp;SELDOC=431#A2\">PARTNER | Dr Tiziana Di Cimbrini<\/a><\/figcaption><\/figure>\n<\/div>\n<\/div>\n\n\n\n<div class=\"wp-container-9 wp-block-columns\">\n<div class=\"wp-container-6 wp-block-column\">\n<figure class=\"wp-block-image size-full\"><img loading=\"lazy\" width=\"292\" height=\"107\" src=\"https:\/\/gesport.unizar.es\/wp-content\/uploads\/2021\/04\/4.png\" alt=\"\" class=\"wp-image-5576\" srcset=\"https:\/\/gesport.unizar.es\/wp-content\/uploads\/2021\/04\/4.png 292w, https:\/\/gesport.unizar.es\/wp-content\/uploads\/2021\/04\/4-24x9.png 24w, https:\/\/gesport.unizar.es\/wp-content\/uploads\/2021\/04\/4-36x13.png 36w, https:\/\/gesport.unizar.es\/wp-content\/uploads\/2021\/04\/4-48x18.png 48w\" sizes=\"(max-width: 292px) 100vw, 292px\" \/><figcaption><a href=\"http:\/\/www.sakarya.edu.tr\/\" target=\"_blank\" rel=\"noreferrer noopener\"><strong>Sakarya Universitesi | Turkey<\/strong><\/a><br><a href=\"http:\/\/www.ggungor.sakarya.edu.tr\/\">PARTNER | Dr. Gonca G\u00fcng\u00f6r G\u00f6ksu<\/a><\/figcaption><\/figure>\n<\/div>\n\n\n\n<div class=\"wp-container-7 wp-block-column\">\n<figure class=\"wp-block-image size-full\"><img loading=\"lazy\" width=\"308\" height=\"107\" src=\"https:\/\/gesport.unizar.es\/wp-content\/uploads\/2021\/04\/3.png\" alt=\"\" class=\"wp-image-5575\" srcset=\"https:\/\/gesport.unizar.es\/wp-content\/uploads\/2021\/04\/3.png 308w, https:\/\/gesport.unizar.es\/wp-content\/uploads\/2021\/04\/3-300x104.png 300w, https:\/\/gesport.unizar.es\/wp-content\/uploads\/2021\/04\/3-24x8.png 24w, https:\/\/gesport.unizar.es\/wp-content\/uploads\/2021\/04\/3-36x13.png 36w, https:\/\/gesport.unizar.es\/wp-content\/uploads\/2021\/04\/3-48x17.png 48w\" sizes=\"(max-width: 308px) 100vw, 308px\" \/><figcaption><a href=\"https:\/\/le.ac.uk\/school-of-business\/people\/academic-staff\"><strong>University of Leicester | U.K.<\/strong><br>PARTNER | Dr Charlotte Smith<\/a><\/figcaption><\/figure>\n<\/div>\n\n\n\n<div class=\"wp-container-8 wp-block-column\">\n<figure class=\"wp-block-image size-full\"><img loading=\"lazy\" width=\"150\" height=\"107\" src=\"https:\/\/gesport.unizar.es\/wp-content\/uploads\/2021\/04\/1.png\" alt=\"\" class=\"wp-image-5573\" srcset=\"https:\/\/gesport.unizar.es\/wp-content\/uploads\/2021\/04\/1.png 150w, https:\/\/gesport.unizar.es\/wp-content\/uploads\/2021\/04\/1-24x17.png 24w, https:\/\/gesport.unizar.es\/wp-content\/uploads\/2021\/04\/1-36x26.png 36w, https:\/\/gesport.unizar.es\/wp-content\/uploads\/2021\/04\/1-48x34.png 48w\" sizes=\"(max-width: 150px) 100vw, 150px\" \/><figcaption><strong><a href=\"https:\/\/www.uminho.pt\/PT\" target=\"_blank\" rel=\"noreferrer noopener\">Universidade do Minho | Portugal<\/a><br><\/strong><a href=\"https:\/\/gesport.unizar.es\/\">PARTNER | Dr Emilia Fernandes<\/a><\/figcaption><\/figure>\n<\/div>\n<\/div>\n\n\n\n<hr class=\"wp-block-separator has-css-opacity\"\/>\n\n\n\n<h1 class=\"has-text-align-center\"><mark style=\"background-color:rgba(0, 0, 0, 0);color:#10a300\" class=\"has-inline-color\"> <strong><mark style=\"background-color:rgba(0, 0, 0, 0);color:#399608\" class=\"has-inline-color\">Galeri<\/mark><\/strong> <\/mark><\/h1>\n\n\n\n<figure class=\"wp-container-11 wp-block-gallery-10 wp-block-gallery has-nested-images columns-default is-cropped\">\n<figure class=\"wp-block-image size-large\"><img loading=\"lazy\" width=\"650\" height=\"434\" data-id=\"215\"  src=\"https:\/\/gesport.unizar.es\/wp-content\/uploads\/2018\/07\/discussing-logos-exhibition-issues-2.jpg\" alt=\"\" class=\"wp-image-215\" srcset=\"https:\/\/gesport.unizar.es\/wp-content\/uploads\/2018\/07\/discussing-logos-exhibition-issues-2.jpg 650w, https:\/\/gesport.unizar.es\/wp-content\/uploads\/2018\/07\/discussing-logos-exhibition-issues-2-300x200.jpg 300w\" sizes=\"(max-width: 650px) 100vw, 650px\" \/><\/figure>\n\n\n\n<figure class=\"wp-block-image size-large\"><img loading=\"lazy\" width=\"650\" height=\"434\" data-id=\"231\"  src=\"https:\/\/gesport.unizar.es\/wp-content\/uploads\/2018\/07\/Gesport-goup-kick-off-meeting.jpg\" alt=\"\" class=\"wp-image-231\" srcset=\"https:\/\/gesport.unizar.es\/wp-content\/uploads\/2018\/07\/Gesport-goup-kick-off-meeting.jpg 650w, https:\/\/gesport.unizar.es\/wp-content\/uploads\/2018\/07\/Gesport-goup-kick-off-meeting-300x200.jpg 300w\" sizes=\"(max-width: 650px) 100vw, 650px\" \/><\/figure>\n\n\n\n<figure class=\"wp-block-image size-large\"><img loading=\"lazy\" width=\"650\" height=\"434\" data-id=\"249\"  src=\"https:\/\/gesport.unizar.es\/wp-content\/uploads\/2018\/07\/press-release.jpg\" alt=\"\" class=\"wp-image-249\" srcset=\"https:\/\/gesport.unizar.es\/wp-content\/uploads\/2018\/07\/press-release.jpg 650w, https:\/\/gesport.unizar.es\/wp-content\/uploads\/2018\/07\/press-release-300x200.jpg 300w\" sizes=\"(max-width: 650px) 100vw, 650px\" \/><\/figure>\n\n\n\n<figure class=\"wp-block-image size-large\"><img loading=\"lazy\" width=\"650\" height=\"434\" data-id=\"253\"  src=\"https:\/\/gesport.unizar.es\/wp-content\/uploads\/2018\/07\/Gesport-team-in-the-vicerrectorate.jpg\" alt=\"\" class=\"wp-image-253\" srcset=\"https:\/\/gesport.unizar.es\/wp-content\/uploads\/2018\/07\/Gesport-team-in-the-vicerrectorate.jpg 650w, https:\/\/gesport.unizar.es\/wp-content\/uploads\/2018\/07\/Gesport-team-in-the-vicerrectorate-300x200.jpg 300w\" sizes=\"(max-width: 650px) 100vw, 650px\" \/><\/figure>\n\n\n\n<figure class=\"wp-block-image size-large\"><img loading=\"lazy\" width=\"1024\" height=\"681\" data-id=\"727\"  src=\"https:\/\/gesport.unizar.es\/wp-content\/uploads\/2018\/11\/thumb25-1024x681.jpg\" alt=\"\" class=\"wp-image-727\" srcset=\"https:\/\/gesport.unizar.es\/wp-content\/uploads\/2018\/11\/thumb25-1024x681.jpg 1024w, https:\/\/gesport.unizar.es\/wp-content\/uploads\/2018\/11\/thumb25-300x200.jpg 300w, https:\/\/gesport.unizar.es\/wp-content\/uploads\/2018\/11\/thumb25-768x511.jpg 768w, https:\/\/gesport.unizar.es\/wp-content\/uploads\/2018\/11\/thumb25.jpg 1623w\" sizes=\"(max-width: 1024px) 100vw, 1024px\" \/><\/figure>\n\n\n\n<figure class=\"wp-block-image size-large\"><img loading=\"lazy\" width=\"1024\" height=\"682\" data-id=\"3021\"  src=\"https:\/\/gesport.unizar.es\/wp-content\/uploads\/2019\/07\/thumb41-1024x682.jpg\" alt=\"\" class=\"wp-image-3021\" srcset=\"https:\/\/gesport.unizar.es\/wp-content\/uploads\/2019\/07\/thumb41-1024x682.jpg 1024w, https:\/\/gesport.unizar.es\/wp-content\/uploads\/2019\/07\/thumb41-300x200.jpg 300w, https:\/\/gesport.unizar.es\/wp-content\/uploads\/2019\/07\/thumb41-768x511.jpg 768w, https:\/\/gesport.unizar.es\/wp-content\/uploads\/2019\/07\/thumb41.jpg 1202w\" sizes=\"(max-width: 1024px) 100vw, 1024px\" \/><\/figure>\n<\/figure>\n\n\n\n<hr class=\"wp-block-separator has-css-opacity\"\/>\n\n\n\n<h1 class=\"has-text-align-center\"><strong><span style=\"color:#a2a300\" class=\"has-inline-color\"> <span style=\"color:#a3a000\" class=\"has-inline-color\">Proje numaralar\u0131<\/span> <\/span><\/strong><\/h1>\n\n\n\n<div class=\"wp-container-20 wp-block-columns\">\n<div class=\"wp-container-15 wp-block-column\">\n<div class=\"wp-container-14 wp-block-columns\">\n<div class=\"wp-container-12 wp-block-column\">\n<h2 class=\"has-text-align-center\"><strong>5<\/strong><\/h2>\n\n\n\n<h2 class=\"has-text-align-center\"> \u00dcniversiteler <\/h2>\n<\/div>\n\n\n\n<div class=\"wp-container-13 wp-block-column\">\n<h2 class=\"has-text-align-center\"><strong>1<\/strong><\/h2>\n\n\n\n<h2 class=\"has-text-align-center\"> Proje <\/h2>\n<\/div>\n<\/div>\n<\/div>\n\n\n\n<div class=\"wp-container-19 wp-block-column\">\n<div class=\"wp-container-18 wp-block-columns\">\n<div class=\"wp-container-16 wp-block-column\">\n<h2 class=\"has-text-align-center\"><strong>5<\/strong><\/h2>\n\n\n\n<h2 class=\"has-text-align-center\"> Diller <\/h2>\n<\/div>\n\n\n\n<div class=\"wp-container-17 wp-block-column\">\n<h2 class=\"has-text-align-center\"><strong>5<\/strong><\/h2>\n\n\n\n<h2 class=\"has-text-align-center\"> \u00dclkeler <\/h2>\n<\/div>\n<\/div>\n<\/div>\n<\/div>\n\n\n\n<hr class=\"wp-block-separator has-css-opacity\"\/>\n\n\n\n<h1 class=\"has-text-align-center\"><strong><span style=\"color:#a35d00\" class=\"has-inline-color\"> <strong><span style=\"color:#a35900\" class=\"has-inline-color\">\u0130leti\u015fim<\/span><\/strong> <\/span><\/strong><\/h1>\n\n\n<p style=\"font-weight: 400;\">Avrupa Komisyonu&#8217;nun bu yay\u0131n\u0131n haz\u0131rlanmas\u0131na verdi\u011fi destek, sadece yazarlar\u0131n g\u00f6r\u00fc\u015flerini yans\u0131tan i\u00e7eri\u011fin onayland\u0131\u011f\u0131 anlam\u0131na gelmez ve Komisyon burada yer alan bilgilerin herhangi bir \u015fekilde kullan\u0131lmas\u0131ndan sorumlu tutulamaz.<\/p>","protected":false},"excerpt":{"rendered":"<p>Avrupa Komisyonu&#8217;nun bu yay\u0131n\u0131n haz\u0131rlanmas\u0131na verdi\u011fi destek, sadece yazarlar\u0131n g\u00f6r\u00fc\u015flerini yans\u0131tan i\u00e7eri\u011fin onayland\u0131\u011f\u0131 anlam\u0131na gelmez ve Komisyon burada yer alan bilgilerin herhangi bir \u015fekilde kullan\u0131lmas\u0131ndan sorumlu tutulamaz. SPOR ORGAN\u0130ZASYONLARINDA KURUMSAL Y\u00d6NET\u0130M: C\u0130NS\u0130YETE DAYALI B\u0130R YAKLA\u015eIM Galeri Proje numaralar\u0131 5 \u00dcniversiteler 1 Proje 5 Diller 5 \u00dclkeler \u0130leti\u015fim Avrupa Komisyonu&#8217;nun bu yay\u0131n\u0131n haz\u0131rlanmas\u0131na verdi\u011fi destek, sadece &hellip;<\/p>\n<p class=\"read-more\"> <a class=\"\" href=\"https:\/\/gesport.unizar.es\/tr\/\"> <span class=\"screen-reader-text\">Erasmus+<\/span> Read More &raquo;<\/a><\/p>\n","protected":false},"author":3,"featured_media":0,"parent":0,"menu_order":0,"comment_status":"closed","ping_status":"closed","template":"","meta":{"site-sidebar-layout":"default","site-content-layout":"default","ast-global-header-display":"","ast-main-header-display":"","ast-hfb-above-header-display":"","ast-hfb-below-header-display":"","ast-hfb-mobile-header-display":"","site-post-title":"","ast-breadcrumbs-content":"","ast-featured-img":"","footer-sml-layout":"","theme-transparent-header-meta":"default","adv-header-id-meta":"","stick-header-meta":"","header-above-stick-meta":"","header-main-stick-meta":"","header-below-stick-meta":""},"translation":{"provider":"WPGlobus","version":"2.10.4","language":"tr","enabled_languages":["gb","es","tr","it","pt"],"languages":{"gb":{"title":true,"content":true,"excerpt":false},"es":{"title":true,"content":true,"excerpt":false},"tr":{"title":true,"content":true,"excerpt":false},"it":{"title":true,"content":true,"excerpt":false},"pt":{"title":true,"content":true,"excerpt":false}}},"yoast_head":"<!-- This site is optimized with the Yoast SEO plugin v19.7.1 - https:\/\/yoast.com\/wordpress\/plugins\/seo\/ -->\n<title>Erasmus+ - GESPORT+<\/title>\n<meta name=\"robots\" content=\"index, follow, max-snippet:-1, max-image-preview:large, max-video-preview:-1\" \/>\n<link rel=\"canonical\" href=\"https:\/\/gesport.unizar.es\/\" \/>\n<meta property=\"og:locale\" content=\"tr_TR\" \/>\n<meta property=\"og:type\" content=\"article\" \/>\n<meta property=\"og:title\" content=\"Erasmus+ - GESPORT+\" \/>\n<meta property=\"og:url\" content=\"https:\/\/gesport.unizar.es\/\" \/>\n<meta property=\"og:site_name\" content=\"GESPORT+\" \/>\n<meta property=\"article:modified_time\" content=\"2025-04-09T15:57:54+00:00\" \/>\n<meta property=\"og:image\" content=\"https:\/\/gesport.unizar.es\/wp-content\/uploads\/2022\/09\/5Libros.jpg\" \/>\n<meta name=\"twitter:card\" content=\"summary_large_image\" \/>\n<meta name=\"twitter:label1\" content=\"Est. reading time\" \/>\n\t<meta name=\"twitter:data1\" content=\"4 minutes\" \/>\n<script type=\"application\/ld+json\" class=\"yoast-schema-graph\">{\"@context\":\"https:\/\/schema.org\",\"@graph\":[{\"@type\":\"WebPage\",\"@id\":\"https:\/\/gesport.unizar.es\/\",\"url\":\"https:\/\/gesport.unizar.es\/\",\"name\":\"Erasmus+ - GESPORT+\",\"isPartOf\":{\"@id\":\"https:\/\/gesport.unizar.es\/#website\"},\"datePublished\":\"2018-05-08T15:56:17+00:00\",\"dateModified\":\"2025-04-09T15:57:54+00:00\",\"breadcrumb\":{\"@id\":\"https:\/\/gesport.unizar.es\/#breadcrumb\"},\"inLanguage\":\"tr-TR\",\"potentialAction\":[{\"@type\":\"ReadAction\",\"target\":[\"https:\/\/gesport.unizar.es\/\"]}]},{\"@type\":\"BreadcrumbList\",\"@id\":\"https:\/\/gesport.unizar.es\/#breadcrumb\",\"itemListElement\":[{\"@type\":\"ListItem\",\"position\":1,\"name\":\"Portada\",\"item\":\"https:\/\/gesport.unizar.es\/\"},{\"@type\":\"ListItem\",\"position\":2,\"name\":\"ERASMUS+\"}]},{\"@type\":\"WebSite\",\"@id\":\"https:\/\/gesport.unizar.es\/#website\",\"url\":\"https:\/\/gesport.unizar.es\/\",\"name\":\"GESPORT+\",\"description\":\"Corporate governance in sport organizations:  a gendered approach\",\"publisher\":{\"@id\":\"https:\/\/gesport.unizar.es\/#organization\"},\"potentialAction\":[{\"@type\":\"SearchAction\",\"target\":{\"@type\":\"EntryPoint\",\"urlTemplate\":\"https:\/\/gesport.unizar.es\/?s={search_term_string}\"},\"query-input\":\"required name=search_term_string\"}],\"inLanguage\":\"tr-TR\"},{\"@type\":\"Organization\",\"@id\":\"https:\/\/gesport.unizar.es\/#organization\",\"name\":\"GESPORT Erasmus+\",\"url\":\"https:\/\/gesport.unizar.es\/\",\"sameAs\":[],\"logo\":{\"@type\":\"ImageObject\",\"inLanguage\":\"tr-TR\",\"@id\":\"https:\/\/gesport.unizar.es\/#\/schema\/logo\/image\/\",\"url\":\"http:\/\/gesport.unizar.es\/wp-content\/uploads\/2018\/12\/4.jpg\",\"contentUrl\":\"http:\/\/gesport.unizar.es\/wp-content\/uploads\/2018\/12\/4.jpg\",\"width\":400,\"height\":400,\"caption\":\"GESPORT Erasmus+\"},\"image\":{\"@id\":\"https:\/\/gesport.unizar.es\/#\/schema\/logo\/image\/\"}}]}<\/script>\n<!-- \/ Yoast SEO plugin. -->","yoast_head_json":{"title":"Erasmus+ - GESPORT+","robots":{"index":"index","follow":"follow","max-snippet":"max-snippet:-1","max-image-preview":"max-image-preview:large","max-video-preview":"max-video-preview:-1"},"canonical":"https:\/\/gesport.unizar.es\/","og_locale":"tr_TR","og_type":"article","og_title":"Erasmus+ - GESPORT+","og_url":"https:\/\/gesport.unizar.es\/","og_site_name":"GESPORT+","article_modified_time":"2025-04-09T15:57:54+00:00","og_image":[{"url":"https:\/\/gesport.unizar.es\/wp-content\/uploads\/2022\/09\/5Libros.jpg"}],"twitter_card":"summary_large_image","twitter_misc":{"Est. reading time":"4 minutes"},"schema":{"@context":"https:\/\/schema.org","@graph":[{"@type":"WebPage","@id":"https:\/\/gesport.unizar.es\/","url":"https:\/\/gesport.unizar.es\/","name":"Erasmus+ - GESPORT+","isPartOf":{"@id":"https:\/\/gesport.unizar.es\/#website"},"datePublished":"2018-05-08T15:56:17+00:00","dateModified":"2025-04-09T15:57:54+00:00","breadcrumb":{"@id":"https:\/\/gesport.unizar.es\/#breadcrumb"},"inLanguage":"tr-TR","potentialAction":[{"@type":"ReadAction","target":["https:\/\/gesport.unizar.es\/"]}]},{"@type":"BreadcrumbList","@id":"https:\/\/gesport.unizar.es\/#breadcrumb","itemListElement":[{"@type":"ListItem","position":1,"name":"Portada","item":"https:\/\/gesport.unizar.es\/"},{"@type":"ListItem","position":2,"name":"ERASMUS+"}]},{"@type":"WebSite","@id":"https:\/\/gesport.unizar.es\/#website","url":"https:\/\/gesport.unizar.es\/","name":"GESPORT+","description":"Corporate governance in sport organizations:  a gendered approach","publisher":{"@id":"https:\/\/gesport.unizar.es\/#organization"},"potentialAction":[{"@type":"SearchAction","target":{"@type":"EntryPoint","urlTemplate":"https:\/\/gesport.unizar.es\/?s={search_term_string}"},"query-input":"required name=search_term_string"}],"inLanguage":"tr-TR"},{"@type":"Organization","@id":"https:\/\/gesport.unizar.es\/#organization","name":"GESPORT Erasmus+","url":"https:\/\/gesport.unizar.es\/","sameAs":[],"logo":{"@type":"ImageObject","inLanguage":"tr-TR","@id":"https:\/\/gesport.unizar.es\/#\/schema\/logo\/image\/","url":"http:\/\/gesport.unizar.es\/wp-content\/uploads\/2018\/12\/4.jpg","contentUrl":"http:\/\/gesport.unizar.es\/wp-content\/uploads\/2018\/12\/4.jpg","width":400,"height":400,"caption":"GESPORT Erasmus+"},"image":{"@id":"https:\/\/gesport.unizar.es\/#\/schema\/logo\/image\/"}}]}},"_links":{"self":[{"href":"https:\/\/gesport.unizar.es\/tr\/wp-json\/wp\/v2\/pages\/17"}],"collection":[{"href":"https:\/\/gesport.unizar.es\/tr\/wp-json\/wp\/v2\/pages"}],"about":[{"href":"https:\/\/gesport.unizar.es\/tr\/wp-json\/wp\/v2\/types\/page"}],"author":[{"embeddable":true,"href":"https:\/\/gesport.unizar.es\/tr\/wp-json\/wp\/v2\/users\/3"}],"replies":[{"embeddable":true,"href":"https:\/\/gesport.unizar.es\/tr\/wp-json\/wp\/v2\/comments?post=17"}],"version-history":[{"count":135,"href":"https:\/\/gesport.unizar.es\/tr\/wp-json\/wp\/v2\/pages\/17\/revisions"}],"predecessor-version":[{"id":11000,"href":"https:\/\/gesport.unizar.es\/tr\/wp-json\/wp\/v2\/pages\/17\/revisions\/11000"}],"wp:attachment":[{"href":"https:\/\/gesport.unizar.es\/tr\/wp-json\/wp\/v2\/media?parent=17"}],"curies":[{"name":"wp","href":"https:\/\/api.w.org\/{rel}","templated":true}]}}