{"id":9342,"date":"2022-09-23T16:56:42","date_gmt":"2022-09-23T16:56:42","guid":{"rendered":"https:\/\/gesport.unizar.es\/?page_id=9342"},"modified":"2022-10-26T12:14:54","modified_gmt":"2022-10-26T12:14:54","slug":"acknowledgements","status":"publish","type":"page","link":"https:\/\/gesport.unizar.es\/pt\/acknowledgements\/","title":{"rendered":"Agradecimentos"},"content":{"rendered":"\n<p>Gostar\u00edamos de deixar o nosso agradecimento especial ao Professor Doutor William Green e \u00e0 Doutora Rachael Jones, da Universidade de Leicester, pela ajuda na conclus\u00e3o das \u00faltimas fases do projeto. Tamb\u00e9m gostar\u00edamos de agradecer a todas as mulheres que aceitaram colaborar no projeto e que nos permitiram grav\u00e1-las em v\u00eddeo para partilhar as suas experi\u00eancias no website e, ainda, que nos permitiram traduzir o livro em cinco idiomas, al\u00e9m de tornar as suas opini\u00f5es vis\u00edveis para avan\u00e7ar rumo \u00e0 igualdade na governa\u00e7\u00e3o corporativa das organiza\u00e7\u00f5es desportivas.<\/p>\n\n\n\n<p>Gostar\u00edamos, ainda, de agradecer a todas as pessoas das dire\u00e7\u00f5es que responderam a estes question\u00e1rios, dando-nos as suas opini\u00f5es. Temos a certeza de que com os seus testemunhos, avan\u00e7aremos rumo \u00e0 igualdade.<\/p>\n\n\n\n<p>Do mesmo modo, queremos agradecer a todas as pessoas que fizeram com que fosse poss\u00edvel realizar os eventos multiplicadores, como o Curso de Ver\u00e3o e a Confer\u00eancia Internacional. Agradecemos a cada um dos participantes, pois sem eles, este congresso n\u00e3o teria tido sentido. De forma especial, gostar\u00edamos de agradecer a todas as pessoas que fizeram parte do comit\u00e9 cient\u00edfico e do comit\u00e9 organizador da Confer\u00eancia Internacional.<\/p>\n\n\n\n<p>\u00c9, tamb\u00e9m, necess\u00e1rio referir o envolvimento das\/dos alunas\/alunos, cuja participa\u00e7\u00e3o permitiu criar sinergias entre diferentes \u00e1reas da educa\u00e7\u00e3o, da forma\u00e7\u00e3o, da juventude e do desporto.<\/p>\n\n\n\n<p>E, claro, ao Erasmus+: Sport \u2013 Collaborative Partnerships, do programa do Projeto da Comiss\u00e3o Europeia, pelo financiamento, pois sem o seu apoio teria sido imposs\u00edvel concluir este projeto.<\/p>\n","protected":false},"excerpt":{"rendered":"<p>Gostar\u00edamos de deixar o nosso agradecimento especial ao Professor Doutor William Green e \u00e0 Doutora Rachael Jones, da Universidade de Leicester, pela ajuda na conclus\u00e3o das \u00faltimas fases do projeto. Tamb\u00e9m gostar\u00edamos de agradecer a todas as mulheres que aceitaram colaborar no projeto e que nos permitiram grav\u00e1-las em v\u00eddeo para partilhar as suas experi\u00eancias &hellip;<\/p>\n<p class=\"read-more\"> <a class=\"\" href=\"https:\/\/gesport.unizar.es\/pt\/acknowledgements\/\"> <span class=\"screen-reader-text\">Agradecimentos<\/span> Read More &raquo;<\/a><\/p>\n","protected":false},"author":3,"featured_media":0,"parent":0,"menu_order":0,"comment_status":"closed","ping_status":"closed","template":"","meta":{"site-sidebar-layout":"default","site-content-layout":"default","ast-global-header-display":"","ast-main-header-display":"","ast-hfb-above-header-display":"","ast-hfb-below-header-display":"","ast-hfb-mobile-header-display":"","site-post-title":"","ast-breadcrumbs-content":"","ast-featured-img":"","footer-sml-layout":"","theme-transparent-header-meta":"","adv-header-id-meta":"","stick-header-meta":"","header-above-stick-meta":"","header-main-stick-meta":"","header-below-stick-meta":""},"translation":{"provider":"WPGlobus","version":"2.10.4","language":"pt","enabled_languages":["gb","es","tr","it","pt"],"languages":{"gb":{"title":true,"content":true,"excerpt":false},"es":{"title":true,"content":true,"excerpt":false},"tr":{"title":true,"content":true,"excerpt":false},"it":{"title":true,"content":true,"excerpt":false},"pt":{"title":true,"content":true,"excerpt":false}}},"yoast_head":"<!-- This site is optimized with the Yoast SEO plugin v19.7.1 - https:\/\/yoast.com\/wordpress\/plugins\/seo\/ -->\n<title>Agradecimentos - GESPORT+<\/title>\n<meta name=\"robots\" content=\"index, follow, max-snippet:-1, max-image-preview:large, max-video-preview:-1\" \/>\n<link rel=\"canonical\" href=\"https:\/\/gesport.unizar.es\/acknowledgements\/\" \/>\n<meta property=\"og:locale\" content=\"pt_PT\" \/>\n<meta property=\"og:type\" content=\"article\" \/>\n<meta property=\"og:title\" content=\"Agradecimentos - GESPORT+\" \/>\n<meta property=\"og:url\" content=\"https:\/\/gesport.unizar.es\/acknowledgements\/\" \/>\n<meta property=\"og:site_name\" content=\"GESPORT+\" \/>\n<meta property=\"article:modified_time\" content=\"2022-10-26T12:14:54+00:00\" \/>\n<meta name=\"twitter:card\" content=\"summary_large_image\" \/>\n<meta name=\"twitter:label1\" content=\"Est. reading time\" \/>\n\t<meta name=\"twitter:data1\" content=\"2 minutes\" \/>\n<script type=\"application\/ld+json\" class=\"yoast-schema-graph\">{\"@context\":\"https:\/\/schema.org\",\"@graph\":[{\"@type\":\"WebPage\",\"@id\":\"https:\/\/gesport.unizar.es\/acknowledgements\/\",\"url\":\"https:\/\/gesport.unizar.es\/acknowledgements\/\",\"name\":\"Agradecimentos - GESPORT+\",\"isPartOf\":{\"@id\":\"https:\/\/gesport.unizar.es\/#website\"},\"datePublished\":\"2022-09-23T16:56:42+00:00\",\"dateModified\":\"2022-10-26T12:14:54+00:00\",\"breadcrumb\":{\"@id\":\"https:\/\/gesport.unizar.es\/acknowledgements\/#breadcrumb\"},\"inLanguage\":\"pt-PT\",\"potentialAction\":[{\"@type\":\"ReadAction\",\"target\":[\"https:\/\/gesport.unizar.es\/acknowledgements\/\"]}]},{\"@type\":\"BreadcrumbList\",\"@id\":\"https:\/\/gesport.unizar.es\/acknowledgements\/#breadcrumb\",\"itemListElement\":[{\"@type\":\"ListItem\",\"position\":1,\"name\":\"Portada\",\"item\":\"https:\/\/gesport.unizar.es\/\"},{\"@type\":\"ListItem\",\"position\":2,\"name\":\"Agradecimientos\"}]},{\"@type\":\"WebSite\",\"@id\":\"https:\/\/gesport.unizar.es\/#website\",\"url\":\"https:\/\/gesport.unizar.es\/\",\"name\":\"GESPORT+\",\"description\":\"Corporate governance in sport organizations:  a gendered approach\",\"publisher\":{\"@id\":\"https:\/\/gesport.unizar.es\/#organization\"},\"potentialAction\":[{\"@type\":\"SearchAction\",\"target\":{\"@type\":\"EntryPoint\",\"urlTemplate\":\"https:\/\/gesport.unizar.es\/?s={search_term_string}\"},\"query-input\":\"required name=search_term_string\"}],\"inLanguage\":\"pt-PT\"},{\"@type\":\"Organization\",\"@id\":\"https:\/\/gesport.unizar.es\/#organization\",\"name\":\"GESPORT Erasmus+\",\"url\":\"https:\/\/gesport.unizar.es\/\",\"sameAs\":[],\"logo\":{\"@type\":\"ImageObject\",\"inLanguage\":\"pt-PT\",\"@id\":\"https:\/\/gesport.unizar.es\/#\/schema\/logo\/image\/\",\"url\":\"http:\/\/gesport.unizar.es\/wp-content\/uploads\/2018\/12\/4.jpg\",\"contentUrl\":\"http:\/\/gesport.unizar.es\/wp-content\/uploads\/2018\/12\/4.jpg\",\"width\":400,\"height\":400,\"caption\":\"GESPORT Erasmus+\"},\"image\":{\"@id\":\"https:\/\/gesport.unizar.es\/#\/schema\/logo\/image\/\"}}]}<\/script>\n<!-- \/ Yoast SEO plugin. -->","yoast_head_json":{"title":"Agradecimentos - GESPORT+","robots":{"index":"index","follow":"follow","max-snippet":"max-snippet:-1","max-image-preview":"max-image-preview:large","max-video-preview":"max-video-preview:-1"},"canonical":"https:\/\/gesport.unizar.es\/acknowledgements\/","og_locale":"pt_PT","og_type":"article","og_title":"Agradecimentos - GESPORT+","og_url":"https:\/\/gesport.unizar.es\/acknowledgements\/","og_site_name":"GESPORT+","article_modified_time":"2022-10-26T12:14:54+00:00","twitter_card":"summary_large_image","twitter_misc":{"Est. reading time":"2 minutes"},"schema":{"@context":"https:\/\/schema.org","@graph":[{"@type":"WebPage","@id":"https:\/\/gesport.unizar.es\/acknowledgements\/","url":"https:\/\/gesport.unizar.es\/acknowledgements\/","name":"Agradecimentos - GESPORT+","isPartOf":{"@id":"https:\/\/gesport.unizar.es\/#website"},"datePublished":"2022-09-23T16:56:42+00:00","dateModified":"2022-10-26T12:14:54+00:00","breadcrumb":{"@id":"https:\/\/gesport.unizar.es\/acknowledgements\/#breadcrumb"},"inLanguage":"pt-PT","potentialAction":[{"@type":"ReadAction","target":["https:\/\/gesport.unizar.es\/acknowledgements\/"]}]},{"@type":"BreadcrumbList","@id":"https:\/\/gesport.unizar.es\/acknowledgements\/#breadcrumb","itemListElement":[{"@type":"ListItem","position":1,"name":"Portada","item":"https:\/\/gesport.unizar.es\/"},{"@type":"ListItem","position":2,"name":"Agradecimientos"}]},{"@type":"WebSite","@id":"https:\/\/gesport.unizar.es\/#website","url":"https:\/\/gesport.unizar.es\/","name":"GESPORT+","description":"Corporate governance in sport organizations:  a gendered approach","publisher":{"@id":"https:\/\/gesport.unizar.es\/#organization"},"potentialAction":[{"@type":"SearchAction","target":{"@type":"EntryPoint","urlTemplate":"https:\/\/gesport.unizar.es\/?s={search_term_string}"},"query-input":"required name=search_term_string"}],"inLanguage":"pt-PT"},{"@type":"Organization","@id":"https:\/\/gesport.unizar.es\/#organization","name":"GESPORT Erasmus+","url":"https:\/\/gesport.unizar.es\/","sameAs":[],"logo":{"@type":"ImageObject","inLanguage":"pt-PT","@id":"https:\/\/gesport.unizar.es\/#\/schema\/logo\/image\/","url":"http:\/\/gesport.unizar.es\/wp-content\/uploads\/2018\/12\/4.jpg","contentUrl":"http:\/\/gesport.unizar.es\/wp-content\/uploads\/2018\/12\/4.jpg","width":400,"height":400,"caption":"GESPORT Erasmus+"},"image":{"@id":"https:\/\/gesport.unizar.es\/#\/schema\/logo\/image\/"}}]}},"_links":{"self":[{"href":"https:\/\/gesport.unizar.es\/pt\/wp-json\/wp\/v2\/pages\/9342"}],"collection":[{"href":"https:\/\/gesport.unizar.es\/pt\/wp-json\/wp\/v2\/pages"}],"about":[{"href":"https:\/\/gesport.unizar.es\/pt\/wp-json\/wp\/v2\/types\/page"}],"author":[{"embeddable":true,"href":"https:\/\/gesport.unizar.es\/pt\/wp-json\/wp\/v2\/users\/3"}],"replies":[{"embeddable":true,"href":"https:\/\/gesport.unizar.es\/pt\/wp-json\/wp\/v2\/comments?post=9342"}],"version-history":[{"count":28,"href":"https:\/\/gesport.unizar.es\/pt\/wp-json\/wp\/v2\/pages\/9342\/revisions"}],"predecessor-version":[{"id":10449,"href":"https:\/\/gesport.unizar.es\/pt\/wp-json\/wp\/v2\/pages\/9342\/revisions\/10449"}],"wp:attachment":[{"href":"https:\/\/gesport.unizar.es\/pt\/wp-json\/wp\/v2\/media?parent=9342"}],"curies":[{"name":"wp","href":"https:\/\/api.w.org\/{rel}","templated":true}]}}