{"id":8789,"date":"2022-08-02T12:25:15","date_gmt":"2022-08-02T12:25:15","guid":{"rendered":"https:\/\/gesport.unizar.es\/?page_id=8789"},"modified":"2023-06-26T00:42:37","modified_gmt":"2023-06-26T00:42:37","slug":"article-a-cross-country-analysis-of-the-impacts-of-gender-targets-on-the-boards-diversity-of-the-nsfs","status":"publish","type":"page","link":"https:\/\/gesport.unizar.es\/pt\/article-a-cross-country-analysis-of-the-impacts-of-gender-targets-on-the-boards-diversity-of-the-nsfs\/","title":{"rendered":"Artigo: Uma an\u00e1lise entre pa\u00edses dos impactos das metas de g\u00e9nero na diversidade das dire\u00e7\u00f5es das FNDs\ufffc"},"content":{"rendered":"\n<p>O t\u00edtulo do artigo correspondente ao Produto Intelectual 12 \u00e9 \u201cUma an\u00e1lise entre pa\u00edses dos impactos das metas de g\u00e9nero na diversidade das dire\u00e7\u00f5es das FNDs\u201d. O artigo visa contribuir para o debate cient\u00edfico sobre a efic\u00e1cia das ferramentas dispon\u00edveis para promover a igualdade de g\u00e9nero, nos \u00f3rg\u00e3os de governa\u00e7\u00e3o das organiza\u00e7\u00f5es, e, simultaneamente, contextualizar este debate no mundo das federa\u00e7\u00f5es desportivas. As duas pol\u00edticas que apoiam a presen\u00e7a feminina foram, durante algum tempo, comparadas na literatura: a apresenta\u00e7\u00e3o de quotas de g\u00e9nero obrigat\u00f3rias, por um lado, e, por outro lado, a apresenta\u00e7\u00e3o de metas de presen\u00e7a feminina a alcan\u00e7ar de forma volunt\u00e1ria. A literatura discute a favor e contra ambas as medidas, no entanto, este debate nunca foi abordado no mundo do desporto, apesar de ambas as medidas j\u00e1 terem sido aplicadas. De facto, alguns pa\u00edses est\u00e3o a experimentar a aplica\u00e7\u00e3o de quotas de g\u00e9nero nas suas federa\u00e7\u00f5es nacionais. Contudo, O Comit\u00e9 Ol\u00edmpico Internacional tem vindo a apresentar metas de g\u00e9nero para as FNDs desde 2000, com resultados desanimadores a n\u00edvel global.<\/p>\n\n\n\n<p>O artigo explica em que medida as FNDs dos cinco pa\u00edses que participam no Projeto GESPORT (Espanha, It\u00e1lia, Portugal, Turquia e Reino Unido) t\u00eam cumprido o objetivo proposto em 2000 pelo Comit\u00e9 Ol\u00edmpico Internacional, de ter, pelo menos, 20% de mulheres nas dire\u00e7\u00f5es das FNDs, e se a dimens\u00e3o da dire\u00e7\u00e3o, a idade da federa\u00e7\u00e3o e o pa\u00eds de origem podem ter, de alguma forma, influenciado o seu cumprimento ou incumprimento. A duas primeiras vari\u00e1veis foram escolhidas porque a literatura sobre diversidade de g\u00e9nero em \u00f3rg\u00e3os de governa\u00e7\u00e3o corporativa identifica liga\u00e7\u00f5es entre estes. A terceira vari\u00e1vel tem a fun\u00e7\u00e3o de incorporar as diferen\u00e7as caracter\u00edsticas do pa\u00eds na federa\u00e7\u00e3o. Para isso, foi aplicada uma regress\u00e3o log\u00edstica bin\u00e1ria na amostra das 297 FNDs (quase todas as federa\u00e7\u00f5es dos cinco pa\u00edses). Os dados usados para este estudo foram recolhidos a partir dos websites das federa\u00e7\u00f5es em 2018 e fazem parte da base de dados.<\/p>\n\n\n\n<p>A an\u00e1lise confirma que, como observado em estudos anteriores, o objetivo definido pelo Comit\u00e9 Ol\u00edmpico Internacional n\u00e3o foi, de forma geral, cumprido, dado que apenas 45,1% da amostra o conseguiu alcan\u00e7ar. Al\u00e9m disso, apesar da idade da federa\u00e7\u00e3o n\u00e3o ser relevante, a dimens\u00e3o da federa\u00e7\u00e3o de governa\u00e7\u00e3o e o facto de serem federa\u00e7\u00f5es italianas, portuguesas ou turcas, indica, de forma negativa a probabilidade de alcan\u00e7ar o pr\u00f3prio objetivo. Os tr\u00eas pa\u00edses em quest\u00e3o, ao contr\u00e1rio da Espanha e do Reino Unido, n\u00e3o tinham em vigor qualquer tipo de quota de g\u00e9nero durante o per\u00edodo considerado. Este resultado levou a uma reflex\u00e3o do uso combinado de duas medidas para promover a igualdade de g\u00e9nero.<\/p>\n\n\n\n<p>A principal implica\u00e7\u00e3o deste estudo \u00e9 que, se o objetivo for promover a diversidade de g\u00e9nero nos \u00f3rg\u00e3os de governa\u00e7\u00e3o desportivos, o simples estabelecimento de metas, mesmo que proposto por uma entidade competente como o Comit\u00e9 Ol\u00edmpico Internacional, o mesmo n\u00e3o ser\u00e1 eficaz. O estudo desafia o debate quota-<em>versus<\/em>-meta, pelo menos no sistema de governa\u00e7\u00e3o internacional do desporto, promovendo a perspetiva de uma utiliza\u00e7\u00e3o complementar das duas formas de interven\u00e7\u00e3o regulamentar, para aumentar a percentagem de mulheres nas dire\u00e7\u00f5es. A quest\u00e3o do g\u00e9nero na governa\u00e7\u00e3o desportiva requer uma arquitetura de v\u00e1rias interven\u00e7\u00f5es regulamentares, que envolve distintos n\u00edveis institucionais nacionais e internacionais e combina a press\u00e3o sobre a autorregulamenta\u00e7\u00e3o e a coer\u00e7\u00e3o.<\/p>\n\n\n\n<div class=\"wp-block-file\"><object class=\"wp-block-file__embed\" data=\"https:\/\/gesport.unizar.es\/wp-content\/uploads\/2023\/06\/Esteban-et-al_2022_1-2.pdf\" type=\"application\/pdf\" style=\"width:100%;height:600px\" aria-label=\"Incrustado de Esteban et al_2022_1.\"><\/object><a id=\"wp-block-file--media-d474839a-7d8b-412f-9a47-a144b7488ffd\" href=\"https:\/\/gesport.unizar.es\/wp-content\/uploads\/2023\/06\/Esteban-et-al_2022_1-2.pdf\">Esteban et al_2022_1<\/a><a href=\"https:\/\/gesport.unizar.es\/wp-content\/uploads\/2023\/06\/Esteban-et-al_2022_1-2.pdf\" class=\"wp-block-file__button\" download aria-describedby=\"wp-block-file--media-d474839a-7d8b-412f-9a47-a144b7488ffd\">Descarga<\/a><\/div>\n\n\n\n<p><\/p>\n","protected":false},"excerpt":{"rendered":"<p>O t\u00edtulo do artigo correspondente ao Produto Intelectual 12 \u00e9 \u201cUma an\u00e1lise entre pa\u00edses dos impactos das metas de g\u00e9nero na diversidade das dire\u00e7\u00f5es das FNDs\u201d. O artigo visa contribuir para o debate cient\u00edfico sobre a efic\u00e1cia das ferramentas dispon\u00edveis para promover a igualdade de g\u00e9nero, nos \u00f3rg\u00e3os de governa\u00e7\u00e3o das organiza\u00e7\u00f5es, e, simultaneamente, contextualizar &hellip;<\/p>\n<p class=\"read-more\"> <a class=\"\" href=\"https:\/\/gesport.unizar.es\/pt\/article-a-cross-country-analysis-of-the-impacts-of-gender-targets-on-the-boards-diversity-of-the-nsfs\/\"> <span class=\"screen-reader-text\">Artigo: Uma an\u00e1lise entre pa\u00edses dos impactos das metas de g\u00e9nero na diversidade das dire\u00e7\u00f5es das FNDs\ufffc<\/span> Read More &raquo;<\/a><\/p>\n","protected":false},"author":3,"featured_media":0,"parent":0,"menu_order":0,"comment_status":"closed","ping_status":"closed","template":"","meta":{"site-sidebar-layout":"default","site-content-layout":"default","ast-global-header-display":"","ast-main-header-display":"","ast-hfb-above-header-display":"","ast-hfb-below-header-display":"","ast-hfb-mobile-header-display":"","site-post-title":"","ast-breadcrumbs-content":"","ast-featured-img":"","footer-sml-layout":"","theme-transparent-header-meta":"","adv-header-id-meta":"","stick-header-meta":"","header-above-stick-meta":"","header-main-stick-meta":"","header-below-stick-meta":""},"translation":{"provider":"WPGlobus","version":"2.10.4","language":"pt","enabled_languages":["gb","es","tr","it","pt"],"languages":{"gb":{"title":true,"content":true,"excerpt":false},"es":{"title":true,"content":true,"excerpt":false},"tr":{"title":true,"content":true,"excerpt":false},"it":{"title":false,"content":true,"excerpt":false},"pt":{"title":true,"content":true,"excerpt":false}}},"yoast_head":"<!-- This site is optimized with the Yoast SEO plugin v19.7.1 - https:\/\/yoast.com\/wordpress\/plugins\/seo\/ -->\n<title>Artigo: Uma an\u00e1lise entre pa\u00edses dos impactos das metas de g\u00e9nero na diversidade das dire\u00e7\u00f5es das FNDs\ufffc - GESPORT+<\/title>\n<meta name=\"robots\" content=\"index, follow, max-snippet:-1, max-image-preview:large, max-video-preview:-1\" \/>\n<link rel=\"canonical\" href=\"https:\/\/gesport.unizar.es\/article-a-cross-country-analysis-of-the-impacts-of-gender-targets-on-the-boards-diversity-of-the-nsfs\/\" \/>\n<meta property=\"og:locale\" content=\"pt_PT\" \/>\n<meta property=\"og:type\" content=\"article\" \/>\n<meta property=\"og:title\" content=\"Artigo: Uma an\u00e1lise entre pa\u00edses dos impactos das metas de g\u00e9nero na diversidade das dire\u00e7\u00f5es das FNDs\ufffc - GESPORT+\" \/>\n<meta property=\"og:url\" content=\"https:\/\/gesport.unizar.es\/article-a-cross-country-analysis-of-the-impacts-of-gender-targets-on-the-boards-diversity-of-the-nsfs\/\" \/>\n<meta property=\"og:site_name\" content=\"GESPORT+\" \/>\n<meta property=\"article:modified_time\" content=\"2023-06-26T00:42:37+00:00\" \/>\n<meta name=\"twitter:card\" content=\"summary_large_image\" \/>\n<meta name=\"twitter:label1\" content=\"Est. reading time\" \/>\n\t<meta name=\"twitter:data1\" content=\"3 minutes\" \/>\n<script type=\"application\/ld+json\" class=\"yoast-schema-graph\">{\"@context\":\"https:\/\/schema.org\",\"@graph\":[{\"@type\":\"WebPage\",\"@id\":\"https:\/\/gesport.unizar.es\/article-a-cross-country-analysis-of-the-impacts-of-gender-targets-on-the-boards-diversity-of-the-nsfs\/\",\"url\":\"https:\/\/gesport.unizar.es\/article-a-cross-country-analysis-of-the-impacts-of-gender-targets-on-the-boards-diversity-of-the-nsfs\/\",\"name\":\"Artigo: Uma an\u00e1lise entre pa\u00edses dos impactos das metas de g\u00e9nero na diversidade das dire\u00e7\u00f5es das FNDs\ufffc - GESPORT+\",\"isPartOf\":{\"@id\":\"https:\/\/gesport.unizar.es\/#website\"},\"datePublished\":\"2022-08-02T12:25:15+00:00\",\"dateModified\":\"2023-06-26T00:42:37+00:00\",\"breadcrumb\":{\"@id\":\"https:\/\/gesport.unizar.es\/article-a-cross-country-analysis-of-the-impacts-of-gender-targets-on-the-boards-diversity-of-the-nsfs\/#breadcrumb\"},\"inLanguage\":\"pt-PT\",\"potentialAction\":[{\"@type\":\"ReadAction\",\"target\":[\"https:\/\/gesport.unizar.es\/article-a-cross-country-analysis-of-the-impacts-of-gender-targets-on-the-boards-diversity-of-the-nsfs\/\"]}]},{\"@type\":\"BreadcrumbList\",\"@id\":\"https:\/\/gesport.unizar.es\/article-a-cross-country-analysis-of-the-impacts-of-gender-targets-on-the-boards-diversity-of-the-nsfs\/#breadcrumb\",\"itemListElement\":[{\"@type\":\"ListItem\",\"position\":1,\"name\":\"Portada\",\"item\":\"https:\/\/gesport.unizar.es\/\"},{\"@type\":\"ListItem\",\"position\":2,\"name\":\"Art\u00edculo: Un an\u00e1lisis transnacional de los efectos de los objetivos de g\u00e9nero en la diversidad de las juntas directivas de las federaciones nacionales deportivas\ufffc\"}]},{\"@type\":\"WebSite\",\"@id\":\"https:\/\/gesport.unizar.es\/#website\",\"url\":\"https:\/\/gesport.unizar.es\/\",\"name\":\"GESPORT+\",\"description\":\"Corporate governance in sport organizations:  a gendered approach\",\"publisher\":{\"@id\":\"https:\/\/gesport.unizar.es\/#organization\"},\"potentialAction\":[{\"@type\":\"SearchAction\",\"target\":{\"@type\":\"EntryPoint\",\"urlTemplate\":\"https:\/\/gesport.unizar.es\/?s={search_term_string}\"},\"query-input\":\"required name=search_term_string\"}],\"inLanguage\":\"pt-PT\"},{\"@type\":\"Organization\",\"@id\":\"https:\/\/gesport.unizar.es\/#organization\",\"name\":\"GESPORT Erasmus+\",\"url\":\"https:\/\/gesport.unizar.es\/\",\"sameAs\":[],\"logo\":{\"@type\":\"ImageObject\",\"inLanguage\":\"pt-PT\",\"@id\":\"https:\/\/gesport.unizar.es\/#\/schema\/logo\/image\/\",\"url\":\"http:\/\/gesport.unizar.es\/wp-content\/uploads\/2018\/12\/4.jpg\",\"contentUrl\":\"http:\/\/gesport.unizar.es\/wp-content\/uploads\/2018\/12\/4.jpg\",\"width\":400,\"height\":400,\"caption\":\"GESPORT Erasmus+\"},\"image\":{\"@id\":\"https:\/\/gesport.unizar.es\/#\/schema\/logo\/image\/\"}}]}<\/script>\n<!-- \/ Yoast SEO plugin. -->","yoast_head_json":{"title":"Artigo: Uma an\u00e1lise entre pa\u00edses dos impactos das metas de g\u00e9nero na diversidade das dire\u00e7\u00f5es das FNDs\ufffc - GESPORT+","robots":{"index":"index","follow":"follow","max-snippet":"max-snippet:-1","max-image-preview":"max-image-preview:large","max-video-preview":"max-video-preview:-1"},"canonical":"https:\/\/gesport.unizar.es\/article-a-cross-country-analysis-of-the-impacts-of-gender-targets-on-the-boards-diversity-of-the-nsfs\/","og_locale":"pt_PT","og_type":"article","og_title":"Artigo: Uma an\u00e1lise entre pa\u00edses dos impactos das metas de g\u00e9nero na diversidade das dire\u00e7\u00f5es das FNDs\ufffc - GESPORT+","og_url":"https:\/\/gesport.unizar.es\/article-a-cross-country-analysis-of-the-impacts-of-gender-targets-on-the-boards-diversity-of-the-nsfs\/","og_site_name":"GESPORT+","article_modified_time":"2023-06-26T00:42:37+00:00","twitter_card":"summary_large_image","twitter_misc":{"Est. reading time":"3 minutes"},"schema":{"@context":"https:\/\/schema.org","@graph":[{"@type":"WebPage","@id":"https:\/\/gesport.unizar.es\/article-a-cross-country-analysis-of-the-impacts-of-gender-targets-on-the-boards-diversity-of-the-nsfs\/","url":"https:\/\/gesport.unizar.es\/article-a-cross-country-analysis-of-the-impacts-of-gender-targets-on-the-boards-diversity-of-the-nsfs\/","name":"Artigo: Uma an\u00e1lise entre pa\u00edses dos impactos das metas de g\u00e9nero na diversidade das dire\u00e7\u00f5es das FNDs\ufffc - GESPORT+","isPartOf":{"@id":"https:\/\/gesport.unizar.es\/#website"},"datePublished":"2022-08-02T12:25:15+00:00","dateModified":"2023-06-26T00:42:37+00:00","breadcrumb":{"@id":"https:\/\/gesport.unizar.es\/article-a-cross-country-analysis-of-the-impacts-of-gender-targets-on-the-boards-diversity-of-the-nsfs\/#breadcrumb"},"inLanguage":"pt-PT","potentialAction":[{"@type":"ReadAction","target":["https:\/\/gesport.unizar.es\/article-a-cross-country-analysis-of-the-impacts-of-gender-targets-on-the-boards-diversity-of-the-nsfs\/"]}]},{"@type":"BreadcrumbList","@id":"https:\/\/gesport.unizar.es\/article-a-cross-country-analysis-of-the-impacts-of-gender-targets-on-the-boards-diversity-of-the-nsfs\/#breadcrumb","itemListElement":[{"@type":"ListItem","position":1,"name":"Portada","item":"https:\/\/gesport.unizar.es\/"},{"@type":"ListItem","position":2,"name":"Art\u00edculo: Un an\u00e1lisis transnacional de los efectos de los objetivos de g\u00e9nero en la diversidad de las juntas directivas de las federaciones nacionales deportivas\ufffc"}]},{"@type":"WebSite","@id":"https:\/\/gesport.unizar.es\/#website","url":"https:\/\/gesport.unizar.es\/","name":"GESPORT+","description":"Corporate governance in sport organizations:  a gendered approach","publisher":{"@id":"https:\/\/gesport.unizar.es\/#organization"},"potentialAction":[{"@type":"SearchAction","target":{"@type":"EntryPoint","urlTemplate":"https:\/\/gesport.unizar.es\/?s={search_term_string}"},"query-input":"required name=search_term_string"}],"inLanguage":"pt-PT"},{"@type":"Organization","@id":"https:\/\/gesport.unizar.es\/#organization","name":"GESPORT Erasmus+","url":"https:\/\/gesport.unizar.es\/","sameAs":[],"logo":{"@type":"ImageObject","inLanguage":"pt-PT","@id":"https:\/\/gesport.unizar.es\/#\/schema\/logo\/image\/","url":"http:\/\/gesport.unizar.es\/wp-content\/uploads\/2018\/12\/4.jpg","contentUrl":"http:\/\/gesport.unizar.es\/wp-content\/uploads\/2018\/12\/4.jpg","width":400,"height":400,"caption":"GESPORT Erasmus+"},"image":{"@id":"https:\/\/gesport.unizar.es\/#\/schema\/logo\/image\/"}}]}},"_links":{"self":[{"href":"https:\/\/gesport.unizar.es\/pt\/wp-json\/wp\/v2\/pages\/8789"}],"collection":[{"href":"https:\/\/gesport.unizar.es\/pt\/wp-json\/wp\/v2\/pages"}],"about":[{"href":"https:\/\/gesport.unizar.es\/pt\/wp-json\/wp\/v2\/types\/page"}],"author":[{"embeddable":true,"href":"https:\/\/gesport.unizar.es\/pt\/wp-json\/wp\/v2\/users\/3"}],"replies":[{"embeddable":true,"href":"https:\/\/gesport.unizar.es\/pt\/wp-json\/wp\/v2\/comments?post=8789"}],"version-history":[{"count":31,"href":"https:\/\/gesport.unizar.es\/pt\/wp-json\/wp\/v2\/pages\/8789\/revisions"}],"predecessor-version":[{"id":10936,"href":"https:\/\/gesport.unizar.es\/pt\/wp-json\/wp\/v2\/pages\/8789\/revisions\/10936"}],"wp:attachment":[{"href":"https:\/\/gesport.unizar.es\/pt\/wp-json\/wp\/v2\/media?parent=8789"}],"curies":[{"name":"wp","href":"https:\/\/api.w.org\/{rel}","templated":true}]}}