{"id":8785,"date":"2022-08-02T12:18:45","date_gmt":"2022-08-02T12:18:45","guid":{"rendered":"https:\/\/gesport.unizar.es\/?page_id=8785"},"modified":"2023-06-12T16:57:07","modified_gmt":"2023-06-12T16:57:07","slug":"book-analysis-of-gender-equality-policies-in-the-boards-of-directors-of-nsfs","status":"publish","type":"page","link":"https:\/\/gesport.unizar.es\/pt\/book-analysis-of-gender-equality-policies-in-the-boards-of-directors-of-nsfs\/","title":{"rendered":"Livro: An\u00e1lise das pol\u00edticas de igualdade de g\u00e9nero nas dire\u00e7\u00f5es das FNDs: Uma an\u00e1lise explorat\u00f3ria\ufffc"},"content":{"rendered":"\n<p>Com a base de dados criada atrav\u00e9s do question\u00e1rio, elaboramos o livro \u201cAn\u00e1lise das pol\u00edticas de igualdade de g\u00e9nero nas dire\u00e7\u00f5es das FNDs:Uma an\u00e1lise explorat\u00f3ria\u201d. Este estudo analisa as pol\u00edticas de igualdade de g\u00e9nero nas dire\u00e7\u00f5es das FNDs dos cinco pa\u00edses europeus envolvidos no projeto: It\u00e1lia, Portugal, Espanha, Turquia e Reino Unido. O livro visa identificar a natureza das rela\u00e7\u00f5es de g\u00e9nero nas FNDs e as pol\u00edticas de g\u00e9nero adotadas pelas dire\u00e7\u00f5es desportivas relacionadas com a diversidade de g\u00e9nero. Por isso, foi aplicado o question\u00e1rio referido anteriormente, com 41 perguntas, algumas delas inspiradas nas quatro dimens\u00f5es do g\u00e9nero, segundo o modelo de Connell (1990) \u2013 rela\u00e7\u00f5es de produ\u00e7\u00e3o, rela\u00e7\u00f5es de poder, rela\u00e7\u00f5es de emo\u00e7\u00e3o e dimens\u00e3o simb\u00f3lica \u2013, aos membros de todas as dire\u00e7\u00f5es desportivas das FNDs, entre maio de 2021 e mar\u00e7o de 2022.<\/p>\n\n\n\n<p><\/p>\n\n\n\n<p>\u00c9 poss\u00edvel transferir o livro a partir do reposit\u00f3rio ZAGU\u00c1N da Universidade de Sarago\u00e7a, E tamb\u00e9m a partir da plataforma ResearchGate.<\/p>\n\n\n\n<div class=\"wp-container-1 wp-block-buttons\">\n<div class=\"wp-block-button\"><a class=\"wp-block-button__link\" href=\"https:\/\/zaguan.unizar.es\/record\/118693\">Download<\/a><\/div>\n<\/div>\n\n\n\n<figure class=\"wp-block-image size-full\"><a href=\"https:\/\/zaguan.unizar.es\/record\/118693\"><img loading=\"lazy\" width=\"3750\" height=\"2500\" src=\"https:\/\/gesport.unizar.es\/wp-content\/uploads\/2022\/09\/Survey-Report-2.jpg\" alt=\"\" class=\"wp-image-9583\"\/><\/a><\/figure>\n\n\n\n<p>Com este estudo, tent\u00e1mos adquirir conhecimento aprofundado sobre as pol\u00edticas de g\u00e9nero que est\u00e3o a ser tomadas nas federa\u00e7\u00f5es de desporto dos cinco pa\u00edses europeus. No geral, esta primeira abordagem descritiva dos dados revela que existe uma crescente consciencializa\u00e7\u00e3o entre diretoras\/diretores das NSFs em rela\u00e7\u00e3o \u00e0s pol\u00edticas de g\u00e9nero e uma preocupa\u00e7\u00e3o das suas dire\u00e7\u00f5es desportivas com a promo\u00e7\u00e3o da participa\u00e7\u00e3o de mulheres nos processos de tomada de decis\u00e3o. No geral, as\/os diretoras\/diretores que responderam acreditam firmemente que as suas dire\u00e7\u00f5es promovem a participa\u00e7\u00e3o das mulheres nos processos de tomada de decis\u00e3o. Al\u00e9m disso, tamb\u00e9m consideram que nos \u00faltimos 15 anos, a rela\u00e7\u00e3o entre mulheres e homens, nas dire\u00e7\u00f5es, se tem tornado mais igual. Em Espanha \u00e9 onde existe maior perce\u00e7\u00e3o de melhoria, por parte da\/os diretoras\/diretores, seguindo-se o Reino Unido. O prop\u00f3sito desta investiga\u00e7\u00e3o foi descobrir se as recomenda\u00e7\u00f5es do Comit\u00e9 Ol\u00edmpico Internacional de aumentar a presen\u00e7a das mulheres nas FNDs t\u00eam vindo a ser implementadas. Estes resultados tamb\u00e9m mostram, segundo a perce\u00e7\u00e3o dos inquiridos, que os pa\u00edses que participam neste estudo evoluem a diferentes velocidades no que diz respeito \u00e0 igualdade de g\u00e9nero nas FNDs e nas dire\u00e7\u00f5es desportivas destas organiza\u00e7\u00f5es.<\/p>\n\n\n\n<p>A maioria das\/os diretoras\/diretores reconheceu a relev\u00e2ncia das pol\u00edticas de g\u00e9nero e diversidade, bem como a sua implementa\u00e7\u00e3o nas suas organiza\u00e7\u00f5es, sobretudo, para trazer mulheres para as dire\u00e7\u00f5es desportivas. No entanto, muitas destas pessoas tamb\u00e9m consideram que mulheres diretoras continuam a ter menos influ\u00eancia dos que os colegas do sexo masculino, em todos os setores de gest\u00e3o da dire\u00e7\u00e3o, o que continua a ser visto como uma segrega\u00e7\u00e3o com base no g\u00e9nero.<\/p>\n\n\n\n<p><\/p>\n","protected":false},"excerpt":{"rendered":"<p>Com a base de dados criada atrav\u00e9s do question\u00e1rio, elaboramos o livro \u201cAn\u00e1lise das pol\u00edticas de igualdade de g\u00e9nero nas dire\u00e7\u00f5es das FNDs:Uma an\u00e1lise explorat\u00f3ria\u201d. Este estudo analisa as pol\u00edticas de igualdade de g\u00e9nero nas dire\u00e7\u00f5es das FNDs dos cinco pa\u00edses europeus envolvidos no projeto: It\u00e1lia, Portugal, Espanha, Turquia e Reino Unido. O livro visa &hellip;<\/p>\n<p class=\"read-more\"> <a class=\"\" href=\"https:\/\/gesport.unizar.es\/pt\/book-analysis-of-gender-equality-policies-in-the-boards-of-directors-of-nsfs\/\"> <span class=\"screen-reader-text\">Livro: An\u00e1lise das pol\u00edticas de igualdade de g\u00e9nero nas dire\u00e7\u00f5es das FNDs: Uma an\u00e1lise explorat\u00f3ria\ufffc<\/span> Read More &raquo;<\/a><\/p>\n","protected":false},"author":3,"featured_media":0,"parent":0,"menu_order":0,"comment_status":"closed","ping_status":"closed","template":"","meta":{"site-sidebar-layout":"default","site-content-layout":"default","ast-global-header-display":"","ast-main-header-display":"","ast-hfb-above-header-display":"","ast-hfb-below-header-display":"","ast-hfb-mobile-header-display":"","site-post-title":"","ast-breadcrumbs-content":"","ast-featured-img":"","footer-sml-layout":"","theme-transparent-header-meta":"","adv-header-id-meta":"","stick-header-meta":"","header-above-stick-meta":"","header-main-stick-meta":"","header-below-stick-meta":""},"translation":{"provider":"WPGlobus","version":"2.10.4","language":"pt","enabled_languages":["gb","es","tr","it","pt"],"languages":{"gb":{"title":true,"content":true,"excerpt":false},"es":{"title":true,"content":true,"excerpt":false},"tr":{"title":false,"content":true,"excerpt":false},"it":{"title":true,"content":true,"excerpt":false},"pt":{"title":true,"content":true,"excerpt":false}}},"yoast_head":"<!-- This site is optimized with the Yoast SEO plugin v19.7.1 - https:\/\/yoast.com\/wordpress\/plugins\/seo\/ -->\n<title>Livro: An\u00e1lise das pol\u00edticas de igualdade de g\u00e9nero nas dire\u00e7\u00f5es das FNDs: Uma an\u00e1lise explorat\u00f3ria\ufffc - GESPORT+<\/title>\n<meta name=\"robots\" content=\"index, follow, max-snippet:-1, max-image-preview:large, max-video-preview:-1\" \/>\n<link rel=\"canonical\" href=\"https:\/\/gesport.unizar.es\/book-analysis-of-gender-equality-policies-in-the-boards-of-directors-of-nsfs\/\" \/>\n<meta property=\"og:locale\" content=\"pt_PT\" \/>\n<meta property=\"og:type\" content=\"article\" \/>\n<meta property=\"og:title\" content=\"Livro: An\u00e1lise das pol\u00edticas de igualdade de g\u00e9nero nas dire\u00e7\u00f5es das FNDs: Uma an\u00e1lise explorat\u00f3ria\ufffc - GESPORT+\" \/>\n<meta property=\"og:url\" content=\"https:\/\/gesport.unizar.es\/book-analysis-of-gender-equality-policies-in-the-boards-of-directors-of-nsfs\/\" \/>\n<meta property=\"og:site_name\" content=\"GESPORT+\" \/>\n<meta property=\"article:modified_time\" content=\"2023-06-12T16:57:07+00:00\" \/>\n<meta property=\"og:image\" content=\"https:\/\/gesport.unizar.es\/wp-content\/uploads\/2022\/09\/Survey-Report-2.jpg\" \/>\n<meta name=\"twitter:card\" content=\"summary_large_image\" \/>\n<meta name=\"twitter:label1\" content=\"Est. reading time\" \/>\n\t<meta name=\"twitter:data1\" content=\"2 minutes\" \/>\n<script type=\"application\/ld+json\" class=\"yoast-schema-graph\">{\"@context\":\"https:\/\/schema.org\",\"@graph\":[{\"@type\":\"WebPage\",\"@id\":\"https:\/\/gesport.unizar.es\/book-analysis-of-gender-equality-policies-in-the-boards-of-directors-of-nsfs\/\",\"url\":\"https:\/\/gesport.unizar.es\/book-analysis-of-gender-equality-policies-in-the-boards-of-directors-of-nsfs\/\",\"name\":\"Livro: An\u00e1lise das pol\u00edticas de igualdade de g\u00e9nero nas dire\u00e7\u00f5es das FNDs: Uma an\u00e1lise explorat\u00f3ria\ufffc - GESPORT+\",\"isPartOf\":{\"@id\":\"https:\/\/gesport.unizar.es\/#website\"},\"datePublished\":\"2022-08-02T12:18:45+00:00\",\"dateModified\":\"2023-06-12T16:57:07+00:00\",\"breadcrumb\":{\"@id\":\"https:\/\/gesport.unizar.es\/book-analysis-of-gender-equality-policies-in-the-boards-of-directors-of-nsfs\/#breadcrumb\"},\"inLanguage\":\"pt-PT\",\"potentialAction\":[{\"@type\":\"ReadAction\",\"target\":[\"https:\/\/gesport.unizar.es\/book-analysis-of-gender-equality-policies-in-the-boards-of-directors-of-nsfs\/\"]}]},{\"@type\":\"BreadcrumbList\",\"@id\":\"https:\/\/gesport.unizar.es\/book-analysis-of-gender-equality-policies-in-the-boards-of-directors-of-nsfs\/#breadcrumb\",\"itemListElement\":[{\"@type\":\"ListItem\",\"position\":1,\"name\":\"Portada\",\"item\":\"https:\/\/gesport.unizar.es\/\"},{\"@type\":\"ListItem\",\"position\":2,\"name\":\"Informe de encuestas: An\u00e1lisis de las pol\u00edticas de igualdad de g\u00e9nero en las juntas directivas de las federaciones deportivas nacionales: un an\u00e1lisis exploratorio\"}]},{\"@type\":\"WebSite\",\"@id\":\"https:\/\/gesport.unizar.es\/#website\",\"url\":\"https:\/\/gesport.unizar.es\/\",\"name\":\"GESPORT+\",\"description\":\"Corporate governance in sport organizations:  a gendered approach\",\"publisher\":{\"@id\":\"https:\/\/gesport.unizar.es\/#organization\"},\"potentialAction\":[{\"@type\":\"SearchAction\",\"target\":{\"@type\":\"EntryPoint\",\"urlTemplate\":\"https:\/\/gesport.unizar.es\/?s={search_term_string}\"},\"query-input\":\"required name=search_term_string\"}],\"inLanguage\":\"pt-PT\"},{\"@type\":\"Organization\",\"@id\":\"https:\/\/gesport.unizar.es\/#organization\",\"name\":\"GESPORT Erasmus+\",\"url\":\"https:\/\/gesport.unizar.es\/\",\"sameAs\":[],\"logo\":{\"@type\":\"ImageObject\",\"inLanguage\":\"pt-PT\",\"@id\":\"https:\/\/gesport.unizar.es\/#\/schema\/logo\/image\/\",\"url\":\"http:\/\/gesport.unizar.es\/wp-content\/uploads\/2018\/12\/4.jpg\",\"contentUrl\":\"http:\/\/gesport.unizar.es\/wp-content\/uploads\/2018\/12\/4.jpg\",\"width\":400,\"height\":400,\"caption\":\"GESPORT Erasmus+\"},\"image\":{\"@id\":\"https:\/\/gesport.unizar.es\/#\/schema\/logo\/image\/\"}}]}<\/script>\n<!-- \/ Yoast SEO plugin. -->","yoast_head_json":{"title":"Livro: An\u00e1lise das pol\u00edticas de igualdade de g\u00e9nero nas dire\u00e7\u00f5es das FNDs: Uma an\u00e1lise explorat\u00f3ria\ufffc - GESPORT+","robots":{"index":"index","follow":"follow","max-snippet":"max-snippet:-1","max-image-preview":"max-image-preview:large","max-video-preview":"max-video-preview:-1"},"canonical":"https:\/\/gesport.unizar.es\/book-analysis-of-gender-equality-policies-in-the-boards-of-directors-of-nsfs\/","og_locale":"pt_PT","og_type":"article","og_title":"Livro: An\u00e1lise das pol\u00edticas de igualdade de g\u00e9nero nas dire\u00e7\u00f5es das FNDs: Uma an\u00e1lise explorat\u00f3ria\ufffc - GESPORT+","og_url":"https:\/\/gesport.unizar.es\/book-analysis-of-gender-equality-policies-in-the-boards-of-directors-of-nsfs\/","og_site_name":"GESPORT+","article_modified_time":"2023-06-12T16:57:07+00:00","og_image":[{"url":"https:\/\/gesport.unizar.es\/wp-content\/uploads\/2022\/09\/Survey-Report-2.jpg"}],"twitter_card":"summary_large_image","twitter_misc":{"Est. reading time":"2 minutes"},"schema":{"@context":"https:\/\/schema.org","@graph":[{"@type":"WebPage","@id":"https:\/\/gesport.unizar.es\/book-analysis-of-gender-equality-policies-in-the-boards-of-directors-of-nsfs\/","url":"https:\/\/gesport.unizar.es\/book-analysis-of-gender-equality-policies-in-the-boards-of-directors-of-nsfs\/","name":"Livro: An\u00e1lise das pol\u00edticas de igualdade de g\u00e9nero nas dire\u00e7\u00f5es das FNDs: Uma an\u00e1lise explorat\u00f3ria\ufffc - GESPORT+","isPartOf":{"@id":"https:\/\/gesport.unizar.es\/#website"},"datePublished":"2022-08-02T12:18:45+00:00","dateModified":"2023-06-12T16:57:07+00:00","breadcrumb":{"@id":"https:\/\/gesport.unizar.es\/book-analysis-of-gender-equality-policies-in-the-boards-of-directors-of-nsfs\/#breadcrumb"},"inLanguage":"pt-PT","potentialAction":[{"@type":"ReadAction","target":["https:\/\/gesport.unizar.es\/book-analysis-of-gender-equality-policies-in-the-boards-of-directors-of-nsfs\/"]}]},{"@type":"BreadcrumbList","@id":"https:\/\/gesport.unizar.es\/book-analysis-of-gender-equality-policies-in-the-boards-of-directors-of-nsfs\/#breadcrumb","itemListElement":[{"@type":"ListItem","position":1,"name":"Portada","item":"https:\/\/gesport.unizar.es\/"},{"@type":"ListItem","position":2,"name":"Informe de encuestas: An\u00e1lisis de las pol\u00edticas de igualdad de g\u00e9nero en las juntas directivas de las federaciones deportivas nacionales: un an\u00e1lisis exploratorio"}]},{"@type":"WebSite","@id":"https:\/\/gesport.unizar.es\/#website","url":"https:\/\/gesport.unizar.es\/","name":"GESPORT+","description":"Corporate governance in sport organizations:  a gendered approach","publisher":{"@id":"https:\/\/gesport.unizar.es\/#organization"},"potentialAction":[{"@type":"SearchAction","target":{"@type":"EntryPoint","urlTemplate":"https:\/\/gesport.unizar.es\/?s={search_term_string}"},"query-input":"required name=search_term_string"}],"inLanguage":"pt-PT"},{"@type":"Organization","@id":"https:\/\/gesport.unizar.es\/#organization","name":"GESPORT Erasmus+","url":"https:\/\/gesport.unizar.es\/","sameAs":[],"logo":{"@type":"ImageObject","inLanguage":"pt-PT","@id":"https:\/\/gesport.unizar.es\/#\/schema\/logo\/image\/","url":"http:\/\/gesport.unizar.es\/wp-content\/uploads\/2018\/12\/4.jpg","contentUrl":"http:\/\/gesport.unizar.es\/wp-content\/uploads\/2018\/12\/4.jpg","width":400,"height":400,"caption":"GESPORT Erasmus+"},"image":{"@id":"https:\/\/gesport.unizar.es\/#\/schema\/logo\/image\/"}}]}},"_links":{"self":[{"href":"https:\/\/gesport.unizar.es\/pt\/wp-json\/wp\/v2\/pages\/8785"}],"collection":[{"href":"https:\/\/gesport.unizar.es\/pt\/wp-json\/wp\/v2\/pages"}],"about":[{"href":"https:\/\/gesport.unizar.es\/pt\/wp-json\/wp\/v2\/types\/page"}],"author":[{"embeddable":true,"href":"https:\/\/gesport.unizar.es\/pt\/wp-json\/wp\/v2\/users\/3"}],"replies":[{"embeddable":true,"href":"https:\/\/gesport.unizar.es\/pt\/wp-json\/wp\/v2\/comments?post=8785"}],"version-history":[{"count":37,"href":"https:\/\/gesport.unizar.es\/pt\/wp-json\/wp\/v2\/pages\/8785\/revisions"}],"predecessor-version":[{"id":10829,"href":"https:\/\/gesport.unizar.es\/pt\/wp-json\/wp\/v2\/pages\/8785\/revisions\/10829"}],"wp:attachment":[{"href":"https:\/\/gesport.unizar.es\/pt\/wp-json\/wp\/v2\/media?parent=8785"}],"curies":[{"name":"wp","href":"https:\/\/api.w.org\/{rel}","templated":true}]}}