{"id":8781,"date":"2022-08-02T12:10:41","date_gmt":"2022-08-02T12:10:41","guid":{"rendered":"https:\/\/gesport.unizar.es\/?page_id=8781"},"modified":"2022-10-14T10:59:39","modified_gmt":"2022-10-14T10:59:39","slug":"database-gender-policies-in-sport-organizations","status":"publish","type":"page","link":"https:\/\/gesport.unizar.es\/pt\/database-gender-policies-in-sport-organizations\/","title":{"rendered":"Base de dados: pol\u00edticas de g\u00e9nero nas organiza\u00e7\u00f5es desportivas"},"content":{"rendered":"\n<p>Para ficar a conhecer as pol\u00edticas de g\u00e9nero aplicadas nas FNDs dos cinco pa\u00edses sob estudo, desenvolvemos o <a href=\"https:\/\/zenodo.org\/record\/6835162#.Yuo2oS8lP0p\">question\u00e1rio<\/a> \u201cIgualdade de g\u00e9nero nas dire\u00e7\u00f5es das federa\u00e7\u00f5es nacionais desportivas da Europa\u201d). O question\u00e1rio come\u00e7a por perguntar \u00e0s\/aos diretoras\/diretores de federa\u00e7\u00f5es nacionais se as dire\u00e7\u00f5es das suas FNDs j\u00e1 implementaram medidas, planos ou pol\u00edticas sobre igualdade de g\u00e9nero entre homens e mulheres. Caso j\u00e1 tenham implementado estas pol\u00edticas, as quest\u00f5es que se seguem averiguam se a federa\u00e7\u00e3o disp\u00f5e de um comit\u00e9 para a igualdade de g\u00e9nero ou departamento equivalente. Em seguida, as pessoas inquiridas s\u00e3o questionadas acerca das oportunidades para as mulheres nas dire\u00e7\u00f5es das federa\u00e7\u00f5es, por exemplo, se a dire\u00e7\u00e3o da federa\u00e7\u00e3o proporciona oportunidades de forma\u00e7\u00e3o para fomentar o progresso das mulheres ou se as tarefas da federa\u00e7\u00e3o s\u00e3o atribu\u00eddas com base no g\u00e9nero. Do mesmo modo, o question\u00e1rio tenta averiguar se as\/os diretoras\/diretores acham as quotas algo necess\u00e1rio para promover a participa\u00e7\u00e3o de mulheres nas dire\u00e7\u00f5es. Al\u00e9m disso, atrav\u00e9s deste estudo, tent\u00e1mos conhecer as opini\u00f5es das\/os diretoras\/diretores sobre se estas quotas s\u00e3o ou n\u00e3o necess\u00e1rias para promover a participa\u00e7\u00e3o de mulheres nas dire\u00e7\u00f5es. Atrav\u00e9s deste question\u00e1rio, tent\u00e1mos tamb\u00e9m conhecer a influ\u00eancia de mulheres e homens numa s\u00e9rie de tarefas, tais como finan\u00e7as, rela\u00e7\u00f5es p\u00fablicas, gest\u00e3o de recursos humanos, organiza\u00e7\u00e3o de eventos e concursos, gest\u00e3o de redes sociais, educa\u00e7\u00e3o de desporto ou resolu\u00e7\u00e3o de problemas, entre outras. Outro dos objetivos foi o de recolher informa\u00e7\u00f5es sobre as rela\u00e7\u00f5es entre homens e mulheres na resolu\u00e7\u00e3o de conflitos e as suas opini\u00f5es sobre as pol\u00edticas implementadas na federa\u00e7\u00e3o. Al\u00e9m disso, outro aspeto abordado pelo estudo foi o impacto da diversidade de g\u00e9nero das dire\u00e7\u00f5es na tomada de decis\u00e3o e na resolu\u00e7\u00e3o de problemas. A visibilidade das mulheres nos m\u00e9dia foi outro dos t\u00f3picos analisados, e se a dimens\u00e3o da federa\u00e7\u00e3o \u00e9 adequada para a sua opera\u00e7\u00e3o.<\/p>\n\n\n\n<p>O question\u00e1rio \u00e9 composto por um conjunto de perguntas sobre as pol\u00edticas de g\u00e9nero adotadas pelas FNDs e uma pergunta final sobre os efeitos da pandemia de COVID-19 na discrimina\u00e7\u00e3o de g\u00e9nero. A an\u00e1lise descritiva dos dados mostrou uma maior consciencializa\u00e7\u00e3o para assuntos de g\u00e9nero entre diretoras\/diretores de FNDs. A maioria reconheceu a relev\u00e2ncia das pol\u00edticas de g\u00e9nero e diversidade, bem como a sua implementa\u00e7\u00e3o nas suas organiza\u00e7\u00f5es.<\/p>\n\n\n\n<p>A maior parte das perguntas s\u00e3o de resposta fechada e usam uma escala Likert, de 0 a 10, em que 0 significa \u201cdiscordo totalmente\u201d e 10 significa \u201cconcordo totalmente\u201d. Este <a href=\"https:\/\/zenodo.org\/record\/6835162#.Yuo2oS8lP0p\">question\u00e1rio<\/a> foi elaborado em ingl\u00eas e, posteriormente, traduzido para os quatro idiomas do projeto (italiano, espanhol, portugu\u00eas e turco). Com recurso ao Google Survey, o question\u00e1rio foi enviado a todas as FNDs de It\u00e1lia, Portugal, Espanha, Turquia e Reino Unido. Mais precisamente, foi dirigido a todos os membros das dire\u00e7\u00f5es das FNDs (homens e mulheres). A decis\u00e3o de tamb\u00e9m incluir homens no grupo de inquiridos deveu-se \u00e0 exig\u00eancia de ter o conhecimento mais amplo poss\u00edvel das perspetivas, pol\u00edticas e medidas na governa\u00e7\u00e3o corporativa das dire\u00e7\u00f5es das FDNs. Os question\u00e1rios foram sendo entregues no ano de 2021, e voltamos a enviar um novo lembrete, no in\u00edcio de 2022, para aumentar o tamanho da amostra. Foi gerada uma base de dados em cada pa\u00eds e no idioma correspondente, que foi posteriormente traduzida para ingl\u00eas. Depois de todos os question\u00e1rios terem sido traduzidos para ingl\u00eas, os dados dos cinco pa\u00edses foram reunidos numa \u00fanica base de dados, no programa SPSS<sup>\u00ae<\/sup> Statistics, e tendo sido atribu\u00eddo um c\u00f3digo alfanum\u00e9rico para conservar a sua confidencialidade, em cumprimento do disposto na lei org\u00e2nica espanhola 3\/2018 sobre prote\u00e7\u00e3o de dados pessoais e garantia dos direitos digitais. Para manter a confidencialidade das respostas, foram retiradas algumas perguntas da base de dados completa final.<\/p>\n\n\n\n<p>Um total de 137 participantes responderam ao question\u00e1rio, 13 de It\u00e1lia, 19 da Turquia, 25 de Portugal, 25 de Espanha e 55 do Reino Unido. Dos 137 participantes, 13,1% deram respostas inv\u00e1lidas, 30,7% eram mulheres, 53,3% eram homens e 2,9% preferiram n\u00e3o mencionar o seu g\u00e9nero.<\/p>\n\n\n\n<p>Com estes dados, cri\u00e1mos tamb\u00e9m uma base de dados, no programa Excel, no reposit\u00f3rio <a href=\"https:\/\/zenodo.org\/record\/6946107#.Yuo4Hy8lP0p\">Zenodo<\/a> e escrevemos um livro de livre acesso com o t\u00edtulo \u201cAn\u00e1lise das pol\u00edticas de igualdade de g\u00e9nero nas dire\u00e7\u00f5es das FNDs: Uma an\u00e1lise explorat\u00f3ria\u201d (2022). Por fim, public\u00e1mos este livro no website do Projeto GESPORT.<\/p>\n\n\n\n<p>A refer\u00eancia da base de dados \u00e9:<\/p>\n\n\n\n<p>Pol\u00edticas de g\u00e9nero em organiza\u00e7\u00f5es desportivas. DOI: 10.5281\/zenodo.6946107<\/p>\n\n\n\n<p>\u00c9 poss\u00edvel transferir a base de dados aqui: <a href=\"https:\/\/zenodo.org\/record\/6946107#.YwTE3S8lP0q\">Zenodo<\/a>.<\/p>\n","protected":false},"excerpt":{"rendered":"<p>Para ficar a conhecer as pol\u00edticas de g\u00e9nero aplicadas nas FNDs dos cinco pa\u00edses sob estudo, desenvolvemos o question\u00e1rio \u201cIgualdade de g\u00e9nero nas dire\u00e7\u00f5es das federa\u00e7\u00f5es nacionais desportivas da Europa\u201d). O question\u00e1rio come\u00e7a por perguntar \u00e0s\/aos diretoras\/diretores de federa\u00e7\u00f5es nacionais se as dire\u00e7\u00f5es das suas FNDs j\u00e1 implementaram medidas, planos ou pol\u00edticas sobre igualdade de &hellip;<\/p>\n<p class=\"read-more\"> <a class=\"\" href=\"https:\/\/gesport.unizar.es\/pt\/database-gender-policies-in-sport-organizations\/\"> <span class=\"screen-reader-text\">Base de dados: pol\u00edticas de g\u00e9nero nas organiza\u00e7\u00f5es desportivas<\/span> Read More &raquo;<\/a><\/p>\n","protected":false},"author":3,"featured_media":0,"parent":0,"menu_order":0,"comment_status":"closed","ping_status":"closed","template":"","meta":{"site-sidebar-layout":"default","site-content-layout":"default","ast-global-header-display":"","ast-main-header-display":"","ast-hfb-above-header-display":"","ast-hfb-below-header-display":"","ast-hfb-mobile-header-display":"","site-post-title":"","ast-breadcrumbs-content":"","ast-featured-img":"","footer-sml-layout":"","theme-transparent-header-meta":"","adv-header-id-meta":"","stick-header-meta":"","header-above-stick-meta":"","header-main-stick-meta":"","header-below-stick-meta":""},"translation":{"provider":"WPGlobus","version":"2.10.4","language":"pt","enabled_languages":["gb","es","tr","it","pt"],"languages":{"gb":{"title":true,"content":true,"excerpt":false},"es":{"title":true,"content":true,"excerpt":false},"tr":{"title":true,"content":true,"excerpt":false},"it":{"title":true,"content":true,"excerpt":false},"pt":{"title":true,"content":true,"excerpt":false}}},"yoast_head":"<!-- This site is optimized with the Yoast SEO plugin v19.7.1 - https:\/\/yoast.com\/wordpress\/plugins\/seo\/ -->\n<title>Base de dados: pol\u00edticas de g\u00e9nero nas organiza\u00e7\u00f5es desportivas - GESPORT+<\/title>\n<meta name=\"robots\" content=\"index, follow, max-snippet:-1, max-image-preview:large, max-video-preview:-1\" \/>\n<link rel=\"canonical\" href=\"https:\/\/gesport.unizar.es\/database-gender-policies-in-sport-organizations\/\" \/>\n<meta property=\"og:locale\" content=\"pt_PT\" \/>\n<meta property=\"og:type\" content=\"article\" \/>\n<meta property=\"og:title\" content=\"Base de dados: pol\u00edticas de g\u00e9nero nas organiza\u00e7\u00f5es desportivas - GESPORT+\" \/>\n<meta property=\"og:url\" content=\"https:\/\/gesport.unizar.es\/database-gender-policies-in-sport-organizations\/\" \/>\n<meta property=\"og:site_name\" content=\"GESPORT+\" \/>\n<meta property=\"article:modified_time\" content=\"2022-10-14T10:59:39+00:00\" \/>\n<meta name=\"twitter:card\" content=\"summary_large_image\" \/>\n<meta name=\"twitter:label1\" content=\"Est. reading time\" \/>\n\t<meta name=\"twitter:data1\" content=\"3 minutes\" \/>\n<script type=\"application\/ld+json\" class=\"yoast-schema-graph\">{\"@context\":\"https:\/\/schema.org\",\"@graph\":[{\"@type\":\"WebPage\",\"@id\":\"https:\/\/gesport.unizar.es\/database-gender-policies-in-sport-organizations\/\",\"url\":\"https:\/\/gesport.unizar.es\/database-gender-policies-in-sport-organizations\/\",\"name\":\"Base de dados: pol\u00edticas de g\u00e9nero nas organiza\u00e7\u00f5es desportivas - GESPORT+\",\"isPartOf\":{\"@id\":\"https:\/\/gesport.unizar.es\/#website\"},\"datePublished\":\"2022-08-02T12:10:41+00:00\",\"dateModified\":\"2022-10-14T10:59:39+00:00\",\"breadcrumb\":{\"@id\":\"https:\/\/gesport.unizar.es\/database-gender-policies-in-sport-organizations\/#breadcrumb\"},\"inLanguage\":\"pt-PT\",\"potentialAction\":[{\"@type\":\"ReadAction\",\"target\":[\"https:\/\/gesport.unizar.es\/database-gender-policies-in-sport-organizations\/\"]}]},{\"@type\":\"BreadcrumbList\",\"@id\":\"https:\/\/gesport.unizar.es\/database-gender-policies-in-sport-organizations\/#breadcrumb\",\"itemListElement\":[{\"@type\":\"ListItem\",\"position\":1,\"name\":\"Portada\",\"item\":\"https:\/\/gesport.unizar.es\/\"},{\"@type\":\"ListItem\",\"position\":2,\"name\":\"Base de datos: Pol\u00edticas de g\u00e9nero en las organizaciones deportivas\ufffc\"}]},{\"@type\":\"WebSite\",\"@id\":\"https:\/\/gesport.unizar.es\/#website\",\"url\":\"https:\/\/gesport.unizar.es\/\",\"name\":\"GESPORT+\",\"description\":\"Corporate governance in sport organizations:  a gendered approach\",\"publisher\":{\"@id\":\"https:\/\/gesport.unizar.es\/#organization\"},\"potentialAction\":[{\"@type\":\"SearchAction\",\"target\":{\"@type\":\"EntryPoint\",\"urlTemplate\":\"https:\/\/gesport.unizar.es\/?s={search_term_string}\"},\"query-input\":\"required name=search_term_string\"}],\"inLanguage\":\"pt-PT\"},{\"@type\":\"Organization\",\"@id\":\"https:\/\/gesport.unizar.es\/#organization\",\"name\":\"GESPORT Erasmus+\",\"url\":\"https:\/\/gesport.unizar.es\/\",\"sameAs\":[],\"logo\":{\"@type\":\"ImageObject\",\"inLanguage\":\"pt-PT\",\"@id\":\"https:\/\/gesport.unizar.es\/#\/schema\/logo\/image\/\",\"url\":\"http:\/\/gesport.unizar.es\/wp-content\/uploads\/2018\/12\/4.jpg\",\"contentUrl\":\"http:\/\/gesport.unizar.es\/wp-content\/uploads\/2018\/12\/4.jpg\",\"width\":400,\"height\":400,\"caption\":\"GESPORT Erasmus+\"},\"image\":{\"@id\":\"https:\/\/gesport.unizar.es\/#\/schema\/logo\/image\/\"}}]}<\/script>\n<!-- \/ Yoast SEO plugin. -->","yoast_head_json":{"title":"Base de dados: pol\u00edticas de g\u00e9nero nas organiza\u00e7\u00f5es desportivas - GESPORT+","robots":{"index":"index","follow":"follow","max-snippet":"max-snippet:-1","max-image-preview":"max-image-preview:large","max-video-preview":"max-video-preview:-1"},"canonical":"https:\/\/gesport.unizar.es\/database-gender-policies-in-sport-organizations\/","og_locale":"pt_PT","og_type":"article","og_title":"Base de dados: pol\u00edticas de g\u00e9nero nas organiza\u00e7\u00f5es desportivas - GESPORT+","og_url":"https:\/\/gesport.unizar.es\/database-gender-policies-in-sport-organizations\/","og_site_name":"GESPORT+","article_modified_time":"2022-10-14T10:59:39+00:00","twitter_card":"summary_large_image","twitter_misc":{"Est. reading time":"3 minutes"},"schema":{"@context":"https:\/\/schema.org","@graph":[{"@type":"WebPage","@id":"https:\/\/gesport.unizar.es\/database-gender-policies-in-sport-organizations\/","url":"https:\/\/gesport.unizar.es\/database-gender-policies-in-sport-organizations\/","name":"Base de dados: pol\u00edticas de g\u00e9nero nas organiza\u00e7\u00f5es desportivas - GESPORT+","isPartOf":{"@id":"https:\/\/gesport.unizar.es\/#website"},"datePublished":"2022-08-02T12:10:41+00:00","dateModified":"2022-10-14T10:59:39+00:00","breadcrumb":{"@id":"https:\/\/gesport.unizar.es\/database-gender-policies-in-sport-organizations\/#breadcrumb"},"inLanguage":"pt-PT","potentialAction":[{"@type":"ReadAction","target":["https:\/\/gesport.unizar.es\/database-gender-policies-in-sport-organizations\/"]}]},{"@type":"BreadcrumbList","@id":"https:\/\/gesport.unizar.es\/database-gender-policies-in-sport-organizations\/#breadcrumb","itemListElement":[{"@type":"ListItem","position":1,"name":"Portada","item":"https:\/\/gesport.unizar.es\/"},{"@type":"ListItem","position":2,"name":"Base de datos: Pol\u00edticas de g\u00e9nero en las organizaciones deportivas\ufffc"}]},{"@type":"WebSite","@id":"https:\/\/gesport.unizar.es\/#website","url":"https:\/\/gesport.unizar.es\/","name":"GESPORT+","description":"Corporate governance in sport organizations:  a gendered approach","publisher":{"@id":"https:\/\/gesport.unizar.es\/#organization"},"potentialAction":[{"@type":"SearchAction","target":{"@type":"EntryPoint","urlTemplate":"https:\/\/gesport.unizar.es\/?s={search_term_string}"},"query-input":"required name=search_term_string"}],"inLanguage":"pt-PT"},{"@type":"Organization","@id":"https:\/\/gesport.unizar.es\/#organization","name":"GESPORT Erasmus+","url":"https:\/\/gesport.unizar.es\/","sameAs":[],"logo":{"@type":"ImageObject","inLanguage":"pt-PT","@id":"https:\/\/gesport.unizar.es\/#\/schema\/logo\/image\/","url":"http:\/\/gesport.unizar.es\/wp-content\/uploads\/2018\/12\/4.jpg","contentUrl":"http:\/\/gesport.unizar.es\/wp-content\/uploads\/2018\/12\/4.jpg","width":400,"height":400,"caption":"GESPORT Erasmus+"},"image":{"@id":"https:\/\/gesport.unizar.es\/#\/schema\/logo\/image\/"}}]}},"_links":{"self":[{"href":"https:\/\/gesport.unizar.es\/pt\/wp-json\/wp\/v2\/pages\/8781"}],"collection":[{"href":"https:\/\/gesport.unizar.es\/pt\/wp-json\/wp\/v2\/pages"}],"about":[{"href":"https:\/\/gesport.unizar.es\/pt\/wp-json\/wp\/v2\/types\/page"}],"author":[{"embeddable":true,"href":"https:\/\/gesport.unizar.es\/pt\/wp-json\/wp\/v2\/users\/3"}],"replies":[{"embeddable":true,"href":"https:\/\/gesport.unizar.es\/pt\/wp-json\/wp\/v2\/comments?post=8781"}],"version-history":[{"count":17,"href":"https:\/\/gesport.unizar.es\/pt\/wp-json\/wp\/v2\/pages\/8781\/revisions"}],"predecessor-version":[{"id":10277,"href":"https:\/\/gesport.unizar.es\/pt\/wp-json\/wp\/v2\/pages\/8781\/revisions\/10277"}],"wp:attachment":[{"href":"https:\/\/gesport.unizar.es\/pt\/wp-json\/wp\/v2\/media?parent=8781"}],"curies":[{"name":"wp","href":"https:\/\/api.w.org\/{rel}","templated":true}]}}