{"id":6538,"date":"2021-11-17T10:09:49","date_gmt":"2021-11-17T10:09:49","guid":{"rendered":"https:\/\/gesport.unizar.es\/?page_id=6538"},"modified":"2022-10-28T09:48:03","modified_gmt":"2022-10-28T09:48:03","slug":"transnational-meetings","status":"publish","type":"page","link":"https:\/\/gesport.unizar.es\/pt\/transnational-meetings\/","title":{"rendered":"REUNI\u00d5ES TRANSNACIONAIS"},"content":{"rendered":"\n<p>Durante o per\u00edodo de implementa\u00e7\u00e3o do projeto, a equipa organizou v\u00e1rias reuni\u00f5es transnacionais (TM), tanto presenciais como virtuais. Em geral, as datas das TM presenciais e as universidades anfitri\u00e3s mantiveram-se de acordo com o formul\u00e1rio de candidatura do projeto. Contudo, as reuni\u00f5es virtuais foram organizadas tendo em conta v\u00e1rias condi\u00e7\u00f5es, como o hor\u00e1rio laboral das\/os participantes, os dias do curso, os feriados de cada pa\u00eds, etc. Como tal, tiveram lugar nove TM presenciais nos pa\u00edses do projeto, de janeiro de 2018 a junho de 2022. No entanto, as\/os participantes das universidades parceiras n\u00e3o estiveram presentes em algumas reuni\u00f5es presenciais, dado que estas serviram para realizar entrevistas com membros das dire\u00e7\u00f5es desportivas dos pa\u00edses correspondentes. Nestes casos, para manter a homogeneidade na obten\u00e7\u00e3o dos resultados, participaram pessoas das institui\u00e7\u00f5es coordenadoras e representantes do pa\u00eds em que se realizaram as entrevistas e as grava\u00e7\u00f5es em v\u00eddeo. Al\u00e9m disso, a oitava TM foi realizada virtualmente devido \u00e0 pandemia de COVID-19. N\u00e3o obstante, assim que a pandemia o permitiu, foi dada continuidade \u00e0s reuni\u00f5es associadas \u00e0s entrevistas. De seguida, s\u00e3o apresentadas mais informa\u00e7\u00f5es sobre as reuni\u00f5es presenciais.<\/p>\n\n\n\n<p>TM1 (reuni\u00e3o transnacional de arranque): A parceira que organizou esta TM foi a Universidade de Sarago\u00e7a em Teruel (Espanha). Esta decorreu de 15 a 19 de janeiro de 2018. Participaram: a coordenadora do projeto e duas\/dois participantes desta institui\u00e7\u00e3o; a representante da Universidade do Minho, em Portugal; a representante da Universidade de Sakarya, na Turquia; a representante da Universidade de Teramo, em It\u00e1lia; e a representante da Universidade de Leicester, no Reino Unido.<\/p>\n\n\n\n<p>TM2 (segunda reuni\u00e3o transnacional): A universidade anfitri\u00e3 foi a Universidade de Teramo, em Teramo (It\u00e1lia). Esta decorreu de 10 a 13 de julho de 2018. Participaram: a coordenadora do projeto da Universidade de Sarago\u00e7a, em Espanha; a representante da Universidade do Minho, em Portugal; a representante da Universidade de Sakarya, na Turquia; a representante da Universidade de Teramo, em It\u00e1lia; e a representante da Universidade de Leicester, no Reino Unido.<\/p>\n\n\n\n<p>TM3 (terceira reuni\u00e3o transnacional): A institui\u00e7\u00e3o anfitri\u00e3 foi a Universidade de Leicester (Reino Unido). Esta decorreu de 22 a 25 de janeiro de 2019. Participaram: a coordenadora do projeto da Universidade de Sarago\u00e7a, em Espanha; a representante da Universidade do Minho, em Portugal; a representante da Universidade de Sakarya, na Turquia; a representante da Universidade de Teramo, em It\u00e1lia; e a representante da Universidade de Leicester, no Reino Unido.<\/p>\n\n\n\n<p>TM4 (quarta reuni\u00e3o transnacional): A institui\u00e7\u00e3o anfitri\u00e3 foi a Universidade do Minho. Esta decorreu de 9 a 12 de julho de 2019, em Braga (Portugal). Participaram: a coordenadora do projeto da Universidade de Sarago\u00e7a, em Espanha; a representante da Universidade do Minho, em Portugal; a representante da Universidade de Sakarya, na Turquia; a representante da Universidade de Teramo, em It\u00e1lia; e a representante da Universidade de Leicester, no Reino Unido.<\/p>\n\n\n\n<p>TM5 (quinta reuni\u00e3o transnacional): A institui\u00e7\u00e3o anfitri\u00e3 foi a Universidade do Minho, para realizar as entrevistas em portugu\u00eas. Esta decorreu de 15 a 19 de julho de 2019. Participaram: a coordenadora do projeto e uma\/um participante do projeto da Universidade de Sarago\u00e7a, em Espanha, bem como a representante da Universidade do Minho, em Portugal.<\/p>\n\n\n\n<p>TM6 (sexta reuni\u00e3o transnacional): A institui\u00e7\u00e3o anfitri\u00e3 foi a Universidade de Teramo. Esta decorreu de 30 de janeiro a 7 de fevereiro de 2020, para realizar as entrevistas em It\u00e1lia. Participaram: a coordenadora do projeto e uma\/um participante do projeto da Universidade de Sarago\u00e7a, em Espanha, bem como a representante da Universidade de Teramo, em It\u00e1lia. A sexta TM teve uma continua\u00e7\u00e3o, de 17 a 18 de mar\u00e7o de 2022, em It\u00e1lia, para grava\u00e7\u00e3o das entrevistas. Participaram: a coordenadora do projeto da Universidade de Sarago\u00e7a, em Espanha, e a representante da Universidade de Teramo, em It\u00e1lia.<\/p>\n\n\n\n<p>TM7 (s\u00e9tima reuni\u00e3o transnacional): A institui\u00e7\u00e3o anfitri\u00e3 foi a Universidade de Sakarya, na Turquia. Esta decorreu de 2 a 10 de mar\u00e7o de 2020, para realizar as entrevistas. Participaram: a coordenadora do projeto da Universidade de Sarago\u00e7a, em Espanha, e a representante da Universidade de Sakarya, na Turquia. A s\u00e9tima TM teve uma continua\u00e7\u00e3o, de 9 a 16 de agosto de 2021, na Turquia, para realizar as entrevistas.<\/p>\n\n\n\n<p>TM8 (oitava reuni\u00e3o transnacional): Tratou-se de TM virtuais que decorreram de 26 de mar\u00e7o a 9 de abril de 2020. A primeira reuni\u00e3o estava prevista na Universidade de Leicester (Reino Unido), mas esta reuni\u00e3o presencial foi substitu\u00edda por cinco reuni\u00f5es virtuais, via Skype, devido \u00e0 pandemia. Participantes: 4 pa\u00edses do projeto: Universidade do Minho (Portugal), Universidade de Sakarya (Turquia), Universidade de Teramo (It\u00e1lia) e Universidade de Sarago\u00e7a (Espanha). A oitava TM do projeto teve duas partes. A primeira parte foi uma reuni\u00e3o com as institui\u00e7\u00f5es acima mencionadas; a segunda parte foi uma reuni\u00e3o entre a Universidade de Leicester e a Universidade de Sarago\u00e7a, para planear e realizar as entrevistas no Reino Unido. As datas das reuni\u00f5es transnacionais virtuais foram: 26 de mar\u00e7o a 9 de abril de 2020 (26 de mar\u00e7o: 16:04-19:30; 31 de mar\u00e7o: 17:15-19:30; 1 de abril: 11:05-13:30; 2 de abril: 15:02-19:00; 9 de abril: 16:02-19:00). Para a segunda parte da reuni\u00e3o, a universidade anfitri\u00e3 foi a Universidade de Leicester. Esta decorreu de 11 a 13 de abril de 2022, para realizar as entrevistas no Reino Unido. Participaram: a coordenadora do projeto (Universidade de Sarago\u00e7a, em Espanha), a representante da Universidade de Leicester e uma investigadora desta universidade. Teve lugar uma continua\u00e7\u00e3o em 10, 11, 19 e 20 de maio, e de 20 a 22 de junho, tendo participado a coordenadora e a investigadora da Universidade de Leicester.<\/p>\n\n\n\n<p>TM 9 (nona reuni\u00e3o transnacional): A institui\u00e7\u00e3o anfitri\u00e3 foi a Universidade de Sarago\u00e7a, em Teruel (Espanha). Esta decorreu de 24 a 26 de maio de 2019. Participaram: a coordenadora do projeto da Universidade de Sarago\u00e7a, em Espanha; a representante da Universidade do Minho, em Portugal; a representante da Universidade de Sakarya, na Turquia; a representante da Universidade de Teramo, em It\u00e1lia; a representante da Universidade de Leicester e uma investigadora desta universidade, no Reino Unido.<\/p>\n","protected":false},"excerpt":{"rendered":"<p>Durante o per\u00edodo de implementa\u00e7\u00e3o do projeto, a equipa organizou v\u00e1rias reuni\u00f5es transnacionais (TM), tanto presenciais como virtuais. Em geral, as datas das TM presenciais e as universidades anfitri\u00e3s mantiveram-se de acordo com o formul\u00e1rio de candidatura do projeto. Contudo, as reuni\u00f5es virtuais foram organizadas tendo em conta v\u00e1rias condi\u00e7\u00f5es, como o hor\u00e1rio laboral das\/os &hellip;<\/p>\n<p class=\"read-more\"> <a class=\"\" href=\"https:\/\/gesport.unizar.es\/pt\/transnational-meetings\/\"> <span class=\"screen-reader-text\">REUNI\u00d5ES TRANSNACIONAIS<\/span> Read More &raquo;<\/a><\/p>\n","protected":false},"author":3,"featured_media":0,"parent":0,"menu_order":0,"comment_status":"closed","ping_status":"closed","template":"","meta":{"site-sidebar-layout":"default","site-content-layout":"default","ast-global-header-display":"","ast-main-header-display":"","ast-hfb-above-header-display":"","ast-hfb-below-header-display":"","ast-hfb-mobile-header-display":"","site-post-title":"","ast-breadcrumbs-content":"","ast-featured-img":"","footer-sml-layout":"","theme-transparent-header-meta":"","adv-header-id-meta":"","stick-header-meta":"","header-above-stick-meta":"","header-main-stick-meta":"","header-below-stick-meta":""},"translation":{"provider":"WPGlobus","version":"2.10.4","language":"pt","enabled_languages":["gb","es","tr","it","pt"],"languages":{"gb":{"title":true,"content":true,"excerpt":false},"es":{"title":true,"content":true,"excerpt":false},"tr":{"title":true,"content":true,"excerpt":false},"it":{"title":true,"content":true,"excerpt":false},"pt":{"title":true,"content":true,"excerpt":false}}},"yoast_head":"<!-- This site is optimized with the Yoast SEO plugin v19.7.1 - https:\/\/yoast.com\/wordpress\/plugins\/seo\/ -->\n<title>REUNI\u00d5ES TRANSNACIONAIS - GESPORT+<\/title>\n<meta name=\"robots\" content=\"index, follow, max-snippet:-1, max-image-preview:large, max-video-preview:-1\" \/>\n<link rel=\"canonical\" href=\"https:\/\/gesport.unizar.es\/transnational-meetings\/\" \/>\n<meta property=\"og:locale\" content=\"pt_PT\" \/>\n<meta property=\"og:type\" content=\"article\" \/>\n<meta property=\"og:title\" content=\"REUNI\u00d5ES TRANSNACIONAIS - GESPORT+\" \/>\n<meta property=\"og:url\" content=\"https:\/\/gesport.unizar.es\/transnational-meetings\/\" \/>\n<meta property=\"og:site_name\" content=\"GESPORT+\" \/>\n<meta property=\"article:modified_time\" content=\"2022-10-28T09:48:03+00:00\" \/>\n<meta name=\"twitter:card\" content=\"summary_large_image\" \/>\n<meta name=\"twitter:label1\" content=\"Est. reading time\" \/>\n\t<meta name=\"twitter:data1\" content=\"5 minutes\" \/>\n<script type=\"application\/ld+json\" class=\"yoast-schema-graph\">{\"@context\":\"https:\/\/schema.org\",\"@graph\":[{\"@type\":\"WebPage\",\"@id\":\"https:\/\/gesport.unizar.es\/transnational-meetings\/\",\"url\":\"https:\/\/gesport.unizar.es\/transnational-meetings\/\",\"name\":\"REUNI\u00d5ES TRANSNACIONAIS - GESPORT+\",\"isPartOf\":{\"@id\":\"https:\/\/gesport.unizar.es\/#website\"},\"datePublished\":\"2021-11-17T10:09:49+00:00\",\"dateModified\":\"2022-10-28T09:48:03+00:00\",\"breadcrumb\":{\"@id\":\"https:\/\/gesport.unizar.es\/transnational-meetings\/#breadcrumb\"},\"inLanguage\":\"pt-PT\",\"potentialAction\":[{\"@type\":\"ReadAction\",\"target\":[\"https:\/\/gesport.unizar.es\/transnational-meetings\/\"]}]},{\"@type\":\"BreadcrumbList\",\"@id\":\"https:\/\/gesport.unizar.es\/transnational-meetings\/#breadcrumb\",\"itemListElement\":[{\"@type\":\"ListItem\",\"position\":1,\"name\":\"Portada\",\"item\":\"https:\/\/gesport.unizar.es\/\"},{\"@type\":\"ListItem\",\"position\":2,\"name\":\"REUNIONES TRANSACCIONALES\"}]},{\"@type\":\"WebSite\",\"@id\":\"https:\/\/gesport.unizar.es\/#website\",\"url\":\"https:\/\/gesport.unizar.es\/\",\"name\":\"GESPORT+\",\"description\":\"Corporate governance in sport organizations:  a gendered approach\",\"publisher\":{\"@id\":\"https:\/\/gesport.unizar.es\/#organization\"},\"potentialAction\":[{\"@type\":\"SearchAction\",\"target\":{\"@type\":\"EntryPoint\",\"urlTemplate\":\"https:\/\/gesport.unizar.es\/?s={search_term_string}\"},\"query-input\":\"required name=search_term_string\"}],\"inLanguage\":\"pt-PT\"},{\"@type\":\"Organization\",\"@id\":\"https:\/\/gesport.unizar.es\/#organization\",\"name\":\"GESPORT Erasmus+\",\"url\":\"https:\/\/gesport.unizar.es\/\",\"sameAs\":[],\"logo\":{\"@type\":\"ImageObject\",\"inLanguage\":\"pt-PT\",\"@id\":\"https:\/\/gesport.unizar.es\/#\/schema\/logo\/image\/\",\"url\":\"http:\/\/gesport.unizar.es\/wp-content\/uploads\/2018\/12\/4.jpg\",\"contentUrl\":\"http:\/\/gesport.unizar.es\/wp-content\/uploads\/2018\/12\/4.jpg\",\"width\":400,\"height\":400,\"caption\":\"GESPORT Erasmus+\"},\"image\":{\"@id\":\"https:\/\/gesport.unizar.es\/#\/schema\/logo\/image\/\"}}]}<\/script>\n<!-- \/ Yoast SEO plugin. -->","yoast_head_json":{"title":"REUNI\u00d5ES TRANSNACIONAIS - GESPORT+","robots":{"index":"index","follow":"follow","max-snippet":"max-snippet:-1","max-image-preview":"max-image-preview:large","max-video-preview":"max-video-preview:-1"},"canonical":"https:\/\/gesport.unizar.es\/transnational-meetings\/","og_locale":"pt_PT","og_type":"article","og_title":"REUNI\u00d5ES TRANSNACIONAIS - GESPORT+","og_url":"https:\/\/gesport.unizar.es\/transnational-meetings\/","og_site_name":"GESPORT+","article_modified_time":"2022-10-28T09:48:03+00:00","twitter_card":"summary_large_image","twitter_misc":{"Est. reading time":"5 minutes"},"schema":{"@context":"https:\/\/schema.org","@graph":[{"@type":"WebPage","@id":"https:\/\/gesport.unizar.es\/transnational-meetings\/","url":"https:\/\/gesport.unizar.es\/transnational-meetings\/","name":"REUNI\u00d5ES TRANSNACIONAIS - GESPORT+","isPartOf":{"@id":"https:\/\/gesport.unizar.es\/#website"},"datePublished":"2021-11-17T10:09:49+00:00","dateModified":"2022-10-28T09:48:03+00:00","breadcrumb":{"@id":"https:\/\/gesport.unizar.es\/transnational-meetings\/#breadcrumb"},"inLanguage":"pt-PT","potentialAction":[{"@type":"ReadAction","target":["https:\/\/gesport.unizar.es\/transnational-meetings\/"]}]},{"@type":"BreadcrumbList","@id":"https:\/\/gesport.unizar.es\/transnational-meetings\/#breadcrumb","itemListElement":[{"@type":"ListItem","position":1,"name":"Portada","item":"https:\/\/gesport.unizar.es\/"},{"@type":"ListItem","position":2,"name":"REUNIONES TRANSACCIONALES"}]},{"@type":"WebSite","@id":"https:\/\/gesport.unizar.es\/#website","url":"https:\/\/gesport.unizar.es\/","name":"GESPORT+","description":"Corporate governance in sport organizations:  a gendered approach","publisher":{"@id":"https:\/\/gesport.unizar.es\/#organization"},"potentialAction":[{"@type":"SearchAction","target":{"@type":"EntryPoint","urlTemplate":"https:\/\/gesport.unizar.es\/?s={search_term_string}"},"query-input":"required name=search_term_string"}],"inLanguage":"pt-PT"},{"@type":"Organization","@id":"https:\/\/gesport.unizar.es\/#organization","name":"GESPORT Erasmus+","url":"https:\/\/gesport.unizar.es\/","sameAs":[],"logo":{"@type":"ImageObject","inLanguage":"pt-PT","@id":"https:\/\/gesport.unizar.es\/#\/schema\/logo\/image\/","url":"http:\/\/gesport.unizar.es\/wp-content\/uploads\/2018\/12\/4.jpg","contentUrl":"http:\/\/gesport.unizar.es\/wp-content\/uploads\/2018\/12\/4.jpg","width":400,"height":400,"caption":"GESPORT Erasmus+"},"image":{"@id":"https:\/\/gesport.unizar.es\/#\/schema\/logo\/image\/"}}]}},"_links":{"self":[{"href":"https:\/\/gesport.unizar.es\/pt\/wp-json\/wp\/v2\/pages\/6538"}],"collection":[{"href":"https:\/\/gesport.unizar.es\/pt\/wp-json\/wp\/v2\/pages"}],"about":[{"href":"https:\/\/gesport.unizar.es\/pt\/wp-json\/wp\/v2\/types\/page"}],"author":[{"embeddable":true,"href":"https:\/\/gesport.unizar.es\/pt\/wp-json\/wp\/v2\/users\/3"}],"replies":[{"embeddable":true,"href":"https:\/\/gesport.unizar.es\/pt\/wp-json\/wp\/v2\/comments?post=6538"}],"version-history":[{"count":16,"href":"https:\/\/gesport.unizar.es\/pt\/wp-json\/wp\/v2\/pages\/6538\/revisions"}],"predecessor-version":[{"id":10605,"href":"https:\/\/gesport.unizar.es\/pt\/wp-json\/wp\/v2\/pages\/6538\/revisions\/10605"}],"wp:attachment":[{"href":"https:\/\/gesport.unizar.es\/pt\/wp-json\/wp\/v2\/media?parent=6538"}],"curies":[{"name":"wp","href":"https:\/\/api.w.org\/{rel}","templated":true}]}}