{"id":6536,"date":"2021-11-17T10:09:15","date_gmt":"2021-11-17T10:09:15","guid":{"rendered":"https:\/\/gesport.unizar.es\/?page_id=6536"},"modified":"2025-04-09T15:28:51","modified_gmt":"2025-04-09T15:28:51","slug":"other-events","status":"publish","type":"page","link":"https:\/\/gesport.unizar.es\/pt\/other-events\/","title":{"rendered":"OUTROS EVENTOS"},"content":{"rendered":"\n<p>1) <a href=\"https:\/\/youtu.be\/dRlBWcbhsbQ\">V\u00cdDEO DE APRESENTA\u00c7\u00c3O_TERAMO<\/a>: <\/p>\n\n\n\n<figure class=\"wp-block-embed is-type-video is-provider-youtube wp-block-embed-youtube wp-embed-aspect-16-9 wp-has-aspect-ratio\"><div class=\"wp-block-embed__wrapper\">\n<div class=\"ast-oembed-container\" style=\"height: 100%;\"><iframe loading=\"lazy\" title=\"VIDEO PRESENTACI\u00d3N TERAMO\" width=\"500\" height=\"281\" src=\"https:\/\/www.youtube.com\/embed\/dRlBWcbhsbQ?feature=oembed\" frameborder=\"0\" allow=\"accelerometer; autoplay; clipboard-write; encrypted-media; gyroscope; picture-in-picture; web-share\" referrerpolicy=\"strict-origin-when-cross-origin\" allowfullscreen><\/iframe><\/div>\n<\/div><\/figure>\n\n\n\n<p>Este v\u00eddeo foi realizado durante a segunda reuni\u00e3o transnacional do projeto, na Universidade de Teramo, em julho de 2018. O v\u00eddeo foi realizado por Sergio Pipitone e Sergio De Angelis do Gabinete de Produ\u00e7\u00e3o de Imprensa, R\u00e1dio e Televis\u00e3o da Funda\u00e7\u00e3o da Universidade de Teramo. O v\u00eddeo resume os momentos da segunda reuni\u00e3o transnacional dedicados \u00e0 divulga\u00e7\u00e3o do projeto ao p\u00fablico. Em concreto, depois de uma vista a\u00e9rea panor\u00e2mica do campus da Universidade de Teramo, apresenta alguns momentos da confer\u00eancia de imprensa que a equipa do Projeto GESPORT realizou em conjunto com o Reitor da universidade, Prof. Luciano D\u2019Amico. Al\u00e9m disso, apresenta a visita da equipa do Projeto GESPORT ao est\u00fadio de grava\u00e7\u00e3o do Gabinete de Produ\u00e7\u00e3o de Imprensa, R\u00e1dio e Televis\u00e3o da Funda\u00e7\u00e3o da Universidade de Teramo, bem como a entrevista na r\u00e1dio que a equipa deu ao jornalista e locutor de r\u00e1dio Sergio Pipitone na Radiofrequenza, a r\u00e1dio da Universidade de Teramo.<\/p>\n\n\n\n<p>2) Apresenta\u00e7\u00e3o do resumo \u201c<a href=\"http:\/\/insight.cumbria.ac.uk\/id\/eprint\/5017\/1\/ICGR19-Booklet-Download.pdf\">Mulheres Presidentes nas Federa\u00e7\u00f5es Nacionais Desportivas em Contexto Europeu: Um Estudo Comparativo<\/a>\u201d na \u201cInternational Conference on Gender Research (ICGR 2019)\u201d, organizada pelo Ipazia, Observat\u00f3rio Cient\u00edfico sobre Quest\u00f5es de G\u00e9nero, na Universit\u00e0 Roma Tre, Roma, a 11 e 12 de abril de 2019. O resumo foi publicado na p\u00e1gina 105 do livro do congresso e foi apresentado por Em\u00edlia Fernandes.<\/p>\n\n\n\n<p>3) A equipa do Projeto GESPORT organizou a sess\u00e3o <strong>\u201c<\/strong><a href=\"https:\/\/gesport.unizar.es\/wp-content\/uploads\/2022\/02\/Mapping-gender-conformities-challenges-and-changes-in-sport-and-sport-management.pdf\">Mapping gender conformities, challenges and changes in sport and sport management: Policies, contexts, practices, actors, and interactions<\/a><strong>\u201d<\/strong>, na \u201c11<sup>th<\/sup> International Critical Management Conference &#8211; <a href=\"https:\/\/business-school.open.ac.uk\/events\/11th-international-critical-management-studies-conference\">PRECARIOUS PRESENTS, OPEN FUTURES<\/a>\u201d, The Open University, Walton Hall, Milton Keynes, Reino Unido, de 27 a 29 de junho de 2019, presidida por Charlotte Smith.<\/p>\n\n\n\n<p>4) A equipa do GESPORT participou nos comit\u00e9s organizador e cient\u00edfico da sexta edi\u00e7\u00e3o da \u201cLanguaging Diversity Annual Conference (LD6)\u201d, que teve lugar na Universidade de Sarago\u00e7a, Espanha, no Campus de Teruel, de 25 a 29 de setembro de 2019.<\/p>\n\n\n\n<p>5) A parceira do Reino Unido (Charlotte Smith) deu uma palestra sobre o projeto em Bournemouth, num evento organizado para o <a href=\"https:\/\/www.womeninfootball.co.uk\/news\/2019\/11\/06\/event\/\">Women in Sport Governance<\/a>, a 5 de dezembro de 2019.<\/p>\n\n\n\n<p>6) Apresenta\u00e7\u00e3o do resumo \u201cExploring the presence of women in the national governing bodies of sports federations in 5 European countries\u201dna \u201cIKSAD 2020: World Women Conference\u201d, em Ancara\/Turquia, a 7 e 8 de mar\u00e7o de 2020. Apresenta\u00e7\u00e3o de Luisa Esteban. O resumo encontra-se dispon\u00edvel na p\u00e1gina 5 do <a href=\"https:\/\/5350ee29-a3ce-4e91-865f-4343795377a4.filesusr.com\/ugd\/614b1f_5521a3c90e004bf1983221223e90a0e4.pdf\">livro<\/a>.<\/p>\n\n\n\n<p>7) O Projeto GESPORT foi selecionado pelo Conselho Superior do Desporto (CSD) de Espanha para participar no Primer Seminario Digital <strong>\u201c<\/strong>Presentaci\u00f3n e intercambios de proyectos Erasmus+ Deportes liderados por organizaciones espa\u00f1olas durante el periodo 2016-2019\u201d. Dos 702 desportos premiados entre 2016 e 2019 pela Uni\u00e3o Europeia em todos os pa\u00edses europeus, Espanha apenas recebeu financiamento para 7,25% de todos projetos selecionados (73 projetos). Destes 73 projetos, 12 foram escolhidos para participar neste evento, que visava partilhar boas pr\u00e1ticas nos projetos Erasmus+, em Espanha, detetar problemas e dificuldades na apresenta\u00e7\u00e3o e sele\u00e7\u00e3o de um projeto, e procurar solu\u00e7\u00f5es para aumentar a quota de projetos espanh\u00f3is. Cada pessoa respons\u00e1vel pela sua organiza\u00e7\u00e3o apresentou o seu projeto, destacando os aspetos mais importantes para o seu sucesso. Posteriormente, realizou-se uma mesa redonda, que discutiu os obst\u00e1culos no processamento e desenvolvimento dos projetos e as poss\u00edveis solu\u00e7\u00f5es para estes problemas. A confer\u00eancia faz parte da campanha Erasmus+ Infodays 2020. Foi coordenada pela Fundaci\u00f3n Deporte Joven e pelo CSD, tendo contado com a colabora\u00e7\u00e3o do Espa\u00f1a se Mueve. Entre as\/os participantes estavam o Respons\u00e1vel da \u00c1rea de Projetos do Conselho Superior do Desporto (CSD), o Diretor-geral da Ag\u00eancia Espanhola de Prote\u00e7\u00e3o da Sa\u00fade no Desporto (AEPSAD), a Diretora-geral da Fundaci\u00f3n Deporte Joven, o Respons\u00e1vel do Servi\u00e7o ao Atleta de Alto N\u00edvel \u2013 CSD, e um avaliador, consultor e coordenador de projetos Erasmus+. Apresenta\u00e7\u00e3o de Luisa Esteban<\/p>\n\n\n\n<p>8) A <a href=\"https:\/\/www.euskadi.eus\/gobierno-vasco\/escuela-vasca-del-deporte\/\">Escuela Vasca del Deporte<\/a> convidou a coordenadora do Projeto GESPORT para apresentar alguns resultados do projeto no webinar \u201cActividad f\u00edsica, deporte y perspectiva de g\u00e9nero\u201d, com o t\u00edtulo \u201cEl gobierno corporativo en las federaciones desde una perspectiva de g\u00e9nero\u201d, organizado por Jon Iriberri Berrostegieta (17 de dezembro de 2020). Apresenta\u00e7\u00e3o de Luisa Esteban. O v\u00eddeo est\u00e1 dispon\u00edvel no <a href=\"https:\/\/www.youtube.com\/watch?v=HTIQd-n8gjo\">YouTube<\/a>.<\/p>\n\n\n\n<figure class=\"wp-block-embed is-type-video is-provider-youtube wp-block-embed-youtube wp-embed-aspect-16-9 wp-has-aspect-ratio\"><div class=\"wp-block-embed__wrapper\">\n<div class=\"ast-oembed-container\" style=\"height: 100%;\"><iframe loading=\"lazy\" title=\"Kirol Eskola | El gobierno corporativo en las federaciones desde una perspectiva de ge\u0301nero\" width=\"500\" height=\"281\" src=\"https:\/\/www.youtube.com\/embed\/HTIQd-n8gjo?feature=oembed\" frameborder=\"0\" allow=\"accelerometer; autoplay; clipboard-write; encrypted-media; gyroscope; picture-in-picture; web-share\" referrerpolicy=\"strict-origin-when-cross-origin\" allowfullscreen><\/iframe><\/div>\n<\/div><\/figure>\n\n\n\n<p>9) Participa\u00e7\u00e3o no <a href=\"https:\/\/www.unite.it\/UniTE\/Archivio_News_3\/_Immagini_di_Donna_webinar_in_occasione_della_giornata_internazionale_della_Donna_Ospite_la_scultrice_Cordelia_von_den_Steinen\">dia da mulher<\/a> em Teramo (8 de mar\u00e7o de 2021). Apresentado por Tiziana Di Cimbrini.<\/p>\n\n\n\n<p>10) Apresenta\u00e7\u00e3o do poster \u201cWomen in sports boards of five european countries: an exploratory study\u201d<a href=\"https:\/\/conference.researchbib.com\/view\/event\/125014\">ICGR 2022: 5<sup>th<\/sup> International Conference on Gender Research<\/a>, em Aveiro, Portugal, a 28 e 29 de abril de 2022, por Em\u00edlia Fernandes.<\/p>\n\n\n\n<p>11) A Universidade de Rennes convidou a coordenadora do projeto a participar na \u201cSemaine Internationale Responsabilit\u00e9 Sociale et Environnementale\u201d, na qual participam os tr\u00eas percursos do Mestrado em L\u00ednguas Estrangeiras Aplicadas da Universidade Rennes 2: ALPI (Am\u00e9rica Latina e Pen\u00ednsula Ib\u00e9rica), CREEA (Com\u00e9rcio e Rela\u00e7\u00f5es Econ\u00f3micas Europa-\u00c1sia) e MMI (Gest\u00e3o e Marketing Internacional). De 24 a 28 de outubro de 2022, ser\u00e3o realizados workshops e confer\u00eancias por investigadoras\/es das institui\u00e7\u00f5es parceiras e representantes de organiza\u00e7\u00f5es p\u00fablicas e privadas. Ap\u00f3s as palestras e os workshops, as\/os estudantes do Mestrado 1 s\u00e3o convidadas\/os a trabalhar no \u00e2mbito de uma pedagogia do desafio para conceber e apresentar um poster de investiga\u00e7\u00e3o. Neste contexto, ser\u00e1 criado um poster com todos os resultados do projeto, que pode ser transferido em: <a href=\"https:\/\/sirse.sciencesconf.org\">https:\/\/sirse.sciencesconf.org<\/a>.<\/p>\n","protected":false},"excerpt":{"rendered":"<p>1) V\u00cdDEO DE APRESENTA\u00c7\u00c3O_TERAMO: Este v\u00eddeo foi realizado durante a segunda reuni\u00e3o transnacional do projeto, na Universidade de Teramo, em julho de 2018. O v\u00eddeo foi realizado por Sergio Pipitone e Sergio De Angelis do Gabinete de Produ\u00e7\u00e3o de Imprensa, R\u00e1dio e Televis\u00e3o da Funda\u00e7\u00e3o da Universidade de Teramo. O v\u00eddeo resume os momentos da &hellip;<\/p>\n<p class=\"read-more\"> <a class=\"\" href=\"https:\/\/gesport.unizar.es\/pt\/other-events\/\"> <span class=\"screen-reader-text\">OUTROS EVENTOS<\/span> Read More &raquo;<\/a><\/p>\n","protected":false},"author":3,"featured_media":0,"parent":0,"menu_order":0,"comment_status":"closed","ping_status":"closed","template":"","meta":{"site-sidebar-layout":"default","site-content-layout":"default","ast-global-header-display":"","ast-main-header-display":"","ast-hfb-above-header-display":"","ast-hfb-below-header-display":"","ast-hfb-mobile-header-display":"","site-post-title":"","ast-breadcrumbs-content":"","ast-featured-img":"","footer-sml-layout":"","theme-transparent-header-meta":"","adv-header-id-meta":"","stick-header-meta":"","header-above-stick-meta":"","header-main-stick-meta":"","header-below-stick-meta":""},"translation":{"provider":"WPGlobus","version":"2.10.4","language":"pt","enabled_languages":["gb","es","tr","it","pt"],"languages":{"gb":{"title":true,"content":true,"excerpt":false},"es":{"title":true,"content":true,"excerpt":false},"tr":{"title":true,"content":true,"excerpt":false},"it":{"title":true,"content":true,"excerpt":false},"pt":{"title":true,"content":true,"excerpt":false}}},"yoast_head":"<!-- This site is optimized with the Yoast SEO plugin v19.7.1 - https:\/\/yoast.com\/wordpress\/plugins\/seo\/ -->\n<title>OUTROS EVENTOS - GESPORT+<\/title>\n<meta name=\"robots\" content=\"index, follow, max-snippet:-1, max-image-preview:large, max-video-preview:-1\" \/>\n<link rel=\"canonical\" href=\"https:\/\/gesport.unizar.es\/other-events\/\" \/>\n<meta property=\"og:locale\" content=\"pt_PT\" \/>\n<meta property=\"og:type\" content=\"article\" \/>\n<meta property=\"og:title\" content=\"OUTROS EVENTOS - GESPORT+\" \/>\n<meta property=\"og:url\" content=\"https:\/\/gesport.unizar.es\/other-events\/\" \/>\n<meta property=\"og:site_name\" content=\"GESPORT+\" \/>\n<meta property=\"article:modified_time\" content=\"2025-04-09T15:28:51+00:00\" \/>\n<meta property=\"og:image\" content=\"https:\/\/gesport.unizar.es\/wp-content\/uploads\/2025\/04\/Cartel-10A-ES-1.jpg\" \/>\n<meta name=\"twitter:card\" content=\"summary_large_image\" \/>\n<meta name=\"twitter:label1\" content=\"Est. reading time\" \/>\n\t<meta name=\"twitter:data1\" content=\"5 minutes\" \/>\n<script type=\"application\/ld+json\" class=\"yoast-schema-graph\">{\"@context\":\"https:\/\/schema.org\",\"@graph\":[{\"@type\":\"WebPage\",\"@id\":\"https:\/\/gesport.unizar.es\/other-events\/\",\"url\":\"https:\/\/gesport.unizar.es\/other-events\/\",\"name\":\"OUTROS EVENTOS - GESPORT+\",\"isPartOf\":{\"@id\":\"https:\/\/gesport.unizar.es\/#website\"},\"datePublished\":\"2021-11-17T10:09:15+00:00\",\"dateModified\":\"2025-04-09T15:28:51+00:00\",\"breadcrumb\":{\"@id\":\"https:\/\/gesport.unizar.es\/other-events\/#breadcrumb\"},\"inLanguage\":\"pt-PT\",\"potentialAction\":[{\"@type\":\"ReadAction\",\"target\":[\"https:\/\/gesport.unizar.es\/other-events\/\"]}]},{\"@type\":\"BreadcrumbList\",\"@id\":\"https:\/\/gesport.unizar.es\/other-events\/#breadcrumb\",\"itemListElement\":[{\"@type\":\"ListItem\",\"position\":1,\"name\":\"Portada\",\"item\":\"https:\/\/gesport.unizar.es\/\"},{\"@type\":\"ListItem\",\"position\":2,\"name\":\"EVENTOS:\"}]},{\"@type\":\"WebSite\",\"@id\":\"https:\/\/gesport.unizar.es\/#website\",\"url\":\"https:\/\/gesport.unizar.es\/\",\"name\":\"GESPORT+\",\"description\":\"Corporate governance in sport organizations:  a gendered approach\",\"publisher\":{\"@id\":\"https:\/\/gesport.unizar.es\/#organization\"},\"potentialAction\":[{\"@type\":\"SearchAction\",\"target\":{\"@type\":\"EntryPoint\",\"urlTemplate\":\"https:\/\/gesport.unizar.es\/?s={search_term_string}\"},\"query-input\":\"required name=search_term_string\"}],\"inLanguage\":\"pt-PT\"},{\"@type\":\"Organization\",\"@id\":\"https:\/\/gesport.unizar.es\/#organization\",\"name\":\"GESPORT Erasmus+\",\"url\":\"https:\/\/gesport.unizar.es\/\",\"sameAs\":[],\"logo\":{\"@type\":\"ImageObject\",\"inLanguage\":\"pt-PT\",\"@id\":\"https:\/\/gesport.unizar.es\/#\/schema\/logo\/image\/\",\"url\":\"http:\/\/gesport.unizar.es\/wp-content\/uploads\/2018\/12\/4.jpg\",\"contentUrl\":\"http:\/\/gesport.unizar.es\/wp-content\/uploads\/2018\/12\/4.jpg\",\"width\":400,\"height\":400,\"caption\":\"GESPORT Erasmus+\"},\"image\":{\"@id\":\"https:\/\/gesport.unizar.es\/#\/schema\/logo\/image\/\"}}]}<\/script>\n<!-- \/ Yoast SEO plugin. -->","yoast_head_json":{"title":"OUTROS EVENTOS - GESPORT+","robots":{"index":"index","follow":"follow","max-snippet":"max-snippet:-1","max-image-preview":"max-image-preview:large","max-video-preview":"max-video-preview:-1"},"canonical":"https:\/\/gesport.unizar.es\/other-events\/","og_locale":"pt_PT","og_type":"article","og_title":"OUTROS EVENTOS - GESPORT+","og_url":"https:\/\/gesport.unizar.es\/other-events\/","og_site_name":"GESPORT+","article_modified_time":"2025-04-09T15:28:51+00:00","og_image":[{"url":"https:\/\/gesport.unizar.es\/wp-content\/uploads\/2025\/04\/Cartel-10A-ES-1.jpg"}],"twitter_card":"summary_large_image","twitter_misc":{"Est. reading time":"5 minutes"},"schema":{"@context":"https:\/\/schema.org","@graph":[{"@type":"WebPage","@id":"https:\/\/gesport.unizar.es\/other-events\/","url":"https:\/\/gesport.unizar.es\/other-events\/","name":"OUTROS EVENTOS - GESPORT+","isPartOf":{"@id":"https:\/\/gesport.unizar.es\/#website"},"datePublished":"2021-11-17T10:09:15+00:00","dateModified":"2025-04-09T15:28:51+00:00","breadcrumb":{"@id":"https:\/\/gesport.unizar.es\/other-events\/#breadcrumb"},"inLanguage":"pt-PT","potentialAction":[{"@type":"ReadAction","target":["https:\/\/gesport.unizar.es\/other-events\/"]}]},{"@type":"BreadcrumbList","@id":"https:\/\/gesport.unizar.es\/other-events\/#breadcrumb","itemListElement":[{"@type":"ListItem","position":1,"name":"Portada","item":"https:\/\/gesport.unizar.es\/"},{"@type":"ListItem","position":2,"name":"EVENTOS:"}]},{"@type":"WebSite","@id":"https:\/\/gesport.unizar.es\/#website","url":"https:\/\/gesport.unizar.es\/","name":"GESPORT+","description":"Corporate governance in sport organizations:  a gendered approach","publisher":{"@id":"https:\/\/gesport.unizar.es\/#organization"},"potentialAction":[{"@type":"SearchAction","target":{"@type":"EntryPoint","urlTemplate":"https:\/\/gesport.unizar.es\/?s={search_term_string}"},"query-input":"required name=search_term_string"}],"inLanguage":"pt-PT"},{"@type":"Organization","@id":"https:\/\/gesport.unizar.es\/#organization","name":"GESPORT Erasmus+","url":"https:\/\/gesport.unizar.es\/","sameAs":[],"logo":{"@type":"ImageObject","inLanguage":"pt-PT","@id":"https:\/\/gesport.unizar.es\/#\/schema\/logo\/image\/","url":"http:\/\/gesport.unizar.es\/wp-content\/uploads\/2018\/12\/4.jpg","contentUrl":"http:\/\/gesport.unizar.es\/wp-content\/uploads\/2018\/12\/4.jpg","width":400,"height":400,"caption":"GESPORT Erasmus+"},"image":{"@id":"https:\/\/gesport.unizar.es\/#\/schema\/logo\/image\/"}}]}},"_links":{"self":[{"href":"https:\/\/gesport.unizar.es\/pt\/wp-json\/wp\/v2\/pages\/6536"}],"collection":[{"href":"https:\/\/gesport.unizar.es\/pt\/wp-json\/wp\/v2\/pages"}],"about":[{"href":"https:\/\/gesport.unizar.es\/pt\/wp-json\/wp\/v2\/types\/page"}],"author":[{"embeddable":true,"href":"https:\/\/gesport.unizar.es\/pt\/wp-json\/wp\/v2\/users\/3"}],"replies":[{"embeddable":true,"href":"https:\/\/gesport.unizar.es\/pt\/wp-json\/wp\/v2\/comments?post=6536"}],"version-history":[{"count":204,"href":"https:\/\/gesport.unizar.es\/pt\/wp-json\/wp\/v2\/pages\/6536\/revisions"}],"predecessor-version":[{"id":10983,"href":"https:\/\/gesport.unizar.es\/pt\/wp-json\/wp\/v2\/pages\/6536\/revisions\/10983"}],"wp:attachment":[{"href":"https:\/\/gesport.unizar.es\/pt\/wp-json\/wp\/v2\/media?parent=6536"}],"curies":[{"name":"wp","href":"https:\/\/api.w.org\/{rel}","templated":true}]}}