{"id":6452,"date":"2021-10-25T11:11:34","date_gmt":"2021-10-25T11:11:34","guid":{"rendered":"https:\/\/gesport.unizar.es\/?page_id=6452"},"modified":"2023-06-12T17:07:26","modified_gmt":"2023-06-12T17:07:26","slug":"book-of-abstracts","status":"publish","type":"page","link":"https:\/\/gesport.unizar.es\/pt\/book-of-abstracts\/","title":{"rendered":"Livro: Confer\u00eancia Internacional ICMPEDS"},"content":{"rendered":"\n<figure class=\"wp-block-image\"><img loading=\"lazy\" width=\"3800\" height=\"2850\" src=\"https:\/\/gesport.unizar.es\/wp-content\/uploads\/2022\/09\/2Libros-4.jpg\" alt=\"\" class=\"wp-image-9572\"\/><figcaption>Books designer: Marta Burriel Le\u00f3n (2021 and 2022)<\/figcaption><\/figure>\n\n\n\n<p><em>Livro de resumos: Confer\u00eancia Internacional Perspetivas Multidisciplinares sobre Igualdade e Diversidade no Desporto (CIPMIDD)<\/em><\/p>\n\n\n\n<p>O <a href=\"https:\/\/zaguan.unizar.es\/record\/110748\">livro de resumos<\/a> (ISBN: 978-84-18321-32-0; DOI: <a href=\"http:\/\/dx.doi.org\/10.26754\/uz.978-84-18321-32-0\">10.26754\/uz.978-84-18321-32-0<\/a>) tem como prop\u00f3sito deixar a marca dos trabalhos criado no \u00e2mbito da Confer\u00eancia Internacional \u201c<a href=\"https:\/\/zaguan.unizar.es\/record\/110748\">Perspetivas Multidisciplinares sobre Igualdade e Diversidade no Desporto (CIPMIDD)<\/a>\u201d, organizada pelo grupo de investiga\u00e7\u00e3o do GESPORT com o apoio do programa Erasmus+ da Uni\u00e3o Europeia, realizada entre 14 e 16 de julho de 2021.<\/p>\n\n\n\n<figure class=\"wp-block-image\"><img loading=\"lazy\" width=\"1024\" height=\"683\" src=\"https:\/\/gesport.unizar.es\/wp-content\/uploads\/2022\/02\/LIBROIMAGEN_book_of_abstracts-1024x683.jpg\" alt=\"\" class=\"wp-image-7366\" srcset=\"https:\/\/gesport.unizar.es\/wp-content\/uploads\/2022\/02\/LIBROIMAGEN_book_of_abstracts-1024x683.jpg 1024w, https:\/\/gesport.unizar.es\/wp-content\/uploads\/2022\/02\/LIBROIMAGEN_book_of_abstracts-300x200.jpg 300w, https:\/\/gesport.unizar.es\/wp-content\/uploads\/2022\/02\/LIBROIMAGEN_book_of_abstracts-768x512.jpg 768w, https:\/\/gesport.unizar.es\/wp-content\/uploads\/2022\/02\/LIBROIMAGEN_book_of_abstracts-1536x1024.jpg 1536w, https:\/\/gesport.unizar.es\/wp-content\/uploads\/2022\/02\/LIBROIMAGEN_book_of_abstracts-2048x1365.jpg 2048w, https:\/\/gesport.unizar.es\/wp-content\/uploads\/2022\/02\/LIBROIMAGEN_book_of_abstracts-24x16.jpg 24w, https:\/\/gesport.unizar.es\/wp-content\/uploads\/2022\/02\/LIBROIMAGEN_book_of_abstracts-36x24.jpg 36w, https:\/\/gesport.unizar.es\/wp-content\/uploads\/2022\/02\/LIBROIMAGEN_book_of_abstracts-48x32.jpg 48w\" sizes=\"(max-width: 1024px) 100vw, 1024px\" \/><figcaption>Designer do livros:: Marta Burriel Le\u00f3n (2021; 2021)<\/figcaption><\/figure>\n\n\n\n<p>A publica\u00e7\u00e3o dos resumos tamb\u00e9m permite que as pessoas que n\u00e3o acompanham o trabalho da confer\u00eancia possam beneficiar do debate nela iniciado, e que abrange uma variedade de temas relacionados a quest\u00f5es de g\u00e9nero no desporto. Por este motivo, o livro tem como finalidade tornar-se uma ferramenta duradoura para a dissemina\u00e7\u00e3o dos resultados da confer\u00eancia e consciencializar a popula\u00e7\u00e3o sobre os temas abordados no Projeto GESPORT em geral. Consiste num produto intelectual destinado \u00e0 dissemina\u00e7\u00e3o pela popula\u00e7\u00e3o, no sentido mais amplo, deixando de estar limitado \u00e0 comunidade cient\u00edfica.<\/p>\n\n\n\n<p>O livro de resumos inclui todos os resumos aprovados e apresentados na Confer\u00eancia Internacional (CIPMIDD). A aprova\u00e7\u00e3o dos resumos foi sujeita a um processo de arbitragem, pelos membros do Comit\u00e9 Cient\u00edfico da confer\u00eancia, com o objetivo de excluir contribui\u00e7\u00f5es que n\u00e3o fossem relevantes para os objetivos do Projeto GESPORT e para os temas abordados na confer\u00eancia. O grupo de investiga\u00e7\u00e3o do GESPORT tamb\u00e9m ponderou manter a publica\u00e7\u00e3o dos resumos apenas na sua apresenta\u00e7\u00e3o durante a confer\u00eancia, para evitar comportamentos oportunistas e assegurar que cada contribui\u00e7\u00e3o publicada d\u00e1 efetivamente origem a um debate e \u00e0 troca de ideias e opini\u00f5es no decurso da confer\u00eancia. Depois de exclu\u00eddos os resumos aprovados, mas n\u00e3o enviados, restaram 124 resumos: 100 resumos acad\u00e9micos e 24 pessoais, profissionais e institucionais.<\/p>\n\n\n\n<p>O volume foi publicado em 2021 pelo Servicio de Publicaciones, da Universidade de Sarago\u00e7a, em forma de ebook e est\u00e1 dispon\u00edvel para transfer\u00eancia no website do Projeto GESPORT na seguinte liga\u00e7\u00e3o <a href=\"https:\/\/gesport.unizar.es\/it\/book-of-abstracts\/\">https:\/\/gesport.unizar.es\/it\/book-of-abstracts\/<\/a>. Al\u00e9m disso, \u00e9 poss\u00edvel transferir gratuitamente o livro de resumos a partir do website do projeto, do reposit\u00f3rio <a href=\"https:\/\/zaguan.unizar.es\/record\/110748\">ZAGUAN<\/a>, da Universidade de Sarago\u00e7a.<\/p>\n\n\n\n<div class=\"wp-container-1 wp-block-buttons\">\n<div class=\"wp-block-button\"><a class=\"wp-block-button__link\" href=\"https:\/\/zaguan.unizar.es\/record\/110748\">DOWNLOAD<\/a><\/div>\n<\/div>\n\n\n\n<p>There are two press news items related to the book of abstracts:<\/p>\n\n\n\n<p>\u201c<a href=\"https:\/\/gesport.unizar.es\/more-than-300-people-participate-in-the-forum-on-equality-in-sport-the-international-congress-receives-150-papers-from-various-countries\/\">More than 300 people participate in the forum on equality in sport: The international congress receives 150 papers from various countries<\/a>\u201d (Alicia Royo,&nbsp;<em>Diario de Teruel<\/em>, July 15, 2021).<\/p>\n\n\n\n<p>\u201c<a href=\"https:\/\/gesport.unizar.es\/the-congress-on-equality-in-the-sport-is-postponed\/\">The congress on equality in sport is postponed<\/a>\u201d (Isabel Mu\u00f1oz,&nbsp;<em>Diario de Teruel<\/em>, April 16, 20).<\/p>\n\n\n\n<p><em>Livro de artigos: Perspetivas multidisciplinares sobre igualdade e diversidade no desporto<\/em><\/p>\n\n\n\n<p>O livro de artigos \u201cMultidisciplinary Perspectives on Equality and Diversity in Sports\u201d [<em>Perspetivas multidisciplinares sobre igualdade e diversidade no desporto<\/em>] (ISBN: 978-84-18321-44-3, DOI: <a href=\"https:\/\/doi.org\/10.26754\/uz.978-84-18321-44-3\">10.26754\/uz.978-84-18321-44-3<\/a>) \u00e9 uma cole\u00e7\u00e3o dos melhores artigos apresentados na Confer\u00eancia Internacional, com o mesmo nome (CIPMIDD) (imagem 22), organizada pelo grupo de investiga\u00e7\u00e3o do GESPORT e com o apoio do programa Erasmus+ da Uni\u00e3o Europeia, realizada entre 14 e 16 de julho de 2021. O livro visa tornar-se um meio de dissemina\u00e7\u00e3o duradouro das contribui\u00e7\u00f5es cient\u00edficas que surgiram na Confer\u00eancia. Portanto, ao contr\u00e1rio do livro de resumos, cujo objetivo era consciencializar o p\u00fablico, tendo como alvo a mais ampla audi\u00eancia poss\u00edvel, o livro de artigos destina-se especificamente \u00e0 comunidade cient\u00edfica e tem a finalidade de disseminar resultados relevantes relacionados com os temas da confer\u00eancia. De todos os resumos acad\u00e9micos apresentados na confer\u00eancia, a equipa do Projeto GESPORT selecionou os que apresentavam maior rigor e relev\u00e2ncia para os temas do projeto. Isto levou a que menos de 10% dos resumos fossem identificados como eleg\u00edveis para publica\u00e7\u00e3o, uma vez desenvolvidos os artigos completos.<\/p>\n\n\n\n<figure class=\"wp-block-image\"><img loading=\"lazy\" width=\"3750\" height=\"2500\" src=\"https:\/\/gesport.unizar.es\/wp-content\/uploads\/2022\/09\/Abstracs_2-1.jpg\" alt=\"\" class=\"wp-image-9578\"\/><figcaption>Designer do livro: Marta Burriel Le\u00f3n (2022)<\/figcaption><\/figure>\n\n\n\n<p><\/p>\n\n\n\n<p><a href=\"https:\/\/zaguan.unizar.es\/record\/118606?ln=es\">DOWNLOAD<\/a><\/p>\n\n\n\n<p>H\u00e1 2 not\u00edcias da imprensa relacionadas com o livro de resumos:<\/p>\n\n\n\n<p>\u201c<a href=\"https:\/\/gesport.unizar.es\/more-than-300-people-participate-in-the-forum-on-equality-in-sport-the-international-congress-receives-150-papers-from-various-countries\/\">M\u00e1s de 300 personas participan en el foro sobre la igualdad en el deporte<\/a><a href=\"https:\/\/gesport.unizar.es\/more-than-300-people-participate-in-the-forum-on-equality-in-sport-the-international-congress-receives-150-papers-from-various-countries\/\">El congreso internacional coordinado desde Teruel recibe 150 trabajos de varios pa\u00edses<\/a>\u201d [<em>Mais de 300 participantes no f\u00f3rum sobre a igualdade de g\u00e9nero no desporto O congresso internacional coordenado em Teruel recebe 150 artigos de v\u00e1rios pa\u00edses<\/em>] (Alicia Royo, <em>Diario de Teruel<\/em>, 15 de julho de 2021).<\/p>\n\n\n\n<p>\u201c<a href=\"https:\/\/gesport.unizar.es\/the-congress-on-equality-in-the-sport-is-postponed\/\">The congress on equality in sport is postponed<\/a>\u201d [<em>O congresso sobre igualdade no desporto foi adiado<\/em>] (Isabel Mu\u00f1oz, <em>Diario de Teruel<\/em>, 16 de abril de 20).<\/p>\n","protected":false},"excerpt":{"rendered":"<p>Livro de resumos: Confer\u00eancia Internacional Perspetivas Multidisciplinares sobre Igualdade e Diversidade no Desporto (CIPMIDD) O livro de resumos (ISBN: 978-84-18321-32-0; DOI: 10.26754\/uz.978-84-18321-32-0) tem como prop\u00f3sito deixar a marca dos trabalhos criado no \u00e2mbito da Confer\u00eancia Internacional \u201cPerspetivas Multidisciplinares sobre Igualdade e Diversidade no Desporto (CIPMIDD)\u201d, organizada pelo grupo de investiga\u00e7\u00e3o do GESPORT com o apoio &hellip;<\/p>\n<p class=\"read-more\"> <a class=\"\" href=\"https:\/\/gesport.unizar.es\/pt\/book-of-abstracts\/\"> <span class=\"screen-reader-text\">Livro: Confer\u00eancia Internacional ICMPEDS<\/span> Read More &raquo;<\/a><\/p>\n","protected":false},"author":3,"featured_media":0,"parent":0,"menu_order":0,"comment_status":"closed","ping_status":"closed","template":"","meta":{"site-sidebar-layout":"default","site-content-layout":"default","ast-global-header-display":"","ast-main-header-display":"","ast-hfb-above-header-display":"","ast-hfb-below-header-display":"","ast-hfb-mobile-header-display":"","site-post-title":"","ast-breadcrumbs-content":"","ast-featured-img":"","footer-sml-layout":"","theme-transparent-header-meta":"default","adv-header-id-meta":"","stick-header-meta":"","header-above-stick-meta":"","header-main-stick-meta":"","header-below-stick-meta":""},"translation":{"provider":"WPGlobus","version":"2.10.4","language":"pt","enabled_languages":["gb","es","tr","it","pt"],"languages":{"gb":{"title":true,"content":true,"excerpt":false},"es":{"title":true,"content":true,"excerpt":false},"tr":{"title":true,"content":true,"excerpt":false},"it":{"title":true,"content":true,"excerpt":false},"pt":{"title":true,"content":true,"excerpt":false}}},"yoast_head":"<!-- This site is optimized with the Yoast SEO plugin v19.7.1 - https:\/\/yoast.com\/wordpress\/plugins\/seo\/ -->\n<title>Livro: Confer\u00eancia Internacional ICMPEDS - GESPORT+<\/title>\n<meta name=\"robots\" content=\"index, follow, max-snippet:-1, max-image-preview:large, max-video-preview:-1\" \/>\n<link rel=\"canonical\" href=\"https:\/\/gesport.unizar.es\/book-of-abstracts\/\" \/>\n<meta property=\"og:locale\" content=\"pt_PT\" \/>\n<meta property=\"og:type\" content=\"article\" \/>\n<meta property=\"og:title\" content=\"Livro: Confer\u00eancia Internacional ICMPEDS - GESPORT+\" \/>\n<meta property=\"og:url\" content=\"https:\/\/gesport.unizar.es\/book-of-abstracts\/\" \/>\n<meta property=\"og:site_name\" content=\"GESPORT+\" \/>\n<meta property=\"article:modified_time\" content=\"2023-06-12T17:07:26+00:00\" \/>\n<meta property=\"og:image\" content=\"https:\/\/gesport.unizar.es\/wp-content\/uploads\/2022\/09\/2Libros-4.jpg\" \/>\n<meta name=\"twitter:card\" content=\"summary_large_image\" \/>\n<meta name=\"twitter:label1\" content=\"Est. reading time\" \/>\n\t<meta name=\"twitter:data1\" content=\"4 minutes\" \/>\n<script type=\"application\/ld+json\" class=\"yoast-schema-graph\">{\"@context\":\"https:\/\/schema.org\",\"@graph\":[{\"@type\":\"WebPage\",\"@id\":\"https:\/\/gesport.unizar.es\/book-of-abstracts\/\",\"url\":\"https:\/\/gesport.unizar.es\/book-of-abstracts\/\",\"name\":\"Livro: Confer\u00eancia Internacional ICMPEDS - GESPORT+\",\"isPartOf\":{\"@id\":\"https:\/\/gesport.unizar.es\/#website\"},\"datePublished\":\"2021-10-25T11:11:34+00:00\",\"dateModified\":\"2023-06-12T17:07:26+00:00\",\"breadcrumb\":{\"@id\":\"https:\/\/gesport.unizar.es\/book-of-abstracts\/#breadcrumb\"},\"inLanguage\":\"pt-PT\",\"potentialAction\":[{\"@type\":\"ReadAction\",\"target\":[\"https:\/\/gesport.unizar.es\/book-of-abstracts\/\"]}]},{\"@type\":\"BreadcrumbList\",\"@id\":\"https:\/\/gesport.unizar.es\/book-of-abstracts\/#breadcrumb\",\"itemListElement\":[{\"@type\":\"ListItem\",\"position\":1,\"name\":\"Portada\",\"item\":\"https:\/\/gesport.unizar.es\/\"},{\"@type\":\"ListItem\",\"position\":2,\"name\":\"Libros: Conferencia Internacional ICMPEDS\ufffc\"}]},{\"@type\":\"WebSite\",\"@id\":\"https:\/\/gesport.unizar.es\/#website\",\"url\":\"https:\/\/gesport.unizar.es\/\",\"name\":\"GESPORT+\",\"description\":\"Corporate governance in sport organizations:  a gendered approach\",\"publisher\":{\"@id\":\"https:\/\/gesport.unizar.es\/#organization\"},\"potentialAction\":[{\"@type\":\"SearchAction\",\"target\":{\"@type\":\"EntryPoint\",\"urlTemplate\":\"https:\/\/gesport.unizar.es\/?s={search_term_string}\"},\"query-input\":\"required name=search_term_string\"}],\"inLanguage\":\"pt-PT\"},{\"@type\":\"Organization\",\"@id\":\"https:\/\/gesport.unizar.es\/#organization\",\"name\":\"GESPORT Erasmus+\",\"url\":\"https:\/\/gesport.unizar.es\/\",\"sameAs\":[],\"logo\":{\"@type\":\"ImageObject\",\"inLanguage\":\"pt-PT\",\"@id\":\"https:\/\/gesport.unizar.es\/#\/schema\/logo\/image\/\",\"url\":\"http:\/\/gesport.unizar.es\/wp-content\/uploads\/2018\/12\/4.jpg\",\"contentUrl\":\"http:\/\/gesport.unizar.es\/wp-content\/uploads\/2018\/12\/4.jpg\",\"width\":400,\"height\":400,\"caption\":\"GESPORT Erasmus+\"},\"image\":{\"@id\":\"https:\/\/gesport.unizar.es\/#\/schema\/logo\/image\/\"}}]}<\/script>\n<!-- \/ Yoast SEO plugin. -->","yoast_head_json":{"title":"Livro: Confer\u00eancia Internacional ICMPEDS - GESPORT+","robots":{"index":"index","follow":"follow","max-snippet":"max-snippet:-1","max-image-preview":"max-image-preview:large","max-video-preview":"max-video-preview:-1"},"canonical":"https:\/\/gesport.unizar.es\/book-of-abstracts\/","og_locale":"pt_PT","og_type":"article","og_title":"Livro: Confer\u00eancia Internacional ICMPEDS - GESPORT+","og_url":"https:\/\/gesport.unizar.es\/book-of-abstracts\/","og_site_name":"GESPORT+","article_modified_time":"2023-06-12T17:07:26+00:00","og_image":[{"url":"https:\/\/gesport.unizar.es\/wp-content\/uploads\/2022\/09\/2Libros-4.jpg"}],"twitter_card":"summary_large_image","twitter_misc":{"Est. reading time":"4 minutes"},"schema":{"@context":"https:\/\/schema.org","@graph":[{"@type":"WebPage","@id":"https:\/\/gesport.unizar.es\/book-of-abstracts\/","url":"https:\/\/gesport.unizar.es\/book-of-abstracts\/","name":"Livro: Confer\u00eancia Internacional ICMPEDS - GESPORT+","isPartOf":{"@id":"https:\/\/gesport.unizar.es\/#website"},"datePublished":"2021-10-25T11:11:34+00:00","dateModified":"2023-06-12T17:07:26+00:00","breadcrumb":{"@id":"https:\/\/gesport.unizar.es\/book-of-abstracts\/#breadcrumb"},"inLanguage":"pt-PT","potentialAction":[{"@type":"ReadAction","target":["https:\/\/gesport.unizar.es\/book-of-abstracts\/"]}]},{"@type":"BreadcrumbList","@id":"https:\/\/gesport.unizar.es\/book-of-abstracts\/#breadcrumb","itemListElement":[{"@type":"ListItem","position":1,"name":"Portada","item":"https:\/\/gesport.unizar.es\/"},{"@type":"ListItem","position":2,"name":"Libros: Conferencia Internacional ICMPEDS\ufffc"}]},{"@type":"WebSite","@id":"https:\/\/gesport.unizar.es\/#website","url":"https:\/\/gesport.unizar.es\/","name":"GESPORT+","description":"Corporate governance in sport organizations:  a gendered approach","publisher":{"@id":"https:\/\/gesport.unizar.es\/#organization"},"potentialAction":[{"@type":"SearchAction","target":{"@type":"EntryPoint","urlTemplate":"https:\/\/gesport.unizar.es\/?s={search_term_string}"},"query-input":"required name=search_term_string"}],"inLanguage":"pt-PT"},{"@type":"Organization","@id":"https:\/\/gesport.unizar.es\/#organization","name":"GESPORT Erasmus+","url":"https:\/\/gesport.unizar.es\/","sameAs":[],"logo":{"@type":"ImageObject","inLanguage":"pt-PT","@id":"https:\/\/gesport.unizar.es\/#\/schema\/logo\/image\/","url":"http:\/\/gesport.unizar.es\/wp-content\/uploads\/2018\/12\/4.jpg","contentUrl":"http:\/\/gesport.unizar.es\/wp-content\/uploads\/2018\/12\/4.jpg","width":400,"height":400,"caption":"GESPORT Erasmus+"},"image":{"@id":"https:\/\/gesport.unizar.es\/#\/schema\/logo\/image\/"}}]}},"_links":{"self":[{"href":"https:\/\/gesport.unizar.es\/pt\/wp-json\/wp\/v2\/pages\/6452"}],"collection":[{"href":"https:\/\/gesport.unizar.es\/pt\/wp-json\/wp\/v2\/pages"}],"about":[{"href":"https:\/\/gesport.unizar.es\/pt\/wp-json\/wp\/v2\/types\/page"}],"author":[{"embeddable":true,"href":"https:\/\/gesport.unizar.es\/pt\/wp-json\/wp\/v2\/users\/3"}],"replies":[{"embeddable":true,"href":"https:\/\/gesport.unizar.es\/pt\/wp-json\/wp\/v2\/comments?post=6452"}],"version-history":[{"count":91,"href":"https:\/\/gesport.unizar.es\/pt\/wp-json\/wp\/v2\/pages\/6452\/revisions"}],"predecessor-version":[{"id":10831,"href":"https:\/\/gesport.unizar.es\/pt\/wp-json\/wp\/v2\/pages\/6452\/revisions\/10831"}],"wp:attachment":[{"href":"https:\/\/gesport.unizar.es\/pt\/wp-json\/wp\/v2\/media?parent=6452"}],"curies":[{"name":"wp","href":"https:\/\/api.w.org\/{rel}","templated":true}]}}