{"id":6429,"date":"2021-10-25T11:00:50","date_gmt":"2021-10-25T11:00:50","guid":{"rendered":"https:\/\/gesport.unizar.es\/?page_id=6429"},"modified":"2022-10-07T12:44:31","modified_gmt":"2022-10-07T12:44:31","slug":"questionnaire","status":"publish","type":"page","link":"https:\/\/gesport.unizar.es\/pt\/questionnaire\/","title":{"rendered":"Question\u00e1rio: Igualdade de g\u00e9nero nas dire\u00e7\u00f5es das federa\u00e7\u00f5es nacionais desportivas da Europa (FNDs)"},"content":{"rendered":"\n<p>O question\u00e1rio foi elaborado para identificar as pol\u00edticas de g\u00e9nero adotadas pelas dire\u00e7\u00f5es de governa\u00e7\u00e3o desportivas e a natureza das rela\u00e7\u00f5es de g\u00e9nero dentro das FND. O question\u00e1rio tem um total de 41 perguntas, algumas delas inspiradas nas quatro dimens\u00f5es do g\u00e9nero, segundo o modelo de Connell: rela\u00e7\u00f5es de produ\u00e7\u00e3o, rela\u00e7\u00f5es de poder, rela\u00e7\u00f5es de emo\u00e7\u00e3o e dimens\u00e3o simb\u00f3lica (Connell, 2002). As dimens\u00f5es de Connell foram tamb\u00e9m tidas em conta noutros estudos, focados no g\u00e9nero e na governa\u00e7\u00e3o desportiva (Adriaanse &amp; Scholfield, 2013). O <a href=\"https:\/\/docs.google.com\/forms\/d\/e\/1FAIpQLScX5Nk936sG3e4aK860d_sns2IU-nZksOrXLu9IxT-oS1n4rg\/viewform\">question\u00e1rio<\/a> conta tamb\u00e9m com um conjunto de perguntas sobre as pol\u00edticas de g\u00e9nero adotadas pelas FND e uma pergunta final sobre os efeitos da pandemia de COVID-19 na discrimina\u00e7\u00e3o de g\u00e9nero. Usamos escalas Likert para obter uma medida das atitudes das\/dos participantes e opini\u00f5es sobre a igualdade e a inclus\u00e3o na governa\u00e7\u00e3o desportiva.<\/p>\n\n\n\n<p>O question\u00e1rio foi elaborado com a participa\u00e7\u00e3o de todos os membros do projeto. Com base na teoria de g\u00e9nero, as perguntas foram formuladas com o intuito de abordar v\u00e1rias dimens\u00f5es das rela\u00e7\u00f5es de g\u00e9nero nas FND e, em particular, reunir informa\u00e7\u00e3o sobre a composi\u00e7\u00e3o e caracter\u00edsticas, em mat\u00e9ria de g\u00e9nero, da dire\u00e7\u00e3o e rela\u00e7\u00f5es entre as mulheres e homens que as comp\u00f5em. Depois de um primeiro esbo\u00e7o, o question\u00e1rio foi discutido v\u00e1rias vezes e revisto pelos investigadores do projeto e, posteriormente, traduzido para os cinco idiomas. Por fim, foi realizado um teste pr\u00e9vio, em cada pa\u00eds e por cada participante, com inquiridos associados \u00e0 governa\u00e7\u00e3o desportiva, para testar a compreens\u00e3o e fiabilidade das perguntas. O question\u00e1rio foi distribu\u00eddo por e-mail \u00e0s FND recorrendo a informa\u00e7\u00f5es de contacto apresentadas nos seus websites e notifica\u00e7\u00f5es de acompanhamento a lembrar o envio das respostas ao question\u00e1rio. Uma das principais vantagens de usar este question\u00e1rio foi a possibilidade de recolha, por parte da equipa, de respostas de um n\u00famero relativamente elevado de pessoas, mesmo durante as restri\u00e7\u00f5es causadas pela pandemia.<\/p>\n\n\n\n<p>Atrav\u00e9s da elabora\u00e7\u00e3o do question\u00e1rio, a equipa do GESPORT conseguiu produzir uma ferramenta de medida para a investiga\u00e7\u00e3o, que pode ser usada por outros investigadores nos seus estudos. A liga\u00e7\u00e3o para aceder ao question\u00e1rio est\u00e1 em <a href=\"https:\/\/zenodo.org\/record\/6835162#.YtBic-xByi5\">Zenodo<\/a>:<\/p>\n\n\n\n<p><a href=\"https:\/\/docs.google.com\/forms\/d\/e\/1FAIpQLScX5Nk936sG3e4aK860d_sns2IU-nZksOrXLu9IxT-oS1n4rg\/viewform\">INGL\u00caS<\/a><\/p>\n\n\n\n<p><a href=\"https:\/\/docs.google.com\/forms\/d\/e\/1FAIpQLSeIVJllvksbPH0aE2PW1KPT6kHCt5c-WwIIXVt_t2PKy4yB4g\/viewform\">ITALIANO<\/a><\/p>\n\n\n\n<p><a href=\"https:\/\/docs.google.com\/forms\/d\/e\/1FAIpQLSfd0J-fqxIs00ByzeEdjmetI2tqvv25iL5jm1XKyDX7NbpZkA\/viewform\">PORTUGU\u00caS<\/a><\/p>\n\n\n\n<p><a href=\"https:\/\/docs.google.com\/forms\/d\/e\/1FAIpQLScuyMpdScjJNh-n7hL9weURKF14J05UU8GKFx2RKLTq_Ccszg\/viewform\">ESPANHOL<\/a><\/p>\n\n\n\n<p><a href=\"https:\/\/docs.google.com\/forms\/d\/10OT0GeGCG8EtX5PrmLNkHZFGDWE2kDDw-XXR6XBfFXU\/edit\">TURCO<\/a><\/p>\n\n\n\n<pre class=\"wp-block-preformatted\">\nQuestion\u00e1rio: Igualdade de g\u00e9nero nas dire\u00e7\u00f5es das federa\u00e7\u00f5es nacionais desportivas da Europa DOI: 10.5281\/zenodo.6835162\n<\/pre>\n","protected":false},"excerpt":{"rendered":"<p>O question\u00e1rio foi elaborado para identificar as pol\u00edticas de g\u00e9nero adotadas pelas dire\u00e7\u00f5es de governa\u00e7\u00e3o desportivas e a natureza das rela\u00e7\u00f5es de g\u00e9nero dentro das FND. O question\u00e1rio tem um total de 41 perguntas, algumas delas inspiradas nas quatro dimens\u00f5es do g\u00e9nero, segundo o modelo de Connell: rela\u00e7\u00f5es de produ\u00e7\u00e3o, rela\u00e7\u00f5es de poder, rela\u00e7\u00f5es de &hellip;<\/p>\n<p class=\"read-more\"> <a class=\"\" href=\"https:\/\/gesport.unizar.es\/pt\/questionnaire\/\"> <span class=\"screen-reader-text\">Question\u00e1rio: Igualdade de g\u00e9nero nas dire\u00e7\u00f5es das federa\u00e7\u00f5es nacionais desportivas da Europa (FNDs)<\/span> Read More &raquo;<\/a><\/p>\n","protected":false},"author":3,"featured_media":0,"parent":0,"menu_order":0,"comment_status":"closed","ping_status":"closed","template":"","meta":{"site-sidebar-layout":"default","site-content-layout":"default","ast-global-header-display":"","ast-main-header-display":"","ast-hfb-above-header-display":"","ast-hfb-below-header-display":"","ast-hfb-mobile-header-display":"","site-post-title":"","ast-breadcrumbs-content":"","ast-featured-img":"","footer-sml-layout":"","theme-transparent-header-meta":"default","adv-header-id-meta":"","stick-header-meta":"","header-above-stick-meta":"","header-main-stick-meta":"","header-below-stick-meta":""},"translation":{"provider":"WPGlobus","version":"2.10.4","language":"pt","enabled_languages":["gb","es","tr","it","pt"],"languages":{"gb":{"title":true,"content":true,"excerpt":false},"es":{"title":true,"content":true,"excerpt":false},"tr":{"title":true,"content":true,"excerpt":false},"it":{"title":true,"content":true,"excerpt":false},"pt":{"title":true,"content":true,"excerpt":false}}},"yoast_head":"<!-- This site is optimized with the Yoast SEO plugin v19.7.1 - https:\/\/yoast.com\/wordpress\/plugins\/seo\/ -->\n<title>Question\u00e1rio: Igualdade de g\u00e9nero nas dire\u00e7\u00f5es das federa\u00e7\u00f5es nacionais desportivas da Europa (FNDs) - GESPORT+<\/title>\n<meta name=\"robots\" content=\"index, follow, max-snippet:-1, max-image-preview:large, max-video-preview:-1\" \/>\n<link rel=\"canonical\" href=\"https:\/\/gesport.unizar.es\/questionnaire\/\" \/>\n<meta property=\"og:locale\" content=\"pt_PT\" \/>\n<meta property=\"og:type\" content=\"article\" \/>\n<meta property=\"og:title\" content=\"Question\u00e1rio: Igualdade de g\u00e9nero nas dire\u00e7\u00f5es das federa\u00e7\u00f5es nacionais desportivas da Europa (FNDs) - GESPORT+\" \/>\n<meta property=\"og:url\" content=\"https:\/\/gesport.unizar.es\/questionnaire\/\" \/>\n<meta property=\"og:site_name\" content=\"GESPORT+\" \/>\n<meta property=\"article:modified_time\" content=\"2022-10-07T12:44:31+00:00\" \/>\n<meta name=\"twitter:card\" content=\"summary_large_image\" \/>\n<meta name=\"twitter:label1\" content=\"Est. reading time\" \/>\n\t<meta name=\"twitter:data1\" content=\"2 minutes\" \/>\n<script type=\"application\/ld+json\" class=\"yoast-schema-graph\">{\"@context\":\"https:\/\/schema.org\",\"@graph\":[{\"@type\":\"WebPage\",\"@id\":\"https:\/\/gesport.unizar.es\/questionnaire\/\",\"url\":\"https:\/\/gesport.unizar.es\/questionnaire\/\",\"name\":\"Question\u00e1rio: Igualdade de g\u00e9nero nas dire\u00e7\u00f5es das federa\u00e7\u00f5es nacionais desportivas da Europa (FNDs) - GESPORT+\",\"isPartOf\":{\"@id\":\"https:\/\/gesport.unizar.es\/#website\"},\"datePublished\":\"2021-10-25T11:00:50+00:00\",\"dateModified\":\"2022-10-07T12:44:31+00:00\",\"breadcrumb\":{\"@id\":\"https:\/\/gesport.unizar.es\/questionnaire\/#breadcrumb\"},\"inLanguage\":\"pt-PT\",\"potentialAction\":[{\"@type\":\"ReadAction\",\"target\":[\"https:\/\/gesport.unizar.es\/questionnaire\/\"]}]},{\"@type\":\"BreadcrumbList\",\"@id\":\"https:\/\/gesport.unizar.es\/questionnaire\/#breadcrumb\",\"itemListElement\":[{\"@type\":\"ListItem\",\"position\":1,\"name\":\"Portada\",\"item\":\"https:\/\/gesport.unizar.es\/\"},{\"@type\":\"ListItem\",\"position\":2,\"name\":\"Cuestionario: Igualdad de g\u00e9nero en juntas directivas de las federaciones nacionales deportivas de Europa\"}]},{\"@type\":\"WebSite\",\"@id\":\"https:\/\/gesport.unizar.es\/#website\",\"url\":\"https:\/\/gesport.unizar.es\/\",\"name\":\"GESPORT+\",\"description\":\"Corporate governance in sport organizations:  a gendered approach\",\"publisher\":{\"@id\":\"https:\/\/gesport.unizar.es\/#organization\"},\"potentialAction\":[{\"@type\":\"SearchAction\",\"target\":{\"@type\":\"EntryPoint\",\"urlTemplate\":\"https:\/\/gesport.unizar.es\/?s={search_term_string}\"},\"query-input\":\"required name=search_term_string\"}],\"inLanguage\":\"pt-PT\"},{\"@type\":\"Organization\",\"@id\":\"https:\/\/gesport.unizar.es\/#organization\",\"name\":\"GESPORT Erasmus+\",\"url\":\"https:\/\/gesport.unizar.es\/\",\"sameAs\":[],\"logo\":{\"@type\":\"ImageObject\",\"inLanguage\":\"pt-PT\",\"@id\":\"https:\/\/gesport.unizar.es\/#\/schema\/logo\/image\/\",\"url\":\"http:\/\/gesport.unizar.es\/wp-content\/uploads\/2018\/12\/4.jpg\",\"contentUrl\":\"http:\/\/gesport.unizar.es\/wp-content\/uploads\/2018\/12\/4.jpg\",\"width\":400,\"height\":400,\"caption\":\"GESPORT Erasmus+\"},\"image\":{\"@id\":\"https:\/\/gesport.unizar.es\/#\/schema\/logo\/image\/\"}}]}<\/script>\n<!-- \/ Yoast SEO plugin. -->","yoast_head_json":{"title":"Question\u00e1rio: Igualdade de g\u00e9nero nas dire\u00e7\u00f5es das federa\u00e7\u00f5es nacionais desportivas da Europa (FNDs) - GESPORT+","robots":{"index":"index","follow":"follow","max-snippet":"max-snippet:-1","max-image-preview":"max-image-preview:large","max-video-preview":"max-video-preview:-1"},"canonical":"https:\/\/gesport.unizar.es\/questionnaire\/","og_locale":"pt_PT","og_type":"article","og_title":"Question\u00e1rio: Igualdade de g\u00e9nero nas dire\u00e7\u00f5es das federa\u00e7\u00f5es nacionais desportivas da Europa (FNDs) - GESPORT+","og_url":"https:\/\/gesport.unizar.es\/questionnaire\/","og_site_name":"GESPORT+","article_modified_time":"2022-10-07T12:44:31+00:00","twitter_card":"summary_large_image","twitter_misc":{"Est. reading time":"2 minutes"},"schema":{"@context":"https:\/\/schema.org","@graph":[{"@type":"WebPage","@id":"https:\/\/gesport.unizar.es\/questionnaire\/","url":"https:\/\/gesport.unizar.es\/questionnaire\/","name":"Question\u00e1rio: Igualdade de g\u00e9nero nas dire\u00e7\u00f5es das federa\u00e7\u00f5es nacionais desportivas da Europa (FNDs) - GESPORT+","isPartOf":{"@id":"https:\/\/gesport.unizar.es\/#website"},"datePublished":"2021-10-25T11:00:50+00:00","dateModified":"2022-10-07T12:44:31+00:00","breadcrumb":{"@id":"https:\/\/gesport.unizar.es\/questionnaire\/#breadcrumb"},"inLanguage":"pt-PT","potentialAction":[{"@type":"ReadAction","target":["https:\/\/gesport.unizar.es\/questionnaire\/"]}]},{"@type":"BreadcrumbList","@id":"https:\/\/gesport.unizar.es\/questionnaire\/#breadcrumb","itemListElement":[{"@type":"ListItem","position":1,"name":"Portada","item":"https:\/\/gesport.unizar.es\/"},{"@type":"ListItem","position":2,"name":"Cuestionario: Igualdad de g\u00e9nero en juntas directivas de las federaciones nacionales deportivas de Europa"}]},{"@type":"WebSite","@id":"https:\/\/gesport.unizar.es\/#website","url":"https:\/\/gesport.unizar.es\/","name":"GESPORT+","description":"Corporate governance in sport organizations:  a gendered approach","publisher":{"@id":"https:\/\/gesport.unizar.es\/#organization"},"potentialAction":[{"@type":"SearchAction","target":{"@type":"EntryPoint","urlTemplate":"https:\/\/gesport.unizar.es\/?s={search_term_string}"},"query-input":"required name=search_term_string"}],"inLanguage":"pt-PT"},{"@type":"Organization","@id":"https:\/\/gesport.unizar.es\/#organization","name":"GESPORT Erasmus+","url":"https:\/\/gesport.unizar.es\/","sameAs":[],"logo":{"@type":"ImageObject","inLanguage":"pt-PT","@id":"https:\/\/gesport.unizar.es\/#\/schema\/logo\/image\/","url":"http:\/\/gesport.unizar.es\/wp-content\/uploads\/2018\/12\/4.jpg","contentUrl":"http:\/\/gesport.unizar.es\/wp-content\/uploads\/2018\/12\/4.jpg","width":400,"height":400,"caption":"GESPORT Erasmus+"},"image":{"@id":"https:\/\/gesport.unizar.es\/#\/schema\/logo\/image\/"}}]}},"_links":{"self":[{"href":"https:\/\/gesport.unizar.es\/pt\/wp-json\/wp\/v2\/pages\/6429"}],"collection":[{"href":"https:\/\/gesport.unizar.es\/pt\/wp-json\/wp\/v2\/pages"}],"about":[{"href":"https:\/\/gesport.unizar.es\/pt\/wp-json\/wp\/v2\/types\/page"}],"author":[{"embeddable":true,"href":"https:\/\/gesport.unizar.es\/pt\/wp-json\/wp\/v2\/users\/3"}],"replies":[{"embeddable":true,"href":"https:\/\/gesport.unizar.es\/pt\/wp-json\/wp\/v2\/comments?post=6429"}],"version-history":[{"count":31,"href":"https:\/\/gesport.unizar.es\/pt\/wp-json\/wp\/v2\/pages\/6429\/revisions"}],"predecessor-version":[{"id":10119,"href":"https:\/\/gesport.unizar.es\/pt\/wp-json\/wp\/v2\/pages\/6429\/revisions\/10119"}],"wp:attachment":[{"href":"https:\/\/gesport.unizar.es\/pt\/wp-json\/wp\/v2\/media?parent=6429"}],"curies":[{"name":"wp","href":"https:\/\/api.w.org\/{rel}","templated":true}]}}