{"id":6425,"date":"2021-10-25T10:58:47","date_gmt":"2021-10-25T10:58:47","guid":{"rendered":"https:\/\/gesport.unizar.es\/?page_id=6425"},"modified":"2023-06-26T02:03:33","modified_gmt":"2023-06-26T02:03:33","slug":"database","status":"publish","type":"page","link":"https:\/\/gesport.unizar.es\/pt\/database\/","title":{"rendered":"Base de dados: Mulheres nas dire\u00e7\u00f5es desportivas das FNDs de cinco pa\u00edses: Espanha, It\u00e1lia, Portugal, Reino Unido, e Turquia"},"content":{"rendered":"\n<div class=\"wp-block-file\"><a id=\"wp-block-file--media-df0841a1-38be-4d1e-ae87-792653aa18c6\" href=\"https:\/\/gesport.unizar.es\/wp-content\/uploads\/2023\/06\/Database_GESPORT.xlsx\">Database_GESPORT<\/a><a href=\"https:\/\/gesport.unizar.es\/wp-content\/uploads\/2023\/06\/Database_GESPORT.xlsx\" class=\"wp-block-file__button\" download aria-describedby=\"wp-block-file--media-df0841a1-38be-4d1e-ae87-792653aa18c6\">Descarga<\/a><\/div>\n\n\n\n<p>Para aumentar a compreens\u00e3o dos pap\u00e9is das mulheres na governa\u00e7\u00e3o corporativa de organiza\u00e7\u00f5es desportivas, nos pa\u00edses parceiros do Projeto GESPORT, recolhemos dados sobre a participa\u00e7\u00e3o de mulheres nas dire\u00e7\u00f5es das FNDs no primeiro semestre de 2018 e no primeiro trimestre de 2022. A investiga\u00e7\u00e3o sobre as organiza\u00e7\u00f5es desportivas produzir\u00e1 conhecimento que pode ser usado para abordar os desafios econ\u00f3micos e sociais das FNDs. Assim, recolhemos dados dos websites oficiais das FNDs dos cinco pa\u00edses. A base de dados em quest\u00e3o inclui informa\u00e7\u00e3o recolhida nos websites das 297 FNDs em 2018, e das 299 FNDs em 2022.<\/p>\n\n\n\n<p>Durante a constru\u00e7\u00e3o da base de dados e a compara\u00e7\u00e3o dos dados, observ\u00e1mos que em todos os pa\u00edses existe informa\u00e7\u00e3o compar\u00e1vel em termos de vari\u00e1veis, correspondentes ao ano de cria\u00e7\u00e3o da federa\u00e7\u00e3o, \u00e0 composi\u00e7\u00e3o da dire\u00e7\u00e3o, ao n\u00famero total de membros, ao n\u00famero e percentagem de diretoras, ao g\u00e9nero da presid\u00eancia, e ao n\u00famero de posi\u00e7\u00f5es de vice-presid\u00eancia diferenciados por g\u00e9nero. Assim, estas observa\u00e7\u00f5es permitiram analisar as FNDs dos cinco pa\u00edses em investiga\u00e7\u00f5es posteriores. Devido \u00e0 homogeneidade da informa\u00e7\u00e3o,  eescrevemos dois artigos cient\u00edficos, em an\u00e1lise, em duas publica\u00e7\u00f5es cient\u00edficas. A<\/p>\n\n\n\n<h3 class=\"has-small-font-size\"><strong>Mulheres presidentes nas dire\u00e7\u00f5es das FNDs europeias: um estudo comparativo.<\/strong> DOI: 10.5281\/zenodo.6834672<\/h3>\n\n\n\n<h3 class=\"has-small-font-size\"><strong>Uma an\u00e1lise entre pa\u00edses dos impactos das metas de g\u00e9nero na diversidade das dire\u00e7\u00f5es das FNDs. DOI: 10.5281\/zenodo.6851273<\/strong><\/h3>\n","protected":false},"excerpt":{"rendered":"<p>Para aumentar a compreens\u00e3o dos pap\u00e9is das mulheres na governa\u00e7\u00e3o corporativa de organiza\u00e7\u00f5es desportivas, nos pa\u00edses parceiros do Projeto GESPORT, recolhemos dados sobre a participa\u00e7\u00e3o de mulheres nas dire\u00e7\u00f5es das FNDs no primeiro semestre de 2018 e no primeiro trimestre de 2022. A investiga\u00e7\u00e3o sobre as organiza\u00e7\u00f5es desportivas produzir\u00e1 conhecimento que pode ser usado para &hellip;<\/p>\n<p class=\"read-more\"> <a class=\"\" href=\"https:\/\/gesport.unizar.es\/pt\/database\/\"> <span class=\"screen-reader-text\">Base de dados: Mulheres nas dire\u00e7\u00f5es desportivas das FNDs de cinco pa\u00edses: Espanha, It\u00e1lia, Portugal, Reino Unido, e Turquia<\/span> Read More &raquo;<\/a><\/p>\n","protected":false},"author":3,"featured_media":0,"parent":0,"menu_order":0,"comment_status":"closed","ping_status":"closed","template":"","meta":{"site-sidebar-layout":"default","site-content-layout":"default","ast-global-header-display":"","ast-main-header-display":"","ast-hfb-above-header-display":"","ast-hfb-below-header-display":"","ast-hfb-mobile-header-display":"","site-post-title":"","ast-breadcrumbs-content":"","ast-featured-img":"","footer-sml-layout":"","theme-transparent-header-meta":"default","adv-header-id-meta":"","stick-header-meta":"","header-above-stick-meta":"","header-main-stick-meta":"","header-below-stick-meta":""},"translation":{"provider":"WPGlobus","version":"2.10.4","language":"pt","enabled_languages":["gb","es","tr","it","pt"],"languages":{"gb":{"title":true,"content":true,"excerpt":false},"es":{"title":true,"content":true,"excerpt":false},"tr":{"title":true,"content":true,"excerpt":false},"it":{"title":true,"content":true,"excerpt":false},"pt":{"title":true,"content":true,"excerpt":false}}},"yoast_head":"<!-- This site is optimized with the Yoast SEO plugin v19.7.1 - https:\/\/yoast.com\/wordpress\/plugins\/seo\/ -->\n<title>Base de dados: Mulheres nas dire\u00e7\u00f5es desportivas das FNDs de cinco pa\u00edses: Espanha, It\u00e1lia, Portugal, Reino Unido, e Turquia - GESPORT+<\/title>\n<meta name=\"robots\" content=\"index, follow, max-snippet:-1, max-image-preview:large, max-video-preview:-1\" \/>\n<link rel=\"canonical\" href=\"https:\/\/gesport.unizar.es\/database\/\" \/>\n<meta property=\"og:locale\" content=\"pt_PT\" \/>\n<meta property=\"og:type\" content=\"article\" \/>\n<meta property=\"og:title\" content=\"Base de dados: Mulheres nas dire\u00e7\u00f5es desportivas das FNDs de cinco pa\u00edses: Espanha, It\u00e1lia, Portugal, Reino Unido, e Turquia - GESPORT+\" \/>\n<meta property=\"og:url\" content=\"https:\/\/gesport.unizar.es\/database\/\" \/>\n<meta property=\"og:site_name\" content=\"GESPORT+\" \/>\n<meta property=\"article:modified_time\" content=\"2023-06-26T02:03:33+00:00\" \/>\n<meta name=\"twitter:card\" content=\"summary_large_image\" \/>\n<meta name=\"twitter:label1\" content=\"Est. reading time\" \/>\n\t<meta name=\"twitter:data1\" content=\"2 minutes\" \/>\n<script type=\"application\/ld+json\" class=\"yoast-schema-graph\">{\"@context\":\"https:\/\/schema.org\",\"@graph\":[{\"@type\":\"WebPage\",\"@id\":\"https:\/\/gesport.unizar.es\/database\/\",\"url\":\"https:\/\/gesport.unizar.es\/database\/\",\"name\":\"Base de dados: Mulheres nas dire\u00e7\u00f5es desportivas das FNDs de cinco pa\u00edses: Espanha, It\u00e1lia, Portugal, Reino Unido, e Turquia - GESPORT+\",\"isPartOf\":{\"@id\":\"https:\/\/gesport.unizar.es\/#website\"},\"datePublished\":\"2021-10-25T10:58:47+00:00\",\"dateModified\":\"2023-06-26T02:03:33+00:00\",\"breadcrumb\":{\"@id\":\"https:\/\/gesport.unizar.es\/database\/#breadcrumb\"},\"inLanguage\":\"pt-PT\",\"potentialAction\":[{\"@type\":\"ReadAction\",\"target\":[\"https:\/\/gesport.unizar.es\/database\/\"]}]},{\"@type\":\"BreadcrumbList\",\"@id\":\"https:\/\/gesport.unizar.es\/database\/#breadcrumb\",\"itemListElement\":[{\"@type\":\"ListItem\",\"position\":1,\"name\":\"Portada\",\"item\":\"https:\/\/gesport.unizar.es\/\"},{\"@type\":\"ListItem\",\"position\":2,\"name\":\"Base de datos: Las mujeres en las juntas directivas de las federaciones nacionales deportivas: Espa\u00f1a, Italia, Portugal, Reino Unido, y Turqu\u00eda\"}]},{\"@type\":\"WebSite\",\"@id\":\"https:\/\/gesport.unizar.es\/#website\",\"url\":\"https:\/\/gesport.unizar.es\/\",\"name\":\"GESPORT+\",\"description\":\"Corporate governance in sport organizations:  a gendered approach\",\"publisher\":{\"@id\":\"https:\/\/gesport.unizar.es\/#organization\"},\"potentialAction\":[{\"@type\":\"SearchAction\",\"target\":{\"@type\":\"EntryPoint\",\"urlTemplate\":\"https:\/\/gesport.unizar.es\/?s={search_term_string}\"},\"query-input\":\"required name=search_term_string\"}],\"inLanguage\":\"pt-PT\"},{\"@type\":\"Organization\",\"@id\":\"https:\/\/gesport.unizar.es\/#organization\",\"name\":\"GESPORT Erasmus+\",\"url\":\"https:\/\/gesport.unizar.es\/\",\"sameAs\":[],\"logo\":{\"@type\":\"ImageObject\",\"inLanguage\":\"pt-PT\",\"@id\":\"https:\/\/gesport.unizar.es\/#\/schema\/logo\/image\/\",\"url\":\"http:\/\/gesport.unizar.es\/wp-content\/uploads\/2018\/12\/4.jpg\",\"contentUrl\":\"http:\/\/gesport.unizar.es\/wp-content\/uploads\/2018\/12\/4.jpg\",\"width\":400,\"height\":400,\"caption\":\"GESPORT Erasmus+\"},\"image\":{\"@id\":\"https:\/\/gesport.unizar.es\/#\/schema\/logo\/image\/\"}}]}<\/script>\n<!-- \/ Yoast SEO plugin. -->","yoast_head_json":{"title":"Base de dados: Mulheres nas dire\u00e7\u00f5es desportivas das FNDs de cinco pa\u00edses: Espanha, It\u00e1lia, Portugal, Reino Unido, e Turquia - GESPORT+","robots":{"index":"index","follow":"follow","max-snippet":"max-snippet:-1","max-image-preview":"max-image-preview:large","max-video-preview":"max-video-preview:-1"},"canonical":"https:\/\/gesport.unizar.es\/database\/","og_locale":"pt_PT","og_type":"article","og_title":"Base de dados: Mulheres nas dire\u00e7\u00f5es desportivas das FNDs de cinco pa\u00edses: Espanha, It\u00e1lia, Portugal, Reino Unido, e Turquia - GESPORT+","og_url":"https:\/\/gesport.unizar.es\/database\/","og_site_name":"GESPORT+","article_modified_time":"2023-06-26T02:03:33+00:00","twitter_card":"summary_large_image","twitter_misc":{"Est. reading time":"2 minutes"},"schema":{"@context":"https:\/\/schema.org","@graph":[{"@type":"WebPage","@id":"https:\/\/gesport.unizar.es\/database\/","url":"https:\/\/gesport.unizar.es\/database\/","name":"Base de dados: Mulheres nas dire\u00e7\u00f5es desportivas das FNDs de cinco pa\u00edses: Espanha, It\u00e1lia, Portugal, Reino Unido, e Turquia - GESPORT+","isPartOf":{"@id":"https:\/\/gesport.unizar.es\/#website"},"datePublished":"2021-10-25T10:58:47+00:00","dateModified":"2023-06-26T02:03:33+00:00","breadcrumb":{"@id":"https:\/\/gesport.unizar.es\/database\/#breadcrumb"},"inLanguage":"pt-PT","potentialAction":[{"@type":"ReadAction","target":["https:\/\/gesport.unizar.es\/database\/"]}]},{"@type":"BreadcrumbList","@id":"https:\/\/gesport.unizar.es\/database\/#breadcrumb","itemListElement":[{"@type":"ListItem","position":1,"name":"Portada","item":"https:\/\/gesport.unizar.es\/"},{"@type":"ListItem","position":2,"name":"Base de datos: Las mujeres en las juntas directivas de las federaciones nacionales deportivas: Espa\u00f1a, Italia, Portugal, Reino Unido, y Turqu\u00eda"}]},{"@type":"WebSite","@id":"https:\/\/gesport.unizar.es\/#website","url":"https:\/\/gesport.unizar.es\/","name":"GESPORT+","description":"Corporate governance in sport organizations:  a gendered approach","publisher":{"@id":"https:\/\/gesport.unizar.es\/#organization"},"potentialAction":[{"@type":"SearchAction","target":{"@type":"EntryPoint","urlTemplate":"https:\/\/gesport.unizar.es\/?s={search_term_string}"},"query-input":"required name=search_term_string"}],"inLanguage":"pt-PT"},{"@type":"Organization","@id":"https:\/\/gesport.unizar.es\/#organization","name":"GESPORT Erasmus+","url":"https:\/\/gesport.unizar.es\/","sameAs":[],"logo":{"@type":"ImageObject","inLanguage":"pt-PT","@id":"https:\/\/gesport.unizar.es\/#\/schema\/logo\/image\/","url":"http:\/\/gesport.unizar.es\/wp-content\/uploads\/2018\/12\/4.jpg","contentUrl":"http:\/\/gesport.unizar.es\/wp-content\/uploads\/2018\/12\/4.jpg","width":400,"height":400,"caption":"GESPORT Erasmus+"},"image":{"@id":"https:\/\/gesport.unizar.es\/#\/schema\/logo\/image\/"}}]}},"_links":{"self":[{"href":"https:\/\/gesport.unizar.es\/pt\/wp-json\/wp\/v2\/pages\/6425"}],"collection":[{"href":"https:\/\/gesport.unizar.es\/pt\/wp-json\/wp\/v2\/pages"}],"about":[{"href":"https:\/\/gesport.unizar.es\/pt\/wp-json\/wp\/v2\/types\/page"}],"author":[{"embeddable":true,"href":"https:\/\/gesport.unizar.es\/pt\/wp-json\/wp\/v2\/users\/3"}],"replies":[{"embeddable":true,"href":"https:\/\/gesport.unizar.es\/pt\/wp-json\/wp\/v2\/comments?post=6425"}],"version-history":[{"count":82,"href":"https:\/\/gesport.unizar.es\/pt\/wp-json\/wp\/v2\/pages\/6425\/revisions"}],"predecessor-version":[{"id":10945,"href":"https:\/\/gesport.unizar.es\/pt\/wp-json\/wp\/v2\/pages\/6425\/revisions\/10945"}],"wp:attachment":[{"href":"https:\/\/gesport.unizar.es\/pt\/wp-json\/wp\/v2\/media?parent=6425"}],"curies":[{"name":"wp","href":"https:\/\/api.w.org\/{rel}","templated":true}]}}