{"id":6422,"date":"2021-10-25T10:55:08","date_gmt":"2021-10-25T10:55:08","guid":{"rendered":"https:\/\/gesport.unizar.es\/?page_id=6422"},"modified":"2023-06-12T13:20:56","modified_gmt":"2023-06-12T13:20:56","slug":"book-corporate-governance-in-sport-organizations-a-gender-perspective-1o-ed","status":"publish","type":"page","link":"https:\/\/gesport.unizar.es\/pt\/book-corporate-governance-in-sport-organizations-a-gender-perspective-1o-ed\/","title":{"rendered":"LIVRO:"},"content":{"rendered":"\n<h1>Governa\u00e7\u00e3o nas Organiza\u00e7\u00f5es Desportivas: uma perspetiva de G\u00e9nero<\/h1>\n\n\n\n<figure class=\"wp-block-image size-full\"><img loading=\"lazy\" width=\"800\" height=\"726\" src=\"https:\/\/gesport.unizar.es\/wp-content\/uploads\/2019\/11\/book.jpg\" alt=\"\" class=\"wp-image-3207\" srcset=\"https:\/\/gesport.unizar.es\/wp-content\/uploads\/2019\/11\/book.jpg 800w, https:\/\/gesport.unizar.es\/wp-content\/uploads\/2019\/11\/book-300x272.jpg 300w, https:\/\/gesport.unizar.es\/wp-content\/uploads\/2019\/11\/book-768x697.jpg 768w\" sizes=\"(max-width: 800px) 100vw, 800px\" \/><\/figure>\n\n\n\n<p>O livro pretende relatar a situa\u00e7\u00e3o da participa\u00e7\u00e3o feminina nos \u00f3rg\u00e3os diretivos das federa\u00e7\u00f5es desportivas nacionais em cada pa\u00eds do projeto (It\u00e1lia, Portugal, Espanha, Turquia e Reino Unido), e dar conta das condi\u00e7\u00f5es pol\u00edticas, normativas e culturais relacionadas com o g\u00e9nero e o desporto. Cada cap\u00edtulo \u00e9 dedicado a um dos cinco pa\u00edses e possui uma estrutura pr\u00f3pria para ajudar a enquadrar o tema dentro das peculiaridades do contexto nacional.<\/p>\n\n\n\n<p>O livro pode ser obtido atrav\u00e9s do reposit\u00f3rio <a href=\"https:\/\/zaguan.unizar.es\/record\/84009?ln=en\">ZAGUAN <\/a>da Universidade de Zaragoza:<\/p>\n\n\n\n<div class=\"wp-container-1 wp-block-buttons\">\n<div class=\"wp-block-button\"><a class=\"wp-block-button__link\" href=\"https:\/\/zaguan.unizar.es\/record\/84009?ln=en#\">DOWNLOAD<\/a><\/div>\n<\/div>\n\n\n\n<p>Not\u00edcias na imprensa relacionadas com o livro:<\/p>\n\n\n\n<p>\u201cReino Unido y Espa\u00f1a tienen m\u00e1s mujeres en la direcci\u00f3n de federaciones deportivas\u201d (<a href=\"https:\/\/gesport.unizar.es\/united-kingdom-and-spain-have-more-women-in-the-direction-of-sports-federations\/\">O Reino Unido e a Espanha t\u00eam mais mulheres na gest\u00e3o das federa\u00e7\u00f5es desportivas<\/a>) (Diario de Teruel, 13 de agosto de 2018).<\/p>\n\n\n\n<p>\u201cEl proyecto Gesport publica en marzo un libro sobre mujer e instituciones deportivas\u201d (<a href=\"https:\/\/gesport.unizar.es\/the-gesport-project-publishes-in-march-a-book-about-women-and-sports-institutions\/\">O projeto Gesport publica em mar\u00e7o um livro sobre mulheres e institui\u00e7\u00f5es desportivas<\/a>) (Diario de Teruel, 21 de fevereiro de 2019).<\/p>\n\n\n\n<p>\u201cLa participaci\u00f3n de las mujeres en \u00f3rganos rectores del \u00e1mbito deportivo es baja\u201d (<a href=\"https:\/\/gesport.unizar.es\/borrador-automatico\/\">A participa\u00e7\u00e3o das mulheres em \u00f3rg\u00e3os de governo no campo esportivo \u00e9 baixa<\/a>) (Diario de Teruel, 2 de novembro de 2019).<\/p>\n\n\n\n<figure class=\"wp-block-image size-full\"><img loading=\"lazy\" width=\"3504\" height=\"5035\" src=\"https:\/\/gesport.unizar.es\/wp-content\/uploads\/2022\/09\/color-explain-cmyk-01.jpg\" alt=\"\" class=\"wp-image-8862\"\/><\/figure>\n","protected":false},"excerpt":{"rendered":"<p>Governa\u00e7\u00e3o nas Organiza\u00e7\u00f5es Desportivas: uma perspetiva de G\u00e9nero O livro pretende relatar a situa\u00e7\u00e3o da participa\u00e7\u00e3o feminina nos \u00f3rg\u00e3os diretivos das federa\u00e7\u00f5es desportivas nacionais em cada pa\u00eds do projeto (It\u00e1lia, Portugal, Espanha, Turquia e Reino Unido), e dar conta das condi\u00e7\u00f5es pol\u00edticas, normativas e culturais relacionadas com o g\u00e9nero e o desporto. Cada cap\u00edtulo \u00e9 &hellip;<\/p>\n<p class=\"read-more\"> <a class=\"\" href=\"https:\/\/gesport.unizar.es\/pt\/book-corporate-governance-in-sport-organizations-a-gender-perspective-1o-ed\/\"> <span class=\"screen-reader-text\">LIVRO:<\/span> Read More &raquo;<\/a><\/p>\n","protected":false},"author":3,"featured_media":0,"parent":0,"menu_order":0,"comment_status":"closed","ping_status":"closed","template":"","meta":{"site-sidebar-layout":"default","site-content-layout":"default","ast-global-header-display":"","ast-main-header-display":"","ast-hfb-above-header-display":"","ast-hfb-below-header-display":"","ast-hfb-mobile-header-display":"","site-post-title":"","ast-breadcrumbs-content":"","ast-featured-img":"","footer-sml-layout":"","theme-transparent-header-meta":"default","adv-header-id-meta":"","stick-header-meta":"","header-above-stick-meta":"","header-main-stick-meta":"","header-below-stick-meta":""},"translation":{"provider":"WPGlobus","version":"2.10.4","language":"pt","enabled_languages":["gb","es","tr","it","pt"],"languages":{"gb":{"title":true,"content":true,"excerpt":false},"es":{"title":true,"content":true,"excerpt":false},"tr":{"title":true,"content":true,"excerpt":false},"it":{"title":true,"content":true,"excerpt":false},"pt":{"title":true,"content":true,"excerpt":false}}},"yoast_head":"<!-- This site is optimized with the Yoast SEO plugin v19.7.1 - https:\/\/yoast.com\/wordpress\/plugins\/seo\/ -->\n<title>LIVRO:  - GESPORT+<\/title>\n<meta name=\"robots\" content=\"index, follow, max-snippet:-1, max-image-preview:large, max-video-preview:-1\" \/>\n<link rel=\"canonical\" href=\"https:\/\/gesport.unizar.es\/book-corporate-governance-in-sport-organizations-a-gender-perspective-1o-ed\/\" \/>\n<meta property=\"og:locale\" content=\"pt_PT\" \/>\n<meta property=\"og:type\" content=\"article\" \/>\n<meta property=\"og:title\" content=\"LIVRO:  - GESPORT+\" \/>\n<meta property=\"og:url\" content=\"https:\/\/gesport.unizar.es\/book-corporate-governance-in-sport-organizations-a-gender-perspective-1o-ed\/\" \/>\n<meta property=\"og:site_name\" content=\"GESPORT+\" \/>\n<meta property=\"article:modified_time\" content=\"2023-06-12T13:20:56+00:00\" \/>\n<meta property=\"og:image\" content=\"https:\/\/gesport.unizar.es\/wp-content\/uploads\/2019\/11\/book.jpg\" \/>\n<meta name=\"twitter:card\" content=\"summary_large_image\" \/>\n<meta name=\"twitter:label1\" content=\"Est. reading time\" \/>\n\t<meta name=\"twitter:data1\" content=\"3 minutes\" \/>\n<script type=\"application\/ld+json\" class=\"yoast-schema-graph\">{\"@context\":\"https:\/\/schema.org\",\"@graph\":[{\"@type\":\"WebPage\",\"@id\":\"https:\/\/gesport.unizar.es\/book-corporate-governance-in-sport-organizations-a-gender-perspective-1o-ed\/\",\"url\":\"https:\/\/gesport.unizar.es\/book-corporate-governance-in-sport-organizations-a-gender-perspective-1o-ed\/\",\"name\":\"LIVRO: - GESPORT+\",\"isPartOf\":{\"@id\":\"https:\/\/gesport.unizar.es\/#website\"},\"datePublished\":\"2021-10-25T10:55:08+00:00\",\"dateModified\":\"2023-06-12T13:20:56+00:00\",\"breadcrumb\":{\"@id\":\"https:\/\/gesport.unizar.es\/book-corporate-governance-in-sport-organizations-a-gender-perspective-1o-ed\/#breadcrumb\"},\"inLanguage\":\"pt-PT\",\"potentialAction\":[{\"@type\":\"ReadAction\",\"target\":[\"https:\/\/gesport.unizar.es\/book-corporate-governance-in-sport-organizations-a-gender-perspective-1o-ed\/\"]}]},{\"@type\":\"BreadcrumbList\",\"@id\":\"https:\/\/gesport.unizar.es\/book-corporate-governance-in-sport-organizations-a-gender-perspective-1o-ed\/#breadcrumb\",\"itemListElement\":[{\"@type\":\"ListItem\",\"position\":1,\"name\":\"Portada\",\"item\":\"https:\/\/gesport.unizar.es\/\"},{\"@type\":\"ListItem\",\"position\":2,\"name\":\"e-book: El gobierno corporativo en las organizaciones deportivas: una perspectiva de g\u00e9nero\"}]},{\"@type\":\"WebSite\",\"@id\":\"https:\/\/gesport.unizar.es\/#website\",\"url\":\"https:\/\/gesport.unizar.es\/\",\"name\":\"GESPORT+\",\"description\":\"Corporate governance in sport organizations:  a gendered approach\",\"publisher\":{\"@id\":\"https:\/\/gesport.unizar.es\/#organization\"},\"potentialAction\":[{\"@type\":\"SearchAction\",\"target\":{\"@type\":\"EntryPoint\",\"urlTemplate\":\"https:\/\/gesport.unizar.es\/?s={search_term_string}\"},\"query-input\":\"required name=search_term_string\"}],\"inLanguage\":\"pt-PT\"},{\"@type\":\"Organization\",\"@id\":\"https:\/\/gesport.unizar.es\/#organization\",\"name\":\"GESPORT Erasmus+\",\"url\":\"https:\/\/gesport.unizar.es\/\",\"sameAs\":[],\"logo\":{\"@type\":\"ImageObject\",\"inLanguage\":\"pt-PT\",\"@id\":\"https:\/\/gesport.unizar.es\/#\/schema\/logo\/image\/\",\"url\":\"http:\/\/gesport.unizar.es\/wp-content\/uploads\/2018\/12\/4.jpg\",\"contentUrl\":\"http:\/\/gesport.unizar.es\/wp-content\/uploads\/2018\/12\/4.jpg\",\"width\":400,\"height\":400,\"caption\":\"GESPORT Erasmus+\"},\"image\":{\"@id\":\"https:\/\/gesport.unizar.es\/#\/schema\/logo\/image\/\"}}]}<\/script>\n<!-- \/ Yoast SEO plugin. -->","yoast_head_json":{"title":"LIVRO:  - GESPORT+","robots":{"index":"index","follow":"follow","max-snippet":"max-snippet:-1","max-image-preview":"max-image-preview:large","max-video-preview":"max-video-preview:-1"},"canonical":"https:\/\/gesport.unizar.es\/book-corporate-governance-in-sport-organizations-a-gender-perspective-1o-ed\/","og_locale":"pt_PT","og_type":"article","og_title":"LIVRO:  - GESPORT+","og_url":"https:\/\/gesport.unizar.es\/book-corporate-governance-in-sport-organizations-a-gender-perspective-1o-ed\/","og_site_name":"GESPORT+","article_modified_time":"2023-06-12T13:20:56+00:00","og_image":[{"url":"https:\/\/gesport.unizar.es\/wp-content\/uploads\/2019\/11\/book.jpg"}],"twitter_card":"summary_large_image","twitter_misc":{"Est. reading time":"3 minutes"},"schema":{"@context":"https:\/\/schema.org","@graph":[{"@type":"WebPage","@id":"https:\/\/gesport.unizar.es\/book-corporate-governance-in-sport-organizations-a-gender-perspective-1o-ed\/","url":"https:\/\/gesport.unizar.es\/book-corporate-governance-in-sport-organizations-a-gender-perspective-1o-ed\/","name":"LIVRO: - GESPORT+","isPartOf":{"@id":"https:\/\/gesport.unizar.es\/#website"},"datePublished":"2021-10-25T10:55:08+00:00","dateModified":"2023-06-12T13:20:56+00:00","breadcrumb":{"@id":"https:\/\/gesport.unizar.es\/book-corporate-governance-in-sport-organizations-a-gender-perspective-1o-ed\/#breadcrumb"},"inLanguage":"pt-PT","potentialAction":[{"@type":"ReadAction","target":["https:\/\/gesport.unizar.es\/book-corporate-governance-in-sport-organizations-a-gender-perspective-1o-ed\/"]}]},{"@type":"BreadcrumbList","@id":"https:\/\/gesport.unizar.es\/book-corporate-governance-in-sport-organizations-a-gender-perspective-1o-ed\/#breadcrumb","itemListElement":[{"@type":"ListItem","position":1,"name":"Portada","item":"https:\/\/gesport.unizar.es\/"},{"@type":"ListItem","position":2,"name":"e-book: El gobierno corporativo en las organizaciones deportivas: una perspectiva de g\u00e9nero"}]},{"@type":"WebSite","@id":"https:\/\/gesport.unizar.es\/#website","url":"https:\/\/gesport.unizar.es\/","name":"GESPORT+","description":"Corporate governance in sport organizations:  a gendered approach","publisher":{"@id":"https:\/\/gesport.unizar.es\/#organization"},"potentialAction":[{"@type":"SearchAction","target":{"@type":"EntryPoint","urlTemplate":"https:\/\/gesport.unizar.es\/?s={search_term_string}"},"query-input":"required name=search_term_string"}],"inLanguage":"pt-PT"},{"@type":"Organization","@id":"https:\/\/gesport.unizar.es\/#organization","name":"GESPORT Erasmus+","url":"https:\/\/gesport.unizar.es\/","sameAs":[],"logo":{"@type":"ImageObject","inLanguage":"pt-PT","@id":"https:\/\/gesport.unizar.es\/#\/schema\/logo\/image\/","url":"http:\/\/gesport.unizar.es\/wp-content\/uploads\/2018\/12\/4.jpg","contentUrl":"http:\/\/gesport.unizar.es\/wp-content\/uploads\/2018\/12\/4.jpg","width":400,"height":400,"caption":"GESPORT Erasmus+"},"image":{"@id":"https:\/\/gesport.unizar.es\/#\/schema\/logo\/image\/"}}]}},"_links":{"self":[{"href":"https:\/\/gesport.unizar.es\/pt\/wp-json\/wp\/v2\/pages\/6422"}],"collection":[{"href":"https:\/\/gesport.unizar.es\/pt\/wp-json\/wp\/v2\/pages"}],"about":[{"href":"https:\/\/gesport.unizar.es\/pt\/wp-json\/wp\/v2\/types\/page"}],"author":[{"embeddable":true,"href":"https:\/\/gesport.unizar.es\/pt\/wp-json\/wp\/v2\/users\/3"}],"replies":[{"embeddable":true,"href":"https:\/\/gesport.unizar.es\/pt\/wp-json\/wp\/v2\/comments?post=6422"}],"version-history":[{"count":54,"href":"https:\/\/gesport.unizar.es\/pt\/wp-json\/wp\/v2\/pages\/6422\/revisions"}],"predecessor-version":[{"id":10791,"href":"https:\/\/gesport.unizar.es\/pt\/wp-json\/wp\/v2\/pages\/6422\/revisions\/10791"}],"wp:attachment":[{"href":"https:\/\/gesport.unizar.es\/pt\/wp-json\/wp\/v2\/media?parent=6422"}],"curies":[{"name":"wp","href":"https:\/\/api.w.org\/{rel}","templated":true}]}}