{"id":6419,"date":"2021-10-25T10:53:02","date_gmt":"2021-10-25T10:53:02","guid":{"rendered":"https:\/\/gesport.unizar.es\/?page_id=6419"},"modified":"2023-05-30T09:46:43","modified_gmt":"2023-05-30T09:46:43","slug":"web-page","status":"publish","type":"page","link":"https:\/\/gesport.unizar.es\/pt\/web-page\/","title":{"rendered":"P\u00c1GINA DA WEB"},"content":{"rendered":"\n<p>O primeiro produto intelectual do Projeto GESPORT \u00e9 o website, dispon\u00edvel em <a href=\"https:\/\/gesport.unizar.es\/\">https:\/\/gesport.unizar.es\/<\/a>. Este website \u00e9 a principal fonte de informa\u00e7\u00e3o do projeto e est\u00e1 dispon\u00edvel em cinco idiomas (ingl\u00eas, italiano, portugu\u00eas, turco e espanhol), para que os seus resultados possam chegar a mais pessoas do que se fosse publicado apenas em um idioma, portanto, o website tem o intuito de dar a conhecer o conte\u00fado do projeto e aumentar a sua visibilidade, algo muito importante para a divulga\u00e7\u00e3o dos resultados do projeto. Al\u00e9m disso, com o intuito de consciencializar os mais jovens para a igualdade de g\u00e9nero nas organiza\u00e7\u00f5es de dire\u00e7\u00f5es desportivas, oferecemos bolsas a alunos de Mestrado em Belas Artes e Licenciatura em Ci\u00eancias Inform\u00e1ticas, para ajudar a criar o website do GESPORT. O website proporciona informa\u00e7\u00f5es completas sobre todos os aspetos do projeto, por exemplo, <a>objetivos, resultados, not\u00edcias, atividades e intervenientes-chave e participantes do projeto, que o tornaram poss\u00edvel, e \u00e9 composto por seis sec\u00e7\u00f5es principais, 23 subsec\u00e7\u00f5es e ainda uma sec\u00e7\u00e3o de agradecimentos.<\/a> A p\u00e1gina principal mostra os log\u00f3tipos oficiais do projeto, a bandeira da Uni\u00e3o Europeia e o t\u00edtulo do projeto.<\/p>\n\n\n\n<p>O website foi desenhado para uma apresenta\u00e7\u00e3o com todos os idiomas do projeto (ingl\u00eas, italiano, portugu\u00eas, turco e espanhol). <a>Como \u00e9 poss\u00edvel observar nas imagens 1 a 8, o website conta com as seguintes sec\u00e7\u00f5es principais: projeto, produtos intelectuais, eventos, not\u00edcias, entrevistas e agradecimentos. Este <\/a>apresenta tamb\u00e9m as liga\u00e7\u00f5es para as redes sociais do projeto, <a href=\"https:\/\/www.instagram.com\/projectgesport\/\">Instagram<\/a>, <a href=\"https:\/\/twitter.com\/ProjectGesport\">Twitter<\/a>, <a href=\"https:\/\/www.youtube.com\/playlist?list=PLhnGL5VosdkkGWWfCm1d4Lbh0qy3m5ZwR\">YouTube<\/a> e <a href=\"https:\/\/www.facebook.com\/Gesport-Project-101918404763643\">Facebook<\/a>. Al\u00e9m disso, cada sec\u00e7\u00e3o tem distintas subsec\u00e7\u00f5es.<\/p>\n\n\n\n<p>A parte central da p\u00e1gina principal tem a liga\u00e7\u00e3o para o Projeto GESPORT no website oficial do programa Erasmus + da Uni\u00e3o Europeia, os nomes dos coordenadores das universidades parceiras, os seus cargos e as liga\u00e7\u00f5es para os websites institucionais<\/p>\n\n\n\n<p>Not\u00edcias de imprensa relacionadas com a p\u00e1gina:<\/p>\n\n\n\n<p>\u201cUna p\u00e1gina web y un logo para dar la mayor difusi\u00f3n al trabajo\u201d <a href=\"https:\/\/gesport.unizar.es\/a-web-page-and-a-logo-to-give-the-greatest-diffusion-to-work\/\">(Uma p\u00e1gina da Web e um logotipo para divulgar o trabalho o mais amplamente poss\u00edvel<\/a>) (Diario de Teruel, 13 de agosto de 2018)<\/p>\n\n\n\n<p>\u201cLa UVT revisa todos os \u00e1mbitos del deporte desde una perspectiva de g\u00eanero\u201d (A Escola de Ver\u00e3o da Universidade de Teruel avalia todas as \u00e1reas do desporto a partir de uma perspetiva de g\u00e9nero) <\/p>\n\n\n\n<p>\u201cExhibici\u00f3n de los logos que entraron a concurso\u201d <a href=\"https:\/\/gesport.unizar.es\/the-uvt-reviews-all-areas-of-the-sport-from-a-gender-perspective\/\">(Exibi\u00e7\u00e3o dos logos que entraram no concurso<\/a>) (Diario de Teruel, 11 de setembro de 2020).<\/p>\n","protected":false},"excerpt":{"rendered":"<p>O primeiro produto intelectual do Projeto GESPORT \u00e9 o website, dispon\u00edvel em https:\/\/gesport.unizar.es\/. Este website \u00e9 a principal fonte de informa\u00e7\u00e3o do projeto e est\u00e1 dispon\u00edvel em cinco idiomas (ingl\u00eas, italiano, portugu\u00eas, turco e espanhol), para que os seus resultados possam chegar a mais pessoas do que se fosse publicado apenas em um idioma, portanto, &hellip;<\/p>\n<p class=\"read-more\"> <a class=\"\" href=\"https:\/\/gesport.unizar.es\/pt\/web-page\/\"> <span class=\"screen-reader-text\">P\u00c1GINA DA WEB<\/span> Read More &raquo;<\/a><\/p>\n","protected":false},"author":3,"featured_media":0,"parent":0,"menu_order":0,"comment_status":"closed","ping_status":"closed","template":"","meta":{"site-sidebar-layout":"default","site-content-layout":"default","ast-global-header-display":"","ast-main-header-display":"","ast-hfb-above-header-display":"","ast-hfb-below-header-display":"","ast-hfb-mobile-header-display":"","site-post-title":"","ast-breadcrumbs-content":"","ast-featured-img":"","footer-sml-layout":"","theme-transparent-header-meta":"default","adv-header-id-meta":"","stick-header-meta":"","header-above-stick-meta":"","header-main-stick-meta":"","header-below-stick-meta":""},"translation":{"provider":"WPGlobus","version":"2.10.4","language":"pt","enabled_languages":["gb","es","tr","it","pt"],"languages":{"gb":{"title":true,"content":true,"excerpt":false},"es":{"title":true,"content":true,"excerpt":false},"tr":{"title":true,"content":true,"excerpt":false},"it":{"title":true,"content":true,"excerpt":false},"pt":{"title":true,"content":true,"excerpt":false}}},"yoast_head":"<!-- This site is optimized with the Yoast SEO plugin v19.7.1 - https:\/\/yoast.com\/wordpress\/plugins\/seo\/ -->\n<title>P\u00c1GINA DA WEB - GESPORT+<\/title>\n<meta name=\"robots\" content=\"index, follow, max-snippet:-1, max-image-preview:large, max-video-preview:-1\" \/>\n<link rel=\"canonical\" href=\"https:\/\/gesport.unizar.es\/web-page\/\" \/>\n<meta property=\"og:locale\" content=\"pt_PT\" \/>\n<meta property=\"og:type\" content=\"article\" \/>\n<meta property=\"og:title\" content=\"P\u00c1GINA DA WEB - GESPORT+\" \/>\n<meta property=\"og:url\" content=\"https:\/\/gesport.unizar.es\/web-page\/\" \/>\n<meta property=\"og:site_name\" content=\"GESPORT+\" \/>\n<meta property=\"article:modified_time\" content=\"2023-05-30T09:46:43+00:00\" \/>\n<meta name=\"twitter:card\" content=\"summary_large_image\" \/>\n<meta name=\"twitter:label1\" content=\"Est. reading time\" \/>\n\t<meta name=\"twitter:data1\" content=\"3 minutes\" \/>\n<script type=\"application\/ld+json\" class=\"yoast-schema-graph\">{\"@context\":\"https:\/\/schema.org\",\"@graph\":[{\"@type\":\"WebPage\",\"@id\":\"https:\/\/gesport.unizar.es\/web-page\/\",\"url\":\"https:\/\/gesport.unizar.es\/web-page\/\",\"name\":\"P\u00c1GINA DA WEB - GESPORT+\",\"isPartOf\":{\"@id\":\"https:\/\/gesport.unizar.es\/#website\"},\"datePublished\":\"2021-10-25T10:53:02+00:00\",\"dateModified\":\"2023-05-30T09:46:43+00:00\",\"breadcrumb\":{\"@id\":\"https:\/\/gesport.unizar.es\/web-page\/#breadcrumb\"},\"inLanguage\":\"pt-PT\",\"potentialAction\":[{\"@type\":\"ReadAction\",\"target\":[\"https:\/\/gesport.unizar.es\/web-page\/\"]}]},{\"@type\":\"BreadcrumbList\",\"@id\":\"https:\/\/gesport.unizar.es\/web-page\/#breadcrumb\",\"itemListElement\":[{\"@type\":\"ListItem\",\"position\":1,\"name\":\"Portada\",\"item\":\"https:\/\/gesport.unizar.es\/\"},{\"@type\":\"ListItem\",\"position\":2,\"name\":\"P\u00c1GINA WEB\"}]},{\"@type\":\"WebSite\",\"@id\":\"https:\/\/gesport.unizar.es\/#website\",\"url\":\"https:\/\/gesport.unizar.es\/\",\"name\":\"GESPORT+\",\"description\":\"Corporate governance in sport organizations:  a gendered approach\",\"publisher\":{\"@id\":\"https:\/\/gesport.unizar.es\/#organization\"},\"potentialAction\":[{\"@type\":\"SearchAction\",\"target\":{\"@type\":\"EntryPoint\",\"urlTemplate\":\"https:\/\/gesport.unizar.es\/?s={search_term_string}\"},\"query-input\":\"required name=search_term_string\"}],\"inLanguage\":\"pt-PT\"},{\"@type\":\"Organization\",\"@id\":\"https:\/\/gesport.unizar.es\/#organization\",\"name\":\"GESPORT Erasmus+\",\"url\":\"https:\/\/gesport.unizar.es\/\",\"sameAs\":[],\"logo\":{\"@type\":\"ImageObject\",\"inLanguage\":\"pt-PT\",\"@id\":\"https:\/\/gesport.unizar.es\/#\/schema\/logo\/image\/\",\"url\":\"http:\/\/gesport.unizar.es\/wp-content\/uploads\/2018\/12\/4.jpg\",\"contentUrl\":\"http:\/\/gesport.unizar.es\/wp-content\/uploads\/2018\/12\/4.jpg\",\"width\":400,\"height\":400,\"caption\":\"GESPORT Erasmus+\"},\"image\":{\"@id\":\"https:\/\/gesport.unizar.es\/#\/schema\/logo\/image\/\"}}]}<\/script>\n<!-- \/ Yoast SEO plugin. -->","yoast_head_json":{"title":"P\u00c1GINA DA WEB - GESPORT+","robots":{"index":"index","follow":"follow","max-snippet":"max-snippet:-1","max-image-preview":"max-image-preview:large","max-video-preview":"max-video-preview:-1"},"canonical":"https:\/\/gesport.unizar.es\/web-page\/","og_locale":"pt_PT","og_type":"article","og_title":"P\u00c1GINA DA WEB - GESPORT+","og_url":"https:\/\/gesport.unizar.es\/web-page\/","og_site_name":"GESPORT+","article_modified_time":"2023-05-30T09:46:43+00:00","twitter_card":"summary_large_image","twitter_misc":{"Est. reading time":"3 minutes"},"schema":{"@context":"https:\/\/schema.org","@graph":[{"@type":"WebPage","@id":"https:\/\/gesport.unizar.es\/web-page\/","url":"https:\/\/gesport.unizar.es\/web-page\/","name":"P\u00c1GINA DA WEB - GESPORT+","isPartOf":{"@id":"https:\/\/gesport.unizar.es\/#website"},"datePublished":"2021-10-25T10:53:02+00:00","dateModified":"2023-05-30T09:46:43+00:00","breadcrumb":{"@id":"https:\/\/gesport.unizar.es\/web-page\/#breadcrumb"},"inLanguage":"pt-PT","potentialAction":[{"@type":"ReadAction","target":["https:\/\/gesport.unizar.es\/web-page\/"]}]},{"@type":"BreadcrumbList","@id":"https:\/\/gesport.unizar.es\/web-page\/#breadcrumb","itemListElement":[{"@type":"ListItem","position":1,"name":"Portada","item":"https:\/\/gesport.unizar.es\/"},{"@type":"ListItem","position":2,"name":"P\u00c1GINA WEB"}]},{"@type":"WebSite","@id":"https:\/\/gesport.unizar.es\/#website","url":"https:\/\/gesport.unizar.es\/","name":"GESPORT+","description":"Corporate governance in sport organizations:  a gendered approach","publisher":{"@id":"https:\/\/gesport.unizar.es\/#organization"},"potentialAction":[{"@type":"SearchAction","target":{"@type":"EntryPoint","urlTemplate":"https:\/\/gesport.unizar.es\/?s={search_term_string}"},"query-input":"required name=search_term_string"}],"inLanguage":"pt-PT"},{"@type":"Organization","@id":"https:\/\/gesport.unizar.es\/#organization","name":"GESPORT Erasmus+","url":"https:\/\/gesport.unizar.es\/","sameAs":[],"logo":{"@type":"ImageObject","inLanguage":"pt-PT","@id":"https:\/\/gesport.unizar.es\/#\/schema\/logo\/image\/","url":"http:\/\/gesport.unizar.es\/wp-content\/uploads\/2018\/12\/4.jpg","contentUrl":"http:\/\/gesport.unizar.es\/wp-content\/uploads\/2018\/12\/4.jpg","width":400,"height":400,"caption":"GESPORT Erasmus+"},"image":{"@id":"https:\/\/gesport.unizar.es\/#\/schema\/logo\/image\/"}}]}},"_links":{"self":[{"href":"https:\/\/gesport.unizar.es\/pt\/wp-json\/wp\/v2\/pages\/6419"}],"collection":[{"href":"https:\/\/gesport.unizar.es\/pt\/wp-json\/wp\/v2\/pages"}],"about":[{"href":"https:\/\/gesport.unizar.es\/pt\/wp-json\/wp\/v2\/types\/page"}],"author":[{"embeddable":true,"href":"https:\/\/gesport.unizar.es\/pt\/wp-json\/wp\/v2\/users\/3"}],"replies":[{"embeddable":true,"href":"https:\/\/gesport.unizar.es\/pt\/wp-json\/wp\/v2\/comments?post=6419"}],"version-history":[{"count":47,"href":"https:\/\/gesport.unizar.es\/pt\/wp-json\/wp\/v2\/pages\/6419\/revisions"}],"predecessor-version":[{"id":10748,"href":"https:\/\/gesport.unizar.es\/pt\/wp-json\/wp\/v2\/pages\/6419\/revisions\/10748"}],"wp:attachment":[{"href":"https:\/\/gesport.unizar.es\/pt\/wp-json\/wp\/v2\/media?parent=6419"}],"curies":[{"name":"wp","href":"https:\/\/api.w.org\/{rel}","templated":true}]}}