{"id":4538,"date":"2020-07-22T10:33:14","date_gmt":"2020-07-22T10:33:14","guid":{"rendered":"http:\/\/gesport.unizar.es\/?page_id=4538"},"modified":"2022-07-25T17:28:45","modified_gmt":"2022-07-25T17:28:45","slug":"ilknur-meric","status":"publish","type":"page","link":"https:\/\/gesport.unizar.es\/pt\/interviews-turkey\/ilknur-meric\/","title":{"rendered":"\u0130lknur MER\u0130\u00c7"},"content":{"rendered":"\n<h2 class=\"has-text-align-center\">Membro da dire\u00e7\u00e3o e secret\u00e1ria geral da Federa\u00e7\u00e3o Turca de Bridge<\/h2>\n\n\n\n<div class=\"wp-container-3 wp-block-columns\">\n<div class=\"wp-container-1 wp-block-column is-vertically-aligned-center\" style=\"flex-basis:33.33%\">\n<p><strong><strong>Qual \u00e9 o papel do desporto na sua vida?<\/strong><\/strong><\/p>\n<\/div>\n\n\n\n<div class=\"wp-container-2 wp-block-column\" style=\"flex-basis:66.66%\">\n<figure class=\"wp-block-embed is-type-video is-provider-youtube wp-block-embed-youtube wp-embed-aspect-16-9 wp-has-aspect-ratio\"><div class=\"wp-block-embed__wrapper\">\n<div class=\"ast-oembed-container\" style=\"height: 100%;\"><iframe loading=\"lazy\" title=\"\u0130lknur MER\u0130\u00c7 - Turkey Bridge Federation - 1\" width=\"500\" height=\"281\" src=\"https:\/\/www.youtube.com\/embed\/QGx7Jt9FrxM?feature=oembed\" frameborder=\"0\" allow=\"accelerometer; autoplay; clipboard-write; encrypted-media; gyroscope; picture-in-picture\" allowfullscreen><\/iframe><\/div>\n<\/div><\/figure>\n<\/div>\n<\/div>\n\n\n\n<div class=\"wp-container-6 wp-block-columns\">\n<div class=\"wp-container-4 wp-block-column is-vertically-aligned-center\" style=\"flex-basis:33.33%\">\n<p><strong><strong>Quando \u00e9 como se iniciou a sua experi\u00eancia com o desporto que representa?<\/strong><\/strong><\/p>\n<\/div>\n\n\n\n<div class=\"wp-container-5 wp-block-column\" style=\"flex-basis:66.66%\">\n<figure class=\"wp-block-embed is-type-video is-provider-youtube wp-block-embed-youtube wp-embed-aspect-16-9 wp-has-aspect-ratio\"><div class=\"wp-block-embed__wrapper\">\n<div class=\"ast-oembed-container\" style=\"height: 100%;\"><iframe loading=\"lazy\" title=\"\u0130lknur MER\u0130\u00c7 - Turkey Bridge Federation - 2\" width=\"500\" height=\"281\" src=\"https:\/\/www.youtube.com\/embed\/f7jyIyNGjDM?feature=oembed\" frameborder=\"0\" allow=\"accelerometer; autoplay; clipboard-write; encrypted-media; gyroscope; picture-in-picture\" allowfullscreen><\/iframe><\/div>\n<\/div><\/figure>\n<\/div>\n<\/div>\n\n\n\n<div class=\"wp-container-9 wp-block-columns\">\n<div class=\"wp-container-7 wp-block-column is-vertically-aligned-center\" style=\"flex-basis:33.33%\">\n<p><strong><strong>Qual \u00e9 a sua opini\u00e3o sobre a representa\u00e7\u00e3o atual das mulheres nas organiza\u00e7\u00f5es desportivas?<\/strong><\/strong><\/p>\n<\/div>\n\n\n\n<div class=\"wp-container-8 wp-block-column\" style=\"flex-basis:66.66%\">\n<figure class=\"wp-block-embed is-type-video is-provider-youtube wp-block-embed-youtube wp-embed-aspect-16-9 wp-has-aspect-ratio\"><div class=\"wp-block-embed__wrapper\">\n<div class=\"ast-oembed-container\" style=\"height: 100%;\"><iframe loading=\"lazy\" title=\"\u0130lknur MER\u0130\u00c7 - Turkey Bridge Federation - 3\" width=\"500\" height=\"281\" src=\"https:\/\/www.youtube.com\/embed\/VFIfqn2SUjM?feature=oembed\" frameborder=\"0\" allow=\"accelerometer; autoplay; clipboard-write; encrypted-media; gyroscope; picture-in-picture\" allowfullscreen><\/iframe><\/div>\n<\/div><\/figure>\n<\/div>\n<\/div>\n\n\n\n<div class=\"wp-container-12 wp-block-columns\">\n<div class=\"wp-container-10 wp-block-column is-vertically-aligned-center\" style=\"flex-basis:33.33%\">\n<p><strong><strong>Como membro da dire\u00e7\u00e3o participou na defini\u00e7\u00e3o e implementa\u00e7\u00e3o de alguma pol\u00edtica\/medida de apoio \u00e0 igualdade de g\u00e9nero no desporto? Em caso afirmativo, quais foram essas pol\u00edticas\/medidas e porque considerou que estas eram importantes? Em caso negativo, quais as raz\u00f5es para tal nunca ter ocorrido?<\/strong><\/strong><\/p>\n<\/div>\n\n\n\n<div class=\"wp-container-11 wp-block-column\" style=\"flex-basis:66.66%\">\n<figure class=\"wp-block-embed is-type-video is-provider-youtube wp-block-embed-youtube wp-embed-aspect-16-9 wp-has-aspect-ratio\"><div class=\"wp-block-embed__wrapper\">\n<div class=\"ast-oembed-container\" style=\"height: 100%;\"><iframe loading=\"lazy\" title=\"\u0130lknur MER\u0130\u00c7 - Turkey Bridge Federation - 4\" width=\"500\" height=\"281\" src=\"https:\/\/www.youtube.com\/embed\/qAaxB17sjZU?feature=oembed\" frameborder=\"0\" allow=\"accelerometer; autoplay; clipboard-write; encrypted-media; gyroscope; picture-in-picture\" allowfullscreen><\/iframe><\/div>\n<\/div><\/figure>\n<\/div>\n<\/div>\n\n\n\n<div class=\"wp-container-15 wp-block-columns\">\n<div class=\"wp-container-13 wp-block-column is-vertically-aligned-center\" style=\"flex-basis:33.33%\">\n<p><strong><strong>Quais s\u00e3o as suas responsabilidades na dire\u00e7\u00e3o e h\u00e1 quanto tempo ocupa a posi\u00e7\u00e3o de (Vice-)Presidente?<\/strong><\/strong><\/p>\n<\/div>\n\n\n\n<div class=\"wp-container-14 wp-block-column\" style=\"flex-basis:66.66%\">\n<figure class=\"wp-block-embed is-type-video is-provider-youtube wp-block-embed-youtube wp-embed-aspect-16-9 wp-has-aspect-ratio\"><div class=\"wp-block-embed__wrapper\">\n<div class=\"ast-oembed-container\" style=\"height: 100%;\"><iframe loading=\"lazy\" title=\"\u0130lknur MER\u0130\u00c7 - Turkey Bridge Federation - 5\" width=\"500\" height=\"281\" src=\"https:\/\/www.youtube.com\/embed\/MDyU642VdXk?feature=oembed\" frameborder=\"0\" allow=\"accelerometer; autoplay; clipboard-write; encrypted-media; gyroscope; picture-in-picture\" allowfullscreen><\/iframe><\/div>\n<\/div><\/figure>\n<\/div>\n<\/div>\n\n\n\n<div class=\"wp-container-18 wp-block-columns\">\n<div class=\"wp-container-16 wp-block-column is-vertically-aligned-center\" style=\"flex-basis:33.33%\">\n<p><strong><strong>Quais os principais desafios que enfrentou desde que ocupa o lugar de (Vice-)Presidente?<\/strong><\/strong><\/p>\n<\/div>\n\n\n\n<div class=\"wp-container-17 wp-block-column\" style=\"flex-basis:66.66%\">\n<figure class=\"wp-block-embed is-type-video is-provider-youtube wp-block-embed-youtube wp-embed-aspect-16-9 wp-has-aspect-ratio\"><div class=\"wp-block-embed__wrapper\">\n<div class=\"ast-oembed-container\" style=\"height: 100%;\"><iframe loading=\"lazy\" title=\"\u0130lknur MER\u0130\u00c7 - Turkey Bridge Federation - 6\" width=\"500\" height=\"281\" src=\"https:\/\/www.youtube.com\/embed\/vJ_ePn0R7f4?feature=oembed\" frameborder=\"0\" allow=\"accelerometer; autoplay; clipboard-write; encrypted-media; gyroscope; picture-in-picture\" allowfullscreen><\/iframe><\/div>\n<\/div><\/figure>\n<\/div>\n<\/div>\n\n\n\n<div class=\"wp-container-21 wp-block-columns\">\n<div class=\"wp-container-19 wp-block-column is-vertically-aligned-center\" style=\"flex-basis:33.33%\">\n<p><strong><strong>Qual a sua opini\u00e3o sobre a participa\u00e7\u00e3o das mulheres nas dire\u00e7\u00f5es desportivas?<\/strong><\/strong><\/p>\n<\/div>\n\n\n\n<div class=\"wp-container-20 wp-block-column\" style=\"flex-basis:66.66%\">\n<figure class=\"wp-block-embed is-type-video is-provider-youtube wp-block-embed-youtube wp-embed-aspect-16-9 wp-has-aspect-ratio\"><div class=\"wp-block-embed__wrapper\">\n<div class=\"ast-oembed-container\" style=\"height: 100%;\"><iframe loading=\"lazy\" title=\"\u0130lknur MER\u0130\u00c7 - Turkey Bridge Federation - 7\" width=\"500\" height=\"281\" src=\"https:\/\/www.youtube.com\/embed\/3KI6qT5yjQU?feature=oembed\" frameborder=\"0\" allow=\"accelerometer; autoplay; clipboard-write; encrypted-media; gyroscope; picture-in-picture\" allowfullscreen><\/iframe><\/div>\n<\/div><\/figure>\n<\/div>\n<\/div>\n\n\n\n<div class=\"wp-container-24 wp-block-columns\">\n<div class=\"wp-container-22 wp-block-column is-vertically-aligned-center\" style=\"flex-basis:33.33%\">\n<p><strong><strong>Na sua opini\u00e3o, que outras medidas poderiam ser adotadas para fomentar a igualdade de g\u00e9nero nas dire\u00e7\u00f5es desportivas?<\/strong><\/strong><\/p>\n<\/div>\n\n\n\n<div class=\"wp-container-23 wp-block-column\" style=\"flex-basis:66.66%\">\n<figure class=\"wp-block-embed is-type-video is-provider-youtube wp-block-embed-youtube wp-embed-aspect-16-9 wp-has-aspect-ratio\"><div class=\"wp-block-embed__wrapper\">\n<div class=\"ast-oembed-container\" style=\"height: 100%;\"><iframe loading=\"lazy\" title=\"\u0130lknur MER\u0130\u00c7 - Turkey Bridge Federation - 8\" width=\"500\" height=\"281\" src=\"https:\/\/www.youtube.com\/embed\/OC86wx4pCDI?feature=oembed\" frameborder=\"0\" allow=\"accelerometer; autoplay; clipboard-write; encrypted-media; gyroscope; picture-in-picture\" allowfullscreen><\/iframe><\/div>\n<\/div><\/figure>\n<\/div>\n<\/div>\n\n\n\n<div class=\"wp-container-27 wp-block-columns\">\n<div class=\"wp-container-25 wp-block-column is-vertically-aligned-center\" style=\"flex-basis:33.33%\">\n<p><strong><strong>Em que medida acha que ocupar o cargo de (Vice-)Presidente contribui para promover a igualdade de g\u00e9nero na sociedade? Se sim, como? Se n\u00e3o, porqu\u00ea?<\/strong><\/strong><\/p>\n<\/div>\n\n\n\n<div class=\"wp-container-26 wp-block-column\" style=\"flex-basis:66.66%\">\n<figure class=\"wp-block-embed is-type-video is-provider-youtube wp-block-embed-youtube wp-embed-aspect-16-9 wp-has-aspect-ratio\"><div class=\"wp-block-embed__wrapper\">\n<div class=\"ast-oembed-container\" style=\"height: 100%;\"><iframe loading=\"lazy\" title=\"\u0130lknur MER\u0130\u00c7 - Turkey Bridge Federation - 9\" width=\"500\" height=\"281\" src=\"https:\/\/www.youtube.com\/embed\/s22tzXZC6ig?feature=oembed\" frameborder=\"0\" allow=\"accelerometer; autoplay; clipboard-write; encrypted-media; gyroscope; picture-in-picture\" allowfullscreen><\/iframe><\/div>\n<\/div><\/figure>\n<\/div>\n<\/div>\n\n\n\n<div class=\"wp-container-30 wp-block-columns\">\n<div class=\"wp-container-28 wp-block-column is-vertically-aligned-center\" style=\"flex-basis:33.33%\">\n<p><strong><strong>Que conselhos daria a outras mulheres que pretendam ocupar posi\u00e7\u00f5es nos \u00f3rg\u00e3os de governo desportivos?<\/strong><\/strong><\/p>\n<\/div>\n\n\n\n<div class=\"wp-container-29 wp-block-column\" style=\"flex-basis:66.66%\">\n<figure class=\"wp-block-embed is-type-video is-provider-youtube wp-block-embed-youtube wp-embed-aspect-16-9 wp-has-aspect-ratio\"><div class=\"wp-block-embed__wrapper\">\n <div class=\"ast-oembed-container\" style=\"height: 100%;\"><iframe loading=\"lazy\" title=\"\u0130lknur MER\u0130\u00c7 - Turkey Bridge Federation - 10\" width=\"500\" height=\"281\" src=\"https:\/\/www.youtube.com\/embed\/b-edYcFqCh4?feature=oembed\" frameborder=\"0\" allow=\"accelerometer; autoplay; clipboard-write; encrypted-media; gyroscope; picture-in-picture\" allowfullscreen><\/iframe><\/div>\n<\/div><\/figure>\n<\/div>\n<\/div>\n\n\n\n<p><\/p>\n","protected":false},"excerpt":{"rendered":"<p>Membro da dire\u00e7\u00e3o e secret\u00e1ria geral da Federa\u00e7\u00e3o Turca de Bridge Qual \u00e9 o papel do desporto na sua vida? Quando \u00e9 como se iniciou a sua experi\u00eancia com o desporto que representa? Qual \u00e9 a sua opini\u00e3o sobre a representa\u00e7\u00e3o atual das mulheres nas organiza\u00e7\u00f5es desportivas? Como membro da dire\u00e7\u00e3o participou na defini\u00e7\u00e3o e &hellip;<\/p>\n<p class=\"read-more\"> <a class=\"\" href=\"https:\/\/gesport.unizar.es\/pt\/interviews-turkey\/ilknur-meric\/\"> <span class=\"screen-reader-text\">\u0130lknur MER\u0130\u00c7<\/span> Read More &raquo;<\/a><\/p>\n","protected":false},"author":3,"featured_media":0,"parent":4317,"menu_order":0,"comment_status":"closed","ping_status":"closed","template":"","meta":{"site-sidebar-layout":"default","site-content-layout":"default","ast-global-header-display":"","ast-main-header-display":"","ast-hfb-above-header-display":"","ast-hfb-below-header-display":"","ast-hfb-mobile-header-display":"","site-post-title":"","ast-breadcrumbs-content":"","ast-featured-img":"","footer-sml-layout":"","theme-transparent-header-meta":"","adv-header-id-meta":"","stick-header-meta":"","header-above-stick-meta":"","header-main-stick-meta":"","header-below-stick-meta":""},"translation":{"provider":"WPGlobus","version":"2.10.4","language":"pt","enabled_languages":["gb","es","tr","it","pt"],"languages":{"gb":{"title":true,"content":true,"excerpt":false},"es":{"title":true,"content":true,"excerpt":false},"tr":{"title":true,"content":true,"excerpt":false},"it":{"title":true,"content":true,"excerpt":false},"pt":{"title":true,"content":true,"excerpt":false}}},"yoast_head":"<!-- This site is optimized with the Yoast SEO plugin v19.7.1 - https:\/\/yoast.com\/wordpress\/plugins\/seo\/ -->\n<title>\u0130lknur MER\u0130\u00c7 - GESPORT+<\/title>\n<meta name=\"robots\" content=\"index, follow, max-snippet:-1, max-image-preview:large, max-video-preview:-1\" \/>\n<link rel=\"canonical\" href=\"https:\/\/gesport.unizar.es\/interviews-turkey\/ilknur-meric\/\" \/>\n<meta property=\"og:locale\" content=\"pt_PT\" \/>\n<meta property=\"og:type\" content=\"article\" \/>\n<meta property=\"og:title\" content=\"\u0130lknur MER\u0130\u00c7 - GESPORT+\" \/>\n<meta property=\"og:url\" content=\"https:\/\/gesport.unizar.es\/interviews-turkey\/ilknur-meric\/\" \/>\n<meta property=\"og:site_name\" content=\"GESPORT+\" \/>\n<meta property=\"article:modified_time\" content=\"2022-07-25T17:28:45+00:00\" \/>\n<meta name=\"twitter:card\" content=\"summary_large_image\" \/>\n<meta name=\"twitter:label1\" content=\"Est. reading time\" \/>\n\t<meta name=\"twitter:data1\" content=\"1 minute\" \/>\n<script type=\"application\/ld+json\" class=\"yoast-schema-graph\">{\"@context\":\"https:\/\/schema.org\",\"@graph\":[{\"@type\":\"WebPage\",\"@id\":\"https:\/\/gesport.unizar.es\/interviews-turkey\/ilknur-meric\/\",\"url\":\"https:\/\/gesport.unizar.es\/interviews-turkey\/ilknur-meric\/\",\"name\":\"\u0130lknur MER\u0130\u00c7 - GESPORT+\",\"isPartOf\":{\"@id\":\"https:\/\/gesport.unizar.es\/#website\"},\"datePublished\":\"2020-07-22T10:33:14+00:00\",\"dateModified\":\"2022-07-25T17:28:45+00:00\",\"breadcrumb\":{\"@id\":\"https:\/\/gesport.unizar.es\/interviews-turkey\/ilknur-meric\/#breadcrumb\"},\"inLanguage\":\"pt-PT\",\"potentialAction\":[{\"@type\":\"ReadAction\",\"target\":[\"https:\/\/gesport.unizar.es\/interviews-turkey\/ilknur-meric\/\"]}]},{\"@type\":\"BreadcrumbList\",\"@id\":\"https:\/\/gesport.unizar.es\/interviews-turkey\/ilknur-meric\/#breadcrumb\",\"itemListElement\":[{\"@type\":\"ListItem\",\"position\":1,\"name\":\"Portada\",\"item\":\"https:\/\/gesport.unizar.es\/\"},{\"@type\":\"ListItem\",\"position\":2,\"name\":\"Entrevistas Turqu\u00eda\",\"item\":\"https:\/\/gesport.unizar.es\/interviews-turkey\/\"},{\"@type\":\"ListItem\",\"position\":3,\"name\":\"\u0130lknur MER\u0130\u00c7\"}]},{\"@type\":\"WebSite\",\"@id\":\"https:\/\/gesport.unizar.es\/#website\",\"url\":\"https:\/\/gesport.unizar.es\/\",\"name\":\"GESPORT+\",\"description\":\"Corporate governance in sport organizations:  a gendered approach\",\"publisher\":{\"@id\":\"https:\/\/gesport.unizar.es\/#organization\"},\"potentialAction\":[{\"@type\":\"SearchAction\",\"target\":{\"@type\":\"EntryPoint\",\"urlTemplate\":\"https:\/\/gesport.unizar.es\/?s={search_term_string}\"},\"query-input\":\"required name=search_term_string\"}],\"inLanguage\":\"pt-PT\"},{\"@type\":\"Organization\",\"@id\":\"https:\/\/gesport.unizar.es\/#organization\",\"name\":\"GESPORT Erasmus+\",\"url\":\"https:\/\/gesport.unizar.es\/\",\"sameAs\":[],\"logo\":{\"@type\":\"ImageObject\",\"inLanguage\":\"pt-PT\",\"@id\":\"https:\/\/gesport.unizar.es\/#\/schema\/logo\/image\/\",\"url\":\"http:\/\/gesport.unizar.es\/wp-content\/uploads\/2018\/12\/4.jpg\",\"contentUrl\":\"http:\/\/gesport.unizar.es\/wp-content\/uploads\/2018\/12\/4.jpg\",\"width\":400,\"height\":400,\"caption\":\"GESPORT Erasmus+\"},\"image\":{\"@id\":\"https:\/\/gesport.unizar.es\/#\/schema\/logo\/image\/\"}}]}<\/script>\n<!-- \/ Yoast SEO plugin. -->","yoast_head_json":{"title":"\u0130lknur MER\u0130\u00c7 - GESPORT+","robots":{"index":"index","follow":"follow","max-snippet":"max-snippet:-1","max-image-preview":"max-image-preview:large","max-video-preview":"max-video-preview:-1"},"canonical":"https:\/\/gesport.unizar.es\/interviews-turkey\/ilknur-meric\/","og_locale":"pt_PT","og_type":"article","og_title":"\u0130lknur MER\u0130\u00c7 - GESPORT+","og_url":"https:\/\/gesport.unizar.es\/interviews-turkey\/ilknur-meric\/","og_site_name":"GESPORT+","article_modified_time":"2022-07-25T17:28:45+00:00","twitter_card":"summary_large_image","twitter_misc":{"Est. reading time":"1 minute"},"schema":{"@context":"https:\/\/schema.org","@graph":[{"@type":"WebPage","@id":"https:\/\/gesport.unizar.es\/interviews-turkey\/ilknur-meric\/","url":"https:\/\/gesport.unizar.es\/interviews-turkey\/ilknur-meric\/","name":"\u0130lknur MER\u0130\u00c7 - GESPORT+","isPartOf":{"@id":"https:\/\/gesport.unizar.es\/#website"},"datePublished":"2020-07-22T10:33:14+00:00","dateModified":"2022-07-25T17:28:45+00:00","breadcrumb":{"@id":"https:\/\/gesport.unizar.es\/interviews-turkey\/ilknur-meric\/#breadcrumb"},"inLanguage":"pt-PT","potentialAction":[{"@type":"ReadAction","target":["https:\/\/gesport.unizar.es\/interviews-turkey\/ilknur-meric\/"]}]},{"@type":"BreadcrumbList","@id":"https:\/\/gesport.unizar.es\/interviews-turkey\/ilknur-meric\/#breadcrumb","itemListElement":[{"@type":"ListItem","position":1,"name":"Portada","item":"https:\/\/gesport.unizar.es\/"},{"@type":"ListItem","position":2,"name":"Entrevistas Turqu\u00eda","item":"https:\/\/gesport.unizar.es\/interviews-turkey\/"},{"@type":"ListItem","position":3,"name":"\u0130lknur MER\u0130\u00c7"}]},{"@type":"WebSite","@id":"https:\/\/gesport.unizar.es\/#website","url":"https:\/\/gesport.unizar.es\/","name":"GESPORT+","description":"Corporate governance in sport organizations:  a gendered approach","publisher":{"@id":"https:\/\/gesport.unizar.es\/#organization"},"potentialAction":[{"@type":"SearchAction","target":{"@type":"EntryPoint","urlTemplate":"https:\/\/gesport.unizar.es\/?s={search_term_string}"},"query-input":"required name=search_term_string"}],"inLanguage":"pt-PT"},{"@type":"Organization","@id":"https:\/\/gesport.unizar.es\/#organization","name":"GESPORT Erasmus+","url":"https:\/\/gesport.unizar.es\/","sameAs":[],"logo":{"@type":"ImageObject","inLanguage":"pt-PT","@id":"https:\/\/gesport.unizar.es\/#\/schema\/logo\/image\/","url":"http:\/\/gesport.unizar.es\/wp-content\/uploads\/2018\/12\/4.jpg","contentUrl":"http:\/\/gesport.unizar.es\/wp-content\/uploads\/2018\/12\/4.jpg","width":400,"height":400,"caption":"GESPORT Erasmus+"},"image":{"@id":"https:\/\/gesport.unizar.es\/#\/schema\/logo\/image\/"}}]}},"_links":{"self":[{"href":"https:\/\/gesport.unizar.es\/pt\/wp-json\/wp\/v2\/pages\/4538"}],"collection":[{"href":"https:\/\/gesport.unizar.es\/pt\/wp-json\/wp\/v2\/pages"}],"about":[{"href":"https:\/\/gesport.unizar.es\/pt\/wp-json\/wp\/v2\/types\/page"}],"author":[{"embeddable":true,"href":"https:\/\/gesport.unizar.es\/pt\/wp-json\/wp\/v2\/users\/3"}],"replies":[{"embeddable":true,"href":"https:\/\/gesport.unizar.es\/pt\/wp-json\/wp\/v2\/comments?post=4538"}],"version-history":[{"count":21,"href":"https:\/\/gesport.unizar.es\/pt\/wp-json\/wp\/v2\/pages\/4538\/revisions"}],"predecessor-version":[{"id":8578,"href":"https:\/\/gesport.unizar.es\/pt\/wp-json\/wp\/v2\/pages\/4538\/revisions\/8578"}],"up":[{"embeddable":true,"href":"https:\/\/gesport.unizar.es\/pt\/wp-json\/wp\/v2\/pages\/4317"}],"wp:attachment":[{"href":"https:\/\/gesport.unizar.es\/pt\/wp-json\/wp\/v2\/media?parent=4538"}],"curies":[{"name":"wp","href":"https:\/\/api.w.org\/{rel}","templated":true}]}}