{"id":4317,"date":"2020-05-05T15:28:49","date_gmt":"2020-05-05T15:28:49","guid":{"rendered":"http:\/\/gesport.unizar.es\/?page_id=4317"},"modified":"2022-10-15T09:45:19","modified_gmt":"2022-10-15T09:45:19","slug":"interviews-turkey","status":"publish","type":"page","link":"https:\/\/gesport.unizar.es\/pt\/interviews-turkey\/","title":{"rendered":"Entrevistas Turquia"},"content":{"rendered":"\n<div class=\"inherit-container-width wp-container-1 wp-block-group\"><div class=\"wp-block-group__inner-container\">\n<div class=\"wp-block-media-text alignwide is-stacked-on-mobile\" style=\"grid-template-columns:62% auto\"><figure class=\"wp-block-media-text__media\"><img loading=\"lazy\" width=\"1024\" height=\"768\" src=\"https:\/\/gesport.unizar.es\/wp-content\/uploads\/2020\/04\/1_Rugby-1024x768.jpg\" alt=\"Filiz \u00c7\u0131kr\u0131k\u00e7\u0131\" class=\"wp-image-4226 size-full\" srcset=\"https:\/\/gesport.unizar.es\/wp-content\/uploads\/2020\/04\/1_Rugby-1024x768.jpg 1024w, https:\/\/gesport.unizar.es\/wp-content\/uploads\/2020\/04\/1_Rugby-300x225.jpg 300w, https:\/\/gesport.unizar.es\/wp-content\/uploads\/2020\/04\/1_Rugby-768x576.jpg 768w, https:\/\/gesport.unizar.es\/wp-content\/uploads\/2020\/04\/1_Rugby-1536x1152.jpg 1536w, https:\/\/gesport.unizar.es\/wp-content\/uploads\/2020\/04\/1_Rugby.jpg 1600w\" sizes=\"(max-width: 1024px) 100vw, 1024px\" \/><\/figure><div class=\"wp-block-media-text__content\">\n<p class=\"has-large-font-size\" style=\"line-height:1.2\"><strong><a href=\"https:\/\/gesport.unizar.es\/pt\/interviews-turkey\/filiz-cikrikci\/\">Filiz \u00c7\u0131kr\u0131k\u00e7\u0131, Vice-presidente da Federa\u00e7\u00e3o Turca de Rugby<\/a><\/strong><\/p>\n<\/div><\/div>\n<\/div><\/div>\n\n\n\n<div class=\"wp-block-media-text alignwide is-stacked-on-mobile\" style=\"grid-template-columns:62% auto\"><figure class=\"wp-block-media-text__media\"><img loading=\"lazy\" width=\"1024\" height=\"770\" src=\"https:\/\/gesport.unizar.es\/wp-content\/uploads\/2020\/04\/2_Orintacion1-1024x770.jpg\" alt=\"Hacer AKY\u00dcZ\" class=\"wp-image-4235 size-full\" srcset=\"https:\/\/gesport.unizar.es\/wp-content\/uploads\/2020\/04\/2_Orintacion1-1024x770.jpg 1024w, https:\/\/gesport.unizar.es\/wp-content\/uploads\/2020\/04\/2_Orintacion1-300x226.jpg 300w, https:\/\/gesport.unizar.es\/wp-content\/uploads\/2020\/04\/2_Orintacion1-768x577.jpg 768w, https:\/\/gesport.unizar.es\/wp-content\/uploads\/2020\/04\/2_Orintacion1.jpg 1285w\" sizes=\"(max-width: 1024px) 100vw, 1024px\" \/><\/figure><div class=\"wp-block-media-text__content\">\n<p class=\"has-large-font-size\" style=\"line-height:1.2\"><a href=\"https:\/\/gesport.unizar.es\/pt\/interviews-turkey\/hacer-akyuz\/\"><strong>Hacer AKY\u00dcZ<\/strong>, <strong><strong>Presidente da Federa\u00e7\u00e3o de Orienta\u00e7\u00e3o Turca<\/strong><\/strong><\/a><\/p>\n<\/div><\/div>\n\n\n\n<div class=\"wp-block-media-text alignwide is-stacked-on-mobile\" style=\"grid-template-columns:62% auto\"><figure class=\"wp-block-media-text__media\"><img loading=\"lazy\" width=\"1024\" height=\"768\" src=\"https:\/\/gesport.unizar.es\/wp-content\/uploads\/2020\/04\/3_PatinajeSobreHielo-1-1024x768.jpg\" alt=\"\u00dcmit U\u00c7AR\" class=\"wp-image-4245 size-full\" srcset=\"https:\/\/gesport.unizar.es\/wp-content\/uploads\/2020\/04\/3_PatinajeSobreHielo-1-1024x768.jpg 1024w, https:\/\/gesport.unizar.es\/wp-content\/uploads\/2020\/04\/3_PatinajeSobreHielo-1-300x225.jpg 300w, https:\/\/gesport.unizar.es\/wp-content\/uploads\/2020\/04\/3_PatinajeSobreHielo-1-768x576.jpg 768w, https:\/\/gesport.unizar.es\/wp-content\/uploads\/2020\/04\/3_PatinajeSobreHielo-1-1536x1152.jpg 1536w, https:\/\/gesport.unizar.es\/wp-content\/uploads\/2020\/04\/3_PatinajeSobreHielo-1.jpg 1600w\" sizes=\"(max-width: 1024px) 100vw, 1024px\" \/><\/figure><div class=\"wp-block-media-text__content\">\n<p class=\"has-large-font-size\" style=\"line-height:1.2\"><a href=\"https:\/\/gesport.unizar.es\/interviews-turkey\/umit-ucar\/\"><strong><a href=\"https:\/\/gesport.unizar.es\/pt\/interviews-turkey\/umit-ucar\/\"><strong>\u00dcmit U\u00c7AR<\/strong>, <strong><strong>Membro da Dire\u00e7\u00e3o da Federa\u00e7\u00e3o de Patinagem no Gelo Turca<\/strong><\/strong><\/a><\/strong><\/a><\/p>\n<\/div><\/div>\n\n\n\n<div class=\"wp-block-media-text alignwide has-media-on-the-right is-stacked-on-mobile\" style=\"grid-template-columns:auto 38%\"><figure class=\"wp-block-media-text__media\"><img loading=\"lazy\" width=\"499\" height=\"728\" src=\"https:\/\/gesport.unizar.es\/wp-content\/uploads\/2022\/10\/Captura-de-Pantalla-2022-10-13-a-las-20.31.12.png\" alt=\"\" class=\"wp-image-10252 size-full\"\/><\/figure><div class=\"wp-block-media-text__content\">\n<p class=\"has-large-font-size\" style=\"line-height:1.2\"><a href=\"https:\/\/gesport.unizar.es\/interviews-turkey\/gulkiz-tulay\/\"><strong>G\u00fclk\u0131z TULAY<\/strong>, <strong><strong>Presidente da federa\u00e7\u00e3o de xadrez da Turquia<\/strong><\/strong><\/a><\/p>\n<\/div><\/div>\n\n\n\n<div class=\"wp-block-media-text alignwide is-stacked-on-mobile\" style=\"grid-template-columns:62% auto\"><figure class=\"wp-block-media-text__media\"><img loading=\"lazy\" width=\"1024\" height=\"768\" src=\"https:\/\/gesport.unizar.es\/wp-content\/uploads\/2020\/07\/IRAF4329-1024x768.jpg\" alt=\"\" class=\"wp-image-4524 size-full\" srcset=\"https:\/\/gesport.unizar.es\/wp-content\/uploads\/2020\/07\/IRAF4329-1024x768.jpg 1024w, https:\/\/gesport.unizar.es\/wp-content\/uploads\/2020\/07\/IRAF4329-300x225.jpg 300w, https:\/\/gesport.unizar.es\/wp-content\/uploads\/2020\/07\/IRAF4329-768x576.jpg 768w, https:\/\/gesport.unizar.es\/wp-content\/uploads\/2020\/07\/IRAF4329-1536x1152.jpg 1536w, https:\/\/gesport.unizar.es\/wp-content\/uploads\/2020\/07\/IRAF4329-24x18.jpg 24w, https:\/\/gesport.unizar.es\/wp-content\/uploads\/2020\/07\/IRAF4329-36x27.jpg 36w, https:\/\/gesport.unizar.es\/wp-content\/uploads\/2020\/07\/IRAF4329-48x36.jpg 48w, https:\/\/gesport.unizar.es\/wp-content\/uploads\/2020\/07\/IRAF4329.jpg 1600w\" sizes=\"(max-width: 1024px) 100vw, 1024px\" \/><\/figure><div class=\"wp-block-media-text__content\">\n<p class=\"has-large-font-size\" style=\"line-height:1.2\"><a href=\"https:\/\/gesport.unizar.es\/pt\/interviews-turkey\/ilknur-meric\/\"><strong>\u0130lknur MER\u0130\u00c7<\/strong>,<strong> Membro da dire\u00e7\u00e3o e secret\u00e1ria geral da Federa\u00e7\u00e3o Turca de Bridge<\/strong><\/a><\/p>\n<\/div><\/div>\n\n\n\n<div class=\"wp-block-media-text alignwide has-media-on-the-right is-stacked-on-mobile\" style=\"grid-template-columns:auto 38%\"><figure class=\"wp-block-media-text__media\"><img loading=\"lazy\" width=\"234\" height=\"451\" src=\"https:\/\/gesport.unizar.es\/wp-content\/uploads\/2022\/10\/Captura-de-Pantalla-2022-10-13-a-las-20.34.39.png\" alt=\"\" class=\"wp-image-10253 size-full\"\/><\/figure><div class=\"wp-block-media-text__content\">\n<p class=\"has-large-font-size\" style=\"line-height:1.2\"><a href=\"https:\/\/gesport.unizar.es\/pt\/interviews-turkey\/afife-besik\/\"><strong>Afife BE\u015e\u0130K<\/strong>, <strong><strong>Vice-presidente da Federa\u00e7\u00e3o de Nata\u00e7\u00e3o Turca<\/strong><\/strong><\/a><\/p>\n<\/div><\/div>\n\n\n\n<div class=\"wp-block-media-text alignwide is-stacked-on-mobile\" style=\"grid-template-columns:62% auto\"><figure class=\"wp-block-media-text__media\"><img loading=\"lazy\" width=\"6000\" height=\"4000\" src=\"https:\/\/gesport.unizar.es\/wp-content\/uploads\/2022\/06\/IMG_5410.jpg\" alt=\"\" class=\"wp-image-8164 size-full\"\/><\/figure><div class=\"wp-block-media-text__content\">\n<p class=\"has-large-font-size\" style=\"line-height:1.2\"><a href=\"https:\/\/gesport.unizar.es\/pt\/yesim-kuruoglu\/\"><strong>Ye\u015fim KURUO\u011eLU<\/strong>, <strong>Membro da Dire\u00e7\u00e3o da Federa\u00e7\u00e3o Subaqu\u00e1tica da Turquia<\/strong><\/a><\/p>\n<\/div><\/div>\n\n\n\n<div class=\"wp-block-media-text alignwide is-stacked-on-mobile\" style=\"grid-template-columns:62% auto\"><figure class=\"wp-block-media-text__media\"><img loading=\"lazy\" width=\"6000\" height=\"4000\" src=\"https:\/\/gesport.unizar.es\/wp-content\/uploads\/2022\/06\/IMG_5441.jpg\" alt=\"\" class=\"wp-image-8166 size-full\"\/><\/figure><div class=\"wp-block-media-text__content\">\n<p class=\"has-large-font-size\" style=\"line-height:1.2\"><a href=\"https:\/\/gesport.unizar.es\/pt\/ozlem-akdurak\/\"><strong>\u00d6zlem AKDURAK<\/strong>, <strong>Presidente da Federa\u00e7\u00e3o de Vela Turca<\/strong><\/a><\/p>\n<\/div><\/div>\n\n\n\n<div class=\"wp-block-media-text alignwide has-media-on-the-right is-stacked-on-mobile\" style=\"grid-template-columns:auto 38%\"><figure class=\"wp-block-media-text__media\"><img loading=\"lazy\" width=\"471\" height=\"504\" src=\"https:\/\/gesport.unizar.es\/wp-content\/uploads\/2022\/06\/Captura-de-Pantalla-2022-06-11-a-las-17.30.52-1.png\" alt=\"\" class=\"wp-image-8177 size-full\"\/><\/figure><div class=\"wp-block-media-text__content\">\n<p class=\"has-large-font-size\" style=\"line-height:1.2\"><a href=\"https:\/\/gesport.unizar.es\/pt\/deniz-cicek\/\"><strong>Deniz \u00c7\u0130\u00c7EK<\/strong>, <strong><strong>Membro da dire\u00e7\u00e3o da Federa\u00e7\u00e3o de Vela Turca<\/strong><\/strong><\/a><\/p>\n<\/div><\/div>\n\n\n\n<div class=\"wp-block-media-text alignwide is-stacked-on-mobile\" style=\"grid-template-columns:62% auto\"><figure class=\"wp-block-media-text__media\"><img loading=\"lazy\" width=\"800\" height=\"431\" src=\"https:\/\/gesport.unizar.es\/wp-content\/uploads\/2022\/06\/nisa-ersoy-photo-2.jpg\" alt=\"\" class=\"wp-image-8170 size-full\"\/><\/figure><div class=\"wp-block-media-text__content\">\n<p class=\"has-large-font-size\" style=\"line-height:1.2\"><a href=\"https:\/\/gesport.unizar.es\/pt\/nisa-ersoy\/\"><strong>Nisa ERSOY<\/strong>, <strong>Vice-presidente da Federa\u00e7\u00e3o Turca de Desportos Automobil\u00edsticos<\/strong><\/a><\/p>\n<\/div><\/div>\n","protected":false},"excerpt":{"rendered":"<p>Filiz \u00c7\u0131kr\u0131k\u00e7\u0131, Vice-presidente da Federa\u00e7\u00e3o Turca de Rugby Hacer AKY\u00dcZ, Presidente da Federa\u00e7\u00e3o de Orienta\u00e7\u00e3o Turca \u00dcmit U\u00c7AR, Membro da Dire\u00e7\u00e3o da Federa\u00e7\u00e3o de Patinagem no Gelo Turca G\u00fclk\u0131z TULAY, Presidente da federa\u00e7\u00e3o de xadrez da Turquia \u0130lknur MER\u0130\u00c7, Membro da dire\u00e7\u00e3o e secret\u00e1ria geral da Federa\u00e7\u00e3o Turca de Bridge Afife BE\u015e\u0130K, Vice-presidente da Federa\u00e7\u00e3o &hellip;<\/p>\n<p class=\"read-more\"> <a class=\"\" href=\"https:\/\/gesport.unizar.es\/pt\/interviews-turkey\/\"> <span class=\"screen-reader-text\">Entrevistas Turquia<\/span> Read More &raquo;<\/a><\/p>\n","protected":false},"author":3,"featured_media":0,"parent":0,"menu_order":0,"comment_status":"closed","ping_status":"closed","template":"","meta":{"site-sidebar-layout":"default","site-content-layout":"default","ast-global-header-display":"","ast-main-header-display":"","ast-hfb-above-header-display":"","ast-hfb-below-header-display":"","ast-hfb-mobile-header-display":"","site-post-title":"","ast-breadcrumbs-content":"","ast-featured-img":"","footer-sml-layout":"","theme-transparent-header-meta":"","adv-header-id-meta":"","stick-header-meta":"","header-above-stick-meta":"","header-main-stick-meta":"","header-below-stick-meta":""},"translation":{"provider":"WPGlobus","version":"2.10.4","language":"pt","enabled_languages":["gb","es","tr","it","pt"],"languages":{"gb":{"title":true,"content":true,"excerpt":false},"es":{"title":true,"content":true,"excerpt":false},"tr":{"title":true,"content":true,"excerpt":false},"it":{"title":true,"content":true,"excerpt":false},"pt":{"title":true,"content":true,"excerpt":false}}},"yoast_head":"<!-- This site is optimized with the Yoast SEO plugin v19.7.1 - https:\/\/yoast.com\/wordpress\/plugins\/seo\/ -->\n<title>Entrevistas Turquia - GESPORT+<\/title>\n<meta name=\"robots\" content=\"index, follow, max-snippet:-1, max-image-preview:large, max-video-preview:-1\" \/>\n<link rel=\"canonical\" href=\"https:\/\/gesport.unizar.es\/interviews-turkey\/\" \/>\n<meta property=\"og:locale\" content=\"pt_PT\" \/>\n<meta property=\"og:type\" content=\"article\" \/>\n<meta property=\"og:title\" content=\"Entrevistas Turquia - GESPORT+\" \/>\n<meta property=\"og:url\" content=\"https:\/\/gesport.unizar.es\/interviews-turkey\/\" \/>\n<meta property=\"og:site_name\" content=\"GESPORT+\" \/>\n<meta property=\"article:modified_time\" content=\"2022-10-15T09:45:19+00:00\" \/>\n<meta property=\"og:image\" content=\"https:\/\/gesport.unizar.es\/wp-content\/uploads\/2020\/04\/1_Rugby-1024x768.jpg\" \/>\n<meta name=\"twitter:card\" content=\"summary_large_image\" \/>\n<meta name=\"twitter:label1\" content=\"Est. reading time\" \/>\n\t<meta name=\"twitter:data1\" content=\"3 minutes\" \/>\n<script type=\"application\/ld+json\" class=\"yoast-schema-graph\">{\"@context\":\"https:\/\/schema.org\",\"@graph\":[{\"@type\":\"WebPage\",\"@id\":\"https:\/\/gesport.unizar.es\/interviews-turkey\/\",\"url\":\"https:\/\/gesport.unizar.es\/interviews-turkey\/\",\"name\":\"Entrevistas Turquia - GESPORT+\",\"isPartOf\":{\"@id\":\"https:\/\/gesport.unizar.es\/#website\"},\"datePublished\":\"2020-05-05T15:28:49+00:00\",\"dateModified\":\"2022-10-15T09:45:19+00:00\",\"breadcrumb\":{\"@id\":\"https:\/\/gesport.unizar.es\/interviews-turkey\/#breadcrumb\"},\"inLanguage\":\"pt-PT\",\"potentialAction\":[{\"@type\":\"ReadAction\",\"target\":[\"https:\/\/gesport.unizar.es\/interviews-turkey\/\"]}]},{\"@type\":\"BreadcrumbList\",\"@id\":\"https:\/\/gesport.unizar.es\/interviews-turkey\/#breadcrumb\",\"itemListElement\":[{\"@type\":\"ListItem\",\"position\":1,\"name\":\"Portada\",\"item\":\"https:\/\/gesport.unizar.es\/\"},{\"@type\":\"ListItem\",\"position\":2,\"name\":\"Entrevistas Turqu\u00eda\"}]},{\"@type\":\"WebSite\",\"@id\":\"https:\/\/gesport.unizar.es\/#website\",\"url\":\"https:\/\/gesport.unizar.es\/\",\"name\":\"GESPORT+\",\"description\":\"Corporate governance in sport organizations:  a gendered approach\",\"publisher\":{\"@id\":\"https:\/\/gesport.unizar.es\/#organization\"},\"potentialAction\":[{\"@type\":\"SearchAction\",\"target\":{\"@type\":\"EntryPoint\",\"urlTemplate\":\"https:\/\/gesport.unizar.es\/?s={search_term_string}\"},\"query-input\":\"required name=search_term_string\"}],\"inLanguage\":\"pt-PT\"},{\"@type\":\"Organization\",\"@id\":\"https:\/\/gesport.unizar.es\/#organization\",\"name\":\"GESPORT Erasmus+\",\"url\":\"https:\/\/gesport.unizar.es\/\",\"sameAs\":[],\"logo\":{\"@type\":\"ImageObject\",\"inLanguage\":\"pt-PT\",\"@id\":\"https:\/\/gesport.unizar.es\/#\/schema\/logo\/image\/\",\"url\":\"http:\/\/gesport.unizar.es\/wp-content\/uploads\/2018\/12\/4.jpg\",\"contentUrl\":\"http:\/\/gesport.unizar.es\/wp-content\/uploads\/2018\/12\/4.jpg\",\"width\":400,\"height\":400,\"caption\":\"GESPORT Erasmus+\"},\"image\":{\"@id\":\"https:\/\/gesport.unizar.es\/#\/schema\/logo\/image\/\"}}]}<\/script>\n<!-- \/ Yoast SEO plugin. -->","yoast_head_json":{"title":"Entrevistas Turquia - GESPORT+","robots":{"index":"index","follow":"follow","max-snippet":"max-snippet:-1","max-image-preview":"max-image-preview:large","max-video-preview":"max-video-preview:-1"},"canonical":"https:\/\/gesport.unizar.es\/interviews-turkey\/","og_locale":"pt_PT","og_type":"article","og_title":"Entrevistas Turquia - GESPORT+","og_url":"https:\/\/gesport.unizar.es\/interviews-turkey\/","og_site_name":"GESPORT+","article_modified_time":"2022-10-15T09:45:19+00:00","og_image":[{"url":"https:\/\/gesport.unizar.es\/wp-content\/uploads\/2020\/04\/1_Rugby-1024x768.jpg"}],"twitter_card":"summary_large_image","twitter_misc":{"Est. reading time":"3 minutes"},"schema":{"@context":"https:\/\/schema.org","@graph":[{"@type":"WebPage","@id":"https:\/\/gesport.unizar.es\/interviews-turkey\/","url":"https:\/\/gesport.unizar.es\/interviews-turkey\/","name":"Entrevistas Turquia - GESPORT+","isPartOf":{"@id":"https:\/\/gesport.unizar.es\/#website"},"datePublished":"2020-05-05T15:28:49+00:00","dateModified":"2022-10-15T09:45:19+00:00","breadcrumb":{"@id":"https:\/\/gesport.unizar.es\/interviews-turkey\/#breadcrumb"},"inLanguage":"pt-PT","potentialAction":[{"@type":"ReadAction","target":["https:\/\/gesport.unizar.es\/interviews-turkey\/"]}]},{"@type":"BreadcrumbList","@id":"https:\/\/gesport.unizar.es\/interviews-turkey\/#breadcrumb","itemListElement":[{"@type":"ListItem","position":1,"name":"Portada","item":"https:\/\/gesport.unizar.es\/"},{"@type":"ListItem","position":2,"name":"Entrevistas Turqu\u00eda"}]},{"@type":"WebSite","@id":"https:\/\/gesport.unizar.es\/#website","url":"https:\/\/gesport.unizar.es\/","name":"GESPORT+","description":"Corporate governance in sport organizations:  a gendered approach","publisher":{"@id":"https:\/\/gesport.unizar.es\/#organization"},"potentialAction":[{"@type":"SearchAction","target":{"@type":"EntryPoint","urlTemplate":"https:\/\/gesport.unizar.es\/?s={search_term_string}"},"query-input":"required name=search_term_string"}],"inLanguage":"pt-PT"},{"@type":"Organization","@id":"https:\/\/gesport.unizar.es\/#organization","name":"GESPORT Erasmus+","url":"https:\/\/gesport.unizar.es\/","sameAs":[],"logo":{"@type":"ImageObject","inLanguage":"pt-PT","@id":"https:\/\/gesport.unizar.es\/#\/schema\/logo\/image\/","url":"http:\/\/gesport.unizar.es\/wp-content\/uploads\/2018\/12\/4.jpg","contentUrl":"http:\/\/gesport.unizar.es\/wp-content\/uploads\/2018\/12\/4.jpg","width":400,"height":400,"caption":"GESPORT Erasmus+"},"image":{"@id":"https:\/\/gesport.unizar.es\/#\/schema\/logo\/image\/"}}]}},"_links":{"self":[{"href":"https:\/\/gesport.unizar.es\/pt\/wp-json\/wp\/v2\/pages\/4317"}],"collection":[{"href":"https:\/\/gesport.unizar.es\/pt\/wp-json\/wp\/v2\/pages"}],"about":[{"href":"https:\/\/gesport.unizar.es\/pt\/wp-json\/wp\/v2\/types\/page"}],"author":[{"embeddable":true,"href":"https:\/\/gesport.unizar.es\/pt\/wp-json\/wp\/v2\/users\/3"}],"replies":[{"embeddable":true,"href":"https:\/\/gesport.unizar.es\/pt\/wp-json\/wp\/v2\/comments?post=4317"}],"version-history":[{"count":98,"href":"https:\/\/gesport.unizar.es\/pt\/wp-json\/wp\/v2\/pages\/4317\/revisions"}],"predecessor-version":[{"id":10296,"href":"https:\/\/gesport.unizar.es\/pt\/wp-json\/wp\/v2\/pages\/4317\/revisions\/10296"}],"wp:attachment":[{"href":"https:\/\/gesport.unizar.es\/pt\/wp-json\/wp\/v2\/media?parent=4317"}],"curies":[{"name":"wp","href":"https:\/\/api.w.org\/{rel}","templated":true}]}}