{"id":352,"date":"2018-09-23T10:48:32","date_gmt":"2018-09-23T10:48:32","guid":{"rendered":"http:\/\/gesport.unizar.es\/?page_id=352"},"modified":"2022-10-03T14:49:44","modified_gmt":"2022-10-03T14:49:44","slug":"scholars","status":"publish","type":"page","link":"https:\/\/gesport.unizar.es\/pt\/scholars\/","title":{"rendered":"Students"},"content":{"rendered":"\n<h5 class=\"trans-verified-button-small\" id=\"gt-res-dir-ctr\">Estes s\u00e3o as\/os estudantes que colaboram na Gesport + Educa. Quer saber um pouco mais sobre eles?<\/h5>\n\n\n\n\n\n<figure class=\"wp-block-image alignleft is-resized\"><img loading=\"lazy\" src=\"http:\/\/gesport.unizar.es\/wp-content\/uploads\/2019\/01\/carnet2-2-300x300.jpg\" alt=\"\" class=\"wp-image-2746\" width=\"171\" height=\"171\" srcset=\"https:\/\/gesport.unizar.es\/wp-content\/uploads\/2019\/01\/carnet2-2-300x300.jpg 300w, https:\/\/gesport.unizar.es\/wp-content\/uploads\/2019\/01\/carnet2-2-150x150.jpg 150w, https:\/\/gesport.unizar.es\/wp-content\/uploads\/2019\/01\/carnet2-2.jpg 354w\" sizes=\"(max-width: 171px) 100vw, 171px\" \/><\/figure>\n\n\n\n<p><strong>RUTH ESTEBAN ESTEBAN<\/strong> (maio de 2018 \/ julho de 2018)<\/p>\n\n\n\n<p>Ruth (1992), nasceu numa pequena cidade chamada Blancas (Espanha), estudou na Licenciatura em Desenho Industrial em Val\u00eancia. Depois de trabalhar no departamento de marketing de uma empresa de consultoria, decidiu estudar na Faculdade de Letras de Teruel. Participou no desenvolvimento do website e na sua gest\u00e3o no in\u00edcio do projeto GESPORT+.<\/p>\n\n\n\n<br><br>\n\n\n\n<figure class=\"wp-block-image alignleft is-resized\"><img loading=\"lazy\" src=\"http:\/\/gesport.unizar.es\/wp-content\/uploads\/2019\/01\/ele1.png\" alt=\"\" class=\"wp-image-2760\" width=\"176\" height=\"176\" srcset=\"https:\/\/gesport.unizar.es\/wp-content\/uploads\/2019\/01\/ele1.png 406w, https:\/\/gesport.unizar.es\/wp-content\/uploads\/2019\/01\/ele1-150x150.png 150w, https:\/\/gesport.unizar.es\/wp-content\/uploads\/2019\/01\/ele1-300x300.png 300w\" sizes=\"(max-width: 176px) 100vw, 176px\" \/><\/figure>\n\n\n\n<p><strong>ELENA GIL JUANA <\/strong>(outubro 2018 \/ julho 2019)<\/p>\n\n\n\n<p>Elena (1994) nasceu em Molina de Arag\u00e3o (Espanha). Ela estudou na licenciatura em Belas Artes em Cuenca e fez o Mestrado em Gravura e Design Gr\u00e1fico na Real Casa de la Moneda (Madrid).<\/p>\n\n\n\n\n\n<figure class=\"wp-block-image alignleft is-resized\"><img loading=\"lazy\" src=\"http:\/\/gesport.unizar.es\/wp-content\/uploads\/2019\/11\/ana_t_r-150x150.png\" alt=\"\" class=\"wp-image-3169\" width=\"182\" height=\"182\" srcset=\"https:\/\/gesport.unizar.es\/wp-content\/uploads\/2019\/11\/ana_t_r-150x150.png 150w, https:\/\/gesport.unizar.es\/wp-content\/uploads\/2019\/11\/ana_t_r-300x300.png 300w, https:\/\/gesport.unizar.es\/wp-content\/uploads\/2019\/11\/ana_t_r.png 463w\" sizes=\"(max-width: 182px) 100vw, 182px\" \/><\/figure>\n\n\n\n<p><strong>ANA TORTAJADA REM\u00d3N<\/strong> (Fevereiro 2020 \/ Dezembro 2021)<\/p>\n\n\n\n<p>Ana (1996) nasceu em Teruel (Espanha) e concluiu a <strong>licenciatura de Administra\u00e7\u00e3o de Sistemas de Computadores de Rede<\/strong> na mesma cidade. Neste momento, encontra-se a frequentar o curso de engenharia da computa\u00e7\u00e3o na Escola T\u00e9cnica de Teruel. Em 2019, participou na gest\u00e3o da base de dados do Projeto GESPORT+, sendo que, atualmente, est\u00e1 a trabalhar no desenvolvimento do website. Tem, ainda, colaborado ativamente na organiza\u00e7\u00e3o das entrevistas no website e fez parte da comiss\u00e3o organizadora da <em>Confer\u00eancia Internacional Perspetivas Multidisciplinares sobre Igualdade e Diversidade no Desporto<\/em>. Esteve igualmente envolvida na conce\u00e7\u00e3o da plataforma inform\u00e1tica onde ser\u00e1 inserida toda a informa\u00e7\u00e3o relativa \u00e0 confer\u00eancia.<\/p>\n\n\n\n<p><img loading=\"lazy\" width=\"180\" height=\"180\" class=\"alignleft  wp-image-3872\" src=\"http:\/\/gesport.unizar.es\/wp-content\/uploads\/2020\/04\/DiegoRodriguez-300x300.png\" alt=\"Diego Rodriguez\" srcset=\"https:\/\/gesport.unizar.es\/wp-content\/uploads\/2020\/04\/DiegoRodriguez-300x300.png 300w, https:\/\/gesport.unizar.es\/wp-content\/uploads\/2020\/04\/DiegoRodriguez-1024x1024.png 1024w, https:\/\/gesport.unizar.es\/wp-content\/uploads\/2020\/04\/DiegoRodriguez-150x150.png 150w, https:\/\/gesport.unizar.es\/wp-content\/uploads\/2020\/04\/DiegoRodriguez-768x768.png 768w, https:\/\/gesport.unizar.es\/wp-content\/uploads\/2020\/04\/DiegoRodriguez.png 1509w\" sizes=\"(max-width: 180px) 100vw, 180px\" \/><strong>DIEGO RODRIGUEZ SORIA<\/strong> (fevereiro 2020\/julho 2020)<\/p>\n\n\n\n<p>Diego (1995) nasceu em Sarago\u00e7a (Espanha). Atualmente est\u00e1 no 4\u00ba ano da licenciatura em Belas Artes, em Teruel, al\u00e9m de ter colaborado com a edi\u00e7\u00e3o da sec\u00e7\u00e3o audiovisual do website do projeto GESPORT +.<\/p>\n\n\n\n<br><br>\n\n\n\n<p><\/p>\n\n\n\n<h2><img loading=\"lazy\" class=\"alignleft  wp-image-3926\" src=\"http:\/\/gesport.unizar.es\/wp-content\/uploads\/2020\/04\/circle-cropped-300x300.png\" alt=\"\" width=\"180\" height=\"180\" srcset=\"https:\/\/gesport.unizar.es\/wp-content\/uploads\/2020\/04\/circle-cropped-300x300.png 300w, https:\/\/gesport.unizar.es\/wp-content\/uploads\/2020\/04\/circle-cropped-150x150.png 150w, https:\/\/gesport.unizar.es\/wp-content\/uploads\/2020\/04\/circle-cropped-768x768.png 768w, https:\/\/gesport.unizar.es\/wp-content\/uploads\/2020\/04\/circle-cropped.png 864w\" sizes=\"(max-width: 180px) 100vw, 180px\" \/><\/h2>\n\n\n\n<p><strong>GUILLERMO MAZA MAR\u00cdN <\/strong>(fevereiro 2020\/julho 2020)<\/p>\n\n\n\n<p>Guillermo (1995) nasceu em Sarago\u00e7a (Espanha). Estudou Ci\u00eancias da Educa\u00e7\u00e3o na Universidade de Zaragoza, atualmente \u00e9 estudante do 4\u00ba ano de Belas Artes, em Teruel. Participou da edi\u00e7\u00e3o da se\u00e7\u00e3o audiovisual do site do projeto GESPORT +.<\/p>\n\n\n\n<br>\n\n\n\n<div class=\"wp-block-image is-style-rounded\"><figure class=\"alignleft size-large is-resized\"><img loading=\"lazy\" src=\"http:\/\/gesport.unizar.es\/wp-content\/uploads\/2021\/03\/Laura_Peiro-edited.jpg\" alt=\"\" class=\"wp-image-5461\" width=\"180\" height=\"180\" srcset=\"https:\/\/gesport.unizar.es\/wp-content\/uploads\/2021\/03\/Laura_Peiro-edited.jpg 792w, https:\/\/gesport.unizar.es\/wp-content\/uploads\/2021\/03\/Laura_Peiro-edited-300x300.jpg 300w, https:\/\/gesport.unizar.es\/wp-content\/uploads\/2021\/03\/Laura_Peiro-edited-150x150.jpg 150w, https:\/\/gesport.unizar.es\/wp-content\/uploads\/2021\/03\/Laura_Peiro-edited-768x769.jpg 768w, https:\/\/gesport.unizar.es\/wp-content\/uploads\/2021\/03\/Laura_Peiro-edited-24x24.jpg 24w, https:\/\/gesport.unizar.es\/wp-content\/uploads\/2021\/03\/Laura_Peiro-edited-36x36.jpg 36w, https:\/\/gesport.unizar.es\/wp-content\/uploads\/2021\/03\/Laura_Peiro-edited-48x48.jpg 48w\" sizes=\"(max-width: 180px) 100vw, 180px\" \/><\/figure><\/div>\n\n\n\n<p><strong>LAURA PEIR\u00d3 M\u00c1RQUEZ<\/strong> (Fevereiro 2021\/Agosto 2021)<br>Laura (1995) nasceu em Sarago\u00e7a (Espanha), onde estudou <strong>L\u00ednguas Modernas e Filologia Espanhola<\/strong>. Entretanto, mudou-se para Vit\u00f3ria, no Norte de Espanha, para fazer um <strong>Mestrado em Aquisi\u00e7\u00e3o de Segunda L\u00edngua<\/strong>. A sua participa\u00e7\u00e3o no projeto GESPORT + ocorreu quanto esta estava a frequentar o <strong>Mestrado em Did\u00e1tica<\/strong> em Zaragoza. No \u00e2mbito do GESPORT +, colaborou ativamente na promo\u00e7\u00e3o das redes sociais e na organiza\u00e7\u00e3o da Confer\u00eancia Internacional Perspetivas Multidisciplinares sobre Igualdade e Diversidade no Desporto, especialmente desenvolvendo trabalhos publicit\u00e1rios e de tradu\u00e7\u00e3o.<\/p>\n\n\n\n<br><br>\n\n\n\n<figure class=\"wp-block-image alignleft size-full is-resized is-style-rounded\"><img loading=\"lazy\" src=\"https:\/\/gesport.unizar.es\/wp-content\/uploads\/2022\/02\/Foto_CV_Marta.png\" alt=\"\" class=\"wp-image-7428\" width=\"171\" height=\"171\"\/><\/figure>\n\n\n\n<p><strong>MARTA BURRIEL LE\u00d3N (fevereiro 2021\/julho 2022)<\/strong><\/p>\n\n\n\n<p>Nasceu em Sarago\u00e7a (2000) onde iniciou os seus estudos na \u00e1rea art\u00edstica para depois se mudar para Teruel, onde estudou Belas Artes. Al\u00e9m de participar do projeto GESPORT+, realiza projetos art\u00edsticos aliando arte e meio ambiente. Marta projetou o material gr\u00e1fico para a Confer\u00eancia Internacional sobre Perspetivas Multidisciplinares sobre Igualdade e Diversidade no Desporto, bem como o livro de resumos da confer\u00eancia. Atualmente participa no desenvolvimento de produtos intelectuais relacionados com a diagrama\u00e7\u00e3o dos v\u00eddeos de entrevistas e outros manuais de projetos.<\/p>\n\n\n\n<br>\n\n\n\n<figure class=\"wp-block-image alignleft size-full is-resized is-style-rounded\"><img loading=\"lazy\" src=\"https:\/\/gesport.unizar.es\/wp-content\/uploads\/2022\/02\/foto_perfil.webp\" alt=\"\" class=\"wp-image-7191\" width=\"171\" height=\"171\"\/><\/figure>\n\n\n\n<p><strong>LETICIA S\u00c1NCHEZ ROMERO<\/strong>&nbsp;(Fevereiro 2022 \/ Julho 2022)<\/p>\n\n\n\n<p>Leticia (1999) nasceu em Sarago\u00e7a (Espanha), onde est\u00e1 a terminar a licenciatura em <strong>Engenharia Inform\u00e1tica<\/strong>. Colabora em tarefas relacionadas com a gest\u00e3o das bases de dados e dos produtos intelectuais relacionados com as entrevistas e os v\u00eddeos do site do projeto GESPORT+.<\/p>\n\n\n\n<br>\n\n\n\n<figure class=\"wp-block-image alignleft size-full is-resized is-style-rounded\"><img src=\"https:\/\/gesport.unizar.es\/wp-content\/uploads\/2022\/03\/becaria_Irene.jpeg\" alt=\"\" class=\"wp-image-7502\" width=\"171\" srcset=\"https:\/\/gesport.unizar.es\/wp-content\/uploads\/2022\/03\/becaria_Irene.jpeg 471w, https:\/\/gesport.unizar.es\/wp-content\/uploads\/2022\/03\/becaria_Irene-300x231.jpeg 300w, https:\/\/gesport.unizar.es\/wp-content\/uploads\/2022\/03\/becaria_Irene-24x18.jpeg 24w, https:\/\/gesport.unizar.es\/wp-content\/uploads\/2022\/03\/becaria_Irene-36x28.jpeg 36w, https:\/\/gesport.unizar.es\/wp-content\/uploads\/2022\/03\/becaria_Irene-48x37.jpeg 48w\" sizes=\"(max-width: 471px) 100vw, 471px\" \/><\/figure>\n\n\n\n<p><strong>IRENE S\u00c1EZ RIVAS <\/strong>(Fevereiro de 2022 \/ Julho de 2022)<\/p>\n\n\n\n<p>Irene (2000) nasceu em Teruel (Espanha). Atualmente cursa o quarto ano do curso de <strong>educa\u00e7\u00e3o pr\u00e9-escolar<\/strong> em Teruel. Colaborar nas atividades de legendagem e tradu\u00e7\u00e3o de produtos intelectuais relacionados a entrevistas e v\u00eddeos no site do projeto GESPORT+.<\/p>\n\n\n\n<br><br>\n\n\n\n<h2 class=\"section-title section_title_1\">Bolsas Escolares 2020\/21<\/h2>\n\n\n\n<p><span id=\"result_box\" class=\"\" lang=\"es\"><span title=\"ERASMUS+ SPORT 590521\u2010EPP\u20101\u20102017\u20101\u2010ES\u2010SPO\u2010SCP of Education, Audiovisual and Culture Executive Agency (EACEA). \">ERASMUS + SPORT 590521 \u2010 EPP \u2010 1\u20102017\u20101 \u2010 ES \u2010 SPO \u2010 SCP of the Agencia Ejecutiva de Educaci\u00f3n, Audiovisual y Cultura (EACEA).<\/span><\/span><\/p>\n\n\n\n<p><span title=\"View final resolution: http:\/\/fcsh.unizar.es\/resolucion-definitiva-de-la-comision-de-seleccion-1-beca-de-apoyo-para-tareas-de-getion-y-servicios-en-\">Ver decis\u00e3o finalution:<\/span> <a href=\"https:\/\/fcsh.unizar.es\/noticias\/resolucion-provisional-3-becas-de-apoyo-proyecto-erasmus-sport\">https:\/\/fcsh.unizar.es\/noticias\/resolucion-provisional-3-becas-de-apoyo-proyecto-erasmus-sport<\/a><\/p>\n\n\n\n<h2> Bolsas Escolares 2021\/22<\/h2>\n\n\n\n<p><span title=\"View final resolution: http:\/\/fcsh.unizar.es\/resolucion-definitiva-de-la-comision-de-seleccion-1-beca-de-apoyo-para-tareas-de-getion-y-servicios-en-\">Ver decis\u00e3o final<\/span>: <a href=\"https:\/\/fcsh.unizar.es\/noticias\/becas-de-apoyo-resolucion-definitiva\">https:\/\/fcsh.unizar.es\/noticias\/becas-de-apoyo-resolucion-definitiva<\/a><\/p>\n","protected":false},"excerpt":{"rendered":"<p>Estes s\u00e3o as\/os estudantes que colaboram na Gesport + Educa. Quer saber um pouco mais sobre eles? RUTH ESTEBAN ESTEBAN (maio de 2018 \/ julho de 2018) Ruth (1992), nasceu numa pequena cidade chamada Blancas (Espanha), estudou na Licenciatura em Desenho Industrial em Val\u00eancia. Depois de trabalhar no departamento de marketing de uma empresa de &hellip;<\/p>\n<p class=\"read-more\"> <a class=\"\" href=\"https:\/\/gesport.unizar.es\/pt\/scholars\/\"> <span class=\"screen-reader-text\">Students<\/span> Read More &raquo;<\/a><\/p>\n","protected":false},"author":3,"featured_media":0,"parent":0,"menu_order":0,"comment_status":"closed","ping_status":"closed","template":"","meta":{"site-sidebar-layout":"default","site-content-layout":"default","ast-global-header-display":"","ast-main-header-display":"","ast-hfb-above-header-display":"","ast-hfb-below-header-display":"","ast-hfb-mobile-header-display":"","site-post-title":"","ast-breadcrumbs-content":"","ast-featured-img":"","footer-sml-layout":"","theme-transparent-header-meta":"","adv-header-id-meta":"","stick-header-meta":"","header-above-stick-meta":"","header-main-stick-meta":"","header-below-stick-meta":""},"translation":{"provider":"WPGlobus","version":"2.10.4","language":"pt","enabled_languages":["gb","es","tr","it","pt"],"languages":{"gb":{"title":true,"content":true,"excerpt":false},"es":{"title":true,"content":true,"excerpt":false},"tr":{"title":true,"content":true,"excerpt":false},"it":{"title":true,"content":true,"excerpt":false},"pt":{"title":true,"content":true,"excerpt":false}}},"yoast_head":"<!-- This site is optimized with the Yoast SEO plugin v19.7.1 - https:\/\/yoast.com\/wordpress\/plugins\/seo\/ -->\n<title>Students - GESPORT+<\/title>\n<meta name=\"robots\" content=\"index, follow, max-snippet:-1, max-image-preview:large, max-video-preview:-1\" \/>\n<link rel=\"canonical\" href=\"https:\/\/gesport.unizar.es\/scholars\/\" \/>\n<meta property=\"og:locale\" content=\"pt_PT\" \/>\n<meta property=\"og:type\" content=\"article\" \/>\n<meta property=\"og:title\" content=\"Students - GESPORT+\" \/>\n<meta property=\"og:url\" content=\"https:\/\/gesport.unizar.es\/scholars\/\" \/>\n<meta property=\"og:site_name\" content=\"GESPORT+\" \/>\n<meta property=\"article:modified_time\" content=\"2022-10-03T14:49:44+00:00\" \/>\n<meta property=\"og:image\" content=\"http:\/\/gesport.unizar.es\/wp-content\/uploads\/2019\/01\/carnet2-2-300x300.jpg\" \/>\n<meta name=\"twitter:card\" content=\"summary_large_image\" \/>\n<meta name=\"twitter:label1\" content=\"Est. reading time\" \/>\n\t<meta name=\"twitter:data1\" content=\"5 minutes\" \/>\n<script type=\"application\/ld+json\" class=\"yoast-schema-graph\">{\"@context\":\"https:\/\/schema.org\",\"@graph\":[{\"@type\":\"WebPage\",\"@id\":\"https:\/\/gesport.unizar.es\/scholars\/\",\"url\":\"https:\/\/gesport.unizar.es\/scholars\/\",\"name\":\"Students - GESPORT+\",\"isPartOf\":{\"@id\":\"https:\/\/gesport.unizar.es\/#website\"},\"datePublished\":\"2018-09-23T10:48:32+00:00\",\"dateModified\":\"2022-10-03T14:49:44+00:00\",\"breadcrumb\":{\"@id\":\"https:\/\/gesport.unizar.es\/scholars\/#breadcrumb\"},\"inLanguage\":\"pt-PT\",\"potentialAction\":[{\"@type\":\"ReadAction\",\"target\":[\"https:\/\/gesport.unizar.es\/scholars\/\"]}]},{\"@type\":\"BreadcrumbList\",\"@id\":\"https:\/\/gesport.unizar.es\/scholars\/#breadcrumb\",\"itemListElement\":[{\"@type\":\"ListItem\",\"position\":1,\"name\":\"Portada\",\"item\":\"https:\/\/gesport.unizar.es\/\"},{\"@type\":\"ListItem\",\"position\":2,\"name\":\"Becarios\/as\"}]},{\"@type\":\"WebSite\",\"@id\":\"https:\/\/gesport.unizar.es\/#website\",\"url\":\"https:\/\/gesport.unizar.es\/\",\"name\":\"GESPORT+\",\"description\":\"Corporate governance in sport organizations:  a gendered approach\",\"publisher\":{\"@id\":\"https:\/\/gesport.unizar.es\/#organization\"},\"potentialAction\":[{\"@type\":\"SearchAction\",\"target\":{\"@type\":\"EntryPoint\",\"urlTemplate\":\"https:\/\/gesport.unizar.es\/?s={search_term_string}\"},\"query-input\":\"required name=search_term_string\"}],\"inLanguage\":\"pt-PT\"},{\"@type\":\"Organization\",\"@id\":\"https:\/\/gesport.unizar.es\/#organization\",\"name\":\"GESPORT Erasmus+\",\"url\":\"https:\/\/gesport.unizar.es\/\",\"sameAs\":[],\"logo\":{\"@type\":\"ImageObject\",\"inLanguage\":\"pt-PT\",\"@id\":\"https:\/\/gesport.unizar.es\/#\/schema\/logo\/image\/\",\"url\":\"http:\/\/gesport.unizar.es\/wp-content\/uploads\/2018\/12\/4.jpg\",\"contentUrl\":\"http:\/\/gesport.unizar.es\/wp-content\/uploads\/2018\/12\/4.jpg\",\"width\":400,\"height\":400,\"caption\":\"GESPORT Erasmus+\"},\"image\":{\"@id\":\"https:\/\/gesport.unizar.es\/#\/schema\/logo\/image\/\"}}]}<\/script>\n<!-- \/ Yoast SEO plugin. -->","yoast_head_json":{"title":"Students - GESPORT+","robots":{"index":"index","follow":"follow","max-snippet":"max-snippet:-1","max-image-preview":"max-image-preview:large","max-video-preview":"max-video-preview:-1"},"canonical":"https:\/\/gesport.unizar.es\/scholars\/","og_locale":"pt_PT","og_type":"article","og_title":"Students - GESPORT+","og_url":"https:\/\/gesport.unizar.es\/scholars\/","og_site_name":"GESPORT+","article_modified_time":"2022-10-03T14:49:44+00:00","og_image":[{"url":"http:\/\/gesport.unizar.es\/wp-content\/uploads\/2019\/01\/carnet2-2-300x300.jpg"}],"twitter_card":"summary_large_image","twitter_misc":{"Est. reading time":"5 minutes"},"schema":{"@context":"https:\/\/schema.org","@graph":[{"@type":"WebPage","@id":"https:\/\/gesport.unizar.es\/scholars\/","url":"https:\/\/gesport.unizar.es\/scholars\/","name":"Students - GESPORT+","isPartOf":{"@id":"https:\/\/gesport.unizar.es\/#website"},"datePublished":"2018-09-23T10:48:32+00:00","dateModified":"2022-10-03T14:49:44+00:00","breadcrumb":{"@id":"https:\/\/gesport.unizar.es\/scholars\/#breadcrumb"},"inLanguage":"pt-PT","potentialAction":[{"@type":"ReadAction","target":["https:\/\/gesport.unizar.es\/scholars\/"]}]},{"@type":"BreadcrumbList","@id":"https:\/\/gesport.unizar.es\/scholars\/#breadcrumb","itemListElement":[{"@type":"ListItem","position":1,"name":"Portada","item":"https:\/\/gesport.unizar.es\/"},{"@type":"ListItem","position":2,"name":"Becarios\/as"}]},{"@type":"WebSite","@id":"https:\/\/gesport.unizar.es\/#website","url":"https:\/\/gesport.unizar.es\/","name":"GESPORT+","description":"Corporate governance in sport organizations:  a gendered approach","publisher":{"@id":"https:\/\/gesport.unizar.es\/#organization"},"potentialAction":[{"@type":"SearchAction","target":{"@type":"EntryPoint","urlTemplate":"https:\/\/gesport.unizar.es\/?s={search_term_string}"},"query-input":"required name=search_term_string"}],"inLanguage":"pt-PT"},{"@type":"Organization","@id":"https:\/\/gesport.unizar.es\/#organization","name":"GESPORT Erasmus+","url":"https:\/\/gesport.unizar.es\/","sameAs":[],"logo":{"@type":"ImageObject","inLanguage":"pt-PT","@id":"https:\/\/gesport.unizar.es\/#\/schema\/logo\/image\/","url":"http:\/\/gesport.unizar.es\/wp-content\/uploads\/2018\/12\/4.jpg","contentUrl":"http:\/\/gesport.unizar.es\/wp-content\/uploads\/2018\/12\/4.jpg","width":400,"height":400,"caption":"GESPORT Erasmus+"},"image":{"@id":"https:\/\/gesport.unizar.es\/#\/schema\/logo\/image\/"}}]}},"_links":{"self":[{"href":"https:\/\/gesport.unizar.es\/pt\/wp-json\/wp\/v2\/pages\/352"}],"collection":[{"href":"https:\/\/gesport.unizar.es\/pt\/wp-json\/wp\/v2\/pages"}],"about":[{"href":"https:\/\/gesport.unizar.es\/pt\/wp-json\/wp\/v2\/types\/page"}],"author":[{"embeddable":true,"href":"https:\/\/gesport.unizar.es\/pt\/wp-json\/wp\/v2\/users\/3"}],"replies":[{"embeddable":true,"href":"https:\/\/gesport.unizar.es\/pt\/wp-json\/wp\/v2\/comments?post=352"}],"version-history":[{"count":225,"href":"https:\/\/gesport.unizar.es\/pt\/wp-json\/wp\/v2\/pages\/352\/revisions"}],"predecessor-version":[{"id":9732,"href":"https:\/\/gesport.unizar.es\/pt\/wp-json\/wp\/v2\/pages\/352\/revisions\/9732"}],"wp:attachment":[{"href":"https:\/\/gesport.unizar.es\/pt\/wp-json\/wp\/v2\/media?parent=352"}],"curies":[{"name":"wp","href":"https:\/\/api.w.org\/{rel}","templated":true}]}}