{"id":179,"date":"2018-07-08T20:07:48","date_gmt":"2018-07-08T20:07:48","guid":{"rendered":"http:\/\/gesport.unizar.es\/?page_id=179"},"modified":"2022-09-16T15:32:04","modified_gmt":"2022-09-16T15:32:04","slug":"gesport-project","status":"publish","type":"page","link":"https:\/\/gesport.unizar.es\/pt\/gesport-project\/","title":{"rendered":"Projeto Gesport"},"content":{"rendered":"<div id=\"gt-lang-src\">\n<div id=\"gt-sl-sugg\" class=\"gt-lang-sugg-message goog-inline-block je\"><\/div>\n<\/div>\n<div id=\"gt-res-c\" class=\"g-unit\">\n<div id=\"gt-res-p\">\n<div id=\"gt-res-data\">\n<div id=\"gt-res-wrap\">\n<div id=\"gt-res-content\">\n<h1 id=\"gt-res-dir-ctr\" class=\"trans-verified-button-small\" dir=\"ltr\"><span id=\"result_box\" class=\"\" lang=\"pt\"><span title=\"GESPORT+, CORPORATE GOVERNANCE IN SPORT ORGANIZATIONS: A GENDERED APPROACH \">GESPORT +, Governan\u00e7a corporativa nas <span id=\"result_box\" class=\"short_text\" lang=\"pt\"><span class=\"\">organiza\u00e7\u00f5es<\/span><\/span> despotivas: uma abordagem g\u00eaner<\/span><\/span><\/h1>\n<\/div>\n<\/div>\n<\/div>\n<\/div>\n<\/div>\n<p><img loading=\"lazy\" class=\"wp-image-187 alignleft\" src=\"http:\/\/gesport.unizar.es\/wp-content\/uploads\/2018\/07\/IMG_2.jpg\" alt=\"\" width=\"650\" height=\"\" srcset=\"https:\/\/gesport.unizar.es\/wp-content\/uploads\/2018\/07\/IMG_2.jpg 4496w, https:\/\/gesport.unizar.es\/wp-content\/uploads\/2018\/07\/IMG_2-300x187.jpg 300w, https:\/\/gesport.unizar.es\/wp-content\/uploads\/2018\/07\/IMG_2-768x478.jpg 768w, https:\/\/gesport.unizar.es\/wp-content\/uploads\/2018\/07\/IMG_2-1024x637.jpg 1024w\" sizes=\"(max-width: 4496px) 100vw, 4496px\" \/><span id=\"result_box\" class=\"\" lang=\"pt\"><span title=\"GESPORT+ project seeks to strengthen equality between men and women in decision- making spaces in sports organizations such as the board of directors.\"><strong>O projecto GESPORT +<\/strong> procura refor\u00e7ar a igualdade entre homens e mulheres nos espa\u00e7os de tomada de decis\u00e3o em organiza\u00e7\u00f5es desportivas, como o conselho de administra\u00e7\u00e3o. <\/span><span title=\"The primary objective of the project is to improve women\u2019s accessibility to the governing board of sports federations or associations of all sports under Erasmus + sports actions.\">O principal objectivo do projecto \u00e9 melhorar a acessibilidade das mulheres ao conselho directivo das federa\u00e7\u00f5es desportivas ou associa\u00e7\u00f5es de todos os desportos no \u00e2mbito de ac\u00e7\u00f5es desportivas Erasmus +. <\/span><span title=\"Its results are expected to contribute to detecting possible measures to promote gender balance in corporate governance decision-making in sports organizations.\">Espera-se que seus resultados contribuam para detectar poss\u00edveis medidas para promover o equil\u00edbrio de g\u00eanero na tomada de decis\u00f5es de governan\u00e7a corporativa em organiza\u00e7\u00f5es esportivas. <\/span><span title=\"By taking into account the experiences of female directors who have overcome the glass ceiling, or the glass cliff, this project aims to empower other women in their career advancement.\">Ao levar em conta as experi\u00eancias de diretores do sexo feminino que superaram o teto de vidro, ou o penhasco de vidro, este projeto visa capacitar outras mulheres em seu avan\u00e7o na carreira. <\/span><span title=\"In the last decade, many countries have adopted different initiatives to enact gender equality and advance towards a more egalitarian, just and democratic society.\">Na \u00faltima d\u00e9cada, muitos pa\u00edses adotaram diferentes iniciativas para promulgar a igualdade de g\u00eanero e avan\u00e7ar rumo a uma sociedade mais igualit\u00e1ria, justa e democr\u00e1tica. <\/span><span title=\"Also, numerous codes of good governance have been published in many countries around the world with recommendations on good corporate governance for large organizations, especially for listed companies.\">Al\u00e9m disso, numerosos c\u00f3digos de boa governan\u00e7a foram publicados em muitos pa\u00edses ao redor do mundo com recomenda\u00e7\u00f5es sobre boa governan\u00e7a corporativa para grandes organiza\u00e7\u00f5es, especialmente para empresas listadas. <\/span><span title=\"However, in the field of sport, although the European expert group in good governance notes that it remains a priority for governments and stakeholders, studies are scarce, and the existing research shows the low participation of women in all spheres of decision-making.\">No entanto, no campo do desporto, embora o grupo de peritos europeus em boa governa\u00e7\u00e3o observe que continua a ser uma prioridade para os governos e partes interessadas, os estudos s\u00e3o escassos e a pesquisa existente mostra a baixa participa\u00e7\u00e3o das mulheres em todas as esferas de decis\u00e3o. <\/span><span title=\"A better understanding of the representation of women on the boards of directors in European sporting organizations could identify what gender policies can be proposed and existing ones improved, both by the EU and by individual member countries, to increase women participation in leadership positions of sports organizations\">Uma melhor compreens\u00e3o da representa\u00e7\u00e3o das mulheres nos conselhos de administra\u00e7\u00e3o das organiza\u00e7\u00f5es desportivas europeias poderia identificar quais as pol\u00edticas de g\u00e9nero que podem ser propostas e as existentes melhoradas, tanto pela UE como por pa\u00edses membros individuais, para aumentar a participa\u00e7\u00e3o das mulheres em posi\u00e7\u00f5es de lideran\u00e7a de organiza\u00e7\u00f5es desportivas. <\/span><span title=\".\">. <\/span><span title=\"Making visible the experiences of women, their roles on the boards of directors, the corporate governance practices in their sports organizations, and the problems and the limitations they face in their daily professional lives, can help other women to better manage their careers in the contexts\">Tornar vis\u00edveis as experi\u00eancias das mulheres, seus pap\u00e9is nos conselhos de administra\u00e7\u00e3o, as pr\u00e1ticas de governan\u00e7a corporativa em suas organiza\u00e7\u00f5es esportivas e os problemas e limita\u00e7\u00f5es que enfrentam em suas vidas profissionais di\u00e1rias podem ajudar outras mulheres a administrarem melhor suas carreiras nos contextos. <\/span><span title=\"where the decision-making process is generated.\">onde o processo de tomada de decis\u00e3o \u00e9 gerado.<\/span><\/span><\/p>\n","protected":false},"excerpt":{"rendered":"<p>GESPORT +, Governan\u00e7a corporativa nas organiza\u00e7\u00f5es despotivas: uma abordagem g\u00eaner O projecto GESPORT + procura refor\u00e7ar a igualdade entre homens e mulheres nos espa\u00e7os de tomada de decis\u00e3o em organiza\u00e7\u00f5es desportivas, como o conselho de administra\u00e7\u00e3o. O principal objectivo do projecto \u00e9 melhorar a acessibilidade das mulheres ao conselho directivo das federa\u00e7\u00f5es desportivas ou associa\u00e7\u00f5es &hellip;<\/p>\n<p class=\"read-more\"> <a class=\"\" href=\"https:\/\/gesport.unizar.es\/pt\/gesport-project\/\"> <span class=\"screen-reader-text\">Projeto Gesport<\/span> Read More &raquo;<\/a><\/p>\n","protected":false},"author":3,"featured_media":0,"parent":0,"menu_order":0,"comment_status":"closed","ping_status":"closed","template":"","meta":{"site-sidebar-layout":"default","site-content-layout":"default","ast-global-header-display":"","ast-main-header-display":"","ast-hfb-above-header-display":"","ast-hfb-below-header-display":"","ast-hfb-mobile-header-display":"","site-post-title":"","ast-breadcrumbs-content":"","ast-featured-img":"","footer-sml-layout":"","theme-transparent-header-meta":"default","adv-header-id-meta":"","stick-header-meta":"","header-above-stick-meta":"","header-main-stick-meta":"","header-below-stick-meta":""},"translation":{"provider":"WPGlobus","version":"2.10.4","language":"pt","enabled_languages":["gb","es","tr","it","pt"],"languages":{"gb":{"title":true,"content":true,"excerpt":false},"es":{"title":true,"content":true,"excerpt":false},"tr":{"title":true,"content":true,"excerpt":false},"it":{"title":true,"content":true,"excerpt":false},"pt":{"title":true,"content":true,"excerpt":false}}},"yoast_head":"<!-- This site is optimized with the Yoast SEO plugin v19.7.1 - https:\/\/yoast.com\/wordpress\/plugins\/seo\/ -->\n<title>Projeto Gesport - GESPORT+<\/title>\n<meta name=\"robots\" content=\"index, follow, max-snippet:-1, max-image-preview:large, max-video-preview:-1\" \/>\n<link rel=\"canonical\" href=\"https:\/\/gesport.unizar.es\/gesport-project\/\" \/>\n<meta property=\"og:locale\" content=\"pt_PT\" \/>\n<meta property=\"og:type\" content=\"article\" \/>\n<meta property=\"og:title\" content=\"Projeto Gesport - GESPORT+\" \/>\n<meta property=\"og:url\" content=\"https:\/\/gesport.unizar.es\/gesport-project\/\" \/>\n<meta property=\"og:site_name\" content=\"GESPORT+\" \/>\n<meta property=\"article:modified_time\" content=\"2022-09-16T15:32:04+00:00\" \/>\n<meta property=\"og:image\" content=\"http:\/\/gesport.unizar.es\/wp-content\/uploads\/2018\/07\/IMG_2.jpg\" \/>\n<meta name=\"twitter:card\" content=\"summary_large_image\" \/>\n<meta name=\"twitter:label1\" content=\"Est. reading time\" \/>\n\t<meta name=\"twitter:data1\" content=\"2 minutes\" \/>\n<script type=\"application\/ld+json\" class=\"yoast-schema-graph\">{\"@context\":\"https:\/\/schema.org\",\"@graph\":[{\"@type\":\"WebPage\",\"@id\":\"https:\/\/gesport.unizar.es\/gesport-project\/\",\"url\":\"https:\/\/gesport.unizar.es\/gesport-project\/\",\"name\":\"Projeto Gesport - GESPORT+\",\"isPartOf\":{\"@id\":\"https:\/\/gesport.unizar.es\/#website\"},\"datePublished\":\"2018-07-08T20:07:48+00:00\",\"dateModified\":\"2022-09-16T15:32:04+00:00\",\"breadcrumb\":{\"@id\":\"https:\/\/gesport.unizar.es\/gesport-project\/#breadcrumb\"},\"inLanguage\":\"pt-PT\",\"potentialAction\":[{\"@type\":\"ReadAction\",\"target\":[\"https:\/\/gesport.unizar.es\/gesport-project\/\"]}]},{\"@type\":\"BreadcrumbList\",\"@id\":\"https:\/\/gesport.unizar.es\/gesport-project\/#breadcrumb\",\"itemListElement\":[{\"@type\":\"ListItem\",\"position\":1,\"name\":\"Portada\",\"item\":\"https:\/\/gesport.unizar.es\/\"},{\"@type\":\"ListItem\",\"position\":2,\"name\":\"PROYECTO GESPORT\"}]},{\"@type\":\"WebSite\",\"@id\":\"https:\/\/gesport.unizar.es\/#website\",\"url\":\"https:\/\/gesport.unizar.es\/\",\"name\":\"GESPORT+\",\"description\":\"Corporate governance in sport organizations:  a gendered approach\",\"publisher\":{\"@id\":\"https:\/\/gesport.unizar.es\/#organization\"},\"potentialAction\":[{\"@type\":\"SearchAction\",\"target\":{\"@type\":\"EntryPoint\",\"urlTemplate\":\"https:\/\/gesport.unizar.es\/?s={search_term_string}\"},\"query-input\":\"required name=search_term_string\"}],\"inLanguage\":\"pt-PT\"},{\"@type\":\"Organization\",\"@id\":\"https:\/\/gesport.unizar.es\/#organization\",\"name\":\"GESPORT Erasmus+\",\"url\":\"https:\/\/gesport.unizar.es\/\",\"sameAs\":[],\"logo\":{\"@type\":\"ImageObject\",\"inLanguage\":\"pt-PT\",\"@id\":\"https:\/\/gesport.unizar.es\/#\/schema\/logo\/image\/\",\"url\":\"http:\/\/gesport.unizar.es\/wp-content\/uploads\/2018\/12\/4.jpg\",\"contentUrl\":\"http:\/\/gesport.unizar.es\/wp-content\/uploads\/2018\/12\/4.jpg\",\"width\":400,\"height\":400,\"caption\":\"GESPORT Erasmus+\"},\"image\":{\"@id\":\"https:\/\/gesport.unizar.es\/#\/schema\/logo\/image\/\"}}]}<\/script>\n<!-- \/ Yoast SEO plugin. -->","yoast_head_json":{"title":"Projeto Gesport - GESPORT+","robots":{"index":"index","follow":"follow","max-snippet":"max-snippet:-1","max-image-preview":"max-image-preview:large","max-video-preview":"max-video-preview:-1"},"canonical":"https:\/\/gesport.unizar.es\/gesport-project\/","og_locale":"pt_PT","og_type":"article","og_title":"Projeto Gesport - GESPORT+","og_url":"https:\/\/gesport.unizar.es\/gesport-project\/","og_site_name":"GESPORT+","article_modified_time":"2022-09-16T15:32:04+00:00","og_image":[{"url":"http:\/\/gesport.unizar.es\/wp-content\/uploads\/2018\/07\/IMG_2.jpg"}],"twitter_card":"summary_large_image","twitter_misc":{"Est. reading time":"2 minutes"},"schema":{"@context":"https:\/\/schema.org","@graph":[{"@type":"WebPage","@id":"https:\/\/gesport.unizar.es\/gesport-project\/","url":"https:\/\/gesport.unizar.es\/gesport-project\/","name":"Projeto Gesport - GESPORT+","isPartOf":{"@id":"https:\/\/gesport.unizar.es\/#website"},"datePublished":"2018-07-08T20:07:48+00:00","dateModified":"2022-09-16T15:32:04+00:00","breadcrumb":{"@id":"https:\/\/gesport.unizar.es\/gesport-project\/#breadcrumb"},"inLanguage":"pt-PT","potentialAction":[{"@type":"ReadAction","target":["https:\/\/gesport.unizar.es\/gesport-project\/"]}]},{"@type":"BreadcrumbList","@id":"https:\/\/gesport.unizar.es\/gesport-project\/#breadcrumb","itemListElement":[{"@type":"ListItem","position":1,"name":"Portada","item":"https:\/\/gesport.unizar.es\/"},{"@type":"ListItem","position":2,"name":"PROYECTO GESPORT"}]},{"@type":"WebSite","@id":"https:\/\/gesport.unizar.es\/#website","url":"https:\/\/gesport.unizar.es\/","name":"GESPORT+","description":"Corporate governance in sport organizations:  a gendered approach","publisher":{"@id":"https:\/\/gesport.unizar.es\/#organization"},"potentialAction":[{"@type":"SearchAction","target":{"@type":"EntryPoint","urlTemplate":"https:\/\/gesport.unizar.es\/?s={search_term_string}"},"query-input":"required name=search_term_string"}],"inLanguage":"pt-PT"},{"@type":"Organization","@id":"https:\/\/gesport.unizar.es\/#organization","name":"GESPORT Erasmus+","url":"https:\/\/gesport.unizar.es\/","sameAs":[],"logo":{"@type":"ImageObject","inLanguage":"pt-PT","@id":"https:\/\/gesport.unizar.es\/#\/schema\/logo\/image\/","url":"http:\/\/gesport.unizar.es\/wp-content\/uploads\/2018\/12\/4.jpg","contentUrl":"http:\/\/gesport.unizar.es\/wp-content\/uploads\/2018\/12\/4.jpg","width":400,"height":400,"caption":"GESPORT Erasmus+"},"image":{"@id":"https:\/\/gesport.unizar.es\/#\/schema\/logo\/image\/"}}]}},"_links":{"self":[{"href":"https:\/\/gesport.unizar.es\/pt\/wp-json\/wp\/v2\/pages\/179"}],"collection":[{"href":"https:\/\/gesport.unizar.es\/pt\/wp-json\/wp\/v2\/pages"}],"about":[{"href":"https:\/\/gesport.unizar.es\/pt\/wp-json\/wp\/v2\/types\/page"}],"author":[{"embeddable":true,"href":"https:\/\/gesport.unizar.es\/pt\/wp-json\/wp\/v2\/users\/3"}],"replies":[{"embeddable":true,"href":"https:\/\/gesport.unizar.es\/pt\/wp-json\/wp\/v2\/comments?post=179"}],"version-history":[{"count":35,"href":"https:\/\/gesport.unizar.es\/pt\/wp-json\/wp\/v2\/pages\/179\/revisions"}],"predecessor-version":[{"id":9073,"href":"https:\/\/gesport.unizar.es\/pt\/wp-json\/wp\/v2\/pages\/179\/revisions\/9073"}],"wp:attachment":[{"href":"https:\/\/gesport.unizar.es\/pt\/wp-json\/wp\/v2\/media?parent=179"}],"curies":[{"name":"wp","href":"https:\/\/api.w.org\/{rel}","templated":true}]}}