{"id":8789,"date":"2022-08-02T12:25:15","date_gmt":"2022-08-02T12:25:15","guid":{"rendered":"https:\/\/gesport.unizar.es\/?page_id=8789"},"modified":"2023-06-26T00:42:37","modified_gmt":"2023-06-26T00:42:37","slug":"article-a-cross-country-analysis-of-the-impacts-of-gender-targets-on-the-boards-diversity-of-the-nsfs","status":"publish","type":"page","link":"https:\/\/gesport.unizar.es\/it\/article-a-cross-country-analysis-of-the-impacts-of-gender-targets-on-the-boards-diversity-of-the-nsfs\/","title":{"rendered":"A cross-country analysis of the impacts of gender targets on the boards\u2019 diversity of the national sports federations"},"content":{"rendered":"\n<div class=\"wp-block-file\"><object class=\"wp-block-file__embed\" data=\"https:\/\/gesport.unizar.es\/wp-content\/uploads\/2023\/06\/Esteban-et-al_2022_1-2.pdf\" type=\"application\/pdf\" style=\"width:100%;height:600px\" aria-label=\"Incrustado de Esteban et al_2022_1.\"><\/object><a id=\"wp-block-file--media-fedc1c91-ee3a-4550-8660-85465f27c979\" href=\"https:\/\/gesport.unizar.es\/wp-content\/uploads\/2023\/06\/Esteban-et-al_2022_1-2.pdf\">Esteban et al_2022_1<\/a><a href=\"https:\/\/gesport.unizar.es\/wp-content\/uploads\/2023\/06\/Esteban-et-al_2022_1-2.pdf\" class=\"wp-block-file__button\" download aria-describedby=\"wp-block-file--media-fedc1c91-ee3a-4550-8660-85465f27c979\">Descarga<\/a><\/div>\n\n\n\n<p><\/p>\n","protected":false},"excerpt":{"rendered":"","protected":false},"author":3,"featured_media":0,"parent":0,"menu_order":0,"comment_status":"closed","ping_status":"closed","template":"","meta":{"site-sidebar-layout":"default","site-content-layout":"default","ast-global-header-display":"","ast-main-header-display":"","ast-hfb-above-header-display":"","ast-hfb-below-header-display":"","ast-hfb-mobile-header-display":"","site-post-title":"","ast-breadcrumbs-content":"","ast-featured-img":"","footer-sml-layout":"","theme-transparent-header-meta":"","adv-header-id-meta":"","stick-header-meta":"","header-above-stick-meta":"","header-main-stick-meta":"","header-below-stick-meta":""},"translation":{"provider":"WPGlobus","version":"2.10.4","language":"it","enabled_languages":["gb","es","tr","it","pt"],"languages":{"gb":{"title":true,"content":true,"excerpt":false},"es":{"title":true,"content":true,"excerpt":false},"tr":{"title":true,"content":true,"excerpt":false},"it":{"title":false,"content":true,"excerpt":false},"pt":{"title":true,"content":true,"excerpt":false}}},"yoast_head":"<!-- This site is optimized with the Yoast SEO plugin v19.7.1 - https:\/\/yoast.com\/wordpress\/plugins\/seo\/ -->\n<title>- GESPORT+<\/title>\n<meta name=\"robots\" content=\"index, follow, max-snippet:-1, max-image-preview:large, max-video-preview:-1\" \/>\n<link rel=\"canonical\" href=\"https:\/\/gesport.unizar.es\/article-a-cross-country-analysis-of-the-impacts-of-gender-targets-on-the-boards-diversity-of-the-nsfs\/\" \/>\n<meta property=\"og:locale\" content=\"it_IT\" \/>\n<meta property=\"og:type\" content=\"article\" \/>\n<meta property=\"og:title\" content=\"- GESPORT+\" \/>\n<meta property=\"og:url\" content=\"https:\/\/gesport.unizar.es\/article-a-cross-country-analysis-of-the-impacts-of-gender-targets-on-the-boards-diversity-of-the-nsfs\/\" \/>\n<meta property=\"og:site_name\" content=\"GESPORT+\" \/>\n<meta property=\"article:modified_time\" content=\"2023-06-26T00:42:37+00:00\" \/>\n<meta name=\"twitter:card\" content=\"summary_large_image\" \/>\n<meta name=\"twitter:label1\" content=\"Est. reading time\" \/>\n\t<meta name=\"twitter:data1\" content=\"3 minutes\" \/>\n<script type=\"application\/ld+json\" class=\"yoast-schema-graph\">{\"@context\":\"https:\/\/schema.org\",\"@graph\":[{\"@type\":\"WebPage\",\"@id\":\"https:\/\/gesport.unizar.es\/article-a-cross-country-analysis-of-the-impacts-of-gender-targets-on-the-boards-diversity-of-the-nsfs\/\",\"url\":\"https:\/\/gesport.unizar.es\/article-a-cross-country-analysis-of-the-impacts-of-gender-targets-on-the-boards-diversity-of-the-nsfs\/\",\"name\":\"- GESPORT+\",\"isPartOf\":{\"@id\":\"https:\/\/gesport.unizar.es\/#website\"},\"datePublished\":\"2022-08-02T12:25:15+00:00\",\"dateModified\":\"2023-06-26T00:42:37+00:00\",\"breadcrumb\":{\"@id\":\"https:\/\/gesport.unizar.es\/article-a-cross-country-analysis-of-the-impacts-of-gender-targets-on-the-boards-diversity-of-the-nsfs\/#breadcrumb\"},\"inLanguage\":\"it-IT\",\"potentialAction\":[{\"@type\":\"ReadAction\",\"target\":[\"https:\/\/gesport.unizar.es\/article-a-cross-country-analysis-of-the-impacts-of-gender-targets-on-the-boards-diversity-of-the-nsfs\/\"]}]},{\"@type\":\"BreadcrumbList\",\"@id\":\"https:\/\/gesport.unizar.es\/article-a-cross-country-analysis-of-the-impacts-of-gender-targets-on-the-boards-diversity-of-the-nsfs\/#breadcrumb\",\"itemListElement\":[{\"@type\":\"ListItem\",\"position\":1,\"name\":\"Portada\",\"item\":\"https:\/\/gesport.unizar.es\/\"},{\"@type\":\"ListItem\",\"position\":2,\"name\":\"Art\u00edculo: Un an\u00e1lisis transnacional de los efectos de los objetivos de g\u00e9nero en la diversidad de las juntas directivas de las federaciones nacionales deportivas\ufffc\"}]},{\"@type\":\"WebSite\",\"@id\":\"https:\/\/gesport.unizar.es\/#website\",\"url\":\"https:\/\/gesport.unizar.es\/\",\"name\":\"GESPORT+\",\"description\":\"Corporate governance in sport organizations:  a gendered approach\",\"publisher\":{\"@id\":\"https:\/\/gesport.unizar.es\/#organization\"},\"potentialAction\":[{\"@type\":\"SearchAction\",\"target\":{\"@type\":\"EntryPoint\",\"urlTemplate\":\"https:\/\/gesport.unizar.es\/?s={search_term_string}\"},\"query-input\":\"required name=search_term_string\"}],\"inLanguage\":\"it-IT\"},{\"@type\":\"Organization\",\"@id\":\"https:\/\/gesport.unizar.es\/#organization\",\"name\":\"GESPORT Erasmus+\",\"url\":\"https:\/\/gesport.unizar.es\/\",\"sameAs\":[],\"logo\":{\"@type\":\"ImageObject\",\"inLanguage\":\"it-IT\",\"@id\":\"https:\/\/gesport.unizar.es\/#\/schema\/logo\/image\/\",\"url\":\"http:\/\/gesport.unizar.es\/wp-content\/uploads\/2018\/12\/4.jpg\",\"contentUrl\":\"http:\/\/gesport.unizar.es\/wp-content\/uploads\/2018\/12\/4.jpg\",\"width\":400,\"height\":400,\"caption\":\"GESPORT Erasmus+\"},\"image\":{\"@id\":\"https:\/\/gesport.unizar.es\/#\/schema\/logo\/image\/\"}}]}<\/script>\n<!-- \/ Yoast SEO plugin. -->","yoast_head_json":{"title":"- GESPORT+","robots":{"index":"index","follow":"follow","max-snippet":"max-snippet:-1","max-image-preview":"max-image-preview:large","max-video-preview":"max-video-preview:-1"},"canonical":"https:\/\/gesport.unizar.es\/article-a-cross-country-analysis-of-the-impacts-of-gender-targets-on-the-boards-diversity-of-the-nsfs\/","og_locale":"it_IT","og_type":"article","og_title":"- GESPORT+","og_url":"https:\/\/gesport.unizar.es\/article-a-cross-country-analysis-of-the-impacts-of-gender-targets-on-the-boards-diversity-of-the-nsfs\/","og_site_name":"GESPORT+","article_modified_time":"2023-06-26T00:42:37+00:00","twitter_card":"summary_large_image","twitter_misc":{"Est. reading time":"3 minutes"},"schema":{"@context":"https:\/\/schema.org","@graph":[{"@type":"WebPage","@id":"https:\/\/gesport.unizar.es\/article-a-cross-country-analysis-of-the-impacts-of-gender-targets-on-the-boards-diversity-of-the-nsfs\/","url":"https:\/\/gesport.unizar.es\/article-a-cross-country-analysis-of-the-impacts-of-gender-targets-on-the-boards-diversity-of-the-nsfs\/","name":"- GESPORT+","isPartOf":{"@id":"https:\/\/gesport.unizar.es\/#website"},"datePublished":"2022-08-02T12:25:15+00:00","dateModified":"2023-06-26T00:42:37+00:00","breadcrumb":{"@id":"https:\/\/gesport.unizar.es\/article-a-cross-country-analysis-of-the-impacts-of-gender-targets-on-the-boards-diversity-of-the-nsfs\/#breadcrumb"},"inLanguage":"it-IT","potentialAction":[{"@type":"ReadAction","target":["https:\/\/gesport.unizar.es\/article-a-cross-country-analysis-of-the-impacts-of-gender-targets-on-the-boards-diversity-of-the-nsfs\/"]}]},{"@type":"BreadcrumbList","@id":"https:\/\/gesport.unizar.es\/article-a-cross-country-analysis-of-the-impacts-of-gender-targets-on-the-boards-diversity-of-the-nsfs\/#breadcrumb","itemListElement":[{"@type":"ListItem","position":1,"name":"Portada","item":"https:\/\/gesport.unizar.es\/"},{"@type":"ListItem","position":2,"name":"Art\u00edculo: Un an\u00e1lisis transnacional de los efectos de los objetivos de g\u00e9nero en la diversidad de las juntas directivas de las federaciones nacionales deportivas\ufffc"}]},{"@type":"WebSite","@id":"https:\/\/gesport.unizar.es\/#website","url":"https:\/\/gesport.unizar.es\/","name":"GESPORT+","description":"Corporate governance in sport organizations:  a gendered approach","publisher":{"@id":"https:\/\/gesport.unizar.es\/#organization"},"potentialAction":[{"@type":"SearchAction","target":{"@type":"EntryPoint","urlTemplate":"https:\/\/gesport.unizar.es\/?s={search_term_string}"},"query-input":"required name=search_term_string"}],"inLanguage":"it-IT"},{"@type":"Organization","@id":"https:\/\/gesport.unizar.es\/#organization","name":"GESPORT Erasmus+","url":"https:\/\/gesport.unizar.es\/","sameAs":[],"logo":{"@type":"ImageObject","inLanguage":"it-IT","@id":"https:\/\/gesport.unizar.es\/#\/schema\/logo\/image\/","url":"http:\/\/gesport.unizar.es\/wp-content\/uploads\/2018\/12\/4.jpg","contentUrl":"http:\/\/gesport.unizar.es\/wp-content\/uploads\/2018\/12\/4.jpg","width":400,"height":400,"caption":"GESPORT Erasmus+"},"image":{"@id":"https:\/\/gesport.unizar.es\/#\/schema\/logo\/image\/"}}]}},"_links":{"self":[{"href":"https:\/\/gesport.unizar.es\/it\/wp-json\/wp\/v2\/pages\/8789"}],"collection":[{"href":"https:\/\/gesport.unizar.es\/it\/wp-json\/wp\/v2\/pages"}],"about":[{"href":"https:\/\/gesport.unizar.es\/it\/wp-json\/wp\/v2\/types\/page"}],"author":[{"embeddable":true,"href":"https:\/\/gesport.unizar.es\/it\/wp-json\/wp\/v2\/users\/3"}],"replies":[{"embeddable":true,"href":"https:\/\/gesport.unizar.es\/it\/wp-json\/wp\/v2\/comments?post=8789"}],"version-history":[{"count":31,"href":"https:\/\/gesport.unizar.es\/it\/wp-json\/wp\/v2\/pages\/8789\/revisions"}],"predecessor-version":[{"id":10936,"href":"https:\/\/gesport.unizar.es\/it\/wp-json\/wp\/v2\/pages\/8789\/revisions\/10936"}],"wp:attachment":[{"href":"https:\/\/gesport.unizar.es\/it\/wp-json\/wp\/v2\/media?parent=8789"}],"curies":[{"name":"wp","href":"https:\/\/api.w.org\/{rel}","templated":true}]}}