{"id":8757,"date":"2022-08-02T11:23:05","date_gmt":"2022-08-02T11:23:05","guid":{"rendered":"https:\/\/gesport.unizar.es\/?page_id=8757"},"modified":"2022-10-01T22:27:03","modified_gmt":"2022-10-01T22:27:03","slug":"6-article-female-chairs-in-the-boards-of-european-nsfs-a-comparative-study","status":"publish","type":"page","link":"https:\/\/gesport.unizar.es\/it\/6-article-female-chairs-in-the-boards-of-european-nsfs-a-comparative-study\/","title":{"rendered":"Articolo scientifico \u201cPresidenti donne nei Consigli delle Federazioni Sportive Nazionali Europee: Uno Studio Comparativo\ufffc"},"content":{"rendered":"\n<p>Questo articolo mette a confronto i cinque paesi coinvolti nel progetto GESPORT (Italia, Portogallo, Spagna, Turchia e Regno Unito) in termini di presenza femminile nel ruolo di presidente nelle FSN. Mira, inoltre, a verificare se alcune variabili producono un impatto sulla probabilit\u00e0 di avere una donna alla presidenza di una FSN. Oltre a finalit\u00e0 descrittive, quindi, l&#8217;articolo si propone di contribuire alla conoscenza dei fattori che promuovono la leadership femminile nello sport.<\/p>\n\n\n\n<p>Partendo dal presupposto che a livello internazionale sono pochissime le donne presidenti di federazioni sportive, l&#8217;articolo, dopo aver rilevato quante sono le presidenti donne presenti nelle FSN dei cinque Paesi presi in esame, verifica se alcune variabili abbiano influito sulla probabilit\u00e0 di avere un presidente donna. Le tre variabili riguardano alcuni aspetti organizzativi delle federazioni. Nello specifico si considera una variabile di governance (dimensione del consiglio federale); una sociologica (diversit\u00e0 di genere nel consiglio federale) e una demografica (data di istituzione della federazione).<\/p>\n\n\n\n<p>La scelta delle variabili \u00e8 dovuta al fatto che essere sono gi\u00e0 state messe in relazione in letteratura con la presenza di donne in posizioni apicali in diverse tipologie di organizzazioni e in diversi settori, compreso quello sportivo. Per valutare l&#8217;effetto delle suddette variabili \u00e8 stata applicata un&#8217;analisi di regressione logistica ad un campione di 297 FSN, quasi tutte le Federazioni dei cinque Paesi. Il campione \u00e8 equivalente a 55 Federazioni in Italia (18,5% del campione di 297), 56 in Portogallo (18,9%), 66 in Spagna (22,2%), 62 in Turchia (20,9%) e 58 nel Regno Unito (19,5 %). I dati sulle federazioni sono tratti dal primo database creato che \u00e8 stato costruito tra marzo e novembre 2018 sulla base delle informazioni disponibili dai siti web ufficiali delle FSN.<\/p>\n\n\n\n<p>L&#8217;analisi conferma che, nel periodo considerato, le FSN con una donna alla presidenza sono poche e rappresentano in media lo 0,07% del campione. Il paese con il maggior numero di presidenti donne \u00e8 il Regno Unito, con 13 presidenti donne. Seguono Spagna e Turchia, con tre presidenti donne. Il Portogallo ha due presidenti (9,1%) e l&#8217;Italia ha una sola presidente donna (4,5%). Il risultato pi\u00f9 interessante \u00e8 che le dimensioni del consiglio, la diversit\u00e0 di genere nello stesso e l&#8217;et\u00e0 dell&#8217;organizzazione non hanno effetti significativi sul genere del presidente nelle FSN. Inoltre, essere in Italia, Portogallo o Spagna, invece che nel \u00a0Regno Unito, influisce negativamente sulle probabilit\u00e0 di avere una donna come presidente del consiglio federale.<\/p>\n\n\n\n<p>Lo studio contribuisce in modo sostanziale sia alla letteratura sulle questioni di genere, sia a costituire una base informativa essenziale per i policy-makers. Quanto al contributo alla letteratura, va notato che quest&#8217;ultima ha sempre riscontrato, in contesti diversi dallo sport, che le tre variabili considerate influiscono in qualche modo sul genere delle posizioni di leadership. Il nostro studio rileva invece che non producono effetti nelle FSN, evidenziando queste ultime come dotate di caratteristiche peculiari rispetto ad altre tipologie di organizzazioni.<\/p>\n\n\n\n<p>Questo stesso risultato suggerisce ai policy-maker di essere pi\u00f9 incisivi nell\u2019adottare politiche di genere nel settore sportivo rispetto ad altri settori. Questa conclusione nasce dalla riflessione che la presidenza in questo tipo di organizzazione sportiva ha evidentemente un significato simbolico pi\u00f9 fortemente legato alla mascolinit\u00e0 rispetto ad altri contesti organizzativi. Soprattutto, il fatto che non sia stata trovata alcuna relazione significativa con la diversit\u00e0 di genere all&#8217;interno del consiglio federale suggerisce che la rappresentazione che la societ\u00e0 ha di un consigliere donna sia diversa da quella di una presidente donna in una FSN. Di conseguenza, le ragioni per avere una donna consigliera federale sono significativamente diverse dalle ragioni per avere una donna come presidente federale. Una versione preliminare di questo articolo pu\u00f2 essere scaricata da zenodo e dal sito web del progetto.<\/p>\n\n\n\n<p>Il riferimento bibliografico dell\u2019articolo \u00e8 il seguente:<\/p>\n\n\n\n<pre class=\"wp-block-preformatted\">Female Chairs on the Boards of European National Sports Federations: A Comparative Study. DOI: 10.5281\/zenodo.6834672<\/pre>\n\n\n\n<div class=\"inherit-container-width wp-container-9 wp-block-group alignfull\"><div class=\"wp-block-group__inner-container\">\n<div class=\"wp-container-8 wp-block-columns\">\n<div class=\"wp-container-7 wp-block-column\" style=\"flex-basis:100%\">\n<div class=\"wp-container-6 wp-block-columns\">\n<div class=\"wp-container-5 wp-block-column\" style=\"flex-basis:100%\">\n<div class=\"wp-container-4 wp-block-columns\">\n<div class=\"wp-container-3 wp-block-column\" style=\"flex-basis:100%\">\n<div class=\"wp-container-1 wp-block-buttons\">\n<div class=\"wp-block-button\"><a class=\"wp-block-button__link\" href=\"https:\/\/zenodo.org\/record\/6957060#.YupCBexBz0o\">Zenodo <\/a><\/div>\n<\/div>\n\n\n\n<div class=\"wp-container-2 wp-block-buttons\">\n<div class=\"wp-block-button\"><a class=\"wp-block-button__link\" href=\"https:\/\/www.researchgate.net\/publication\/362381737_Female_chairs_on_the_Boards_of_European_National_Sports_Federations_A_Comparative_Study\">Researchgate <\/a><\/div>\n<\/div>\n<\/div>\n<\/div>\n<\/div>\n<\/div>\n<\/div>\n<\/div>\n<\/div><\/div>\n","protected":false},"excerpt":{"rendered":"<p>Questo articolo mette a confronto i cinque paesi coinvolti nel progetto GESPORT (Italia, Portogallo, Spagna, Turchia e Regno Unito) in termini di presenza femminile nel ruolo di presidente nelle FSN. Mira, inoltre, a verificare se alcune variabili producono un impatto sulla probabilit\u00e0 di avere una donna alla presidenza di una FSN. Oltre a finalit\u00e0 descrittive, &hellip;<\/p>\n<p class=\"read-more\"> <a class=\"\" href=\"https:\/\/gesport.unizar.es\/it\/6-article-female-chairs-in-the-boards-of-european-nsfs-a-comparative-study\/\"> <span class=\"screen-reader-text\">Articolo scientifico \u201cPresidenti donne nei Consigli delle Federazioni Sportive Nazionali Europee: Uno Studio Comparativo\ufffc<\/span> Read More &raquo;<\/a><\/p>\n","protected":false},"author":3,"featured_media":0,"parent":0,"menu_order":0,"comment_status":"closed","ping_status":"closed","template":"","meta":{"site-sidebar-layout":"default","site-content-layout":"default","ast-global-header-display":"","ast-main-header-display":"","ast-hfb-above-header-display":"","ast-hfb-below-header-display":"","ast-hfb-mobile-header-display":"","site-post-title":"","ast-breadcrumbs-content":"","ast-featured-img":"","footer-sml-layout":"","theme-transparent-header-meta":"","adv-header-id-meta":"","stick-header-meta":"","header-above-stick-meta":"","header-main-stick-meta":"","header-below-stick-meta":""},"translation":{"provider":"WPGlobus","version":"2.10.4","language":"it","enabled_languages":["gb","es","tr","it","pt"],"languages":{"gb":{"title":true,"content":true,"excerpt":false},"es":{"title":true,"content":true,"excerpt":false},"tr":{"title":true,"content":true,"excerpt":false},"it":{"title":true,"content":true,"excerpt":false},"pt":{"title":true,"content":true,"excerpt":false}}},"yoast_head":"<!-- This site is optimized with the Yoast SEO plugin v19.7.1 - https:\/\/yoast.com\/wordpress\/plugins\/seo\/ -->\n<title>Articolo scientifico \u201cPresidenti donne nei Consigli delle Federazioni Sportive Nazionali Europee: Uno Studio Comparativo\ufffc - GESPORT+<\/title>\n<meta name=\"robots\" content=\"index, follow, max-snippet:-1, max-image-preview:large, max-video-preview:-1\" \/>\n<link rel=\"canonical\" href=\"https:\/\/gesport.unizar.es\/6-article-female-chairs-in-the-boards-of-european-nsfs-a-comparative-study\/\" \/>\n<meta property=\"og:locale\" content=\"it_IT\" \/>\n<meta property=\"og:type\" content=\"article\" \/>\n<meta property=\"og:title\" content=\"Articolo scientifico \u201cPresidenti donne nei Consigli delle Federazioni Sportive Nazionali Europee: Uno Studio Comparativo\ufffc - GESPORT+\" \/>\n<meta property=\"og:url\" content=\"https:\/\/gesport.unizar.es\/6-article-female-chairs-in-the-boards-of-european-nsfs-a-comparative-study\/\" \/>\n<meta property=\"og:site_name\" content=\"GESPORT+\" \/>\n<meta property=\"article:modified_time\" content=\"2022-10-01T22:27:03+00:00\" \/>\n<meta name=\"twitter:card\" content=\"summary_large_image\" \/>\n<meta name=\"twitter:label1\" content=\"Est. reading time\" \/>\n\t<meta name=\"twitter:data1\" content=\"4 minutes\" \/>\n<script type=\"application\/ld+json\" class=\"yoast-schema-graph\">{\"@context\":\"https:\/\/schema.org\",\"@graph\":[{\"@type\":\"WebPage\",\"@id\":\"https:\/\/gesport.unizar.es\/6-article-female-chairs-in-the-boards-of-european-nsfs-a-comparative-study\/\",\"url\":\"https:\/\/gesport.unizar.es\/6-article-female-chairs-in-the-boards-of-european-nsfs-a-comparative-study\/\",\"name\":\"Articolo scientifico \u201cPresidenti donne nei Consigli delle Federazioni Sportive Nazionali Europee: Uno Studio Comparativo\ufffc - GESPORT+\",\"isPartOf\":{\"@id\":\"https:\/\/gesport.unizar.es\/#website\"},\"datePublished\":\"2022-08-02T11:23:05+00:00\",\"dateModified\":\"2022-10-01T22:27:03+00:00\",\"breadcrumb\":{\"@id\":\"https:\/\/gesport.unizar.es\/6-article-female-chairs-in-the-boards-of-european-nsfs-a-comparative-study\/#breadcrumb\"},\"inLanguage\":\"it-IT\",\"potentialAction\":[{\"@type\":\"ReadAction\",\"target\":[\"https:\/\/gesport.unizar.es\/6-article-female-chairs-in-the-boards-of-european-nsfs-a-comparative-study\/\"]}]},{\"@type\":\"BreadcrumbList\",\"@id\":\"https:\/\/gesport.unizar.es\/6-article-female-chairs-in-the-boards-of-european-nsfs-a-comparative-study\/#breadcrumb\",\"itemListElement\":[{\"@type\":\"ListItem\",\"position\":1,\"name\":\"Portada\",\"item\":\"https:\/\/gesport.unizar.es\/\"},{\"@type\":\"ListItem\",\"position\":2,\"name\":\"Art\u00edculo: Mujeres presidentas en las juntas directivas de las federaciones nacionales deportivas europeas: un estudio comparativo\"}]},{\"@type\":\"WebSite\",\"@id\":\"https:\/\/gesport.unizar.es\/#website\",\"url\":\"https:\/\/gesport.unizar.es\/\",\"name\":\"GESPORT+\",\"description\":\"Corporate governance in sport organizations:  a gendered approach\",\"publisher\":{\"@id\":\"https:\/\/gesport.unizar.es\/#organization\"},\"potentialAction\":[{\"@type\":\"SearchAction\",\"target\":{\"@type\":\"EntryPoint\",\"urlTemplate\":\"https:\/\/gesport.unizar.es\/?s={search_term_string}\"},\"query-input\":\"required name=search_term_string\"}],\"inLanguage\":\"it-IT\"},{\"@type\":\"Organization\",\"@id\":\"https:\/\/gesport.unizar.es\/#organization\",\"name\":\"GESPORT Erasmus+\",\"url\":\"https:\/\/gesport.unizar.es\/\",\"sameAs\":[],\"logo\":{\"@type\":\"ImageObject\",\"inLanguage\":\"it-IT\",\"@id\":\"https:\/\/gesport.unizar.es\/#\/schema\/logo\/image\/\",\"url\":\"http:\/\/gesport.unizar.es\/wp-content\/uploads\/2018\/12\/4.jpg\",\"contentUrl\":\"http:\/\/gesport.unizar.es\/wp-content\/uploads\/2018\/12\/4.jpg\",\"width\":400,\"height\":400,\"caption\":\"GESPORT Erasmus+\"},\"image\":{\"@id\":\"https:\/\/gesport.unizar.es\/#\/schema\/logo\/image\/\"}}]}<\/script>\n<!-- \/ Yoast SEO plugin. -->","yoast_head_json":{"title":"Articolo scientifico \u201cPresidenti donne nei Consigli delle Federazioni Sportive Nazionali Europee: Uno Studio Comparativo\ufffc - GESPORT+","robots":{"index":"index","follow":"follow","max-snippet":"max-snippet:-1","max-image-preview":"max-image-preview:large","max-video-preview":"max-video-preview:-1"},"canonical":"https:\/\/gesport.unizar.es\/6-article-female-chairs-in-the-boards-of-european-nsfs-a-comparative-study\/","og_locale":"it_IT","og_type":"article","og_title":"Articolo scientifico \u201cPresidenti donne nei Consigli delle Federazioni Sportive Nazionali Europee: Uno Studio Comparativo\ufffc - GESPORT+","og_url":"https:\/\/gesport.unizar.es\/6-article-female-chairs-in-the-boards-of-european-nsfs-a-comparative-study\/","og_site_name":"GESPORT+","article_modified_time":"2022-10-01T22:27:03+00:00","twitter_card":"summary_large_image","twitter_misc":{"Est. reading time":"4 minutes"},"schema":{"@context":"https:\/\/schema.org","@graph":[{"@type":"WebPage","@id":"https:\/\/gesport.unizar.es\/6-article-female-chairs-in-the-boards-of-european-nsfs-a-comparative-study\/","url":"https:\/\/gesport.unizar.es\/6-article-female-chairs-in-the-boards-of-european-nsfs-a-comparative-study\/","name":"Articolo scientifico \u201cPresidenti donne nei Consigli delle Federazioni Sportive Nazionali Europee: Uno Studio Comparativo\ufffc - GESPORT+","isPartOf":{"@id":"https:\/\/gesport.unizar.es\/#website"},"datePublished":"2022-08-02T11:23:05+00:00","dateModified":"2022-10-01T22:27:03+00:00","breadcrumb":{"@id":"https:\/\/gesport.unizar.es\/6-article-female-chairs-in-the-boards-of-european-nsfs-a-comparative-study\/#breadcrumb"},"inLanguage":"it-IT","potentialAction":[{"@type":"ReadAction","target":["https:\/\/gesport.unizar.es\/6-article-female-chairs-in-the-boards-of-european-nsfs-a-comparative-study\/"]}]},{"@type":"BreadcrumbList","@id":"https:\/\/gesport.unizar.es\/6-article-female-chairs-in-the-boards-of-european-nsfs-a-comparative-study\/#breadcrumb","itemListElement":[{"@type":"ListItem","position":1,"name":"Portada","item":"https:\/\/gesport.unizar.es\/"},{"@type":"ListItem","position":2,"name":"Art\u00edculo: Mujeres presidentas en las juntas directivas de las federaciones nacionales deportivas europeas: un estudio comparativo"}]},{"@type":"WebSite","@id":"https:\/\/gesport.unizar.es\/#website","url":"https:\/\/gesport.unizar.es\/","name":"GESPORT+","description":"Corporate governance in sport organizations:  a gendered approach","publisher":{"@id":"https:\/\/gesport.unizar.es\/#organization"},"potentialAction":[{"@type":"SearchAction","target":{"@type":"EntryPoint","urlTemplate":"https:\/\/gesport.unizar.es\/?s={search_term_string}"},"query-input":"required name=search_term_string"}],"inLanguage":"it-IT"},{"@type":"Organization","@id":"https:\/\/gesport.unizar.es\/#organization","name":"GESPORT Erasmus+","url":"https:\/\/gesport.unizar.es\/","sameAs":[],"logo":{"@type":"ImageObject","inLanguage":"it-IT","@id":"https:\/\/gesport.unizar.es\/#\/schema\/logo\/image\/","url":"http:\/\/gesport.unizar.es\/wp-content\/uploads\/2018\/12\/4.jpg","contentUrl":"http:\/\/gesport.unizar.es\/wp-content\/uploads\/2018\/12\/4.jpg","width":400,"height":400,"caption":"GESPORT Erasmus+"},"image":{"@id":"https:\/\/gesport.unizar.es\/#\/schema\/logo\/image\/"}}]}},"_links":{"self":[{"href":"https:\/\/gesport.unizar.es\/it\/wp-json\/wp\/v2\/pages\/8757"}],"collection":[{"href":"https:\/\/gesport.unizar.es\/it\/wp-json\/wp\/v2\/pages"}],"about":[{"href":"https:\/\/gesport.unizar.es\/it\/wp-json\/wp\/v2\/types\/page"}],"author":[{"embeddable":true,"href":"https:\/\/gesport.unizar.es\/it\/wp-json\/wp\/v2\/users\/3"}],"replies":[{"embeddable":true,"href":"https:\/\/gesport.unizar.es\/it\/wp-json\/wp\/v2\/comments?post=8757"}],"version-history":[{"count":27,"href":"https:\/\/gesport.unizar.es\/it\/wp-json\/wp\/v2\/pages\/8757\/revisions"}],"predecessor-version":[{"id":9685,"href":"https:\/\/gesport.unizar.es\/it\/wp-json\/wp\/v2\/pages\/8757\/revisions\/9685"}],"wp:attachment":[{"href":"https:\/\/gesport.unizar.es\/it\/wp-json\/wp\/v2\/media?parent=8757"}],"curies":[{"name":"wp","href":"https:\/\/api.w.org\/{rel}","templated":true}]}}