{"id":8285,"date":"2022-07-03T19:22:36","date_gmt":"2022-07-03T19:22:36","guid":{"rendered":"https:\/\/gesport.unizar.es\/?page_id=8285"},"modified":"2022-10-20T14:27:32","modified_gmt":"2022-10-20T14:27:32","slug":"interviews-united-kingdom-2","status":"publish","type":"page","link":"https:\/\/gesport.unizar.es\/it\/interviews-united-kingdom-2\/","title":{"rendered":"Interviste Regno Unito"},"content":{"rendered":"\n<div class=\"wp-block-media-text alignwide is-stacked-on-mobile\"><figure class=\"wp-block-media-text__media\"><img loading=\"lazy\" width=\"6000\" height=\"4000\" src=\"https:\/\/gesport.unizar.es\/wp-content\/uploads\/2022\/07\/IMG_5945.jpg\" alt=\"\" class=\"wp-image-8292 size-full\"\/><\/figure><div class=\"wp-block-media-text__content\">\n<p class=\"has-large-font-size\" style=\"line-height:1.2\"><a href=\"https:\/\/gesport.unizar.es\/it\/karen-tonge\/\">Karen Tonge, Presidente della British Para Table Tennis<\/a><\/p>\n<\/div><\/div>\n\n\n\n<div class=\"wp-block-media-text alignwide is-stacked-on-mobile\"><figure class=\"wp-block-media-text__media\"><img loading=\"lazy\" width=\"6000\" height=\"4000\" src=\"https:\/\/gesport.unizar.es\/wp-content\/uploads\/2022\/07\/IMG_6003.jpg\" alt=\"\" class=\"wp-image-8293 size-full\"\/><\/figure><div class=\"wp-block-media-text__content\">\n<p class=\"has-large-font-size\" style=\"line-height:1.2\"><a href=\"https:\/\/gesport.unizar.es\/it\/grace-clancey\/\">Grace Clancey, Direttore Senior di Goalball UK<\/a><\/p>\n<\/div><\/div>\n\n\n\n<div class=\"wp-block-media-text alignwide is-stacked-on-mobile\"><figure class=\"wp-block-media-text__media\"><img loading=\"lazy\" width=\"6000\" height=\"4000\" src=\"https:\/\/gesport.unizar.es\/wp-content\/uploads\/2022\/07\/IMG_6081.jpg\" alt=\"\" class=\"wp-image-8294 size-full\"\/><\/figure><div class=\"wp-block-media-text__content\">\n<p class=\"has-large-font-size\" style=\"line-height:1.2\"><a href=\"https:\/\/gesport.unizar.es\/it\/sandra-deaton\/\">Sandra Deaton, Sedia Ping Pong Inghilterra<\/a><\/p>\n<\/div><\/div>\n\n\n\n<div class=\"wp-block-media-text alignwide is-stacked-on-mobile\"><figure class=\"wp-block-media-text__media\"><img loading=\"lazy\" width=\"6000\" height=\"4000\" src=\"https:\/\/gesport.unizar.es\/wp-content\/uploads\/2022\/07\/IMG_6175.jpg\" alt=\"\" class=\"wp-image-8295 size-full\"\/><\/figure><div class=\"wp-block-media-text__content\">\n<p class=\"has-large-font-size\" style=\"line-height:1.2\"><a href=\"https:\/\/gesport.unizar.es\/it\/bronagh-kennedy\/\">Bronagh Kennedy, Presidente del Comitato per le risorse umane e la remunerazione di British Canoeing <\/a><\/p>\n<\/div><\/div>\n\n\n\n<div class=\"wp-block-media-text alignwide is-stacked-on-mobile\"><figure class=\"wp-block-media-text__media\"><img loading=\"lazy\" width=\"6000\" height=\"4000\" src=\"https:\/\/gesport.unizar.es\/wp-content\/uploads\/2022\/07\/IMG_6237.jpg\" alt=\"\" class=\"wp-image-8296 size-full\"\/><\/figure><div class=\"wp-block-media-text__content\">\n<p class=\"has-large-font-size\" style=\"line-height: 1.2;\"><a href=\"https:\/\/gesport.unizar.es\/it\/natasha-dangerfield\/\">Natasha Dangerfield, Presidente England Lacrosse<\/a><\/p>\n<\/div><\/div>\n\n\n\n<div class=\"wp-block-media-text alignwide is-stacked-on-mobile\"><figure class=\"wp-block-media-text__media\"><img loading=\"lazy\" width=\"6000\" height=\"4000\" src=\"https:\/\/gesport.unizar.es\/wp-content\/uploads\/2022\/07\/IMG_6280.jpg\" alt=\"\" class=\"wp-image-8297 size-full\"\/><\/figure><div class=\"wp-block-media-text__content\">\n<p class=\"has-large-font-size\" style=\"line-height: 1.2;\"><a href=\"https:\/\/gesport.unizar.es\/tr\/julia-newtown\/\">Julia Newtown, \u0130ngiliz Tekvando Ba\u015fkan\u0131<\/a><\/p>\n<\/div><\/div>\n\n\n\n<div class=\"wp-block-media-text alignwide is-stacked-on-mobile\"><figure class=\"wp-block-media-text__media\"><img loading=\"lazy\" width=\"6000\" height=\"4000\" src=\"https:\/\/gesport.unizar.es\/wp-content\/uploads\/2022\/07\/IMG_6384.jpg\" alt=\"\" class=\"wp-image-8299 size-full\"\/><\/figure><div class=\"wp-block-media-text__content\">\n<p class=\"has-large-font-size\" style=\"line-height: 1.2;\"><a href=\"https:\/\/gesport.unizar.es\/it\/kate-osullivan\/\">Kate O&#8217;Sullivan, Vicepresidente del canottaggio britannico<\/a><\/p>\n<\/div><\/div>\n\n\n\n<div class=\"wp-block-media-text alignwide is-stacked-on-mobile\"><figure class=\"wp-block-media-text__media\"><img loading=\"lazy\" width=\"6000\" height=\"4000\" src=\"https:\/\/gesport.unizar.es\/wp-content\/uploads\/2022\/07\/IMG_6456.jpg\" alt=\"\" class=\"wp-image-8300 size-full\"\/><\/figure><div class=\"wp-block-media-text__content\">\n<p class=\"has-large-font-size\" style=\"line-height:1.2\"><a href=\"https:\/\/gesport.unizar.es\/it\/mandy-fisher\/\">Mandy Fisher, Direttore English Partnership per Snooker e Biliardo<\/a><\/p>\n<\/div><\/div>\n\n\n\n<div class=\"wp-block-media-text alignwide is-stacked-on-mobile\"><figure class=\"wp-block-media-text__media\"><img loading=\"lazy\" width=\"6000\" height=\"4000\" src=\"https:\/\/gesport.unizar.es\/wp-content\/uploads\/2022\/07\/IMG_6530.jpg\" alt=\"\" class=\"wp-image-8301 size-full\"\/><\/figure><div class=\"wp-block-media-text__content\">\n<p class=\"has-large-font-size\" style=\"line-height:1.2\"><a href=\"https:\/\/gesport.unizar.es\/es\/katherine-knight\/\"><\/a><a href=\"https:\/\/gesport.unizar.es\/it\/katherine-knight\/\">Katherine Knight, Chair Rounders England<\/a><\/p>\n<\/div><\/div>\n\n\n\n<div class=\"wp-block-media-text alignwide is-stacked-on-mobile\"><figure class=\"wp-block-media-text__media\"><img loading=\"lazy\" width=\"6000\" height=\"4000\" src=\"https:\/\/gesport.unizar.es\/wp-content\/uploads\/2022\/07\/IMG_6577.jpg\" alt=\"\" class=\"wp-image-8302 size-full\"\/><\/figure><div class=\"wp-block-media-text__content\">\n<p class=\"has-large-font-size\" style=\"line-height:1.2\"><a href=\"https:\/\/gesport.unizar.es\/it\/annamarie-phelps\/\">Annamarie Phelps, Presidente British Horseracing<\/a><\/p>\n<\/div><\/div>\n","protected":false},"excerpt":{"rendered":"<p>Karen Tonge, Presidente della British Para Table Tennis Grace Clancey, Direttore Senior di Goalball UK Sandra Deaton, Sedia Ping Pong Inghilterra Bronagh Kennedy, Presidente del Comitato per le risorse umane e la remunerazione di British Canoeing Natasha Dangerfield, Presidente England Lacrosse Julia Newtown, \u0130ngiliz Tekvando Ba\u015fkan\u0131 Kate O&#8217;Sullivan, Vicepresidente del canottaggio britannico Mandy Fisher, Direttore &hellip;<\/p>\n<p class=\"read-more\"> <a class=\"\" href=\"https:\/\/gesport.unizar.es\/it\/interviews-united-kingdom-2\/\"> <span class=\"screen-reader-text\">Interviste Regno Unito<\/span> Read More &raquo;<\/a><\/p>\n","protected":false},"author":3,"featured_media":0,"parent":0,"menu_order":0,"comment_status":"closed","ping_status":"closed","template":"","meta":{"site-sidebar-layout":"default","site-content-layout":"default","ast-global-header-display":"","ast-main-header-display":"","ast-hfb-above-header-display":"","ast-hfb-below-header-display":"","ast-hfb-mobile-header-display":"","site-post-title":"","ast-breadcrumbs-content":"","ast-featured-img":"","footer-sml-layout":"","theme-transparent-header-meta":"","adv-header-id-meta":"","stick-header-meta":"","header-above-stick-meta":"","header-main-stick-meta":"","header-below-stick-meta":""},"translation":{"provider":"WPGlobus","version":"2.10.4","language":"it","enabled_languages":["gb","es","tr","it","pt"],"languages":{"gb":{"title":true,"content":true,"excerpt":false},"es":{"title":true,"content":true,"excerpt":false},"tr":{"title":true,"content":true,"excerpt":false},"it":{"title":true,"content":true,"excerpt":false},"pt":{"title":true,"content":true,"excerpt":false}}},"yoast_head":"<!-- This site is optimized with the Yoast SEO plugin v19.7.1 - https:\/\/yoast.com\/wordpress\/plugins\/seo\/ -->\n<title>Interviste Regno Unito - GESPORT+<\/title>\n<meta name=\"robots\" content=\"index, follow, max-snippet:-1, max-image-preview:large, max-video-preview:-1\" \/>\n<link rel=\"canonical\" href=\"https:\/\/gesport.unizar.es\/interviews-united-kingdom-2\/\" \/>\n<meta property=\"og:locale\" content=\"it_IT\" \/>\n<meta property=\"og:type\" content=\"article\" \/>\n<meta property=\"og:title\" content=\"Interviste Regno Unito - GESPORT+\" \/>\n<meta property=\"og:url\" content=\"https:\/\/gesport.unizar.es\/interviews-united-kingdom-2\/\" \/>\n<meta property=\"og:site_name\" content=\"GESPORT+\" \/>\n<meta property=\"article:modified_time\" content=\"2022-10-20T14:27:32+00:00\" \/>\n<meta property=\"og:image\" content=\"https:\/\/gesport.unizar.es\/wp-content\/uploads\/2022\/07\/IMG_5945.jpg\" \/>\n<meta name=\"twitter:card\" content=\"summary_large_image\" \/>\n<meta name=\"twitter:label1\" content=\"Est. reading time\" \/>\n\t<meta name=\"twitter:data1\" content=\"3 minutes\" \/>\n<script type=\"application\/ld+json\" class=\"yoast-schema-graph\">{\"@context\":\"https:\/\/schema.org\",\"@graph\":[{\"@type\":\"WebPage\",\"@id\":\"https:\/\/gesport.unizar.es\/interviews-united-kingdom-2\/\",\"url\":\"https:\/\/gesport.unizar.es\/interviews-united-kingdom-2\/\",\"name\":\"Interviste Regno Unito - GESPORT+\",\"isPartOf\":{\"@id\":\"https:\/\/gesport.unizar.es\/#website\"},\"datePublished\":\"2022-07-03T19:22:36+00:00\",\"dateModified\":\"2022-10-20T14:27:32+00:00\",\"breadcrumb\":{\"@id\":\"https:\/\/gesport.unizar.es\/interviews-united-kingdom-2\/#breadcrumb\"},\"inLanguage\":\"it-IT\",\"potentialAction\":[{\"@type\":\"ReadAction\",\"target\":[\"https:\/\/gesport.unizar.es\/interviews-united-kingdom-2\/\"]}]},{\"@type\":\"BreadcrumbList\",\"@id\":\"https:\/\/gesport.unizar.es\/interviews-united-kingdom-2\/#breadcrumb\",\"itemListElement\":[{\"@type\":\"ListItem\",\"position\":1,\"name\":\"Portada\",\"item\":\"https:\/\/gesport.unizar.es\/\"},{\"@type\":\"ListItem\",\"position\":2,\"name\":\"Entrevistas Reino Unido\"}]},{\"@type\":\"WebSite\",\"@id\":\"https:\/\/gesport.unizar.es\/#website\",\"url\":\"https:\/\/gesport.unizar.es\/\",\"name\":\"GESPORT+\",\"description\":\"Corporate governance in sport organizations:  a gendered approach\",\"publisher\":{\"@id\":\"https:\/\/gesport.unizar.es\/#organization\"},\"potentialAction\":[{\"@type\":\"SearchAction\",\"target\":{\"@type\":\"EntryPoint\",\"urlTemplate\":\"https:\/\/gesport.unizar.es\/?s={search_term_string}\"},\"query-input\":\"required name=search_term_string\"}],\"inLanguage\":\"it-IT\"},{\"@type\":\"Organization\",\"@id\":\"https:\/\/gesport.unizar.es\/#organization\",\"name\":\"GESPORT Erasmus+\",\"url\":\"https:\/\/gesport.unizar.es\/\",\"sameAs\":[],\"logo\":{\"@type\":\"ImageObject\",\"inLanguage\":\"it-IT\",\"@id\":\"https:\/\/gesport.unizar.es\/#\/schema\/logo\/image\/\",\"url\":\"http:\/\/gesport.unizar.es\/wp-content\/uploads\/2018\/12\/4.jpg\",\"contentUrl\":\"http:\/\/gesport.unizar.es\/wp-content\/uploads\/2018\/12\/4.jpg\",\"width\":400,\"height\":400,\"caption\":\"GESPORT Erasmus+\"},\"image\":{\"@id\":\"https:\/\/gesport.unizar.es\/#\/schema\/logo\/image\/\"}}]}<\/script>\n<!-- \/ Yoast SEO plugin. -->","yoast_head_json":{"title":"Interviste Regno Unito - GESPORT+","robots":{"index":"index","follow":"follow","max-snippet":"max-snippet:-1","max-image-preview":"max-image-preview:large","max-video-preview":"max-video-preview:-1"},"canonical":"https:\/\/gesport.unizar.es\/interviews-united-kingdom-2\/","og_locale":"it_IT","og_type":"article","og_title":"Interviste Regno Unito - GESPORT+","og_url":"https:\/\/gesport.unizar.es\/interviews-united-kingdom-2\/","og_site_name":"GESPORT+","article_modified_time":"2022-10-20T14:27:32+00:00","og_image":[{"url":"https:\/\/gesport.unizar.es\/wp-content\/uploads\/2022\/07\/IMG_5945.jpg"}],"twitter_card":"summary_large_image","twitter_misc":{"Est. reading time":"3 minutes"},"schema":{"@context":"https:\/\/schema.org","@graph":[{"@type":"WebPage","@id":"https:\/\/gesport.unizar.es\/interviews-united-kingdom-2\/","url":"https:\/\/gesport.unizar.es\/interviews-united-kingdom-2\/","name":"Interviste Regno Unito - GESPORT+","isPartOf":{"@id":"https:\/\/gesport.unizar.es\/#website"},"datePublished":"2022-07-03T19:22:36+00:00","dateModified":"2022-10-20T14:27:32+00:00","breadcrumb":{"@id":"https:\/\/gesport.unizar.es\/interviews-united-kingdom-2\/#breadcrumb"},"inLanguage":"it-IT","potentialAction":[{"@type":"ReadAction","target":["https:\/\/gesport.unizar.es\/interviews-united-kingdom-2\/"]}]},{"@type":"BreadcrumbList","@id":"https:\/\/gesport.unizar.es\/interviews-united-kingdom-2\/#breadcrumb","itemListElement":[{"@type":"ListItem","position":1,"name":"Portada","item":"https:\/\/gesport.unizar.es\/"},{"@type":"ListItem","position":2,"name":"Entrevistas Reino Unido"}]},{"@type":"WebSite","@id":"https:\/\/gesport.unizar.es\/#website","url":"https:\/\/gesport.unizar.es\/","name":"GESPORT+","description":"Corporate governance in sport organizations:  a gendered approach","publisher":{"@id":"https:\/\/gesport.unizar.es\/#organization"},"potentialAction":[{"@type":"SearchAction","target":{"@type":"EntryPoint","urlTemplate":"https:\/\/gesport.unizar.es\/?s={search_term_string}"},"query-input":"required name=search_term_string"}],"inLanguage":"it-IT"},{"@type":"Organization","@id":"https:\/\/gesport.unizar.es\/#organization","name":"GESPORT Erasmus+","url":"https:\/\/gesport.unizar.es\/","sameAs":[],"logo":{"@type":"ImageObject","inLanguage":"it-IT","@id":"https:\/\/gesport.unizar.es\/#\/schema\/logo\/image\/","url":"http:\/\/gesport.unizar.es\/wp-content\/uploads\/2018\/12\/4.jpg","contentUrl":"http:\/\/gesport.unizar.es\/wp-content\/uploads\/2018\/12\/4.jpg","width":400,"height":400,"caption":"GESPORT Erasmus+"},"image":{"@id":"https:\/\/gesport.unizar.es\/#\/schema\/logo\/image\/"}}]}},"_links":{"self":[{"href":"https:\/\/gesport.unizar.es\/it\/wp-json\/wp\/v2\/pages\/8285"}],"collection":[{"href":"https:\/\/gesport.unizar.es\/it\/wp-json\/wp\/v2\/pages"}],"about":[{"href":"https:\/\/gesport.unizar.es\/it\/wp-json\/wp\/v2\/types\/page"}],"author":[{"embeddable":true,"href":"https:\/\/gesport.unizar.es\/it\/wp-json\/wp\/v2\/users\/3"}],"replies":[{"embeddable":true,"href":"https:\/\/gesport.unizar.es\/it\/wp-json\/wp\/v2\/comments?post=8285"}],"version-history":[{"count":44,"href":"https:\/\/gesport.unizar.es\/it\/wp-json\/wp\/v2\/pages\/8285\/revisions"}],"predecessor-version":[{"id":10368,"href":"https:\/\/gesport.unizar.es\/it\/wp-json\/wp\/v2\/pages\/8285\/revisions\/10368"}],"wp:attachment":[{"href":"https:\/\/gesport.unizar.es\/it\/wp-json\/wp\/v2\/media?parent=8285"}],"curies":[{"name":"wp","href":"https:\/\/api.w.org\/{rel}","templated":true}]}}