{"id":6538,"date":"2021-11-17T10:09:49","date_gmt":"2021-11-17T10:09:49","guid":{"rendered":"https:\/\/gesport.unizar.es\/?page_id=6538"},"modified":"2022-10-28T09:48:03","modified_gmt":"2022-10-28T09:48:03","slug":"transnational-meetings","status":"publish","type":"page","link":"https:\/\/gesport.unizar.es\/it\/transnational-meetings\/","title":{"rendered":"INCONTRI TRANSNAZIONALI"},"content":{"rendered":"\n<p>Nel corso della realizzazione del progetto, il team ha organizzato diversi incontri transnazionali (TM), sia in presenza sia virtuali. Le date e le universit\u00e0 ospitanti degli incontri transnazionali corrispondono a quanto calendarizzato nel modulo di domanda del progetto. Gli incontri virtuali sono stati organizzati tenendo conto di vari aspetti, come l\u2019orario lavorativo dei partecipanti, i giorni di lezione, i giorni festivi in \u200b\u200bogni paese, e cos\u00ec via. Di conseguenza, da gennaio 2018 a giugno 2022 si sono tenuti nove incontri transnazionali in presenza nei paesi del progetto. Non tutte le universit\u00e0 partner hanno partecipato a tutti gli incontri in presenza perch\u00e9 alcuni di questi ultimi erano dedicati a condurre interviste con le consigliere federali nei paesi interessati. In questi casi hanno partecipato persone dell&#8217;ente coordinatore e rappresentanti del Paese in cui sono state effettuate le interviste e le riprese video al fine di mantenere l&#8217;omogeneit\u00e0 nell&#8217;ottenimento dei risultati. Inoltre, l&#8217;ottavo incontro transnazionale \u00e8 stato condotto virtualmente a causa della pandemia di Covid-19, ma ha avuto una continuazione in presenza per gli incontri relativi alle interviste una volta che la pandemia lo ha consentito. Ulteriori informazioni sugli incontri in presenza sono presentate di seguito.<\/p>\n\n\n\n<p><strong>TM1<\/strong> <strong>(Kick\u2010off Transnational Meeting):<\/strong> Il partner organizzatore \u00e8 stato l&#8217;Universit\u00e0 di Saragozza a Teruel, (Spagna). Si \u00e8 tenuto dal 15 al 19 gennaio 2018. I partecipanti sono la coordinatrice del progetto, la rappresentante partner dell&#8217;Universit\u00e0 del Minho del Portogallo; la rappresentante partner dell&#8217;Universit\u00e0 Sakarya della Turchia; la rappresentante partner dell&#8217;Universit\u00e0 degli Studi di Teramo in Italia; la rappresentante partner dell&#8217;Universit\u00e0 di Leicester nel Regno Unito.<\/p>\n\n\n\n<p><strong>TM2<\/strong> <strong>(Secondo Transnational Meeting):<\/strong> L&#8217;istituzione ospitante \u00e8 stata l&#8217;Universit\u00e0 di Teramo (Italia). \u00c8 stato organizzato dal 10 al 13 luglio 2018. I partecipanti sono la coordinatrice del progetto dell&#8217;Universit\u00e0 di Saragozza della Spagna; la rappresentante partner dell&#8217;Universit\u00e0 del Minho del Portogallo; la rappresentante partner dell&#8217;Universit\u00e0 Sakarya della Turchia; la rappresentante partner dell&#8217;Universit\u00e0 degli Studi di Teramo in Italia; e la rappresentante partner dell&#8217;Universit\u00e0 di Leicester del Regno Unito.<\/p>\n\n\n\n<p><strong>TM3 (Terzo Transnational Meeting):<\/strong> L&#8217;istituto ospitante \u00e8 stato l&#8217;Universit\u00e0 di Leicester (Regno Unito). Si \u00e8 svolto dal 22 al 25 gennaio 2019. I partecipanti sono la coordinatrice del progetto, la rappresentante partner dell&#8217;Universit\u00e0 del Minho del Portogallo; la rappresentante partner dell&#8217;Universit\u00e0 Sakarya della Turchia; la rappresentante partner dell&#8217;Universit\u00e0 degli Studi di Teramo in Italia; la rappresentante partner dell&#8217;Universit\u00e0 di Leicester nel Regno Unito.<\/p>\n\n\n\n<p><strong>TM4 (Quarto Transnational Meeting):<\/strong> L&#8217;istituzione ospitante \u00e8 stata l&#8217;Universit\u00e0 del Minho. Si \u00e8 svolto dal 9 al 12 luglio 2019 a Braga (Portogallo). I partecipanti sono la coordinatrice del progetto, la rappresentante partner dell&#8217;Universit\u00e0 del Minho del Portogallo; la rappresentante partner dell&#8217;Universit\u00e0 Sakarya della Turchia; la rappresentante partner dell&#8217;Universit\u00e0 degli Studi di Teramo in Italia; la rappresentante partner dell&#8217;Universit\u00e0 di Leicester nel Regno Unito.<\/p>\n\n\n\n<p><strong>TM5<\/strong> <strong>(Quinto Transnational Meeting): <\/strong>L&#8217;istituzione ospitante \u00e8 stata l&#8217;Universit\u00e0 di Minho per condurre le interviste in portoghese. Si \u00e8 tenuto dal 15 al 19 luglio 2019. I partecipanti sono la coordinatrice del progetto e una partecipante al progetto dell&#8217;Universit\u00e0 di Saragozza in Spagna; la rappresentante partner dell&#8217;Universit\u00e0 del Minho in Portogallo.<\/p>\n\n\n\n<p><strong>TM6<\/strong> <strong>(Sesto Transnational Meeting): <\/strong>L&#8217;istituzione ospitante \u00e8 stata l&#8217;Universit\u00e0 degli studi di Teramo. Si \u00e8 tenuto dal 30 gennaio al 7 febbraio 2020, per condurre le interviste in Italia. I partecipanti sono la coordinatrice del progetto e un partecipante al progetto dell&#8217;Universit\u00e0 di Saragozza per la Spagna, e la rappresentante partner dell&#8217;Universit\u00e0 degli Studi di Teramo in Italia. La continuazione del Sesto incontro transnazionale per la registrazione delle interviste \u00e8 avvenuta dal 17 al 18 marzo 2022, per condurre altre interviste in Italia. I partecipanti sono la coordinatrice del progetto, l&#8217;Universit\u00e0 di Saragozza in Spagna, e la rappresentante partner dell&#8217;Universit\u00e0 di Teramo in Italia.<\/p>\n\n\n\n<p><strong>TM7 (Settimo Transnational Meeting): <\/strong>L&#8217;istituto ospitante \u00e8 stato l&#8217;Universit\u00e0 di Sakarya. Si \u00e8 tenuto dal 2 al 10 marzo 2020 per condurre le interviste in Turchia. I partecipanti sono la coordinatrice del progetto dell&#8217;Universit\u00e0 di Saragozza in Spagna e la rappresentante partner dell&#8217;Universit\u00e0 Sakarya in Turchia. La continuazione del settimo incontro transnazionale si \u00e8 svolta dal 9 al 16 agosto 2021, per condurre altre interviste in Turchia. I partecipanti sono la coordinatrice del progetto dell&#8217;Universit\u00e0 di Saragozza in Spagna e la rappresentante partner dell&#8217;Universit\u00e0 Sakarya per la Turchia.<\/p>\n\n\n\n<p><strong>TM8 (Ottavo Transnational Meeting):<\/strong> Si \u00e8 tenuto in modalit\u00e0 virtuale dal 24 maggio al 9 aprile 2020. Il primo incontro era programmato da svolgersi all&#8217;Universit\u00e0 di Leicester (Regno Unito), ma \u00e8 stato sostituito da un incontro su Skype a causa della pandemia. Hanno partecipato i 4 paesi del progetto: Universit\u00e0 di Minho (Portogallo), Universit\u00e0 di Sakarya (Turchia), Universit\u00e0 di Teramo (Portogallo) e Universit\u00e0 di Saragozza (Spagna). L\u2019ottava riunione transnazionale del progetto si \u00e8 articolata in due parti. La prima parte ha coinvolto tutti i partner; la seconda parte soltanto l&#8217;Universit\u00e0 di Leicester e l&#8217;Universit\u00e0 di Saragozza per pianificare e realizzare le interviste nel Regno Unito. Le date dell&#8217;incontro transnazionale online sono le seguenti: dal 26 marzo al 9 aprile 2020 (25 marzo: 16:04-19:30; 31 marzo 17:15-19:30; 1 aprile 11:05-13:30; 2 aprile 15:02-19:00; 9 aprile 16:02-19:00). L\u2019istituzione ospitante della seconda parte \u00e8 stata la Leicester University. Si \u00e8 tenuta dall&#8217;11 al 13 aprile 2022 per condurre le interviste nel Regno Unito. I partecipanti sono la coordinatrice del progetto (l&#8217;Universit\u00e0 di Saragozza, Spagna), il rappresentante partner dell&#8217;Universit\u00e0 di Leicester e un ricercatore di questa Universit\u00e0. Sono proseguiti il \u200b\u200b10, 11, 19 e 20 maggio e il 20-22 giugno in cui i partecipanti sono stati la coordinatrice e il ricercatore della Leicester University.<\/p>\n\n\n\n<p><strong>TM 9 (Nono Transnational Meeting):<\/strong> L&#8217;istituto ospitante \u00e8 stato l&#8217;Universit\u00e0 di Saragozza a Teruel, (Spagna). Si \u00e8 tenuto dal 24 al 26 maggio 2022. I partecipanti sono la coordinatrice del progetto dell&#8217;Universit\u00e0 di Saragozza in Spagna; la rappresentante partner dell&#8217;Universit\u00e0 del Minho in Portogallo; la rappresentante partner dell&#8217;Universit\u00e0 Sakarya in Turchia; la rappresentante partner dell&#8217;Universit\u00e0 degli Studi di Teramo in Italia; la rappresentante partner dell&#8217;Universit\u00e0 di Leicester e un ricercatore di questa Universit\u00e0.<\/p>\n","protected":false},"excerpt":{"rendered":"<p>Nel corso della realizzazione del progetto, il team ha organizzato diversi incontri transnazionali (TM), sia in presenza sia virtuali. Le date e le universit\u00e0 ospitanti degli incontri transnazionali corrispondono a quanto calendarizzato nel modulo di domanda del progetto. Gli incontri virtuali sono stati organizzati tenendo conto di vari aspetti, come l\u2019orario lavorativo dei partecipanti, i &hellip;<\/p>\n<p class=\"read-more\"> <a class=\"\" href=\"https:\/\/gesport.unizar.es\/it\/transnational-meetings\/\"> <span class=\"screen-reader-text\">INCONTRI TRANSNAZIONALI<\/span> Read More &raquo;<\/a><\/p>\n","protected":false},"author":3,"featured_media":0,"parent":0,"menu_order":0,"comment_status":"closed","ping_status":"closed","template":"","meta":{"site-sidebar-layout":"default","site-content-layout":"default","ast-global-header-display":"","ast-main-header-display":"","ast-hfb-above-header-display":"","ast-hfb-below-header-display":"","ast-hfb-mobile-header-display":"","site-post-title":"","ast-breadcrumbs-content":"","ast-featured-img":"","footer-sml-layout":"","theme-transparent-header-meta":"","adv-header-id-meta":"","stick-header-meta":"","header-above-stick-meta":"","header-main-stick-meta":"","header-below-stick-meta":""},"translation":{"provider":"WPGlobus","version":"2.10.4","language":"it","enabled_languages":["gb","es","tr","it","pt"],"languages":{"gb":{"title":true,"content":true,"excerpt":false},"es":{"title":true,"content":true,"excerpt":false},"tr":{"title":true,"content":true,"excerpt":false},"it":{"title":true,"content":true,"excerpt":false},"pt":{"title":true,"content":true,"excerpt":false}}},"yoast_head":"<!-- This site is optimized with the Yoast SEO plugin v19.7.1 - https:\/\/yoast.com\/wordpress\/plugins\/seo\/ -->\n<title>INCONTRI TRANSNAZIONALI - GESPORT+<\/title>\n<meta name=\"robots\" content=\"index, follow, max-snippet:-1, max-image-preview:large, max-video-preview:-1\" \/>\n<link rel=\"canonical\" href=\"https:\/\/gesport.unizar.es\/transnational-meetings\/\" \/>\n<meta property=\"og:locale\" content=\"it_IT\" \/>\n<meta property=\"og:type\" content=\"article\" \/>\n<meta property=\"og:title\" content=\"INCONTRI TRANSNAZIONALI - GESPORT+\" \/>\n<meta property=\"og:url\" content=\"https:\/\/gesport.unizar.es\/transnational-meetings\/\" \/>\n<meta property=\"og:site_name\" content=\"GESPORT+\" \/>\n<meta property=\"article:modified_time\" content=\"2022-10-28T09:48:03+00:00\" \/>\n<meta name=\"twitter:card\" content=\"summary_large_image\" \/>\n<meta name=\"twitter:label1\" content=\"Est. reading time\" \/>\n\t<meta name=\"twitter:data1\" content=\"5 minutes\" \/>\n<script type=\"application\/ld+json\" class=\"yoast-schema-graph\">{\"@context\":\"https:\/\/schema.org\",\"@graph\":[{\"@type\":\"WebPage\",\"@id\":\"https:\/\/gesport.unizar.es\/transnational-meetings\/\",\"url\":\"https:\/\/gesport.unizar.es\/transnational-meetings\/\",\"name\":\"INCONTRI TRANSNAZIONALI - GESPORT+\",\"isPartOf\":{\"@id\":\"https:\/\/gesport.unizar.es\/#website\"},\"datePublished\":\"2021-11-17T10:09:49+00:00\",\"dateModified\":\"2022-10-28T09:48:03+00:00\",\"breadcrumb\":{\"@id\":\"https:\/\/gesport.unizar.es\/transnational-meetings\/#breadcrumb\"},\"inLanguage\":\"it-IT\",\"potentialAction\":[{\"@type\":\"ReadAction\",\"target\":[\"https:\/\/gesport.unizar.es\/transnational-meetings\/\"]}]},{\"@type\":\"BreadcrumbList\",\"@id\":\"https:\/\/gesport.unizar.es\/transnational-meetings\/#breadcrumb\",\"itemListElement\":[{\"@type\":\"ListItem\",\"position\":1,\"name\":\"Portada\",\"item\":\"https:\/\/gesport.unizar.es\/\"},{\"@type\":\"ListItem\",\"position\":2,\"name\":\"REUNIONES TRANSACCIONALES\"}]},{\"@type\":\"WebSite\",\"@id\":\"https:\/\/gesport.unizar.es\/#website\",\"url\":\"https:\/\/gesport.unizar.es\/\",\"name\":\"GESPORT+\",\"description\":\"Corporate governance in sport organizations:  a gendered approach\",\"publisher\":{\"@id\":\"https:\/\/gesport.unizar.es\/#organization\"},\"potentialAction\":[{\"@type\":\"SearchAction\",\"target\":{\"@type\":\"EntryPoint\",\"urlTemplate\":\"https:\/\/gesport.unizar.es\/?s={search_term_string}\"},\"query-input\":\"required name=search_term_string\"}],\"inLanguage\":\"it-IT\"},{\"@type\":\"Organization\",\"@id\":\"https:\/\/gesport.unizar.es\/#organization\",\"name\":\"GESPORT Erasmus+\",\"url\":\"https:\/\/gesport.unizar.es\/\",\"sameAs\":[],\"logo\":{\"@type\":\"ImageObject\",\"inLanguage\":\"it-IT\",\"@id\":\"https:\/\/gesport.unizar.es\/#\/schema\/logo\/image\/\",\"url\":\"http:\/\/gesport.unizar.es\/wp-content\/uploads\/2018\/12\/4.jpg\",\"contentUrl\":\"http:\/\/gesport.unizar.es\/wp-content\/uploads\/2018\/12\/4.jpg\",\"width\":400,\"height\":400,\"caption\":\"GESPORT Erasmus+\"},\"image\":{\"@id\":\"https:\/\/gesport.unizar.es\/#\/schema\/logo\/image\/\"}}]}<\/script>\n<!-- \/ Yoast SEO plugin. -->","yoast_head_json":{"title":"INCONTRI TRANSNAZIONALI - GESPORT+","robots":{"index":"index","follow":"follow","max-snippet":"max-snippet:-1","max-image-preview":"max-image-preview:large","max-video-preview":"max-video-preview:-1"},"canonical":"https:\/\/gesport.unizar.es\/transnational-meetings\/","og_locale":"it_IT","og_type":"article","og_title":"INCONTRI TRANSNAZIONALI - GESPORT+","og_url":"https:\/\/gesport.unizar.es\/transnational-meetings\/","og_site_name":"GESPORT+","article_modified_time":"2022-10-28T09:48:03+00:00","twitter_card":"summary_large_image","twitter_misc":{"Est. reading time":"5 minutes"},"schema":{"@context":"https:\/\/schema.org","@graph":[{"@type":"WebPage","@id":"https:\/\/gesport.unizar.es\/transnational-meetings\/","url":"https:\/\/gesport.unizar.es\/transnational-meetings\/","name":"INCONTRI TRANSNAZIONALI - GESPORT+","isPartOf":{"@id":"https:\/\/gesport.unizar.es\/#website"},"datePublished":"2021-11-17T10:09:49+00:00","dateModified":"2022-10-28T09:48:03+00:00","breadcrumb":{"@id":"https:\/\/gesport.unizar.es\/transnational-meetings\/#breadcrumb"},"inLanguage":"it-IT","potentialAction":[{"@type":"ReadAction","target":["https:\/\/gesport.unizar.es\/transnational-meetings\/"]}]},{"@type":"BreadcrumbList","@id":"https:\/\/gesport.unizar.es\/transnational-meetings\/#breadcrumb","itemListElement":[{"@type":"ListItem","position":1,"name":"Portada","item":"https:\/\/gesport.unizar.es\/"},{"@type":"ListItem","position":2,"name":"REUNIONES TRANSACCIONALES"}]},{"@type":"WebSite","@id":"https:\/\/gesport.unizar.es\/#website","url":"https:\/\/gesport.unizar.es\/","name":"GESPORT+","description":"Corporate governance in sport organizations:  a gendered approach","publisher":{"@id":"https:\/\/gesport.unizar.es\/#organization"},"potentialAction":[{"@type":"SearchAction","target":{"@type":"EntryPoint","urlTemplate":"https:\/\/gesport.unizar.es\/?s={search_term_string}"},"query-input":"required name=search_term_string"}],"inLanguage":"it-IT"},{"@type":"Organization","@id":"https:\/\/gesport.unizar.es\/#organization","name":"GESPORT Erasmus+","url":"https:\/\/gesport.unizar.es\/","sameAs":[],"logo":{"@type":"ImageObject","inLanguage":"it-IT","@id":"https:\/\/gesport.unizar.es\/#\/schema\/logo\/image\/","url":"http:\/\/gesport.unizar.es\/wp-content\/uploads\/2018\/12\/4.jpg","contentUrl":"http:\/\/gesport.unizar.es\/wp-content\/uploads\/2018\/12\/4.jpg","width":400,"height":400,"caption":"GESPORT Erasmus+"},"image":{"@id":"https:\/\/gesport.unizar.es\/#\/schema\/logo\/image\/"}}]}},"_links":{"self":[{"href":"https:\/\/gesport.unizar.es\/it\/wp-json\/wp\/v2\/pages\/6538"}],"collection":[{"href":"https:\/\/gesport.unizar.es\/it\/wp-json\/wp\/v2\/pages"}],"about":[{"href":"https:\/\/gesport.unizar.es\/it\/wp-json\/wp\/v2\/types\/page"}],"author":[{"embeddable":true,"href":"https:\/\/gesport.unizar.es\/it\/wp-json\/wp\/v2\/users\/3"}],"replies":[{"embeddable":true,"href":"https:\/\/gesport.unizar.es\/it\/wp-json\/wp\/v2\/comments?post=6538"}],"version-history":[{"count":16,"href":"https:\/\/gesport.unizar.es\/it\/wp-json\/wp\/v2\/pages\/6538\/revisions"}],"predecessor-version":[{"id":10605,"href":"https:\/\/gesport.unizar.es\/it\/wp-json\/wp\/v2\/pages\/6538\/revisions\/10605"}],"wp:attachment":[{"href":"https:\/\/gesport.unizar.es\/it\/wp-json\/wp\/v2\/media?parent=6538"}],"curies":[{"name":"wp","href":"https:\/\/api.w.org\/{rel}","templated":true}]}}