{"id":6536,"date":"2021-11-17T10:09:15","date_gmt":"2021-11-17T10:09:15","guid":{"rendered":"https:\/\/gesport.unizar.es\/?page_id=6536"},"modified":"2025-04-09T15:28:51","modified_gmt":"2025-04-09T15:28:51","slug":"other-events","status":"publish","type":"page","link":"https:\/\/gesport.unizar.es\/it\/other-events\/","title":{"rendered":"ALTRI EVENTI"},"content":{"rendered":"\n<p>1) <a href=\"https:\/\/youtu.be\/dRlBWcbhsbQ\">VIDEO DI PRESENTAZIONE_TERAMO<\/a><\/p>\n\n\n\n<figure class=\"wp-block-embed is-type-video is-provider-youtube wp-block-embed-youtube wp-embed-aspect-16-9 wp-has-aspect-ratio\"><div class=\"wp-block-embed__wrapper\">\n<div class=\"ast-oembed-container\" style=\"height: 100%;\"><iframe loading=\"lazy\" title=\"VIDEO PRESENTACI\u00d3N TERAMO\" width=\"500\" height=\"281\" src=\"https:\/\/www.youtube.com\/embed\/dRlBWcbhsbQ?feature=oembed\" frameborder=\"0\" allow=\"accelerometer; autoplay; clipboard-write; encrypted-media; gyroscope; picture-in-picture; web-share\" referrerpolicy=\"strict-origin-when-cross-origin\" allowfullscreen><\/iframe><\/div>\n<\/div><\/figure>\n\n\n\n<p>Questo video \u00e8 stato realizzato durante il Secondo Meeting Transnazionale del progetto presso l&#8217;Universit\u00e0 di Teramo nel luglio 2018. \u00c8 &nbsp;stato realizzato da Sergio Pipitone e Sergio De Angelis dell&#8217;Ufficio Produzione Stampa e Radiotelevisione della Fondazione dell&#8217;Universit\u00e0 degli Studi di Teramo. Il video riassume i momenti del Secondo Meeting Transnazionale dedicati alla divulgazione del progetto al pubblico. Nello specifico, dopo una vista panoramica dall&#8217;alto del campus dell&#8217;Universit\u00e0 degli Studi di Teramo, si riportano alcuni momenti della conferenza stampa che il Team GESPORT ha tenuto insieme al rettore dell&#8217;Universit\u00e0 degli Studi di Teramo, prof. Luciano D&#8217;Amico. Mostra inoltre la visita del Project Team GESPORT allo studio di registrazione dell&#8217;Ufficio Produzione Stampa e Radiotelevisione della Fondazione dell&#8217;Universit\u00e0 degli Studi di Teramo nonch\u00e9 l&#8217;intervista radiofonica che il team GESPORT ha rilasciato al giornalista e speaker radiofonico Sergio Pipitone a Radiofrequenza, la radio dell&#8217;Universit\u00e0 di Teramo.<\/p>\n\n\n\n<p>2) Presentazione dell\u2019abstract \u201c<a href=\"http:\/\/insight.cumbria.ac.uk\/id\/eprint\/5017\/1\/ICGR19-Booklet-Download.pdf\">Donne presidenti di federazioni sportive: uno studio comparativo<\/a> \u201d alla Conferenza Internazionale sulla Ricerca di Genere (ICGR19) ospitata da Ipazia, Osservatorio Scientifico sulle Questioni di Genere dell&#8217;Universit\u00e0 degli Studi Roma Tre, Roma, dall&#8217;11 al 12 aprile 2019. L&#8217;abstract \u00e8 pubblicato a pagina 105 del volume del congresso. \u00c8 stato presentato da Emilia Fernandes.<\/p>\n\n\n\n<p>3) Il team GESPORT ha organizzato la sessione \u201c<a href=\"https:\/\/gesport.unizar.es\/wp-content\/uploads\/2022\/02\/Mapping-gender-conformities-challenges-and-changes-in-sport-and-sport-management.pdf\">Mapping gender conformities, challenges and changes in sport and sport management: Policies, contexts, practices, actors, and interactions<\/a>\u201d dell\u2019 11th International Critical Management Conference \u201cPRECARIOUS PRESENTS, OPEN FUTURES\u201d. The Open University, Walton Hall, Milton Keynes, UK 27 \u2013 29 giugno 2019. La sessione . stata presentata da Charlotte Smith .<\/p>\n\n\n\n<p>4)  Il team di GESPORT ha partecipato ai comitati organizzativo e scientifico per la sesta edizione della sua <a href=\"http:\/\/langdiv2019.unizar.es\/\">Conferenza annuale sulla diversit.\u00e0 linguistica (LD6)<\/a> che si \u00e8 tenuta presso l&#8217;Universit. di Saragozza, in Spagna, presso il Campus di Teruel, dal 25 al 29 settembre 2019.<\/p>\n\n\n\n<p>5) La partner inglese (Charlotte Smith) ha tenuto un discorso programmatico sul progetto a Bournemouth in un evento organizzato il &#8216;Women in Sport Governance&#8217; il 5 dicembre 2019.<\/p>\n\n\n\n<p>6) Presentazione dell\u2019abstract \u201cExploring the presence of women in the national governing bodies of sports federations in 5 European countries\u201dall\u2019 IKSAD 2020: World Women Conference in Ankara\/Turkey 7-8 marzo 2020. L\u2019abstract \u00e8 stato presentato da Luisa Esteban ed \u00e8 pubblicato a pagina 5 della <a href=\"https:\/\/5350ee29-a3ce-4e91-865f-4343795377a4.filesusr.com\/ugd\/614b1f_5521a3c90e004bf1983221223e90a0e4.pdf\">raccolta di atti<\/a>.<\/p>\n\n\n\n<p>7)  Il progetto GESPORT \u00e8 stato selezionato dal Consiglio Superiore dello Sport (CSD) della Spagna per partecipare al Primo Seminario Digitale \u201cPresentazione e scambi di progetti Erasmus + Sport guidati da organizzazioni spagnole nel periodo 2016-2019\u201d. Dei 702 assegnati dal 2016 al 2019 dall&#8217;Unione Europea a tutti i paesi europei, la Spagna ha ricevuto finanziamenti solo per il 7,25% di tutti i progetti selezionati (73 progetti). Di questi 73 progetti, 12 sono stati selezionati per partecipare a questo evento, che mira a scambiare buone pratiche nei progetti Erasmus + in Spagna, rilevare problemi e difficolt\u00e0 durante la presentazione e la selezione di un progetto e riflettere soluzioni per aumentare la percentuale di progetti spagnoli. Ciascun responsabile della propria organizzazione ha presentato il proprio progetto, evidenziando gli aspetti chiave del suo successo. Successivamente si \u00e8 svolta una tavola rotonda in cui sono stati discussi sia gli ostacoli nell&#8217;elaborazione e sviluppo dei progetti sia le possibili soluzioni a questi problemi. La Conferenza fa parte della campagna Erasmus + Infodays 2020. \u00c8 stato coordinato dalla Young Sports Foundation e dal CSD. Spain Moves ha anche collaborato. Tra i partecipanti anche il Responsabile dell&#8217;Area Progetti del Consiglio Superiore dello Sport. (CSD), il Direttore Generale dell&#8217;Agenzia Spagnola per la Protezione della Salute nello Sport. (AEPSAD), Direttore Generale, Young Sports Foundation, Responsabile dell&#8217;High Level Athlete Service \u2013 CSD, e valutatore, consulente e coordinatore di progetti Erasmus+. Presentato da Luisa Esteban.<\/p>\n\n\n\n<p>8) La scuola basca di sport (<a href=\"https:\/\/www.euskadi.eus\/gobierno-vasco\/escuela-vasca-del-deporte\/\">Escuela Vasca del Deporte<\/a>) ha invitato la coordinatrice del progetto GESPORT a presentare alcuni risultati del progetto nel webinar \u201cAttivit\u00e0 fisica, sport e prospettiva di genere\u201d dal titolo \u201cCorporate governance nelle federazioni in una prospettiva di genere\u201d. La presentazione \u00e8 stata realizzata il 17 dicembre 2020 da Luisa Esteban e il video \u00e8 disponibile su <a href=\"https:\/\/www.youtube.com\/watch?v=HTIQd-n8gjo\">Youtube<\/a>.<\/p>\n\n\n\n<figure class=\"wp-block-embed is-type-video is-provider-youtube wp-block-embed-youtube wp-embed-aspect-16-9 wp-has-aspect-ratio\"><div class=\"wp-block-embed__wrapper\">\n<div class=\"ast-oembed-container\" style=\"height: 100%;\"><iframe loading=\"lazy\" title=\"Kirol Eskola | El gobierno corporativo en las federaciones desde una perspectiva de ge\u0301nero\" width=\"500\" height=\"281\" src=\"https:\/\/www.youtube.com\/embed\/HTIQd-n8gjo?feature=oembed\" frameborder=\"0\" allow=\"accelerometer; autoplay; clipboard-write; encrypted-media; gyroscope; picture-in-picture; web-share\" referrerpolicy=\"strict-origin-when-cross-origin\" allowfullscreen><\/iframe><\/div>\n<\/div><\/figure>\n\n\n\n<p>9)  Partecipazione alla <a href=\"https:\/\/www.unite.it\/UniTE\/Archivio_News_3\/_Immagini_di_Donna_webinar_in_occasione_della_giornata_internazionale_della_Donna_Ospite_la_scultrice_Cordelia_von_den_Steinen\">Giornata della donna<\/a> dell\u2019universit\u00e0 di Teramo (8 march 2021). La presentazione \u00e8 stata condotta da Tiziana Di Cimbrini.<\/p>\n\n\n\n<p>10) Participa\u00e7\u00e3o na primeira Confer\u00eancia &#8220;Mulheres e o Desporto&#8221;. Evento de tr\u00eas dias e quatro webinars com 15 oradores internacionais. 8, 9 e 10 de Mar\u00e7o de 2021 em Barcelona (Espanha). Organizado pela Unisport Management School. Participante: Luisa Esteban<\/p>\n\n\n\n<p>11) Partecipazione alla prima Conferenza Donne e Sport. Evento di tre giorni e quattro webinar con 15 relatori internazionali. 8, 9 e 10 marzo 2021 a Barcellona (Spagna). Organizzato da Unisport Management School. Partecipante: Luisa Esteban<\/p>\n\n\n\n<p>12) Presentazione del poster \u201cLe donne nei consigli federali dei cinque paesi europei: uno studio esplorativo \u201c <a href=\"https:\/\/conference.researchbib.com\/view\/event\/125014\">ICGR 2022:5th International Conference on Gender Research<\/a>, in Aveiro, Portogallo, 28- 29 aprile 2022. Il poster \u00e8 stato presentato da Emilia Fernandes.<\/p>\n\n\n\n<p>13) Presentazione dei risultati del progetto GESPORT all&#8217;Universit\u00e0 di Rennes (Francia), durante la Settimana Internazionale della Responsabilit\u00e0 Sociale e Ambientale. Dal 24 al 28 ottobre 2022. Maggiori informazioni su: <a href=\"https:\/\/sirse.sciencesconf.org.\/\">https:\/\/sirse.sciencesconf.org.\/<\/a><\/p>\n","protected":false},"excerpt":{"rendered":"<p>1) VIDEO DI PRESENTAZIONE_TERAMO Questo video \u00e8 stato realizzato durante il Secondo Meeting Transnazionale del progetto presso l&#8217;Universit\u00e0 di Teramo nel luglio 2018. \u00c8 &nbsp;stato realizzato da Sergio Pipitone e Sergio De Angelis dell&#8217;Ufficio Produzione Stampa e Radiotelevisione della Fondazione dell&#8217;Universit\u00e0 degli Studi di Teramo. Il video riassume i momenti del Secondo Meeting Transnazionale dedicati &hellip;<\/p>\n<p class=\"read-more\"> <a class=\"\" href=\"https:\/\/gesport.unizar.es\/it\/other-events\/\"> <span class=\"screen-reader-text\">ALTRI EVENTI<\/span> Read More &raquo;<\/a><\/p>\n","protected":false},"author":3,"featured_media":0,"parent":0,"menu_order":0,"comment_status":"closed","ping_status":"closed","template":"","meta":{"site-sidebar-layout":"default","site-content-layout":"default","ast-global-header-display":"","ast-main-header-display":"","ast-hfb-above-header-display":"","ast-hfb-below-header-display":"","ast-hfb-mobile-header-display":"","site-post-title":"","ast-breadcrumbs-content":"","ast-featured-img":"","footer-sml-layout":"","theme-transparent-header-meta":"","adv-header-id-meta":"","stick-header-meta":"","header-above-stick-meta":"","header-main-stick-meta":"","header-below-stick-meta":""},"translation":{"provider":"WPGlobus","version":"2.10.4","language":"it","enabled_languages":["gb","es","tr","it","pt"],"languages":{"gb":{"title":true,"content":true,"excerpt":false},"es":{"title":true,"content":true,"excerpt":false},"tr":{"title":true,"content":true,"excerpt":false},"it":{"title":true,"content":true,"excerpt":false},"pt":{"title":true,"content":true,"excerpt":false}}},"yoast_head":"<!-- This site is optimized with the Yoast SEO plugin v19.7.1 - https:\/\/yoast.com\/wordpress\/plugins\/seo\/ -->\n<title>ALTRI EVENTI - GESPORT+<\/title>\n<meta name=\"robots\" content=\"index, follow, max-snippet:-1, max-image-preview:large, max-video-preview:-1\" \/>\n<link rel=\"canonical\" href=\"https:\/\/gesport.unizar.es\/other-events\/\" \/>\n<meta property=\"og:locale\" content=\"it_IT\" \/>\n<meta property=\"og:type\" content=\"article\" \/>\n<meta property=\"og:title\" content=\"ALTRI EVENTI - GESPORT+\" \/>\n<meta property=\"og:url\" content=\"https:\/\/gesport.unizar.es\/other-events\/\" \/>\n<meta property=\"og:site_name\" content=\"GESPORT+\" \/>\n<meta property=\"article:modified_time\" content=\"2025-04-09T15:28:51+00:00\" \/>\n<meta property=\"og:image\" content=\"https:\/\/gesport.unizar.es\/wp-content\/uploads\/2025\/04\/Cartel-10A-ES-1.jpg\" \/>\n<meta name=\"twitter:card\" content=\"summary_large_image\" \/>\n<meta name=\"twitter:label1\" content=\"Est. reading time\" \/>\n\t<meta name=\"twitter:data1\" content=\"5 minutes\" \/>\n<script type=\"application\/ld+json\" class=\"yoast-schema-graph\">{\"@context\":\"https:\/\/schema.org\",\"@graph\":[{\"@type\":\"WebPage\",\"@id\":\"https:\/\/gesport.unizar.es\/other-events\/\",\"url\":\"https:\/\/gesport.unizar.es\/other-events\/\",\"name\":\"ALTRI EVENTI - GESPORT+\",\"isPartOf\":{\"@id\":\"https:\/\/gesport.unizar.es\/#website\"},\"datePublished\":\"2021-11-17T10:09:15+00:00\",\"dateModified\":\"2025-04-09T15:28:51+00:00\",\"breadcrumb\":{\"@id\":\"https:\/\/gesport.unizar.es\/other-events\/#breadcrumb\"},\"inLanguage\":\"it-IT\",\"potentialAction\":[{\"@type\":\"ReadAction\",\"target\":[\"https:\/\/gesport.unizar.es\/other-events\/\"]}]},{\"@type\":\"BreadcrumbList\",\"@id\":\"https:\/\/gesport.unizar.es\/other-events\/#breadcrumb\",\"itemListElement\":[{\"@type\":\"ListItem\",\"position\":1,\"name\":\"Portada\",\"item\":\"https:\/\/gesport.unizar.es\/\"},{\"@type\":\"ListItem\",\"position\":2,\"name\":\"EVENTOS:\"}]},{\"@type\":\"WebSite\",\"@id\":\"https:\/\/gesport.unizar.es\/#website\",\"url\":\"https:\/\/gesport.unizar.es\/\",\"name\":\"GESPORT+\",\"description\":\"Corporate governance in sport organizations:  a gendered approach\",\"publisher\":{\"@id\":\"https:\/\/gesport.unizar.es\/#organization\"},\"potentialAction\":[{\"@type\":\"SearchAction\",\"target\":{\"@type\":\"EntryPoint\",\"urlTemplate\":\"https:\/\/gesport.unizar.es\/?s={search_term_string}\"},\"query-input\":\"required name=search_term_string\"}],\"inLanguage\":\"it-IT\"},{\"@type\":\"Organization\",\"@id\":\"https:\/\/gesport.unizar.es\/#organization\",\"name\":\"GESPORT Erasmus+\",\"url\":\"https:\/\/gesport.unizar.es\/\",\"sameAs\":[],\"logo\":{\"@type\":\"ImageObject\",\"inLanguage\":\"it-IT\",\"@id\":\"https:\/\/gesport.unizar.es\/#\/schema\/logo\/image\/\",\"url\":\"http:\/\/gesport.unizar.es\/wp-content\/uploads\/2018\/12\/4.jpg\",\"contentUrl\":\"http:\/\/gesport.unizar.es\/wp-content\/uploads\/2018\/12\/4.jpg\",\"width\":400,\"height\":400,\"caption\":\"GESPORT Erasmus+\"},\"image\":{\"@id\":\"https:\/\/gesport.unizar.es\/#\/schema\/logo\/image\/\"}}]}<\/script>\n<!-- \/ Yoast SEO plugin. -->","yoast_head_json":{"title":"ALTRI EVENTI - GESPORT+","robots":{"index":"index","follow":"follow","max-snippet":"max-snippet:-1","max-image-preview":"max-image-preview:large","max-video-preview":"max-video-preview:-1"},"canonical":"https:\/\/gesport.unizar.es\/other-events\/","og_locale":"it_IT","og_type":"article","og_title":"ALTRI EVENTI - GESPORT+","og_url":"https:\/\/gesport.unizar.es\/other-events\/","og_site_name":"GESPORT+","article_modified_time":"2025-04-09T15:28:51+00:00","og_image":[{"url":"https:\/\/gesport.unizar.es\/wp-content\/uploads\/2025\/04\/Cartel-10A-ES-1.jpg"}],"twitter_card":"summary_large_image","twitter_misc":{"Est. reading time":"5 minutes"},"schema":{"@context":"https:\/\/schema.org","@graph":[{"@type":"WebPage","@id":"https:\/\/gesport.unizar.es\/other-events\/","url":"https:\/\/gesport.unizar.es\/other-events\/","name":"ALTRI EVENTI - GESPORT+","isPartOf":{"@id":"https:\/\/gesport.unizar.es\/#website"},"datePublished":"2021-11-17T10:09:15+00:00","dateModified":"2025-04-09T15:28:51+00:00","breadcrumb":{"@id":"https:\/\/gesport.unizar.es\/other-events\/#breadcrumb"},"inLanguage":"it-IT","potentialAction":[{"@type":"ReadAction","target":["https:\/\/gesport.unizar.es\/other-events\/"]}]},{"@type":"BreadcrumbList","@id":"https:\/\/gesport.unizar.es\/other-events\/#breadcrumb","itemListElement":[{"@type":"ListItem","position":1,"name":"Portada","item":"https:\/\/gesport.unizar.es\/"},{"@type":"ListItem","position":2,"name":"EVENTOS:"}]},{"@type":"WebSite","@id":"https:\/\/gesport.unizar.es\/#website","url":"https:\/\/gesport.unizar.es\/","name":"GESPORT+","description":"Corporate governance in sport organizations:  a gendered approach","publisher":{"@id":"https:\/\/gesport.unizar.es\/#organization"},"potentialAction":[{"@type":"SearchAction","target":{"@type":"EntryPoint","urlTemplate":"https:\/\/gesport.unizar.es\/?s={search_term_string}"},"query-input":"required name=search_term_string"}],"inLanguage":"it-IT"},{"@type":"Organization","@id":"https:\/\/gesport.unizar.es\/#organization","name":"GESPORT Erasmus+","url":"https:\/\/gesport.unizar.es\/","sameAs":[],"logo":{"@type":"ImageObject","inLanguage":"it-IT","@id":"https:\/\/gesport.unizar.es\/#\/schema\/logo\/image\/","url":"http:\/\/gesport.unizar.es\/wp-content\/uploads\/2018\/12\/4.jpg","contentUrl":"http:\/\/gesport.unizar.es\/wp-content\/uploads\/2018\/12\/4.jpg","width":400,"height":400,"caption":"GESPORT Erasmus+"},"image":{"@id":"https:\/\/gesport.unizar.es\/#\/schema\/logo\/image\/"}}]}},"_links":{"self":[{"href":"https:\/\/gesport.unizar.es\/it\/wp-json\/wp\/v2\/pages\/6536"}],"collection":[{"href":"https:\/\/gesport.unizar.es\/it\/wp-json\/wp\/v2\/pages"}],"about":[{"href":"https:\/\/gesport.unizar.es\/it\/wp-json\/wp\/v2\/types\/page"}],"author":[{"embeddable":true,"href":"https:\/\/gesport.unizar.es\/it\/wp-json\/wp\/v2\/users\/3"}],"replies":[{"embeddable":true,"href":"https:\/\/gesport.unizar.es\/it\/wp-json\/wp\/v2\/comments?post=6536"}],"version-history":[{"count":204,"href":"https:\/\/gesport.unizar.es\/it\/wp-json\/wp\/v2\/pages\/6536\/revisions"}],"predecessor-version":[{"id":10983,"href":"https:\/\/gesport.unizar.es\/it\/wp-json\/wp\/v2\/pages\/6536\/revisions\/10983"}],"wp:attachment":[{"href":"https:\/\/gesport.unizar.es\/it\/wp-json\/wp\/v2\/media?parent=6536"}],"curies":[{"name":"wp","href":"https:\/\/api.w.org\/{rel}","templated":true}]}}