{"id":6452,"date":"2021-10-25T11:11:34","date_gmt":"2021-10-25T11:11:34","guid":{"rendered":"https:\/\/gesport.unizar.es\/?page_id=6452"},"modified":"2023-06-12T17:07:26","modified_gmt":"2023-06-12T17:07:26","slug":"book-of-abstracts","status":"publish","type":"page","link":"https:\/\/gesport.unizar.es\/it\/book-of-abstracts\/","title":{"rendered":"Volume: Conferenza Internazionale ICMPEDS"},"content":{"rendered":"\n<figure class=\"wp-block-image size-full\"><img loading=\"lazy\" width=\"3800\" height=\"2850\" src=\"https:\/\/gesport.unizar.es\/wp-content\/uploads\/2022\/09\/2Libros-4.jpg\" alt=\"\" class=\"wp-image-9572\"\/><figcaption>Books designer: Marta Burriel Le\u00f3n (2021 and 2022)<\/figcaption><\/figure>\n\n\n\n<p><strong><em>Conference report book of abstracts: <\/em><\/strong> Conferenza Internazionale sulle Prospettive Multidisciplinari sull\u2019 Uguaglianza\u00a0\u00a0e Diversit\u00e0 nello Sport<\/p>\n\n\n\n<p>The <a href=\"https:\/\/zaguan.unizar.es\/record\/110748\">book of abstracts<\/a> (ISBN: 978-84-18321-32-0; DOI:<a href=\"http:\/\/dx.doi.org\/10.26754\/uz.978-84-18321-32-0\">10.26754\/uz.978-84-18321-32-0<\/a>) is intended to leave traces of the works of the International Conference on \u201c<a href=\"https:\/\/zaguan.unizar.es\/record\/110748\">Multidisciplinary Perspectives on Equality and Diversity in Sports (ICMPEDS)<\/a>\u201d, organized by the GESPORT research group with the support of the Erasmus+ Program of the European Union, from 14 to 16 July 2021. Il\u00a0<a href=\"https:\/\/zaguan.unizar.es\/record\/110748\">libro degli abstract<\/a>\u00a0(ISBN: 978-84-18321-32-0; DOI:\u00a0<a href=\"http:\/\/dx.doi.org\/10.26754\/uz.978-84-18321-32-0\">10.26754\/uz.978-84-18321-32-0<\/a>) vuole lasciare una traccia dei lavori della Conferenza Internazionale \u201c<a href=\"https:\/\/gesport.unizar.es\/book-of-abstracts\/\">Conferenza Internazionale sulle Prospettive Multidisciplinari sull\u2019 Uguaglianza\u00a0\u00a0e Diversit\u00e0 nello Sport\u00a0<\/a>\u00a0organizzata dal gruppo di ricerca GESPORT, con il supporto del Programma Erasmus+ dell&#8217;Unione Europea, dal 14 al 16 luglio 2021.<\/p>\n\n\n\n<p>La pubblicazione degli abstract consente anche a coloro che non hanno seguito i lavori della conferenza di beneficiare del dibattito che quest&#8217;ultima ha avviato su un&#8217;ampia gamma di temi legati alle questioni di genere nello sport. Il volume si propone quindi di essere uno strumento per diffondere a lungo termine i risultati della conferenza e sensibilizzare l&#8217;opinione pubblica sui temi trattati in quest&#8217;ultima e dal progetto GESPORT in generale. Si tratta di un prodotto intellettuale destinato ad essere divulgato al pubblico nel senso pi\u00f9 ampio possibile e quindi non limitato alla comunit\u00e0 scientifica.<\/p>\n\n\n\n<figure class=\"wp-block-image size-large\"><img loading=\"lazy\" width=\"1024\" height=\"683\" src=\"https:\/\/gesport.unizar.es\/wp-content\/uploads\/2022\/02\/LIBROIMAGEN_book_of_abstracts-1024x683.jpg\" alt=\"\" class=\"wp-image-7366\" srcset=\"https:\/\/gesport.unizar.es\/wp-content\/uploads\/2022\/02\/LIBROIMAGEN_book_of_abstracts-1024x683.jpg 1024w, https:\/\/gesport.unizar.es\/wp-content\/uploads\/2022\/02\/LIBROIMAGEN_book_of_abstracts-300x200.jpg 300w, https:\/\/gesport.unizar.es\/wp-content\/uploads\/2022\/02\/LIBROIMAGEN_book_of_abstracts-768x512.jpg 768w, https:\/\/gesport.unizar.es\/wp-content\/uploads\/2022\/02\/LIBROIMAGEN_book_of_abstracts-1536x1024.jpg 1536w, https:\/\/gesport.unizar.es\/wp-content\/uploads\/2022\/02\/LIBROIMAGEN_book_of_abstracts-2048x1365.jpg 2048w, https:\/\/gesport.unizar.es\/wp-content\/uploads\/2022\/02\/LIBROIMAGEN_book_of_abstracts-24x16.jpg 24w, https:\/\/gesport.unizar.es\/wp-content\/uploads\/2022\/02\/LIBROIMAGEN_book_of_abstracts-36x24.jpg 36w, https:\/\/gesport.unizar.es\/wp-content\/uploads\/2022\/02\/LIBROIMAGEN_book_of_abstracts-48x32.jpg 48w\" sizes=\"(max-width: 1024px) 100vw, 1024px\" \/><figcaption>Grafica a cura di Marta Burriel (2021)<\/figcaption><\/figure>\n\n\n\n<p>Il libro degli abstract include tutti gli abstract accettati e presentati alla Conferenza Internazionale ICMPEDS. L&#8217;accettazione dell&#8217;abstract \u00e8 stata oggetto di un processo di selezione da parte dei componenti del Comitato Scientifico del Convegno con l&#8217;obiettivo di escludere contributi non attinenti agli obiettivi del progetto GESPORT e ai temi trattati dalla Conferenza. Il gruppo di ricerca GESPORT ha inoltre ritenuto di subordinare la pubblicazione degli abstract alla loro effettiva presentazione nel corso della Conferenza per evitare comportamenti opportunistici e per garantire che ogni contributo pubblicato abbia effettivamente dato luogo a un dibattito e uno scambio di idee e opinioni nel corso del Conferenza.\u00a0<\/p>\n\n\n\n<p>Il prologo e le informazioni sulla&nbsp;<a href=\"https:\/\/www.youtube.com\/watch?v=iUKkirToXwY&amp;list=PLhnGL5VosdkkGWWfCm1d4Lbh0qy3m5ZwR&amp;index=1\">sessione plenaria<\/a>&nbsp;sono riportati in tutte le lingue del progetto (italiano, inglese, spagnolo, turco e portoghese). Gli abstract, suddivisi in abstract accademici e abstract professionali, personali e istituzionali, sono riportati sia in lingua originale che in inglese al fine di favorire la massima diffusione possibile dei contenuti.<\/p>\n\n\n\n<p>I contributi coprono un&#8217;ampia gamma di aree tematiche: Management, Marketing, Corporate Governance, Cultura, Economia, Istruzione, Etica, Belle Arti, Storia, Studi sul mercato del lavoro, Educazione fisica, Linguaggio e inclusivit\u00e0, Scienze della comunicazione, Psicologia, Religione, Sociologia e Diritto.<\/p>\n\n\n\n<p> Il volume \u00e8 stato pubblicato nel 2021 dal Servicio de Publicaciones dell\u2019Universit\u00e0 di Saragozza nella forma di e-book ed \u00e8 disponibile per il download gratuito dal sito web del progetto GESPORT al link\u00a0<a href=\"https:\/\/gesport.unizar.es\/it\/book-of-abstracts\/\">https:\/\/gesport.unizar.es\/it\/book-of-abstracts\/<\/a>,\u00a0dalla piattaforma\u00a0<a href=\"https:\/\/zaguan.unizar.es\/record\/110748\">ZAGUAN<\/a>\u00a0dell\u2019Universi\u00e0 di Saragozza\u00a0 <a href=\"https:\/\/zaguan.unizar.es\/record\/110748\">ZAGUAN<\/a>.<\/p>\n\n\n\n<div class=\"wp-container-1 wp-block-buttons\">\n<div class=\"wp-block-button\"><a class=\"wp-block-button__link\" href=\"https:\/\/zaguan.unizar.es\/record\/110748\">DOWNLOAD<\/a><\/div>\n<\/div>\n\n\n\n<p>La stampa ha dedicato tre articoli che parlano dei volumi legati alla conferenza:<\/p>\n\n\n\n<p>\u201c<a href=\"https:\/\/gesport.unizar.es\/more-than-300-people-participate-in-the-forum-on-equality-in-sport-the-international-congress-receives-150-papers-from-various-countries\/\">More than 300 people participate in the forum on equality in sport: The international congress receives 150 papers from various countries<\/a>\u201d (Alicia Royo, <em>Diario de Teruel<\/em>, July 15, 2021).<\/p>\n\n\n\n<p>\u201c<a href=\"https:\/\/gesport.unizar.es\/the-congress-on-equality-in-the-sport-is-postponed\/\">The congress on equality in sport is postponed<\/a>\u201d (Isabel Mu\u00f1oz, <em>Diario de Teruel<\/em>, April 16, 20).<\/p>\n\n\n\n<p><em>Report della conferenza \u201cIl\u00a0<ins>I<\/ins>ibro dei paper: prospettive multidisciplinari sull&#8217;uguaglianza e la diversit\u00e0 nello sport\u201d<\/em><\/p>\n\n\n\n<p>Il libro dei paper &#8220;Prospettive multidisciplinari sull&#8217;uguaglianza e la diversit\u00e0 nello sport&#8221; (ISBN: 978-84-18321-44-3, DOI: https:\/\/doi.org\/10.26754\/uz.978-84-18321-44-3 ) \u00e8 una raccolta dei migliori paper presentati alla Conferenza Internazionale \u201c<strong>Prospettive Multidisciplinari sull\u2019Uguaglianza e Diversit\u00e0 nello Sport<\/strong>(ICMPEDS)&#8221;, organizzata dal gruppo di ricerca GESPORT con il supporto del Programma Erasmus+ dell&#8217;Unione Europea, dal 14 al 16 luglio 2021. Il libro vuole essere un mezzo per diffondere a lungo termine i contributi scientifici emersi dalla Conferenza. Pertanto, a differenza del libro degli abstract, che ha lo scopo di sensibilizzare l&#8217;opinione pubblica e si rivolge a un pubblico pi\u00f9 ampio possibile, il libro dei paper \u00e8 specificamente rivolto alla comunit\u00e0 scientifica e ha lo scopo di diffondere risultati di ricerche rilevanti relativi ai temi del Convegno.<\/p>\n\n\n\n<p>Il team del progetto GESPORT ha selezionato, tra tutti gli abstract accademici presentati durante la conferenza, quelli che presentavano il maggiore rigore scientifico e che erano pi\u00f9 attinenti ai temi del progetto. Ci\u00f2 ha portato a ritenere meritevole di pubblicazione, una volta sviluppati in paper definitivi, meno del 10% degli abstract presentati<\/p>\n\n\n\n<figure class=\"wp-block-image size-full\"><img loading=\"lazy\" width=\"3750\" height=\"2500\" src=\"https:\/\/gesport.unizar.es\/wp-content\/uploads\/2022\/09\/Abstracs_2-1.jpg\" alt=\"\" class=\"wp-image-9578\"\/><figcaption><a href=\"Grafica: Marta Burriel (2022)\">Book designer: Marta Burriel Le\u00f3n (2022)<\/a><\/figcaption><\/figure>\n\n\n\n<p>Il volume \u00e8 stato pubblicato nel 2022 sotto forma di e-book ed \u00e8 scaricabile gratuitamente dal sito web del progetto GESPORT, dalla piattaforma\u00a0 <a href=\"https:\/\/zaguan.unizar.es\/record\/118606?ln=es\">ZAGUAN<\/a> dell\u2019Universit\u00e0 di Saragozza.<\/p>\n\n\n\n<div class=\"wp-container-2 wp-block-buttons\">\n<div class=\"wp-block-button\"><a class=\"wp-block-button__link\" href=\"https:\/\/zaguan.unizar.es\/record\/118606?ln=es\">DOWNLOAD<\/a><\/div>\n<\/div>\n","protected":false},"excerpt":{"rendered":"<p>Conference report book of abstracts: Conferenza Internazionale sulle Prospettive Multidisciplinari sull\u2019 Uguaglianza\u00a0\u00a0e Diversit\u00e0 nello Sport The book of abstracts (ISBN: 978-84-18321-32-0; DOI:10.26754\/uz.978-84-18321-32-0) is intended to leave traces of the works of the International Conference on \u201cMultidisciplinary Perspectives on Equality and Diversity in Sports (ICMPEDS)\u201d, organized by the GESPORT research group with the support of the &hellip;<\/p>\n<p class=\"read-more\"> <a class=\"\" href=\"https:\/\/gesport.unizar.es\/it\/book-of-abstracts\/\"> <span class=\"screen-reader-text\">Volume: Conferenza Internazionale ICMPEDS<\/span> Read More &raquo;<\/a><\/p>\n","protected":false},"author":3,"featured_media":0,"parent":0,"menu_order":0,"comment_status":"closed","ping_status":"closed","template":"","meta":{"site-sidebar-layout":"default","site-content-layout":"default","ast-global-header-display":"","ast-main-header-display":"","ast-hfb-above-header-display":"","ast-hfb-below-header-display":"","ast-hfb-mobile-header-display":"","site-post-title":"","ast-breadcrumbs-content":"","ast-featured-img":"","footer-sml-layout":"","theme-transparent-header-meta":"default","adv-header-id-meta":"","stick-header-meta":"","header-above-stick-meta":"","header-main-stick-meta":"","header-below-stick-meta":""},"translation":{"provider":"WPGlobus","version":"2.10.4","language":"it","enabled_languages":["gb","es","tr","it","pt"],"languages":{"gb":{"title":true,"content":true,"excerpt":false},"es":{"title":true,"content":true,"excerpt":false},"tr":{"title":true,"content":true,"excerpt":false},"it":{"title":true,"content":true,"excerpt":false},"pt":{"title":true,"content":true,"excerpt":false}}},"yoast_head":"<!-- This site is optimized with the Yoast SEO plugin v19.7.1 - https:\/\/yoast.com\/wordpress\/plugins\/seo\/ -->\n<title>Volume: Conferenza Internazionale ICMPEDS - GESPORT+<\/title>\n<meta name=\"robots\" content=\"index, follow, max-snippet:-1, max-image-preview:large, max-video-preview:-1\" \/>\n<link rel=\"canonical\" href=\"https:\/\/gesport.unizar.es\/book-of-abstracts\/\" \/>\n<meta property=\"og:locale\" content=\"it_IT\" \/>\n<meta property=\"og:type\" content=\"article\" \/>\n<meta property=\"og:title\" content=\"Volume: Conferenza Internazionale ICMPEDS - GESPORT+\" \/>\n<meta property=\"og:url\" content=\"https:\/\/gesport.unizar.es\/book-of-abstracts\/\" \/>\n<meta property=\"og:site_name\" content=\"GESPORT+\" \/>\n<meta property=\"article:modified_time\" content=\"2023-06-12T17:07:26+00:00\" \/>\n<meta property=\"og:image\" content=\"https:\/\/gesport.unizar.es\/wp-content\/uploads\/2022\/09\/2Libros-4.jpg\" \/>\n<meta name=\"twitter:card\" content=\"summary_large_image\" \/>\n<meta name=\"twitter:label1\" content=\"Est. reading time\" \/>\n\t<meta name=\"twitter:data1\" content=\"4 minutes\" \/>\n<script type=\"application\/ld+json\" class=\"yoast-schema-graph\">{\"@context\":\"https:\/\/schema.org\",\"@graph\":[{\"@type\":\"WebPage\",\"@id\":\"https:\/\/gesport.unizar.es\/book-of-abstracts\/\",\"url\":\"https:\/\/gesport.unizar.es\/book-of-abstracts\/\",\"name\":\"Volume: Conferenza Internazionale ICMPEDS - GESPORT+\",\"isPartOf\":{\"@id\":\"https:\/\/gesport.unizar.es\/#website\"},\"datePublished\":\"2021-10-25T11:11:34+00:00\",\"dateModified\":\"2023-06-12T17:07:26+00:00\",\"breadcrumb\":{\"@id\":\"https:\/\/gesport.unizar.es\/book-of-abstracts\/#breadcrumb\"},\"inLanguage\":\"it-IT\",\"potentialAction\":[{\"@type\":\"ReadAction\",\"target\":[\"https:\/\/gesport.unizar.es\/book-of-abstracts\/\"]}]},{\"@type\":\"BreadcrumbList\",\"@id\":\"https:\/\/gesport.unizar.es\/book-of-abstracts\/#breadcrumb\",\"itemListElement\":[{\"@type\":\"ListItem\",\"position\":1,\"name\":\"Portada\",\"item\":\"https:\/\/gesport.unizar.es\/\"},{\"@type\":\"ListItem\",\"position\":2,\"name\":\"Libros: Conferencia Internacional ICMPEDS\ufffc\"}]},{\"@type\":\"WebSite\",\"@id\":\"https:\/\/gesport.unizar.es\/#website\",\"url\":\"https:\/\/gesport.unizar.es\/\",\"name\":\"GESPORT+\",\"description\":\"Corporate governance in sport organizations:  a gendered approach\",\"publisher\":{\"@id\":\"https:\/\/gesport.unizar.es\/#organization\"},\"potentialAction\":[{\"@type\":\"SearchAction\",\"target\":{\"@type\":\"EntryPoint\",\"urlTemplate\":\"https:\/\/gesport.unizar.es\/?s={search_term_string}\"},\"query-input\":\"required name=search_term_string\"}],\"inLanguage\":\"it-IT\"},{\"@type\":\"Organization\",\"@id\":\"https:\/\/gesport.unizar.es\/#organization\",\"name\":\"GESPORT Erasmus+\",\"url\":\"https:\/\/gesport.unizar.es\/\",\"sameAs\":[],\"logo\":{\"@type\":\"ImageObject\",\"inLanguage\":\"it-IT\",\"@id\":\"https:\/\/gesport.unizar.es\/#\/schema\/logo\/image\/\",\"url\":\"http:\/\/gesport.unizar.es\/wp-content\/uploads\/2018\/12\/4.jpg\",\"contentUrl\":\"http:\/\/gesport.unizar.es\/wp-content\/uploads\/2018\/12\/4.jpg\",\"width\":400,\"height\":400,\"caption\":\"GESPORT Erasmus+\"},\"image\":{\"@id\":\"https:\/\/gesport.unizar.es\/#\/schema\/logo\/image\/\"}}]}<\/script>\n<!-- \/ Yoast SEO plugin. -->","yoast_head_json":{"title":"Volume: Conferenza Internazionale ICMPEDS - GESPORT+","robots":{"index":"index","follow":"follow","max-snippet":"max-snippet:-1","max-image-preview":"max-image-preview:large","max-video-preview":"max-video-preview:-1"},"canonical":"https:\/\/gesport.unizar.es\/book-of-abstracts\/","og_locale":"it_IT","og_type":"article","og_title":"Volume: Conferenza Internazionale ICMPEDS - GESPORT+","og_url":"https:\/\/gesport.unizar.es\/book-of-abstracts\/","og_site_name":"GESPORT+","article_modified_time":"2023-06-12T17:07:26+00:00","og_image":[{"url":"https:\/\/gesport.unizar.es\/wp-content\/uploads\/2022\/09\/2Libros-4.jpg"}],"twitter_card":"summary_large_image","twitter_misc":{"Est. reading time":"4 minutes"},"schema":{"@context":"https:\/\/schema.org","@graph":[{"@type":"WebPage","@id":"https:\/\/gesport.unizar.es\/book-of-abstracts\/","url":"https:\/\/gesport.unizar.es\/book-of-abstracts\/","name":"Volume: Conferenza Internazionale ICMPEDS - GESPORT+","isPartOf":{"@id":"https:\/\/gesport.unizar.es\/#website"},"datePublished":"2021-10-25T11:11:34+00:00","dateModified":"2023-06-12T17:07:26+00:00","breadcrumb":{"@id":"https:\/\/gesport.unizar.es\/book-of-abstracts\/#breadcrumb"},"inLanguage":"it-IT","potentialAction":[{"@type":"ReadAction","target":["https:\/\/gesport.unizar.es\/book-of-abstracts\/"]}]},{"@type":"BreadcrumbList","@id":"https:\/\/gesport.unizar.es\/book-of-abstracts\/#breadcrumb","itemListElement":[{"@type":"ListItem","position":1,"name":"Portada","item":"https:\/\/gesport.unizar.es\/"},{"@type":"ListItem","position":2,"name":"Libros: Conferencia Internacional ICMPEDS\ufffc"}]},{"@type":"WebSite","@id":"https:\/\/gesport.unizar.es\/#website","url":"https:\/\/gesport.unizar.es\/","name":"GESPORT+","description":"Corporate governance in sport organizations:  a gendered approach","publisher":{"@id":"https:\/\/gesport.unizar.es\/#organization"},"potentialAction":[{"@type":"SearchAction","target":{"@type":"EntryPoint","urlTemplate":"https:\/\/gesport.unizar.es\/?s={search_term_string}"},"query-input":"required name=search_term_string"}],"inLanguage":"it-IT"},{"@type":"Organization","@id":"https:\/\/gesport.unizar.es\/#organization","name":"GESPORT Erasmus+","url":"https:\/\/gesport.unizar.es\/","sameAs":[],"logo":{"@type":"ImageObject","inLanguage":"it-IT","@id":"https:\/\/gesport.unizar.es\/#\/schema\/logo\/image\/","url":"http:\/\/gesport.unizar.es\/wp-content\/uploads\/2018\/12\/4.jpg","contentUrl":"http:\/\/gesport.unizar.es\/wp-content\/uploads\/2018\/12\/4.jpg","width":400,"height":400,"caption":"GESPORT Erasmus+"},"image":{"@id":"https:\/\/gesport.unizar.es\/#\/schema\/logo\/image\/"}}]}},"_links":{"self":[{"href":"https:\/\/gesport.unizar.es\/it\/wp-json\/wp\/v2\/pages\/6452"}],"collection":[{"href":"https:\/\/gesport.unizar.es\/it\/wp-json\/wp\/v2\/pages"}],"about":[{"href":"https:\/\/gesport.unizar.es\/it\/wp-json\/wp\/v2\/types\/page"}],"author":[{"embeddable":true,"href":"https:\/\/gesport.unizar.es\/it\/wp-json\/wp\/v2\/users\/3"}],"replies":[{"embeddable":true,"href":"https:\/\/gesport.unizar.es\/it\/wp-json\/wp\/v2\/comments?post=6452"}],"version-history":[{"count":91,"href":"https:\/\/gesport.unizar.es\/it\/wp-json\/wp\/v2\/pages\/6452\/revisions"}],"predecessor-version":[{"id":10831,"href":"https:\/\/gesport.unizar.es\/it\/wp-json\/wp\/v2\/pages\/6452\/revisions\/10831"}],"wp:attachment":[{"href":"https:\/\/gesport.unizar.es\/it\/wp-json\/wp\/v2\/media?parent=6452"}],"curies":[{"name":"wp","href":"https:\/\/api.w.org\/{rel}","templated":true}]}}