{"id":6429,"date":"2021-10-25T11:00:50","date_gmt":"2021-10-25T11:00:50","guid":{"rendered":"https:\/\/gesport.unizar.es\/?page_id=6429"},"modified":"2022-10-07T12:44:31","modified_gmt":"2022-10-07T12:44:31","slug":"questionnaire","status":"publish","type":"page","link":"https:\/\/gesport.unizar.es\/it\/questionnaire\/","title":{"rendered":"Questionario: Parit\u00e0 di genere nei consigli di amministrazione delle federazioni sportive nazionali europee"},"content":{"rendered":"\n<p>Il questionario ha l&#8217;obiettivo di investigare le relazioni di genere all&#8217;interno delle Federazioni Sportive Nazionali (FSN) e le politiche di genere adottate. I destinatari del questionario son ostati sia uomini sia donne facenti parte degli organi di governo delle federazioni dei paesi coinvolti nel progetto.&nbsp; Il questionario contiene anche due domande aperte mediante cui i rispondenti possono&nbsp; comunicare le loro esperienze e opinioni specifiche sulle questioni di genere nella governance delle organizzazioni sportive e sugli effetti della Pandemia Covid-19 sulla discriminazione di genere.<\/p>\n\n\n\n<p>Il questionario \u00e8 stato creato e progettato in formato Google drive; \u00e8 stato tradotto in tutte le lingue dei paesi coinvolti nel progetto. La sua somministrazione \u00e8 stata proceduta da una richiesta di autorizzazione all&#8217;ufficio per la protezione dei dati dell&#8217;Universit\u00e0 di Saragozza, che coorina il progetto.<\/p>\n\n\n\n<p>Di seguito il LINK al questionario tradotto in ciascuna delle cinque lingue del progetto.<\/p>\n\n\n\n<p><a href=\"https:\/\/docs.google.com\/forms\/d\/e\/1FAIpQLScX5Nk936sG3e4aK860d_sns2IU-nZksOrXLu9IxT-oS1n4rg\/viewform\">INGLESE<\/a><\/p>\n\n\n\n<p><a href=\"https:\/\/docs.google.com\/forms\/d\/e\/1FAIpQLSeIVJllvksbPH0aE2PW1KPT6kHCt5c-WwIIXVt_t2PKy4yB4g\/viewformhttps:\/\/docs.google.com\/forms\/d\/e\/1FAIpQLSeIVJllvksbPH0aE2PW1KPT6kHCt5c-WwIIXVt_t2PKy4yB4g\/viewform\">ITALIANO<\/a><\/p>\n\n\n\n<p><a href=\"https:\/\/docs.google.com\/forms\/d\/e\/1FAIpQLSfd0J-fqxIs00ByzeEdjmetI2tqvv25iL5jm1XKyDX7NbpZkA\/viewform\">PORTOGHESE<\/a><\/p>\n\n\n\n<p><a href=\"https:\/\/docs.google.com\/forms\/d\/e\/1FAIpQLScuyMpdScjJNh-n7hL9weURKF14J05UU8GKFx2RKLTq_Ccszg\/viewform\">SPAGNOLO<\/a><\/p>\n\n\n\n<p><a href=\"https:\/\/docs.google.com\/forms\/d\/10OT0GeGCG8EtX5PrmLNkHZFGDWE2kDDw-XXR6XBfFXU\/edit\">TURCO<\/a><\/p>\n","protected":false},"excerpt":{"rendered":"<p>Il questionario ha l&#8217;obiettivo di investigare le relazioni di genere all&#8217;interno delle Federazioni Sportive Nazionali (FSN) e le politiche di genere adottate. I destinatari del questionario son ostati sia uomini sia donne facenti parte degli organi di governo delle federazioni dei paesi coinvolti nel progetto.&nbsp; Il questionario contiene anche due domande aperte mediante cui i &hellip;<\/p>\n<p class=\"read-more\"> <a class=\"\" href=\"https:\/\/gesport.unizar.es\/it\/questionnaire\/\"> <span class=\"screen-reader-text\">Questionario: Parit\u00e0 di genere nei consigli di amministrazione delle federazioni sportive nazionali europee<\/span> Read More &raquo;<\/a><\/p>\n","protected":false},"author":3,"featured_media":0,"parent":0,"menu_order":0,"comment_status":"closed","ping_status":"closed","template":"","meta":{"site-sidebar-layout":"default","site-content-layout":"default","ast-global-header-display":"","ast-main-header-display":"","ast-hfb-above-header-display":"","ast-hfb-below-header-display":"","ast-hfb-mobile-header-display":"","site-post-title":"","ast-breadcrumbs-content":"","ast-featured-img":"","footer-sml-layout":"","theme-transparent-header-meta":"default","adv-header-id-meta":"","stick-header-meta":"","header-above-stick-meta":"","header-main-stick-meta":"","header-below-stick-meta":""},"translation":{"provider":"WPGlobus","version":"2.10.4","language":"it","enabled_languages":["gb","es","tr","it","pt"],"languages":{"gb":{"title":true,"content":true,"excerpt":false},"es":{"title":true,"content":true,"excerpt":false},"tr":{"title":true,"content":true,"excerpt":false},"it":{"title":true,"content":true,"excerpt":false},"pt":{"title":true,"content":true,"excerpt":false}}},"yoast_head":"<!-- This site is optimized with the Yoast SEO plugin v19.7.1 - https:\/\/yoast.com\/wordpress\/plugins\/seo\/ -->\n<title>Questionario: Parit\u00e0 di genere nei consigli di amministrazione delle federazioni sportive nazionali europee - GESPORT+<\/title>\n<meta name=\"robots\" content=\"index, follow, max-snippet:-1, max-image-preview:large, max-video-preview:-1\" \/>\n<link rel=\"canonical\" href=\"https:\/\/gesport.unizar.es\/questionnaire\/\" \/>\n<meta property=\"og:locale\" content=\"it_IT\" \/>\n<meta property=\"og:type\" content=\"article\" \/>\n<meta property=\"og:title\" content=\"Questionario: Parit\u00e0 di genere nei consigli di amministrazione delle federazioni sportive nazionali europee - GESPORT+\" \/>\n<meta property=\"og:url\" content=\"https:\/\/gesport.unizar.es\/questionnaire\/\" \/>\n<meta property=\"og:site_name\" content=\"GESPORT+\" \/>\n<meta property=\"article:modified_time\" content=\"2022-10-07T12:44:31+00:00\" \/>\n<meta name=\"twitter:card\" content=\"summary_large_image\" \/>\n<meta name=\"twitter:label1\" content=\"Est. reading time\" \/>\n\t<meta name=\"twitter:data1\" content=\"2 minutes\" \/>\n<script type=\"application\/ld+json\" class=\"yoast-schema-graph\">{\"@context\":\"https:\/\/schema.org\",\"@graph\":[{\"@type\":\"WebPage\",\"@id\":\"https:\/\/gesport.unizar.es\/questionnaire\/\",\"url\":\"https:\/\/gesport.unizar.es\/questionnaire\/\",\"name\":\"Questionario: Parit\u00e0 di genere nei consigli di amministrazione delle federazioni sportive nazionali europee - GESPORT+\",\"isPartOf\":{\"@id\":\"https:\/\/gesport.unizar.es\/#website\"},\"datePublished\":\"2021-10-25T11:00:50+00:00\",\"dateModified\":\"2022-10-07T12:44:31+00:00\",\"breadcrumb\":{\"@id\":\"https:\/\/gesport.unizar.es\/questionnaire\/#breadcrumb\"},\"inLanguage\":\"it-IT\",\"potentialAction\":[{\"@type\":\"ReadAction\",\"target\":[\"https:\/\/gesport.unizar.es\/questionnaire\/\"]}]},{\"@type\":\"BreadcrumbList\",\"@id\":\"https:\/\/gesport.unizar.es\/questionnaire\/#breadcrumb\",\"itemListElement\":[{\"@type\":\"ListItem\",\"position\":1,\"name\":\"Portada\",\"item\":\"https:\/\/gesport.unizar.es\/\"},{\"@type\":\"ListItem\",\"position\":2,\"name\":\"Cuestionario: Igualdad de g\u00e9nero en juntas directivas de las federaciones nacionales deportivas de Europa\"}]},{\"@type\":\"WebSite\",\"@id\":\"https:\/\/gesport.unizar.es\/#website\",\"url\":\"https:\/\/gesport.unizar.es\/\",\"name\":\"GESPORT+\",\"description\":\"Corporate governance in sport organizations:  a gendered approach\",\"publisher\":{\"@id\":\"https:\/\/gesport.unizar.es\/#organization\"},\"potentialAction\":[{\"@type\":\"SearchAction\",\"target\":{\"@type\":\"EntryPoint\",\"urlTemplate\":\"https:\/\/gesport.unizar.es\/?s={search_term_string}\"},\"query-input\":\"required name=search_term_string\"}],\"inLanguage\":\"it-IT\"},{\"@type\":\"Organization\",\"@id\":\"https:\/\/gesport.unizar.es\/#organization\",\"name\":\"GESPORT Erasmus+\",\"url\":\"https:\/\/gesport.unizar.es\/\",\"sameAs\":[],\"logo\":{\"@type\":\"ImageObject\",\"inLanguage\":\"it-IT\",\"@id\":\"https:\/\/gesport.unizar.es\/#\/schema\/logo\/image\/\",\"url\":\"http:\/\/gesport.unizar.es\/wp-content\/uploads\/2018\/12\/4.jpg\",\"contentUrl\":\"http:\/\/gesport.unizar.es\/wp-content\/uploads\/2018\/12\/4.jpg\",\"width\":400,\"height\":400,\"caption\":\"GESPORT Erasmus+\"},\"image\":{\"@id\":\"https:\/\/gesport.unizar.es\/#\/schema\/logo\/image\/\"}}]}<\/script>\n<!-- \/ Yoast SEO plugin. -->","yoast_head_json":{"title":"Questionario: Parit\u00e0 di genere nei consigli di amministrazione delle federazioni sportive nazionali europee - GESPORT+","robots":{"index":"index","follow":"follow","max-snippet":"max-snippet:-1","max-image-preview":"max-image-preview:large","max-video-preview":"max-video-preview:-1"},"canonical":"https:\/\/gesport.unizar.es\/questionnaire\/","og_locale":"it_IT","og_type":"article","og_title":"Questionario: Parit\u00e0 di genere nei consigli di amministrazione delle federazioni sportive nazionali europee - GESPORT+","og_url":"https:\/\/gesport.unizar.es\/questionnaire\/","og_site_name":"GESPORT+","article_modified_time":"2022-10-07T12:44:31+00:00","twitter_card":"summary_large_image","twitter_misc":{"Est. reading time":"2 minutes"},"schema":{"@context":"https:\/\/schema.org","@graph":[{"@type":"WebPage","@id":"https:\/\/gesport.unizar.es\/questionnaire\/","url":"https:\/\/gesport.unizar.es\/questionnaire\/","name":"Questionario: Parit\u00e0 di genere nei consigli di amministrazione delle federazioni sportive nazionali europee - GESPORT+","isPartOf":{"@id":"https:\/\/gesport.unizar.es\/#website"},"datePublished":"2021-10-25T11:00:50+00:00","dateModified":"2022-10-07T12:44:31+00:00","breadcrumb":{"@id":"https:\/\/gesport.unizar.es\/questionnaire\/#breadcrumb"},"inLanguage":"it-IT","potentialAction":[{"@type":"ReadAction","target":["https:\/\/gesport.unizar.es\/questionnaire\/"]}]},{"@type":"BreadcrumbList","@id":"https:\/\/gesport.unizar.es\/questionnaire\/#breadcrumb","itemListElement":[{"@type":"ListItem","position":1,"name":"Portada","item":"https:\/\/gesport.unizar.es\/"},{"@type":"ListItem","position":2,"name":"Cuestionario: Igualdad de g\u00e9nero en juntas directivas de las federaciones nacionales deportivas de Europa"}]},{"@type":"WebSite","@id":"https:\/\/gesport.unizar.es\/#website","url":"https:\/\/gesport.unizar.es\/","name":"GESPORT+","description":"Corporate governance in sport organizations:  a gendered approach","publisher":{"@id":"https:\/\/gesport.unizar.es\/#organization"},"potentialAction":[{"@type":"SearchAction","target":{"@type":"EntryPoint","urlTemplate":"https:\/\/gesport.unizar.es\/?s={search_term_string}"},"query-input":"required name=search_term_string"}],"inLanguage":"it-IT"},{"@type":"Organization","@id":"https:\/\/gesport.unizar.es\/#organization","name":"GESPORT Erasmus+","url":"https:\/\/gesport.unizar.es\/","sameAs":[],"logo":{"@type":"ImageObject","inLanguage":"it-IT","@id":"https:\/\/gesport.unizar.es\/#\/schema\/logo\/image\/","url":"http:\/\/gesport.unizar.es\/wp-content\/uploads\/2018\/12\/4.jpg","contentUrl":"http:\/\/gesport.unizar.es\/wp-content\/uploads\/2018\/12\/4.jpg","width":400,"height":400,"caption":"GESPORT Erasmus+"},"image":{"@id":"https:\/\/gesport.unizar.es\/#\/schema\/logo\/image\/"}}]}},"_links":{"self":[{"href":"https:\/\/gesport.unizar.es\/it\/wp-json\/wp\/v2\/pages\/6429"}],"collection":[{"href":"https:\/\/gesport.unizar.es\/it\/wp-json\/wp\/v2\/pages"}],"about":[{"href":"https:\/\/gesport.unizar.es\/it\/wp-json\/wp\/v2\/types\/page"}],"author":[{"embeddable":true,"href":"https:\/\/gesport.unizar.es\/it\/wp-json\/wp\/v2\/users\/3"}],"replies":[{"embeddable":true,"href":"https:\/\/gesport.unizar.es\/it\/wp-json\/wp\/v2\/comments?post=6429"}],"version-history":[{"count":31,"href":"https:\/\/gesport.unizar.es\/it\/wp-json\/wp\/v2\/pages\/6429\/revisions"}],"predecessor-version":[{"id":10119,"href":"https:\/\/gesport.unizar.es\/it\/wp-json\/wp\/v2\/pages\/6429\/revisions\/10119"}],"wp:attachment":[{"href":"https:\/\/gesport.unizar.es\/it\/wp-json\/wp\/v2\/media?parent=6429"}],"curies":[{"name":"wp","href":"https:\/\/api.w.org\/{rel}","templated":true}]}}