{"id":6422,"date":"2021-10-25T10:55:08","date_gmt":"2021-10-25T10:55:08","guid":{"rendered":"https:\/\/gesport.unizar.es\/?page_id=6422"},"modified":"2023-06-12T13:20:56","modified_gmt":"2023-06-12T13:20:56","slug":"book-corporate-governance-in-sport-organizations-a-gender-perspective-1o-ed","status":"publish","type":"page","link":"https:\/\/gesport.unizar.es\/it\/book-corporate-governance-in-sport-organizations-a-gender-perspective-1o-ed\/","title":{"rendered":"LIBRO: La corporate governance nelle organizzazioni sportive: una prospettiva di genere"},"content":{"rendered":"\n<figure class=\"wp-block-image size-full\"><img loading=\"lazy\" width=\"800\" height=\"726\" src=\"https:\/\/gesport.unizar.es\/wp-content\/uploads\/2019\/11\/book.jpg\" alt=\"\" class=\"wp-image-3207\" srcset=\"https:\/\/gesport.unizar.es\/wp-content\/uploads\/2019\/11\/book.jpg 800w, https:\/\/gesport.unizar.es\/wp-content\/uploads\/2019\/11\/book-300x272.jpg 300w, https:\/\/gesport.unizar.es\/wp-content\/uploads\/2019\/11\/book-768x697.jpg 768w\" sizes=\"(max-width: 800px) 100vw, 800px\" \/><\/figure>\n\n\n\n<p>Il volume descrive lo stato dell\u2019arte circa la partecipazione femminile negli organi direttivi delle Federazioni sportive nazionali in ciascuno dei paesi partecipanti al progetto (Italia, Portogallo, Spagna, Turchia e Regno Unito), con particolare attenzione alle condizioni politiche, normative e culturali legate alle questioni di genere e al mondo dello sport. Ogni capitolo \u00e8 dedicato a uno dei cinque paesi e ha una propria struttura per aiutare a inquadrare la questione all&#8217;interno delle peculiarit\u00e0 del contesto nazionale.<\/p>\n\n\n\n<p>Il libro pu\u00f2 essere scaricato presso il repository <a href=\"https:\/\/zaguan.unizar.es\/record\/84009?ln=en\">ZAGUAN<\/a> dell&#8217;Universit\u00e0 di Saragozza:<\/p>\n\n\n\n<div class=\"wp-container-1 wp-block-buttons\">\n<div class=\"wp-block-button\"><a class=\"wp-block-button__link\" href=\"https:\/\/zaguan.unizar.es\/record\/84009?ln=en#\">SCARICA<\/a><\/div>\n<\/div>\n\n\n\n<p><\/p>\n\n\n\n<p>Al libro la stampa ha dedicato i seguenti articoli<\/p>\n\n\n\n<p>\u201cReino Unido y Espa\u00f1a tienen m\u00e1s mujeres en la direcci\u00f3n de federaciones deportivas\u201d (<a href=\"https:\/\/gesport.unizar.es\/united-kingdom-and-spain-have-more-women-in-the-direction-of-sports-federations\/\">Regno Unito e Spagna hanno pi\u00f9 donne ai vertici delle federazioni sportive<\/a>) (Diario de Teruel,&nbsp; 13 Agosto 2018).<\/p>\n\n\n\n<p>\u201cEl proyecto Gesport publica en marzo un libro sobre mujer e instituciones deportivas\u201d (<a href=\"https:\/\/gesport.unizar.es\/the-gesport-project-publishes-in-march-a-book-about-women-and-sports-institutions\/\">Il progetto Gesport pubblica a marzo un volume sulle donne e le organizzazioni sportive<\/a>) (Diario de Teruel, 21 febbraio 2019).<\/p>\n\n\n\n<p>\u201cLa participaci\u00f3n de las mujeres en \u00f3rganos rectores del \u00e1mbito deportivo es baja\u201d (<a href=\"https:\/\/gesport.unizar.es\/borrador-automatico\/\">La partecipazione delle donne negli organi di governo dello sport \u00e8 bassa<\/a>) (Diario de Teruel, 2 novembre 2019).<\/p>\n\n\n\n<figure class=\"wp-block-image size-full\"><img loading=\"lazy\" width=\"3504\" height=\"5035\" src=\"https:\/\/gesport.unizar.es\/wp-content\/uploads\/2022\/09\/color-explain-cmyk-01.jpg\" alt=\"\" class=\"wp-image-8862\"\/><\/figure>\n","protected":false},"excerpt":{"rendered":"<p>Il volume descrive lo stato dell\u2019arte circa la partecipazione femminile negli organi direttivi delle Federazioni sportive nazionali in ciascuno dei paesi partecipanti al progetto (Italia, Portogallo, Spagna, Turchia e Regno Unito), con particolare attenzione alle condizioni politiche, normative e culturali legate alle questioni di genere e al mondo dello sport. Ogni capitolo \u00e8 dedicato a &hellip;<\/p>\n<p class=\"read-more\"> <a class=\"\" href=\"https:\/\/gesport.unizar.es\/it\/book-corporate-governance-in-sport-organizations-a-gender-perspective-1o-ed\/\"> <span class=\"screen-reader-text\">LIBRO: La corporate governance nelle organizzazioni sportive: una prospettiva di genere<\/span> Read More &raquo;<\/a><\/p>\n","protected":false},"author":3,"featured_media":0,"parent":0,"menu_order":0,"comment_status":"closed","ping_status":"closed","template":"","meta":{"site-sidebar-layout":"default","site-content-layout":"default","ast-global-header-display":"","ast-main-header-display":"","ast-hfb-above-header-display":"","ast-hfb-below-header-display":"","ast-hfb-mobile-header-display":"","site-post-title":"","ast-breadcrumbs-content":"","ast-featured-img":"","footer-sml-layout":"","theme-transparent-header-meta":"default","adv-header-id-meta":"","stick-header-meta":"","header-above-stick-meta":"","header-main-stick-meta":"","header-below-stick-meta":""},"translation":{"provider":"WPGlobus","version":"2.10.4","language":"it","enabled_languages":["gb","es","tr","it","pt"],"languages":{"gb":{"title":true,"content":true,"excerpt":false},"es":{"title":true,"content":true,"excerpt":false},"tr":{"title":true,"content":true,"excerpt":false},"it":{"title":true,"content":true,"excerpt":false},"pt":{"title":true,"content":true,"excerpt":false}}},"yoast_head":"<!-- This site is optimized with the Yoast SEO plugin v19.7.1 - https:\/\/yoast.com\/wordpress\/plugins\/seo\/ -->\n<title>LIBRO: La corporate governance nelle organizzazioni sportive: una prospettiva di genere - GESPORT+<\/title>\n<meta name=\"robots\" content=\"index, follow, max-snippet:-1, max-image-preview:large, max-video-preview:-1\" \/>\n<link rel=\"canonical\" href=\"https:\/\/gesport.unizar.es\/book-corporate-governance-in-sport-organizations-a-gender-perspective-1o-ed\/\" \/>\n<meta property=\"og:locale\" content=\"it_IT\" \/>\n<meta property=\"og:type\" content=\"article\" \/>\n<meta property=\"og:title\" content=\"LIBRO: La corporate governance nelle organizzazioni sportive: una prospettiva di genere - GESPORT+\" \/>\n<meta property=\"og:url\" content=\"https:\/\/gesport.unizar.es\/book-corporate-governance-in-sport-organizations-a-gender-perspective-1o-ed\/\" \/>\n<meta property=\"og:site_name\" content=\"GESPORT+\" \/>\n<meta property=\"article:modified_time\" content=\"2023-06-12T13:20:56+00:00\" \/>\n<meta property=\"og:image\" content=\"https:\/\/gesport.unizar.es\/wp-content\/uploads\/2019\/11\/book.jpg\" \/>\n<meta name=\"twitter:card\" content=\"summary_large_image\" \/>\n<meta name=\"twitter:label1\" content=\"Est. reading time\" \/>\n\t<meta name=\"twitter:data1\" content=\"3 minutes\" \/>\n<script type=\"application\/ld+json\" class=\"yoast-schema-graph\">{\"@context\":\"https:\/\/schema.org\",\"@graph\":[{\"@type\":\"WebPage\",\"@id\":\"https:\/\/gesport.unizar.es\/book-corporate-governance-in-sport-organizations-a-gender-perspective-1o-ed\/\",\"url\":\"https:\/\/gesport.unizar.es\/book-corporate-governance-in-sport-organizations-a-gender-perspective-1o-ed\/\",\"name\":\"LIBRO: La corporate governance nelle organizzazioni sportive: una prospettiva di genere - GESPORT+\",\"isPartOf\":{\"@id\":\"https:\/\/gesport.unizar.es\/#website\"},\"datePublished\":\"2021-10-25T10:55:08+00:00\",\"dateModified\":\"2023-06-12T13:20:56+00:00\",\"breadcrumb\":{\"@id\":\"https:\/\/gesport.unizar.es\/book-corporate-governance-in-sport-organizations-a-gender-perspective-1o-ed\/#breadcrumb\"},\"inLanguage\":\"it-IT\",\"potentialAction\":[{\"@type\":\"ReadAction\",\"target\":[\"https:\/\/gesport.unizar.es\/book-corporate-governance-in-sport-organizations-a-gender-perspective-1o-ed\/\"]}]},{\"@type\":\"BreadcrumbList\",\"@id\":\"https:\/\/gesport.unizar.es\/book-corporate-governance-in-sport-organizations-a-gender-perspective-1o-ed\/#breadcrumb\",\"itemListElement\":[{\"@type\":\"ListItem\",\"position\":1,\"name\":\"Portada\",\"item\":\"https:\/\/gesport.unizar.es\/\"},{\"@type\":\"ListItem\",\"position\":2,\"name\":\"e-book: El gobierno corporativo en las organizaciones deportivas: una perspectiva de g\u00e9nero\"}]},{\"@type\":\"WebSite\",\"@id\":\"https:\/\/gesport.unizar.es\/#website\",\"url\":\"https:\/\/gesport.unizar.es\/\",\"name\":\"GESPORT+\",\"description\":\"Corporate governance in sport organizations:  a gendered approach\",\"publisher\":{\"@id\":\"https:\/\/gesport.unizar.es\/#organization\"},\"potentialAction\":[{\"@type\":\"SearchAction\",\"target\":{\"@type\":\"EntryPoint\",\"urlTemplate\":\"https:\/\/gesport.unizar.es\/?s={search_term_string}\"},\"query-input\":\"required name=search_term_string\"}],\"inLanguage\":\"it-IT\"},{\"@type\":\"Organization\",\"@id\":\"https:\/\/gesport.unizar.es\/#organization\",\"name\":\"GESPORT Erasmus+\",\"url\":\"https:\/\/gesport.unizar.es\/\",\"sameAs\":[],\"logo\":{\"@type\":\"ImageObject\",\"inLanguage\":\"it-IT\",\"@id\":\"https:\/\/gesport.unizar.es\/#\/schema\/logo\/image\/\",\"url\":\"http:\/\/gesport.unizar.es\/wp-content\/uploads\/2018\/12\/4.jpg\",\"contentUrl\":\"http:\/\/gesport.unizar.es\/wp-content\/uploads\/2018\/12\/4.jpg\",\"width\":400,\"height\":400,\"caption\":\"GESPORT Erasmus+\"},\"image\":{\"@id\":\"https:\/\/gesport.unizar.es\/#\/schema\/logo\/image\/\"}}]}<\/script>\n<!-- \/ Yoast SEO plugin. -->","yoast_head_json":{"title":"LIBRO: La corporate governance nelle organizzazioni sportive: una prospettiva di genere - GESPORT+","robots":{"index":"index","follow":"follow","max-snippet":"max-snippet:-1","max-image-preview":"max-image-preview:large","max-video-preview":"max-video-preview:-1"},"canonical":"https:\/\/gesport.unizar.es\/book-corporate-governance-in-sport-organizations-a-gender-perspective-1o-ed\/","og_locale":"it_IT","og_type":"article","og_title":"LIBRO: La corporate governance nelle organizzazioni sportive: una prospettiva di genere - GESPORT+","og_url":"https:\/\/gesport.unizar.es\/book-corporate-governance-in-sport-organizations-a-gender-perspective-1o-ed\/","og_site_name":"GESPORT+","article_modified_time":"2023-06-12T13:20:56+00:00","og_image":[{"url":"https:\/\/gesport.unizar.es\/wp-content\/uploads\/2019\/11\/book.jpg"}],"twitter_card":"summary_large_image","twitter_misc":{"Est. reading time":"3 minutes"},"schema":{"@context":"https:\/\/schema.org","@graph":[{"@type":"WebPage","@id":"https:\/\/gesport.unizar.es\/book-corporate-governance-in-sport-organizations-a-gender-perspective-1o-ed\/","url":"https:\/\/gesport.unizar.es\/book-corporate-governance-in-sport-organizations-a-gender-perspective-1o-ed\/","name":"LIBRO: La corporate governance nelle organizzazioni sportive: una prospettiva di genere - GESPORT+","isPartOf":{"@id":"https:\/\/gesport.unizar.es\/#website"},"datePublished":"2021-10-25T10:55:08+00:00","dateModified":"2023-06-12T13:20:56+00:00","breadcrumb":{"@id":"https:\/\/gesport.unizar.es\/book-corporate-governance-in-sport-organizations-a-gender-perspective-1o-ed\/#breadcrumb"},"inLanguage":"it-IT","potentialAction":[{"@type":"ReadAction","target":["https:\/\/gesport.unizar.es\/book-corporate-governance-in-sport-organizations-a-gender-perspective-1o-ed\/"]}]},{"@type":"BreadcrumbList","@id":"https:\/\/gesport.unizar.es\/book-corporate-governance-in-sport-organizations-a-gender-perspective-1o-ed\/#breadcrumb","itemListElement":[{"@type":"ListItem","position":1,"name":"Portada","item":"https:\/\/gesport.unizar.es\/"},{"@type":"ListItem","position":2,"name":"e-book: El gobierno corporativo en las organizaciones deportivas: una perspectiva de g\u00e9nero"}]},{"@type":"WebSite","@id":"https:\/\/gesport.unizar.es\/#website","url":"https:\/\/gesport.unizar.es\/","name":"GESPORT+","description":"Corporate governance in sport organizations:  a gendered approach","publisher":{"@id":"https:\/\/gesport.unizar.es\/#organization"},"potentialAction":[{"@type":"SearchAction","target":{"@type":"EntryPoint","urlTemplate":"https:\/\/gesport.unizar.es\/?s={search_term_string}"},"query-input":"required name=search_term_string"}],"inLanguage":"it-IT"},{"@type":"Organization","@id":"https:\/\/gesport.unizar.es\/#organization","name":"GESPORT Erasmus+","url":"https:\/\/gesport.unizar.es\/","sameAs":[],"logo":{"@type":"ImageObject","inLanguage":"it-IT","@id":"https:\/\/gesport.unizar.es\/#\/schema\/logo\/image\/","url":"http:\/\/gesport.unizar.es\/wp-content\/uploads\/2018\/12\/4.jpg","contentUrl":"http:\/\/gesport.unizar.es\/wp-content\/uploads\/2018\/12\/4.jpg","width":400,"height":400,"caption":"GESPORT Erasmus+"},"image":{"@id":"https:\/\/gesport.unizar.es\/#\/schema\/logo\/image\/"}}]}},"_links":{"self":[{"href":"https:\/\/gesport.unizar.es\/it\/wp-json\/wp\/v2\/pages\/6422"}],"collection":[{"href":"https:\/\/gesport.unizar.es\/it\/wp-json\/wp\/v2\/pages"}],"about":[{"href":"https:\/\/gesport.unizar.es\/it\/wp-json\/wp\/v2\/types\/page"}],"author":[{"embeddable":true,"href":"https:\/\/gesport.unizar.es\/it\/wp-json\/wp\/v2\/users\/3"}],"replies":[{"embeddable":true,"href":"https:\/\/gesport.unizar.es\/it\/wp-json\/wp\/v2\/comments?post=6422"}],"version-history":[{"count":54,"href":"https:\/\/gesport.unizar.es\/it\/wp-json\/wp\/v2\/pages\/6422\/revisions"}],"predecessor-version":[{"id":10791,"href":"https:\/\/gesport.unizar.es\/it\/wp-json\/wp\/v2\/pages\/6422\/revisions\/10791"}],"wp:attachment":[{"href":"https:\/\/gesport.unizar.es\/it\/wp-json\/wp\/v2\/media?parent=6422"}],"curies":[{"name":"wp","href":"https:\/\/api.w.org\/{rel}","templated":true}]}}