{"id":352,"date":"2018-09-23T10:48:32","date_gmt":"2018-09-23T10:48:32","guid":{"rendered":"http:\/\/gesport.unizar.es\/?page_id=352"},"modified":"2022-10-03T14:49:44","modified_gmt":"2022-10-03T14:49:44","slug":"scholars","status":"publish","type":"page","link":"https:\/\/gesport.unizar.es\/it\/scholars\/","title":{"rendered":"Studenti con borsa di studio"},"content":{"rendered":"\n<h5 class=\"trans-verified-button-small\" id=\"gt-res-dir-ctr\">Questi sono gli studenti che collaborano a Gesport + Educa. Vuoi saperne un po&#8217; di pi\u00f9 su di loro?<\/h5>\n\n\n\n\n\n<div class=\"wp-block-image\"><figure class=\"alignleft is-resized\"><img loading=\"lazy\" src=\"http:\/\/gesport.unizar.es\/wp-content\/uploads\/2019\/01\/carnet2-2-300x300.jpg\" alt=\"\" class=\"wp-image-2746\" width=\"171\" height=\"171\" srcset=\"https:\/\/gesport.unizar.es\/wp-content\/uploads\/2019\/01\/carnet2-2-300x300.jpg 300w, https:\/\/gesport.unizar.es\/wp-content\/uploads\/2019\/01\/carnet2-2-150x150.jpg 150w, https:\/\/gesport.unizar.es\/wp-content\/uploads\/2019\/01\/carnet2-2.jpg 354w\" sizes=\"(max-width: 171px) 100vw, 171px\" \/><\/figure><\/div>\n\n\n\n<p><strong>RUTH ESTEBAN ESTEBAN<\/strong> (May 2018 \/ July 2018<span id=\"result_box\" class=\"\" lang=\"es\"><span title=\"RUTH ESTEBAN ESTEBAN ( May 2018 \/ July 2018) \">)<\/span><\/span><\/p>\n\n\n\n<p>Ruth (1992) \u00e8 nata in una piccola citt\u00e0 chiamata Blancas (Spagna). Ha conseguito una Laurea in Disegno Industriale a Valencia. Dopo aver lavorato nel dipartimento marketing di una societ\u00e0 di consulenza, decide di studiare al Master of Arts Faculty di Teruel. Ha partecipato allo sviluppo del sito web e alla sua gestione all&#8217;inizio del progetto GESPORT+.<\/p>\n\n\n\n<br><br>\n\n\n\n<div class=\"wp-block-image\"><figure class=\"alignleft is-resized\"><img loading=\"lazy\" src=\"http:\/\/gesport.unizar.es\/wp-content\/uploads\/2019\/01\/ele1.png\" alt=\"\" class=\"wp-image-2760\" width=\"176\" height=\"176\" srcset=\"https:\/\/gesport.unizar.es\/wp-content\/uploads\/2019\/01\/ele1.png 406w, https:\/\/gesport.unizar.es\/wp-content\/uploads\/2019\/01\/ele1-150x150.png 150w, https:\/\/gesport.unizar.es\/wp-content\/uploads\/2019\/01\/ele1-300x300.png 300w\" sizes=\"(max-width: 176px) 100vw, 176px\" \/><\/figure><\/div>\n\n\n\n<p><strong>ELENA GIL JUANA <\/strong>(Octubre 2018 \/ Julio 2019)<\/p>\n\n\n\n<p>Elena (1994) \u00e8 nata a Molina de Arag\u00f3n (Spagna). Ha conseguito una laurea in Belle Arti e un Master in Incisione e Grafica alla Real Casa de la Moneda (Madrid). Ha conseguito un Master in Didattica a Teruel e ha partecipato allo sviluppo del sito web, alla progettazione del catalogo dei loghi, a uno degli ebook e a vari materiali grafici del progetto GESPORT+.<\/p>\n\n\n\n<br>\n\n\n\n<div class=\"wp-block-image\"><figure class=\"alignleft is-resized\"><img loading=\"lazy\" src=\"http:\/\/gesport.unizar.es\/wp-content\/uploads\/2019\/11\/ana_t_r-150x150.png\" alt=\"\" class=\"wp-image-3169\" width=\"182\" height=\"182\" srcset=\"https:\/\/gesport.unizar.es\/wp-content\/uploads\/2019\/11\/ana_t_r-150x150.png 150w, https:\/\/gesport.unizar.es\/wp-content\/uploads\/2019\/11\/ana_t_r-300x300.png 300w, https:\/\/gesport.unizar.es\/wp-content\/uploads\/2019\/11\/ana_t_r.png 463w\" sizes=\"(max-width: 182px) 100vw, 182px\" \/><\/figure><\/div>\n\n\n\n<p><strong>ANA TORTAJADA REM\u00d3N<\/strong>  (Febbraio 2020 \/ Dicembre 2021)<\/p>\n\n\n\n<p>Ana (1996) \u00e8 nata a Teruel (Spagna). Ha completato il corso di studi in Network Computer Systems Administration a Teruel. Ora studia ingegneria informatica alla Technical School di Teruel. Nel 2019 ha partecipato alla gestione delle banche dati del Progetto GESPORT+, allo sviluppo del sito web e all&#8217;organizzazione delle interviste sul sito. Ha collaborato attivamente agli aspetti tecnici per l&#8217;organizzazione della International Conference on Multidisciplinary Perspectives on Equality and Diversity in Sports, in particolare nella progettazione della piattaforma informatica per ospitare la conferenza informativa.<\/p>\n\n\n\n<p><img loading=\"lazy\" width=\"180\" height=\"180\" class=\"alignleft  wp-image-3872\" src=\"http:\/\/gesport.unizar.es\/wp-content\/uploads\/2020\/04\/DiegoRodriguez-300x300.png\" alt=\"Diego Rodriguez\" srcset=\"https:\/\/gesport.unizar.es\/wp-content\/uploads\/2020\/04\/DiegoRodriguez-300x300.png 300w, https:\/\/gesport.unizar.es\/wp-content\/uploads\/2020\/04\/DiegoRodriguez-1024x1024.png 1024w, https:\/\/gesport.unizar.es\/wp-content\/uploads\/2020\/04\/DiegoRodriguez-150x150.png 150w, https:\/\/gesport.unizar.es\/wp-content\/uploads\/2020\/04\/DiegoRodriguez-768x768.png 768w, https:\/\/gesport.unizar.es\/wp-content\/uploads\/2020\/04\/DiegoRodriguez.png 1509w\" sizes=\"(max-width: 180px) 100vw, 180px\" \/><strong>DIEGO RODRIGUEZ SORIA<\/strong> (February 2020\/ July 2020)<\/p>\n\n\n\n<p>Diego (1995) \u00e8 nato a Saragozza (Spagna). Attualmente \u00e8 al quarto anno del corso di laurea in Belle Arti a Teruel, oltre a collaborare all&#8217;edizione della sezione audiovisiva per il sito web del progetto GESPORT+.<\/p>\n\n\n\n<br><br>\n\n\n\n<p><\/p>\n\n\n\n<h2><img loading=\"lazy\" class=\"alignleft  wp-image-3926\" src=\"http:\/\/gesport.unizar.es\/wp-content\/uploads\/2020\/04\/circle-cropped-300x300.png\" alt=\"\" width=\"180\" height=\"180\" srcset=\"https:\/\/gesport.unizar.es\/wp-content\/uploads\/2020\/04\/circle-cropped-300x300.png 300w, https:\/\/gesport.unizar.es\/wp-content\/uploads\/2020\/04\/circle-cropped-150x150.png 150w, https:\/\/gesport.unizar.es\/wp-content\/uploads\/2020\/04\/circle-cropped-768x768.png 768w, https:\/\/gesport.unizar.es\/wp-content\/uploads\/2020\/04\/circle-cropped.png 864w\" sizes=\"(max-width: 180px) 100vw, 180px\" \/><\/h2>\n\n\n\n<p><strong>GUILLERMO MAZA MAR\u00cdN <\/strong>(February 2020\/ July 2020)<\/p>\n\n\n\n<p>Guillermo (1995) \u00e8 nato a Saragozza (Spagna). Ha studiato Didattica all&#8217;Universit\u00e0 di Saragozza. Attualmente \u00e8 studente del quarto anno di Belle Arti a Teruel. Partecipa all&#8217;edizione della sezione audiovisiva del sito web del progetto GESPORT+<\/p>\n\n\n\n<br>\n\n\n\n<div class=\"wp-block-image is-style-rounded\"><figure class=\"alignleft size-large is-resized\"><img loading=\"lazy\" src=\"http:\/\/gesport.unizar.es\/wp-content\/uploads\/2021\/03\/Laura_Peiro-edited.jpg\" alt=\"\" class=\"wp-image-5461\" width=\"180\" height=\"180\" srcset=\"https:\/\/gesport.unizar.es\/wp-content\/uploads\/2021\/03\/Laura_Peiro-edited.jpg 792w, https:\/\/gesport.unizar.es\/wp-content\/uploads\/2021\/03\/Laura_Peiro-edited-300x300.jpg 300w, https:\/\/gesport.unizar.es\/wp-content\/uploads\/2021\/03\/Laura_Peiro-edited-150x150.jpg 150w, https:\/\/gesport.unizar.es\/wp-content\/uploads\/2021\/03\/Laura_Peiro-edited-768x769.jpg 768w, https:\/\/gesport.unizar.es\/wp-content\/uploads\/2021\/03\/Laura_Peiro-edited-24x24.jpg 24w, https:\/\/gesport.unizar.es\/wp-content\/uploads\/2021\/03\/Laura_Peiro-edited-36x36.jpg 36w, https:\/\/gesport.unizar.es\/wp-content\/uploads\/2021\/03\/Laura_Peiro-edited-48x48.jpg 48w\" sizes=\"(max-width: 180px) 100vw, 180px\" \/><\/figure><\/div>\n\n\n\n<p><strong>LAURA PEIR\u00d3 M\u00c1RQUEZ<\/strong> (Febbraio 2021\/Agosto 2021)<br>Laura (1995) was born in Zaragoza (Spain), where she studied the&nbsp;<strong>B.A. in Modern Languages<\/strong>&nbsp;and the&nbsp;<strong>B.A. in Spanish Philology<\/strong>. She then moved to Vitoria, in the North of Spain, to study a&nbsp;<strong>Master in Second Language Acquisition<\/strong>. She has combined her participation in the GESPORT + project with the Master of Didactics in Zaragoza. She has actively collaborated in promoting social networks and in organizing the International Conference on Multidisciplinary Perspectives on Equality and Diversity in Sports, especially in advertising and translation work.<\/p>\n\n\n\n<br><br>\n\n\n\n<div class=\"wp-block-image is-style-rounded\"><figure class=\"alignleft size-full is-resized\"><img loading=\"lazy\" src=\"https:\/\/gesport.unizar.es\/wp-content\/uploads\/2022\/02\/Foto_CV_Marta.png\" alt=\"\" class=\"wp-image-7428\" width=\"171\" height=\"171\"\/><\/figure><\/div>\n\n\n\n<p><strong>MARTA BURRIEL LE\u00d3N <\/strong>(February 2021\/July 2022)<\/p>\n\n\n\n<p>\u00c8 nata a Saragozza (2000) dove ha iniziato i suoi studi in campo artistico per poi trasferirsi a Teruel, dove ha studiato Belle Arti. Oltre a partecipare al progetto GESPORT+, realizza progetti artistici unendo arte e ambiente. Ha progettato il materiale grafico per la Conferenza internazionale sulle prospettive multidisciplinari sull&#8217;uguaglianza e la diversit\u00e0 nello sport, nonch\u00e9 il libro degli abstract della conferenza. Attualmente partecipa allo sviluppo di prodotti intellettuali relativi all&#8217;impaginazione dei video delle interviste e ad altri manuali di progetto.<\/p>\n\n\n\n<br><br>\n\n\n\n<div class=\"wp-block-image is-style-rounded\"><figure class=\"alignleft size-full is-resized\"><img loading=\"lazy\" src=\"https:\/\/gesport.unizar.es\/wp-content\/uploads\/2022\/02\/foto_perfil.webp\" alt=\"\" class=\"wp-image-7191\" width=\"171\" height=\"171\"\/><\/figure><\/div>\n\n\n\n<p><strong>LETICIA S\u00c1NCHEZ ROMERO<\/strong>&nbsp;(Febbraio 2022 \/ Luglio 2022)<\/p>\n\n\n\n<p>Leticia (1999) \u00e8 nata a Saragozza (Spagna), dove sta concludendo il corso di laurea in Ingegneria Informatica. Collabora ad attivit\u00e0 relative alla gestione di database e prodotti intellettuali relativi a interviste e video sul sito web del progetto GESPORT+.<\/p>\n\n\n\n<br>\n\n\n\n<div class=\"wp-block-image is-style-rounded\"><figure class=\"alignleft size-full is-resized\"><img src=\"https:\/\/gesport.unizar.es\/wp-content\/uploads\/2022\/03\/becaria_Irene.jpeg\" alt=\"\" class=\"wp-image-7502\" width=\"171\" srcset=\"https:\/\/gesport.unizar.es\/wp-content\/uploads\/2022\/03\/becaria_Irene.jpeg 471w, https:\/\/gesport.unizar.es\/wp-content\/uploads\/2022\/03\/becaria_Irene-300x231.jpeg 300w, https:\/\/gesport.unizar.es\/wp-content\/uploads\/2022\/03\/becaria_Irene-24x18.jpeg 24w, https:\/\/gesport.unizar.es\/wp-content\/uploads\/2022\/03\/becaria_Irene-36x28.jpeg 36w, https:\/\/gesport.unizar.es\/wp-content\/uploads\/2022\/03\/becaria_Irene-48x37.jpeg 48w\" sizes=\"(max-width: 471px) 100vw, 471px\" \/><\/figure><\/div>\n\n\n\n<p><strong>IRENE S\u00c1EZ RIVAS <\/strong>(Febbraio 2022\/ Luglio 2022)<\/p>\n\n\n\n<p>Irene (2000) \u00e8 nata a Teruel (Spagna). Attualmente sta studiando al quarto anno del corso di studi in <strong>Didattica Prescolare<\/strong> a Teruel. Collabora ad attivit\u00e0 di sottotitolaggio e traduzione relativi ai prodotti intellettuali relativi alle interviste e ai video sul sito web del progetto GESPORT +.<\/p>\n\n\n\n<br><br>\n\n\n\n<h2 class=\"section-title section_title_1\">BORSE DI STUDIO 2020\/21<\/h2>\n\n\n\n<p>ERASMUS + SPORT 590521 \u2010 EPP \u2010 1\u20102017\u20101 \u2010 ES \u2010 SPO \u2010 SCP dell&#8217;Agencia Ejecutiva de Educaci\u00f3n, Audiovisual y Cultura (EACEA).<\/p>\n\n\n\n<p><span title=\"View final resolution: http:\/\/fcsh.unizar.es\/resolucion-definitiva-de-la-comision-de-seleccion-1-beca-de-apoyo-para-tareas-de-getion-y-servicios-en-\">Vedi risoluzione finale:<\/span> <a href=\"https:\/\/fcsh.unizar.es\/noticias\/resolucion-provisional-3-becas-de-apoyo-proyecto-erasmus-sport\">https:\/\/fcsh.unizar.es\/noticias\/resolucion-provisional-3-becas-de-apoyo-proyecto-erasmus-sport<\/a><\/p>\n\n\n\n<h2> SCHOLARSHIPS 2021\/22<\/h2>\n\n\n\n<p>Vedi risoluzione finale: <a href=\"https:\/\/fcsh.unizar.es\/noticias\/becas-de-apoyo-resolucion-definitiva\">https:\/\/fcsh.unizar.es\/noticias\/becas-de-apoyo-resolucion-definitiva<\/a><\/p>\n","protected":false},"excerpt":{"rendered":"<p>Questi sono gli studenti che collaborano a Gesport + Educa. Vuoi saperne un po&#8217; di pi\u00f9 su di loro? RUTH ESTEBAN ESTEBAN (May 2018 \/ July 2018) Ruth (1992) \u00e8 nata in una piccola citt\u00e0 chiamata Blancas (Spagna). Ha conseguito una Laurea in Disegno Industriale a Valencia. Dopo aver lavorato nel dipartimento marketing di una &hellip;<\/p>\n<p class=\"read-more\"> <a class=\"\" href=\"https:\/\/gesport.unizar.es\/it\/scholars\/\"> <span class=\"screen-reader-text\">Studenti con borsa di studio<\/span> Read More &raquo;<\/a><\/p>\n","protected":false},"author":3,"featured_media":0,"parent":0,"menu_order":0,"comment_status":"closed","ping_status":"closed","template":"","meta":{"site-sidebar-layout":"default","site-content-layout":"default","ast-global-header-display":"","ast-main-header-display":"","ast-hfb-above-header-display":"","ast-hfb-below-header-display":"","ast-hfb-mobile-header-display":"","site-post-title":"","ast-breadcrumbs-content":"","ast-featured-img":"","footer-sml-layout":"","theme-transparent-header-meta":"","adv-header-id-meta":"","stick-header-meta":"","header-above-stick-meta":"","header-main-stick-meta":"","header-below-stick-meta":""},"translation":{"provider":"WPGlobus","version":"2.10.4","language":"it","enabled_languages":["gb","es","tr","it","pt"],"languages":{"gb":{"title":true,"content":true,"excerpt":false},"es":{"title":true,"content":true,"excerpt":false},"tr":{"title":true,"content":true,"excerpt":false},"it":{"title":true,"content":true,"excerpt":false},"pt":{"title":true,"content":true,"excerpt":false}}},"yoast_head":"<!-- This site is optimized with the Yoast SEO plugin v19.7.1 - https:\/\/yoast.com\/wordpress\/plugins\/seo\/ -->\n<title>Studenti con borsa di studio - GESPORT+<\/title>\n<meta name=\"robots\" content=\"index, follow, max-snippet:-1, max-image-preview:large, max-video-preview:-1\" \/>\n<link rel=\"canonical\" href=\"https:\/\/gesport.unizar.es\/scholars\/\" \/>\n<meta property=\"og:locale\" content=\"it_IT\" \/>\n<meta property=\"og:type\" content=\"article\" \/>\n<meta property=\"og:title\" content=\"Studenti con borsa di studio - GESPORT+\" \/>\n<meta property=\"og:url\" content=\"https:\/\/gesport.unizar.es\/scholars\/\" \/>\n<meta property=\"og:site_name\" content=\"GESPORT+\" \/>\n<meta property=\"article:modified_time\" content=\"2022-10-03T14:49:44+00:00\" \/>\n<meta property=\"og:image\" content=\"http:\/\/gesport.unizar.es\/wp-content\/uploads\/2019\/01\/carnet2-2-300x300.jpg\" \/>\n<meta name=\"twitter:card\" content=\"summary_large_image\" \/>\n<meta name=\"twitter:label1\" content=\"Est. reading time\" \/>\n\t<meta name=\"twitter:data1\" content=\"5 minutes\" \/>\n<script type=\"application\/ld+json\" class=\"yoast-schema-graph\">{\"@context\":\"https:\/\/schema.org\",\"@graph\":[{\"@type\":\"WebPage\",\"@id\":\"https:\/\/gesport.unizar.es\/scholars\/\",\"url\":\"https:\/\/gesport.unizar.es\/scholars\/\",\"name\":\"Studenti con borsa di studio - GESPORT+\",\"isPartOf\":{\"@id\":\"https:\/\/gesport.unizar.es\/#website\"},\"datePublished\":\"2018-09-23T10:48:32+00:00\",\"dateModified\":\"2022-10-03T14:49:44+00:00\",\"breadcrumb\":{\"@id\":\"https:\/\/gesport.unizar.es\/scholars\/#breadcrumb\"},\"inLanguage\":\"it-IT\",\"potentialAction\":[{\"@type\":\"ReadAction\",\"target\":[\"https:\/\/gesport.unizar.es\/scholars\/\"]}]},{\"@type\":\"BreadcrumbList\",\"@id\":\"https:\/\/gesport.unizar.es\/scholars\/#breadcrumb\",\"itemListElement\":[{\"@type\":\"ListItem\",\"position\":1,\"name\":\"Portada\",\"item\":\"https:\/\/gesport.unizar.es\/\"},{\"@type\":\"ListItem\",\"position\":2,\"name\":\"Becarios\/as\"}]},{\"@type\":\"WebSite\",\"@id\":\"https:\/\/gesport.unizar.es\/#website\",\"url\":\"https:\/\/gesport.unizar.es\/\",\"name\":\"GESPORT+\",\"description\":\"Corporate governance in sport organizations:  a gendered approach\",\"publisher\":{\"@id\":\"https:\/\/gesport.unizar.es\/#organization\"},\"potentialAction\":[{\"@type\":\"SearchAction\",\"target\":{\"@type\":\"EntryPoint\",\"urlTemplate\":\"https:\/\/gesport.unizar.es\/?s={search_term_string}\"},\"query-input\":\"required name=search_term_string\"}],\"inLanguage\":\"it-IT\"},{\"@type\":\"Organization\",\"@id\":\"https:\/\/gesport.unizar.es\/#organization\",\"name\":\"GESPORT Erasmus+\",\"url\":\"https:\/\/gesport.unizar.es\/\",\"sameAs\":[],\"logo\":{\"@type\":\"ImageObject\",\"inLanguage\":\"it-IT\",\"@id\":\"https:\/\/gesport.unizar.es\/#\/schema\/logo\/image\/\",\"url\":\"http:\/\/gesport.unizar.es\/wp-content\/uploads\/2018\/12\/4.jpg\",\"contentUrl\":\"http:\/\/gesport.unizar.es\/wp-content\/uploads\/2018\/12\/4.jpg\",\"width\":400,\"height\":400,\"caption\":\"GESPORT Erasmus+\"},\"image\":{\"@id\":\"https:\/\/gesport.unizar.es\/#\/schema\/logo\/image\/\"}}]}<\/script>\n<!-- \/ Yoast SEO plugin. -->","yoast_head_json":{"title":"Studenti con borsa di studio - GESPORT+","robots":{"index":"index","follow":"follow","max-snippet":"max-snippet:-1","max-image-preview":"max-image-preview:large","max-video-preview":"max-video-preview:-1"},"canonical":"https:\/\/gesport.unizar.es\/scholars\/","og_locale":"it_IT","og_type":"article","og_title":"Studenti con borsa di studio - GESPORT+","og_url":"https:\/\/gesport.unizar.es\/scholars\/","og_site_name":"GESPORT+","article_modified_time":"2022-10-03T14:49:44+00:00","og_image":[{"url":"http:\/\/gesport.unizar.es\/wp-content\/uploads\/2019\/01\/carnet2-2-300x300.jpg"}],"twitter_card":"summary_large_image","twitter_misc":{"Est. reading time":"5 minutes"},"schema":{"@context":"https:\/\/schema.org","@graph":[{"@type":"WebPage","@id":"https:\/\/gesport.unizar.es\/scholars\/","url":"https:\/\/gesport.unizar.es\/scholars\/","name":"Studenti con borsa di studio - GESPORT+","isPartOf":{"@id":"https:\/\/gesport.unizar.es\/#website"},"datePublished":"2018-09-23T10:48:32+00:00","dateModified":"2022-10-03T14:49:44+00:00","breadcrumb":{"@id":"https:\/\/gesport.unizar.es\/scholars\/#breadcrumb"},"inLanguage":"it-IT","potentialAction":[{"@type":"ReadAction","target":["https:\/\/gesport.unizar.es\/scholars\/"]}]},{"@type":"BreadcrumbList","@id":"https:\/\/gesport.unizar.es\/scholars\/#breadcrumb","itemListElement":[{"@type":"ListItem","position":1,"name":"Portada","item":"https:\/\/gesport.unizar.es\/"},{"@type":"ListItem","position":2,"name":"Becarios\/as"}]},{"@type":"WebSite","@id":"https:\/\/gesport.unizar.es\/#website","url":"https:\/\/gesport.unizar.es\/","name":"GESPORT+","description":"Corporate governance in sport organizations:  a gendered approach","publisher":{"@id":"https:\/\/gesport.unizar.es\/#organization"},"potentialAction":[{"@type":"SearchAction","target":{"@type":"EntryPoint","urlTemplate":"https:\/\/gesport.unizar.es\/?s={search_term_string}"},"query-input":"required name=search_term_string"}],"inLanguage":"it-IT"},{"@type":"Organization","@id":"https:\/\/gesport.unizar.es\/#organization","name":"GESPORT Erasmus+","url":"https:\/\/gesport.unizar.es\/","sameAs":[],"logo":{"@type":"ImageObject","inLanguage":"it-IT","@id":"https:\/\/gesport.unizar.es\/#\/schema\/logo\/image\/","url":"http:\/\/gesport.unizar.es\/wp-content\/uploads\/2018\/12\/4.jpg","contentUrl":"http:\/\/gesport.unizar.es\/wp-content\/uploads\/2018\/12\/4.jpg","width":400,"height":400,"caption":"GESPORT Erasmus+"},"image":{"@id":"https:\/\/gesport.unizar.es\/#\/schema\/logo\/image\/"}}]}},"_links":{"self":[{"href":"https:\/\/gesport.unizar.es\/it\/wp-json\/wp\/v2\/pages\/352"}],"collection":[{"href":"https:\/\/gesport.unizar.es\/it\/wp-json\/wp\/v2\/pages"}],"about":[{"href":"https:\/\/gesport.unizar.es\/it\/wp-json\/wp\/v2\/types\/page"}],"author":[{"embeddable":true,"href":"https:\/\/gesport.unizar.es\/it\/wp-json\/wp\/v2\/users\/3"}],"replies":[{"embeddable":true,"href":"https:\/\/gesport.unizar.es\/it\/wp-json\/wp\/v2\/comments?post=352"}],"version-history":[{"count":225,"href":"https:\/\/gesport.unizar.es\/it\/wp-json\/wp\/v2\/pages\/352\/revisions"}],"predecessor-version":[{"id":9732,"href":"https:\/\/gesport.unizar.es\/it\/wp-json\/wp\/v2\/pages\/352\/revisions\/9732"}],"wp:attachment":[{"href":"https:\/\/gesport.unizar.es\/it\/wp-json\/wp\/v2\/media?parent=352"}],"curies":[{"name":"wp","href":"https:\/\/api.w.org\/{rel}","templated":true}]}}