{"id":9342,"date":"2022-09-23T16:56:42","date_gmt":"2022-09-23T16:56:42","guid":{"rendered":"https:\/\/gesport.unizar.es\/?page_id=9342"},"modified":"2022-10-26T12:14:54","modified_gmt":"2022-10-26T12:14:54","slug":"acknowledgements","status":"publish","type":"page","link":"https:\/\/gesport.unizar.es\/es\/acknowledgements\/","title":{"rendered":"Agradecimientos"},"content":{"rendered":"\n<p>El equipo GESPORT quiere agradecer la implicaci\u00f3n de todas las personas que han contribuido al desarrollo de este proyecto.  Especialmente al profesor William Green y a la investigadora Rachael Jones, de la Universidad de Leicester, por su ayuda para completar las \u00faltimas fases del proyecto. Tambi\u00e9n queremos agradecer a todas las mujeres que aceptaron colaborar en el proyecto, y que nos permitieron grabar sus testimonios en v\u00eddeo para compartir as\u00ed sus experiencias. Adem\u00e1s, sus relatos nos han permitido elaborar un libro traducido a cinco idiomas, que hace visibles sus opiniones avanzando as\u00ed hacia la igualdad en el gobierno corporativo de las organizaciones deportivas.<\/p>\n\n\n\n<p>Gracias tambi\u00e9n a todas las personas que forman parte de las juntas directivas  que han respondido a los cuestionarios para darnos su opini\u00f3n; ya que con sus opiniones estamos seguras de que avanzaremos hacia la igualdad y diversidad. Del mismo modo que agradecemos la participaci\u00f3n a todas las personas que presentaron sus propuestas de logo al concurso internacional del logos y a las que contribuyeron a su elecci\u00f3n con sus votos.<\/p>\n\n\n\n<p>Tambi\u00e9n queremos mostrar nuestra gratitud a quienes han hecho posible la realizaci\u00f3n de los eventos multiplicadores como el Curso de Verano y la Conferencia Internacional. Y a todas y todos participantes, ya que sin ellos y ellas estos eventos no habr\u00edan tenido sentido. De manera especial, queremos agradecer a todas las personas que han formado parte del comit\u00e9 cient\u00edfico y del comit\u00e9 organizador de la Conferencia Internacional.<\/p>\n\n\n\n<p>Asimismo es necesario mencionar la implicaci\u00f3n de las alumnas, cuya participaci\u00f3n ha servido para crear sinergias entre los diferentes \u00e1mbitos de la educaci\u00f3n, la formaci\u00f3n, la juventud y el deporte.<\/p>\n\n\n\n<p>Gracias a todos y todas personas que de un modo u otro han hecho posible este proyecto.<\/p>\n\n\n\n<p>Y, por supuesto, al programa Erasmus+: Sport-Collaborative Partnerships de la Comisi\u00f3n Europea por su financiaci\u00f3n, ya que sin su apoyo habr\u00eda sido imposible llevar a cabo este proyecto.<\/p>\n","protected":false},"excerpt":{"rendered":"<p>El equipo GESPORT quiere agradecer la implicaci\u00f3n de todas las personas que han contribuido al desarrollo de este proyecto. Especialmente al profesor William Green y a la investigadora Rachael Jones, de la Universidad de Leicester, por su ayuda para completar las \u00faltimas fases del proyecto. Tambi\u00e9n queremos agradecer a todas las mujeres que aceptaron colaborar &hellip;<\/p>\n<p class=\"read-more\"> <a class=\"\" href=\"https:\/\/gesport.unizar.es\/es\/acknowledgements\/\"> <span class=\"screen-reader-text\">Agradecimientos<\/span> Leer m\u00e1s &raquo;<\/a><\/p>\n","protected":false},"author":3,"featured_media":0,"parent":0,"menu_order":0,"comment_status":"closed","ping_status":"closed","template":"","meta":{"site-sidebar-layout":"default","site-content-layout":"default","ast-global-header-display":"","ast-main-header-display":"","ast-hfb-above-header-display":"","ast-hfb-below-header-display":"","ast-hfb-mobile-header-display":"","site-post-title":"","ast-breadcrumbs-content":"","ast-featured-img":"","footer-sml-layout":"","theme-transparent-header-meta":"","adv-header-id-meta":"","stick-header-meta":"","header-above-stick-meta":"","header-main-stick-meta":"","header-below-stick-meta":""},"translation":{"provider":"WPGlobus","version":"2.10.4","language":"es","enabled_languages":["gb","es","tr","it","pt"],"languages":{"gb":{"title":true,"content":true,"excerpt":false},"es":{"title":true,"content":true,"excerpt":false},"tr":{"title":true,"content":true,"excerpt":false},"it":{"title":true,"content":true,"excerpt":false},"pt":{"title":true,"content":true,"excerpt":false}}},"yoast_head":"<!-- This site is optimized with the Yoast SEO plugin v19.7.1 - https:\/\/yoast.com\/wordpress\/plugins\/seo\/ -->\n<title>Agradecimientos - GESPORT+ educa<\/title>\n<meta name=\"robots\" content=\"index, follow, max-snippet:-1, max-image-preview:large, max-video-preview:-1\" \/>\n<link rel=\"canonical\" href=\"https:\/\/gesport.unizar.es\/acknowledgements\/\" \/>\n<meta property=\"og:locale\" content=\"es_ES\" \/>\n<meta property=\"og:type\" content=\"article\" \/>\n<meta property=\"og:title\" content=\"Agradecimientos - GESPORT+ educa\" \/>\n<meta property=\"og:url\" content=\"https:\/\/gesport.unizar.es\/acknowledgements\/\" \/>\n<meta property=\"og:site_name\" content=\"GESPORT+ educa\" \/>\n<meta property=\"article:modified_time\" content=\"2022-10-26T12:14:54+00:00\" \/>\n<meta name=\"twitter:card\" content=\"summary_large_image\" \/>\n<meta name=\"twitter:label1\" content=\"Tiempo de lectura\" \/>\n\t<meta name=\"twitter:data1\" content=\"2 minutos\" \/>\n<script type=\"application\/ld+json\" class=\"yoast-schema-graph\">{\"@context\":\"https:\/\/schema.org\",\"@graph\":[{\"@type\":\"WebPage\",\"@id\":\"https:\/\/gesport.unizar.es\/acknowledgements\/\",\"url\":\"https:\/\/gesport.unizar.es\/acknowledgements\/\",\"name\":\"Agradecimientos - GESPORT+ educa\",\"isPartOf\":{\"@id\":\"https:\/\/gesport.unizar.es\/#website\"},\"datePublished\":\"2022-09-23T16:56:42+00:00\",\"dateModified\":\"2022-10-26T12:14:54+00:00\",\"breadcrumb\":{\"@id\":\"https:\/\/gesport.unizar.es\/acknowledgements\/#breadcrumb\"},\"inLanguage\":\"es\",\"potentialAction\":[{\"@type\":\"ReadAction\",\"target\":[\"https:\/\/gesport.unizar.es\/acknowledgements\/\"]}]},{\"@type\":\"BreadcrumbList\",\"@id\":\"https:\/\/gesport.unizar.es\/acknowledgements\/#breadcrumb\",\"itemListElement\":[{\"@type\":\"ListItem\",\"position\":1,\"name\":\"Portada\",\"item\":\"https:\/\/gesport.unizar.es\/\"},{\"@type\":\"ListItem\",\"position\":2,\"name\":\"Agradecimientos\"}]},{\"@type\":\"WebSite\",\"@id\":\"https:\/\/gesport.unizar.es\/#website\",\"url\":\"https:\/\/gesport.unizar.es\/\",\"name\":\"GESPORT+\",\"description\":\"GESPORT+ project website. GESPORT+ project seeks to strengthen equality between men and women in decision- making spaces in sports organizations such as the board of directors. \",\"publisher\":{\"@id\":\"https:\/\/gesport.unizar.es\/#organization\"},\"potentialAction\":[{\"@type\":\"SearchAction\",\"target\":{\"@type\":\"EntryPoint\",\"urlTemplate\":\"https:\/\/gesport.unizar.es\/?s={search_term_string}\"},\"query-input\":\"required name=search_term_string\"}],\"inLanguage\":\"es\"},{\"@type\":\"Organization\",\"@id\":\"https:\/\/gesport.unizar.es\/#organization\",\"name\":\"GESPORT Erasmus+\",\"url\":\"https:\/\/gesport.unizar.es\/\",\"sameAs\":[],\"logo\":{\"@type\":\"ImageObject\",\"inLanguage\":\"es\",\"@id\":\"https:\/\/gesport.unizar.es\/#\/schema\/logo\/image\/\",\"url\":\"http:\/\/gesport.unizar.es\/wp-content\/uploads\/2018\/12\/4.jpg\",\"contentUrl\":\"http:\/\/gesport.unizar.es\/wp-content\/uploads\/2018\/12\/4.jpg\",\"width\":400,\"height\":400,\"caption\":\"GESPORT Erasmus+\"},\"image\":{\"@id\":\"https:\/\/gesport.unizar.es\/#\/schema\/logo\/image\/\"}}]}<\/script>\n<!-- \/ Yoast SEO plugin. -->","yoast_head_json":{"title":"Agradecimientos - GESPORT+ educa","robots":{"index":"index","follow":"follow","max-snippet":"max-snippet:-1","max-image-preview":"max-image-preview:large","max-video-preview":"max-video-preview:-1"},"canonical":"https:\/\/gesport.unizar.es\/acknowledgements\/","og_locale":"es_ES","og_type":"article","og_title":"Agradecimientos - GESPORT+ educa","og_url":"https:\/\/gesport.unizar.es\/acknowledgements\/","og_site_name":"GESPORT+ educa","article_modified_time":"2022-10-26T12:14:54+00:00","twitter_card":"summary_large_image","twitter_misc":{"Tiempo de lectura":"2 minutos"},"schema":{"@context":"https:\/\/schema.org","@graph":[{"@type":"WebPage","@id":"https:\/\/gesport.unizar.es\/acknowledgements\/","url":"https:\/\/gesport.unizar.es\/acknowledgements\/","name":"Agradecimientos - GESPORT+ educa","isPartOf":{"@id":"https:\/\/gesport.unizar.es\/#website"},"datePublished":"2022-09-23T16:56:42+00:00","dateModified":"2022-10-26T12:14:54+00:00","breadcrumb":{"@id":"https:\/\/gesport.unizar.es\/acknowledgements\/#breadcrumb"},"inLanguage":"es","potentialAction":[{"@type":"ReadAction","target":["https:\/\/gesport.unizar.es\/acknowledgements\/"]}]},{"@type":"BreadcrumbList","@id":"https:\/\/gesport.unizar.es\/acknowledgements\/#breadcrumb","itemListElement":[{"@type":"ListItem","position":1,"name":"Portada","item":"https:\/\/gesport.unizar.es\/"},{"@type":"ListItem","position":2,"name":"Agradecimientos"}]},{"@type":"WebSite","@id":"https:\/\/gesport.unizar.es\/#website","url":"https:\/\/gesport.unizar.es\/","name":"GESPORT+","description":"GESPORT+ project website. GESPORT+ project seeks to strengthen equality between men and women in decision- making spaces in sports organizations such as the board of directors. ","publisher":{"@id":"https:\/\/gesport.unizar.es\/#organization"},"potentialAction":[{"@type":"SearchAction","target":{"@type":"EntryPoint","urlTemplate":"https:\/\/gesport.unizar.es\/?s={search_term_string}"},"query-input":"required name=search_term_string"}],"inLanguage":"es"},{"@type":"Organization","@id":"https:\/\/gesport.unizar.es\/#organization","name":"GESPORT Erasmus+","url":"https:\/\/gesport.unizar.es\/","sameAs":[],"logo":{"@type":"ImageObject","inLanguage":"es","@id":"https:\/\/gesport.unizar.es\/#\/schema\/logo\/image\/","url":"http:\/\/gesport.unizar.es\/wp-content\/uploads\/2018\/12\/4.jpg","contentUrl":"http:\/\/gesport.unizar.es\/wp-content\/uploads\/2018\/12\/4.jpg","width":400,"height":400,"caption":"GESPORT Erasmus+"},"image":{"@id":"https:\/\/gesport.unizar.es\/#\/schema\/logo\/image\/"}}]}},"_links":{"self":[{"href":"https:\/\/gesport.unizar.es\/es\/wp-json\/wp\/v2\/pages\/9342"}],"collection":[{"href":"https:\/\/gesport.unizar.es\/es\/wp-json\/wp\/v2\/pages"}],"about":[{"href":"https:\/\/gesport.unizar.es\/es\/wp-json\/wp\/v2\/types\/page"}],"author":[{"embeddable":true,"href":"https:\/\/gesport.unizar.es\/es\/wp-json\/wp\/v2\/users\/3"}],"replies":[{"embeddable":true,"href":"https:\/\/gesport.unizar.es\/es\/wp-json\/wp\/v2\/comments?post=9342"}],"version-history":[{"count":28,"href":"https:\/\/gesport.unizar.es\/es\/wp-json\/wp\/v2\/pages\/9342\/revisions"}],"predecessor-version":[{"id":10449,"href":"https:\/\/gesport.unizar.es\/es\/wp-json\/wp\/v2\/pages\/9342\/revisions\/10449"}],"wp:attachment":[{"href":"https:\/\/gesport.unizar.es\/es\/wp-json\/wp\/v2\/media?parent=9342"}],"curies":[{"name":"wp","href":"https:\/\/api.w.org\/{rel}","templated":true}]}}