{"id":8781,"date":"2022-08-02T12:10:41","date_gmt":"2022-08-02T12:10:41","guid":{"rendered":"https:\/\/gesport.unizar.es\/?page_id=8781"},"modified":"2022-10-14T10:59:39","modified_gmt":"2022-10-14T10:59:39","slug":"database-gender-policies-in-sport-organizations","status":"publish","type":"page","link":"https:\/\/gesport.unizar.es\/es\/database-gender-policies-in-sport-organizations\/","title":{"rendered":"Base de datos: Pol\u00edticas de g\u00e9nero en las organizaciones deportivas\ufffc"},"content":{"rendered":"\n<p>Para conocer las pol\u00edticas de g\u00e9nero aplicadas en las federaciones deportivas nacionales de los cinco pa\u00edses estudiados, elaboramos un cuestionario que lleva por t\u00edtulo, &#8220;La igualdad de g\u00e9nero en las juntas directivas de las federaciones deportivas nacionales de Europa&#8221;. <\/p>\n\n\n\n<p>El cuestionario comienza preguntando a las personas integrantes de las juntas directivas de las federaciones nacionales si han implementado medidas, planes o pol\u00edticas relacionadas con la igualdad de g\u00e9nero entre hombres y mujeres. En caso de que hayan aplicado pol\u00edticas, la siguiente pregunta trata de averiguar si la federaci\u00f3n cuenta con un comit\u00e9 de igualdad de g\u00e9nero o un departamento equivalente. Posteriormente, se pide a las personas entrevistadas que respondan a preguntas relacionadas con las oportunidades para las mujeres en las juntas directivas de las federaciones, como, por ejemplo, si la junta directiva de la federaci\u00f3n ofrece oportunidades de formaci\u00f3n para apoyar la promoci\u00f3n de las mujeres, o si las tareas de la federaci\u00f3n se asignan en funci\u00f3n del g\u00e9nero.<\/p>\n\n\n\n<p>Asimismo, el cuestionario trata de averiguar si las personas a las que va destinada la encuesta opinan que las cuotas son necesarias para promover la participaci\u00f3n de las mujeres en sus juntas directivas. Adem\u00e1s, a trav\u00e9s del estudio se pretende conocer la opini\u00f3n de las personas integrantes de las juntas sobre si son necesarias las cuotas para promover la participaci\u00f3n de las mujeres en las mismas. A trav\u00e9s de este cuestionario tambi\u00e9n se pretende obtener informaci\u00f3n sobre la influencia de las mujeres y de los hombres en una serie de tareas como: las finanzas, las relaciones p\u00fablicas, la gesti\u00f3n de los recursos humanos, la organizaci\u00f3n de eventos y competiciones, la gesti\u00f3n de los medios de comunicaci\u00f3n social, la educaci\u00f3n deportiva, o la resoluci\u00f3n de problemas entre otros. Tambi\u00e9n se persigue analizar las relaciones entre hombres y mujeres a la hora de resolver conflictos, o sus opiniones sobre las pol\u00edticas aplicadas en la federaci\u00f3n. Otro aspecto que aborda el estudio es el impacto de la diversidad de g\u00e9nero en las juntas directivas a la hora de tomar decisiones o resolver problemas. La visibilidad de las mujeres en los medios de comunicaci\u00f3n es otra de las cuestiones analizadas, o si el tama\u00f1o de la federaci\u00f3n es el adecuado para su funcionamiento. El cuestionario incluye una serie de preguntas sobre las pol\u00edticas de g\u00e9nero adoptadas por las federaciones nacionales deportivas y una pregunta final sobre los efectos de la pandemia de Covid-19 en la discriminaci\u00f3n de g\u00e9nero. El an\u00e1lisis descriptivo de los datos mostr\u00f3 una sensibilizaci\u00f3n cada vez mayor de las personas integrantes de las federaciones nacionales deportivas respecto a las cuestiones de g\u00e9nero. Una gran parte de estas reconocieron la relevancia de las pol\u00edticas de g\u00e9nero y diversidad y su aplicaci\u00f3n en sus organizaciones.<\/p>\n\n\n\n<p>La mayor\u00eda de las preguntas son cerradas y adoptan una estructura tipo Likert, en una escala de 0 a 10, donde 0 significa &#8220;totalmente en desacuerdo&#8221; y 10 &#8220;totalmente de acuerdo&#8221;. Este cuestionario se prepar\u00f3 en ingl\u00e9s y luego se tradujo a los otros cuatro idiomas del proyecto (italiano, portugu\u00e9s, espa\u00f1ol y turco). Utilizando la aplicaci\u00f3n Google Survey, el cuestionario se envi\u00f3 a todas las federaciones nacionales deportivas de Italia, Portugal, Espa\u00f1a, Turqu\u00eda y el Reino Unido. M\u00e1s espec\u00edficamente, se dirigi\u00f3 a la totalidad de las personas que forman parte de las juntas directivas de las federaciones nacionales deportivas (a hombres y a mujeres). La decisi\u00f3n de incluir tambi\u00e9n a los hombres entre las personas a entrevistar se debi\u00f3 a la necesidad de tener un conocimiento lo m\u00e1s amplio posible de las perspectivas, pol\u00edticas y medidas en las juntas de gobierno corporativo de las federaciones. El cuestionario se entreg\u00f3 a lo largo de 2021, y posteriormente volvimos a enviar un recordatorio a principios de 2022 para aumentar el tama\u00f1o de la muestra. En cada pa\u00eds se gener\u00f3 una base de datos en su propio idioma, y por \u00faltimo se tradujo al ingl\u00e9s. Una vez traducidos todos los cuestionarios al ingl\u00e9s, se fusionaron los datos de los cinco pa\u00edses en una \u00fanica base de datos en un programa estad\u00edstico SPSS, y se aplic\u00f3 un c\u00f3digo alfanum\u00e9rico para preservar la confidencialidad de los datos, y seguir las garant\u00edas previstas en la Ley Org\u00e1nica 3\/2018 de Protecci\u00f3n de Datos Personales y Garant\u00eda de los Derechos Digitales. Para mantener la confidencialidad de las respuestas, tambi\u00e9n se eliminaron algunas preguntas de las bases de datos finales fusionadas. Respondieron a la encuesta 137 participantes, 13 de Italia, 19 de Turqu\u00eda, 25 de Portugal, 25 de Espa\u00f1a y 55 del Reino Unido.<\/p>\n\n\n\n<p>Con esta informaci\u00f3n, tambi\u00e9n creamos una base de datos en el programa Excel que se encuentra en el repositorio <a href=\"https:\/\/zenodo.org\/record\/6946107#.Yuo4Hy8lP0p\">zenodo<\/a>, y escribimos un libro de acceso abierto titulado \u201cAn\u00e1lisis de las pol\u00edticas de igualdad de g\u00e9nero en las juntas directivas de las federaciones deportivas nacionales: un an\u00e1lisis exploratorio\u201d. Informe de Encuestas (2022) (ISBN: 978-84-18321-57-3). <\/p>\n\n\n\n<p>La referencia de la base de datos es:<\/p>\n\n\n\n<p>Gender policies in sports organizations. DOI: 10.5281\/zenodo.6946107<\/p>\n\n\n\n<p>La base de datos puede descargarse en: <\/p>\n\n\n\n<div class=\"wp-container-1 wp-block-buttons\">\n<div class=\"wp-block-button\"><a class=\"wp-block-button__link\" href=\"https:\/\/zenodo.org\/record\/6946107#.YwTE3S8lP0q\">Zenodo<\/a><\/div>\n<\/div>\n","protected":false},"excerpt":{"rendered":"<p>Para conocer las pol\u00edticas de g\u00e9nero aplicadas en las federaciones deportivas nacionales de los cinco pa\u00edses estudiados, elaboramos un cuestionario que lleva por t\u00edtulo, &#8220;La igualdad de g\u00e9nero en las juntas directivas de las federaciones deportivas nacionales de Europa&#8221;. El cuestionario comienza preguntando a las personas integrantes de las juntas directivas de las federaciones nacionales &hellip;<\/p>\n<p class=\"read-more\"> <a class=\"\" href=\"https:\/\/gesport.unizar.es\/es\/database-gender-policies-in-sport-organizations\/\"> <span class=\"screen-reader-text\">Base de datos: Pol\u00edticas de g\u00e9nero en las organizaciones deportivas\ufffc<\/span> Leer m\u00e1s &raquo;<\/a><\/p>\n","protected":false},"author":3,"featured_media":0,"parent":0,"menu_order":0,"comment_status":"closed","ping_status":"closed","template":"","meta":{"site-sidebar-layout":"default","site-content-layout":"default","ast-global-header-display":"","ast-main-header-display":"","ast-hfb-above-header-display":"","ast-hfb-below-header-display":"","ast-hfb-mobile-header-display":"","site-post-title":"","ast-breadcrumbs-content":"","ast-featured-img":"","footer-sml-layout":"","theme-transparent-header-meta":"","adv-header-id-meta":"","stick-header-meta":"","header-above-stick-meta":"","header-main-stick-meta":"","header-below-stick-meta":""},"translation":{"provider":"WPGlobus","version":"2.10.4","language":"es","enabled_languages":["gb","es","tr","it","pt"],"languages":{"gb":{"title":true,"content":true,"excerpt":false},"es":{"title":true,"content":true,"excerpt":false},"tr":{"title":true,"content":true,"excerpt":false},"it":{"title":true,"content":true,"excerpt":false},"pt":{"title":true,"content":true,"excerpt":false}}},"yoast_head":"<!-- This site is optimized with the Yoast SEO plugin v19.7.1 - https:\/\/yoast.com\/wordpress\/plugins\/seo\/ -->\n<title>Base de datos: Pol\u00edticas de g\u00e9nero en las organizaciones deportivas\ufffc - GESPORT+ educa<\/title>\n<meta name=\"robots\" content=\"index, follow, max-snippet:-1, max-image-preview:large, max-video-preview:-1\" \/>\n<link rel=\"canonical\" href=\"https:\/\/gesport.unizar.es\/database-gender-policies-in-sport-organizations\/\" \/>\n<meta property=\"og:locale\" content=\"es_ES\" \/>\n<meta property=\"og:type\" content=\"article\" \/>\n<meta property=\"og:title\" content=\"Base de datos: Pol\u00edticas de g\u00e9nero en las organizaciones deportivas\ufffc - GESPORT+ educa\" \/>\n<meta property=\"og:url\" content=\"https:\/\/gesport.unizar.es\/database-gender-policies-in-sport-organizations\/\" \/>\n<meta property=\"og:site_name\" content=\"GESPORT+ educa\" \/>\n<meta property=\"article:modified_time\" content=\"2022-10-14T10:59:39+00:00\" \/>\n<meta name=\"twitter:card\" content=\"summary_large_image\" \/>\n<meta name=\"twitter:label1\" content=\"Tiempo de lectura\" \/>\n\t<meta name=\"twitter:data1\" content=\"3 minutos\" \/>\n<script type=\"application\/ld+json\" class=\"yoast-schema-graph\">{\"@context\":\"https:\/\/schema.org\",\"@graph\":[{\"@type\":\"WebPage\",\"@id\":\"https:\/\/gesport.unizar.es\/database-gender-policies-in-sport-organizations\/\",\"url\":\"https:\/\/gesport.unizar.es\/database-gender-policies-in-sport-organizations\/\",\"name\":\"Base de datos: Pol\u00edticas de g\u00e9nero en las organizaciones deportivas\ufffc - GESPORT+ educa\",\"isPartOf\":{\"@id\":\"https:\/\/gesport.unizar.es\/#website\"},\"datePublished\":\"2022-08-02T12:10:41+00:00\",\"dateModified\":\"2022-10-14T10:59:39+00:00\",\"breadcrumb\":{\"@id\":\"https:\/\/gesport.unizar.es\/database-gender-policies-in-sport-organizations\/#breadcrumb\"},\"inLanguage\":\"es\",\"potentialAction\":[{\"@type\":\"ReadAction\",\"target\":[\"https:\/\/gesport.unizar.es\/database-gender-policies-in-sport-organizations\/\"]}]},{\"@type\":\"BreadcrumbList\",\"@id\":\"https:\/\/gesport.unizar.es\/database-gender-policies-in-sport-organizations\/#breadcrumb\",\"itemListElement\":[{\"@type\":\"ListItem\",\"position\":1,\"name\":\"Portada\",\"item\":\"https:\/\/gesport.unizar.es\/\"},{\"@type\":\"ListItem\",\"position\":2,\"name\":\"Base de datos: Pol\u00edticas de g\u00e9nero en las organizaciones deportivas\ufffc\"}]},{\"@type\":\"WebSite\",\"@id\":\"https:\/\/gesport.unizar.es\/#website\",\"url\":\"https:\/\/gesport.unizar.es\/\",\"name\":\"GESPORT+\",\"description\":\"GESPORT+ project website. GESPORT+ project seeks to strengthen equality between men and women in decision- making spaces in sports organizations such as the board of directors. \",\"publisher\":{\"@id\":\"https:\/\/gesport.unizar.es\/#organization\"},\"potentialAction\":[{\"@type\":\"SearchAction\",\"target\":{\"@type\":\"EntryPoint\",\"urlTemplate\":\"https:\/\/gesport.unizar.es\/?s={search_term_string}\"},\"query-input\":\"required name=search_term_string\"}],\"inLanguage\":\"es\"},{\"@type\":\"Organization\",\"@id\":\"https:\/\/gesport.unizar.es\/#organization\",\"name\":\"GESPORT Erasmus+\",\"url\":\"https:\/\/gesport.unizar.es\/\",\"sameAs\":[],\"logo\":{\"@type\":\"ImageObject\",\"inLanguage\":\"es\",\"@id\":\"https:\/\/gesport.unizar.es\/#\/schema\/logo\/image\/\",\"url\":\"http:\/\/gesport.unizar.es\/wp-content\/uploads\/2018\/12\/4.jpg\",\"contentUrl\":\"http:\/\/gesport.unizar.es\/wp-content\/uploads\/2018\/12\/4.jpg\",\"width\":400,\"height\":400,\"caption\":\"GESPORT Erasmus+\"},\"image\":{\"@id\":\"https:\/\/gesport.unizar.es\/#\/schema\/logo\/image\/\"}}]}<\/script>\n<!-- \/ Yoast SEO plugin. -->","yoast_head_json":{"title":"Base de datos: Pol\u00edticas de g\u00e9nero en las organizaciones deportivas\ufffc - GESPORT+ educa","robots":{"index":"index","follow":"follow","max-snippet":"max-snippet:-1","max-image-preview":"max-image-preview:large","max-video-preview":"max-video-preview:-1"},"canonical":"https:\/\/gesport.unizar.es\/database-gender-policies-in-sport-organizations\/","og_locale":"es_ES","og_type":"article","og_title":"Base de datos: Pol\u00edticas de g\u00e9nero en las organizaciones deportivas\ufffc - GESPORT+ educa","og_url":"https:\/\/gesport.unizar.es\/database-gender-policies-in-sport-organizations\/","og_site_name":"GESPORT+ educa","article_modified_time":"2022-10-14T10:59:39+00:00","twitter_card":"summary_large_image","twitter_misc":{"Tiempo de lectura":"3 minutos"},"schema":{"@context":"https:\/\/schema.org","@graph":[{"@type":"WebPage","@id":"https:\/\/gesport.unizar.es\/database-gender-policies-in-sport-organizations\/","url":"https:\/\/gesport.unizar.es\/database-gender-policies-in-sport-organizations\/","name":"Base de datos: Pol\u00edticas de g\u00e9nero en las organizaciones deportivas\ufffc - GESPORT+ educa","isPartOf":{"@id":"https:\/\/gesport.unizar.es\/#website"},"datePublished":"2022-08-02T12:10:41+00:00","dateModified":"2022-10-14T10:59:39+00:00","breadcrumb":{"@id":"https:\/\/gesport.unizar.es\/database-gender-policies-in-sport-organizations\/#breadcrumb"},"inLanguage":"es","potentialAction":[{"@type":"ReadAction","target":["https:\/\/gesport.unizar.es\/database-gender-policies-in-sport-organizations\/"]}]},{"@type":"BreadcrumbList","@id":"https:\/\/gesport.unizar.es\/database-gender-policies-in-sport-organizations\/#breadcrumb","itemListElement":[{"@type":"ListItem","position":1,"name":"Portada","item":"https:\/\/gesport.unizar.es\/"},{"@type":"ListItem","position":2,"name":"Base de datos: Pol\u00edticas de g\u00e9nero en las organizaciones deportivas\ufffc"}]},{"@type":"WebSite","@id":"https:\/\/gesport.unizar.es\/#website","url":"https:\/\/gesport.unizar.es\/","name":"GESPORT+","description":"GESPORT+ project website. GESPORT+ project seeks to strengthen equality between men and women in decision- making spaces in sports organizations such as the board of directors. ","publisher":{"@id":"https:\/\/gesport.unizar.es\/#organization"},"potentialAction":[{"@type":"SearchAction","target":{"@type":"EntryPoint","urlTemplate":"https:\/\/gesport.unizar.es\/?s={search_term_string}"},"query-input":"required name=search_term_string"}],"inLanguage":"es"},{"@type":"Organization","@id":"https:\/\/gesport.unizar.es\/#organization","name":"GESPORT Erasmus+","url":"https:\/\/gesport.unizar.es\/","sameAs":[],"logo":{"@type":"ImageObject","inLanguage":"es","@id":"https:\/\/gesport.unizar.es\/#\/schema\/logo\/image\/","url":"http:\/\/gesport.unizar.es\/wp-content\/uploads\/2018\/12\/4.jpg","contentUrl":"http:\/\/gesport.unizar.es\/wp-content\/uploads\/2018\/12\/4.jpg","width":400,"height":400,"caption":"GESPORT Erasmus+"},"image":{"@id":"https:\/\/gesport.unizar.es\/#\/schema\/logo\/image\/"}}]}},"_links":{"self":[{"href":"https:\/\/gesport.unizar.es\/es\/wp-json\/wp\/v2\/pages\/8781"}],"collection":[{"href":"https:\/\/gesport.unizar.es\/es\/wp-json\/wp\/v2\/pages"}],"about":[{"href":"https:\/\/gesport.unizar.es\/es\/wp-json\/wp\/v2\/types\/page"}],"author":[{"embeddable":true,"href":"https:\/\/gesport.unizar.es\/es\/wp-json\/wp\/v2\/users\/3"}],"replies":[{"embeddable":true,"href":"https:\/\/gesport.unizar.es\/es\/wp-json\/wp\/v2\/comments?post=8781"}],"version-history":[{"count":17,"href":"https:\/\/gesport.unizar.es\/es\/wp-json\/wp\/v2\/pages\/8781\/revisions"}],"predecessor-version":[{"id":10277,"href":"https:\/\/gesport.unizar.es\/es\/wp-json\/wp\/v2\/pages\/8781\/revisions\/10277"}],"wp:attachment":[{"href":"https:\/\/gesport.unizar.es\/es\/wp-json\/wp\/v2\/media?parent=8781"}],"curies":[{"name":"wp","href":"https:\/\/api.w.org\/{rel}","templated":true}]}}