{"id":8757,"date":"2022-08-02T11:23:05","date_gmt":"2022-08-02T11:23:05","guid":{"rendered":"https:\/\/gesport.unizar.es\/?page_id=8757"},"modified":"2022-10-01T22:27:03","modified_gmt":"2022-10-01T22:27:03","slug":"6-article-female-chairs-in-the-boards-of-european-nsfs-a-comparative-study","status":"publish","type":"page","link":"https:\/\/gesport.unizar.es\/es\/6-article-female-chairs-in-the-boards-of-european-nsfs-a-comparative-study\/","title":{"rendered":"Art\u00edculo: Mujeres presidentas en las juntas directivas de las federaciones nacionales deportivas europeas: un estudio comparativo"},"content":{"rendered":"\n<p>Este art\u00edculo compara los cinco pa\u00edses participantes en el proyecto GESPORT (Italia, Portugal, Espa\u00f1a, Turqu\u00eda y el Reino Unido) en cuanto a la presencia de mujeres en el papel de presidentas de las federaciones deportivas nacionales. Tambi\u00e9n pretende comprobar si algunas variables organizativas de las federaciones, concretamente el tama\u00f1o de la junta directiva de la federaci\u00f3n, el grado de diversidad de g\u00e9nero existente en la junta y el a\u00f1o de creaci\u00f3n de la federaci\u00f3n, producen alg\u00fan impacto en la probabilidad de que una mujer presida una federaci\u00f3n. Por lo tanto, adem\u00e1s de los fines descriptivos, el art\u00edculo pretende contribuir al conocimiento de los factores que promueven el liderazgo femenino en el deporte, comprobando si existen aspectos organizativos.<\/p>\n\n\n\n<p>Partiendo de la premisa de que en el \u00e1mbito internacional hay muy pocas presidentas de federaciones deportivas, el estudio, tras constatar el n\u00famero de presidentas en las federaciones deportivas de los cinco pa\u00edses investigados, comprueba si algunas variables han influido en la probabilidad de que haya una presidenta. Las tres variables est\u00e1n relacionadas con algunos aspectos organizativos de las federaciones. En concreto, se considera una variable de gobernanza (tama\u00f1o de la junta directiva de la federaci\u00f3n); una sociol\u00f3gica (diversidad de g\u00e9nero en la junta deportiva), y una demogr\u00e1fica (fecha de creaci\u00f3n de la federaci\u00f3n).<\/p>\n\n\n\n<p>La raz\u00f3n de esta elecci\u00f3n se debe a que estas variables ya han sido relacionadas en la literatura con la presencia de mujeres en puestos de responsabilidad en diferentes tipos de organizaciones y en diferentes sectores, incluido el deportivo. Para evaluar el efecto de las variables mencionadas, se aplic\u00f3 un an\u00e1lisis de regresi\u00f3n log\u00edstica a una muestra de 297 federaciones deportivas nacionales, casi todas las federaciones de los cinco pa\u00edses. La muestra equivale a 55 federaciones en Italia (18,5% de la muestra de 297), 56 en Portugal (18,9%), 66 en Espa\u00f1a (22,2%), 62 en Turqu\u00eda (20,9%) y 58 en el Reino Unido (19,5%). Los datos de las federaciones proceden de la primera base de datos creada que se construy\u00f3 entre marzo y noviembre de 2018 a partir de la informaci\u00f3n disponible en las p\u00e1ginas web oficiales de las federaciones nacionales deportivas.<\/p>\n\n\n\n<p>El an\u00e1lisis confirma que, en el periodo considerado, las federaciones con una mujer como presidenta son pocas y representan una media del 0,07% de la muestra. El pa\u00eds con m\u00e1s presidentas es el Reino Unido, con 13. Le siguen Espa\u00f1a y Turqu\u00eda, con tres mujeres presidentas. Portugal cuenta con dos (9,1%) e Italia s\u00f3lo registra una (4,5%). La principal conclusi\u00f3n es que el tama\u00f1o de la junta directiva, la diversidad de g\u00e9nero del consejo deportivo y la edad de la organizaci\u00f3n no tienen un efecto significativo sobre el g\u00e9nero de la persona a cargo de la presidencia en las federaciones. Adem\u00e1s, pertenecer a Italia, Portugal o Espa\u00f1a, y tomar como referencia el Reino Unido, afecta negativamente a las probabilidades de tener una mujer como presidenta de una junta directiva corporativa.<\/p>\n\n\n\n<p>El estudio contribuye sustancialmente tanto a la literatura orientada al g\u00e9nero como a constituir una base de informaci\u00f3n esencial para las instancias pol\u00edticas. En cuanto a la contribuci\u00f3n a la literatura, hay que se\u00f1alar que \u00e9sta siempre ha encontrado en contextos distintos al deportivo que las tres variables consideradas influyen de alguna manera en el g\u00e9nero de los cargos directivos. Nuestro estudio halla, en cambio, que no producen efectos en las federaciones deportivas, lo que pone de relieve que \u00e9stas tienen caracter\u00edsticas peculiares en comparaci\u00f3n con otros tipos de organizaciones.<\/p>\n\n\n\n<p>Este mismo resultado sugiere que quienes elaboran las pol\u00edticas adoptan pol\u00edticas de g\u00e9nero m\u00e1s radicales en el sector deportivo que en otros sectores. Esta conclusi\u00f3n se deriva de la reflexi\u00f3n de que la presidencia en este tipo de organizaciones deportivas tiene evidentemente un significado simb\u00f3lico m\u00e1s fuerte vinculado a la masculinidad que en otros contextos organizativos. Sobre todo, el hecho de que no se haya encontrado una relaci\u00f3n significativa con la diversidad de g\u00e9nero dentro de la junta directiva de la federaci\u00f3n sugiere que la representaci\u00f3n social de una mujer directiva es diferente a la de una mujer presidenta de la federaci\u00f3n. En consecuencia, las razones para contar con mujeres en la junta directiva de la federaci\u00f3n son significativamente diferentes de los motivos para que una mujer sea presidenta.<\/p>\n\n\n\n<p>Puede descargarse una versi\u00f3n preliminar de este art\u00edculo en <a href=\"https:\/\/zenodo.org\/record\/6834672#.YxXLIS8lNqt\">zenodo<\/a>, y en <a href=\"https:\/\/www.researchgate.net\/publication\/362381737_Female_chairs_on_the_Boards_of_European_National_Sports_Federations_A_Comparative_Study\">researchgate<\/a>. La referencia del art\u00edculo es:<\/p>\n\n\n\n<p><strong>Female Chairs on the Boards of European National Sports Federations: A Comparative Study. DOI: 10.5281\/zenodo.6834672<\/strong><\/p>\n\n\n\n<div class=\"wp-container-1 wp-block-buttons\">\n<div class=\"wp-block-button\"><a class=\"wp-block-button__link\" href=\"https:\/\/zenodo.org\/record\/6957060#.YupCBexBz0o\">zenodo<\/a><\/div>\n\n\n\n<div class=\"wp-block-button\"><a class=\"wp-block-button__link\">researchgate<\/a><\/div>\n<\/div>\n","protected":false},"excerpt":{"rendered":"<p>Este art\u00edculo compara los cinco pa\u00edses participantes en el proyecto GESPORT (Italia, Portugal, Espa\u00f1a, Turqu\u00eda y el Reino Unido) en cuanto a la presencia de mujeres en el papel de presidentas de las federaciones deportivas nacionales. Tambi\u00e9n pretende comprobar si algunas variables organizativas de las federaciones, concretamente el tama\u00f1o de la junta directiva de la &hellip;<\/p>\n<p class=\"read-more\"> <a class=\"\" href=\"https:\/\/gesport.unizar.es\/es\/6-article-female-chairs-in-the-boards-of-european-nsfs-a-comparative-study\/\"> <span class=\"screen-reader-text\">Art\u00edculo: Mujeres presidentas en las juntas directivas de las federaciones nacionales deportivas europeas: un estudio comparativo<\/span> Leer m\u00e1s &raquo;<\/a><\/p>\n","protected":false},"author":3,"featured_media":0,"parent":0,"menu_order":0,"comment_status":"closed","ping_status":"closed","template":"","meta":{"site-sidebar-layout":"default","site-content-layout":"default","ast-global-header-display":"","ast-main-header-display":"","ast-hfb-above-header-display":"","ast-hfb-below-header-display":"","ast-hfb-mobile-header-display":"","site-post-title":"","ast-breadcrumbs-content":"","ast-featured-img":"","footer-sml-layout":"","theme-transparent-header-meta":"","adv-header-id-meta":"","stick-header-meta":"","header-above-stick-meta":"","header-main-stick-meta":"","header-below-stick-meta":""},"translation":{"provider":"WPGlobus","version":"2.10.4","language":"es","enabled_languages":["gb","es","tr","it","pt"],"languages":{"gb":{"title":true,"content":true,"excerpt":false},"es":{"title":true,"content":true,"excerpt":false},"tr":{"title":true,"content":true,"excerpt":false},"it":{"title":true,"content":true,"excerpt":false},"pt":{"title":true,"content":true,"excerpt":false}}},"yoast_head":"<!-- This site is optimized with the Yoast SEO plugin v19.7.1 - https:\/\/yoast.com\/wordpress\/plugins\/seo\/ -->\n<title>Art\u00edculo: Mujeres presidentas en las juntas directivas de las federaciones nacionales deportivas europeas: un estudio comparativo - GESPORT+ educa<\/title>\n<meta name=\"robots\" content=\"index, follow, max-snippet:-1, max-image-preview:large, max-video-preview:-1\" \/>\n<link rel=\"canonical\" href=\"https:\/\/gesport.unizar.es\/6-article-female-chairs-in-the-boards-of-european-nsfs-a-comparative-study\/\" \/>\n<meta property=\"og:locale\" content=\"es_ES\" \/>\n<meta property=\"og:type\" content=\"article\" \/>\n<meta property=\"og:title\" content=\"Art\u00edculo: Mujeres presidentas en las juntas directivas de las federaciones nacionales deportivas europeas: un estudio comparativo - GESPORT+ educa\" \/>\n<meta property=\"og:url\" content=\"https:\/\/gesport.unizar.es\/6-article-female-chairs-in-the-boards-of-european-nsfs-a-comparative-study\/\" \/>\n<meta property=\"og:site_name\" content=\"GESPORT+ educa\" \/>\n<meta property=\"article:modified_time\" content=\"2022-10-01T22:27:03+00:00\" \/>\n<meta name=\"twitter:card\" content=\"summary_large_image\" \/>\n<meta name=\"twitter:label1\" content=\"Tiempo de lectura\" \/>\n\t<meta name=\"twitter:data1\" content=\"4 minutos\" \/>\n<script type=\"application\/ld+json\" class=\"yoast-schema-graph\">{\"@context\":\"https:\/\/schema.org\",\"@graph\":[{\"@type\":\"WebPage\",\"@id\":\"https:\/\/gesport.unizar.es\/6-article-female-chairs-in-the-boards-of-european-nsfs-a-comparative-study\/\",\"url\":\"https:\/\/gesport.unizar.es\/6-article-female-chairs-in-the-boards-of-european-nsfs-a-comparative-study\/\",\"name\":\"Art\u00edculo: Mujeres presidentas en las juntas directivas de las federaciones nacionales deportivas europeas: un estudio comparativo - GESPORT+ educa\",\"isPartOf\":{\"@id\":\"https:\/\/gesport.unizar.es\/#website\"},\"datePublished\":\"2022-08-02T11:23:05+00:00\",\"dateModified\":\"2022-10-01T22:27:03+00:00\",\"breadcrumb\":{\"@id\":\"https:\/\/gesport.unizar.es\/6-article-female-chairs-in-the-boards-of-european-nsfs-a-comparative-study\/#breadcrumb\"},\"inLanguage\":\"es\",\"potentialAction\":[{\"@type\":\"ReadAction\",\"target\":[\"https:\/\/gesport.unizar.es\/6-article-female-chairs-in-the-boards-of-european-nsfs-a-comparative-study\/\"]}]},{\"@type\":\"BreadcrumbList\",\"@id\":\"https:\/\/gesport.unizar.es\/6-article-female-chairs-in-the-boards-of-european-nsfs-a-comparative-study\/#breadcrumb\",\"itemListElement\":[{\"@type\":\"ListItem\",\"position\":1,\"name\":\"Portada\",\"item\":\"https:\/\/gesport.unizar.es\/\"},{\"@type\":\"ListItem\",\"position\":2,\"name\":\"Art\u00edculo: Mujeres presidentas en las juntas directivas de las federaciones nacionales deportivas europeas: un estudio comparativo\"}]},{\"@type\":\"WebSite\",\"@id\":\"https:\/\/gesport.unizar.es\/#website\",\"url\":\"https:\/\/gesport.unizar.es\/\",\"name\":\"GESPORT+\",\"description\":\"GESPORT+ project website. GESPORT+ project seeks to strengthen equality between men and women in decision- making spaces in sports organizations such as the board of directors. \",\"publisher\":{\"@id\":\"https:\/\/gesport.unizar.es\/#organization\"},\"potentialAction\":[{\"@type\":\"SearchAction\",\"target\":{\"@type\":\"EntryPoint\",\"urlTemplate\":\"https:\/\/gesport.unizar.es\/?s={search_term_string}\"},\"query-input\":\"required name=search_term_string\"}],\"inLanguage\":\"es\"},{\"@type\":\"Organization\",\"@id\":\"https:\/\/gesport.unizar.es\/#organization\",\"name\":\"GESPORT Erasmus+\",\"url\":\"https:\/\/gesport.unizar.es\/\",\"sameAs\":[],\"logo\":{\"@type\":\"ImageObject\",\"inLanguage\":\"es\",\"@id\":\"https:\/\/gesport.unizar.es\/#\/schema\/logo\/image\/\",\"url\":\"http:\/\/gesport.unizar.es\/wp-content\/uploads\/2018\/12\/4.jpg\",\"contentUrl\":\"http:\/\/gesport.unizar.es\/wp-content\/uploads\/2018\/12\/4.jpg\",\"width\":400,\"height\":400,\"caption\":\"GESPORT Erasmus+\"},\"image\":{\"@id\":\"https:\/\/gesport.unizar.es\/#\/schema\/logo\/image\/\"}}]}<\/script>\n<!-- \/ Yoast SEO plugin. -->","yoast_head_json":{"title":"Art\u00edculo: Mujeres presidentas en las juntas directivas de las federaciones nacionales deportivas europeas: un estudio comparativo - GESPORT+ educa","robots":{"index":"index","follow":"follow","max-snippet":"max-snippet:-1","max-image-preview":"max-image-preview:large","max-video-preview":"max-video-preview:-1"},"canonical":"https:\/\/gesport.unizar.es\/6-article-female-chairs-in-the-boards-of-european-nsfs-a-comparative-study\/","og_locale":"es_ES","og_type":"article","og_title":"Art\u00edculo: Mujeres presidentas en las juntas directivas de las federaciones nacionales deportivas europeas: un estudio comparativo - GESPORT+ educa","og_url":"https:\/\/gesport.unizar.es\/6-article-female-chairs-in-the-boards-of-european-nsfs-a-comparative-study\/","og_site_name":"GESPORT+ educa","article_modified_time":"2022-10-01T22:27:03+00:00","twitter_card":"summary_large_image","twitter_misc":{"Tiempo de lectura":"4 minutos"},"schema":{"@context":"https:\/\/schema.org","@graph":[{"@type":"WebPage","@id":"https:\/\/gesport.unizar.es\/6-article-female-chairs-in-the-boards-of-european-nsfs-a-comparative-study\/","url":"https:\/\/gesport.unizar.es\/6-article-female-chairs-in-the-boards-of-european-nsfs-a-comparative-study\/","name":"Art\u00edculo: Mujeres presidentas en las juntas directivas de las federaciones nacionales deportivas europeas: un estudio comparativo - GESPORT+ educa","isPartOf":{"@id":"https:\/\/gesport.unizar.es\/#website"},"datePublished":"2022-08-02T11:23:05+00:00","dateModified":"2022-10-01T22:27:03+00:00","breadcrumb":{"@id":"https:\/\/gesport.unizar.es\/6-article-female-chairs-in-the-boards-of-european-nsfs-a-comparative-study\/#breadcrumb"},"inLanguage":"es","potentialAction":[{"@type":"ReadAction","target":["https:\/\/gesport.unizar.es\/6-article-female-chairs-in-the-boards-of-european-nsfs-a-comparative-study\/"]}]},{"@type":"BreadcrumbList","@id":"https:\/\/gesport.unizar.es\/6-article-female-chairs-in-the-boards-of-european-nsfs-a-comparative-study\/#breadcrumb","itemListElement":[{"@type":"ListItem","position":1,"name":"Portada","item":"https:\/\/gesport.unizar.es\/"},{"@type":"ListItem","position":2,"name":"Art\u00edculo: Mujeres presidentas en las juntas directivas de las federaciones nacionales deportivas europeas: un estudio comparativo"}]},{"@type":"WebSite","@id":"https:\/\/gesport.unizar.es\/#website","url":"https:\/\/gesport.unizar.es\/","name":"GESPORT+","description":"GESPORT+ project website. GESPORT+ project seeks to strengthen equality between men and women in decision- making spaces in sports organizations such as the board of directors. ","publisher":{"@id":"https:\/\/gesport.unizar.es\/#organization"},"potentialAction":[{"@type":"SearchAction","target":{"@type":"EntryPoint","urlTemplate":"https:\/\/gesport.unizar.es\/?s={search_term_string}"},"query-input":"required name=search_term_string"}],"inLanguage":"es"},{"@type":"Organization","@id":"https:\/\/gesport.unizar.es\/#organization","name":"GESPORT Erasmus+","url":"https:\/\/gesport.unizar.es\/","sameAs":[],"logo":{"@type":"ImageObject","inLanguage":"es","@id":"https:\/\/gesport.unizar.es\/#\/schema\/logo\/image\/","url":"http:\/\/gesport.unizar.es\/wp-content\/uploads\/2018\/12\/4.jpg","contentUrl":"http:\/\/gesport.unizar.es\/wp-content\/uploads\/2018\/12\/4.jpg","width":400,"height":400,"caption":"GESPORT Erasmus+"},"image":{"@id":"https:\/\/gesport.unizar.es\/#\/schema\/logo\/image\/"}}]}},"_links":{"self":[{"href":"https:\/\/gesport.unizar.es\/es\/wp-json\/wp\/v2\/pages\/8757"}],"collection":[{"href":"https:\/\/gesport.unizar.es\/es\/wp-json\/wp\/v2\/pages"}],"about":[{"href":"https:\/\/gesport.unizar.es\/es\/wp-json\/wp\/v2\/types\/page"}],"author":[{"embeddable":true,"href":"https:\/\/gesport.unizar.es\/es\/wp-json\/wp\/v2\/users\/3"}],"replies":[{"embeddable":true,"href":"https:\/\/gesport.unizar.es\/es\/wp-json\/wp\/v2\/comments?post=8757"}],"version-history":[{"count":27,"href":"https:\/\/gesport.unizar.es\/es\/wp-json\/wp\/v2\/pages\/8757\/revisions"}],"predecessor-version":[{"id":9685,"href":"https:\/\/gesport.unizar.es\/es\/wp-json\/wp\/v2\/pages\/8757\/revisions\/9685"}],"wp:attachment":[{"href":"https:\/\/gesport.unizar.es\/es\/wp-json\/wp\/v2\/media?parent=8757"}],"curies":[{"name":"wp","href":"https:\/\/api.w.org\/{rel}","templated":true}]}}