{"id":6538,"date":"2021-11-17T10:09:49","date_gmt":"2021-11-17T10:09:49","guid":{"rendered":"https:\/\/gesport.unizar.es\/?page_id=6538"},"modified":"2022-10-28T09:48:03","modified_gmt":"2022-10-28T09:48:03","slug":"transnational-meetings","status":"publish","type":"page","link":"https:\/\/gesport.unizar.es\/es\/transnational-meetings\/","title":{"rendered":"REUNIONES TRANSACCIONALES"},"content":{"rendered":"\n<p>Durante el periodo de ejecuci\u00f3n del proyecto, el equipo organiz\u00f3 varias reuniones transnacionales (MT), tanto presenciales como virtuales. Las fechas de las reuniones presenciales se celebraron principalmente de acuerdo con el formulario de solicitud del proyecto. Sin embargo, las reuniones virtuales se organizaron teniendo en cuenta las distintas condiciones, como los horarios de trabajo de los participantes, los d\u00edas de curso, los d\u00edas festivos de cada pa\u00eds, etc. Como resultado, se celebraron nueve reuniones presenciales en los pa\u00edses del proyecto, desde enero de 2018 hasta junio de 2022. Sin embargo, las personas participantes de todas las instituciones no se unieron a algunas reuniones presenciales, ya que estas reuniones se celebraron para realizar entrevistas con las mujeres miembros de las juntas directivas de deportes en los pa\u00edses correspondientes. En estos casos, participaron personas de las instituciones coordinadoras y personas representantes del pa\u00eds en el que se realizaron las entrevistas. Adem\u00e1s, la octava reuni\u00f3n se realiz\u00f3 de forma virtual debido a la pandemia de COVID-19, pero tuvo continuaci\u00f3n presencial para las reuniones relacionadas con las entrevistas una vez que la pandemia lo permiti\u00f3. A continuaci\u00f3n, se presenta m\u00e1s informaci\u00f3n sobre las reuniones presenciales.<\/p>\n\n\n\n<p><strong>RT1<\/strong> <strong>(Reuni\u00f3n inicial transnacional):<\/strong> La instituci\u00f3n que organiz\u00f3 la reuni\u00f3n fue la Universidad de Zaragoza en el campus de Teruel (Espa\u00f1a). Tuvo lugar del 15 al 19 de enero de 2018. Participaron: la coordinadora del proyecto, adem\u00e1s de dos personas participantes en el proyecto de esta instituci\u00f3n; y una la persona representante de cada una de las instituciones socias: Universidad de Minho en Portugal; Universidad de Sakarya en Turqu\u00eda; Universidad de Teramo en Italia; y Universidad de Leicester en el Reino Unido.<\/p>\n\n\n\n<p><strong>RT2<\/strong> <strong>(Segunda reuni\u00f3n transnacional):<\/strong> La instituci\u00f3n anfitriona fue la Universidad de Teramo en Teramo (Italia). La misma se organiz\u00f3 del 10 al 13 de julio de 2018. Asistieron la coordinadora del proyecto y representante de la Universidad de Zaragoza en Espa\u00f1a; la representante de la Universidad de Minho en Portugal; la representante de la Universidad de Sakarya en Turqu\u00eda; la representante de la Universidad de Teramo en Italia; y la representante de la Universidad de Leicester en el Reino Unido.<\/p>\n\n\n\n<p><strong>RT 3 (Tercera reuni\u00f3n transnacional):<\/strong> La instituci\u00f3n anfitriona fue la Universidad de Leicester (Reino Unido). Se celebr\u00f3 del 22 al 25 de enero de 2019. Participaron: la coordinadora del proyecto por parte de la Universidad de Zaragoza en Espa\u00f1a; la representante de la Universidad de Minho en Portugal; la representante de la Universidad de Sakarya en Turqu\u00eda; la representante de la Universidad de Teramo en Italia; y la representante de la Universidad de Leicester en el Reino Unido.<\/p>\n\n\n\n<p><strong>RT 4 (Cuarta reuni\u00f3n transnacional):<\/strong> La instituci\u00f3n anfitriona fue la Universidad de Minho. Se celebr\u00f3 del 9 al 12 de julio de 2019 en Braga (Portugal). Participaron: la coordinadora del proyecto de la Universidad de Zaragoza en Espa\u00f1a; la representante de la Universidad de Minho en Portugal; la representante de la Universidad de Sakarya en Turqu\u00eda; la representante de la Universidad de Teramo en Italia; y la representante de la Universidad de Leicester en el Reino Unido.<\/p>\n\n\n\n<p><strong>RT 5<\/strong> <strong>(Quinta reuni\u00f3n transnacional): <\/strong>La instituci\u00f3n anfitriona fue la Universidad de Minho encargada de llevar a cabo las entrevistas en portugu\u00e9s. Se realiz\u00f3 del 15 al 19 de julio de 2019. Participaron la coordinadora del proyecto y un participante del proyecto de la Universidad de Zaragoza en Espa\u00f1a; y la representante de la Universidad de Minho en Portugal.<\/p>\n\n\n\n<p><strong>RT 6<\/strong> <strong>(Sexta reuni\u00f3n transnacional): <\/strong>La instituci\u00f3n anfitriona fue la Universidad de Teramo. Se celebr\u00f3 del 30 de enero al 7 de febrero de 2020 para realizar las entrevistas en Italia. Participaron la coordinadora del proyecto y un participante del proyecto de la Universidad de Zaragoza en Espa\u00f1a; y la representante de la Universidad de Teramo en Italia. La continuaci\u00f3n de la Sexta TM para grabar las entrevistas fue del 17 al 18 de marzo de 2022, en Italia. Participaron la coordinadora del proyecto, la Universidad de Zaragoza en Espa\u00f1a, y la representante socia de la Universidad de Teramo en Italia.<\/p>\n\n\n\n<p><strong>RT 7 (S\u00e9ptima reuni\u00f3n transnacional):<\/strong> La instituci\u00f3n anfitriona fue la Universidad de Sakarya, en Turqu\u00eda. Se celebr\u00f3 del 2 al 10 de marzo de 2020 para realizar las entrevistas. Participaron la coordinadora del proyecto de la Universidad de Zaragoza en Espa\u00f1a, y la representante de la Universidad de Sakarya en Turqu\u00eda. La continuaci\u00f3n de la s\u00e9ptima MT fue del 9 al 16 de agosto de 2021, para realizar las entrevistas restantes de Turqu\u00eda.<\/p>\n\n\n\n<p><strong>RT 8 (Octava reuni\u00f3n transnacional):<\/strong> Se trata de reuniones virtuales celebradas del 26 de marzo al 9 de abril de 2020. La primera reuni\u00f3n estaba prevista en la Universidad de Leicester (Reino Unido), pero esta reuni\u00f3n presencial fue sustituida por cinco reuniones virtuales en Skype debido a la pandemia. Los participantes: 4 pa\u00edses del proyecto: Universidad de Minho (Portugal), Universidad de Sakarya (Turqu\u00eda), Universidad de Teramo (Portugal) y Universidad de Zaragoza (Espa\u00f1a). La octava reuni\u00f3n del proyecto tuvo dos partes. Mientras que la primera parte fue una reuni\u00f3n con las instituciones mencionadas, la segunda parte fue una reuni\u00f3n entre la Universidad de Leicester y la Universidad de Zaragoza para planificar y realizar las entrevistas en el Reino Unido. Las fechas de las reuniones transnacionales en l\u00ednea fueron: 26 de marzo a 9 de abril de 2020 (26 de marzo: 16:04-19:30; 31 de marzo 17:15-19:30; 1 de abril 11:05-13:30; 2 de abril 15:02-19:00; 9 de abril 16:02-19:00). Para la segunda parte, la universidad anfitriona fue la Universidad de Leicester. Se celebr\u00f3 del 11 al 13 de abril de 2022 para las entrevistas en el Reino Unido. Participaron la coordinadora del proyecto (Universidad de Zaragoza en Espa\u00f1a), el representante la Universidad de Leicester y una investigadora de la Universidad de Leicester. Continuaron los d\u00edas 10, 11, 19 y 20 de mayo, y del 20 al 22 de junio, y participaron la coordinadora y la investigadora de la Universidad de Leicester.<\/p>\n\n\n\n<p><strong>RT 9 (Novena Reuni\u00f3n Transnacional):<\/strong> La instituci\u00f3n anfitriona fue la Universidad de Zaragoza en Teruel (Espa\u00f1a). Se celebr\u00f3 del 24 al 26 de mayo de 2022. Participaron: la coordinadora del proyecto de la Universidad de Zaragoza en Espa\u00f1a; la representante de la Universidad de Minho en Portugal; la representante de la Universidad de Sakarya en Turqu\u00eda; la representante de la Universidad de Teramo en Italia; y dos representantes de la Universidad de Leicester.<\/p>\n\n\n\n<p>Adem\u00e1s de las reuniones transnacionales presenciales, se organizaron casi 50 reuniones virtuales en Skype y Google Meeting desde el 1 de enero de 2018 hasta el 31 de julio de 2022, En las distintas reuniones se han distribuido las responsabilidades y tareas entre los diferentes socios para asegurar el compromiso y la contribuci\u00f3n activa de todas las organizaciones participantes, la persona<\/p>\n","protected":false},"excerpt":{"rendered":"<p>Durante el periodo de ejecuci\u00f3n del proyecto, el equipo organiz\u00f3 varias reuniones transnacionales (MT), tanto presenciales como virtuales. Las fechas de las reuniones presenciales se celebraron principalmente de acuerdo con el formulario de solicitud del proyecto. Sin embargo, las reuniones virtuales se organizaron teniendo en cuenta las distintas condiciones, como los horarios de trabajo de &hellip;<\/p>\n<p class=\"read-more\"> <a class=\"\" href=\"https:\/\/gesport.unizar.es\/es\/transnational-meetings\/\"> <span class=\"screen-reader-text\">REUNIONES TRANSACCIONALES<\/span> Leer m\u00e1s &raquo;<\/a><\/p>\n","protected":false},"author":3,"featured_media":0,"parent":0,"menu_order":0,"comment_status":"closed","ping_status":"closed","template":"","meta":{"site-sidebar-layout":"default","site-content-layout":"default","ast-global-header-display":"","ast-main-header-display":"","ast-hfb-above-header-display":"","ast-hfb-below-header-display":"","ast-hfb-mobile-header-display":"","site-post-title":"","ast-breadcrumbs-content":"","ast-featured-img":"","footer-sml-layout":"","theme-transparent-header-meta":"","adv-header-id-meta":"","stick-header-meta":"","header-above-stick-meta":"","header-main-stick-meta":"","header-below-stick-meta":""},"translation":{"provider":"WPGlobus","version":"2.10.4","language":"es","enabled_languages":["gb","es","tr","it","pt"],"languages":{"gb":{"title":true,"content":true,"excerpt":false},"es":{"title":true,"content":true,"excerpt":false},"tr":{"title":true,"content":true,"excerpt":false},"it":{"title":true,"content":true,"excerpt":false},"pt":{"title":true,"content":true,"excerpt":false}}},"yoast_head":"<!-- This site is optimized with the Yoast SEO plugin v19.7.1 - https:\/\/yoast.com\/wordpress\/plugins\/seo\/ -->\n<title>REUNIONES TRANSACCIONALES - GESPORT+ educa<\/title>\n<meta name=\"robots\" content=\"index, follow, max-snippet:-1, max-image-preview:large, max-video-preview:-1\" \/>\n<link rel=\"canonical\" href=\"https:\/\/gesport.unizar.es\/transnational-meetings\/\" \/>\n<meta property=\"og:locale\" content=\"es_ES\" \/>\n<meta property=\"og:type\" content=\"article\" \/>\n<meta property=\"og:title\" content=\"REUNIONES TRANSACCIONALES - GESPORT+ educa\" \/>\n<meta property=\"og:url\" content=\"https:\/\/gesport.unizar.es\/transnational-meetings\/\" \/>\n<meta property=\"og:site_name\" content=\"GESPORT+ educa\" \/>\n<meta property=\"article:modified_time\" content=\"2022-10-28T09:48:03+00:00\" \/>\n<meta name=\"twitter:card\" content=\"summary_large_image\" \/>\n<meta name=\"twitter:label1\" content=\"Tiempo de lectura\" \/>\n\t<meta name=\"twitter:data1\" content=\"5 minutos\" \/>\n<script type=\"application\/ld+json\" class=\"yoast-schema-graph\">{\"@context\":\"https:\/\/schema.org\",\"@graph\":[{\"@type\":\"WebPage\",\"@id\":\"https:\/\/gesport.unizar.es\/transnational-meetings\/\",\"url\":\"https:\/\/gesport.unizar.es\/transnational-meetings\/\",\"name\":\"REUNIONES TRANSACCIONALES - GESPORT+ educa\",\"isPartOf\":{\"@id\":\"https:\/\/gesport.unizar.es\/#website\"},\"datePublished\":\"2021-11-17T10:09:49+00:00\",\"dateModified\":\"2022-10-28T09:48:03+00:00\",\"breadcrumb\":{\"@id\":\"https:\/\/gesport.unizar.es\/transnational-meetings\/#breadcrumb\"},\"inLanguage\":\"es\",\"potentialAction\":[{\"@type\":\"ReadAction\",\"target\":[\"https:\/\/gesport.unizar.es\/transnational-meetings\/\"]}]},{\"@type\":\"BreadcrumbList\",\"@id\":\"https:\/\/gesport.unizar.es\/transnational-meetings\/#breadcrumb\",\"itemListElement\":[{\"@type\":\"ListItem\",\"position\":1,\"name\":\"Portada\",\"item\":\"https:\/\/gesport.unizar.es\/\"},{\"@type\":\"ListItem\",\"position\":2,\"name\":\"REUNIONES TRANSACCIONALES\"}]},{\"@type\":\"WebSite\",\"@id\":\"https:\/\/gesport.unizar.es\/#website\",\"url\":\"https:\/\/gesport.unizar.es\/\",\"name\":\"GESPORT+\",\"description\":\"GESPORT+ project website. GESPORT+ project seeks to strengthen equality between men and women in decision- making spaces in sports organizations such as the board of directors. \",\"publisher\":{\"@id\":\"https:\/\/gesport.unizar.es\/#organization\"},\"potentialAction\":[{\"@type\":\"SearchAction\",\"target\":{\"@type\":\"EntryPoint\",\"urlTemplate\":\"https:\/\/gesport.unizar.es\/?s={search_term_string}\"},\"query-input\":\"required name=search_term_string\"}],\"inLanguage\":\"es\"},{\"@type\":\"Organization\",\"@id\":\"https:\/\/gesport.unizar.es\/#organization\",\"name\":\"GESPORT Erasmus+\",\"url\":\"https:\/\/gesport.unizar.es\/\",\"sameAs\":[],\"logo\":{\"@type\":\"ImageObject\",\"inLanguage\":\"es\",\"@id\":\"https:\/\/gesport.unizar.es\/#\/schema\/logo\/image\/\",\"url\":\"http:\/\/gesport.unizar.es\/wp-content\/uploads\/2018\/12\/4.jpg\",\"contentUrl\":\"http:\/\/gesport.unizar.es\/wp-content\/uploads\/2018\/12\/4.jpg\",\"width\":400,\"height\":400,\"caption\":\"GESPORT Erasmus+\"},\"image\":{\"@id\":\"https:\/\/gesport.unizar.es\/#\/schema\/logo\/image\/\"}}]}<\/script>\n<!-- \/ Yoast SEO plugin. -->","yoast_head_json":{"title":"REUNIONES TRANSACCIONALES - GESPORT+ educa","robots":{"index":"index","follow":"follow","max-snippet":"max-snippet:-1","max-image-preview":"max-image-preview:large","max-video-preview":"max-video-preview:-1"},"canonical":"https:\/\/gesport.unizar.es\/transnational-meetings\/","og_locale":"es_ES","og_type":"article","og_title":"REUNIONES TRANSACCIONALES - GESPORT+ educa","og_url":"https:\/\/gesport.unizar.es\/transnational-meetings\/","og_site_name":"GESPORT+ educa","article_modified_time":"2022-10-28T09:48:03+00:00","twitter_card":"summary_large_image","twitter_misc":{"Tiempo de lectura":"5 minutos"},"schema":{"@context":"https:\/\/schema.org","@graph":[{"@type":"WebPage","@id":"https:\/\/gesport.unizar.es\/transnational-meetings\/","url":"https:\/\/gesport.unizar.es\/transnational-meetings\/","name":"REUNIONES TRANSACCIONALES - GESPORT+ educa","isPartOf":{"@id":"https:\/\/gesport.unizar.es\/#website"},"datePublished":"2021-11-17T10:09:49+00:00","dateModified":"2022-10-28T09:48:03+00:00","breadcrumb":{"@id":"https:\/\/gesport.unizar.es\/transnational-meetings\/#breadcrumb"},"inLanguage":"es","potentialAction":[{"@type":"ReadAction","target":["https:\/\/gesport.unizar.es\/transnational-meetings\/"]}]},{"@type":"BreadcrumbList","@id":"https:\/\/gesport.unizar.es\/transnational-meetings\/#breadcrumb","itemListElement":[{"@type":"ListItem","position":1,"name":"Portada","item":"https:\/\/gesport.unizar.es\/"},{"@type":"ListItem","position":2,"name":"REUNIONES TRANSACCIONALES"}]},{"@type":"WebSite","@id":"https:\/\/gesport.unizar.es\/#website","url":"https:\/\/gesport.unizar.es\/","name":"GESPORT+","description":"GESPORT+ project website. GESPORT+ project seeks to strengthen equality between men and women in decision- making spaces in sports organizations such as the board of directors. ","publisher":{"@id":"https:\/\/gesport.unizar.es\/#organization"},"potentialAction":[{"@type":"SearchAction","target":{"@type":"EntryPoint","urlTemplate":"https:\/\/gesport.unizar.es\/?s={search_term_string}"},"query-input":"required name=search_term_string"}],"inLanguage":"es"},{"@type":"Organization","@id":"https:\/\/gesport.unizar.es\/#organization","name":"GESPORT Erasmus+","url":"https:\/\/gesport.unizar.es\/","sameAs":[],"logo":{"@type":"ImageObject","inLanguage":"es","@id":"https:\/\/gesport.unizar.es\/#\/schema\/logo\/image\/","url":"http:\/\/gesport.unizar.es\/wp-content\/uploads\/2018\/12\/4.jpg","contentUrl":"http:\/\/gesport.unizar.es\/wp-content\/uploads\/2018\/12\/4.jpg","width":400,"height":400,"caption":"GESPORT Erasmus+"},"image":{"@id":"https:\/\/gesport.unizar.es\/#\/schema\/logo\/image\/"}}]}},"_links":{"self":[{"href":"https:\/\/gesport.unizar.es\/es\/wp-json\/wp\/v2\/pages\/6538"}],"collection":[{"href":"https:\/\/gesport.unizar.es\/es\/wp-json\/wp\/v2\/pages"}],"about":[{"href":"https:\/\/gesport.unizar.es\/es\/wp-json\/wp\/v2\/types\/page"}],"author":[{"embeddable":true,"href":"https:\/\/gesport.unizar.es\/es\/wp-json\/wp\/v2\/users\/3"}],"replies":[{"embeddable":true,"href":"https:\/\/gesport.unizar.es\/es\/wp-json\/wp\/v2\/comments?post=6538"}],"version-history":[{"count":16,"href":"https:\/\/gesport.unizar.es\/es\/wp-json\/wp\/v2\/pages\/6538\/revisions"}],"predecessor-version":[{"id":10605,"href":"https:\/\/gesport.unizar.es\/es\/wp-json\/wp\/v2\/pages\/6538\/revisions\/10605"}],"wp:attachment":[{"href":"https:\/\/gesport.unizar.es\/es\/wp-json\/wp\/v2\/media?parent=6538"}],"curies":[{"name":"wp","href":"https:\/\/api.w.org\/{rel}","templated":true}]}}