{"id":6536,"date":"2021-11-17T10:09:15","date_gmt":"2021-11-17T10:09:15","guid":{"rendered":"https:\/\/gesport.unizar.es\/?page_id=6536"},"modified":"2025-04-09T15:28:51","modified_gmt":"2025-04-09T15:28:51","slug":"other-events","status":"publish","type":"page","link":"https:\/\/gesport.unizar.es\/es\/other-events\/","title":{"rendered":"EVENTOS:"},"content":{"rendered":"\n<figure class=\"wp-block-image size-full\"><img loading=\"lazy\" width=\"1890\" height=\"2835\" src=\"https:\/\/gesport.unizar.es\/wp-content\/uploads\/2025\/04\/Cartel-10A-ES-1.jpg\" alt=\"\" class=\"wp-image-10951\"\/><\/figure>\n\n\n\n<p class=\"has-white-color has-vivid-purple-background-color has-text-color has-background has-large-font-size\" id=\"block-7f41ffad-f9fd-4a77-b89b-5c95e45a5a8d\" style=\"line-height:1.1\">Presentaci\u00f3n de los resultados del Proyecto GESPORT en el Workshop sobre &#8220;Mujeres y Deporte&#8221; organizado por el Departamento de Pol\u00edtica de Derechos de los Ciudadanos y Asuntos Constitucionales para la Comisi\u00f3n de Derechos de la Mujer e Igualdad de G\u00e9nero, Parlamento Europeo. <\/p>\n\n\n\n<figure class=\"wp-block-image alignwide size-full\"><img loading=\"lazy\" width=\"767\" height=\"511\" src=\"https:\/\/gesport.unizar.es\/wp-content\/uploads\/2025\/04\/1669738606293_20221129_EP-141128A_AHA_024_MOBILE_Diarieo-Teruel.jpg\" alt=\"\" class=\"wp-image-10959\"\/><figcaption>FEMM Committee &#8211; Workshop on Women in Sport. European Parliament, Brussels.  <strong>Tuesday 29 November 2022<\/strong>.<\/figcaption><\/figure>\n\n\n\n<p class=\"has-text-align-center has-white-color has-vivid-purple-background-color has-text-color has-background has-large-font-size\" id=\"block-7f41ffad-f9fd-4a77-b89b-5c95e45a5a8d\" style=\"line-height:1.1\">PROGRAMA <\/p>\n\n\n\n<p class=\"has-text-align-left has-white-color has-vivid-purple-background-color has-text-color has-background has-large-font-size\" id=\"block-7f41ffad-f9fd-4a77-b89b-5c95e45a5a8d\" style=\"line-height:1.1\">15.00 &#8211; 15.03 (3 min): Palabras de presentaci\u00f3n de Robert BIEDRO\u0143, Presidente de la Comisi\u00f3n de Derechos de la Mujer e Igualdad de G\u00e9nero <\/p>\n\n\n\n<p class=\"has-text-align-left has-white-color has-vivid-purple-background-color has-text-color has-background has-large-font-size\" id=\"block-7f41ffad-f9fd-4a77-b89b-5c95e45a5a8d\" style=\"line-height:1.1\">15.03 &#8211; 15.15 (12 min): Presentaci\u00f3n por parte de Emine BOZKURT, Presidenta del Grupo de Alto Nivel sobre la Igualdad de G\u00e9nero en el Deporte de la Comisi\u00f3n Europea, de su reciente publicaci\u00f3n sobre &#8220;Hacia una mayor igualdad de g\u00e9nero en el deporte &#8211; Recomendaciones y plan de acci\u00f3n del Grupo de Alto Nivel sobre la Igualdad de G\u00e9nero en el Deporte (2022)&#8221; <\/p>\n\n\n\n<p class=\"has-text-align-left has-white-color has-vivid-purple-background-color has-text-color has-background has-large-font-size\" id=\"block-7f41ffad-f9fd-4a77-b89b-5c95e45a5a8d\" style=\"line-height:1.1\">15.15 &#8211; 15.27 (12 min): Intervenci\u00f3n de la Dra. Mar\u00eda Luisa ESTEBAN SALVADOR, Universidad de Zaragoza, sobre &#8220;Las mujeres en el gobierno corporativo de las federaciones deportivas nacionales: un enfoque europeo&#8221; <\/p>\n\n\n\n<p class=\"has-text-align-left has-white-color has-vivid-purple-background-color has-text-color has-background has-large-font-size\" id=\"block-7f41ffad-f9fd-4a77-b89b-5c95e45a5a8d\" style=\"line-height:1.1\">15.27 &#8211; 15.57 (30 min): Preguntas y respuestas <\/p>\n\n\n\n<p class=\"has-text-align-left has-white-color has-vivid-purple-background-color has-text-color has-background has-large-font-size\" id=\"block-7f41ffad-f9fd-4a77-b89b-5c95e45a5a8d\" style=\"line-height:1.1\">15.57 &#8211; 16.00 (3 min): Conclusiones de Robert BIEDRO\u0143, Presidente de la Comisi\u00f3n de Derechos de la Mujer e Igualdad de G\u00e9nero<\/p>\n\n\n\n<p><\/p>\n\n\n\n<p>1)&nbsp;<a href=\"https:\/\/youtu.be\/dRlBWcbhsbQ\">V\u00cdDEO DE PRESENTACI\u00d3N_TERAMO<\/a>: <\/p>\n\n\n\n<figure class=\"wp-block-embed is-type-video is-provider-youtube wp-block-embed-youtube wp-embed-aspect-16-9 wp-has-aspect-ratio\"><div class=\"wp-block-embed__wrapper\">\n<div class=\"ast-oembed-container\" style=\"height: 100%;\"><iframe loading=\"lazy\" title=\"VIDEO PRESENTACI\u00d3N TERAMO\" width=\"500\" height=\"281\" src=\"https:\/\/www.youtube.com\/embed\/dRlBWcbhsbQ?feature=oembed\" frameborder=\"0\" allow=\"accelerometer; autoplay; clipboard-write; encrypted-media; gyroscope; picture-in-picture; web-share\" referrerpolicy=\"strict-origin-when-cross-origin\" allowfullscreen><\/iframe><\/div>\n<\/div><\/figure>\n\n\n\n<p>Este v\u00eddeo se realiz\u00f3 durante la Segunda Reuni\u00f3n Transnacional del proyecto en la Universidad de Teramo en julio de 2018. El v\u00eddeo fue realizado por Sergio Pipitone y Sergio De Angelis de la Oficina de Producci\u00f3n de Prensa, Radio y Televisi\u00f3n de la Fundaci\u00f3n de la Universidad de Teramo. El v\u00eddeo resume los momentos del Segundo Encuentro Transnacional que se dedicaron a la difusi\u00f3n del proyecto al p\u00fablico. En concreto, tras una vista panor\u00e1mica del campus de la Universidad de Teramo desde arriba, muestra algunos momentos de la rueda de prensa que el equipo de GESPORT celebr\u00f3 junto con el rector de la Universidad de Teramo, el profesor Luciano D&#8217;Amico. Adem\u00e1s, muestra la visita del equipo del proyecto GESPORT al estudio de grabaci\u00f3n de la Oficina de Producci\u00f3n de Prensa, Radio y Televisi\u00f3n de la Fundaci\u00f3n de la Universidad de Teramo, as\u00ed como la entrevista radiof\u00f3nica que el equipo del proyecto GESPORT concedi\u00f3 al periodista y locutor Sergio Pipitone en Radiofrequenza, la radio de la Universidad de Teramo. En la p\u00e1gina final, el v\u00eddeo muestra los logotipos de todas las instituciones participantes y de la Uni\u00f3n Europea.<\/p>\n\n\n\n<p>2) Presentaci\u00f3n del resumen \u201c<u><a href=\"http:\/\/insight.cumbria.ac.uk\/id\/eprint\/5017\/1\/ICGR19-Booklet-Download.pdf\">Presidentas en las federaciones deportivas en Europa: un estudio comparativo<\/a><\/u>\u201d a la &#8220;International Conference on Gender Research&#8221; (ICGR19) organizada por Ipazia, el Observatorio Cient\u00edfico sobre Cuestiones de G\u00e9nero en la Universidad de Roma Tre, Roma, los d\u00edas 11 y 12 de abril de 2019. El resumen est\u00e1 publicado en la p\u00e1gina 105 del libro del congreso. Lo present\u00f3 Emilia Fernandes.<\/p>\n\n\n\n<p>3) El equipo de GESPORT organiz\u00f3 el Stream <strong>\u201c<\/strong><a href=\"https:\/\/gesport.unizar.es\/wp-content\/uploads\/2022\/02\/Mapping-gender-conformities-challenges-and-changes-in-sport-and-sport-management.pdf\">Mapping gender conformities, challenges and changes in sport and sport management: Policies, contexts, practices, actors, and interactions<\/a><strong>\u201d<\/strong> en la 11<sup>th<\/sup> International Critical Management Conference \u201c<a href=\"https:\/\/business-school.open.ac.uk\/events\/11th-international-critical-management-studies-conference\">PRECARIOUS PRESENTS, OPEN FUTURES<\/a>\u201d. The Open University, Walton Hall, Milton Keynes, Reino Unido del 27 al 29 de junio de 2019. La presidi\u00f3 Charlotte Smith.<\/p>\n\n\n\n<p>3) El equipo de GESPORT particip\u00f3 en los comit\u00e9s organizador y cient\u00edfico de la sexta edici\u00f3n de su Conferencia Anual sobre Diversidad Ling\u00fc\u00edstica (LD6) que se celebr\u00f3 en la Universidad de Zaragoza, Espa\u00f1a, en el Campus de Teruel, del 25 al 29 de septiembre de 2019.<\/p>\n\n\n\n<p>4) Presentaci\u00f3n del resumen &#8220;Explorando la presencia de las mujeres en los \u00f3rganos de gobierno nacionales de las federaciones deportivas en 5 pa\u00edses europeos&#8221;<strong> <\/strong>de la IKSAD 2020: CONFERENCIA DE MUJERES DEL MUNDO en Ankara, Turqu\u00eda durante el 7 y 8 de marzo de 2020. Presentado por Luisa Esteban. El resumen est\u00e1 publicado en la p\u00e1gina 5 del <a href=\"https:\/\/5350ee29-a3ce-4e91-865f-4343795377a4.filesusr.com\/ugd\/614b1f_5521a3c90e004bf1983221223e90a0e4.pdf\">libro de la conferencia<\/a>.<\/p>\n\n\n\n<p>5) Charlotte Smith participante del Reino Unido, dio una <a href=\"https:\/\/www.womeninfootball.co.uk\/news\/2019\/11\/06\/event\/\">charla magistral<\/a> sobre el proyecto en Bournemouth en un evento organizado sobre las mujeres en la gobernanza del deporte el 5 de diciembre de 2019.<\/p>\n\n\n\n<p>6) Presentaci\u00f3n del resumen &#8220;Explorando la presencia de las mujeres en los \u00f3rganos de gobierno nacionales de las federaciones deportivas en 5 pa\u00edses europeos&#8221; de la IKSAD 2020: World Women Conference en Ankara\/Turqu\u00eda el 07-08 de marzo de 2020. Fue presentado por Luisa Esteban. El resumen se encuentra en la p\u00e1gina 5 del <a href=\"https:\/\/5350ee29-a3ce-4e91-865f-4343795377a4.filesusr.com\/ugd\/614b1f_5521a3c90e004bf1983221223e90a0e4.pdf\">libro<\/a>.<\/p>\n\n\n\n<p>7) El proyecto GESPORT fue seleccionado por el Consejo Superior de Deportes (CSD) de Espa\u00f1a para participar en el Primer Seminario Digital &#8220;Presentaci\u00f3n e intercambios de proyectos Erasmus+ Deportes liderados por organizaciones espa\u00f1olas durante el periodo 2016-2019&#8221;. De los 702 deportes concedidos de 2016 a 2019 por la Uni\u00f3n Europea a todos los pa\u00edses europeos, Espa\u00f1a s\u00f3lo recibi\u00f3 financiaci\u00f3n para el 7,25% de todos los proyectos seleccionados (73 proyectos). Del total de estos 73 proyectos, 12 fueron seleccionados para participar en este evento, cuyo objetivo es intercambiar buenas pr\u00e1cticas en proyectos Erasmus+ en Espa\u00f1a, detectar problemas y dificultades a la hora de presentar y seleccionar un proyecto, y reflexionar sobre soluciones para aumentar la ratio de proyectos espa\u00f1oles. Cada responsable de su organizaci\u00f3n present\u00f3 su proyecto, destacando los aspectos clave de su \u00e9xito. Posteriormente, se celebr\u00f3 una mesa redonda en la que se debatieron los obst\u00e1culos en la tramitaci\u00f3n y desarrollo de los proyectos y las posibles soluciones a estos problemas. La Conferencia forma parte de la campa\u00f1a Erasmus+ Infodays 2020. Fue coordinada por la Fundaci\u00f3n Deporte Joven y el CSD. Se cont\u00f3 con la colaboraci\u00f3n de Espa\u00f1a se Mueve. Entre los participantes se encontraba el Jefe del \u00c1rea de Proyectos del Consejo Superior de Deportes (CSD), el Director General de la Agencia Espa\u00f1ola de Protecci\u00f3n de la Salud en el Deporte (AEPSAD), el Director General de la Fundaci\u00f3n Deporte Joven, el Jefe del Servicio de Atenci\u00f3n al Deportista de Alto Nivel &#8211; CSD, y un evaluador, asesor y coordinador de proyectos Erasmus+. Presentado por Luisa Esteban.<\/p>\n\n\n\n<p>8) La Escuela Vasca del Deporte invit\u00f3 a la coordinadora del proyecto GESPORT a realizar una presentaci\u00f3n de algunos resultados del proyecto en el webinar &#8220;Actividad f\u00edsica, deporte y perspectiva de g\u00e9nero&#8221; con el t\u00edtulo &#8220;El gobierno corporativo en las federaciones desde una perspectiva de g\u00e9nero&#8221;, organizado por Jon Iriberri Berrostegieta (17 de diciembre de 2020). Luisa Esteban lo present\u00f3 y el v\u00eddeo se puede ver en <a href=\"https:\/\/www.youtube.com\/watch?v=HTIQd-n8gjo\">Youtube<\/a>.<\/p>\n\n\n\n<figure class=\"wp-block-embed is-type-video is-provider-youtube wp-block-embed-youtube wp-embed-aspect-16-9 wp-has-aspect-ratio\"><div class=\"wp-block-embed__wrapper\">\n<div class=\"ast-oembed-container\" style=\"height: 100%;\"><iframe loading=\"lazy\" title=\"Kirol Eskola | El gobierno corporativo en las federaciones desde una perspectiva de ge\u0301nero\" width=\"500\" height=\"281\" src=\"https:\/\/www.youtube.com\/embed\/HTIQd-n8gjo?feature=oembed\" frameborder=\"0\" allow=\"accelerometer; autoplay; clipboard-write; encrypted-media; gyroscope; picture-in-picture; web-share\" referrerpolicy=\"strict-origin-when-cross-origin\" allowfullscreen><\/iframe><\/div>\n<\/div><\/figure>\n\n\n\n<p>9) Participaci\u00f3n en el <a href=\"https:\/\/www.unite.it\/UniTE\/Archivio_News_3\/_Immagini_di_Donna_webinar_in_occasione_della_giornata_internazionale_della_Donna_Ospite_la_scultrice_Cordelia_von_den_Steinen\">D\u00eda de la Mujer<\/a> en Teramo (8 de marzo de 2021). Fue presentada por Tiziana Di Cimbrini.<\/p>\n\n\n\n<p>10) Presentaci\u00f3n del p\u00f3ster &#8220;Las mujeres en las juntas directivas de los deportes de cinco pa\u00edses europeos: un deporte exploratorio&#8221; <a href=\"https:\/\/conference.researchbib.com\/view\/event\/125014\">ICGR 2022:5th International Conference on Gender Research<\/a>, en Aveiro, Portugal, 28 y 29 de abril de 2022. Fue presentado por Emilia Fernandes.<\/p>\n\n\n\n<p>11) Presentaci\u00f3n de los resultados del proyecto GESPORT en la Universidad de Rennes (Francia), en la Semana Internacional de la Responsabilidad Social y Medioambiental. Del 24 al 28 de octubre de 2022. M\u00e1s informaci\u00f3n en: https:\/\/sirse.sciencesconf.org.\/. Fue presentado por Luisa Esteban.<\/p>\n","protected":false},"excerpt":{"rendered":"<p>Presentaci\u00f3n de los resultados del Proyecto GESPORT en el Workshop sobre &#8220;Mujeres y Deporte&#8221; organizado por el Departamento de Pol\u00edtica de Derechos de los Ciudadanos y Asuntos Constitucionales para la Comisi\u00f3n de Derechos de la Mujer e Igualdad de G\u00e9nero, Parlamento Europeo. PROGRAMA 15.00 &#8211; 15.03 (3 min): Palabras de presentaci\u00f3n de Robert BIEDRO\u0143, Presidente &hellip;<\/p>\n<p class=\"read-more\"> <a class=\"\" href=\"https:\/\/gesport.unizar.es\/es\/other-events\/\"> <span class=\"screen-reader-text\">EVENTOS:<\/span> Leer m\u00e1s &raquo;<\/a><\/p>\n","protected":false},"author":3,"featured_media":0,"parent":0,"menu_order":0,"comment_status":"closed","ping_status":"closed","template":"","meta":{"site-sidebar-layout":"default","site-content-layout":"default","ast-global-header-display":"","ast-main-header-display":"","ast-hfb-above-header-display":"","ast-hfb-below-header-display":"","ast-hfb-mobile-header-display":"","site-post-title":"","ast-breadcrumbs-content":"","ast-featured-img":"","footer-sml-layout":"","theme-transparent-header-meta":"","adv-header-id-meta":"","stick-header-meta":"","header-above-stick-meta":"","header-main-stick-meta":"","header-below-stick-meta":""},"translation":{"provider":"WPGlobus","version":"2.10.4","language":"es","enabled_languages":["gb","es","tr","it","pt"],"languages":{"gb":{"title":true,"content":true,"excerpt":false},"es":{"title":true,"content":true,"excerpt":false},"tr":{"title":true,"content":true,"excerpt":false},"it":{"title":true,"content":true,"excerpt":false},"pt":{"title":true,"content":true,"excerpt":false}}},"yoast_head":"<!-- This site is optimized with the Yoast SEO plugin v19.7.1 - https:\/\/yoast.com\/wordpress\/plugins\/seo\/ -->\n<title>EVENTOS: - GESPORT+ educa<\/title>\n<meta name=\"robots\" content=\"index, follow, max-snippet:-1, max-image-preview:large, max-video-preview:-1\" \/>\n<link rel=\"canonical\" href=\"https:\/\/gesport.unizar.es\/other-events\/\" \/>\n<meta property=\"og:locale\" content=\"es_ES\" \/>\n<meta property=\"og:type\" content=\"article\" \/>\n<meta property=\"og:title\" content=\"EVENTOS: - GESPORT+ educa\" \/>\n<meta property=\"og:url\" content=\"https:\/\/gesport.unizar.es\/other-events\/\" \/>\n<meta property=\"og:site_name\" content=\"GESPORT+ educa\" \/>\n<meta property=\"article:modified_time\" content=\"2025-04-09T15:28:51+00:00\" \/>\n<meta property=\"og:image\" content=\"https:\/\/gesport.unizar.es\/wp-content\/uploads\/2025\/04\/Cartel-10A-ES-1.jpg\" \/>\n<meta name=\"twitter:card\" content=\"summary_large_image\" \/>\n<meta name=\"twitter:label1\" content=\"Tiempo de lectura\" \/>\n\t<meta name=\"twitter:data1\" content=\"5 minutos\" \/>\n<script type=\"application\/ld+json\" class=\"yoast-schema-graph\">{\"@context\":\"https:\/\/schema.org\",\"@graph\":[{\"@type\":\"WebPage\",\"@id\":\"https:\/\/gesport.unizar.es\/other-events\/\",\"url\":\"https:\/\/gesport.unizar.es\/other-events\/\",\"name\":\"EVENTOS: - GESPORT+ educa\",\"isPartOf\":{\"@id\":\"https:\/\/gesport.unizar.es\/#website\"},\"datePublished\":\"2021-11-17T10:09:15+00:00\",\"dateModified\":\"2025-04-09T15:28:51+00:00\",\"breadcrumb\":{\"@id\":\"https:\/\/gesport.unizar.es\/other-events\/#breadcrumb\"},\"inLanguage\":\"es\",\"potentialAction\":[{\"@type\":\"ReadAction\",\"target\":[\"https:\/\/gesport.unizar.es\/other-events\/\"]}]},{\"@type\":\"BreadcrumbList\",\"@id\":\"https:\/\/gesport.unizar.es\/other-events\/#breadcrumb\",\"itemListElement\":[{\"@type\":\"ListItem\",\"position\":1,\"name\":\"Portada\",\"item\":\"https:\/\/gesport.unizar.es\/\"},{\"@type\":\"ListItem\",\"position\":2,\"name\":\"EVENTOS:\"}]},{\"@type\":\"WebSite\",\"@id\":\"https:\/\/gesport.unizar.es\/#website\",\"url\":\"https:\/\/gesport.unizar.es\/\",\"name\":\"GESPORT+\",\"description\":\"GESPORT+ project website. GESPORT+ project seeks to strengthen equality between men and women in decision- making spaces in sports organizations such as the board of directors. \",\"publisher\":{\"@id\":\"https:\/\/gesport.unizar.es\/#organization\"},\"potentialAction\":[{\"@type\":\"SearchAction\",\"target\":{\"@type\":\"EntryPoint\",\"urlTemplate\":\"https:\/\/gesport.unizar.es\/?s={search_term_string}\"},\"query-input\":\"required name=search_term_string\"}],\"inLanguage\":\"es\"},{\"@type\":\"Organization\",\"@id\":\"https:\/\/gesport.unizar.es\/#organization\",\"name\":\"GESPORT Erasmus+\",\"url\":\"https:\/\/gesport.unizar.es\/\",\"sameAs\":[],\"logo\":{\"@type\":\"ImageObject\",\"inLanguage\":\"es\",\"@id\":\"https:\/\/gesport.unizar.es\/#\/schema\/logo\/image\/\",\"url\":\"http:\/\/gesport.unizar.es\/wp-content\/uploads\/2018\/12\/4.jpg\",\"contentUrl\":\"http:\/\/gesport.unizar.es\/wp-content\/uploads\/2018\/12\/4.jpg\",\"width\":400,\"height\":400,\"caption\":\"GESPORT Erasmus+\"},\"image\":{\"@id\":\"https:\/\/gesport.unizar.es\/#\/schema\/logo\/image\/\"}}]}<\/script>\n<!-- \/ Yoast SEO plugin. -->","yoast_head_json":{"title":"EVENTOS: - GESPORT+ educa","robots":{"index":"index","follow":"follow","max-snippet":"max-snippet:-1","max-image-preview":"max-image-preview:large","max-video-preview":"max-video-preview:-1"},"canonical":"https:\/\/gesport.unizar.es\/other-events\/","og_locale":"es_ES","og_type":"article","og_title":"EVENTOS: - GESPORT+ educa","og_url":"https:\/\/gesport.unizar.es\/other-events\/","og_site_name":"GESPORT+ educa","article_modified_time":"2025-04-09T15:28:51+00:00","og_image":[{"url":"https:\/\/gesport.unizar.es\/wp-content\/uploads\/2025\/04\/Cartel-10A-ES-1.jpg"}],"twitter_card":"summary_large_image","twitter_misc":{"Tiempo de lectura":"5 minutos"},"schema":{"@context":"https:\/\/schema.org","@graph":[{"@type":"WebPage","@id":"https:\/\/gesport.unizar.es\/other-events\/","url":"https:\/\/gesport.unizar.es\/other-events\/","name":"EVENTOS: - GESPORT+ educa","isPartOf":{"@id":"https:\/\/gesport.unizar.es\/#website"},"datePublished":"2021-11-17T10:09:15+00:00","dateModified":"2025-04-09T15:28:51+00:00","breadcrumb":{"@id":"https:\/\/gesport.unizar.es\/other-events\/#breadcrumb"},"inLanguage":"es","potentialAction":[{"@type":"ReadAction","target":["https:\/\/gesport.unizar.es\/other-events\/"]}]},{"@type":"BreadcrumbList","@id":"https:\/\/gesport.unizar.es\/other-events\/#breadcrumb","itemListElement":[{"@type":"ListItem","position":1,"name":"Portada","item":"https:\/\/gesport.unizar.es\/"},{"@type":"ListItem","position":2,"name":"EVENTOS:"}]},{"@type":"WebSite","@id":"https:\/\/gesport.unizar.es\/#website","url":"https:\/\/gesport.unizar.es\/","name":"GESPORT+","description":"GESPORT+ project website. GESPORT+ project seeks to strengthen equality between men and women in decision- making spaces in sports organizations such as the board of directors. ","publisher":{"@id":"https:\/\/gesport.unizar.es\/#organization"},"potentialAction":[{"@type":"SearchAction","target":{"@type":"EntryPoint","urlTemplate":"https:\/\/gesport.unizar.es\/?s={search_term_string}"},"query-input":"required name=search_term_string"}],"inLanguage":"es"},{"@type":"Organization","@id":"https:\/\/gesport.unizar.es\/#organization","name":"GESPORT Erasmus+","url":"https:\/\/gesport.unizar.es\/","sameAs":[],"logo":{"@type":"ImageObject","inLanguage":"es","@id":"https:\/\/gesport.unizar.es\/#\/schema\/logo\/image\/","url":"http:\/\/gesport.unizar.es\/wp-content\/uploads\/2018\/12\/4.jpg","contentUrl":"http:\/\/gesport.unizar.es\/wp-content\/uploads\/2018\/12\/4.jpg","width":400,"height":400,"caption":"GESPORT Erasmus+"},"image":{"@id":"https:\/\/gesport.unizar.es\/#\/schema\/logo\/image\/"}}]}},"_links":{"self":[{"href":"https:\/\/gesport.unizar.es\/es\/wp-json\/wp\/v2\/pages\/6536"}],"collection":[{"href":"https:\/\/gesport.unizar.es\/es\/wp-json\/wp\/v2\/pages"}],"about":[{"href":"https:\/\/gesport.unizar.es\/es\/wp-json\/wp\/v2\/types\/page"}],"author":[{"embeddable":true,"href":"https:\/\/gesport.unizar.es\/es\/wp-json\/wp\/v2\/users\/3"}],"replies":[{"embeddable":true,"href":"https:\/\/gesport.unizar.es\/es\/wp-json\/wp\/v2\/comments?post=6536"}],"version-history":[{"count":204,"href":"https:\/\/gesport.unizar.es\/es\/wp-json\/wp\/v2\/pages\/6536\/revisions"}],"predecessor-version":[{"id":10983,"href":"https:\/\/gesport.unizar.es\/es\/wp-json\/wp\/v2\/pages\/6536\/revisions\/10983"}],"wp:attachment":[{"href":"https:\/\/gesport.unizar.es\/es\/wp-json\/wp\/v2\/media?parent=6536"}],"curies":[{"name":"wp","href":"https:\/\/api.w.org\/{rel}","templated":true}]}}