{"id":6505,"date":"2021-11-17T09:36:56","date_gmt":"2021-11-17T09:36:56","guid":{"rendered":"https:\/\/gesport.unizar.es\/?page_id=6505"},"modified":"2023-06-25T16:00:50","modified_gmt":"2023-06-25T16:00:50","slug":"logo-catalog","status":"publish","type":"page","link":"https:\/\/gesport.unizar.es\/es\/logo-catalog\/","title":{"rendered":"Informe de los logos seleccionados: Cat\u00e1logo de Logos"},"content":{"rendered":"\n<div class=\"wp-block-file\"><object class=\"wp-block-file__embed\" data=\"https:\/\/gesport.unizar.es\/wp-content\/uploads\/2023\/06\/GESPORT_logos_catalogue_report-2.pdf\" type=\"application\/pdf\" style=\"width:100%;height:600px\" aria-label=\"Incrustado de GESPORT_logos_catalogue_report.\"><\/object><a id=\"wp-block-file--media-cb3c7d67-b398-4755-81fc-e79a487ba624\" href=\"https:\/\/gesport.unizar.es\/wp-content\/uploads\/2023\/06\/GESPORT_logos_catalogue_report-2.pdf\">GESPORT_logos_catalogue_report<\/a><a href=\"https:\/\/gesport.unizar.es\/wp-content\/uploads\/2023\/06\/GESPORT_logos_catalogue_report-2.pdf\" class=\"wp-block-file__button\" download aria-describedby=\"wp-block-file--media-cb3c7d67-b398-4755-81fc-e79a487ba624\">Descarga<\/a><\/div>\n\n\n\n<p>En el marco del Curso de Verano de la Universidad de Verano de Teruel, se realiz\u00f3 una exposici\u00f3n de los logos tanto para las personas del curso como para otras personas interesadas en ver la exposici\u00f3n.<\/p>\n\n\n\n<p>\u201c<a href=\"https:\/\/gesport.unizar.es\/es\/a-web-page-and-a-logo-to-give-the-greatest-diffusion-to-work\/\">Una p\u00e1gina web y un logo para dar la mayor difusi\u00f3n al trabajo<\/a>\u201d (13 de agosto; 2018)<\/p>\n\n\n\n<p>\u201c<a href=\"https:\/\/gesport.unizar.es\/es\/last-phase-for-the-election-of-the-logo-of-the-european-project-gesport\/\">\u00daltima fase para la elecci\u00f3n del logo del proyecto europeo GESPOR<\/a><a href=\"https:\/\/drive.google.com\/drive\/folders\/1V1P0WIe3EjkGZwbRoU6gHph35EUR1FDR\">T<\/a>\u201d (Diario de Teruel, 22 de mayo; 2018)<\/p>\n\n\n\n<p>&#8220;<a href=\"https:\/\/gesport.unizar.es\/the-uvt-reviews-all-areas-of-the-sport-from-a-gender-perspective\/\">Exhibici\u00f3n de los logos que entraron a concurso<\/a>&#8221; (Diario de Teruel, 11 de septiembre; 2020)<\/p>\n","protected":false},"excerpt":{"rendered":"<p>En el marco del Curso de Verano de la Universidad de Verano de Teruel, se realiz\u00f3 una exposici\u00f3n de los logos tanto para las personas del curso como para otras personas interesadas en ver la exposici\u00f3n. \u201cUna p\u00e1gina web y un logo para dar la mayor difusi\u00f3n al trabajo\u201d (13 de agosto; 2018) \u201c\u00daltima fase &hellip;<\/p>\n<p class=\"read-more\"> <a class=\"\" href=\"https:\/\/gesport.unizar.es\/es\/logo-catalog\/\"> <span class=\"screen-reader-text\">Informe de los logos seleccionados: Cat\u00e1logo de Logos<\/span> Leer m\u00e1s &raquo;<\/a><\/p>\n","protected":false},"author":3,"featured_media":0,"parent":0,"menu_order":0,"comment_status":"closed","ping_status":"closed","template":"","meta":{"site-sidebar-layout":"default","site-content-layout":"default","ast-global-header-display":"","ast-main-header-display":"","ast-hfb-above-header-display":"","ast-hfb-below-header-display":"","ast-hfb-mobile-header-display":"","site-post-title":"","ast-breadcrumbs-content":"","ast-featured-img":"","footer-sml-layout":"","theme-transparent-header-meta":"","adv-header-id-meta":"","stick-header-meta":"","header-above-stick-meta":"","header-main-stick-meta":"","header-below-stick-meta":""},"translation":{"provider":"WPGlobus","version":"2.10.4","language":"es","enabled_languages":["gb","es","tr","it","pt"],"languages":{"gb":{"title":true,"content":true,"excerpt":false},"es":{"title":true,"content":true,"excerpt":false},"tr":{"title":true,"content":true,"excerpt":false},"it":{"title":true,"content":true,"excerpt":false},"pt":{"title":true,"content":true,"excerpt":false}}},"yoast_head":"<!-- This site is optimized with the Yoast SEO plugin v19.7.1 - https:\/\/yoast.com\/wordpress\/plugins\/seo\/ -->\n<title>Informe de los logos seleccionados: Cat\u00e1logo de Logos - GESPORT+ educa<\/title>\n<meta name=\"robots\" content=\"index, follow, max-snippet:-1, max-image-preview:large, max-video-preview:-1\" \/>\n<link rel=\"canonical\" href=\"https:\/\/gesport.unizar.es\/logo-catalog\/\" \/>\n<meta property=\"og:locale\" content=\"es_ES\" \/>\n<meta property=\"og:type\" content=\"article\" \/>\n<meta property=\"og:title\" content=\"Informe de los logos seleccionados: Cat\u00e1logo de Logos - GESPORT+ educa\" \/>\n<meta property=\"og:url\" content=\"https:\/\/gesport.unizar.es\/logo-catalog\/\" \/>\n<meta property=\"og:site_name\" content=\"GESPORT+ educa\" \/>\n<meta property=\"article:modified_time\" content=\"2023-06-25T16:00:50+00:00\" \/>\n<meta name=\"twitter:card\" content=\"summary_large_image\" \/>\n<meta name=\"twitter:label1\" content=\"Tiempo de lectura\" \/>\n\t<meta name=\"twitter:data1\" content=\"1 minuto\" \/>\n<script type=\"application\/ld+json\" class=\"yoast-schema-graph\">{\"@context\":\"https:\/\/schema.org\",\"@graph\":[{\"@type\":\"WebPage\",\"@id\":\"https:\/\/gesport.unizar.es\/logo-catalog\/\",\"url\":\"https:\/\/gesport.unizar.es\/logo-catalog\/\",\"name\":\"Informe de los logos seleccionados: Cat\u00e1logo de Logos - GESPORT+ educa\",\"isPartOf\":{\"@id\":\"https:\/\/gesport.unizar.es\/#website\"},\"datePublished\":\"2021-11-17T09:36:56+00:00\",\"dateModified\":\"2023-06-25T16:00:50+00:00\",\"breadcrumb\":{\"@id\":\"https:\/\/gesport.unizar.es\/logo-catalog\/#breadcrumb\"},\"inLanguage\":\"es\",\"potentialAction\":[{\"@type\":\"ReadAction\",\"target\":[\"https:\/\/gesport.unizar.es\/logo-catalog\/\"]}]},{\"@type\":\"BreadcrumbList\",\"@id\":\"https:\/\/gesport.unizar.es\/logo-catalog\/#breadcrumb\",\"itemListElement\":[{\"@type\":\"ListItem\",\"position\":1,\"name\":\"Portada\",\"item\":\"https:\/\/gesport.unizar.es\/\"},{\"@type\":\"ListItem\",\"position\":2,\"name\":\"Informe de los logos seleccionados: Cat\u00e1logo de Logos\"}]},{\"@type\":\"WebSite\",\"@id\":\"https:\/\/gesport.unizar.es\/#website\",\"url\":\"https:\/\/gesport.unizar.es\/\",\"name\":\"GESPORT+\",\"description\":\"GESPORT+ project website. GESPORT+ project seeks to strengthen equality between men and women in decision- making spaces in sports organizations such as the board of directors. \",\"publisher\":{\"@id\":\"https:\/\/gesport.unizar.es\/#organization\"},\"potentialAction\":[{\"@type\":\"SearchAction\",\"target\":{\"@type\":\"EntryPoint\",\"urlTemplate\":\"https:\/\/gesport.unizar.es\/?s={search_term_string}\"},\"query-input\":\"required name=search_term_string\"}],\"inLanguage\":\"es\"},{\"@type\":\"Organization\",\"@id\":\"https:\/\/gesport.unizar.es\/#organization\",\"name\":\"GESPORT Erasmus+\",\"url\":\"https:\/\/gesport.unizar.es\/\",\"sameAs\":[],\"logo\":{\"@type\":\"ImageObject\",\"inLanguage\":\"es\",\"@id\":\"https:\/\/gesport.unizar.es\/#\/schema\/logo\/image\/\",\"url\":\"http:\/\/gesport.unizar.es\/wp-content\/uploads\/2018\/12\/4.jpg\",\"contentUrl\":\"http:\/\/gesport.unizar.es\/wp-content\/uploads\/2018\/12\/4.jpg\",\"width\":400,\"height\":400,\"caption\":\"GESPORT Erasmus+\"},\"image\":{\"@id\":\"https:\/\/gesport.unizar.es\/#\/schema\/logo\/image\/\"}}]}<\/script>\n<!-- \/ Yoast SEO plugin. -->","yoast_head_json":{"title":"Informe de los logos seleccionados: Cat\u00e1logo de Logos - GESPORT+ educa","robots":{"index":"index","follow":"follow","max-snippet":"max-snippet:-1","max-image-preview":"max-image-preview:large","max-video-preview":"max-video-preview:-1"},"canonical":"https:\/\/gesport.unizar.es\/logo-catalog\/","og_locale":"es_ES","og_type":"article","og_title":"Informe de los logos seleccionados: Cat\u00e1logo de Logos - GESPORT+ educa","og_url":"https:\/\/gesport.unizar.es\/logo-catalog\/","og_site_name":"GESPORT+ educa","article_modified_time":"2023-06-25T16:00:50+00:00","twitter_card":"summary_large_image","twitter_misc":{"Tiempo de lectura":"1 minuto"},"schema":{"@context":"https:\/\/schema.org","@graph":[{"@type":"WebPage","@id":"https:\/\/gesport.unizar.es\/logo-catalog\/","url":"https:\/\/gesport.unizar.es\/logo-catalog\/","name":"Informe de los logos seleccionados: Cat\u00e1logo de Logos - GESPORT+ educa","isPartOf":{"@id":"https:\/\/gesport.unizar.es\/#website"},"datePublished":"2021-11-17T09:36:56+00:00","dateModified":"2023-06-25T16:00:50+00:00","breadcrumb":{"@id":"https:\/\/gesport.unizar.es\/logo-catalog\/#breadcrumb"},"inLanguage":"es","potentialAction":[{"@type":"ReadAction","target":["https:\/\/gesport.unizar.es\/logo-catalog\/"]}]},{"@type":"BreadcrumbList","@id":"https:\/\/gesport.unizar.es\/logo-catalog\/#breadcrumb","itemListElement":[{"@type":"ListItem","position":1,"name":"Portada","item":"https:\/\/gesport.unizar.es\/"},{"@type":"ListItem","position":2,"name":"Informe de los logos seleccionados: Cat\u00e1logo de Logos"}]},{"@type":"WebSite","@id":"https:\/\/gesport.unizar.es\/#website","url":"https:\/\/gesport.unizar.es\/","name":"GESPORT+","description":"GESPORT+ project website. GESPORT+ project seeks to strengthen equality between men and women in decision- making spaces in sports organizations such as the board of directors. ","publisher":{"@id":"https:\/\/gesport.unizar.es\/#organization"},"potentialAction":[{"@type":"SearchAction","target":{"@type":"EntryPoint","urlTemplate":"https:\/\/gesport.unizar.es\/?s={search_term_string}"},"query-input":"required name=search_term_string"}],"inLanguage":"es"},{"@type":"Organization","@id":"https:\/\/gesport.unizar.es\/#organization","name":"GESPORT Erasmus+","url":"https:\/\/gesport.unizar.es\/","sameAs":[],"logo":{"@type":"ImageObject","inLanguage":"es","@id":"https:\/\/gesport.unizar.es\/#\/schema\/logo\/image\/","url":"http:\/\/gesport.unizar.es\/wp-content\/uploads\/2018\/12\/4.jpg","contentUrl":"http:\/\/gesport.unizar.es\/wp-content\/uploads\/2018\/12\/4.jpg","width":400,"height":400,"caption":"GESPORT Erasmus+"},"image":{"@id":"https:\/\/gesport.unizar.es\/#\/schema\/logo\/image\/"}}]}},"_links":{"self":[{"href":"https:\/\/gesport.unizar.es\/es\/wp-json\/wp\/v2\/pages\/6505"}],"collection":[{"href":"https:\/\/gesport.unizar.es\/es\/wp-json\/wp\/v2\/pages"}],"about":[{"href":"https:\/\/gesport.unizar.es\/es\/wp-json\/wp\/v2\/types\/page"}],"author":[{"embeddable":true,"href":"https:\/\/gesport.unizar.es\/es\/wp-json\/wp\/v2\/users\/3"}],"replies":[{"embeddable":true,"href":"https:\/\/gesport.unizar.es\/es\/wp-json\/wp\/v2\/comments?post=6505"}],"version-history":[{"count":86,"href":"https:\/\/gesport.unizar.es\/es\/wp-json\/wp\/v2\/pages\/6505\/revisions"}],"predecessor-version":[{"id":10921,"href":"https:\/\/gesport.unizar.es\/es\/wp-json\/wp\/v2\/pages\/6505\/revisions\/10921"}],"wp:attachment":[{"href":"https:\/\/gesport.unizar.es\/es\/wp-json\/wp\/v2\/media?parent=6505"}],"curies":[{"name":"wp","href":"https:\/\/api.w.org\/{rel}","templated":true}]}}