{"id":6452,"date":"2021-10-25T11:11:34","date_gmt":"2021-10-25T11:11:34","guid":{"rendered":"https:\/\/gesport.unizar.es\/?page_id=6452"},"modified":"2023-06-12T17:07:26","modified_gmt":"2023-06-12T17:07:26","slug":"book-of-abstracts","status":"publish","type":"page","link":"https:\/\/gesport.unizar.es\/es\/book-of-abstracts\/","title":{"rendered":"Libros: Conferencia Internacional ICMPEDS\ufffc"},"content":{"rendered":"\n<figure class=\"wp-block-image size-full\"><img loading=\"lazy\" width=\"3800\" height=\"2850\" src=\"https:\/\/gesport.unizar.es\/wp-content\/uploads\/2022\/09\/2Libros-4.jpg\" alt=\"\" class=\"wp-image-9572\"\/><figcaption>Dise\u00f1adora de la imagen: Marta Burriel Le\u00f3n (2022)<\/figcaption><\/figure>\n\n\n\n<p><em>Libro de res\u00famenes: Conferencia Internacional sobre Perspectivas Multidisciplinarias en la Igualdad y la Diversidad en el Deporte (ICMPEDS)<\/em><\/p>\n\n\n\n<figure class=\"wp-block-image size-large\"><img loading=\"lazy\" width=\"1024\" height=\"683\" src=\"https:\/\/gesport.unizar.es\/wp-content\/uploads\/2022\/02\/LIBROIMAGEN_book_of_abstracts-1024x683.jpg\" alt=\"\" class=\"wp-image-7366\" srcset=\"https:\/\/gesport.unizar.es\/wp-content\/uploads\/2022\/02\/LIBROIMAGEN_book_of_abstracts-1024x683.jpg 1024w, https:\/\/gesport.unizar.es\/wp-content\/uploads\/2022\/02\/LIBROIMAGEN_book_of_abstracts-300x200.jpg 300w, https:\/\/gesport.unizar.es\/wp-content\/uploads\/2022\/02\/LIBROIMAGEN_book_of_abstracts-768x512.jpg 768w, https:\/\/gesport.unizar.es\/wp-content\/uploads\/2022\/02\/LIBROIMAGEN_book_of_abstracts-1536x1024.jpg 1536w, https:\/\/gesport.unizar.es\/wp-content\/uploads\/2022\/02\/LIBROIMAGEN_book_of_abstracts-2048x1365.jpg 2048w, https:\/\/gesport.unizar.es\/wp-content\/uploads\/2022\/02\/LIBROIMAGEN_book_of_abstracts-24x16.jpg 24w, https:\/\/gesport.unizar.es\/wp-content\/uploads\/2022\/02\/LIBROIMAGEN_book_of_abstracts-36x24.jpg 36w, https:\/\/gesport.unizar.es\/wp-content\/uploads\/2022\/02\/LIBROIMAGEN_book_of_abstracts-48x32.jpg 48w\" sizes=\"(max-width: 1024px) 100vw, 1024px\" \/><figcaption>Dise\u00f1adora del libro: Marta Burriel Le\u00f3n (2022)<\/figcaption><\/figure>\n\n\n\n<p>El libro de res\u00famenes (ISBN: 978-84-18321-32-0; DOI: 10.26754\/uz.978-84-18321-32-0) pretende dejar constancia de los trabajos de la Conferencia Internacional sobre &#8220;<a href=\"https:\/\/zaguan.unizar.es\/record\/110748\">Perspectivas Multidisciplinares de la Igualdad y la Diversidad en el Deporte (ICMPEDS)<\/a>&#8220;, organizada por el grupo de investigaci\u00f3n GESPORT con el apoyo del Programa Erasmus+ de la Uni\u00f3n Europea, del 14 al 16 de julio de 2021.<\/p>\n\n\n\n<p>La publicaci\u00f3n de los res\u00famenes tambi\u00e9n permite a quienes no han seguido los trabajos de la conferencia beneficiarse del debate que \u00e9sta ha iniciado sobre una amplia gama de temas relacionados con las cuestiones de g\u00e9nero en el deporte. As\u00ed pues, el libro pretende ser una herramienta a largo plazo para difundir los resultados de la conferencia y sensibilizar al p\u00fablico sobre los temas tratados y en el proyecto GESPORT en general. Se trata de un resultado destinado a ser difundido entre el p\u00fablico en el sentido m\u00e1s amplio posible y, por tanto, no limitado a la comunidad cient\u00edfica.<\/p>\n\n\n\n<p>El libro de res\u00famenes incluye todos los res\u00famenes aceptados y presentados en la Conferencia Internacional (ICMPEDS). La aceptaci\u00f3n de los res\u00famenes fue sometida a un proceso de revisi\u00f3n por parte de las personas que formaron parte del Comit\u00e9 Cient\u00edfico de la Conferencia con el objetivo de excluir las contribuciones que no fueran relevantes para los objetivos del proyecto GESPORT y para los temas tratados en la Conferencia. El grupo de investigaci\u00f3n GESPORT tambi\u00e9n consider\u00f3 la posibilidad de vincular la publicaci\u00f3n de los res\u00famenes a su presentaci\u00f3n efectiva durante la Conferencia para evitar cualquier comportamiento oportunista y garantizar que cada contribuci\u00f3n publicada haya dado lugar realmente a un debate e intercambio de ideas y opiniones durante el transcurso de la Conferencia.<\/p>\n\n\n\n<p>El pr\u00f3logo y la informaci\u00f3n sobre las <a href=\"https:\/\/www.youtube.com\/watch?v=iUKkirToXwY&amp;list=PLhnGL5VosdkkGWWfCm1d4Lbh0qy3m5ZwR&amp;index=2\">sesiones plenarias<\/a> se presentan en todas las lenguas del proyecto (italiano, ingl\u00e9s, espa\u00f1ol, turco y portugu\u00e9s). Los res\u00famenes, divididos en acad\u00e9micos, profesionales, personales e institucionales, se presentan tanto en su idioma original como en ingl\u00e9s para promover la m\u00e1xima difusi\u00f3n posible de los contenidos.<\/p>\n\n\n\n<p>El volumen fue publicado en 2021 por el Servicio de Publicaciones de la Universidad de Zaragoza, en forma de libro electr\u00f3nico y est\u00e1 disponible para su descarga gratuita en la p\u00e1gina web del proyecto GESPORT en el enlace https:\/\/gesport.unizar.es\/it\/book-of-abstracts\/. Por otra parte, el libro de res\u00famenes puede descargarse gratuitamente desde desde el repositorio <a href=\"https:\/\/zaguan.unizar.es\/record\/110748\">ZAGUAN<\/a> de la Universidad de Zaragoza y desde <a href=\"https:\/\/www.researchgate.net\/publication\/359732316_THE_INTERNATIONAL_CONFERENCE_ON_MULTIDISCIPLINARY_PER-_PECTIVES_ON_EQUALITY_AND_DIVERSITY_IN_SPORTS_ICMPEDS_14th_to_the_16th_of_July_2021_Book_of_Abstracts\">ResearchGate<\/a>.<\/p>\n\n\n\n<div class=\"wp-container-1 wp-block-buttons\">\n<div class=\"wp-block-button\"><a class=\"wp-block-button__link\" href=\"https:\/\/zaguan.unizar.es\/record\/110748\">DESCARGAR<\/a><\/div>\n<\/div>\n\n\n\n<p>Hay dos noticias de prensa relacionadas con el libro de res\u00famenes:<\/p>\n\n\n\n<p>\u201c<a href=\"https:\/\/gesport.unizar.es\/es\/the-president-of-the-rowing-federation-has-great-projects-for-this-sport\/\">M\u00e1s de 300 personas participan en el foro sobre igualdad en el deporte. El congresointernacional recibe 150 trabajos de varios pa\u00edses<\/a>\u201d (Alicia Royo, <em>Diario de Teruel<\/em>, 15 de julio de 2021).<\/p>\n\n\n\n<p>\u201c<a href=\"https:\/\/gesport.unizar.es\/wp-content\/uploads\/2020\/04\/200416_t1_2020_ABRIL_16_UVT-1.pdf\">El congreso sobre igualdad en el&nbsp; deporte se pospone<\/a>\u201d (Isabel Mu\u00f1oz, <em>Diario de Teruel<\/em>, 16 de abril de 2020).<\/p>\n\n\n\n<p><em><strong>Libro de art\u00edculos seleccionados: Perspectivas multidisciplinares sobre la igualdad y la diversidad en el deporte<\/strong><\/em><\/p>\n\n\n\n<figure class=\"wp-block-image size-full\"><img loading=\"lazy\" width=\"3750\" height=\"2500\" src=\"https:\/\/gesport.unizar.es\/wp-content\/uploads\/2022\/09\/Abstracs_2-1.jpg\" alt=\"\" class=\"wp-image-9578\"\/><\/figure>\n\n\n\n<p>El libro de ponencias &#8220;Perspectivas multidisciplinares sobre la igualdad y la diversidad en el deporte&#8221; (ISBN: 978-84-18321-44-3, DOI: 10.26754\/uz.978-84-18321-44-3) recoge los mejores trabajos presentados en la Conferencia Internacional del mismo nombre (ICMPEDS) (Imagen 22), organizada por el grupo de investigaci\u00f3n GESPORT con el apoyo del Programa Erasmus+ de la Uni\u00f3n Europea, celebrada del 14 al 16 de julio de 2021.<\/p>\n\n\n\n<p>El libro pretende ser un medio de difusi\u00f3n a largo plazo de las contribuciones cient\u00edficas surgidas de la Conferencia. Por lo tanto, a diferencia del libro de res\u00famenes, cuyo objetivo es dar a conocer al p\u00fablico las presentaciones y est\u00e1 dirigido a una audiencia lo m\u00e1s amplia posible, el libro de ponencias se dirige espec\u00edficamente a la comunidad cient\u00edfica y tiene el prop\u00f3sito de difundir resultados relevantes relacionados con los temas de la Conferencia.<\/p>\n\n\n\n<p>El equipo del proyecto Gesport seleccion\u00f3, de entre todos los res\u00famenes acad\u00e9micos presentados durante la conferencia, aquellos que presentaban un mayor rigor cient\u00edfico y que eran m\u00e1s relevantes para los temas del proyecto. El resultado ha sido que menos del 10% de los res\u00famenes aceptados han sido identificados como dignos de ser publicados una vez desarrollados como art\u00edculos completos.<\/p>\n\n\n\n<p> El libro puede descargarse gratuitamente desde el repositorio <a href=\"https:\/\/zaguan.unizar.es\/record\/110748\"><\/a><a href=\"https:\/\/zaguan.unizar.es\/record\/118606?ln=es\">ZAGUAN<\/a> de la Universidad de Zaragoza. <\/p>\n\n\n\n<div class=\"wp-container-2 wp-block-buttons\">\n<div class=\"wp-block-button\"><a class=\"wp-block-button__link\" href=\"https:\/\/zaguan.unizar.es\/record\/118606?ln=es\">DESCARGAR<\/a><\/div>\n<\/div>\n","protected":false},"excerpt":{"rendered":"<p>Libro de res\u00famenes: Conferencia Internacional sobre Perspectivas Multidisciplinarias en la Igualdad y la Diversidad en el Deporte (ICMPEDS) El libro de res\u00famenes (ISBN: 978-84-18321-32-0; DOI: 10.26754\/uz.978-84-18321-32-0) pretende dejar constancia de los trabajos de la Conferencia Internacional sobre &#8220;Perspectivas Multidisciplinares de la Igualdad y la Diversidad en el Deporte (ICMPEDS)&#8220;, organizada por el grupo de investigaci\u00f3n &hellip;<\/p>\n<p class=\"read-more\"> <a class=\"\" href=\"https:\/\/gesport.unizar.es\/es\/book-of-abstracts\/\"> <span class=\"screen-reader-text\">Libros: Conferencia Internacional ICMPEDS\ufffc<\/span> Leer m\u00e1s &raquo;<\/a><\/p>\n","protected":false},"author":3,"featured_media":0,"parent":0,"menu_order":0,"comment_status":"closed","ping_status":"closed","template":"","meta":{"site-sidebar-layout":"default","site-content-layout":"default","ast-global-header-display":"","ast-main-header-display":"","ast-hfb-above-header-display":"","ast-hfb-below-header-display":"","ast-hfb-mobile-header-display":"","site-post-title":"","ast-breadcrumbs-content":"","ast-featured-img":"","footer-sml-layout":"","theme-transparent-header-meta":"default","adv-header-id-meta":"","stick-header-meta":"","header-above-stick-meta":"","header-main-stick-meta":"","header-below-stick-meta":""},"translation":{"provider":"WPGlobus","version":"2.10.4","language":"es","enabled_languages":["gb","es","tr","it","pt"],"languages":{"gb":{"title":true,"content":true,"excerpt":false},"es":{"title":true,"content":true,"excerpt":false},"tr":{"title":true,"content":true,"excerpt":false},"it":{"title":true,"content":true,"excerpt":false},"pt":{"title":true,"content":true,"excerpt":false}}},"yoast_head":"<!-- This site is optimized with the Yoast SEO plugin v19.7.1 - https:\/\/yoast.com\/wordpress\/plugins\/seo\/ -->\n<title>Libros: Conferencia Internacional ICMPEDS\ufffc - GESPORT+ educa<\/title>\n<meta name=\"robots\" content=\"index, follow, max-snippet:-1, max-image-preview:large, max-video-preview:-1\" \/>\n<link rel=\"canonical\" href=\"https:\/\/gesport.unizar.es\/book-of-abstracts\/\" \/>\n<meta property=\"og:locale\" content=\"es_ES\" \/>\n<meta property=\"og:type\" content=\"article\" \/>\n<meta property=\"og:title\" content=\"Libros: Conferencia Internacional ICMPEDS\ufffc - GESPORT+ educa\" \/>\n<meta property=\"og:url\" content=\"https:\/\/gesport.unizar.es\/book-of-abstracts\/\" \/>\n<meta property=\"og:site_name\" content=\"GESPORT+ educa\" \/>\n<meta property=\"article:modified_time\" content=\"2023-06-12T17:07:26+00:00\" \/>\n<meta property=\"og:image\" content=\"https:\/\/gesport.unizar.es\/wp-content\/uploads\/2022\/09\/2Libros-4.jpg\" \/>\n<meta name=\"twitter:card\" content=\"summary_large_image\" \/>\n<meta name=\"twitter:label1\" content=\"Tiempo de lectura\" \/>\n\t<meta name=\"twitter:data1\" content=\"4 minutos\" \/>\n<script type=\"application\/ld+json\" class=\"yoast-schema-graph\">{\"@context\":\"https:\/\/schema.org\",\"@graph\":[{\"@type\":\"WebPage\",\"@id\":\"https:\/\/gesport.unizar.es\/book-of-abstracts\/\",\"url\":\"https:\/\/gesport.unizar.es\/book-of-abstracts\/\",\"name\":\"Libros: Conferencia Internacional ICMPEDS\ufffc - GESPORT+ educa\",\"isPartOf\":{\"@id\":\"https:\/\/gesport.unizar.es\/#website\"},\"datePublished\":\"2021-10-25T11:11:34+00:00\",\"dateModified\":\"2023-06-12T17:07:26+00:00\",\"breadcrumb\":{\"@id\":\"https:\/\/gesport.unizar.es\/book-of-abstracts\/#breadcrumb\"},\"inLanguage\":\"es\",\"potentialAction\":[{\"@type\":\"ReadAction\",\"target\":[\"https:\/\/gesport.unizar.es\/book-of-abstracts\/\"]}]},{\"@type\":\"BreadcrumbList\",\"@id\":\"https:\/\/gesport.unizar.es\/book-of-abstracts\/#breadcrumb\",\"itemListElement\":[{\"@type\":\"ListItem\",\"position\":1,\"name\":\"Portada\",\"item\":\"https:\/\/gesport.unizar.es\/\"},{\"@type\":\"ListItem\",\"position\":2,\"name\":\"Libros: Conferencia Internacional ICMPEDS\ufffc\"}]},{\"@type\":\"WebSite\",\"@id\":\"https:\/\/gesport.unizar.es\/#website\",\"url\":\"https:\/\/gesport.unizar.es\/\",\"name\":\"GESPORT+\",\"description\":\"GESPORT+ project website. GESPORT+ project seeks to strengthen equality between men and women in decision- making spaces in sports organizations such as the board of directors. \",\"publisher\":{\"@id\":\"https:\/\/gesport.unizar.es\/#organization\"},\"potentialAction\":[{\"@type\":\"SearchAction\",\"target\":{\"@type\":\"EntryPoint\",\"urlTemplate\":\"https:\/\/gesport.unizar.es\/?s={search_term_string}\"},\"query-input\":\"required name=search_term_string\"}],\"inLanguage\":\"es\"},{\"@type\":\"Organization\",\"@id\":\"https:\/\/gesport.unizar.es\/#organization\",\"name\":\"GESPORT Erasmus+\",\"url\":\"https:\/\/gesport.unizar.es\/\",\"sameAs\":[],\"logo\":{\"@type\":\"ImageObject\",\"inLanguage\":\"es\",\"@id\":\"https:\/\/gesport.unizar.es\/#\/schema\/logo\/image\/\",\"url\":\"http:\/\/gesport.unizar.es\/wp-content\/uploads\/2018\/12\/4.jpg\",\"contentUrl\":\"http:\/\/gesport.unizar.es\/wp-content\/uploads\/2018\/12\/4.jpg\",\"width\":400,\"height\":400,\"caption\":\"GESPORT Erasmus+\"},\"image\":{\"@id\":\"https:\/\/gesport.unizar.es\/#\/schema\/logo\/image\/\"}}]}<\/script>\n<!-- \/ Yoast SEO plugin. -->","yoast_head_json":{"title":"Libros: Conferencia Internacional ICMPEDS\ufffc - GESPORT+ educa","robots":{"index":"index","follow":"follow","max-snippet":"max-snippet:-1","max-image-preview":"max-image-preview:large","max-video-preview":"max-video-preview:-1"},"canonical":"https:\/\/gesport.unizar.es\/book-of-abstracts\/","og_locale":"es_ES","og_type":"article","og_title":"Libros: Conferencia Internacional ICMPEDS\ufffc - GESPORT+ educa","og_url":"https:\/\/gesport.unizar.es\/book-of-abstracts\/","og_site_name":"GESPORT+ educa","article_modified_time":"2023-06-12T17:07:26+00:00","og_image":[{"url":"https:\/\/gesport.unizar.es\/wp-content\/uploads\/2022\/09\/2Libros-4.jpg"}],"twitter_card":"summary_large_image","twitter_misc":{"Tiempo de lectura":"4 minutos"},"schema":{"@context":"https:\/\/schema.org","@graph":[{"@type":"WebPage","@id":"https:\/\/gesport.unizar.es\/book-of-abstracts\/","url":"https:\/\/gesport.unizar.es\/book-of-abstracts\/","name":"Libros: Conferencia Internacional ICMPEDS\ufffc - GESPORT+ educa","isPartOf":{"@id":"https:\/\/gesport.unizar.es\/#website"},"datePublished":"2021-10-25T11:11:34+00:00","dateModified":"2023-06-12T17:07:26+00:00","breadcrumb":{"@id":"https:\/\/gesport.unizar.es\/book-of-abstracts\/#breadcrumb"},"inLanguage":"es","potentialAction":[{"@type":"ReadAction","target":["https:\/\/gesport.unizar.es\/book-of-abstracts\/"]}]},{"@type":"BreadcrumbList","@id":"https:\/\/gesport.unizar.es\/book-of-abstracts\/#breadcrumb","itemListElement":[{"@type":"ListItem","position":1,"name":"Portada","item":"https:\/\/gesport.unizar.es\/"},{"@type":"ListItem","position":2,"name":"Libros: Conferencia Internacional ICMPEDS\ufffc"}]},{"@type":"WebSite","@id":"https:\/\/gesport.unizar.es\/#website","url":"https:\/\/gesport.unizar.es\/","name":"GESPORT+","description":"GESPORT+ project website. GESPORT+ project seeks to strengthen equality between men and women in decision- making spaces in sports organizations such as the board of directors. ","publisher":{"@id":"https:\/\/gesport.unizar.es\/#organization"},"potentialAction":[{"@type":"SearchAction","target":{"@type":"EntryPoint","urlTemplate":"https:\/\/gesport.unizar.es\/?s={search_term_string}"},"query-input":"required name=search_term_string"}],"inLanguage":"es"},{"@type":"Organization","@id":"https:\/\/gesport.unizar.es\/#organization","name":"GESPORT Erasmus+","url":"https:\/\/gesport.unizar.es\/","sameAs":[],"logo":{"@type":"ImageObject","inLanguage":"es","@id":"https:\/\/gesport.unizar.es\/#\/schema\/logo\/image\/","url":"http:\/\/gesport.unizar.es\/wp-content\/uploads\/2018\/12\/4.jpg","contentUrl":"http:\/\/gesport.unizar.es\/wp-content\/uploads\/2018\/12\/4.jpg","width":400,"height":400,"caption":"GESPORT Erasmus+"},"image":{"@id":"https:\/\/gesport.unizar.es\/#\/schema\/logo\/image\/"}}]}},"_links":{"self":[{"href":"https:\/\/gesport.unizar.es\/es\/wp-json\/wp\/v2\/pages\/6452"}],"collection":[{"href":"https:\/\/gesport.unizar.es\/es\/wp-json\/wp\/v2\/pages"}],"about":[{"href":"https:\/\/gesport.unizar.es\/es\/wp-json\/wp\/v2\/types\/page"}],"author":[{"embeddable":true,"href":"https:\/\/gesport.unizar.es\/es\/wp-json\/wp\/v2\/users\/3"}],"replies":[{"embeddable":true,"href":"https:\/\/gesport.unizar.es\/es\/wp-json\/wp\/v2\/comments?post=6452"}],"version-history":[{"count":91,"href":"https:\/\/gesport.unizar.es\/es\/wp-json\/wp\/v2\/pages\/6452\/revisions"}],"predecessor-version":[{"id":10831,"href":"https:\/\/gesport.unizar.es\/es\/wp-json\/wp\/v2\/pages\/6452\/revisions\/10831"}],"wp:attachment":[{"href":"https:\/\/gesport.unizar.es\/es\/wp-json\/wp\/v2\/media?parent=6452"}],"curies":[{"name":"wp","href":"https:\/\/api.w.org\/{rel}","templated":true}]}}