{"id":6440,"date":"2021-10-25T11:06:19","date_gmt":"2021-10-25T11:06:19","guid":{"rendered":"https:\/\/gesport.unizar.es\/?page_id=6440"},"modified":"2022-10-05T16:07:40","modified_gmt":"2022-10-05T16:07:40","slug":"final-report","status":"publish","type":"page","link":"https:\/\/gesport.unizar.es\/es\/final-report\/","title":{"rendered":"Libro: Informe Final"},"content":{"rendered":"\n<figure class=\"wp-block-image size-full\"><img loading=\"lazy\" width=\"4000\" height=\"2667\" src=\"https:\/\/gesport.unizar.es\/wp-content\/uploads\/2022\/10\/image-5.png\" alt=\"\" class=\"wp-image-9710\"\/><\/figure>\n\n\n\n<p>El informe final es este manual, cuyo objetivo es proporcionar una mejor comprensi\u00f3n de las diferentes partes del proyecto. Incluye un resumen de los principales resultados del proyecto, as\u00ed como sobre su gesti\u00f3n y difusi\u00f3n. Tambi\u00e9n explica la estructura del sitio web para facilitar la b\u00fasqueda de informaci\u00f3n sobre el proyecto. Contiene enlaces a cada una de las noticias del proyecto, a los eventos multiplicadores, a otros eventos y a v\u00eddeos. Tambi\u00e9n tiene enlaces a las noticias sobre el proyecto en prensa local y nacional, radio y televisi\u00f3n, desde su lanzamiento hasta su finalizaci\u00f3n, en los cinco pa\u00edses que lo conforman.<\/p>\n\n\n\n<p>Todos los resultados se pueden consultar a trav\u00e9s de enlaces y son de libre acceso. Por lo tanto, este manual es una gu\u00eda que explica cada uno de los productos intelectuales a trav\u00e9s de un resumen de los mismos. En cada producto intelectual, hay un enlace para descargar todos los libros, informes, gu\u00edas, art\u00edculos, bases de datos y el cat\u00e1logo de logotipos.<\/p>\n\n\n\n<p>Este libro est\u00e1 traducido a las cinco lenguas del proyecto, y sus referencias son las siguientes:<\/p>\n\n\n\n<p><a href=\"https:\/\/zaguan.unizar.es\/record\/118698\">Corporate governance in sports organizations: A gendered approach. Final report<\/a>. (ISBN: 978-84-18321-53-5; DOI: 10.26754\/uz.978-84-18321-53-5)<\/p>\n\n\n\n<p><a href=\"https:\/\/zaguan.unizar.es\/record\/118697\">Governa\u00e7\u00e3o em organiza\u00e7\u00f5es desportivas: uma perspectiva de g\u00e9nero. Relat\u00f3rio Final<\/a> (ISBN: 978-84-18321-51-1; DOI:10.26754\/uz.978-84-18321-51-1)<\/p>\n\n\n\n<p><a href=\"https:\/\/zaguan.unizar.es\/record\/118695\">La corporate governance nelle organizzazioni sportive: un approccio di genere. Report finale<\/a>. (ISBN: 978-84-18321-52-8; DOI: 10.26754\/uz.978-84-18321-52-8)<\/p>\n\n\n\n<p><a href=\"https:\/\/zaguan.unizar.es\/record\/118696\">El gobierno corporativo en las organizaciones deportivas: un enfoque de g\u00e9nero. Informe final<\/a>. (ISBN: 978-84-18321-54-2, DOI: 10.26754\/uz.978-84-18321-54-2)<\/p>\n\n\n\n<p><a href=\"https:\/\/zaguan.unizar.es\/record\/118757\">Spor organizasyonlar\u0131nda kurumsal y\u00f6netim: Cinsiyete dayal\u0131 bir yakla\u015f\u0131m\u0131. SONU\u00c7<\/a> RAPORU. (ISBN: 978-84-18321-55-9; DOI: 10.26754\/uz.978-84-18321-55-9)<\/p>\n","protected":false},"excerpt":{"rendered":"<p>El informe final es este manual, cuyo objetivo es proporcionar una mejor comprensi\u00f3n de las diferentes partes del proyecto. Incluye un resumen de los principales resultados del proyecto, as\u00ed como sobre su gesti\u00f3n y difusi\u00f3n. Tambi\u00e9n explica la estructura del sitio web para facilitar la b\u00fasqueda de informaci\u00f3n sobre el proyecto. Contiene enlaces a cada &hellip;<\/p>\n<p class=\"read-more\"> <a class=\"\" href=\"https:\/\/gesport.unizar.es\/es\/final-report\/\"> <span class=\"screen-reader-text\">Libro: Informe Final<\/span> Leer m\u00e1s &raquo;<\/a><\/p>\n","protected":false},"author":3,"featured_media":0,"parent":0,"menu_order":0,"comment_status":"closed","ping_status":"closed","template":"","meta":{"site-sidebar-layout":"default","site-content-layout":"default","ast-global-header-display":"","ast-main-header-display":"","ast-hfb-above-header-display":"","ast-hfb-below-header-display":"","ast-hfb-mobile-header-display":"","site-post-title":"","ast-breadcrumbs-content":"","ast-featured-img":"","footer-sml-layout":"","theme-transparent-header-meta":"default","adv-header-id-meta":"","stick-header-meta":"","header-above-stick-meta":"","header-main-stick-meta":"","header-below-stick-meta":""},"translation":{"provider":"WPGlobus","version":"2.10.4","language":"es","enabled_languages":["gb","es","tr","it","pt"],"languages":{"gb":{"title":true,"content":true,"excerpt":false},"es":{"title":true,"content":true,"excerpt":false},"tr":{"title":true,"content":true,"excerpt":false},"it":{"title":true,"content":true,"excerpt":false},"pt":{"title":true,"content":true,"excerpt":false}}},"yoast_head":"<!-- This site is optimized with the Yoast SEO plugin v19.7.1 - https:\/\/yoast.com\/wordpress\/plugins\/seo\/ -->\n<title>Libro: Informe Final - GESPORT+ educa<\/title>\n<meta name=\"robots\" content=\"index, follow, max-snippet:-1, max-image-preview:large, max-video-preview:-1\" \/>\n<link rel=\"canonical\" href=\"https:\/\/gesport.unizar.es\/final-report\/\" \/>\n<meta property=\"og:locale\" content=\"es_ES\" \/>\n<meta property=\"og:type\" content=\"article\" \/>\n<meta property=\"og:title\" content=\"Libro: Informe Final - GESPORT+ educa\" \/>\n<meta property=\"og:url\" content=\"https:\/\/gesport.unizar.es\/final-report\/\" \/>\n<meta property=\"og:site_name\" content=\"GESPORT+ educa\" \/>\n<meta property=\"article:modified_time\" content=\"2022-10-05T16:07:40+00:00\" \/>\n<meta property=\"og:image\" content=\"https:\/\/gesport.unizar.es\/wp-content\/uploads\/2022\/10\/image-5.png\" \/>\n<meta name=\"twitter:card\" content=\"summary_large_image\" \/>\n<meta name=\"twitter:label1\" content=\"Tiempo de lectura\" \/>\n\t<meta name=\"twitter:data1\" content=\"2 minutos\" \/>\n<script type=\"application\/ld+json\" class=\"yoast-schema-graph\">{\"@context\":\"https:\/\/schema.org\",\"@graph\":[{\"@type\":\"WebPage\",\"@id\":\"https:\/\/gesport.unizar.es\/final-report\/\",\"url\":\"https:\/\/gesport.unizar.es\/final-report\/\",\"name\":\"Libro: Informe Final - GESPORT+ educa\",\"isPartOf\":{\"@id\":\"https:\/\/gesport.unizar.es\/#website\"},\"datePublished\":\"2021-10-25T11:06:19+00:00\",\"dateModified\":\"2022-10-05T16:07:40+00:00\",\"breadcrumb\":{\"@id\":\"https:\/\/gesport.unizar.es\/final-report\/#breadcrumb\"},\"inLanguage\":\"es\",\"potentialAction\":[{\"@type\":\"ReadAction\",\"target\":[\"https:\/\/gesport.unizar.es\/final-report\/\"]}]},{\"@type\":\"BreadcrumbList\",\"@id\":\"https:\/\/gesport.unizar.es\/final-report\/#breadcrumb\",\"itemListElement\":[{\"@type\":\"ListItem\",\"position\":1,\"name\":\"Portada\",\"item\":\"https:\/\/gesport.unizar.es\/\"},{\"@type\":\"ListItem\",\"position\":2,\"name\":\"Libro: Informe Final\"}]},{\"@type\":\"WebSite\",\"@id\":\"https:\/\/gesport.unizar.es\/#website\",\"url\":\"https:\/\/gesport.unizar.es\/\",\"name\":\"GESPORT+\",\"description\":\"GESPORT+ project website. GESPORT+ project seeks to strengthen equality between men and women in decision- making spaces in sports organizations such as the board of directors. \",\"publisher\":{\"@id\":\"https:\/\/gesport.unizar.es\/#organization\"},\"potentialAction\":[{\"@type\":\"SearchAction\",\"target\":{\"@type\":\"EntryPoint\",\"urlTemplate\":\"https:\/\/gesport.unizar.es\/?s={search_term_string}\"},\"query-input\":\"required name=search_term_string\"}],\"inLanguage\":\"es\"},{\"@type\":\"Organization\",\"@id\":\"https:\/\/gesport.unizar.es\/#organization\",\"name\":\"GESPORT Erasmus+\",\"url\":\"https:\/\/gesport.unizar.es\/\",\"sameAs\":[],\"logo\":{\"@type\":\"ImageObject\",\"inLanguage\":\"es\",\"@id\":\"https:\/\/gesport.unizar.es\/#\/schema\/logo\/image\/\",\"url\":\"http:\/\/gesport.unizar.es\/wp-content\/uploads\/2018\/12\/4.jpg\",\"contentUrl\":\"http:\/\/gesport.unizar.es\/wp-content\/uploads\/2018\/12\/4.jpg\",\"width\":400,\"height\":400,\"caption\":\"GESPORT Erasmus+\"},\"image\":{\"@id\":\"https:\/\/gesport.unizar.es\/#\/schema\/logo\/image\/\"}}]}<\/script>\n<!-- \/ Yoast SEO plugin. -->","yoast_head_json":{"title":"Libro: Informe Final - GESPORT+ educa","robots":{"index":"index","follow":"follow","max-snippet":"max-snippet:-1","max-image-preview":"max-image-preview:large","max-video-preview":"max-video-preview:-1"},"canonical":"https:\/\/gesport.unizar.es\/final-report\/","og_locale":"es_ES","og_type":"article","og_title":"Libro: Informe Final - GESPORT+ educa","og_url":"https:\/\/gesport.unizar.es\/final-report\/","og_site_name":"GESPORT+ educa","article_modified_time":"2022-10-05T16:07:40+00:00","og_image":[{"url":"https:\/\/gesport.unizar.es\/wp-content\/uploads\/2022\/10\/image-5.png"}],"twitter_card":"summary_large_image","twitter_misc":{"Tiempo de lectura":"2 minutos"},"schema":{"@context":"https:\/\/schema.org","@graph":[{"@type":"WebPage","@id":"https:\/\/gesport.unizar.es\/final-report\/","url":"https:\/\/gesport.unizar.es\/final-report\/","name":"Libro: Informe Final - GESPORT+ educa","isPartOf":{"@id":"https:\/\/gesport.unizar.es\/#website"},"datePublished":"2021-10-25T11:06:19+00:00","dateModified":"2022-10-05T16:07:40+00:00","breadcrumb":{"@id":"https:\/\/gesport.unizar.es\/final-report\/#breadcrumb"},"inLanguage":"es","potentialAction":[{"@type":"ReadAction","target":["https:\/\/gesport.unizar.es\/final-report\/"]}]},{"@type":"BreadcrumbList","@id":"https:\/\/gesport.unizar.es\/final-report\/#breadcrumb","itemListElement":[{"@type":"ListItem","position":1,"name":"Portada","item":"https:\/\/gesport.unizar.es\/"},{"@type":"ListItem","position":2,"name":"Libro: Informe Final"}]},{"@type":"WebSite","@id":"https:\/\/gesport.unizar.es\/#website","url":"https:\/\/gesport.unizar.es\/","name":"GESPORT+","description":"GESPORT+ project website. GESPORT+ project seeks to strengthen equality between men and women in decision- making spaces in sports organizations such as the board of directors. ","publisher":{"@id":"https:\/\/gesport.unizar.es\/#organization"},"potentialAction":[{"@type":"SearchAction","target":{"@type":"EntryPoint","urlTemplate":"https:\/\/gesport.unizar.es\/?s={search_term_string}"},"query-input":"required name=search_term_string"}],"inLanguage":"es"},{"@type":"Organization","@id":"https:\/\/gesport.unizar.es\/#organization","name":"GESPORT Erasmus+","url":"https:\/\/gesport.unizar.es\/","sameAs":[],"logo":{"@type":"ImageObject","inLanguage":"es","@id":"https:\/\/gesport.unizar.es\/#\/schema\/logo\/image\/","url":"http:\/\/gesport.unizar.es\/wp-content\/uploads\/2018\/12\/4.jpg","contentUrl":"http:\/\/gesport.unizar.es\/wp-content\/uploads\/2018\/12\/4.jpg","width":400,"height":400,"caption":"GESPORT Erasmus+"},"image":{"@id":"https:\/\/gesport.unizar.es\/#\/schema\/logo\/image\/"}}]}},"_links":{"self":[{"href":"https:\/\/gesport.unizar.es\/es\/wp-json\/wp\/v2\/pages\/6440"}],"collection":[{"href":"https:\/\/gesport.unizar.es\/es\/wp-json\/wp\/v2\/pages"}],"about":[{"href":"https:\/\/gesport.unizar.es\/es\/wp-json\/wp\/v2\/types\/page"}],"author":[{"embeddable":true,"href":"https:\/\/gesport.unizar.es\/es\/wp-json\/wp\/v2\/users\/3"}],"replies":[{"embeddable":true,"href":"https:\/\/gesport.unizar.es\/es\/wp-json\/wp\/v2\/comments?post=6440"}],"version-history":[{"count":31,"href":"https:\/\/gesport.unizar.es\/es\/wp-json\/wp\/v2\/pages\/6440\/revisions"}],"predecessor-version":[{"id":9919,"href":"https:\/\/gesport.unizar.es\/es\/wp-json\/wp\/v2\/pages\/6440\/revisions\/9919"}],"wp:attachment":[{"href":"https:\/\/gesport.unizar.es\/es\/wp-json\/wp\/v2\/media?parent=6440"}],"curies":[{"name":"wp","href":"https:\/\/api.w.org\/{rel}","templated":true}]}}