{"id":6429,"date":"2021-10-25T11:00:50","date_gmt":"2021-10-25T11:00:50","guid":{"rendered":"https:\/\/gesport.unizar.es\/?page_id=6429"},"modified":"2022-10-07T12:44:31","modified_gmt":"2022-10-07T12:44:31","slug":"questionnaire","status":"publish","type":"page","link":"https:\/\/gesport.unizar.es\/es\/questionnaire\/","title":{"rendered":"Cuestionario: Igualdad de g\u00e9nero en juntas directivas de las federaciones nacionales deportivas de Europa"},"content":{"rendered":"\n<p>El cuestionario se dise\u00f1\u00f3 para identificar tanto las pol\u00edticas de g\u00e9nero adoptadas por las juntas directivas deportivas como la naturaleza de las relaciones de g\u00e9nero dentro de las federaciones deportivas nacionales. El cuestionario presenta un total de 41 preguntas, algunas de las cuales se inspiran en las cuatro dimensiones de g\u00e9nero recogidas en el modelo de Connell (2002): relaciones de producci\u00f3n, relaciones de poder, relaciones emocionales y dimensiones simb\u00f3licas (Connell, 2002). Estas dimensiones de Connell tambi\u00e9n fueron consideradas en otros estudios centrados en el g\u00e9nero y la gobernanza deportiva (<a href=\"https:\/\/doi.org\/https:\/\/doi.org\/10.1016\/j.smr.2013.01.006\">Adriaanse &amp; Scholfield, 2013<\/a>). &nbsp;El <a href=\"https:\/\/docs.google.com\/forms\/d\/e\/1FAIpQLScX5Nk936sG3e4aK860d_sns2IU-nZksOrXLu9IxT-oS1n4rg\/viewform\">cuestionario<\/a> tambi\u00e9n incluye una serie de preguntas sobre las pol\u00edticas de g\u00e9nero adoptadas por las federaciones nacionales deportivas y una pregunta final sobre los efectos de la Pandemia Covid 19 en la discriminaci\u00f3n de g\u00e9nero. Hemos utilizado escalas tipo likert para obtener una medida de las actitudes y opiniones de los participantes respecto a la igualdad y la inclusi\u00f3n en la gobernanza del deporte.<\/p>\n\n\n\n<p>El cuestionario se elabor\u00f3 con la participaci\u00f3n de todas las personas integrantes del proyecto. Sobre la base de la teor\u00eda de g\u00e9nero, las preguntas se han formulado para abordar varias dimensiones de las relaciones de g\u00e9nero en las federeciones nacionales deportivas y, en particular, para recoger informaci\u00f3n sobre la composici\u00f3n y las caracter\u00edsticas de g\u00e9nero de las juntas directivas &nbsp;y las relaciones entre mujeres y hombres en las mismas.<\/p>\n\n\n\n<p>Tras un primer borrador, el cuestionario fue discutido y revisado varias veces por las cinco investigadoras del proyecto y tambi\u00e9n traducido a los cinco idiomas del mismo. Por \u00faltimo, cada participante realiz\u00f3 una prueba preliminar en cada pa\u00eds con personas relacionadas con la gobernanza del deporte para comprobar la comprensi\u00f3n y la fiabilidad de las preguntas. El cuestionario se distribuy\u00f3 por correo electr\u00f3nico a las federaciones nacionales deportivas, y para ello se utiliz\u00f3 la informaci\u00f3n de contacto de sus p\u00e1ginas web y tambi\u00e9n se enviaron recordatorios solicitando su cumplimentaci\u00f3n. Una de las principales ventajas de utilizar este cuestionario fue que el equipo pudo recopilar respuestas de un n\u00famero relativamente grande de personas y adem\u00e1s hacerlo durante las restricciones de COVID-19. Mediante la elaboraci\u00f3n del cuestionario, el equipo de GESPORT consigui\u00f3 producir una herramienta de investigaci\u00f3n a medida que puede ser utilizada por otras personas en sus estudios.<\/p>\n\n\n\n<p>A continuaci\u00f3n, se muestra el enlace al cuestionario traducido a cada uno de los cinco idiomas del proyecto.<\/p>\n\n\n\n<p><a href=\"https:\/\/docs.google.com\/forms\/d\/e\/1FAIpQLScX5Nk936sG3e4aK860d_sns2IU-nZksOrXLu9IxT-oS1n4rg\/viewform\">INGL\u00c9S<\/a><\/p>\n\n\n\n<p><a href=\"https:\/\/docs.google.com\/forms\/d\/e\/1FAIpQLSeIVJllvksbPH0aE2PW1KPT6kHCt5c-WwIIXVt_t2PKy4yB4g\/viewform\">ITALIANO<\/a><\/p>\n\n\n\n<p><a href=\"https:\/\/docs.google.com\/forms\/d\/e\/1FAIpQLSfd0J-fqxIs00ByzeEdjmetI2tqvv25iL5jm1XKyDX7NbpZkA\/viewform\">PORTUGU\u00c9S<\/a><\/p>\n\n\n\n<p><a href=\"https:\/\/docs.google.com\/forms\/d\/e\/1FAIpQLScuyMpdScjJNh-n7hL9weURKF14J05UU8GKFx2RKLTq_Ccszg\/viewform\">ESPA\u00d1OL<\/a><\/p>\n\n\n\n<p><a href=\"https:\/\/docs.google.com\/forms\/d\/10OT0GeGCG8EtX5PrmLNkHZFGDWE2kDDw-XXR6XBfFXU\/edit\">TURCO<\/a><\/p>\n\n\n\n<p>El enlace para acceder al cuestionario tambi\u00e9n est\u00e1 en:<\/p>\n\n\n\n<div class=\"wp-container-1 wp-block-buttons\">\n<div class=\"wp-block-button\"><a class=\"wp-block-button__link\" href=\"https:\/\/zenodo.org\/record\/6835162#.YtBic-xByi5\"> zenodo<\/a><\/div>\n<\/div>\n\n\n\n<p>Questionnaire: Gender equality in the governing boards of national sports federations of Europe. DOI: 10.5281\/zenodo.6835162 <\/p>\n","protected":false},"excerpt":{"rendered":"<p>El cuestionario se dise\u00f1\u00f3 para identificar tanto las pol\u00edticas de g\u00e9nero adoptadas por las juntas directivas deportivas como la naturaleza de las relaciones de g\u00e9nero dentro de las federaciones deportivas nacionales. El cuestionario presenta un total de 41 preguntas, algunas de las cuales se inspiran en las cuatro dimensiones de g\u00e9nero recogidas en el modelo &hellip;<\/p>\n<p class=\"read-more\"> <a class=\"\" href=\"https:\/\/gesport.unizar.es\/es\/questionnaire\/\"> <span class=\"screen-reader-text\">Cuestionario: Igualdad de g\u00e9nero en juntas directivas de las federaciones nacionales deportivas de Europa<\/span> Leer m\u00e1s &raquo;<\/a><\/p>\n","protected":false},"author":3,"featured_media":0,"parent":0,"menu_order":0,"comment_status":"closed","ping_status":"closed","template":"","meta":{"site-sidebar-layout":"default","site-content-layout":"default","ast-global-header-display":"","ast-main-header-display":"","ast-hfb-above-header-display":"","ast-hfb-below-header-display":"","ast-hfb-mobile-header-display":"","site-post-title":"","ast-breadcrumbs-content":"","ast-featured-img":"","footer-sml-layout":"","theme-transparent-header-meta":"default","adv-header-id-meta":"","stick-header-meta":"","header-above-stick-meta":"","header-main-stick-meta":"","header-below-stick-meta":""},"translation":{"provider":"WPGlobus","version":"2.10.4","language":"es","enabled_languages":["gb","es","tr","it","pt"],"languages":{"gb":{"title":true,"content":true,"excerpt":false},"es":{"title":true,"content":true,"excerpt":false},"tr":{"title":true,"content":true,"excerpt":false},"it":{"title":true,"content":true,"excerpt":false},"pt":{"title":true,"content":true,"excerpt":false}}},"yoast_head":"<!-- This site is optimized with the Yoast SEO plugin v19.7.1 - https:\/\/yoast.com\/wordpress\/plugins\/seo\/ -->\n<title>Cuestionario: Igualdad de g\u00e9nero en juntas directivas de las federaciones nacionales deportivas de Europa - GESPORT+ educa<\/title>\n<meta name=\"robots\" content=\"index, follow, max-snippet:-1, max-image-preview:large, max-video-preview:-1\" \/>\n<link rel=\"canonical\" href=\"https:\/\/gesport.unizar.es\/questionnaire\/\" \/>\n<meta property=\"og:locale\" content=\"es_ES\" \/>\n<meta property=\"og:type\" content=\"article\" \/>\n<meta property=\"og:title\" content=\"Cuestionario: Igualdad de g\u00e9nero en juntas directivas de las federaciones nacionales deportivas de Europa - GESPORT+ educa\" \/>\n<meta property=\"og:url\" content=\"https:\/\/gesport.unizar.es\/questionnaire\/\" \/>\n<meta property=\"og:site_name\" content=\"GESPORT+ educa\" \/>\n<meta property=\"article:modified_time\" content=\"2022-10-07T12:44:31+00:00\" \/>\n<meta name=\"twitter:card\" content=\"summary_large_image\" \/>\n<meta name=\"twitter:label1\" content=\"Tiempo de lectura\" \/>\n\t<meta name=\"twitter:data1\" content=\"2 minutos\" \/>\n<script type=\"application\/ld+json\" class=\"yoast-schema-graph\">{\"@context\":\"https:\/\/schema.org\",\"@graph\":[{\"@type\":\"WebPage\",\"@id\":\"https:\/\/gesport.unizar.es\/questionnaire\/\",\"url\":\"https:\/\/gesport.unizar.es\/questionnaire\/\",\"name\":\"Cuestionario: Igualdad de g\u00e9nero en juntas directivas de las federaciones nacionales deportivas de Europa - GESPORT+ educa\",\"isPartOf\":{\"@id\":\"https:\/\/gesport.unizar.es\/#website\"},\"datePublished\":\"2021-10-25T11:00:50+00:00\",\"dateModified\":\"2022-10-07T12:44:31+00:00\",\"breadcrumb\":{\"@id\":\"https:\/\/gesport.unizar.es\/questionnaire\/#breadcrumb\"},\"inLanguage\":\"es\",\"potentialAction\":[{\"@type\":\"ReadAction\",\"target\":[\"https:\/\/gesport.unizar.es\/questionnaire\/\"]}]},{\"@type\":\"BreadcrumbList\",\"@id\":\"https:\/\/gesport.unizar.es\/questionnaire\/#breadcrumb\",\"itemListElement\":[{\"@type\":\"ListItem\",\"position\":1,\"name\":\"Portada\",\"item\":\"https:\/\/gesport.unizar.es\/\"},{\"@type\":\"ListItem\",\"position\":2,\"name\":\"Cuestionario: Igualdad de g\u00e9nero en juntas directivas de las federaciones nacionales deportivas de Europa\"}]},{\"@type\":\"WebSite\",\"@id\":\"https:\/\/gesport.unizar.es\/#website\",\"url\":\"https:\/\/gesport.unizar.es\/\",\"name\":\"GESPORT+\",\"description\":\"GESPORT+ project website. GESPORT+ project seeks to strengthen equality between men and women in decision- making spaces in sports organizations such as the board of directors. \",\"publisher\":{\"@id\":\"https:\/\/gesport.unizar.es\/#organization\"},\"potentialAction\":[{\"@type\":\"SearchAction\",\"target\":{\"@type\":\"EntryPoint\",\"urlTemplate\":\"https:\/\/gesport.unizar.es\/?s={search_term_string}\"},\"query-input\":\"required name=search_term_string\"}],\"inLanguage\":\"es\"},{\"@type\":\"Organization\",\"@id\":\"https:\/\/gesport.unizar.es\/#organization\",\"name\":\"GESPORT Erasmus+\",\"url\":\"https:\/\/gesport.unizar.es\/\",\"sameAs\":[],\"logo\":{\"@type\":\"ImageObject\",\"inLanguage\":\"es\",\"@id\":\"https:\/\/gesport.unizar.es\/#\/schema\/logo\/image\/\",\"url\":\"http:\/\/gesport.unizar.es\/wp-content\/uploads\/2018\/12\/4.jpg\",\"contentUrl\":\"http:\/\/gesport.unizar.es\/wp-content\/uploads\/2018\/12\/4.jpg\",\"width\":400,\"height\":400,\"caption\":\"GESPORT Erasmus+\"},\"image\":{\"@id\":\"https:\/\/gesport.unizar.es\/#\/schema\/logo\/image\/\"}}]}<\/script>\n<!-- \/ Yoast SEO plugin. -->","yoast_head_json":{"title":"Cuestionario: Igualdad de g\u00e9nero en juntas directivas de las federaciones nacionales deportivas de Europa - GESPORT+ educa","robots":{"index":"index","follow":"follow","max-snippet":"max-snippet:-1","max-image-preview":"max-image-preview:large","max-video-preview":"max-video-preview:-1"},"canonical":"https:\/\/gesport.unizar.es\/questionnaire\/","og_locale":"es_ES","og_type":"article","og_title":"Cuestionario: Igualdad de g\u00e9nero en juntas directivas de las federaciones nacionales deportivas de Europa - GESPORT+ educa","og_url":"https:\/\/gesport.unizar.es\/questionnaire\/","og_site_name":"GESPORT+ educa","article_modified_time":"2022-10-07T12:44:31+00:00","twitter_card":"summary_large_image","twitter_misc":{"Tiempo de lectura":"2 minutos"},"schema":{"@context":"https:\/\/schema.org","@graph":[{"@type":"WebPage","@id":"https:\/\/gesport.unizar.es\/questionnaire\/","url":"https:\/\/gesport.unizar.es\/questionnaire\/","name":"Cuestionario: Igualdad de g\u00e9nero en juntas directivas de las federaciones nacionales deportivas de Europa - GESPORT+ educa","isPartOf":{"@id":"https:\/\/gesport.unizar.es\/#website"},"datePublished":"2021-10-25T11:00:50+00:00","dateModified":"2022-10-07T12:44:31+00:00","breadcrumb":{"@id":"https:\/\/gesport.unizar.es\/questionnaire\/#breadcrumb"},"inLanguage":"es","potentialAction":[{"@type":"ReadAction","target":["https:\/\/gesport.unizar.es\/questionnaire\/"]}]},{"@type":"BreadcrumbList","@id":"https:\/\/gesport.unizar.es\/questionnaire\/#breadcrumb","itemListElement":[{"@type":"ListItem","position":1,"name":"Portada","item":"https:\/\/gesport.unizar.es\/"},{"@type":"ListItem","position":2,"name":"Cuestionario: Igualdad de g\u00e9nero en juntas directivas de las federaciones nacionales deportivas de Europa"}]},{"@type":"WebSite","@id":"https:\/\/gesport.unizar.es\/#website","url":"https:\/\/gesport.unizar.es\/","name":"GESPORT+","description":"GESPORT+ project website. GESPORT+ project seeks to strengthen equality between men and women in decision- making spaces in sports organizations such as the board of directors. ","publisher":{"@id":"https:\/\/gesport.unizar.es\/#organization"},"potentialAction":[{"@type":"SearchAction","target":{"@type":"EntryPoint","urlTemplate":"https:\/\/gesport.unizar.es\/?s={search_term_string}"},"query-input":"required name=search_term_string"}],"inLanguage":"es"},{"@type":"Organization","@id":"https:\/\/gesport.unizar.es\/#organization","name":"GESPORT Erasmus+","url":"https:\/\/gesport.unizar.es\/","sameAs":[],"logo":{"@type":"ImageObject","inLanguage":"es","@id":"https:\/\/gesport.unizar.es\/#\/schema\/logo\/image\/","url":"http:\/\/gesport.unizar.es\/wp-content\/uploads\/2018\/12\/4.jpg","contentUrl":"http:\/\/gesport.unizar.es\/wp-content\/uploads\/2018\/12\/4.jpg","width":400,"height":400,"caption":"GESPORT Erasmus+"},"image":{"@id":"https:\/\/gesport.unizar.es\/#\/schema\/logo\/image\/"}}]}},"_links":{"self":[{"href":"https:\/\/gesport.unizar.es\/es\/wp-json\/wp\/v2\/pages\/6429"}],"collection":[{"href":"https:\/\/gesport.unizar.es\/es\/wp-json\/wp\/v2\/pages"}],"about":[{"href":"https:\/\/gesport.unizar.es\/es\/wp-json\/wp\/v2\/types\/page"}],"author":[{"embeddable":true,"href":"https:\/\/gesport.unizar.es\/es\/wp-json\/wp\/v2\/users\/3"}],"replies":[{"embeddable":true,"href":"https:\/\/gesport.unizar.es\/es\/wp-json\/wp\/v2\/comments?post=6429"}],"version-history":[{"count":31,"href":"https:\/\/gesport.unizar.es\/es\/wp-json\/wp\/v2\/pages\/6429\/revisions"}],"predecessor-version":[{"id":10119,"href":"https:\/\/gesport.unizar.es\/es\/wp-json\/wp\/v2\/pages\/6429\/revisions\/10119"}],"wp:attachment":[{"href":"https:\/\/gesport.unizar.es\/es\/wp-json\/wp\/v2\/media?parent=6429"}],"curies":[{"name":"wp","href":"https:\/\/api.w.org\/{rel}","templated":true}]}}